{"id":13271,"date":"2023-05-23T17:19:01","date_gmt":"2023-05-23T15:19:01","guid":{"rendered":"https:\/\/www.parisheure.com\/?post_type=product&#038;p=13271"},"modified":"2026-01-08T18:05:36","modified_gmt":"2026-01-08T17:05:36","slug":"rolex-submariner-rouge-ref-1680-date-mk6-vanile-from-1975-stock-ph-watches","status":"publish","type":"product","link":"https:\/\/www.parisheure.com\/en\/buy-watch\/rolex-submariner-rouge-ref-1680-date-mk6-vanile-from-1975-stock-ph-watches\/","title":{"rendered":"Rolex submariner rouge ref 1680 date mk6 vanille from 1975"},"content":{"rendered":"<p><strong>Our opinion:<\/strong> A beautiful example of the Submariner vintage date reference 1680, The Rolex Submariner with date and red writing. A must have in a Rolex collection, model produced until 1975, this watch is part of the last mark VI lemrich feet first series, serial number 381XXXX last series of feet first. The watch is in good condition, its original mk6 dial has a beautiful patina turning vanilla with the red clearly visible. The needles are quite matching! Rare watch in this condition because almost all of them were diving at that time. A very beautiful collector's item and in very good condition with its rather rare original folded oyster bracelet.<\/p>","protected":false},"excerpt":{"rendered":"<h4><strong>Very beautiful red Rolex Submariner MK6 ref 1680 with beautiful vanilla patina<\/strong><\/h4>\n<p><strong>Movement\u00a0: <\/strong>Auto cal 1570<\/p>\n<p><strong>Reference:<\/strong>\u00a01680<\/p>\n<p><strong>Diameter\u00a0: <\/strong>40mm<\/p>\n<p><strong>Year:<\/strong>\u00a01974<\/p>\n<p><strong>Serial : <\/strong>381XXX<\/p>\n<p><strong>Case:<\/strong>\u00a0Beautiful case, still thick and with angles still clearly present and chamfers clearly visible. Glasses in good condition. Later insert. No significant visible shocks. The watch has been polished and worn in the past but still retains a beautiful case.<\/p>\n<p><strong>Dial:<\/strong>\u00a0Beautiful original submariner red MK6 dial with a beautiful homogeneous patina turning towards a light vanilla. Very nice overall set. Dial still in good condition. Lemrich M6 series latest production submariner in red.<\/p>\n<p><strong>Bracelet :<\/strong> Rolex original folded steel ref 9315 endlink 358 in good condition<\/p>\n<p><strong>Accessories: <\/strong>None<\/p>","protected":false},"featured_media":12909,"template":"","meta":[],"pwb-brand":[432],"product_brand":[],"product_cat":[368,138,90,244],"product_tag":[136,396,217,347,127,400,101],"class_list":{"0":"post-13271","1":"product","2":"type-product","3":"status-publish","4":"has-post-thumbnail","6":"pwb-brand-rolex","7":"product_cat-montres-ph-watches","8":"product_cat-nouveautes","9":"product_cat-rolex","10":"product_cat-rolex-submariner","11":"product_tag-136","12":"product_tag-396","13":"product_tag-mk6","14":"product_tag-red-submariner","15":"product_tag-rolex","16":"product_tag-vanille","17":"product_tag-vintage","19":"first","20":"instock","21":"shipping-taxable","22":"purchasable","23":"product-type-simple"},"yoast_head":"<!-- This site is optimized with the Yoast SEO plugin v27.4 - https:\/\/yoast.com\/product\/yoast-seo-wordpress\/ -->\n<title>Rolex submariner rouge ref 1680 date mk6 vanille from 1975 &#8226; PARIS HEURE<\/title>\n<meta name=\"description\" content=\"Marque: Rolex Mod\u00e8le: Submariner Mouvement : Auto cal 1570 R\u00e9f\u00e9rence: 1680 Diam\u00e8tre : 40mm Ann\u00e9e: 1974 Serial : 381XXX Boite: Beau boitier encore \u00e9pais\" \/>\n<meta name=\"robots\" content=\"index, follow, max-snippet:-1, max-image-preview:large, max-video-preview:-1\" \/>\n<link rel=\"canonical\" href=\"https:\/\/www.parisheure.com\/en\/buy-watch\/rolex-submariner-rouge-ref-1680-date-mk6-vanile-from-1975-stock-ph-watches\/\" \/>\n<meta property=\"og:locale\" content=\"en_US\" \/>\n<meta property=\"og:type\" content=\"article\" \/>\n<meta property=\"og:title\" content=\"Rolex submariner rouge ref 1680 date mk6 vanille from 1975 &#8226; PARIS HEURE\" \/>\n<meta property=\"og:description\" content=\"Marque: Rolex Mod\u00e8le: Submariner Mouvement : Auto cal 1570 R\u00e9f\u00e9rence: 1680 Diam\u00e8tre : 40mm Ann\u00e9e: 1974 Serial : 381XXX Boite: Beau boitier encore \u00e9pais\" \/>\n<meta property=\"og:url\" content=\"https:\/\/www.parisheure.com\/en\/buy-watch\/rolex-submariner-rouge-ref-1680-date-mk6-vanile-from-1975-stock-ph-watches\/\" \/>\n<meta property=\"og:site_name\" content=\"PARIS HEURE\" \/>\n<meta property=\"article:publisher\" content=\"https:\/\/www.facebook.com\/ParisHeure\" \/>\n<meta property=\"article:modified_time\" content=\"2026-01-08T17:05:36+00:00\" \/>\n<meta property=\"og:image\" content=\"https:\/\/www.parisheure.com\/wp-content\/uploads\/2023\/04\/ROLEX-SUBMARINER-ROUGE-REF-1680-DATE-MK6-LIGHT-VANILLA-N\u00b03816XXX-_0019_Calque-2-scaled.jpg\" \/>\n\t<meta property=\"og:image:width\" content=\"2560\" \/>\n\t<meta property=\"og:image:height\" content=\"2560\" \/>\n\t<meta property=\"og:image:type\" content=\"image\/jpeg\" \/>\n<meta name=\"twitter:card\" content=\"summary_large_image\" \/>\n<script type=\"application\/ld+json\" class=\"yoast-schema-graph\">{\"@context\":\"https:\\\/\\\/schema.org\",\"@graph\":[{\"@type\":\"WebPage\",\"@id\":\"https:\\\/\\\/www.parisheure.com\\\/acheter-montre\\\/rolex-submariner-rouge-ref-1680-date-mk6-vanile-from-1975-stock-ph-watches\\\/\",\"url\":\"https:\\\/\\\/www.parisheure.com\\\/acheter-montre\\\/rolex-submariner-rouge-ref-1680-date-mk6-vanile-from-1975-stock-ph-watches\\\/\",\"name\":\"Rolex submariner rouge ref 1680 date mk6 vanille from 1975 &#8226; PARIS HEURE\",\"isPartOf\":{\"@id\":\"https:\\\/\\\/www.parisheure.com\\\/#website\"},\"primaryImageOfPage\":{\"@id\":\"https:\\\/\\\/www.parisheure.com\\\/acheter-montre\\\/rolex-submariner-rouge-ref-1680-date-mk6-vanile-from-1975-stock-ph-watches\\\/#primaryimage\"},\"image\":{\"@id\":\"https:\\\/\\\/www.parisheure.com\\\/acheter-montre\\\/rolex-submariner-rouge-ref-1680-date-mk6-vanile-from-1975-stock-ph-watches\\\/#primaryimage\"},\"thumbnailUrl\":\"https:\\\/\\\/www.parisheure.com\\\/wp-content\\\/uploads\\\/2023\\\/04\\\/ROLEX-SUBMARINER-ROUGE-REF-1680-DATE-MK6-LIGHT-VANILLA-N\u00b03816XXX-_0019_Calque-2-scaled.jpg\",\"datePublished\":\"2023-05-23T15:19:01+00:00\",\"dateModified\":\"2026-01-08T17:05:36+00:00\",\"description\":\"Marque: Rolex Mod\u00e8le: Submariner Mouvement : Auto cal 1570 R\u00e9f\u00e9rence: 1680 Diam\u00e8tre : 40mm Ann\u00e9e: 1974 Serial : 381XXX Boite: Beau boitier encore \u00e9pais\",\"breadcrumb\":{\"@id\":\"https:\\\/\\\/www.parisheure.com\\\/acheter-montre\\\/rolex-submariner-rouge-ref-1680-date-mk6-vanile-from-1975-stock-ph-watches\\\/#breadcrumb\"},\"inLanguage\":\"en-US\",\"potentialAction\":[{\"@type\":\"ReadAction\",\"target\":[\"https:\\\/\\\/www.parisheure.com\\\/acheter-montre\\\/rolex-submariner-rouge-ref-1680-date-mk6-vanile-from-1975-stock-ph-watches\\\/\"]}]},{\"@type\":\"ImageObject\",\"inLanguage\":\"en-US\",\"@id\":\"https:\\\/\\\/www.parisheure.com\\\/acheter-montre\\\/rolex-submariner-rouge-ref-1680-date-mk6-vanile-from-1975-stock-ph-watches\\\/#primaryimage\",\"url\":\"https:\\\/\\\/www.parisheure.com\\\/wp-content\\\/uploads\\\/2023\\\/04\\\/ROLEX-SUBMARINER-ROUGE-REF-1680-DATE-MK6-LIGHT-VANILLA-N\u00b03816XXX-_0019_Calque-2-scaled.jpg\",\"contentUrl\":\"https:\\\/\\\/www.parisheure.com\\\/wp-content\\\/uploads\\\/2023\\\/04\\\/ROLEX-SUBMARINER-ROUGE-REF-1680-DATE-MK6-LIGHT-VANILLA-N\u00b03816XXX-_0019_Calque-2-scaled.jpg\",\"width\":2560,\"height\":2560},{\"@type\":\"BreadcrumbList\",\"@id\":\"https:\\\/\\\/www.parisheure.com\\\/acheter-montre\\\/rolex-submariner-rouge-ref-1680-date-mk6-vanile-from-1975-stock-ph-watches\\\/#breadcrumb\",\"itemListElement\":[{\"@type\":\"ListItem\",\"position\":1,\"name\":\"Accueil\",\"item\":\"https:\\\/\\\/www.parisheure.com\\\/\"},{\"@type\":\"ListItem\",\"position\":2,\"name\":\"WATCHES\",\"item\":\"https:\\\/\\\/www.parisheure.com\\\/\"},{\"@type\":\"ListItem\",\"position\":3,\"name\":\"Rolex submariner rouge ref 1680 date mk6 vanille from 1975\"}]},{\"@type\":\"WebSite\",\"@id\":\"https:\\\/\\\/www.parisheure.com\\\/#website\",\"url\":\"https:\\\/\\\/www.parisheure.com\\\/\",\"name\":\"PARIS HEURE\",\"description\":\"Vintage watches Paris\",\"publisher\":{\"@id\":\"https:\\\/\\\/www.parisheure.com\\\/#organization\"},\"potentialAction\":[{\"@type\":\"SearchAction\",\"target\":{\"@type\":\"EntryPoint\",\"urlTemplate\":\"https:\\\/\\\/www.parisheure.com\\\/?s={search_term_string}\"},\"query-input\":{\"@type\":\"PropertyValueSpecification\",\"valueRequired\":true,\"valueName\":\"search_term_string\"}}],\"inLanguage\":\"en-US\"},{\"@type\":\"Organization\",\"@id\":\"https:\\\/\\\/www.parisheure.com\\\/#organization\",\"name\":\"PARIS HEURE\",\"url\":\"https:\\\/\\\/www.parisheure.com\\\/\",\"logo\":{\"@type\":\"ImageObject\",\"inLanguage\":\"en-US\",\"@id\":\"https:\\\/\\\/www.parisheure.com\\\/#\\\/schema\\\/logo\\\/image\\\/\",\"url\":\"https:\\\/\\\/www.parisheure.com\\\/wp-content\\\/uploads\\\/2021\\\/07\\\/cropped-logo-paris-heure.png\",\"contentUrl\":\"https:\\\/\\\/www.parisheure.com\\\/wp-content\\\/uploads\\\/2021\\\/07\\\/cropped-logo-paris-heure.png\",\"width\":512,\"height\":512,\"caption\":\"PARIS HEURE\"},\"image\":{\"@id\":\"https:\\\/\\\/www.parisheure.com\\\/#\\\/schema\\\/logo\\\/image\\\/\"},\"sameAs\":[\"https:\\\/\\\/www.facebook.com\\\/ParisHeure\",\"https:\\\/\\\/www.instagram.com\\\/parisheure\\\/\"]}]}<\/script>\n<!-- \/ Yoast SEO plugin. -->","yoast_head_json":{"title":"Rolex submariner rouge ref 1680 date mk6 vanille from 1975 &#8226; PARIS HEURE","description":"Marque: Rolex Mod\u00e8le: Submariner Mouvement : Auto cal 1570 R\u00e9f\u00e9rence: 1680 Diam\u00e8tre : 40mm Ann\u00e9e: 1974 Serial : 381XXX Boite: Beau boitier encore \u00e9pais","robots":{"index":"index","follow":"follow","max-snippet":"max-snippet:-1","max-image-preview":"max-image-preview:large","max-video-preview":"max-video-preview:-1"},"canonical":"https:\/\/www.parisheure.com\/en\/buy-watch\/rolex-submariner-rouge-ref-1680-date-mk6-vanile-from-1975-stock-ph-watches\/","og_locale":"en_US","og_type":"article","og_title":"Rolex submariner rouge ref 1680 date mk6 vanille from 1975 &#8226; PARIS HEURE","og_description":"Marque: Rolex Mod\u00e8le: Submariner Mouvement : Auto cal 1570 R\u00e9f\u00e9rence: 1680 Diam\u00e8tre : 40mm Ann\u00e9e: 1974 Serial : 381XXX Boite: Beau boitier encore \u00e9pais","og_url":"https:\/\/www.parisheure.com\/en\/buy-watch\/rolex-submariner-rouge-ref-1680-date-mk6-vanile-from-1975-stock-ph-watches\/","og_site_name":"PARIS HEURE","article_publisher":"https:\/\/www.facebook.com\/ParisHeure","article_modified_time":"2026-01-08T17:05:36+00:00","og_image":[{"width":2560,"height":2560,"url":"https:\/\/www.parisheure.com\/wp-content\/uploads\/2023\/04\/ROLEX-SUBMARINER-ROUGE-REF-1680-DATE-MK6-LIGHT-VANILLA-N\u00b03816XXX-_0019_Calque-2-scaled.jpg","type":"image\/jpeg"}],"twitter_card":"summary_large_image","schema":{"@context":"https:\/\/schema.org","@graph":[{"@type":"WebPage","@id":"https:\/\/www.parisheure.com\/acheter-montre\/rolex-submariner-rouge-ref-1680-date-mk6-vanile-from-1975-stock-ph-watches\/","url":"https:\/\/www.parisheure.com\/acheter-montre\/rolex-submariner-rouge-ref-1680-date-mk6-vanile-from-1975-stock-ph-watches\/","name":"Rolex submariner rouge ref 1680 date mk6 vanille from 1975 &#8226; PARIS HEURE","isPartOf":{"@id":"https:\/\/www.parisheure.com\/#website"},"primaryImageOfPage":{"@id":"https:\/\/www.parisheure.com\/acheter-montre\/rolex-submariner-rouge-ref-1680-date-mk6-vanile-from-1975-stock-ph-watches\/#primaryimage"},"image":{"@id":"https:\/\/www.parisheure.com\/acheter-montre\/rolex-submariner-rouge-ref-1680-date-mk6-vanile-from-1975-stock-ph-watches\/#primaryimage"},"thumbnailUrl":"https:\/\/www.parisheure.com\/wp-content\/uploads\/2023\/04\/ROLEX-SUBMARINER-ROUGE-REF-1680-DATE-MK6-LIGHT-VANILLA-N\u00b03816XXX-_0019_Calque-2-scaled.jpg","datePublished":"2023-05-23T15:19:01+00:00","dateModified":"2026-01-08T17:05:36+00:00","description":"Marque: Rolex Mod\u00e8le: Submariner Mouvement : Auto cal 1570 R\u00e9f\u00e9rence: 1680 Diam\u00e8tre : 40mm Ann\u00e9e: 1974 Serial : 381XXX Boite: Beau boitier encore \u00e9pais","breadcrumb":{"@id":"https:\/\/www.parisheure.com\/acheter-montre\/rolex-submariner-rouge-ref-1680-date-mk6-vanile-from-1975-stock-ph-watches\/#breadcrumb"},"inLanguage":"en-US","potentialAction":[{"@type":"ReadAction","target":["https:\/\/www.parisheure.com\/acheter-montre\/rolex-submariner-rouge-ref-1680-date-mk6-vanile-from-1975-stock-ph-watches\/"]}]},{"@type":"ImageObject","inLanguage":"en-US","@id":"https:\/\/www.parisheure.com\/acheter-montre\/rolex-submariner-rouge-ref-1680-date-mk6-vanile-from-1975-stock-ph-watches\/#primaryimage","url":"https:\/\/www.parisheure.com\/wp-content\/uploads\/2023\/04\/ROLEX-SUBMARINER-ROUGE-REF-1680-DATE-MK6-LIGHT-VANILLA-N\u00b03816XXX-_0019_Calque-2-scaled.jpg","contentUrl":"https:\/\/www.parisheure.com\/wp-content\/uploads\/2023\/04\/ROLEX-SUBMARINER-ROUGE-REF-1680-DATE-MK6-LIGHT-VANILLA-N\u00b03816XXX-_0019_Calque-2-scaled.jpg","width":2560,"height":2560},{"@type":"BreadcrumbList","@id":"https:\/\/www.parisheure.com\/acheter-montre\/rolex-submariner-rouge-ref-1680-date-mk6-vanile-from-1975-stock-ph-watches\/#breadcrumb","itemListElement":[{"@type":"ListItem","position":1,"name":"Accueil","item":"https:\/\/www.parisheure.com\/"},{"@type":"ListItem","position":2,"name":"WATCHES","item":"https:\/\/www.parisheure.com\/"},{"@type":"ListItem","position":3,"name":"Rolex submariner rouge ref 1680 date mk6 vanille from 1975"}]},{"@type":"WebSite","@id":"https:\/\/www.parisheure.com\/#website","url":"https:\/\/www.parisheure.com\/","name":"PARIS HEURE","description":"Vintage watches Paris","publisher":{"@id":"https:\/\/www.parisheure.com\/#organization"},"potentialAction":[{"@type":"SearchAction","target":{"@type":"EntryPoint","urlTemplate":"https:\/\/www.parisheure.com\/?s={search_term_string}"},"query-input":{"@type":"PropertyValueSpecification","valueRequired":true,"valueName":"search_term_string"}}],"inLanguage":"en-US"},{"@type":"Organization","@id":"https:\/\/www.parisheure.com\/#organization","name":"PARIS HEURE","url":"https:\/\/www.parisheure.com\/","logo":{"@type":"ImageObject","inLanguage":"en-US","@id":"https:\/\/www.parisheure.com\/#\/schema\/logo\/image\/","url":"https:\/\/www.parisheure.com\/wp-content\/uploads\/2021\/07\/cropped-logo-paris-heure.png","contentUrl":"https:\/\/www.parisheure.com\/wp-content\/uploads\/2021\/07\/cropped-logo-paris-heure.png","width":512,"height":512,"caption":"PARIS HEURE"},"image":{"@id":"https:\/\/www.parisheure.com\/#\/schema\/logo\/image\/"},"sameAs":["https:\/\/www.facebook.com\/ParisHeure","https:\/\/www.instagram.com\/parisheure\/"]}]}},"jetpack_sharing_enabled":true,"brands":[{"id":432,"name":"Rolex","slug":"rolex"}],"_links":{"self":[{"href":"https:\/\/www.parisheure.com\/en\/wp-json\/wp\/v2\/product\/13271","targetHints":{"allow":["GET"]}}],"collection":[{"href":"https:\/\/www.parisheure.com\/en\/wp-json\/wp\/v2\/product"}],"about":[{"href":"https:\/\/www.parisheure.com\/en\/wp-json\/wp\/v2\/types\/product"}],"version-history":[{"count":5,"href":"https:\/\/www.parisheure.com\/en\/wp-json\/wp\/v2\/product\/13271\/revisions"}],"predecessor-version":[{"id":15307,"href":"https:\/\/www.parisheure.com\/en\/wp-json\/wp\/v2\/product\/13271\/revisions\/15307"}],"wp:featuredmedia":[{"embeddable":true,"href":"https:\/\/www.parisheure.com\/en\/wp-json\/wp\/v2\/media\/12909"}],"wp:attachment":[{"href":"https:\/\/www.parisheure.com\/en\/wp-json\/wp\/v2\/media?parent=13271"}],"wp:term":[{"taxonomy":"pwb-brand","embeddable":true,"href":"https:\/\/www.parisheure.com\/en\/wp-json\/wp\/v2\/pwb-brand?post=13271"},{"taxonomy":"product_brand","embeddable":true,"href":"https:\/\/www.parisheure.com\/en\/wp-json\/wp\/v2\/product_brand?post=13271"},{"taxonomy":"product_cat","embeddable":true,"href":"https:\/\/www.parisheure.com\/en\/wp-json\/wp\/v2\/product_cat?post=13271"},{"taxonomy":"product_tag","embeddable":true,"href":"https:\/\/www.parisheure.com\/en\/wp-json\/wp\/v2\/product_tag?post=13271"}],"curies":[{"name":"wp","href":"https:\/\/api.w.org\/{rel}","templated":true}]}}