{"id":13273,"date":"2023-05-23T17:26:42","date_gmt":"2023-05-23T15:26:42","guid":{"rendered":"https:\/\/www.parisheure.com\/?post_type=product&#038;p=13273"},"modified":"2024-10-22T16:36:48","modified_gmt":"2024-10-22T14:36:48","slug":"rolex-daytona-ref-6241-black-dial-big-daytona-from-1968-stock-ph-watches","status":"publish","type":"product","link":"https:\/\/www.parisheure.com\/en\/buy-watch\/rolex-daytona-ref-6241-black-dial-big-daytona-from-1968-stock-ph-watches\/","title":{"rendered":"ROLEX DAYTONA VINTAGE RARE REF 6241 BLACK DIAL BIG DAYTONA from 1968 ( STOCK PH WATCHES )"},"content":{"rendered":"<p><strong><em>Our opinion:<\/em><\/strong> Le mod\u00e8le de Rolex Cosmograph Daytona est un chronographe de sport lanc\u00e9 en 1963 par la soci\u00e9t\u00e9 Rolex SA. Le Cosmograph Daytona fait partie de la cat\u00e9gorie de montres professionnelles au sein de la gamme Rolex. Il a \u00e9t\u00e9 con\u00e7u \u00e0 l\u2019origine pour les pilotes de course. Quatre g\u00e9n\u00e9rations de Daytona ont vu le jour respectivement en 1963, 1988, 2000 et 2016. La premi\u00e8re \u00e9tait dot\u00e9e d\u2019un mouvement \u00e0 remontage manuel, la deuxi\u00e8me d\u2019un mouvement \u00e0 remontage automatique et la troisi\u00e8me et quatri\u00e8me d\u2019un mouvement manufacture Rolex. Le record du monde en vente aux ench\u00e8res est une Rolex Daytona ayant appartenu \u00e0 Paul Newman et vendue chez Philips a NYC pour 17,75 millions de dollars en 2017. L\u2019original est donc la version \u00e0 4 chiffres dont fait partie celle-ci et en plus en Paul Newman le graal de tout collectionneur. La daytona Paul Newman ref 6241 est une des plus belles daytona vintage car cette r\u00e9f\u00e9rence est tr\u00e8s rare et surrout en cadran non Paul newman et marqu\u00e9 \u00ab\u00a0daytona\u00a0\u00bb en gros en haut, bracelet acier rivet\u00e9, poussoirs lisses, lunette bak\u00e9lite MK1 et mouvement valjoux 722-1. Belle boite peu polie! Une r\u00e9f\u00e9rence de daytona qui n\u2019existe presque que en configuration newman donc peu de montres sont sorties de chez Rolex. Une pi\u00e8ce majeure dans une collection Rolex!<\/p>","protected":false},"excerpt":{"rendered":"<p><strong><em>Brand: <\/em><\/strong>ROLEX<\/p>\n<p><strong><em>Model: <\/em><\/strong>DAYTONA<\/p>\n<p><strong><em>Reference: <\/em><\/strong>6241<\/p>\n<p><strong><em>Year:<\/em><\/strong> 1968<\/p>\n<p><strong><em>Serial : <\/em><\/strong>176XXXX<\/p>\n<p><strong><em>Movement\u00a0: <\/em><\/strong>MECA VALJOUX 722-1<\/p>\n<p><strong>Bezel:<\/strong> Lunette bak\u00e9lite MK1 d\u2019origine en bon \u00e9tat petite f\u00ealure au niveau du 75.<\/p>\n<p><strong><em>Case: <\/em><\/strong>Boitier peu polie en bel \u00e9tat g\u00e9n\u00e9ral. Num\u00e9ros de s\u00e9rie et r\u00e9f\u00e9rence parfaitement lisible. Aucun chocs important ou rayures sur le boitier. Fond de boite en parfait \u00e9tat et filetage nickel.<\/p>\n<p>&nbsp;<\/p>\n<p><strong><em>Dial: <\/em><\/strong>Rare cadran noir big Daytona. Les points de tritium sont tous pr\u00e9sents avec une belle patine. Le cadran est en train de devenir tropical avec des petites taches de d\u00e9coloration marron qui apparaissent sur le noir du cadran. Compteurs blancs en bon \u00e9tat peu de traces du temps.<\/p>\n<p><strong><em>Diameter\u00a0: <\/em><\/strong>37mm<\/p>\n<p><strong><em>Bracelet:<\/em><\/strong>: Bracelet acier rivet\u00e9 de 1967 en bon \u00e9tat.<\/p>\n<p><strong><em>Accessories: <\/em><\/strong>None.<\/p>","protected":false},"featured_media":12763,"template":"","meta":[],"pwb-brand":[432],"product_brand":[],"product_cat":[107,368,90,246],"product_tag":[274,401,215,156,298,127,101],"class_list":{"0":"post-13273","1":"product","2":"type-product","3":"status-publish","4":"has-post-thumbnail","6":"pwb-brand-rolex","7":"product_cat-archives","8":"product_cat-montres-ph-watches","9":"product_cat-rolex","10":"product_cat-rolex-daytona","11":"product_tag-274","12":"product_tag-401","13":"product_tag-brown","14":"product_tag-daytona","15":"product_tag-rare","16":"product_tag-rolex","17":"product_tag-vintage","19":"first","20":"outofstock","21":"shipping-taxable","22":"product-type-simple"},"yoast_head":"<!-- This site is optimized with the Yoast SEO plugin v27.4 - https:\/\/yoast.com\/product\/yoast-seo-wordpress\/ -->\n<title>ROLEX DAYTONA REF 6241 BLACK DIAL BIG DAYTONA from 1968<\/title>\n<meta name=\"description\" content=\"Marque: ROLEX Mod\u00e8le: DAYTONA R\u00e9f\u00e9rence: 6241 Ann\u00e9e: 1968 Serial : 176XXXX Mouvement : MECA VALJOUX 722-1 Diam: 37 Boite: Boitier peu polie en bel \u00e9tat g\u00e9n\u00e9ral.\" \/>\n<meta name=\"robots\" content=\"index, follow, max-snippet:-1, max-image-preview:large, max-video-preview:-1\" \/>\n<link rel=\"canonical\" href=\"https:\/\/www.parisheure.com\/en\/buy-watch\/rolex-daytona-ref-6241-black-dial-big-daytona-from-1968-stock-ph-watches\/\" \/>\n<meta property=\"og:locale\" content=\"en_US\" \/>\n<meta property=\"og:type\" content=\"article\" \/>\n<meta property=\"og:title\" content=\"ROLEX DAYTONA REF 6241 BLACK DIAL BIG DAYTONA from 1968\" \/>\n<meta property=\"og:description\" content=\"Marque: ROLEX Mod\u00e8le: DAYTONA R\u00e9f\u00e9rence: 6241 Ann\u00e9e: 1968 Serial : 176XXXX Mouvement : MECA VALJOUX 722-1 Diam: 37 Boite: Boitier peu polie en bel \u00e9tat g\u00e9n\u00e9ral.\" \/>\n<meta property=\"og:url\" content=\"https:\/\/www.parisheure.com\/en\/buy-watch\/rolex-daytona-ref-6241-black-dial-big-daytona-from-1968-stock-ph-watches\/\" \/>\n<meta property=\"og:site_name\" content=\"PARIS HEURE\" \/>\n<meta property=\"article:publisher\" content=\"https:\/\/www.facebook.com\/ParisHeure\" \/>\n<meta property=\"article:modified_time\" content=\"2024-10-22T14:36:48+00:00\" \/>\n<meta property=\"og:image\" content=\"https:\/\/www.parisheure.com\/wp-content\/uploads\/2023\/04\/ROLEX-DAYTONA-REF-6241-BLACK-DIAL-BIG-DAYTONA-TURNING-TROPICAL-FROM-1967-N\u00b0176XXXX-_0036_Calque-2-scaled.jpg\" \/>\n\t<meta property=\"og:image:width\" content=\"2560\" \/>\n\t<meta property=\"og:image:height\" content=\"2560\" \/>\n\t<meta property=\"og:image:type\" content=\"image\/jpeg\" \/>\n<meta name=\"twitter:card\" content=\"summary_large_image\" \/>\n<script type=\"application\/ld+json\" class=\"yoast-schema-graph\">{\"@context\":\"https:\\\/\\\/schema.org\",\"@graph\":[{\"@type\":\"WebPage\",\"@id\":\"https:\\\/\\\/www.parisheure.com\\\/acheter-montre\\\/rolex-daytona-ref-6241-black-dial-big-daytona-from-1968-stock-ph-watches\\\/\",\"url\":\"https:\\\/\\\/www.parisheure.com\\\/acheter-montre\\\/rolex-daytona-ref-6241-black-dial-big-daytona-from-1968-stock-ph-watches\\\/\",\"name\":\"ROLEX DAYTONA REF 6241 BLACK DIAL BIG DAYTONA from 1968\",\"isPartOf\":{\"@id\":\"https:\\\/\\\/www.parisheure.com\\\/#website\"},\"primaryImageOfPage\":{\"@id\":\"https:\\\/\\\/www.parisheure.com\\\/acheter-montre\\\/rolex-daytona-ref-6241-black-dial-big-daytona-from-1968-stock-ph-watches\\\/#primaryimage\"},\"image\":{\"@id\":\"https:\\\/\\\/www.parisheure.com\\\/acheter-montre\\\/rolex-daytona-ref-6241-black-dial-big-daytona-from-1968-stock-ph-watches\\\/#primaryimage\"},\"thumbnailUrl\":\"https:\\\/\\\/www.parisheure.com\\\/wp-content\\\/uploads\\\/2023\\\/04\\\/ROLEX-DAYTONA-REF-6241-BLACK-DIAL-BIG-DAYTONA-TURNING-TROPICAL-FROM-1967-N\u00b0176XXXX-_0036_Calque-2-scaled.jpg\",\"datePublished\":\"2023-05-23T15:26:42+00:00\",\"dateModified\":\"2024-10-22T14:36:48+00:00\",\"description\":\"Marque: ROLEX Mod\u00e8le: DAYTONA R\u00e9f\u00e9rence: 6241 Ann\u00e9e: 1968 Serial : 176XXXX Mouvement : MECA VALJOUX 722-1 Diam: 37 Boite: Boitier peu polie en bel \u00e9tat g\u00e9n\u00e9ral.\",\"breadcrumb\":{\"@id\":\"https:\\\/\\\/www.parisheure.com\\\/acheter-montre\\\/rolex-daytona-ref-6241-black-dial-big-daytona-from-1968-stock-ph-watches\\\/#breadcrumb\"},\"inLanguage\":\"en-US\",\"potentialAction\":[{\"@type\":\"ReadAction\",\"target\":[\"https:\\\/\\\/www.parisheure.com\\\/acheter-montre\\\/rolex-daytona-ref-6241-black-dial-big-daytona-from-1968-stock-ph-watches\\\/\"]}]},{\"@type\":\"ImageObject\",\"inLanguage\":\"en-US\",\"@id\":\"https:\\\/\\\/www.parisheure.com\\\/acheter-montre\\\/rolex-daytona-ref-6241-black-dial-big-daytona-from-1968-stock-ph-watches\\\/#primaryimage\",\"url\":\"https:\\\/\\\/www.parisheure.com\\\/wp-content\\\/uploads\\\/2023\\\/04\\\/ROLEX-DAYTONA-REF-6241-BLACK-DIAL-BIG-DAYTONA-TURNING-TROPICAL-FROM-1967-N\u00b0176XXXX-_0036_Calque-2-scaled.jpg\",\"contentUrl\":\"https:\\\/\\\/www.parisheure.com\\\/wp-content\\\/uploads\\\/2023\\\/04\\\/ROLEX-DAYTONA-REF-6241-BLACK-DIAL-BIG-DAYTONA-TURNING-TROPICAL-FROM-1967-N\u00b0176XXXX-_0036_Calque-2-scaled.jpg\",\"width\":2560,\"height\":2560},{\"@type\":\"BreadcrumbList\",\"@id\":\"https:\\\/\\\/www.parisheure.com\\\/acheter-montre\\\/rolex-daytona-ref-6241-black-dial-big-daytona-from-1968-stock-ph-watches\\\/#breadcrumb\",\"itemListElement\":[{\"@type\":\"ListItem\",\"position\":1,\"name\":\"Accueil\",\"item\":\"https:\\\/\\\/www.parisheure.com\\\/\"},{\"@type\":\"ListItem\",\"position\":2,\"name\":\"WATCHES\",\"item\":\"https:\\\/\\\/www.parisheure.com\\\/\"},{\"@type\":\"ListItem\",\"position\":3,\"name\":\"ROLEX DAYTONA VINTAGE RARE REF 6241 BLACK DIAL BIG DAYTONA from 1968 ( STOCK PH WATCHES )\"}]},{\"@type\":\"WebSite\",\"@id\":\"https:\\\/\\\/www.parisheure.com\\\/#website\",\"url\":\"https:\\\/\\\/www.parisheure.com\\\/\",\"name\":\"PARIS HEURE\",\"description\":\"Vintage watches Paris\",\"publisher\":{\"@id\":\"https:\\\/\\\/www.parisheure.com\\\/#organization\"},\"potentialAction\":[{\"@type\":\"SearchAction\",\"target\":{\"@type\":\"EntryPoint\",\"urlTemplate\":\"https:\\\/\\\/www.parisheure.com\\\/?s={search_term_string}\"},\"query-input\":{\"@type\":\"PropertyValueSpecification\",\"valueRequired\":true,\"valueName\":\"search_term_string\"}}],\"inLanguage\":\"en-US\"},{\"@type\":\"Organization\",\"@id\":\"https:\\\/\\\/www.parisheure.com\\\/#organization\",\"name\":\"PARIS HEURE\",\"url\":\"https:\\\/\\\/www.parisheure.com\\\/\",\"logo\":{\"@type\":\"ImageObject\",\"inLanguage\":\"en-US\",\"@id\":\"https:\\\/\\\/www.parisheure.com\\\/#\\\/schema\\\/logo\\\/image\\\/\",\"url\":\"https:\\\/\\\/www.parisheure.com\\\/wp-content\\\/uploads\\\/2021\\\/07\\\/cropped-logo-paris-heure.png\",\"contentUrl\":\"https:\\\/\\\/www.parisheure.com\\\/wp-content\\\/uploads\\\/2021\\\/07\\\/cropped-logo-paris-heure.png\",\"width\":512,\"height\":512,\"caption\":\"PARIS HEURE\"},\"image\":{\"@id\":\"https:\\\/\\\/www.parisheure.com\\\/#\\\/schema\\\/logo\\\/image\\\/\"},\"sameAs\":[\"https:\\\/\\\/www.facebook.com\\\/ParisHeure\",\"https:\\\/\\\/www.instagram.com\\\/parisheure\\\/\"]}]}<\/script>\n<!-- \/ Yoast SEO plugin. -->","yoast_head_json":{"title":"ROLEX DAYTONA REF 6241 BLACK DIAL BIG DAYTONA from 1968","description":"Marque: ROLEX Mod\u00e8le: DAYTONA R\u00e9f\u00e9rence: 6241 Ann\u00e9e: 1968 Serial : 176XXXX Mouvement : MECA VALJOUX 722-1 Diam: 37 Boite: Boitier peu polie en bel \u00e9tat g\u00e9n\u00e9ral.","robots":{"index":"index","follow":"follow","max-snippet":"max-snippet:-1","max-image-preview":"max-image-preview:large","max-video-preview":"max-video-preview:-1"},"canonical":"https:\/\/www.parisheure.com\/en\/buy-watch\/rolex-daytona-ref-6241-black-dial-big-daytona-from-1968-stock-ph-watches\/","og_locale":"en_US","og_type":"article","og_title":"ROLEX DAYTONA REF 6241 BLACK DIAL BIG DAYTONA from 1968","og_description":"Marque: ROLEX Mod\u00e8le: DAYTONA R\u00e9f\u00e9rence: 6241 Ann\u00e9e: 1968 Serial : 176XXXX Mouvement : MECA VALJOUX 722-1 Diam: 37 Boite: Boitier peu polie en bel \u00e9tat g\u00e9n\u00e9ral.","og_url":"https:\/\/www.parisheure.com\/en\/buy-watch\/rolex-daytona-ref-6241-black-dial-big-daytona-from-1968-stock-ph-watches\/","og_site_name":"PARIS HEURE","article_publisher":"https:\/\/www.facebook.com\/ParisHeure","article_modified_time":"2024-10-22T14:36:48+00:00","og_image":[{"width":2560,"height":2560,"url":"https:\/\/www.parisheure.com\/wp-content\/uploads\/2023\/04\/ROLEX-DAYTONA-REF-6241-BLACK-DIAL-BIG-DAYTONA-TURNING-TROPICAL-FROM-1967-N\u00b0176XXXX-_0036_Calque-2-scaled.jpg","type":"image\/jpeg"}],"twitter_card":"summary_large_image","schema":{"@context":"https:\/\/schema.org","@graph":[{"@type":"WebPage","@id":"https:\/\/www.parisheure.com\/acheter-montre\/rolex-daytona-ref-6241-black-dial-big-daytona-from-1968-stock-ph-watches\/","url":"https:\/\/www.parisheure.com\/acheter-montre\/rolex-daytona-ref-6241-black-dial-big-daytona-from-1968-stock-ph-watches\/","name":"ROLEX DAYTONA REF 6241 BLACK DIAL BIG DAYTONA from 1968","isPartOf":{"@id":"https:\/\/www.parisheure.com\/#website"},"primaryImageOfPage":{"@id":"https:\/\/www.parisheure.com\/acheter-montre\/rolex-daytona-ref-6241-black-dial-big-daytona-from-1968-stock-ph-watches\/#primaryimage"},"image":{"@id":"https:\/\/www.parisheure.com\/acheter-montre\/rolex-daytona-ref-6241-black-dial-big-daytona-from-1968-stock-ph-watches\/#primaryimage"},"thumbnailUrl":"https:\/\/www.parisheure.com\/wp-content\/uploads\/2023\/04\/ROLEX-DAYTONA-REF-6241-BLACK-DIAL-BIG-DAYTONA-TURNING-TROPICAL-FROM-1967-N\u00b0176XXXX-_0036_Calque-2-scaled.jpg","datePublished":"2023-05-23T15:26:42+00:00","dateModified":"2024-10-22T14:36:48+00:00","description":"Marque: ROLEX Mod\u00e8le: DAYTONA R\u00e9f\u00e9rence: 6241 Ann\u00e9e: 1968 Serial : 176XXXX Mouvement : MECA VALJOUX 722-1 Diam: 37 Boite: Boitier peu polie en bel \u00e9tat g\u00e9n\u00e9ral.","breadcrumb":{"@id":"https:\/\/www.parisheure.com\/acheter-montre\/rolex-daytona-ref-6241-black-dial-big-daytona-from-1968-stock-ph-watches\/#breadcrumb"},"inLanguage":"en-US","potentialAction":[{"@type":"ReadAction","target":["https:\/\/www.parisheure.com\/acheter-montre\/rolex-daytona-ref-6241-black-dial-big-daytona-from-1968-stock-ph-watches\/"]}]},{"@type":"ImageObject","inLanguage":"en-US","@id":"https:\/\/www.parisheure.com\/acheter-montre\/rolex-daytona-ref-6241-black-dial-big-daytona-from-1968-stock-ph-watches\/#primaryimage","url":"https:\/\/www.parisheure.com\/wp-content\/uploads\/2023\/04\/ROLEX-DAYTONA-REF-6241-BLACK-DIAL-BIG-DAYTONA-TURNING-TROPICAL-FROM-1967-N\u00b0176XXXX-_0036_Calque-2-scaled.jpg","contentUrl":"https:\/\/www.parisheure.com\/wp-content\/uploads\/2023\/04\/ROLEX-DAYTONA-REF-6241-BLACK-DIAL-BIG-DAYTONA-TURNING-TROPICAL-FROM-1967-N\u00b0176XXXX-_0036_Calque-2-scaled.jpg","width":2560,"height":2560},{"@type":"BreadcrumbList","@id":"https:\/\/www.parisheure.com\/acheter-montre\/rolex-daytona-ref-6241-black-dial-big-daytona-from-1968-stock-ph-watches\/#breadcrumb","itemListElement":[{"@type":"ListItem","position":1,"name":"Accueil","item":"https:\/\/www.parisheure.com\/"},{"@type":"ListItem","position":2,"name":"WATCHES","item":"https:\/\/www.parisheure.com\/"},{"@type":"ListItem","position":3,"name":"ROLEX DAYTONA VINTAGE RARE REF 6241 BLACK DIAL BIG DAYTONA from 1968 ( STOCK PH WATCHES )"}]},{"@type":"WebSite","@id":"https:\/\/www.parisheure.com\/#website","url":"https:\/\/www.parisheure.com\/","name":"PARIS HEURE","description":"Vintage watches Paris","publisher":{"@id":"https:\/\/www.parisheure.com\/#organization"},"potentialAction":[{"@type":"SearchAction","target":{"@type":"EntryPoint","urlTemplate":"https:\/\/www.parisheure.com\/?s={search_term_string}"},"query-input":{"@type":"PropertyValueSpecification","valueRequired":true,"valueName":"search_term_string"}}],"inLanguage":"en-US"},{"@type":"Organization","@id":"https:\/\/www.parisheure.com\/#organization","name":"PARIS HEURE","url":"https:\/\/www.parisheure.com\/","logo":{"@type":"ImageObject","inLanguage":"en-US","@id":"https:\/\/www.parisheure.com\/#\/schema\/logo\/image\/","url":"https:\/\/www.parisheure.com\/wp-content\/uploads\/2021\/07\/cropped-logo-paris-heure.png","contentUrl":"https:\/\/www.parisheure.com\/wp-content\/uploads\/2021\/07\/cropped-logo-paris-heure.png","width":512,"height":512,"caption":"PARIS HEURE"},"image":{"@id":"https:\/\/www.parisheure.com\/#\/schema\/logo\/image\/"},"sameAs":["https:\/\/www.facebook.com\/ParisHeure","https:\/\/www.instagram.com\/parisheure\/"]}]}},"jetpack_sharing_enabled":true,"brands":[{"id":432,"name":"Rolex","slug":"rolex"}],"_links":{"self":[{"href":"https:\/\/www.parisheure.com\/en\/wp-json\/wp\/v2\/product\/13273","targetHints":{"allow":["GET"]}}],"collection":[{"href":"https:\/\/www.parisheure.com\/en\/wp-json\/wp\/v2\/product"}],"about":[{"href":"https:\/\/www.parisheure.com\/en\/wp-json\/wp\/v2\/types\/product"}],"version-history":[{"count":1,"href":"https:\/\/www.parisheure.com\/en\/wp-json\/wp\/v2\/product\/13273\/revisions"}],"predecessor-version":[{"id":14128,"href":"https:\/\/www.parisheure.com\/en\/wp-json\/wp\/v2\/product\/13273\/revisions\/14128"}],"wp:featuredmedia":[{"embeddable":true,"href":"https:\/\/www.parisheure.com\/en\/wp-json\/wp\/v2\/media\/12763"}],"wp:attachment":[{"href":"https:\/\/www.parisheure.com\/en\/wp-json\/wp\/v2\/media?parent=13273"}],"wp:term":[{"taxonomy":"pwb-brand","embeddable":true,"href":"https:\/\/www.parisheure.com\/en\/wp-json\/wp\/v2\/pwb-brand?post=13273"},{"taxonomy":"product_brand","embeddable":true,"href":"https:\/\/www.parisheure.com\/en\/wp-json\/wp\/v2\/product_brand?post=13273"},{"taxonomy":"product_cat","embeddable":true,"href":"https:\/\/www.parisheure.com\/en\/wp-json\/wp\/v2\/product_cat?post=13273"},{"taxonomy":"product_tag","embeddable":true,"href":"https:\/\/www.parisheure.com\/en\/wp-json\/wp\/v2\/product_tag?post=13273"}],"curies":[{"name":"wp","href":"https:\/\/api.w.org\/{rel}","templated":true}]}}