{"id":13280,"date":"2023-05-23T17:44:41","date_gmt":"2023-05-23T15:44:41","guid":{"rendered":"https:\/\/www.parisheure.com\/?post_type=product&#038;p=13280"},"modified":"2026-01-08T18:05:48","modified_gmt":"2026-01-08T17:05:48","slug":"rolex-submariner-ref-5513-gilt-bart-simpson-from-1966-stock-ph-watches","status":"publish","type":"product","link":"https:\/\/www.parisheure.com\/en\/buy-watch\/rolex-submariner-ref-5513-gilt-bart-simpson-from-1966-stock-ph-watches\/","title":{"rendered":"Rolex submariner ref 5513 gilt bart simpson from 1966"},"content":{"rendered":"<p><strong>Our opinion:<\/strong> The Ref. 5513 arrived on the market in 1962, approximately three years after the Ref. 5512. In a nutshell, both watches are exactly the same, except one has a chronometer movement and the other does not. Of course, this being Rolex, things are a little more nuanced than that. Regardless, it was a smart marketing move on Rolex's part, as it allowed them to position the Ref. 5512 as the more premium option of the two. This then opened the market to those who wanted a Rolex Submariner but didn't necessarily want to pay extra for a chronometer movement. And in fact, the Ref. 5513 used the same caliber found in the first Ref. 5512s \u2013 caliber 1530. Several variants of this reference exist with gilt or lacquered dials then the very rare explorer dials or even the military and comex versions, it is the most legendary reference from Rolex produced from 1962 to 1989. This one This has a rather sophisticated lacquered dial with a slightly twisted crown called \u201cbatt simpson\u201d due to its specific shape. Its dial has beautiful tritium indexes that are still luminescent in good condition, it is slightly pitted but retains a beautiful glossy mirror effect. A beautiful rare piece produced only in 1966 with its beautiful fat insert with a nice patina.<\/p>","protected":false},"excerpt":{"rendered":"<h4><strong>Rare Rolex Submariner ref 5513 gilt from 1966<\/strong><\/h4>\n<p><strong>Reference: <\/strong>5513<\/p>\n<p><strong>Year:<\/strong> 1966<\/p>\n<p><strong>Serial : <\/strong>146XXXX<\/p>\n<p><strong>Movement\u00a0: <\/strong>AUTO CAL 1520<\/p>\n<p><strong>Case: <\/strong>Case a little polished but which still retains slightly rounded but present chamfers, good general condition. Perfectly readable serial numbers and reference.<\/p>\n<p><strong>Dial: <\/strong>Rare gilt called \u201cBart Simpson\u201d in good condition, texture still glossy, slightly stitched but not spidery, Swiss t 25 with good original patina which reacts to UV and the hands which match well.<\/p>\n<p><strong>Diameter\u00a0: <\/strong>40mm<\/p>\n<p><strong>Bracelet:<\/strong>: Vintage style leather bracelet.<\/p>\n<p><strong>Accessories: <\/strong>None<\/p>","protected":false},"featured_media":12889,"template":"","meta":[],"pwb-brand":[432],"product_brand":[],"product_cat":[368,138,90,244],"product_tag":[390,142,404,329,127,135,101],"class_list":{"0":"post-13280","1":"product","2":"type-product","3":"status-publish","4":"has-post-thumbnail","6":"pwb-brand-rolex","7":"product_cat-montres-ph-watches","8":"product_cat-nouveautes","9":"product_cat-rolex","10":"product_cat-rolex-submariner","11":"product_tag-390","12":"product_tag-142","13":"product_tag-bart-simpson","14":"product_tag-gilt","15":"product_tag-rolex","16":"product_tag-submariner","17":"product_tag-vintage","19":"first","20":"instock","21":"shipping-taxable","22":"purchasable","23":"product-type-simple"},"yoast_head":"<!-- This site is optimized with the Yoast SEO plugin v27.4 - https:\/\/yoast.com\/product\/yoast-seo-wordpress\/ -->\n<title>Rolex submariner ref 5513 gilt bart simpson from 1966 &#8226; PARIS HEURE<\/title>\n<meta name=\"description\" content=\"Marque: ROLEX Mod\u00e8le: SUBMARINER GILT R\u00e9f\u00e9rence: 5513 Ann\u00e9e: 1966 Serial : 146XXXX Mouvement : AUTO CAL 1520 Boite: Boitier un peu polie mais encore belle.\" \/>\n<meta name=\"robots\" content=\"index, follow, max-snippet:-1, max-image-preview:large, max-video-preview:-1\" \/>\n<link rel=\"canonical\" href=\"https:\/\/www.parisheure.com\/en\/buy-watch\/rolex-submariner-ref-5513-gilt-bart-simpson-from-1966-stock-ph-watches\/\" \/>\n<meta property=\"og:locale\" content=\"en_US\" \/>\n<meta property=\"og:type\" content=\"article\" \/>\n<meta property=\"og:title\" content=\"Rolex submariner ref 5513 gilt bart simpson from 1966 &#8226; PARIS HEURE\" \/>\n<meta property=\"og:description\" content=\"Marque: ROLEX Mod\u00e8le: SUBMARINER GILT R\u00e9f\u00e9rence: 5513 Ann\u00e9e: 1966 Serial : 146XXXX Mouvement : AUTO CAL 1520 Boite: Boitier un peu polie mais encore belle.\" \/>\n<meta property=\"og:url\" content=\"https:\/\/www.parisheure.com\/en\/buy-watch\/rolex-submariner-ref-5513-gilt-bart-simpson-from-1966-stock-ph-watches\/\" \/>\n<meta property=\"og:site_name\" content=\"PARIS HEURE\" \/>\n<meta property=\"article:publisher\" content=\"https:\/\/www.facebook.com\/ParisHeure\" \/>\n<meta property=\"article:modified_time\" content=\"2026-01-08T17:05:48+00:00\" \/>\n<meta property=\"og:image\" content=\"https:\/\/www.parisheure.com\/wp-content\/uploads\/2023\/04\/ROLEX-SUBMARINER-REF-5513-GILT-BART-SIMPSON-n-146xxxx-_0018_Calque-2-scaled.jpg\" \/>\n\t<meta property=\"og:image:width\" content=\"2560\" \/>\n\t<meta property=\"og:image:height\" content=\"2560\" \/>\n\t<meta property=\"og:image:type\" content=\"image\/jpeg\" \/>\n<meta name=\"twitter:card\" content=\"summary_large_image\" \/>\n<script type=\"application\/ld+json\" class=\"yoast-schema-graph\">{\"@context\":\"https:\\\/\\\/schema.org\",\"@graph\":[{\"@type\":\"WebPage\",\"@id\":\"https:\\\/\\\/www.parisheure.com\\\/acheter-montre\\\/rolex-submariner-ref-5513-gilt-bart-simpson-from-1966-stock-ph-watches\\\/\",\"url\":\"https:\\\/\\\/www.parisheure.com\\\/acheter-montre\\\/rolex-submariner-ref-5513-gilt-bart-simpson-from-1966-stock-ph-watches\\\/\",\"name\":\"Rolex submariner ref 5513 gilt bart simpson from 1966 &#8226; PARIS HEURE\",\"isPartOf\":{\"@id\":\"https:\\\/\\\/www.parisheure.com\\\/#website\"},\"primaryImageOfPage\":{\"@id\":\"https:\\\/\\\/www.parisheure.com\\\/acheter-montre\\\/rolex-submariner-ref-5513-gilt-bart-simpson-from-1966-stock-ph-watches\\\/#primaryimage\"},\"image\":{\"@id\":\"https:\\\/\\\/www.parisheure.com\\\/acheter-montre\\\/rolex-submariner-ref-5513-gilt-bart-simpson-from-1966-stock-ph-watches\\\/#primaryimage\"},\"thumbnailUrl\":\"https:\\\/\\\/www.parisheure.com\\\/wp-content\\\/uploads\\\/2023\\\/04\\\/ROLEX-SUBMARINER-REF-5513-GILT-BART-SIMPSON-n-146xxxx-_0018_Calque-2-scaled.jpg\",\"datePublished\":\"2023-05-23T15:44:41+00:00\",\"dateModified\":\"2026-01-08T17:05:48+00:00\",\"description\":\"Marque: ROLEX Mod\u00e8le: SUBMARINER GILT R\u00e9f\u00e9rence: 5513 Ann\u00e9e: 1966 Serial : 146XXXX Mouvement : AUTO CAL 1520 Boite: Boitier un peu polie mais encore belle.\",\"breadcrumb\":{\"@id\":\"https:\\\/\\\/www.parisheure.com\\\/acheter-montre\\\/rolex-submariner-ref-5513-gilt-bart-simpson-from-1966-stock-ph-watches\\\/#breadcrumb\"},\"inLanguage\":\"en-US\",\"potentialAction\":[{\"@type\":\"ReadAction\",\"target\":[\"https:\\\/\\\/www.parisheure.com\\\/acheter-montre\\\/rolex-submariner-ref-5513-gilt-bart-simpson-from-1966-stock-ph-watches\\\/\"]}]},{\"@type\":\"ImageObject\",\"inLanguage\":\"en-US\",\"@id\":\"https:\\\/\\\/www.parisheure.com\\\/acheter-montre\\\/rolex-submariner-ref-5513-gilt-bart-simpson-from-1966-stock-ph-watches\\\/#primaryimage\",\"url\":\"https:\\\/\\\/www.parisheure.com\\\/wp-content\\\/uploads\\\/2023\\\/04\\\/ROLEX-SUBMARINER-REF-5513-GILT-BART-SIMPSON-n-146xxxx-_0018_Calque-2-scaled.jpg\",\"contentUrl\":\"https:\\\/\\\/www.parisheure.com\\\/wp-content\\\/uploads\\\/2023\\\/04\\\/ROLEX-SUBMARINER-REF-5513-GILT-BART-SIMPSON-n-146xxxx-_0018_Calque-2-scaled.jpg\",\"width\":2560,\"height\":2560},{\"@type\":\"BreadcrumbList\",\"@id\":\"https:\\\/\\\/www.parisheure.com\\\/acheter-montre\\\/rolex-submariner-ref-5513-gilt-bart-simpson-from-1966-stock-ph-watches\\\/#breadcrumb\",\"itemListElement\":[{\"@type\":\"ListItem\",\"position\":1,\"name\":\"Accueil\",\"item\":\"https:\\\/\\\/www.parisheure.com\\\/\"},{\"@type\":\"ListItem\",\"position\":2,\"name\":\"WATCHES\",\"item\":\"https:\\\/\\\/www.parisheure.com\\\/\"},{\"@type\":\"ListItem\",\"position\":3,\"name\":\"Rolex submariner ref 5513 gilt bart simpson from 1966\"}]},{\"@type\":\"WebSite\",\"@id\":\"https:\\\/\\\/www.parisheure.com\\\/#website\",\"url\":\"https:\\\/\\\/www.parisheure.com\\\/\",\"name\":\"PARIS HEURE\",\"description\":\"Vintage watches Paris\",\"publisher\":{\"@id\":\"https:\\\/\\\/www.parisheure.com\\\/#organization\"},\"potentialAction\":[{\"@type\":\"SearchAction\",\"target\":{\"@type\":\"EntryPoint\",\"urlTemplate\":\"https:\\\/\\\/www.parisheure.com\\\/?s={search_term_string}\"},\"query-input\":{\"@type\":\"PropertyValueSpecification\",\"valueRequired\":true,\"valueName\":\"search_term_string\"}}],\"inLanguage\":\"en-US\"},{\"@type\":\"Organization\",\"@id\":\"https:\\\/\\\/www.parisheure.com\\\/#organization\",\"name\":\"PARIS HEURE\",\"url\":\"https:\\\/\\\/www.parisheure.com\\\/\",\"logo\":{\"@type\":\"ImageObject\",\"inLanguage\":\"en-US\",\"@id\":\"https:\\\/\\\/www.parisheure.com\\\/#\\\/schema\\\/logo\\\/image\\\/\",\"url\":\"https:\\\/\\\/www.parisheure.com\\\/wp-content\\\/uploads\\\/2021\\\/07\\\/cropped-logo-paris-heure.png\",\"contentUrl\":\"https:\\\/\\\/www.parisheure.com\\\/wp-content\\\/uploads\\\/2021\\\/07\\\/cropped-logo-paris-heure.png\",\"width\":512,\"height\":512,\"caption\":\"PARIS HEURE\"},\"image\":{\"@id\":\"https:\\\/\\\/www.parisheure.com\\\/#\\\/schema\\\/logo\\\/image\\\/\"},\"sameAs\":[\"https:\\\/\\\/www.facebook.com\\\/ParisHeure\",\"https:\\\/\\\/www.instagram.com\\\/parisheure\\\/\"]}]}<\/script>\n<!-- \/ Yoast SEO plugin. -->","yoast_head_json":{"title":"Rolex submariner ref 5513 gilt bart simpson from 1966 &#8226; PARIS HEURE","description":"Marque: ROLEX Mod\u00e8le: SUBMARINER GILT R\u00e9f\u00e9rence: 5513 Ann\u00e9e: 1966 Serial : 146XXXX Mouvement : AUTO CAL 1520 Boite: Boitier un peu polie mais encore belle.","robots":{"index":"index","follow":"follow","max-snippet":"max-snippet:-1","max-image-preview":"max-image-preview:large","max-video-preview":"max-video-preview:-1"},"canonical":"https:\/\/www.parisheure.com\/en\/buy-watch\/rolex-submariner-ref-5513-gilt-bart-simpson-from-1966-stock-ph-watches\/","og_locale":"en_US","og_type":"article","og_title":"Rolex submariner ref 5513 gilt bart simpson from 1966 &#8226; PARIS HEURE","og_description":"Marque: ROLEX Mod\u00e8le: SUBMARINER GILT R\u00e9f\u00e9rence: 5513 Ann\u00e9e: 1966 Serial : 146XXXX Mouvement : AUTO CAL 1520 Boite: Boitier un peu polie mais encore belle.","og_url":"https:\/\/www.parisheure.com\/en\/buy-watch\/rolex-submariner-ref-5513-gilt-bart-simpson-from-1966-stock-ph-watches\/","og_site_name":"PARIS HEURE","article_publisher":"https:\/\/www.facebook.com\/ParisHeure","article_modified_time":"2026-01-08T17:05:48+00:00","og_image":[{"width":2560,"height":2560,"url":"https:\/\/www.parisheure.com\/wp-content\/uploads\/2023\/04\/ROLEX-SUBMARINER-REF-5513-GILT-BART-SIMPSON-n-146xxxx-_0018_Calque-2-scaled.jpg","type":"image\/jpeg"}],"twitter_card":"summary_large_image","schema":{"@context":"https:\/\/schema.org","@graph":[{"@type":"WebPage","@id":"https:\/\/www.parisheure.com\/acheter-montre\/rolex-submariner-ref-5513-gilt-bart-simpson-from-1966-stock-ph-watches\/","url":"https:\/\/www.parisheure.com\/acheter-montre\/rolex-submariner-ref-5513-gilt-bart-simpson-from-1966-stock-ph-watches\/","name":"Rolex submariner ref 5513 gilt bart simpson from 1966 &#8226; PARIS HEURE","isPartOf":{"@id":"https:\/\/www.parisheure.com\/#website"},"primaryImageOfPage":{"@id":"https:\/\/www.parisheure.com\/acheter-montre\/rolex-submariner-ref-5513-gilt-bart-simpson-from-1966-stock-ph-watches\/#primaryimage"},"image":{"@id":"https:\/\/www.parisheure.com\/acheter-montre\/rolex-submariner-ref-5513-gilt-bart-simpson-from-1966-stock-ph-watches\/#primaryimage"},"thumbnailUrl":"https:\/\/www.parisheure.com\/wp-content\/uploads\/2023\/04\/ROLEX-SUBMARINER-REF-5513-GILT-BART-SIMPSON-n-146xxxx-_0018_Calque-2-scaled.jpg","datePublished":"2023-05-23T15:44:41+00:00","dateModified":"2026-01-08T17:05:48+00:00","description":"Marque: ROLEX Mod\u00e8le: SUBMARINER GILT R\u00e9f\u00e9rence: 5513 Ann\u00e9e: 1966 Serial : 146XXXX Mouvement : AUTO CAL 1520 Boite: Boitier un peu polie mais encore belle.","breadcrumb":{"@id":"https:\/\/www.parisheure.com\/acheter-montre\/rolex-submariner-ref-5513-gilt-bart-simpson-from-1966-stock-ph-watches\/#breadcrumb"},"inLanguage":"en-US","potentialAction":[{"@type":"ReadAction","target":["https:\/\/www.parisheure.com\/acheter-montre\/rolex-submariner-ref-5513-gilt-bart-simpson-from-1966-stock-ph-watches\/"]}]},{"@type":"ImageObject","inLanguage":"en-US","@id":"https:\/\/www.parisheure.com\/acheter-montre\/rolex-submariner-ref-5513-gilt-bart-simpson-from-1966-stock-ph-watches\/#primaryimage","url":"https:\/\/www.parisheure.com\/wp-content\/uploads\/2023\/04\/ROLEX-SUBMARINER-REF-5513-GILT-BART-SIMPSON-n-146xxxx-_0018_Calque-2-scaled.jpg","contentUrl":"https:\/\/www.parisheure.com\/wp-content\/uploads\/2023\/04\/ROLEX-SUBMARINER-REF-5513-GILT-BART-SIMPSON-n-146xxxx-_0018_Calque-2-scaled.jpg","width":2560,"height":2560},{"@type":"BreadcrumbList","@id":"https:\/\/www.parisheure.com\/acheter-montre\/rolex-submariner-ref-5513-gilt-bart-simpson-from-1966-stock-ph-watches\/#breadcrumb","itemListElement":[{"@type":"ListItem","position":1,"name":"Accueil","item":"https:\/\/www.parisheure.com\/"},{"@type":"ListItem","position":2,"name":"WATCHES","item":"https:\/\/www.parisheure.com\/"},{"@type":"ListItem","position":3,"name":"Rolex submariner ref 5513 gilt bart simpson from 1966"}]},{"@type":"WebSite","@id":"https:\/\/www.parisheure.com\/#website","url":"https:\/\/www.parisheure.com\/","name":"PARIS HEURE","description":"Vintage watches Paris","publisher":{"@id":"https:\/\/www.parisheure.com\/#organization"},"potentialAction":[{"@type":"SearchAction","target":{"@type":"EntryPoint","urlTemplate":"https:\/\/www.parisheure.com\/?s={search_term_string}"},"query-input":{"@type":"PropertyValueSpecification","valueRequired":true,"valueName":"search_term_string"}}],"inLanguage":"en-US"},{"@type":"Organization","@id":"https:\/\/www.parisheure.com\/#organization","name":"PARIS HEURE","url":"https:\/\/www.parisheure.com\/","logo":{"@type":"ImageObject","inLanguage":"en-US","@id":"https:\/\/www.parisheure.com\/#\/schema\/logo\/image\/","url":"https:\/\/www.parisheure.com\/wp-content\/uploads\/2021\/07\/cropped-logo-paris-heure.png","contentUrl":"https:\/\/www.parisheure.com\/wp-content\/uploads\/2021\/07\/cropped-logo-paris-heure.png","width":512,"height":512,"caption":"PARIS HEURE"},"image":{"@id":"https:\/\/www.parisheure.com\/#\/schema\/logo\/image\/"},"sameAs":["https:\/\/www.facebook.com\/ParisHeure","https:\/\/www.instagram.com\/parisheure\/"]}]}},"jetpack_sharing_enabled":true,"brands":[{"id":432,"name":"Rolex","slug":"rolex"}],"_links":{"self":[{"href":"https:\/\/www.parisheure.com\/en\/wp-json\/wp\/v2\/product\/13280","targetHints":{"allow":["GET"]}}],"collection":[{"href":"https:\/\/www.parisheure.com\/en\/wp-json\/wp\/v2\/product"}],"about":[{"href":"https:\/\/www.parisheure.com\/en\/wp-json\/wp\/v2\/types\/product"}],"version-history":[{"count":5,"href":"https:\/\/www.parisheure.com\/en\/wp-json\/wp\/v2\/product\/13280\/revisions"}],"predecessor-version":[{"id":15308,"href":"https:\/\/www.parisheure.com\/en\/wp-json\/wp\/v2\/product\/13280\/revisions\/15308"}],"wp:featuredmedia":[{"embeddable":true,"href":"https:\/\/www.parisheure.com\/en\/wp-json\/wp\/v2\/media\/12889"}],"wp:attachment":[{"href":"https:\/\/www.parisheure.com\/en\/wp-json\/wp\/v2\/media?parent=13280"}],"wp:term":[{"taxonomy":"pwb-brand","embeddable":true,"href":"https:\/\/www.parisheure.com\/en\/wp-json\/wp\/v2\/pwb-brand?post=13280"},{"taxonomy":"product_brand","embeddable":true,"href":"https:\/\/www.parisheure.com\/en\/wp-json\/wp\/v2\/product_brand?post=13280"},{"taxonomy":"product_cat","embeddable":true,"href":"https:\/\/www.parisheure.com\/en\/wp-json\/wp\/v2\/product_cat?post=13280"},{"taxonomy":"product_tag","embeddable":true,"href":"https:\/\/www.parisheure.com\/en\/wp-json\/wp\/v2\/product_tag?post=13280"}],"curies":[{"name":"wp","href":"https:\/\/api.w.org\/{rel}","templated":true}]}}