{"id":13282,"date":"2023-05-23T17:48:26","date_gmt":"2023-05-23T15:48:26","guid":{"rendered":"https:\/\/www.parisheure.com\/?post_type=product&#038;p=13282"},"modified":"2024-10-22T16:37:46","modified_gmt":"2024-10-22T14:37:46","slug":"rolex-predaytona-ref-6238-rare-underline-dial-first-serie-from-1963","status":"publish","type":"product","link":"https:\/\/www.parisheure.com\/en\/buy-watch\/rolex-predaytona-ref-6238-rare-underline-dial-first-serie-from-1963\/","title":{"rendered":"ROLEX PREDAYTONA REF 6238 RARE UNDERLINE DIAL FIRST SERIE from 1963"},"content":{"rendered":"<p><strong><em>Our opinion:<\/em><\/strong> The Predaytona is the last generation of chronographs preceding the daytona released in 1963, with several references in succession: 6034, 6234 and 6238 being the last produced of these series. Released in 1962\/63, they were always produced at the same time as the first daytona reference ref 6239. Several dials were used in this reference, including some extremely rare ones such as black gilt. This model was also used in a James Bond film. A rare first version of the typical underline dial produced in a short space of time in 1963, its particular texture is unique to the 6238 in white gilt dial, as they are almost exclusively found in silver dial, which makes the watch a little smaller on the wrist. A true collector's item, with a dial in excellent condition and a serial number that perfectly matches its year of production.<\/p>","protected":false},"excerpt":{"rendered":"<p><strong><em>Brand: <\/em><\/strong>ROLEX<\/p>\n<p><strong><em>Model: <\/em><\/strong>PREDAYTONA<\/p>\n<p><strong><em>Reference: <\/em><\/strong>6238<\/p>\n<p><strong><em>Year:<\/em><\/strong> 1963<\/p>\n<p><strong><em>Serial : <\/em><\/strong>950XXX<\/p>\n<p><strong><em>Pushers:<\/em><\/strong> Smooth tappets<\/p>\n<p><strong><em>Movement\u00a0: <\/em><\/strong>MECA VALJOUX 72B<\/p>\n<p><strong><em>Case: <\/em><\/strong>Unpolished case retains its original shape, with corners still very much in evidence and a box that's still quite thick for a predaytona that had fairly thin cases. Serial numbers and part number perfectly legible.<\/p>\n<p><strong><em>Dial: <\/em><\/strong>Very rare UNDERLINE in perfect condition, matte called \"gren\u00e9\" texture swiss only patina and underline with its original UV-reactive tritium and matching hands<\/p>\n<p><strong><em>Diameter\u00a0: <\/em><\/strong>36mm<\/p>\n<p><strong><em>Bracelet:<\/em><\/strong>Riveted oyster bracelet in perfect condition with all links and little strech. Reference 7205 endlink 60.<\/p>\n<p><strong><em>Accessories: <\/em><\/strong>None<\/p>","protected":false},"featured_media":12833,"template":"","meta":[],"pwb-brand":[432],"product_brand":[],"product_cat":[107,368,90,246],"product_tag":[335,406,156,405,127,407,101],"class_list":{"0":"post-13282","1":"product","2":"type-product","3":"status-publish","4":"has-post-thumbnail","6":"pwb-brand-rolex","7":"product_cat-archives","8":"product_cat-montres-ph-watches","9":"product_cat-rolex","10":"product_cat-rolex-daytona","11":"product_tag-335","12":"product_tag-406","13":"product_tag-daytona","14":"product_tag-predaytona","15":"product_tag-rolex","16":"product_tag-undelrine","17":"product_tag-vintage","19":"first","20":"outofstock","21":"shipping-taxable","22":"product-type-simple"},"yoast_head":"<!-- This site is optimized with the Yoast SEO plugin v27.4 - https:\/\/yoast.com\/product\/yoast-seo-wordpress\/ -->\n<title>ROLEX PREDAYTONA REF 6238 RARE UNDERLINE DIAL FIRST SERIE<\/title>\n<meta name=\"description\" content=\"Marque: ROLEX Mod\u00e8le: PREDAYTONA R\u00e9f\u00e9rence: 6238 Ann\u00e9e: 1963 Serial : 950XXX Poussoirs: Poussoirs lisses Mouvement : MECA VALJOUX 72B Boite: Boitier peu polie\" \/>\n<meta name=\"robots\" content=\"index, follow, max-snippet:-1, max-image-preview:large, max-video-preview:-1\" \/>\n<link rel=\"canonical\" href=\"https:\/\/www.parisheure.com\/en\/buy-watch\/rolex-predaytona-ref-6238-rare-underline-dial-first-serie-from-1963\/\" \/>\n<meta property=\"og:locale\" content=\"en_US\" \/>\n<meta property=\"og:type\" content=\"article\" \/>\n<meta property=\"og:title\" content=\"ROLEX PREDAYTONA REF 6238 RARE UNDERLINE DIAL FIRST SERIE\" \/>\n<meta property=\"og:description\" content=\"Marque: ROLEX Mod\u00e8le: PREDAYTONA R\u00e9f\u00e9rence: 6238 Ann\u00e9e: 1963 Serial : 950XXX Poussoirs: Poussoirs lisses Mouvement : MECA VALJOUX 72B Boite: Boitier peu polie\" \/>\n<meta property=\"og:url\" content=\"https:\/\/www.parisheure.com\/en\/buy-watch\/rolex-predaytona-ref-6238-rare-underline-dial-first-serie-from-1963\/\" \/>\n<meta property=\"og:site_name\" content=\"PARIS HEURE\" \/>\n<meta property=\"article:publisher\" content=\"https:\/\/www.facebook.com\/ParisHeure\" \/>\n<meta property=\"article:modified_time\" content=\"2024-10-22T14:37:46+00:00\" \/>\n<meta property=\"og:image\" content=\"https:\/\/www.parisheure.com\/wp-content\/uploads\/2023\/04\/ROLEX-PREDAYTONA-REF-6238-MAT-UNDERLINE-n-950XXX-_0019_Calque-7-scaled.jpg\" \/>\n\t<meta property=\"og:image:width\" content=\"2560\" \/>\n\t<meta property=\"og:image:height\" content=\"2560\" \/>\n\t<meta property=\"og:image:type\" content=\"image\/jpeg\" \/>\n<meta name=\"twitter:card\" content=\"summary_large_image\" \/>\n<script type=\"application\/ld+json\" class=\"yoast-schema-graph\">{\"@context\":\"https:\\\/\\\/schema.org\",\"@graph\":[{\"@type\":\"WebPage\",\"@id\":\"https:\\\/\\\/www.parisheure.com\\\/acheter-montre\\\/rolex-predaytona-ref-6238-rare-underline-dial-first-serie-from-1963\\\/\",\"url\":\"https:\\\/\\\/www.parisheure.com\\\/acheter-montre\\\/rolex-predaytona-ref-6238-rare-underline-dial-first-serie-from-1963\\\/\",\"name\":\"ROLEX PREDAYTONA REF 6238 RARE UNDERLINE DIAL FIRST SERIE\",\"isPartOf\":{\"@id\":\"https:\\\/\\\/www.parisheure.com\\\/#website\"},\"primaryImageOfPage\":{\"@id\":\"https:\\\/\\\/www.parisheure.com\\\/acheter-montre\\\/rolex-predaytona-ref-6238-rare-underline-dial-first-serie-from-1963\\\/#primaryimage\"},\"image\":{\"@id\":\"https:\\\/\\\/www.parisheure.com\\\/acheter-montre\\\/rolex-predaytona-ref-6238-rare-underline-dial-first-serie-from-1963\\\/#primaryimage\"},\"thumbnailUrl\":\"https:\\\/\\\/www.parisheure.com\\\/wp-content\\\/uploads\\\/2023\\\/04\\\/ROLEX-PREDAYTONA-REF-6238-MAT-UNDERLINE-n-950XXX-_0019_Calque-7-scaled.jpg\",\"datePublished\":\"2023-05-23T15:48:26+00:00\",\"dateModified\":\"2024-10-22T14:37:46+00:00\",\"description\":\"Marque: ROLEX Mod\u00e8le: PREDAYTONA R\u00e9f\u00e9rence: 6238 Ann\u00e9e: 1963 Serial : 950XXX Poussoirs: Poussoirs lisses Mouvement : MECA VALJOUX 72B Boite: Boitier peu polie\",\"breadcrumb\":{\"@id\":\"https:\\\/\\\/www.parisheure.com\\\/acheter-montre\\\/rolex-predaytona-ref-6238-rare-underline-dial-first-serie-from-1963\\\/#breadcrumb\"},\"inLanguage\":\"en-US\",\"potentialAction\":[{\"@type\":\"ReadAction\",\"target\":[\"https:\\\/\\\/www.parisheure.com\\\/acheter-montre\\\/rolex-predaytona-ref-6238-rare-underline-dial-first-serie-from-1963\\\/\"]}]},{\"@type\":\"ImageObject\",\"inLanguage\":\"en-US\",\"@id\":\"https:\\\/\\\/www.parisheure.com\\\/acheter-montre\\\/rolex-predaytona-ref-6238-rare-underline-dial-first-serie-from-1963\\\/#primaryimage\",\"url\":\"https:\\\/\\\/www.parisheure.com\\\/wp-content\\\/uploads\\\/2023\\\/04\\\/ROLEX-PREDAYTONA-REF-6238-MAT-UNDERLINE-n-950XXX-_0019_Calque-7-scaled.jpg\",\"contentUrl\":\"https:\\\/\\\/www.parisheure.com\\\/wp-content\\\/uploads\\\/2023\\\/04\\\/ROLEX-PREDAYTONA-REF-6238-MAT-UNDERLINE-n-950XXX-_0019_Calque-7-scaled.jpg\",\"width\":2560,\"height\":2560},{\"@type\":\"BreadcrumbList\",\"@id\":\"https:\\\/\\\/www.parisheure.com\\\/acheter-montre\\\/rolex-predaytona-ref-6238-rare-underline-dial-first-serie-from-1963\\\/#breadcrumb\",\"itemListElement\":[{\"@type\":\"ListItem\",\"position\":1,\"name\":\"Accueil\",\"item\":\"https:\\\/\\\/www.parisheure.com\\\/\"},{\"@type\":\"ListItem\",\"position\":2,\"name\":\"WATCHES\",\"item\":\"https:\\\/\\\/www.parisheure.com\\\/\"},{\"@type\":\"ListItem\",\"position\":3,\"name\":\"ROLEX PREDAYTONA REF 6238 RARE UNDERLINE DIAL FIRST SERIE from 1963\"}]},{\"@type\":\"WebSite\",\"@id\":\"https:\\\/\\\/www.parisheure.com\\\/#website\",\"url\":\"https:\\\/\\\/www.parisheure.com\\\/\",\"name\":\"PARIS HEURE\",\"description\":\"Vintage watches Paris\",\"publisher\":{\"@id\":\"https:\\\/\\\/www.parisheure.com\\\/#organization\"},\"potentialAction\":[{\"@type\":\"SearchAction\",\"target\":{\"@type\":\"EntryPoint\",\"urlTemplate\":\"https:\\\/\\\/www.parisheure.com\\\/?s={search_term_string}\"},\"query-input\":{\"@type\":\"PropertyValueSpecification\",\"valueRequired\":true,\"valueName\":\"search_term_string\"}}],\"inLanguage\":\"en-US\"},{\"@type\":\"Organization\",\"@id\":\"https:\\\/\\\/www.parisheure.com\\\/#organization\",\"name\":\"PARIS HEURE\",\"url\":\"https:\\\/\\\/www.parisheure.com\\\/\",\"logo\":{\"@type\":\"ImageObject\",\"inLanguage\":\"en-US\",\"@id\":\"https:\\\/\\\/www.parisheure.com\\\/#\\\/schema\\\/logo\\\/image\\\/\",\"url\":\"https:\\\/\\\/www.parisheure.com\\\/wp-content\\\/uploads\\\/2021\\\/07\\\/cropped-logo-paris-heure.png\",\"contentUrl\":\"https:\\\/\\\/www.parisheure.com\\\/wp-content\\\/uploads\\\/2021\\\/07\\\/cropped-logo-paris-heure.png\",\"width\":512,\"height\":512,\"caption\":\"PARIS HEURE\"},\"image\":{\"@id\":\"https:\\\/\\\/www.parisheure.com\\\/#\\\/schema\\\/logo\\\/image\\\/\"},\"sameAs\":[\"https:\\\/\\\/www.facebook.com\\\/ParisHeure\",\"https:\\\/\\\/www.instagram.com\\\/parisheure\\\/\"]}]}<\/script>\n<!-- \/ Yoast SEO plugin. -->","yoast_head_json":{"title":"ROLEX PREDAYTONA REF 6238 RARE UNDERLINE DIAL FIRST SERIE","description":"Marque: ROLEX Mod\u00e8le: PREDAYTONA R\u00e9f\u00e9rence: 6238 Ann\u00e9e: 1963 Serial : 950XXX Poussoirs: Poussoirs lisses Mouvement : MECA VALJOUX 72B Boite: Boitier peu polie","robots":{"index":"index","follow":"follow","max-snippet":"max-snippet:-1","max-image-preview":"max-image-preview:large","max-video-preview":"max-video-preview:-1"},"canonical":"https:\/\/www.parisheure.com\/en\/buy-watch\/rolex-predaytona-ref-6238-rare-underline-dial-first-serie-from-1963\/","og_locale":"en_US","og_type":"article","og_title":"ROLEX PREDAYTONA REF 6238 RARE UNDERLINE DIAL FIRST SERIE","og_description":"Marque: ROLEX Mod\u00e8le: PREDAYTONA R\u00e9f\u00e9rence: 6238 Ann\u00e9e: 1963 Serial : 950XXX Poussoirs: Poussoirs lisses Mouvement : MECA VALJOUX 72B Boite: Boitier peu polie","og_url":"https:\/\/www.parisheure.com\/en\/buy-watch\/rolex-predaytona-ref-6238-rare-underline-dial-first-serie-from-1963\/","og_site_name":"PARIS HEURE","article_publisher":"https:\/\/www.facebook.com\/ParisHeure","article_modified_time":"2024-10-22T14:37:46+00:00","og_image":[{"width":2560,"height":2560,"url":"https:\/\/www.parisheure.com\/wp-content\/uploads\/2023\/04\/ROLEX-PREDAYTONA-REF-6238-MAT-UNDERLINE-n-950XXX-_0019_Calque-7-scaled.jpg","type":"image\/jpeg"}],"twitter_card":"summary_large_image","schema":{"@context":"https:\/\/schema.org","@graph":[{"@type":"WebPage","@id":"https:\/\/www.parisheure.com\/acheter-montre\/rolex-predaytona-ref-6238-rare-underline-dial-first-serie-from-1963\/","url":"https:\/\/www.parisheure.com\/acheter-montre\/rolex-predaytona-ref-6238-rare-underline-dial-first-serie-from-1963\/","name":"ROLEX PREDAYTONA REF 6238 RARE UNDERLINE DIAL FIRST SERIE","isPartOf":{"@id":"https:\/\/www.parisheure.com\/#website"},"primaryImageOfPage":{"@id":"https:\/\/www.parisheure.com\/acheter-montre\/rolex-predaytona-ref-6238-rare-underline-dial-first-serie-from-1963\/#primaryimage"},"image":{"@id":"https:\/\/www.parisheure.com\/acheter-montre\/rolex-predaytona-ref-6238-rare-underline-dial-first-serie-from-1963\/#primaryimage"},"thumbnailUrl":"https:\/\/www.parisheure.com\/wp-content\/uploads\/2023\/04\/ROLEX-PREDAYTONA-REF-6238-MAT-UNDERLINE-n-950XXX-_0019_Calque-7-scaled.jpg","datePublished":"2023-05-23T15:48:26+00:00","dateModified":"2024-10-22T14:37:46+00:00","description":"Marque: ROLEX Mod\u00e8le: PREDAYTONA R\u00e9f\u00e9rence: 6238 Ann\u00e9e: 1963 Serial : 950XXX Poussoirs: Poussoirs lisses Mouvement : MECA VALJOUX 72B Boite: Boitier peu polie","breadcrumb":{"@id":"https:\/\/www.parisheure.com\/acheter-montre\/rolex-predaytona-ref-6238-rare-underline-dial-first-serie-from-1963\/#breadcrumb"},"inLanguage":"en-US","potentialAction":[{"@type":"ReadAction","target":["https:\/\/www.parisheure.com\/acheter-montre\/rolex-predaytona-ref-6238-rare-underline-dial-first-serie-from-1963\/"]}]},{"@type":"ImageObject","inLanguage":"en-US","@id":"https:\/\/www.parisheure.com\/acheter-montre\/rolex-predaytona-ref-6238-rare-underline-dial-first-serie-from-1963\/#primaryimage","url":"https:\/\/www.parisheure.com\/wp-content\/uploads\/2023\/04\/ROLEX-PREDAYTONA-REF-6238-MAT-UNDERLINE-n-950XXX-_0019_Calque-7-scaled.jpg","contentUrl":"https:\/\/www.parisheure.com\/wp-content\/uploads\/2023\/04\/ROLEX-PREDAYTONA-REF-6238-MAT-UNDERLINE-n-950XXX-_0019_Calque-7-scaled.jpg","width":2560,"height":2560},{"@type":"BreadcrumbList","@id":"https:\/\/www.parisheure.com\/acheter-montre\/rolex-predaytona-ref-6238-rare-underline-dial-first-serie-from-1963\/#breadcrumb","itemListElement":[{"@type":"ListItem","position":1,"name":"Accueil","item":"https:\/\/www.parisheure.com\/"},{"@type":"ListItem","position":2,"name":"WATCHES","item":"https:\/\/www.parisheure.com\/"},{"@type":"ListItem","position":3,"name":"ROLEX PREDAYTONA REF 6238 RARE UNDERLINE DIAL FIRST SERIE from 1963"}]},{"@type":"WebSite","@id":"https:\/\/www.parisheure.com\/#website","url":"https:\/\/www.parisheure.com\/","name":"PARIS HEURE","description":"Vintage watches Paris","publisher":{"@id":"https:\/\/www.parisheure.com\/#organization"},"potentialAction":[{"@type":"SearchAction","target":{"@type":"EntryPoint","urlTemplate":"https:\/\/www.parisheure.com\/?s={search_term_string}"},"query-input":{"@type":"PropertyValueSpecification","valueRequired":true,"valueName":"search_term_string"}}],"inLanguage":"en-US"},{"@type":"Organization","@id":"https:\/\/www.parisheure.com\/#organization","name":"PARIS HEURE","url":"https:\/\/www.parisheure.com\/","logo":{"@type":"ImageObject","inLanguage":"en-US","@id":"https:\/\/www.parisheure.com\/#\/schema\/logo\/image\/","url":"https:\/\/www.parisheure.com\/wp-content\/uploads\/2021\/07\/cropped-logo-paris-heure.png","contentUrl":"https:\/\/www.parisheure.com\/wp-content\/uploads\/2021\/07\/cropped-logo-paris-heure.png","width":512,"height":512,"caption":"PARIS HEURE"},"image":{"@id":"https:\/\/www.parisheure.com\/#\/schema\/logo\/image\/"},"sameAs":["https:\/\/www.facebook.com\/ParisHeure","https:\/\/www.instagram.com\/parisheure\/"]}]}},"jetpack_sharing_enabled":true,"brands":[{"id":432,"name":"Rolex","slug":"rolex"}],"_links":{"self":[{"href":"https:\/\/www.parisheure.com\/en\/wp-json\/wp\/v2\/product\/13282","targetHints":{"allow":["GET"]}}],"collection":[{"href":"https:\/\/www.parisheure.com\/en\/wp-json\/wp\/v2\/product"}],"about":[{"href":"https:\/\/www.parisheure.com\/en\/wp-json\/wp\/v2\/types\/product"}],"version-history":[{"count":1,"href":"https:\/\/www.parisheure.com\/en\/wp-json\/wp\/v2\/product\/13282\/revisions"}],"predecessor-version":[{"id":14133,"href":"https:\/\/www.parisheure.com\/en\/wp-json\/wp\/v2\/product\/13282\/revisions\/14133"}],"wp:featuredmedia":[{"embeddable":true,"href":"https:\/\/www.parisheure.com\/en\/wp-json\/wp\/v2\/media\/12833"}],"wp:attachment":[{"href":"https:\/\/www.parisheure.com\/en\/wp-json\/wp\/v2\/media?parent=13282"}],"wp:term":[{"taxonomy":"pwb-brand","embeddable":true,"href":"https:\/\/www.parisheure.com\/en\/wp-json\/wp\/v2\/pwb-brand?post=13282"},{"taxonomy":"product_brand","embeddable":true,"href":"https:\/\/www.parisheure.com\/en\/wp-json\/wp\/v2\/product_brand?post=13282"},{"taxonomy":"product_cat","embeddable":true,"href":"https:\/\/www.parisheure.com\/en\/wp-json\/wp\/v2\/product_cat?post=13282"},{"taxonomy":"product_tag","embeddable":true,"href":"https:\/\/www.parisheure.com\/en\/wp-json\/wp\/v2\/product_tag?post=13282"}],"curies":[{"name":"wp","href":"https:\/\/api.w.org\/{rel}","templated":true}]}}