{"id":13285,"date":"2023-05-23T17:53:03","date_gmt":"2023-05-23T15:53:03","guid":{"rendered":"https:\/\/www.parisheure.com\/?post_type=product&#038;p=13285"},"modified":"2025-01-06T16:32:45","modified_gmt":"2025-01-06T15:32:45","slug":"panerai-luminor-pam-26-k-destro-pvd-full-set-acier-from-2009-stock-ph-watches","status":"publish","type":"product","link":"https:\/\/www.parisheure.com\/en\/buy-watch\/panerai-luminor-pam-26-k-destro-pvd-full-set-acier-from-2009-stock-ph-watches\/","title":{"rendered":"Panerai luminor pam 26 k destro pvd full set acier from 2009 ( stock ph watches )"},"content":{"rendered":"<p><strong>Our opinion:<\/strong> Panerai a une vraie histoire militaire en collaboration avec Rolex. Cette marque de Florence a su se d\u00e9marquer \u00e0 l\u2019\u00e9poque par son design, de montres ultra r\u00e9sistantes destin\u00e9 aux plongeurs de l\u2019arm\u00e9e dans les ann\u00e9es 40. Longtemps oubli\u00e9 puis relanc\u00e9 dans les ann\u00e9es pr\u00e9 Vend\u00f4me avec des s\u00e9ries tr\u00e8s limit\u00e9e. Panerai a su cr\u00e9er de nouveaux mod\u00e8les souvent inspir\u00e9s du pass\u00e9 avec un design unique. Celle-ci est tr\u00e8s int\u00e9ressante car peu de grandes marques produisent des montres de gauchers avec remontoir invers\u00e9 visant \u00e0 plus de confort port\u00e9 au poignet droit. De plus son traitement au Pvd en fait une s\u00e9rie rare et peu r\u00e9\u00e9dit\u00e9e. Limit\u00e9e \u00e0 1000 exemplaires cette montre a beaucoup de pr\u00e9sence au poignet en \u00e9tat quasi neuf avec sa boite ses papiers et tous ces accessoires.<\/p>","protected":false},"excerpt":{"rendered":"<h4><b>Peu produite Panerai luminor pam 26 k destro pvd full set <\/b><\/h4>\n<p><strong>Reference: <\/strong>PAM26<\/p>\n<p><strong>Year:<\/strong> 2009<\/p>\n<p><strong>Serial : <\/strong>N\u00b0 954\/1000<\/p>\n<p><strong>Movement\u00a0: <\/strong>MECA OP II 56H POWER RESERVE<\/p>\n<p><strong>Case: <\/strong>Boitier trait\u00e9 en PVD jamais polie. Aucun chocs important ou rayures sur le boitier. Fond de boite en parfait \u00e9tat et filetage nickel. Le pvd reste en bon \u00e9tat g\u00e9n\u00e9ral de l\u00e9ger manque sont pr\u00e9sent mais tr\u00e8s peu visible au poignet. Montre de gaucher avec remontoir invers\u00e9.<\/p>\n<p><strong>Dial: <\/strong>Beau cadran sandwich noir en parfait \u00e9tat au luminova.<\/p>\n<p><strong>Diameter\u00a0: <\/strong>44mm<\/p>\n<p><strong>Bracelet:<\/strong>: Bracelet cuir noir Panerai d\u2019origine.<\/p>\n<p><strong>Accessories: <\/strong>Boite et papiers d\u2019origine et certificat num\u00e9rot\u00e9 954\/1000 car c\u2019est une \u00e9dition limit\u00e9e. Bracelet caoutchouc suppl\u00e9mentaire et tournevis.<\/p>","protected":false},"featured_media":12726,"template":"","meta":[],"pwb-brand":[435],"product_brand":[],"product_cat":[368,138,93],"product_tag":[410,106,408,121,409,298],"class_list":{"0":"post-13285","1":"product","2":"type-product","3":"status-publish","4":"has-post-thumbnail","6":"pwb-brand-panerai","7":"product_cat-montres-ph-watches","8":"product_cat-nouveautes","9":"product_cat-panerai","10":"product_tag-destro","11":"product_tag-full-set","12":"product_tag-pam26","13":"product_tag-panerai","14":"product_tag-pvd","15":"product_tag-rare","17":"first","18":"instock","19":"shipping-taxable","20":"purchasable","21":"product-type-simple"},"yoast_head":"<!-- This site is optimized with the Yoast SEO plugin v27.4 - https:\/\/yoast.com\/product\/yoast-seo-wordpress\/ -->\n<title>PANERAI LUMINOR PAM 26 K DESTRO PVD FULL SET ACIER<\/title>\n<meta name=\"description\" content=\"Marque: PANERAI Mod\u00e8le: LUMINOR PAM 26 DESTRO PVD R\u00e9f\u00e9rence: PAM26 Ann\u00e9e: 2009 Serial : N\u00b0 954\/1000 Mouvement : MECA OP II 56H POWER RESERVE\" \/>\n<meta name=\"robots\" content=\"index, follow, max-snippet:-1, max-image-preview:large, max-video-preview:-1\" \/>\n<link rel=\"canonical\" href=\"https:\/\/www.parisheure.com\/en\/buy-watch\/panerai-luminor-pam-26-k-destro-pvd-full-set-acier-from-2009-stock-ph-watches\/\" \/>\n<meta property=\"og:locale\" content=\"en_US\" \/>\n<meta property=\"og:type\" content=\"article\" \/>\n<meta property=\"og:title\" content=\"PANERAI LUMINOR PAM 26 K DESTRO PVD FULL SET ACIER\" \/>\n<meta property=\"og:description\" content=\"Marque: PANERAI Mod\u00e8le: LUMINOR PAM 26 DESTRO PVD R\u00e9f\u00e9rence: PAM26 Ann\u00e9e: 2009 Serial : N\u00b0 954\/1000 Mouvement : MECA OP II 56H POWER RESERVE\" \/>\n<meta property=\"og:url\" content=\"https:\/\/www.parisheure.com\/en\/buy-watch\/panerai-luminor-pam-26-k-destro-pvd-full-set-acier-from-2009-stock-ph-watches\/\" \/>\n<meta property=\"og:site_name\" content=\"PARIS HEURE\" \/>\n<meta property=\"article:publisher\" content=\"https:\/\/www.facebook.com\/ParisHeure\" \/>\n<meta property=\"article:modified_time\" content=\"2025-01-06T15:32:45+00:00\" \/>\n<meta property=\"og:image\" content=\"https:\/\/www.parisheure.com\/wp-content\/uploads\/2023\/04\/PANERAI-PAM-PVD-DESTRO-FULL-SET-PAM-26-_0008_Calque-2-scaled.jpg\" \/>\n\t<meta property=\"og:image:width\" content=\"2560\" \/>\n\t<meta property=\"og:image:height\" content=\"2560\" \/>\n\t<meta property=\"og:image:type\" content=\"image\/jpeg\" \/>\n<meta name=\"twitter:card\" content=\"summary_large_image\" \/>\n<script type=\"application\/ld+json\" class=\"yoast-schema-graph\">{\"@context\":\"https:\\\/\\\/schema.org\",\"@graph\":[{\"@type\":\"WebPage\",\"@id\":\"https:\\\/\\\/www.parisheure.com\\\/acheter-montre\\\/panerai-luminor-pam-26-k-destro-pvd-full-set-acier-from-2009-stock-ph-watches\\\/\",\"url\":\"https:\\\/\\\/www.parisheure.com\\\/acheter-montre\\\/panerai-luminor-pam-26-k-destro-pvd-full-set-acier-from-2009-stock-ph-watches\\\/\",\"name\":\"PANERAI LUMINOR PAM 26 K DESTRO PVD FULL SET ACIER\",\"isPartOf\":{\"@id\":\"https:\\\/\\\/www.parisheure.com\\\/#website\"},\"primaryImageOfPage\":{\"@id\":\"https:\\\/\\\/www.parisheure.com\\\/acheter-montre\\\/panerai-luminor-pam-26-k-destro-pvd-full-set-acier-from-2009-stock-ph-watches\\\/#primaryimage\"},\"image\":{\"@id\":\"https:\\\/\\\/www.parisheure.com\\\/acheter-montre\\\/panerai-luminor-pam-26-k-destro-pvd-full-set-acier-from-2009-stock-ph-watches\\\/#primaryimage\"},\"thumbnailUrl\":\"https:\\\/\\\/www.parisheure.com\\\/wp-content\\\/uploads\\\/2023\\\/04\\\/PANERAI-PAM-PVD-DESTRO-FULL-SET-PAM-26-_0008_Calque-2-scaled.jpg\",\"datePublished\":\"2023-05-23T15:53:03+00:00\",\"dateModified\":\"2025-01-06T15:32:45+00:00\",\"description\":\"Marque: PANERAI Mod\u00e8le: LUMINOR PAM 26 DESTRO PVD R\u00e9f\u00e9rence: PAM26 Ann\u00e9e: 2009 Serial : N\u00b0 954\\\/1000 Mouvement : MECA OP II 56H POWER RESERVE\",\"breadcrumb\":{\"@id\":\"https:\\\/\\\/www.parisheure.com\\\/acheter-montre\\\/panerai-luminor-pam-26-k-destro-pvd-full-set-acier-from-2009-stock-ph-watches\\\/#breadcrumb\"},\"inLanguage\":\"en-US\",\"potentialAction\":[{\"@type\":\"ReadAction\",\"target\":[\"https:\\\/\\\/www.parisheure.com\\\/acheter-montre\\\/panerai-luminor-pam-26-k-destro-pvd-full-set-acier-from-2009-stock-ph-watches\\\/\"]}]},{\"@type\":\"ImageObject\",\"inLanguage\":\"en-US\",\"@id\":\"https:\\\/\\\/www.parisheure.com\\\/acheter-montre\\\/panerai-luminor-pam-26-k-destro-pvd-full-set-acier-from-2009-stock-ph-watches\\\/#primaryimage\",\"url\":\"https:\\\/\\\/www.parisheure.com\\\/wp-content\\\/uploads\\\/2023\\\/04\\\/PANERAI-PAM-PVD-DESTRO-FULL-SET-PAM-26-_0008_Calque-2-scaled.jpg\",\"contentUrl\":\"https:\\\/\\\/www.parisheure.com\\\/wp-content\\\/uploads\\\/2023\\\/04\\\/PANERAI-PAM-PVD-DESTRO-FULL-SET-PAM-26-_0008_Calque-2-scaled.jpg\",\"width\":2560,\"height\":2560},{\"@type\":\"BreadcrumbList\",\"@id\":\"https:\\\/\\\/www.parisheure.com\\\/acheter-montre\\\/panerai-luminor-pam-26-k-destro-pvd-full-set-acier-from-2009-stock-ph-watches\\\/#breadcrumb\",\"itemListElement\":[{\"@type\":\"ListItem\",\"position\":1,\"name\":\"Accueil\",\"item\":\"https:\\\/\\\/www.parisheure.com\\\/\"},{\"@type\":\"ListItem\",\"position\":2,\"name\":\"WATCHES\",\"item\":\"https:\\\/\\\/www.parisheure.com\\\/\"},{\"@type\":\"ListItem\",\"position\":3,\"name\":\"Panerai luminor pam 26 k destro pvd full set acier from 2009 ( stock ph watches )\"}]},{\"@type\":\"WebSite\",\"@id\":\"https:\\\/\\\/www.parisheure.com\\\/#website\",\"url\":\"https:\\\/\\\/www.parisheure.com\\\/\",\"name\":\"PARIS HEURE\",\"description\":\"Vintage watches Paris\",\"publisher\":{\"@id\":\"https:\\\/\\\/www.parisheure.com\\\/#organization\"},\"potentialAction\":[{\"@type\":\"SearchAction\",\"target\":{\"@type\":\"EntryPoint\",\"urlTemplate\":\"https:\\\/\\\/www.parisheure.com\\\/?s={search_term_string}\"},\"query-input\":{\"@type\":\"PropertyValueSpecification\",\"valueRequired\":true,\"valueName\":\"search_term_string\"}}],\"inLanguage\":\"en-US\"},{\"@type\":\"Organization\",\"@id\":\"https:\\\/\\\/www.parisheure.com\\\/#organization\",\"name\":\"PARIS HEURE\",\"url\":\"https:\\\/\\\/www.parisheure.com\\\/\",\"logo\":{\"@type\":\"ImageObject\",\"inLanguage\":\"en-US\",\"@id\":\"https:\\\/\\\/www.parisheure.com\\\/#\\\/schema\\\/logo\\\/image\\\/\",\"url\":\"https:\\\/\\\/www.parisheure.com\\\/wp-content\\\/uploads\\\/2021\\\/07\\\/cropped-logo-paris-heure.png\",\"contentUrl\":\"https:\\\/\\\/www.parisheure.com\\\/wp-content\\\/uploads\\\/2021\\\/07\\\/cropped-logo-paris-heure.png\",\"width\":512,\"height\":512,\"caption\":\"PARIS HEURE\"},\"image\":{\"@id\":\"https:\\\/\\\/www.parisheure.com\\\/#\\\/schema\\\/logo\\\/image\\\/\"},\"sameAs\":[\"https:\\\/\\\/www.facebook.com\\\/ParisHeure\",\"https:\\\/\\\/www.instagram.com\\\/parisheure\\\/\"]}]}<\/script>\n<!-- \/ Yoast SEO plugin. -->","yoast_head_json":{"title":"PANERAI LUMINOR PAM 26 K DESTRO PVD FULL SET ACIER","description":"Marque: PANERAI Mod\u00e8le: LUMINOR PAM 26 DESTRO PVD R\u00e9f\u00e9rence: PAM26 Ann\u00e9e: 2009 Serial : N\u00b0 954\/1000 Mouvement : MECA OP II 56H POWER RESERVE","robots":{"index":"index","follow":"follow","max-snippet":"max-snippet:-1","max-image-preview":"max-image-preview:large","max-video-preview":"max-video-preview:-1"},"canonical":"https:\/\/www.parisheure.com\/en\/buy-watch\/panerai-luminor-pam-26-k-destro-pvd-full-set-acier-from-2009-stock-ph-watches\/","og_locale":"en_US","og_type":"article","og_title":"PANERAI LUMINOR PAM 26 K DESTRO PVD FULL SET ACIER","og_description":"Marque: PANERAI Mod\u00e8le: LUMINOR PAM 26 DESTRO PVD R\u00e9f\u00e9rence: PAM26 Ann\u00e9e: 2009 Serial : N\u00b0 954\/1000 Mouvement : MECA OP II 56H POWER RESERVE","og_url":"https:\/\/www.parisheure.com\/en\/buy-watch\/panerai-luminor-pam-26-k-destro-pvd-full-set-acier-from-2009-stock-ph-watches\/","og_site_name":"PARIS HEURE","article_publisher":"https:\/\/www.facebook.com\/ParisHeure","article_modified_time":"2025-01-06T15:32:45+00:00","og_image":[{"width":2560,"height":2560,"url":"https:\/\/www.parisheure.com\/wp-content\/uploads\/2023\/04\/PANERAI-PAM-PVD-DESTRO-FULL-SET-PAM-26-_0008_Calque-2-scaled.jpg","type":"image\/jpeg"}],"twitter_card":"summary_large_image","schema":{"@context":"https:\/\/schema.org","@graph":[{"@type":"WebPage","@id":"https:\/\/www.parisheure.com\/acheter-montre\/panerai-luminor-pam-26-k-destro-pvd-full-set-acier-from-2009-stock-ph-watches\/","url":"https:\/\/www.parisheure.com\/acheter-montre\/panerai-luminor-pam-26-k-destro-pvd-full-set-acier-from-2009-stock-ph-watches\/","name":"PANERAI LUMINOR PAM 26 K DESTRO PVD FULL SET ACIER","isPartOf":{"@id":"https:\/\/www.parisheure.com\/#website"},"primaryImageOfPage":{"@id":"https:\/\/www.parisheure.com\/acheter-montre\/panerai-luminor-pam-26-k-destro-pvd-full-set-acier-from-2009-stock-ph-watches\/#primaryimage"},"image":{"@id":"https:\/\/www.parisheure.com\/acheter-montre\/panerai-luminor-pam-26-k-destro-pvd-full-set-acier-from-2009-stock-ph-watches\/#primaryimage"},"thumbnailUrl":"https:\/\/www.parisheure.com\/wp-content\/uploads\/2023\/04\/PANERAI-PAM-PVD-DESTRO-FULL-SET-PAM-26-_0008_Calque-2-scaled.jpg","datePublished":"2023-05-23T15:53:03+00:00","dateModified":"2025-01-06T15:32:45+00:00","description":"Marque: PANERAI Mod\u00e8le: LUMINOR PAM 26 DESTRO PVD R\u00e9f\u00e9rence: PAM26 Ann\u00e9e: 2009 Serial : N\u00b0 954\/1000 Mouvement : MECA OP II 56H POWER RESERVE","breadcrumb":{"@id":"https:\/\/www.parisheure.com\/acheter-montre\/panerai-luminor-pam-26-k-destro-pvd-full-set-acier-from-2009-stock-ph-watches\/#breadcrumb"},"inLanguage":"en-US","potentialAction":[{"@type":"ReadAction","target":["https:\/\/www.parisheure.com\/acheter-montre\/panerai-luminor-pam-26-k-destro-pvd-full-set-acier-from-2009-stock-ph-watches\/"]}]},{"@type":"ImageObject","inLanguage":"en-US","@id":"https:\/\/www.parisheure.com\/acheter-montre\/panerai-luminor-pam-26-k-destro-pvd-full-set-acier-from-2009-stock-ph-watches\/#primaryimage","url":"https:\/\/www.parisheure.com\/wp-content\/uploads\/2023\/04\/PANERAI-PAM-PVD-DESTRO-FULL-SET-PAM-26-_0008_Calque-2-scaled.jpg","contentUrl":"https:\/\/www.parisheure.com\/wp-content\/uploads\/2023\/04\/PANERAI-PAM-PVD-DESTRO-FULL-SET-PAM-26-_0008_Calque-2-scaled.jpg","width":2560,"height":2560},{"@type":"BreadcrumbList","@id":"https:\/\/www.parisheure.com\/acheter-montre\/panerai-luminor-pam-26-k-destro-pvd-full-set-acier-from-2009-stock-ph-watches\/#breadcrumb","itemListElement":[{"@type":"ListItem","position":1,"name":"Accueil","item":"https:\/\/www.parisheure.com\/"},{"@type":"ListItem","position":2,"name":"WATCHES","item":"https:\/\/www.parisheure.com\/"},{"@type":"ListItem","position":3,"name":"Panerai luminor pam 26 k destro pvd full set acier from 2009 ( stock ph watches )"}]},{"@type":"WebSite","@id":"https:\/\/www.parisheure.com\/#website","url":"https:\/\/www.parisheure.com\/","name":"PARIS HEURE","description":"Vintage watches Paris","publisher":{"@id":"https:\/\/www.parisheure.com\/#organization"},"potentialAction":[{"@type":"SearchAction","target":{"@type":"EntryPoint","urlTemplate":"https:\/\/www.parisheure.com\/?s={search_term_string}"},"query-input":{"@type":"PropertyValueSpecification","valueRequired":true,"valueName":"search_term_string"}}],"inLanguage":"en-US"},{"@type":"Organization","@id":"https:\/\/www.parisheure.com\/#organization","name":"PARIS HEURE","url":"https:\/\/www.parisheure.com\/","logo":{"@type":"ImageObject","inLanguage":"en-US","@id":"https:\/\/www.parisheure.com\/#\/schema\/logo\/image\/","url":"https:\/\/www.parisheure.com\/wp-content\/uploads\/2021\/07\/cropped-logo-paris-heure.png","contentUrl":"https:\/\/www.parisheure.com\/wp-content\/uploads\/2021\/07\/cropped-logo-paris-heure.png","width":512,"height":512,"caption":"PARIS HEURE"},"image":{"@id":"https:\/\/www.parisheure.com\/#\/schema\/logo\/image\/"},"sameAs":["https:\/\/www.facebook.com\/ParisHeure","https:\/\/www.instagram.com\/parisheure\/"]}]}},"jetpack_sharing_enabled":true,"brands":[{"id":435,"name":"Panerai","slug":"panerai"}],"_links":{"self":[{"href":"https:\/\/www.parisheure.com\/en\/wp-json\/wp\/v2\/product\/13285","targetHints":{"allow":["GET"]}}],"collection":[{"href":"https:\/\/www.parisheure.com\/en\/wp-json\/wp\/v2\/product"}],"about":[{"href":"https:\/\/www.parisheure.com\/en\/wp-json\/wp\/v2\/types\/product"}],"version-history":[{"count":3,"href":"https:\/\/www.parisheure.com\/en\/wp-json\/wp\/v2\/product\/13285\/revisions"}],"predecessor-version":[{"id":14752,"href":"https:\/\/www.parisheure.com\/en\/wp-json\/wp\/v2\/product\/13285\/revisions\/14752"}],"wp:featuredmedia":[{"embeddable":true,"href":"https:\/\/www.parisheure.com\/en\/wp-json\/wp\/v2\/media\/12726"}],"wp:attachment":[{"href":"https:\/\/www.parisheure.com\/en\/wp-json\/wp\/v2\/media?parent=13285"}],"wp:term":[{"taxonomy":"pwb-brand","embeddable":true,"href":"https:\/\/www.parisheure.com\/en\/wp-json\/wp\/v2\/pwb-brand?post=13285"},{"taxonomy":"product_brand","embeddable":true,"href":"https:\/\/www.parisheure.com\/en\/wp-json\/wp\/v2\/product_brand?post=13285"},{"taxonomy":"product_cat","embeddable":true,"href":"https:\/\/www.parisheure.com\/en\/wp-json\/wp\/v2\/product_cat?post=13285"},{"taxonomy":"product_tag","embeddable":true,"href":"https:\/\/www.parisheure.com\/en\/wp-json\/wp\/v2\/product_tag?post=13285"}],"curies":[{"name":"wp","href":"https:\/\/api.w.org\/{rel}","templated":true}]}}