{"id":13287,"date":"2023-05-23T17:56:29","date_gmt":"2023-05-23T15:56:29","guid":{"rendered":"https:\/\/www.parisheure.com\/?post_type=product&#038;p=13287"},"modified":"2026-01-08T18:03:55","modified_gmt":"2026-01-08T17:03:55","slug":"girard-perregaux-aerocompax-chrono-acier-vintage-stock-ph-watches","status":"publish","type":"product","link":"https:\/\/www.parisheure.com\/en\/buy-watch\/girard-perregaux-aerocompax-chrono-acier-vintage-stock-ph-watches\/","title":{"rendered":"Girard Perregaux aerocompax chrono acier vintage"},"content":{"rendered":"<p><strong><em>Our opinion:<\/em><\/strong> Les chronographes Aerocompax ont \u00e9t\u00e9 principalement produits par Universal Gen\u00e8ve et les versions \u00e9tanches comme celui-ci sont tr\u00e8s recherch\u00e9s et la production \u00e0 l\u2019\u00e9poque \u00e9tait assez faible compar\u00e9 aux autres chrono, surtout dans le bo\u00eetier \u00e9tanche avec des poussoirs ronds. C\u2019est d\u2019autant plus rare qu\u2019il a \u00e9t\u00e9 r\u00e9alis\u00e9 par Girard Perr\u00e9gaux un seul vu dans cette configuration. La base du calibre est tr\u00e8s proche de celle utilis\u00e9e par Universal \u00e0 l\u2019\u00e9poque, le calibre 285 avec la fonction m\u00e9mo \u00e0 12 heures. Grand diam\u00e8tre de 37 mm pour l\u2019\u00e9poque et cadran bicolore avec 4 compteurs ainsi qu\u2019une tr\u00e8s belle patine. Montre rare en version acier \u00e9tanche et de la marque Girard Perr\u00e9gaux.<\/p>","protected":false},"excerpt":{"rendered":"<h5><strong>Girard Perregaux aerocompax chrono acier vintage\u00a0<\/strong><\/h5>\n<p><strong><em>Reference: <\/em><\/strong>22432<\/p>\n<p><strong><em>Year:<\/em><\/strong> 1950\u2019S<\/p>\n<p><strong><em>Serial : <\/em><\/strong>785XXX<\/p>\n<p><strong><em>Movement\u00a0: <\/em><\/strong>Universal Gen\u00e8ve cal 285 comportant un cadran \u00e0 12 heures pour avoir une horloge m\u00e9mo afin de se rappeler d\u2019un rdv par exemple.<\/p>\n<p><strong><em>Case: <\/em><\/strong>Boitier peu polie qui garde sa forme d\u2019origine avec des angles encore bien pr\u00e9sents et une boite bien \u00e9paisse comme \u00e0 l\u2019origine. La montre a du tr\u00e8s peu port\u00e9e aussi avec des peu de marques d\u2019usures et un fond de boite peu marqu\u00e9 et non piqu\u00e9.<\/p>\n<p><strong><em>Dial: <\/em><\/strong>Rare et en bon \u00e9tat, En bel \u00e9tat de conservation , d\u2019origine non repeint tr\u00e8s beau cadran deux tons index radium luminescent et aiguilles ayant pris une belle patine orang\u00e9.<\/p>\n<p><strong><em>Diameter\u00a0: <\/em><\/strong>37mm<\/p>\n<p><strong><em>Bracelet:<\/em><\/strong>: Vintage style leather bracelet.<\/p>\n<p><strong><em>Accessories: <\/em><\/strong>None<\/p>","protected":false},"featured_media":12717,"template":"","meta":[],"pwb-brand":[441],"product_brand":[],"product_cat":[411,368,138],"product_tag":[414,413,412,298,101],"class_list":{"0":"post-13287","1":"product","2":"type-product","3":"status-publish","4":"has-post-thumbnail","6":"pwb-brand-girard-perregaux","7":"product_cat-girard-perregaux","8":"product_cat-montres-ph-watches","9":"product_cat-nouveautes","10":"product_tag-414","11":"product_tag-aerompax","12":"product_tag-girard-perregaux","13":"product_tag-rare","14":"product_tag-vintage","16":"first","17":"instock","18":"shipping-taxable","19":"purchasable","20":"product-type-simple"},"yoast_head":"<!-- This site is optimized with the Yoast SEO plugin v27.5 - https:\/\/yoast.com\/product\/yoast-seo-wordpress\/ -->\n<title>Girard Perregaux aerocompax chrono acier vintage &#8226; PARIS HEURE<\/title>\n<meta name=\"description\" content=\"Girard Perregaux aerocompax chrono acier vintage\u00a0R\u00e9f\u00e9rence: 22432Ann\u00e9e: 1950\u2019S Serial : 785XXX Mouvement\u00a0: Universal Gen\u00e8ve cal 285\" \/>\n<meta name=\"robots\" content=\"index, follow, max-snippet:-1, max-image-preview:large, max-video-preview:-1\" \/>\n<link rel=\"canonical\" href=\"https:\/\/www.parisheure.com\/en\/buy-watch\/girard-perregaux-aerocompax-chrono-acier-vintage-stock-ph-watches\/\" \/>\n<meta property=\"og:locale\" content=\"en_US\" \/>\n<meta property=\"og:type\" content=\"article\" \/>\n<meta property=\"og:title\" content=\"Girard Perregaux aerocompax chrono acier vintage &#8226; PARIS HEURE\" \/>\n<meta property=\"og:description\" content=\"Girard Perregaux aerocompax chrono acier vintage\u00a0R\u00e9f\u00e9rence: 22432Ann\u00e9e: 1950\u2019S Serial : 785XXX Mouvement\u00a0: Universal Gen\u00e8ve cal 285\" \/>\n<meta property=\"og:url\" content=\"https:\/\/www.parisheure.com\/en\/buy-watch\/girard-perregaux-aerocompax-chrono-acier-vintage-stock-ph-watches\/\" \/>\n<meta property=\"og:site_name\" content=\"PARIS HEURE\" \/>\n<meta property=\"article:publisher\" content=\"https:\/\/www.facebook.com\/ParisHeure\" \/>\n<meta property=\"article:modified_time\" content=\"2026-01-08T17:03:55+00:00\" \/>\n<meta property=\"og:image\" content=\"https:\/\/www.parisheure.com\/wp-content\/uploads\/2023\/04\/GIRARD-PERREGAUX-AEROCOMPAX-WATERPROOF-ACIER-_0012_Calque-2-scaled.jpg\" \/>\n\t<meta property=\"og:image:width\" content=\"2560\" \/>\n\t<meta property=\"og:image:height\" content=\"2560\" \/>\n\t<meta property=\"og:image:type\" content=\"image\/jpeg\" \/>\n<meta name=\"twitter:card\" content=\"summary_large_image\" \/>\n<script type=\"application\/ld+json\" class=\"yoast-schema-graph\">{\"@context\":\"https:\\\/\\\/schema.org\",\"@graph\":[{\"@type\":\"WebPage\",\"@id\":\"https:\\\/\\\/www.parisheure.com\\\/acheter-montre\\\/girard-perregaux-aerocompax-chrono-acier-vintage-stock-ph-watches\\\/\",\"url\":\"https:\\\/\\\/www.parisheure.com\\\/acheter-montre\\\/girard-perregaux-aerocompax-chrono-acier-vintage-stock-ph-watches\\\/\",\"name\":\"Girard Perregaux aerocompax chrono acier vintage &#8226; PARIS HEURE\",\"isPartOf\":{\"@id\":\"https:\\\/\\\/www.parisheure.com\\\/#website\"},\"primaryImageOfPage\":{\"@id\":\"https:\\\/\\\/www.parisheure.com\\\/acheter-montre\\\/girard-perregaux-aerocompax-chrono-acier-vintage-stock-ph-watches\\\/#primaryimage\"},\"image\":{\"@id\":\"https:\\\/\\\/www.parisheure.com\\\/acheter-montre\\\/girard-perregaux-aerocompax-chrono-acier-vintage-stock-ph-watches\\\/#primaryimage\"},\"thumbnailUrl\":\"https:\\\/\\\/www.parisheure.com\\\/wp-content\\\/uploads\\\/2023\\\/04\\\/GIRARD-PERREGAUX-AEROCOMPAX-WATERPROOF-ACIER-_0012_Calque-2-scaled.jpg\",\"datePublished\":\"2023-05-23T15:56:29+00:00\",\"dateModified\":\"2026-01-08T17:03:55+00:00\",\"description\":\"Girard Perregaux aerocompax chrono acier vintage\u00a0R\u00e9f\u00e9rence: 22432Ann\u00e9e: 1950\u2019S Serial : 785XXX Mouvement\u00a0: Universal Gen\u00e8ve cal 285\",\"breadcrumb\":{\"@id\":\"https:\\\/\\\/www.parisheure.com\\\/acheter-montre\\\/girard-perregaux-aerocompax-chrono-acier-vintage-stock-ph-watches\\\/#breadcrumb\"},\"inLanguage\":\"en-US\",\"potentialAction\":[{\"@type\":\"ReadAction\",\"target\":[\"https:\\\/\\\/www.parisheure.com\\\/acheter-montre\\\/girard-perregaux-aerocompax-chrono-acier-vintage-stock-ph-watches\\\/\"]}]},{\"@type\":\"ImageObject\",\"inLanguage\":\"en-US\",\"@id\":\"https:\\\/\\\/www.parisheure.com\\\/acheter-montre\\\/girard-perregaux-aerocompax-chrono-acier-vintage-stock-ph-watches\\\/#primaryimage\",\"url\":\"https:\\\/\\\/www.parisheure.com\\\/wp-content\\\/uploads\\\/2023\\\/04\\\/GIRARD-PERREGAUX-AEROCOMPAX-WATERPROOF-ACIER-_0012_Calque-2-scaled.jpg\",\"contentUrl\":\"https:\\\/\\\/www.parisheure.com\\\/wp-content\\\/uploads\\\/2023\\\/04\\\/GIRARD-PERREGAUX-AEROCOMPAX-WATERPROOF-ACIER-_0012_Calque-2-scaled.jpg\",\"width\":2560,\"height\":2560},{\"@type\":\"BreadcrumbList\",\"@id\":\"https:\\\/\\\/www.parisheure.com\\\/acheter-montre\\\/girard-perregaux-aerocompax-chrono-acier-vintage-stock-ph-watches\\\/#breadcrumb\",\"itemListElement\":[{\"@type\":\"ListItem\",\"position\":1,\"name\":\"Accueil\",\"item\":\"https:\\\/\\\/www.parisheure.com\\\/\"},{\"@type\":\"ListItem\",\"position\":2,\"name\":\"WATCHES\",\"item\":\"https:\\\/\\\/www.parisheure.com\\\/\"},{\"@type\":\"ListItem\",\"position\":3,\"name\":\"Girard Perregaux aerocompax chrono acier vintage\"}]},{\"@type\":\"WebSite\",\"@id\":\"https:\\\/\\\/www.parisheure.com\\\/#website\",\"url\":\"https:\\\/\\\/www.parisheure.com\\\/\",\"name\":\"PARIS HEURE\",\"description\":\"Vintage watches Paris\",\"publisher\":{\"@id\":\"https:\\\/\\\/www.parisheure.com\\\/#organization\"},\"potentialAction\":[{\"@type\":\"SearchAction\",\"target\":{\"@type\":\"EntryPoint\",\"urlTemplate\":\"https:\\\/\\\/www.parisheure.com\\\/?s={search_term_string}\"},\"query-input\":{\"@type\":\"PropertyValueSpecification\",\"valueRequired\":true,\"valueName\":\"search_term_string\"}}],\"inLanguage\":\"en-US\"},{\"@type\":\"Organization\",\"@id\":\"https:\\\/\\\/www.parisheure.com\\\/#organization\",\"name\":\"PARIS HEURE\",\"url\":\"https:\\\/\\\/www.parisheure.com\\\/\",\"logo\":{\"@type\":\"ImageObject\",\"inLanguage\":\"en-US\",\"@id\":\"https:\\\/\\\/www.parisheure.com\\\/#\\\/schema\\\/logo\\\/image\\\/\",\"url\":\"https:\\\/\\\/www.parisheure.com\\\/wp-content\\\/uploads\\\/2021\\\/07\\\/cropped-logo-paris-heure.png\",\"contentUrl\":\"https:\\\/\\\/www.parisheure.com\\\/wp-content\\\/uploads\\\/2021\\\/07\\\/cropped-logo-paris-heure.png\",\"width\":512,\"height\":512,\"caption\":\"PARIS HEURE\"},\"image\":{\"@id\":\"https:\\\/\\\/www.parisheure.com\\\/#\\\/schema\\\/logo\\\/image\\\/\"},\"sameAs\":[\"https:\\\/\\\/www.facebook.com\\\/ParisHeure\",\"https:\\\/\\\/www.instagram.com\\\/parisheure\\\/\"]}]}<\/script>\n<!-- \/ Yoast SEO plugin. -->","yoast_head_json":{"title":"Girard Perregaux aerocompax chrono acier vintage &#8226; PARIS HEURE","description":"Girard Perregaux aerocompax chrono acier vintage\u00a0R\u00e9f\u00e9rence: 22432Ann\u00e9e: 1950\u2019S Serial : 785XXX Mouvement\u00a0: Universal Gen\u00e8ve cal 285","robots":{"index":"index","follow":"follow","max-snippet":"max-snippet:-1","max-image-preview":"max-image-preview:large","max-video-preview":"max-video-preview:-1"},"canonical":"https:\/\/www.parisheure.com\/en\/buy-watch\/girard-perregaux-aerocompax-chrono-acier-vintage-stock-ph-watches\/","og_locale":"en_US","og_type":"article","og_title":"Girard Perregaux aerocompax chrono acier vintage &#8226; PARIS HEURE","og_description":"Girard Perregaux aerocompax chrono acier vintage\u00a0R\u00e9f\u00e9rence: 22432Ann\u00e9e: 1950\u2019S Serial : 785XXX Mouvement\u00a0: Universal Gen\u00e8ve cal 285","og_url":"https:\/\/www.parisheure.com\/en\/buy-watch\/girard-perregaux-aerocompax-chrono-acier-vintage-stock-ph-watches\/","og_site_name":"PARIS HEURE","article_publisher":"https:\/\/www.facebook.com\/ParisHeure","article_modified_time":"2026-01-08T17:03:55+00:00","og_image":[{"width":2560,"height":2560,"url":"https:\/\/www.parisheure.com\/wp-content\/uploads\/2023\/04\/GIRARD-PERREGAUX-AEROCOMPAX-WATERPROOF-ACIER-_0012_Calque-2-scaled.jpg","type":"image\/jpeg"}],"twitter_card":"summary_large_image","schema":{"@context":"https:\/\/schema.org","@graph":[{"@type":"WebPage","@id":"https:\/\/www.parisheure.com\/acheter-montre\/girard-perregaux-aerocompax-chrono-acier-vintage-stock-ph-watches\/","url":"https:\/\/www.parisheure.com\/acheter-montre\/girard-perregaux-aerocompax-chrono-acier-vintage-stock-ph-watches\/","name":"Girard Perregaux aerocompax chrono acier vintage &#8226; PARIS HEURE","isPartOf":{"@id":"https:\/\/www.parisheure.com\/#website"},"primaryImageOfPage":{"@id":"https:\/\/www.parisheure.com\/acheter-montre\/girard-perregaux-aerocompax-chrono-acier-vintage-stock-ph-watches\/#primaryimage"},"image":{"@id":"https:\/\/www.parisheure.com\/acheter-montre\/girard-perregaux-aerocompax-chrono-acier-vintage-stock-ph-watches\/#primaryimage"},"thumbnailUrl":"https:\/\/www.parisheure.com\/wp-content\/uploads\/2023\/04\/GIRARD-PERREGAUX-AEROCOMPAX-WATERPROOF-ACIER-_0012_Calque-2-scaled.jpg","datePublished":"2023-05-23T15:56:29+00:00","dateModified":"2026-01-08T17:03:55+00:00","description":"Girard Perregaux aerocompax chrono acier vintage\u00a0R\u00e9f\u00e9rence: 22432Ann\u00e9e: 1950\u2019S Serial : 785XXX Mouvement\u00a0: Universal Gen\u00e8ve cal 285","breadcrumb":{"@id":"https:\/\/www.parisheure.com\/acheter-montre\/girard-perregaux-aerocompax-chrono-acier-vintage-stock-ph-watches\/#breadcrumb"},"inLanguage":"en-US","potentialAction":[{"@type":"ReadAction","target":["https:\/\/www.parisheure.com\/acheter-montre\/girard-perregaux-aerocompax-chrono-acier-vintage-stock-ph-watches\/"]}]},{"@type":"ImageObject","inLanguage":"en-US","@id":"https:\/\/www.parisheure.com\/acheter-montre\/girard-perregaux-aerocompax-chrono-acier-vintage-stock-ph-watches\/#primaryimage","url":"https:\/\/www.parisheure.com\/wp-content\/uploads\/2023\/04\/GIRARD-PERREGAUX-AEROCOMPAX-WATERPROOF-ACIER-_0012_Calque-2-scaled.jpg","contentUrl":"https:\/\/www.parisheure.com\/wp-content\/uploads\/2023\/04\/GIRARD-PERREGAUX-AEROCOMPAX-WATERPROOF-ACIER-_0012_Calque-2-scaled.jpg","width":2560,"height":2560},{"@type":"BreadcrumbList","@id":"https:\/\/www.parisheure.com\/acheter-montre\/girard-perregaux-aerocompax-chrono-acier-vintage-stock-ph-watches\/#breadcrumb","itemListElement":[{"@type":"ListItem","position":1,"name":"Accueil","item":"https:\/\/www.parisheure.com\/"},{"@type":"ListItem","position":2,"name":"WATCHES","item":"https:\/\/www.parisheure.com\/"},{"@type":"ListItem","position":3,"name":"Girard Perregaux aerocompax chrono acier vintage"}]},{"@type":"WebSite","@id":"https:\/\/www.parisheure.com\/#website","url":"https:\/\/www.parisheure.com\/","name":"PARIS HEURE","description":"Vintage watches Paris","publisher":{"@id":"https:\/\/www.parisheure.com\/#organization"},"potentialAction":[{"@type":"SearchAction","target":{"@type":"EntryPoint","urlTemplate":"https:\/\/www.parisheure.com\/?s={search_term_string}"},"query-input":{"@type":"PropertyValueSpecification","valueRequired":true,"valueName":"search_term_string"}}],"inLanguage":"en-US"},{"@type":"Organization","@id":"https:\/\/www.parisheure.com\/#organization","name":"PARIS HEURE","url":"https:\/\/www.parisheure.com\/","logo":{"@type":"ImageObject","inLanguage":"en-US","@id":"https:\/\/www.parisheure.com\/#\/schema\/logo\/image\/","url":"https:\/\/www.parisheure.com\/wp-content\/uploads\/2021\/07\/cropped-logo-paris-heure.png","contentUrl":"https:\/\/www.parisheure.com\/wp-content\/uploads\/2021\/07\/cropped-logo-paris-heure.png","width":512,"height":512,"caption":"PARIS HEURE"},"image":{"@id":"https:\/\/www.parisheure.com\/#\/schema\/logo\/image\/"},"sameAs":["https:\/\/www.facebook.com\/ParisHeure","https:\/\/www.instagram.com\/parisheure\/"]}]}},"jetpack_sharing_enabled":true,"brands":[{"id":441,"name":"Girard Perregaux","slug":"girard-perregaux"}],"_links":{"self":[{"href":"https:\/\/www.parisheure.com\/en\/wp-json\/wp\/v2\/product\/13287","targetHints":{"allow":["GET"]}}],"collection":[{"href":"https:\/\/www.parisheure.com\/en\/wp-json\/wp\/v2\/product"}],"about":[{"href":"https:\/\/www.parisheure.com\/en\/wp-json\/wp\/v2\/types\/product"}],"version-history":[{"count":4,"href":"https:\/\/www.parisheure.com\/en\/wp-json\/wp\/v2\/product\/13287\/revisions"}],"predecessor-version":[{"id":15302,"href":"https:\/\/www.parisheure.com\/en\/wp-json\/wp\/v2\/product\/13287\/revisions\/15302"}],"wp:featuredmedia":[{"embeddable":true,"href":"https:\/\/www.parisheure.com\/en\/wp-json\/wp\/v2\/media\/12717"}],"wp:attachment":[{"href":"https:\/\/www.parisheure.com\/en\/wp-json\/wp\/v2\/media?parent=13287"}],"wp:term":[{"taxonomy":"pwb-brand","embeddable":true,"href":"https:\/\/www.parisheure.com\/en\/wp-json\/wp\/v2\/pwb-brand?post=13287"},{"taxonomy":"product_brand","embeddable":true,"href":"https:\/\/www.parisheure.com\/en\/wp-json\/wp\/v2\/product_brand?post=13287"},{"taxonomy":"product_cat","embeddable":true,"href":"https:\/\/www.parisheure.com\/en\/wp-json\/wp\/v2\/product_cat?post=13287"},{"taxonomy":"product_tag","embeddable":true,"href":"https:\/\/www.parisheure.com\/en\/wp-json\/wp\/v2\/product_tag?post=13287"}],"curies":[{"name":"wp","href":"https:\/\/api.w.org\/{rel}","templated":true}]}}