{"id":13289,"date":"2023-05-23T18:00:34","date_gmt":"2023-05-23T16:00:34","guid":{"rendered":"https:\/\/www.parisheure.com\/?post_type=product&#038;p=13289"},"modified":"2026-01-08T18:03:36","modified_gmt":"2026-01-08T17:03:36","slug":"longines-chrono-vintage-ref-6075-3-cal-30ch-from-60s","status":"publish","type":"product","link":"https:\/\/www.parisheure.com\/en\/buy-watch\/longines-chrono-vintage-ref-6075-3-cal-30ch-from-60s\/","title":{"rendered":"Longines chrono vintage ref 6075-3 cal 30ch from 60&rsquo;s"},"content":{"rendered":"<p><strong>Our opinion:<\/strong> Les chrono Longines 13ZN sont en train d\u2019exploser et la production \u00e0 l\u2019\u00e9poque n\u2019a pas \u00e9t\u00e9 si importante surtout en boiter \u00e9tanche avec poussoirs ronds. Celle-ci fait partie de la g\u00e9n\u00e9ration suivante \u00e9quip\u00e9e du mouvement 30ch de tr\u00e8s bonne qualit\u00e9. Grand diam\u00e8tre de 37mm pour l\u2019\u00e9poque et cadran tricolore avec tachym\u00e9trie ainsi qu\u2019une tr\u00e8s belle patine du temps. Montre rare en version waterproof acier et en parfait \u00e9tat de conservation.<\/p>","protected":false},"excerpt":{"rendered":"<h4><strong>Belle Longines chrono vintage ref 6075-3 cal 30ch from 60&rsquo;s<\/strong><\/h4>\n<p><strong>Reference: <\/strong>6075-3<\/p>\n<p><strong>Year:<\/strong> 1960\u2019S<\/p>\n<p><strong>Serial : <\/strong>773XXXX<\/p>\n<p><strong>Movement\u00a0: <\/strong>CAL 30CH<\/p>\n<p><strong>Case: <\/strong>Boitier peu polie qui garde sa forme d\u2019origine avec des angles encore bien pr\u00e9sents et une boite bien \u00e9paisse comme \u00e0 l\u2019origine. La montre a du tr\u00e8s peu port\u00e9e aussi avec des peu de marques d\u2019usures et un fond de boite peu marqu\u00e9 et non piqu\u00e9.<\/p>\n<p><strong>Dial: <\/strong>Rare et en bon \u00e9tat, En bel \u00e9tat de conservation , d\u2019origine non repeint avec une belle tachym\u00e9trie tri colore.<\/p>\n<p><strong>Diameter\u00a0: <\/strong>37mm<\/p>\n<p><strong>Bracelet:<\/strong>: Vintage style leather bracelet.<\/p>\n<p><strong>Accessories: <\/strong>None<\/p>","protected":false},"featured_media":12181,"template":"","meta":[],"pwb-brand":[442],"product_brand":[],"product_cat":[369,368,138],"product_tag":[371,100,370,298,101],"class_list":{"0":"post-13289","1":"product","2":"type-product","3":"status-publish","4":"has-post-thumbnail","6":"pwb-brand-longines","7":"product_cat-longines","8":"product_cat-montres-ph-watches","9":"product_cat-nouveautes","10":"product_tag-30ch","11":"product_tag-chrono","12":"product_tag-longines","13":"product_tag-rare","14":"product_tag-vintage","16":"first","17":"instock","18":"shipping-taxable","19":"purchasable","20":"product-type-simple"},"yoast_head":"<!-- This site is optimized with the Yoast SEO plugin v27.5 - https:\/\/yoast.com\/product\/yoast-seo-wordpress\/ -->\n<title>Longines chrono vintage ref 6075-3 cal 30ch from 60&#039;s &#8226; PARIS HEURE<\/title>\n<meta name=\"description\" content=\"Longines chrono vintage ref 6075-3 cal 30ch from 60&#039;s R\u00e9f\u00e9rence: 6075-3 Ann\u00e9e: 1960\u2019S Serial : 773XXXX Mouvement : CAL 30CH Boite: Boitier peu polie\" \/>\n<meta name=\"robots\" content=\"index, follow, max-snippet:-1, max-image-preview:large, max-video-preview:-1\" \/>\n<link rel=\"canonical\" href=\"https:\/\/www.parisheure.com\/en\/buy-watch\/longines-chrono-vintage-ref-6075-3-cal-30ch-from-60s\/\" \/>\n<meta property=\"og:locale\" content=\"en_US\" \/>\n<meta property=\"og:type\" content=\"article\" \/>\n<meta property=\"og:title\" content=\"Longines chrono vintage ref 6075-3 cal 30ch from 60&#039;s &#8226; PARIS HEURE\" \/>\n<meta property=\"og:description\" content=\"Longines chrono vintage ref 6075-3 cal 30ch from 60&#039;s R\u00e9f\u00e9rence: 6075-3 Ann\u00e9e: 1960\u2019S Serial : 773XXXX Mouvement : CAL 30CH Boite: Boitier peu polie\" \/>\n<meta property=\"og:url\" content=\"https:\/\/www.parisheure.com\/en\/buy-watch\/longines-chrono-vintage-ref-6075-3-cal-30ch-from-60s\/\" \/>\n<meta property=\"og:site_name\" content=\"PARIS HEURE\" \/>\n<meta property=\"article:publisher\" content=\"https:\/\/www.facebook.com\/ParisHeure\" \/>\n<meta property=\"article:modified_time\" content=\"2026-01-08T17:03:36+00:00\" \/>\n<meta property=\"og:image\" content=\"https:\/\/www.parisheure.com\/wp-content\/uploads\/2023\/03\/LONGINES-REF-6075-3-30CH-CHRONO-n-7736XXX-_0004_Calque-2-scaled.jpg\" \/>\n\t<meta property=\"og:image:width\" content=\"2560\" \/>\n\t<meta property=\"og:image:height\" content=\"2560\" \/>\n\t<meta property=\"og:image:type\" content=\"image\/jpeg\" \/>\n<meta name=\"twitter:card\" content=\"summary_large_image\" \/>\n<script type=\"application\/ld+json\" class=\"yoast-schema-graph\">{\"@context\":\"https:\\\/\\\/schema.org\",\"@graph\":[{\"@type\":\"WebPage\",\"@id\":\"https:\\\/\\\/www.parisheure.com\\\/acheter-montre\\\/longines-chrono-vintage-ref-6075-3-cal-30ch-from-60s\\\/\",\"url\":\"https:\\\/\\\/www.parisheure.com\\\/acheter-montre\\\/longines-chrono-vintage-ref-6075-3-cal-30ch-from-60s\\\/\",\"name\":\"Longines chrono vintage ref 6075-3 cal 30ch from 60's &#8226; PARIS HEURE\",\"isPartOf\":{\"@id\":\"https:\\\/\\\/www.parisheure.com\\\/#website\"},\"primaryImageOfPage\":{\"@id\":\"https:\\\/\\\/www.parisheure.com\\\/acheter-montre\\\/longines-chrono-vintage-ref-6075-3-cal-30ch-from-60s\\\/#primaryimage\"},\"image\":{\"@id\":\"https:\\\/\\\/www.parisheure.com\\\/acheter-montre\\\/longines-chrono-vintage-ref-6075-3-cal-30ch-from-60s\\\/#primaryimage\"},\"thumbnailUrl\":\"https:\\\/\\\/www.parisheure.com\\\/wp-content\\\/uploads\\\/2023\\\/03\\\/LONGINES-REF-6075-3-30CH-CHRONO-n-7736XXX-_0004_Calque-2-scaled.jpg\",\"datePublished\":\"2023-05-23T16:00:34+00:00\",\"dateModified\":\"2026-01-08T17:03:36+00:00\",\"description\":\"Longines chrono vintage ref 6075-3 cal 30ch from 60's R\u00e9f\u00e9rence: 6075-3 Ann\u00e9e: 1960\u2019S Serial : 773XXXX Mouvement : CAL 30CH Boite: Boitier peu polie\",\"breadcrumb\":{\"@id\":\"https:\\\/\\\/www.parisheure.com\\\/acheter-montre\\\/longines-chrono-vintage-ref-6075-3-cal-30ch-from-60s\\\/#breadcrumb\"},\"inLanguage\":\"en-US\",\"potentialAction\":[{\"@type\":\"ReadAction\",\"target\":[\"https:\\\/\\\/www.parisheure.com\\\/acheter-montre\\\/longines-chrono-vintage-ref-6075-3-cal-30ch-from-60s\\\/\"]}]},{\"@type\":\"ImageObject\",\"inLanguage\":\"en-US\",\"@id\":\"https:\\\/\\\/www.parisheure.com\\\/acheter-montre\\\/longines-chrono-vintage-ref-6075-3-cal-30ch-from-60s\\\/#primaryimage\",\"url\":\"https:\\\/\\\/www.parisheure.com\\\/wp-content\\\/uploads\\\/2023\\\/03\\\/LONGINES-REF-6075-3-30CH-CHRONO-n-7736XXX-_0004_Calque-2-scaled.jpg\",\"contentUrl\":\"https:\\\/\\\/www.parisheure.com\\\/wp-content\\\/uploads\\\/2023\\\/03\\\/LONGINES-REF-6075-3-30CH-CHRONO-n-7736XXX-_0004_Calque-2-scaled.jpg\",\"width\":2560,\"height\":2560},{\"@type\":\"BreadcrumbList\",\"@id\":\"https:\\\/\\\/www.parisheure.com\\\/acheter-montre\\\/longines-chrono-vintage-ref-6075-3-cal-30ch-from-60s\\\/#breadcrumb\",\"itemListElement\":[{\"@type\":\"ListItem\",\"position\":1,\"name\":\"Accueil\",\"item\":\"https:\\\/\\\/www.parisheure.com\\\/\"},{\"@type\":\"ListItem\",\"position\":2,\"name\":\"WATCHES\",\"item\":\"https:\\\/\\\/www.parisheure.com\\\/\"},{\"@type\":\"ListItem\",\"position\":3,\"name\":\"Longines chrono vintage ref 6075-3 cal 30ch from 60&rsquo;s\"}]},{\"@type\":\"WebSite\",\"@id\":\"https:\\\/\\\/www.parisheure.com\\\/#website\",\"url\":\"https:\\\/\\\/www.parisheure.com\\\/\",\"name\":\"PARIS HEURE\",\"description\":\"Vintage watches Paris\",\"publisher\":{\"@id\":\"https:\\\/\\\/www.parisheure.com\\\/#organization\"},\"potentialAction\":[{\"@type\":\"SearchAction\",\"target\":{\"@type\":\"EntryPoint\",\"urlTemplate\":\"https:\\\/\\\/www.parisheure.com\\\/?s={search_term_string}\"},\"query-input\":{\"@type\":\"PropertyValueSpecification\",\"valueRequired\":true,\"valueName\":\"search_term_string\"}}],\"inLanguage\":\"en-US\"},{\"@type\":\"Organization\",\"@id\":\"https:\\\/\\\/www.parisheure.com\\\/#organization\",\"name\":\"PARIS HEURE\",\"url\":\"https:\\\/\\\/www.parisheure.com\\\/\",\"logo\":{\"@type\":\"ImageObject\",\"inLanguage\":\"en-US\",\"@id\":\"https:\\\/\\\/www.parisheure.com\\\/#\\\/schema\\\/logo\\\/image\\\/\",\"url\":\"https:\\\/\\\/www.parisheure.com\\\/wp-content\\\/uploads\\\/2021\\\/07\\\/cropped-logo-paris-heure.png\",\"contentUrl\":\"https:\\\/\\\/www.parisheure.com\\\/wp-content\\\/uploads\\\/2021\\\/07\\\/cropped-logo-paris-heure.png\",\"width\":512,\"height\":512,\"caption\":\"PARIS HEURE\"},\"image\":{\"@id\":\"https:\\\/\\\/www.parisheure.com\\\/#\\\/schema\\\/logo\\\/image\\\/\"},\"sameAs\":[\"https:\\\/\\\/www.facebook.com\\\/ParisHeure\",\"https:\\\/\\\/www.instagram.com\\\/parisheure\\\/\"]}]}<\/script>\n<!-- \/ Yoast SEO plugin. -->","yoast_head_json":{"title":"Longines chrono vintage ref 6075-3 cal 30ch from 60's &#8226; PARIS HEURE","description":"Longines chrono vintage ref 6075-3 cal 30ch from 60's R\u00e9f\u00e9rence: 6075-3 Ann\u00e9e: 1960\u2019S Serial : 773XXXX Mouvement : CAL 30CH Boite: Boitier peu polie","robots":{"index":"index","follow":"follow","max-snippet":"max-snippet:-1","max-image-preview":"max-image-preview:large","max-video-preview":"max-video-preview:-1"},"canonical":"https:\/\/www.parisheure.com\/en\/buy-watch\/longines-chrono-vintage-ref-6075-3-cal-30ch-from-60s\/","og_locale":"en_US","og_type":"article","og_title":"Longines chrono vintage ref 6075-3 cal 30ch from 60's &#8226; PARIS HEURE","og_description":"Longines chrono vintage ref 6075-3 cal 30ch from 60's R\u00e9f\u00e9rence: 6075-3 Ann\u00e9e: 1960\u2019S Serial : 773XXXX Mouvement : CAL 30CH Boite: Boitier peu polie","og_url":"https:\/\/www.parisheure.com\/en\/buy-watch\/longines-chrono-vintage-ref-6075-3-cal-30ch-from-60s\/","og_site_name":"PARIS HEURE","article_publisher":"https:\/\/www.facebook.com\/ParisHeure","article_modified_time":"2026-01-08T17:03:36+00:00","og_image":[{"width":2560,"height":2560,"url":"https:\/\/www.parisheure.com\/wp-content\/uploads\/2023\/03\/LONGINES-REF-6075-3-30CH-CHRONO-n-7736XXX-_0004_Calque-2-scaled.jpg","type":"image\/jpeg"}],"twitter_card":"summary_large_image","schema":{"@context":"https:\/\/schema.org","@graph":[{"@type":"WebPage","@id":"https:\/\/www.parisheure.com\/acheter-montre\/longines-chrono-vintage-ref-6075-3-cal-30ch-from-60s\/","url":"https:\/\/www.parisheure.com\/acheter-montre\/longines-chrono-vintage-ref-6075-3-cal-30ch-from-60s\/","name":"Longines chrono vintage ref 6075-3 cal 30ch from 60's &#8226; PARIS HEURE","isPartOf":{"@id":"https:\/\/www.parisheure.com\/#website"},"primaryImageOfPage":{"@id":"https:\/\/www.parisheure.com\/acheter-montre\/longines-chrono-vintage-ref-6075-3-cal-30ch-from-60s\/#primaryimage"},"image":{"@id":"https:\/\/www.parisheure.com\/acheter-montre\/longines-chrono-vintage-ref-6075-3-cal-30ch-from-60s\/#primaryimage"},"thumbnailUrl":"https:\/\/www.parisheure.com\/wp-content\/uploads\/2023\/03\/LONGINES-REF-6075-3-30CH-CHRONO-n-7736XXX-_0004_Calque-2-scaled.jpg","datePublished":"2023-05-23T16:00:34+00:00","dateModified":"2026-01-08T17:03:36+00:00","description":"Longines chrono vintage ref 6075-3 cal 30ch from 60's R\u00e9f\u00e9rence: 6075-3 Ann\u00e9e: 1960\u2019S Serial : 773XXXX Mouvement : CAL 30CH Boite: Boitier peu polie","breadcrumb":{"@id":"https:\/\/www.parisheure.com\/acheter-montre\/longines-chrono-vintage-ref-6075-3-cal-30ch-from-60s\/#breadcrumb"},"inLanguage":"en-US","potentialAction":[{"@type":"ReadAction","target":["https:\/\/www.parisheure.com\/acheter-montre\/longines-chrono-vintage-ref-6075-3-cal-30ch-from-60s\/"]}]},{"@type":"ImageObject","inLanguage":"en-US","@id":"https:\/\/www.parisheure.com\/acheter-montre\/longines-chrono-vintage-ref-6075-3-cal-30ch-from-60s\/#primaryimage","url":"https:\/\/www.parisheure.com\/wp-content\/uploads\/2023\/03\/LONGINES-REF-6075-3-30CH-CHRONO-n-7736XXX-_0004_Calque-2-scaled.jpg","contentUrl":"https:\/\/www.parisheure.com\/wp-content\/uploads\/2023\/03\/LONGINES-REF-6075-3-30CH-CHRONO-n-7736XXX-_0004_Calque-2-scaled.jpg","width":2560,"height":2560},{"@type":"BreadcrumbList","@id":"https:\/\/www.parisheure.com\/acheter-montre\/longines-chrono-vintage-ref-6075-3-cal-30ch-from-60s\/#breadcrumb","itemListElement":[{"@type":"ListItem","position":1,"name":"Accueil","item":"https:\/\/www.parisheure.com\/"},{"@type":"ListItem","position":2,"name":"WATCHES","item":"https:\/\/www.parisheure.com\/"},{"@type":"ListItem","position":3,"name":"Longines chrono vintage ref 6075-3 cal 30ch from 60&rsquo;s"}]},{"@type":"WebSite","@id":"https:\/\/www.parisheure.com\/#website","url":"https:\/\/www.parisheure.com\/","name":"PARIS HEURE","description":"Vintage watches Paris","publisher":{"@id":"https:\/\/www.parisheure.com\/#organization"},"potentialAction":[{"@type":"SearchAction","target":{"@type":"EntryPoint","urlTemplate":"https:\/\/www.parisheure.com\/?s={search_term_string}"},"query-input":{"@type":"PropertyValueSpecification","valueRequired":true,"valueName":"search_term_string"}}],"inLanguage":"en-US"},{"@type":"Organization","@id":"https:\/\/www.parisheure.com\/#organization","name":"PARIS HEURE","url":"https:\/\/www.parisheure.com\/","logo":{"@type":"ImageObject","inLanguage":"en-US","@id":"https:\/\/www.parisheure.com\/#\/schema\/logo\/image\/","url":"https:\/\/www.parisheure.com\/wp-content\/uploads\/2021\/07\/cropped-logo-paris-heure.png","contentUrl":"https:\/\/www.parisheure.com\/wp-content\/uploads\/2021\/07\/cropped-logo-paris-heure.png","width":512,"height":512,"caption":"PARIS HEURE"},"image":{"@id":"https:\/\/www.parisheure.com\/#\/schema\/logo\/image\/"},"sameAs":["https:\/\/www.facebook.com\/ParisHeure","https:\/\/www.instagram.com\/parisheure\/"]}]}},"jetpack_sharing_enabled":true,"brands":[{"id":442,"name":"Longines","slug":"longines"}],"_links":{"self":[{"href":"https:\/\/www.parisheure.com\/en\/wp-json\/wp\/v2\/product\/13289","targetHints":{"allow":["GET"]}}],"collection":[{"href":"https:\/\/www.parisheure.com\/en\/wp-json\/wp\/v2\/product"}],"about":[{"href":"https:\/\/www.parisheure.com\/en\/wp-json\/wp\/v2\/types\/product"}],"version-history":[{"count":4,"href":"https:\/\/www.parisheure.com\/en\/wp-json\/wp\/v2\/product\/13289\/revisions"}],"predecessor-version":[{"id":15301,"href":"https:\/\/www.parisheure.com\/en\/wp-json\/wp\/v2\/product\/13289\/revisions\/15301"}],"wp:featuredmedia":[{"embeddable":true,"href":"https:\/\/www.parisheure.com\/en\/wp-json\/wp\/v2\/media\/12181"}],"wp:attachment":[{"href":"https:\/\/www.parisheure.com\/en\/wp-json\/wp\/v2\/media?parent=13289"}],"wp:term":[{"taxonomy":"pwb-brand","embeddable":true,"href":"https:\/\/www.parisheure.com\/en\/wp-json\/wp\/v2\/pwb-brand?post=13289"},{"taxonomy":"product_brand","embeddable":true,"href":"https:\/\/www.parisheure.com\/en\/wp-json\/wp\/v2\/product_brand?post=13289"},{"taxonomy":"product_cat","embeddable":true,"href":"https:\/\/www.parisheure.com\/en\/wp-json\/wp\/v2\/product_cat?post=13289"},{"taxonomy":"product_tag","embeddable":true,"href":"https:\/\/www.parisheure.com\/en\/wp-json\/wp\/v2\/product_tag?post=13289"}],"curies":[{"name":"wp","href":"https:\/\/api.w.org\/{rel}","templated":true}]}}