{"id":13291,"date":"2023-05-23T18:03:54","date_gmt":"2023-05-23T16:03:54","guid":{"rendered":"https:\/\/www.parisheure.com\/?post_type=product&#038;p=13291"},"modified":"2026-01-16T14:15:34","modified_gmt":"2026-01-16T13:15:34","slug":"rolex-rare-daytona-ref-6265-black-dial-first-serie-from-1970-stock-ph-watches","status":"publish","type":"product","link":"https:\/\/www.parisheure.com\/en\/buy-watch\/rolex-rare-daytona-ref-6265-black-dial-first-serie-from-1970-stock-ph-watches\/","title":{"rendered":"Rolex rare daytona ref 6265 black dial first serie from 1970 ( stock ph watches )"},"content":{"rendered":"<p><strong>Our opinion:<\/strong> The Rolex Cosmograph Daytona is a sports chronograph launched in 1963 by Rolex SA. The Cosmograph Daytona belongs to the category of professional watches within the Rolex range. It was originally designed for racing drivers. Four generations of Daytona were launched in 1963, 1988, 2000 and 2016 respectively. The first was equipped with a manual winding movement, the second with an automatic winding movement, and the third and fourth with a Rolex Manufacture movement. The world auction record is a Rolex Daytona that belonged to Paul Newman and sold at Philips in NYC for $17.75 million in 2017. The original is the 4-digit version, of which this is one. What makes it even rarer is that it was part of the very first series in 1970 with a pre-sigma dial or t swiss t only. The extremely rare MK0 millerighe brass pushers were only produced for a few years on the 6265 and 6263, and are mainly found on configurations with Paul Newman dials dating only from 1970 and early 1971, or on the 6240, often changed by Rolex in service. The latter is in a perfect state of preservation, probably never polished, with a dial where the counters are still quite white, very rare as they are often blackened by the passage of time. A true museum piece that will find its place in any serious collection.<\/p>","protected":false},"excerpt":{"rendered":"<h4><strong>Importante Rolex Daytona ref 6265 cadran noir mk1 de 1970<\/strong><\/h4>\n<p><strong>Reference: <\/strong>6265<\/p>\n<p><strong>Year:<\/strong> 1970<\/p>\n<p><strong>Serial : <\/strong>278XXXX<\/p>\n<p><strong>Pushers:<\/strong> MK0 rare millerighe<\/p>\n<p><strong>Movement\u00a0: <\/strong>MECA VALJOUX 727<\/p>\n<p><strong>Case: <\/strong>The case has probably never been polished, and retains its original shape, with the angles still very much in evidence, and a thick case polished to the brand's original specifications. The watch must also have been worn very little, with very few wear marks.<\/p>\n<p><strong>Dial: <\/strong>Very rare and in perfect condition, black dial t swiss t only the first version with a beautiful patina of the original tritium indexes which all react to UV light, as well as the hands which match well. Very few flaws in the counters, which are still bright and white.<\/p>\n<p><strong>Diameter\u00a0: <\/strong>37mm<\/p>\n<p><strong>Bracelet:<\/strong>Oyster in perfect condition with all links and little strech later than the watch. Reference 78350\/19 and endlink 557 B.<\/p>\n<p><strong>Accessories: <\/strong>None<\/p>","protected":false},"featured_media":12813,"template":"","meta":[],"pwb-brand":[432],"product_brand":[],"product_cat":[107,368,90,246],"product_tag":[194,415,156,150,298,127],"class_list":{"0":"post-13291","1":"product","2":"type-product","3":"status-publish","4":"has-post-thumbnail","6":"pwb-brand-rolex","7":"product_cat-archives","8":"product_cat-montres-ph-watches","9":"product_cat-rolex","10":"product_cat-rolex-daytona","11":"product_tag-194","12":"product_tag-415","13":"product_tag-daytona","14":"product_tag-mk1","15":"product_tag-rare","16":"product_tag-rolex","18":"first","19":"outofstock","20":"shipping-taxable","21":"product-type-simple"},"yoast_head":"<!-- This site is optimized with the Yoast SEO plugin v27.5 - https:\/\/yoast.com\/product\/yoast-seo-wordpress\/ -->\n<title>Rolex rare daytona ref 6265 black dial first serie from 1970<\/title>\n<meta name=\"description\" content=\"Marque: ROLEX Mod\u00e8le: DAYTONA R\u00e9f\u00e9rence: 6265 Ann\u00e9e: 1970 Serial : 278XXXX Mouvement : MECA VALJOUX 727 Boite: Boitier tr\u00e8s probablement jamais polie\" \/>\n<meta name=\"robots\" content=\"index, follow, max-snippet:-1, max-image-preview:large, max-video-preview:-1\" \/>\n<link rel=\"canonical\" href=\"https:\/\/www.parisheure.com\/en\/buy-watch\/rolex-rare-daytona-ref-6265-black-dial-first-serie-from-1970-stock-ph-watches\/\" \/>\n<meta property=\"og:locale\" content=\"en_US\" \/>\n<meta property=\"og:type\" content=\"article\" \/>\n<meta property=\"og:title\" content=\"Rolex rare daytona ref 6265 black dial first serie from 1970\" \/>\n<meta property=\"og:description\" content=\"Marque: ROLEX Mod\u00e8le: DAYTONA R\u00e9f\u00e9rence: 6265 Ann\u00e9e: 1970 Serial : 278XXXX Mouvement : MECA VALJOUX 727 Boite: Boitier tr\u00e8s probablement jamais polie\" \/>\n<meta property=\"og:url\" content=\"https:\/\/www.parisheure.com\/en\/buy-watch\/rolex-rare-daytona-ref-6265-black-dial-first-serie-from-1970-stock-ph-watches\/\" \/>\n<meta property=\"og:site_name\" content=\"PARIS HEURE\" \/>\n<meta property=\"article:publisher\" content=\"https:\/\/www.facebook.com\/ParisHeure\" \/>\n<meta property=\"article:modified_time\" content=\"2026-01-16T13:15:34+00:00\" \/>\n<meta property=\"og:image\" content=\"https:\/\/www.parisheure.com\/wp-content\/uploads\/2023\/04\/ROLEX-DAYTONA-REF-6265-FIRST-SERIE-BLACK-n-278XXXX-_0022_Calque-14-scaled.jpg\" \/>\n\t<meta property=\"og:image:width\" content=\"2560\" \/>\n\t<meta property=\"og:image:height\" content=\"2560\" \/>\n\t<meta property=\"og:image:type\" content=\"image\/jpeg\" \/>\n<meta name=\"twitter:card\" content=\"summary_large_image\" \/>\n<script type=\"application\/ld+json\" class=\"yoast-schema-graph\">{\"@context\":\"https:\\\/\\\/schema.org\",\"@graph\":[{\"@type\":\"WebPage\",\"@id\":\"https:\\\/\\\/www.parisheure.com\\\/acheter-montre\\\/rolex-rare-daytona-ref-6265-black-dial-first-serie-from-1970-stock-ph-watches\\\/\",\"url\":\"https:\\\/\\\/www.parisheure.com\\\/acheter-montre\\\/rolex-rare-daytona-ref-6265-black-dial-first-serie-from-1970-stock-ph-watches\\\/\",\"name\":\"Rolex rare daytona ref 6265 black dial first serie from 1970\",\"isPartOf\":{\"@id\":\"https:\\\/\\\/www.parisheure.com\\\/#website\"},\"primaryImageOfPage\":{\"@id\":\"https:\\\/\\\/www.parisheure.com\\\/acheter-montre\\\/rolex-rare-daytona-ref-6265-black-dial-first-serie-from-1970-stock-ph-watches\\\/#primaryimage\"},\"image\":{\"@id\":\"https:\\\/\\\/www.parisheure.com\\\/acheter-montre\\\/rolex-rare-daytona-ref-6265-black-dial-first-serie-from-1970-stock-ph-watches\\\/#primaryimage\"},\"thumbnailUrl\":\"https:\\\/\\\/www.parisheure.com\\\/wp-content\\\/uploads\\\/2023\\\/04\\\/ROLEX-DAYTONA-REF-6265-FIRST-SERIE-BLACK-n-278XXXX-_0022_Calque-14-scaled.jpg\",\"datePublished\":\"2023-05-23T16:03:54+00:00\",\"dateModified\":\"2026-01-16T13:15:34+00:00\",\"description\":\"Marque: ROLEX Mod\u00e8le: DAYTONA R\u00e9f\u00e9rence: 6265 Ann\u00e9e: 1970 Serial : 278XXXX Mouvement : MECA VALJOUX 727 Boite: Boitier tr\u00e8s probablement jamais polie\",\"breadcrumb\":{\"@id\":\"https:\\\/\\\/www.parisheure.com\\\/acheter-montre\\\/rolex-rare-daytona-ref-6265-black-dial-first-serie-from-1970-stock-ph-watches\\\/#breadcrumb\"},\"inLanguage\":\"en-US\",\"potentialAction\":[{\"@type\":\"ReadAction\",\"target\":[\"https:\\\/\\\/www.parisheure.com\\\/acheter-montre\\\/rolex-rare-daytona-ref-6265-black-dial-first-serie-from-1970-stock-ph-watches\\\/\"]}]},{\"@type\":\"ImageObject\",\"inLanguage\":\"en-US\",\"@id\":\"https:\\\/\\\/www.parisheure.com\\\/acheter-montre\\\/rolex-rare-daytona-ref-6265-black-dial-first-serie-from-1970-stock-ph-watches\\\/#primaryimage\",\"url\":\"https:\\\/\\\/www.parisheure.com\\\/wp-content\\\/uploads\\\/2023\\\/04\\\/ROLEX-DAYTONA-REF-6265-FIRST-SERIE-BLACK-n-278XXXX-_0022_Calque-14-scaled.jpg\",\"contentUrl\":\"https:\\\/\\\/www.parisheure.com\\\/wp-content\\\/uploads\\\/2023\\\/04\\\/ROLEX-DAYTONA-REF-6265-FIRST-SERIE-BLACK-n-278XXXX-_0022_Calque-14-scaled.jpg\",\"width\":2560,\"height\":2560},{\"@type\":\"BreadcrumbList\",\"@id\":\"https:\\\/\\\/www.parisheure.com\\\/acheter-montre\\\/rolex-rare-daytona-ref-6265-black-dial-first-serie-from-1970-stock-ph-watches\\\/#breadcrumb\",\"itemListElement\":[{\"@type\":\"ListItem\",\"position\":1,\"name\":\"Accueil\",\"item\":\"https:\\\/\\\/www.parisheure.com\\\/\"},{\"@type\":\"ListItem\",\"position\":2,\"name\":\"WATCHES\",\"item\":\"https:\\\/\\\/www.parisheure.com\\\/\"},{\"@type\":\"ListItem\",\"position\":3,\"name\":\"Rolex rare daytona ref 6265 black dial first serie from 1970 ( stock ph watches )\"}]},{\"@type\":\"WebSite\",\"@id\":\"https:\\\/\\\/www.parisheure.com\\\/#website\",\"url\":\"https:\\\/\\\/www.parisheure.com\\\/\",\"name\":\"PARIS HEURE\",\"description\":\"Vintage watches Paris\",\"publisher\":{\"@id\":\"https:\\\/\\\/www.parisheure.com\\\/#organization\"},\"potentialAction\":[{\"@type\":\"SearchAction\",\"target\":{\"@type\":\"EntryPoint\",\"urlTemplate\":\"https:\\\/\\\/www.parisheure.com\\\/?s={search_term_string}\"},\"query-input\":{\"@type\":\"PropertyValueSpecification\",\"valueRequired\":true,\"valueName\":\"search_term_string\"}}],\"inLanguage\":\"en-US\"},{\"@type\":\"Organization\",\"@id\":\"https:\\\/\\\/www.parisheure.com\\\/#organization\",\"name\":\"PARIS HEURE\",\"url\":\"https:\\\/\\\/www.parisheure.com\\\/\",\"logo\":{\"@type\":\"ImageObject\",\"inLanguage\":\"en-US\",\"@id\":\"https:\\\/\\\/www.parisheure.com\\\/#\\\/schema\\\/logo\\\/image\\\/\",\"url\":\"https:\\\/\\\/www.parisheure.com\\\/wp-content\\\/uploads\\\/2021\\\/07\\\/cropped-logo-paris-heure.png\",\"contentUrl\":\"https:\\\/\\\/www.parisheure.com\\\/wp-content\\\/uploads\\\/2021\\\/07\\\/cropped-logo-paris-heure.png\",\"width\":512,\"height\":512,\"caption\":\"PARIS HEURE\"},\"image\":{\"@id\":\"https:\\\/\\\/www.parisheure.com\\\/#\\\/schema\\\/logo\\\/image\\\/\"},\"sameAs\":[\"https:\\\/\\\/www.facebook.com\\\/ParisHeure\",\"https:\\\/\\\/www.instagram.com\\\/parisheure\\\/\"]}]}<\/script>\n<!-- \/ Yoast SEO plugin. -->","yoast_head_json":{"title":"Rolex rare daytona ref 6265 black dial first serie from 1970","description":"Marque: ROLEX Mod\u00e8le: DAYTONA R\u00e9f\u00e9rence: 6265 Ann\u00e9e: 1970 Serial : 278XXXX Mouvement : MECA VALJOUX 727 Boite: Boitier tr\u00e8s probablement jamais polie","robots":{"index":"index","follow":"follow","max-snippet":"max-snippet:-1","max-image-preview":"max-image-preview:large","max-video-preview":"max-video-preview:-1"},"canonical":"https:\/\/www.parisheure.com\/en\/buy-watch\/rolex-rare-daytona-ref-6265-black-dial-first-serie-from-1970-stock-ph-watches\/","og_locale":"en_US","og_type":"article","og_title":"Rolex rare daytona ref 6265 black dial first serie from 1970","og_description":"Marque: ROLEX Mod\u00e8le: DAYTONA R\u00e9f\u00e9rence: 6265 Ann\u00e9e: 1970 Serial : 278XXXX Mouvement : MECA VALJOUX 727 Boite: Boitier tr\u00e8s probablement jamais polie","og_url":"https:\/\/www.parisheure.com\/en\/buy-watch\/rolex-rare-daytona-ref-6265-black-dial-first-serie-from-1970-stock-ph-watches\/","og_site_name":"PARIS HEURE","article_publisher":"https:\/\/www.facebook.com\/ParisHeure","article_modified_time":"2026-01-16T13:15:34+00:00","og_image":[{"width":2560,"height":2560,"url":"https:\/\/www.parisheure.com\/wp-content\/uploads\/2023\/04\/ROLEX-DAYTONA-REF-6265-FIRST-SERIE-BLACK-n-278XXXX-_0022_Calque-14-scaled.jpg","type":"image\/jpeg"}],"twitter_card":"summary_large_image","schema":{"@context":"https:\/\/schema.org","@graph":[{"@type":"WebPage","@id":"https:\/\/www.parisheure.com\/acheter-montre\/rolex-rare-daytona-ref-6265-black-dial-first-serie-from-1970-stock-ph-watches\/","url":"https:\/\/www.parisheure.com\/acheter-montre\/rolex-rare-daytona-ref-6265-black-dial-first-serie-from-1970-stock-ph-watches\/","name":"Rolex rare daytona ref 6265 black dial first serie from 1970","isPartOf":{"@id":"https:\/\/www.parisheure.com\/#website"},"primaryImageOfPage":{"@id":"https:\/\/www.parisheure.com\/acheter-montre\/rolex-rare-daytona-ref-6265-black-dial-first-serie-from-1970-stock-ph-watches\/#primaryimage"},"image":{"@id":"https:\/\/www.parisheure.com\/acheter-montre\/rolex-rare-daytona-ref-6265-black-dial-first-serie-from-1970-stock-ph-watches\/#primaryimage"},"thumbnailUrl":"https:\/\/www.parisheure.com\/wp-content\/uploads\/2023\/04\/ROLEX-DAYTONA-REF-6265-FIRST-SERIE-BLACK-n-278XXXX-_0022_Calque-14-scaled.jpg","datePublished":"2023-05-23T16:03:54+00:00","dateModified":"2026-01-16T13:15:34+00:00","description":"Marque: ROLEX Mod\u00e8le: DAYTONA R\u00e9f\u00e9rence: 6265 Ann\u00e9e: 1970 Serial : 278XXXX Mouvement : MECA VALJOUX 727 Boite: Boitier tr\u00e8s probablement jamais polie","breadcrumb":{"@id":"https:\/\/www.parisheure.com\/acheter-montre\/rolex-rare-daytona-ref-6265-black-dial-first-serie-from-1970-stock-ph-watches\/#breadcrumb"},"inLanguage":"en-US","potentialAction":[{"@type":"ReadAction","target":["https:\/\/www.parisheure.com\/acheter-montre\/rolex-rare-daytona-ref-6265-black-dial-first-serie-from-1970-stock-ph-watches\/"]}]},{"@type":"ImageObject","inLanguage":"en-US","@id":"https:\/\/www.parisheure.com\/acheter-montre\/rolex-rare-daytona-ref-6265-black-dial-first-serie-from-1970-stock-ph-watches\/#primaryimage","url":"https:\/\/www.parisheure.com\/wp-content\/uploads\/2023\/04\/ROLEX-DAYTONA-REF-6265-FIRST-SERIE-BLACK-n-278XXXX-_0022_Calque-14-scaled.jpg","contentUrl":"https:\/\/www.parisheure.com\/wp-content\/uploads\/2023\/04\/ROLEX-DAYTONA-REF-6265-FIRST-SERIE-BLACK-n-278XXXX-_0022_Calque-14-scaled.jpg","width":2560,"height":2560},{"@type":"BreadcrumbList","@id":"https:\/\/www.parisheure.com\/acheter-montre\/rolex-rare-daytona-ref-6265-black-dial-first-serie-from-1970-stock-ph-watches\/#breadcrumb","itemListElement":[{"@type":"ListItem","position":1,"name":"Accueil","item":"https:\/\/www.parisheure.com\/"},{"@type":"ListItem","position":2,"name":"WATCHES","item":"https:\/\/www.parisheure.com\/"},{"@type":"ListItem","position":3,"name":"Rolex rare daytona ref 6265 black dial first serie from 1970 ( stock ph watches )"}]},{"@type":"WebSite","@id":"https:\/\/www.parisheure.com\/#website","url":"https:\/\/www.parisheure.com\/","name":"PARIS HEURE","description":"Vintage watches Paris","publisher":{"@id":"https:\/\/www.parisheure.com\/#organization"},"potentialAction":[{"@type":"SearchAction","target":{"@type":"EntryPoint","urlTemplate":"https:\/\/www.parisheure.com\/?s={search_term_string}"},"query-input":{"@type":"PropertyValueSpecification","valueRequired":true,"valueName":"search_term_string"}}],"inLanguage":"en-US"},{"@type":"Organization","@id":"https:\/\/www.parisheure.com\/#organization","name":"PARIS HEURE","url":"https:\/\/www.parisheure.com\/","logo":{"@type":"ImageObject","inLanguage":"en-US","@id":"https:\/\/www.parisheure.com\/#\/schema\/logo\/image\/","url":"https:\/\/www.parisheure.com\/wp-content\/uploads\/2021\/07\/cropped-logo-paris-heure.png","contentUrl":"https:\/\/www.parisheure.com\/wp-content\/uploads\/2021\/07\/cropped-logo-paris-heure.png","width":512,"height":512,"caption":"PARIS HEURE"},"image":{"@id":"https:\/\/www.parisheure.com\/#\/schema\/logo\/image\/"},"sameAs":["https:\/\/www.facebook.com\/ParisHeure","https:\/\/www.instagram.com\/parisheure\/"]}]}},"jetpack_sharing_enabled":true,"brands":[{"id":432,"name":"Rolex","slug":"rolex"}],"_links":{"self":[{"href":"https:\/\/www.parisheure.com\/en\/wp-json\/wp\/v2\/product\/13291","targetHints":{"allow":["GET"]}}],"collection":[{"href":"https:\/\/www.parisheure.com\/en\/wp-json\/wp\/v2\/product"}],"about":[{"href":"https:\/\/www.parisheure.com\/en\/wp-json\/wp\/v2\/types\/product"}],"version-history":[{"count":4,"href":"https:\/\/www.parisheure.com\/en\/wp-json\/wp\/v2\/product\/13291\/revisions"}],"predecessor-version":[{"id":14736,"href":"https:\/\/www.parisheure.com\/en\/wp-json\/wp\/v2\/product\/13291\/revisions\/14736"}],"wp:featuredmedia":[{"embeddable":true,"href":"https:\/\/www.parisheure.com\/en\/wp-json\/wp\/v2\/media\/12813"}],"wp:attachment":[{"href":"https:\/\/www.parisheure.com\/en\/wp-json\/wp\/v2\/media?parent=13291"}],"wp:term":[{"taxonomy":"pwb-brand","embeddable":true,"href":"https:\/\/www.parisheure.com\/en\/wp-json\/wp\/v2\/pwb-brand?post=13291"},{"taxonomy":"product_brand","embeddable":true,"href":"https:\/\/www.parisheure.com\/en\/wp-json\/wp\/v2\/product_brand?post=13291"},{"taxonomy":"product_cat","embeddable":true,"href":"https:\/\/www.parisheure.com\/en\/wp-json\/wp\/v2\/product_cat?post=13291"},{"taxonomy":"product_tag","embeddable":true,"href":"https:\/\/www.parisheure.com\/en\/wp-json\/wp\/v2\/product_tag?post=13291"}],"curies":[{"name":"wp","href":"https:\/\/api.w.org\/{rel}","templated":true}]}}