{"id":13434,"date":"2023-12-28T15:44:47","date_gmt":"2023-12-28T14:44:47","guid":{"rendered":"https:\/\/www.parisheure.com\/?post_type=product&#038;p=13434"},"modified":"2024-10-22T16:35:40","modified_gmt":"2024-10-22T14:35:40","slug":"rolex-explorer-ref-16570-full-set-from-2000","status":"publish","type":"product","link":"https:\/\/www.parisheure.com\/en\/buy-watch\/rolex-explorer-ref-16570-full-set-from-2000\/","title":{"rendered":"ROLEX EXPLORER REF 16570 FULL SET from 2000"},"content":{"rendered":"<p><strong><em>Our opinion: <\/em><\/strong>L\u2019explorer II POLAR dial est une montre a part enti\u00e8re de la gamme rolex sport. De plus, cette montre d\u00e9di\u00e9e aux explorateurs poss\u00e8de syst\u00e8me de lisibilit\u00e9 qui n\u2019a jamais \u00e9t\u00e9 utilis\u00e9 sur un autre mod\u00e8le par la marque. Son aiguille rouge permettant la lecture 24H est aussi une vraie particularit\u00e9 de cette r\u00e9f\u00e9rence. Cette complication assez peu utile \u00e0 une \u00e9poque de montre outils. Celle-ci est en une des plus recherch\u00e9e avec son. cadran blanc dit POLAR. Montre livr\u00e9e en full set boite, papiers d\u2019origines et r\u00e9vision Rolex.<\/p>","protected":false},"excerpt":{"rendered":"<p><strong><em>Brand:\u00a0\u00a0 <\/em><\/strong>ROLEX<\/p>\n<p><strong><em>Model:\u00a0<\/em><\/strong>EXPLORER II<\/p>\n<p><strong><em>Reference:\u00a0<\/em><\/strong>16570<\/p>\n<p><strong><em>Year: <\/em><\/strong>2000<\/p>\n<p><strong><em>Serial :\u00a0<\/em><\/strong>A29XXXX<\/p>\n<p><strong><em>Diameter\u00a0: <\/em><\/strong>39 MM<\/p>\n<p><strong><em>Bezel: <\/em><\/strong>Belle lunette avec tous ses marquages noirs encore bien pr\u00e9sents une lunette gradu\u00e9e de 2 \u00e0 24 assez unique servant \u00e0 indiquer une lecture de l\u2019heure sur 24H gr\u00e2ce \u00e0 sa son aiguille rouge GMT. Celle-ci indique l\u2019heure en ne tournant qu\u2019une fois en 24h. Cette aiguille \u00e9tait utilis\u00e9e par les explorateurs qui pouvaient rester plusieurs jours dans des cavernes sans lumi\u00e8re naturelle et avait donc le besoin d\u2019avoir une indication sp\u00e9cifique afin de d\u00e9terminer s\u2019il est 8 h du matin ou du soir par exemple. De ce fait cette lunette est non directionnelle et fixe.<\/p>\n<p><strong><em>Case: <\/em><\/strong>Beau boitier encore \u00e9pais. Les chanfreins sont encore visibles. Quelques rayures d\u2019usage car la montre n\u2019a pas \u00e9t\u00e9 repolie. Cela peut \u00eatre fait sur demande.<\/p>\n<p><strong><em>Movement\u00a0:<\/em><\/strong> Automatique calibre 3185<\/p>\n<p><strong><em>Dial:\u00a0<\/em><\/strong>Beau cadran blanc POLAR parfait avec des beaux indexes avec une l\u00e9g\u00e8re patine.<\/p>\n<p><strong><em>Accessories: <\/em><\/strong>Boite, papiers d\u2019origines et r\u00e9vision Rolex.<\/p>","protected":false},"featured_media":13435,"template":"","meta":[],"pwb-brand":[432],"product_brand":[],"product_cat":[107,367,90,245],"product_tag":[420,281,106,419,127],"class_list":{"0":"post-13434","1":"product","2":"type-product","3":"status-publish","4":"has-post-thumbnail","6":"pwb-brand-rolex","7":"product_cat-archives","8":"product_cat-montres-paris-heure","9":"product_cat-rolex","10":"product_cat-rolex-explorer","11":"product_tag-420","12":"product_tag-explorer-ii","13":"product_tag-full-set","14":"product_tag-polar","15":"product_tag-rolex","17":"first","18":"outofstock","19":"shipping-taxable","20":"product-type-simple"},"yoast_head":"<!-- This site is optimized with the Yoast SEO plugin v27.5 - https:\/\/yoast.com\/product\/yoast-seo-wordpress\/ -->\n<title>ROLEX EXPLORER REF 16570 FULL SET from 2000 &#8226; PARIS HEURE<\/title>\n<meta name=\"description\" content=\"Marque:\u00a0\u00a0 ROLEX  Mod\u00e8le:\u00a0EXPLORER II  R\u00e9f\u00e9rence:\u00a016570  Ann\u00e9e: 2000  Serial :\u00a0A29XXXX  Diam\u00e8tre\u00a0: 39 MM  Lunette\u00a0: Belle lunette avec tous ses marquages noirs encore bien pr\u00e9sents une lunette gradu\u00e9e de 2 \u00e0 24 assez unique servant \u00e0 indiquer une lecture de l\u2019heure sur 24H gr\u00e2ce \u00e0 sa son aiguille rouge GMT. Celle-ci indique l\u2019heure en ne tournant qu\u2019une fois en 24h. Cette aiguille \u00e9tait utilis\u00e9e par les explorateurs qui pouvaient rester plusieurs jours dans des cavernes sans lumi\u00e8re naturelle et avait donc le besoin d\u2019avoir une indication sp\u00e9cifique afin de d\u00e9terminer s\u2019il est 8 h du matin ou du soir par exemple. De ce fait cette lunette est non directionnelle et fixe.  Boite: Beau boitier encore \u00e9pais. Les chanfreins sont encore visibles. Quelques rayures d&#039;usage car la montre n&#039;a pas \u00e9t\u00e9 repolie. Cela peut \u00eatre fait sur demande.  Mouvement\u00a0: Automatique calibre 3185  Cadran:\u00a0Beau cadran blanc POLAR parfait avec des beaux indexes avec une l\u00e9g\u00e8re patine.  Accessoires: Boite, papiers d&#039;origines et r\u00e9vision Rolex.\" \/>\n<meta name=\"robots\" content=\"index, follow, max-snippet:-1, max-image-preview:large, max-video-preview:-1\" \/>\n<link rel=\"canonical\" href=\"https:\/\/www.parisheure.com\/en\/buy-watch\/rolex-explorer-ref-16570-full-set-from-2000\/\" \/>\n<meta property=\"og:locale\" content=\"en_US\" \/>\n<meta property=\"og:type\" content=\"article\" \/>\n<meta property=\"og:title\" content=\"ROLEX EXPLORER REF 16570 FULL SET from 2000 &#8226; PARIS HEURE\" \/>\n<meta property=\"og:description\" content=\"Marque:\u00a0\u00a0 ROLEX  Mod\u00e8le:\u00a0EXPLORER II  R\u00e9f\u00e9rence:\u00a016570  Ann\u00e9e: 2000  Serial :\u00a0A29XXXX  Diam\u00e8tre\u00a0: 39 MM  Lunette\u00a0: Belle lunette avec tous ses marquages noirs encore bien pr\u00e9sents une lunette gradu\u00e9e de 2 \u00e0 24 assez unique servant \u00e0 indiquer une lecture de l\u2019heure sur 24H gr\u00e2ce \u00e0 sa son aiguille rouge GMT. Celle-ci indique l\u2019heure en ne tournant qu\u2019une fois en 24h. Cette aiguille \u00e9tait utilis\u00e9e par les explorateurs qui pouvaient rester plusieurs jours dans des cavernes sans lumi\u00e8re naturelle et avait donc le besoin d\u2019avoir une indication sp\u00e9cifique afin de d\u00e9terminer s\u2019il est 8 h du matin ou du soir par exemple. De ce fait cette lunette est non directionnelle et fixe.  Boite: Beau boitier encore \u00e9pais. Les chanfreins sont encore visibles. Quelques rayures d&#039;usage car la montre n&#039;a pas \u00e9t\u00e9 repolie. Cela peut \u00eatre fait sur demande.  Mouvement\u00a0: Automatique calibre 3185  Cadran:\u00a0Beau cadran blanc POLAR parfait avec des beaux indexes avec une l\u00e9g\u00e8re patine.  Accessoires: Boite, papiers d&#039;origines et r\u00e9vision Rolex.\" \/>\n<meta property=\"og:url\" content=\"https:\/\/www.parisheure.com\/en\/buy-watch\/rolex-explorer-ref-16570-full-set-from-2000\/\" \/>\n<meta property=\"og:site_name\" content=\"PARIS HEURE\" \/>\n<meta property=\"article:publisher\" content=\"https:\/\/www.facebook.com\/ParisHeure\" \/>\n<meta property=\"article:modified_time\" content=\"2024-10-22T14:35:40+00:00\" \/>\n<meta property=\"og:image\" content=\"https:\/\/www.parisheure.com\/wp-content\/uploads\/2023\/12\/ROLEX-EXPLORER-II-REF-16570-POLAR-FULL-SET-FROM-2000-N\u00b0A295068-_0018_Calque-3-scaled.jpg\" \/>\n\t<meta property=\"og:image:width\" content=\"2560\" \/>\n\t<meta property=\"og:image:height\" content=\"2560\" \/>\n\t<meta property=\"og:image:type\" content=\"image\/jpeg\" \/>\n<meta name=\"twitter:card\" content=\"summary_large_image\" \/>\n<script type=\"application\/ld+json\" class=\"yoast-schema-graph\">{\"@context\":\"https:\\\/\\\/schema.org\",\"@graph\":[{\"@type\":\"WebPage\",\"@id\":\"https:\\\/\\\/www.parisheure.com\\\/acheter-montre\\\/rolex-explorer-ref-16570-full-set-from-2000\\\/\",\"url\":\"https:\\\/\\\/www.parisheure.com\\\/acheter-montre\\\/rolex-explorer-ref-16570-full-set-from-2000\\\/\",\"name\":\"ROLEX EXPLORER REF 16570 FULL SET from 2000 &#8226; PARIS HEURE\",\"isPartOf\":{\"@id\":\"https:\\\/\\\/www.parisheure.com\\\/#website\"},\"primaryImageOfPage\":{\"@id\":\"https:\\\/\\\/www.parisheure.com\\\/acheter-montre\\\/rolex-explorer-ref-16570-full-set-from-2000\\\/#primaryimage\"},\"image\":{\"@id\":\"https:\\\/\\\/www.parisheure.com\\\/acheter-montre\\\/rolex-explorer-ref-16570-full-set-from-2000\\\/#primaryimage\"},\"thumbnailUrl\":\"https:\\\/\\\/www.parisheure.com\\\/wp-content\\\/uploads\\\/2023\\\/12\\\/ROLEX-EXPLORER-II-REF-16570-POLAR-FULL-SET-FROM-2000-N\u00b0A295068-_0018_Calque-3-scaled.jpg\",\"datePublished\":\"2023-12-28T14:44:47+00:00\",\"dateModified\":\"2024-10-22T14:35:40+00:00\",\"description\":\"Marque:\u00a0\u00a0 ROLEX Mod\u00e8le:\u00a0EXPLORER II R\u00e9f\u00e9rence:\u00a016570 Ann\u00e9e: 2000 Serial :\u00a0A29XXXX Diam\u00e8tre\u00a0: 39 MM Lunette\u00a0: Belle lunette avec tous ses marquages noirs encore bien pr\u00e9sents une lunette gradu\u00e9e de 2 \u00e0 24 assez unique servant \u00e0 indiquer une lecture de l\u2019heure sur 24H gr\u00e2ce \u00e0 sa son aiguille rouge GMT. Celle-ci indique l\u2019heure en ne tournant qu\u2019une fois en 24h. Cette aiguille \u00e9tait utilis\u00e9e par les explorateurs qui pouvaient rester plusieurs jours dans des cavernes sans lumi\u00e8re naturelle et avait donc le besoin d\u2019avoir une indication sp\u00e9cifique afin de d\u00e9terminer s\u2019il est 8 h du matin ou du soir par exemple. De ce fait cette lunette est non directionnelle et fixe. Boite: Beau boitier encore \u00e9pais. Les chanfreins sont encore visibles. Quelques rayures d'usage car la montre n'a pas \u00e9t\u00e9 repolie. Cela peut \u00eatre fait sur demande. Mouvement\u00a0: Automatique calibre 3185 Cadran:\u00a0Beau cadran blanc POLAR parfait avec des beaux indexes avec une l\u00e9g\u00e8re patine. Accessoires: Boite, papiers d'origines et r\u00e9vision Rolex.\",\"breadcrumb\":{\"@id\":\"https:\\\/\\\/www.parisheure.com\\\/acheter-montre\\\/rolex-explorer-ref-16570-full-set-from-2000\\\/#breadcrumb\"},\"inLanguage\":\"en-US\",\"potentialAction\":[{\"@type\":\"ReadAction\",\"target\":[\"https:\\\/\\\/www.parisheure.com\\\/acheter-montre\\\/rolex-explorer-ref-16570-full-set-from-2000\\\/\"]}]},{\"@type\":\"ImageObject\",\"inLanguage\":\"en-US\",\"@id\":\"https:\\\/\\\/www.parisheure.com\\\/acheter-montre\\\/rolex-explorer-ref-16570-full-set-from-2000\\\/#primaryimage\",\"url\":\"https:\\\/\\\/www.parisheure.com\\\/wp-content\\\/uploads\\\/2023\\\/12\\\/ROLEX-EXPLORER-II-REF-16570-POLAR-FULL-SET-FROM-2000-N\u00b0A295068-_0018_Calque-3-scaled.jpg\",\"contentUrl\":\"https:\\\/\\\/www.parisheure.com\\\/wp-content\\\/uploads\\\/2023\\\/12\\\/ROLEX-EXPLORER-II-REF-16570-POLAR-FULL-SET-FROM-2000-N\u00b0A295068-_0018_Calque-3-scaled.jpg\",\"width\":2560,\"height\":2560},{\"@type\":\"BreadcrumbList\",\"@id\":\"https:\\\/\\\/www.parisheure.com\\\/acheter-montre\\\/rolex-explorer-ref-16570-full-set-from-2000\\\/#breadcrumb\",\"itemListElement\":[{\"@type\":\"ListItem\",\"position\":1,\"name\":\"Accueil\",\"item\":\"https:\\\/\\\/www.parisheure.com\\\/\"},{\"@type\":\"ListItem\",\"position\":2,\"name\":\"WATCHES\",\"item\":\"https:\\\/\\\/www.parisheure.com\\\/\"},{\"@type\":\"ListItem\",\"position\":3,\"name\":\"ROLEX EXPLORER REF 16570 FULL SET from 2000\"}]},{\"@type\":\"WebSite\",\"@id\":\"https:\\\/\\\/www.parisheure.com\\\/#website\",\"url\":\"https:\\\/\\\/www.parisheure.com\\\/\",\"name\":\"PARIS HEURE\",\"description\":\"Vintage watches Paris\",\"publisher\":{\"@id\":\"https:\\\/\\\/www.parisheure.com\\\/#organization\"},\"potentialAction\":[{\"@type\":\"SearchAction\",\"target\":{\"@type\":\"EntryPoint\",\"urlTemplate\":\"https:\\\/\\\/www.parisheure.com\\\/?s={search_term_string}\"},\"query-input\":{\"@type\":\"PropertyValueSpecification\",\"valueRequired\":true,\"valueName\":\"search_term_string\"}}],\"inLanguage\":\"en-US\"},{\"@type\":\"Organization\",\"@id\":\"https:\\\/\\\/www.parisheure.com\\\/#organization\",\"name\":\"PARIS HEURE\",\"url\":\"https:\\\/\\\/www.parisheure.com\\\/\",\"logo\":{\"@type\":\"ImageObject\",\"inLanguage\":\"en-US\",\"@id\":\"https:\\\/\\\/www.parisheure.com\\\/#\\\/schema\\\/logo\\\/image\\\/\",\"url\":\"https:\\\/\\\/www.parisheure.com\\\/wp-content\\\/uploads\\\/2021\\\/07\\\/cropped-logo-paris-heure.png\",\"contentUrl\":\"https:\\\/\\\/www.parisheure.com\\\/wp-content\\\/uploads\\\/2021\\\/07\\\/cropped-logo-paris-heure.png\",\"width\":512,\"height\":512,\"caption\":\"PARIS HEURE\"},\"image\":{\"@id\":\"https:\\\/\\\/www.parisheure.com\\\/#\\\/schema\\\/logo\\\/image\\\/\"},\"sameAs\":[\"https:\\\/\\\/www.facebook.com\\\/ParisHeure\",\"https:\\\/\\\/www.instagram.com\\\/parisheure\\\/\"]}]}<\/script>\n<!-- \/ Yoast SEO plugin. -->","yoast_head_json":{"title":"ROLEX EXPLORER REF 16570 FULL SET from 2000 \u2022 PARIS HEURE","description":"Marque:\u00a0\u00a0 ROLEX  Mod\u00e8le:\u00a0EXPLORER II  R\u00e9f\u00e9rence:\u00a016570  Ann\u00e9e: 2000  Serial :\u00a0A29XXXX  Diam\u00e8tre\u00a0: 39 MM  Lunette\u00a0: Belle lunette avec tous ses marquages noirs encore bien pr\u00e9sents une lunette gradu\u00e9e de 2 \u00e0 24 assez unique servant \u00e0 indiquer une lecture de l\u2019heure sur 24H gr\u00e2ce \u00e0 sa son aiguille rouge GMT. Celle-ci indique l\u2019heure en ne tournant qu\u2019une fois en 24h. Cette aiguille \u00e9tait utilis\u00e9e par les explorateurs qui pouvaient rester plusieurs jours dans des cavernes sans lumi\u00e8re naturelle et avait donc le besoin d\u2019avoir une indication sp\u00e9cifique afin de d\u00e9terminer s\u2019il est 8 h du matin ou du soir par exemple. De ce fait cette lunette est non directionnelle et fixe.  Boite: Beau boitier encore \u00e9pais. Les chanfreins sont encore visibles. Quelques rayures d'usage car la montre n'a pas \u00e9t\u00e9 repolie. Cela peut \u00eatre fait sur demande.  Mouvement\u00a0: Automatique calibre 3185  Cadran:\u00a0Beau cadran blanc POLAR parfait avec des beaux indexes avec une l\u00e9g\u00e8re patine.  Accessoires: Boite, papiers d'origines et r\u00e9vision Rolex.","robots":{"index":"index","follow":"follow","max-snippet":"max-snippet:-1","max-image-preview":"max-image-preview:large","max-video-preview":"max-video-preview:-1"},"canonical":"https:\/\/www.parisheure.com\/en\/buy-watch\/rolex-explorer-ref-16570-full-set-from-2000\/","og_locale":"en_US","og_type":"article","og_title":"ROLEX EXPLORER REF 16570 FULL SET from 2000 &#8226; PARIS HEURE","og_description":"Marque:\u00a0\u00a0 ROLEX  Mod\u00e8le:\u00a0EXPLORER II  R\u00e9f\u00e9rence:\u00a016570  Ann\u00e9e: 2000  Serial :\u00a0A29XXXX  Diam\u00e8tre\u00a0: 39 MM  Lunette\u00a0: Belle lunette avec tous ses marquages noirs encore bien pr\u00e9sents une lunette gradu\u00e9e de 2 \u00e0 24 assez unique servant \u00e0 indiquer une lecture de l\u2019heure sur 24H gr\u00e2ce \u00e0 sa son aiguille rouge GMT. Celle-ci indique l\u2019heure en ne tournant qu\u2019une fois en 24h. Cette aiguille \u00e9tait utilis\u00e9e par les explorateurs qui pouvaient rester plusieurs jours dans des cavernes sans lumi\u00e8re naturelle et avait donc le besoin d\u2019avoir une indication sp\u00e9cifique afin de d\u00e9terminer s\u2019il est 8 h du matin ou du soir par exemple. De ce fait cette lunette est non directionnelle et fixe.  Boite: Beau boitier encore \u00e9pais. Les chanfreins sont encore visibles. Quelques rayures d'usage car la montre n'a pas \u00e9t\u00e9 repolie. Cela peut \u00eatre fait sur demande.  Mouvement\u00a0: Automatique calibre 3185  Cadran:\u00a0Beau cadran blanc POLAR parfait avec des beaux indexes avec une l\u00e9g\u00e8re patine.  Accessoires: Boite, papiers d'origines et r\u00e9vision Rolex.","og_url":"https:\/\/www.parisheure.com\/en\/buy-watch\/rolex-explorer-ref-16570-full-set-from-2000\/","og_site_name":"PARIS HEURE","article_publisher":"https:\/\/www.facebook.com\/ParisHeure","article_modified_time":"2024-10-22T14:35:40+00:00","og_image":[{"width":2560,"height":2560,"url":"https:\/\/www.parisheure.com\/wp-content\/uploads\/2023\/12\/ROLEX-EXPLORER-II-REF-16570-POLAR-FULL-SET-FROM-2000-N\u00b0A295068-_0018_Calque-3-scaled.jpg","type":"image\/jpeg"}],"twitter_card":"summary_large_image","schema":{"@context":"https:\/\/schema.org","@graph":[{"@type":"WebPage","@id":"https:\/\/www.parisheure.com\/acheter-montre\/rolex-explorer-ref-16570-full-set-from-2000\/","url":"https:\/\/www.parisheure.com\/acheter-montre\/rolex-explorer-ref-16570-full-set-from-2000\/","name":"ROLEX EXPLORER REF 16570 FULL SET from 2000 \u2022 PARIS HEURE","isPartOf":{"@id":"https:\/\/www.parisheure.com\/#website"},"primaryImageOfPage":{"@id":"https:\/\/www.parisheure.com\/acheter-montre\/rolex-explorer-ref-16570-full-set-from-2000\/#primaryimage"},"image":{"@id":"https:\/\/www.parisheure.com\/acheter-montre\/rolex-explorer-ref-16570-full-set-from-2000\/#primaryimage"},"thumbnailUrl":"https:\/\/www.parisheure.com\/wp-content\/uploads\/2023\/12\/ROLEX-EXPLORER-II-REF-16570-POLAR-FULL-SET-FROM-2000-N\u00b0A295068-_0018_Calque-3-scaled.jpg","datePublished":"2023-12-28T14:44:47+00:00","dateModified":"2024-10-22T14:35:40+00:00","description":"Marque:\u00a0\u00a0 ROLEX Mod\u00e8le:\u00a0EXPLORER II R\u00e9f\u00e9rence:\u00a016570 Ann\u00e9e: 2000 Serial :\u00a0A29XXXX Diam\u00e8tre\u00a0: 39 MM Lunette\u00a0: Belle lunette avec tous ses marquages noirs encore bien pr\u00e9sents une lunette gradu\u00e9e de 2 \u00e0 24 assez unique servant \u00e0 indiquer une lecture de l\u2019heure sur 24H gr\u00e2ce \u00e0 sa son aiguille rouge GMT. Celle-ci indique l\u2019heure en ne tournant qu\u2019une fois en 24h. Cette aiguille \u00e9tait utilis\u00e9e par les explorateurs qui pouvaient rester plusieurs jours dans des cavernes sans lumi\u00e8re naturelle et avait donc le besoin d\u2019avoir une indication sp\u00e9cifique afin de d\u00e9terminer s\u2019il est 8 h du matin ou du soir par exemple. De ce fait cette lunette est non directionnelle et fixe. Boite: Beau boitier encore \u00e9pais. Les chanfreins sont encore visibles. Quelques rayures d'usage car la montre n'a pas \u00e9t\u00e9 repolie. Cela peut \u00eatre fait sur demande. Mouvement\u00a0: Automatique calibre 3185 Cadran:\u00a0Beau cadran blanc POLAR parfait avec des beaux indexes avec une l\u00e9g\u00e8re patine. Accessoires: Boite, papiers d'origines et r\u00e9vision Rolex.","breadcrumb":{"@id":"https:\/\/www.parisheure.com\/acheter-montre\/rolex-explorer-ref-16570-full-set-from-2000\/#breadcrumb"},"inLanguage":"en-US","potentialAction":[{"@type":"ReadAction","target":["https:\/\/www.parisheure.com\/acheter-montre\/rolex-explorer-ref-16570-full-set-from-2000\/"]}]},{"@type":"ImageObject","inLanguage":"en-US","@id":"https:\/\/www.parisheure.com\/acheter-montre\/rolex-explorer-ref-16570-full-set-from-2000\/#primaryimage","url":"https:\/\/www.parisheure.com\/wp-content\/uploads\/2023\/12\/ROLEX-EXPLORER-II-REF-16570-POLAR-FULL-SET-FROM-2000-N\u00b0A295068-_0018_Calque-3-scaled.jpg","contentUrl":"https:\/\/www.parisheure.com\/wp-content\/uploads\/2023\/12\/ROLEX-EXPLORER-II-REF-16570-POLAR-FULL-SET-FROM-2000-N\u00b0A295068-_0018_Calque-3-scaled.jpg","width":2560,"height":2560},{"@type":"BreadcrumbList","@id":"https:\/\/www.parisheure.com\/acheter-montre\/rolex-explorer-ref-16570-full-set-from-2000\/#breadcrumb","itemListElement":[{"@type":"ListItem","position":1,"name":"Accueil","item":"https:\/\/www.parisheure.com\/"},{"@type":"ListItem","position":2,"name":"WATCHES","item":"https:\/\/www.parisheure.com\/"},{"@type":"ListItem","position":3,"name":"ROLEX EXPLORER REF 16570 FULL SET from 2000"}]},{"@type":"WebSite","@id":"https:\/\/www.parisheure.com\/#website","url":"https:\/\/www.parisheure.com\/","name":"PARIS HEURE","description":"Vintage watches Paris","publisher":{"@id":"https:\/\/www.parisheure.com\/#organization"},"potentialAction":[{"@type":"SearchAction","target":{"@type":"EntryPoint","urlTemplate":"https:\/\/www.parisheure.com\/?s={search_term_string}"},"query-input":{"@type":"PropertyValueSpecification","valueRequired":true,"valueName":"search_term_string"}}],"inLanguage":"en-US"},{"@type":"Organization","@id":"https:\/\/www.parisheure.com\/#organization","name":"PARIS HEURE","url":"https:\/\/www.parisheure.com\/","logo":{"@type":"ImageObject","inLanguage":"en-US","@id":"https:\/\/www.parisheure.com\/#\/schema\/logo\/image\/","url":"https:\/\/www.parisheure.com\/wp-content\/uploads\/2021\/07\/cropped-logo-paris-heure.png","contentUrl":"https:\/\/www.parisheure.com\/wp-content\/uploads\/2021\/07\/cropped-logo-paris-heure.png","width":512,"height":512,"caption":"PARIS HEURE"},"image":{"@id":"https:\/\/www.parisheure.com\/#\/schema\/logo\/image\/"},"sameAs":["https:\/\/www.facebook.com\/ParisHeure","https:\/\/www.instagram.com\/parisheure\/"]}]}},"jetpack_sharing_enabled":true,"brands":[{"id":432,"name":"Rolex","slug":"rolex"}],"_links":{"self":[{"href":"https:\/\/www.parisheure.com\/en\/wp-json\/wp\/v2\/product\/13434","targetHints":{"allow":["GET"]}}],"collection":[{"href":"https:\/\/www.parisheure.com\/en\/wp-json\/wp\/v2\/product"}],"about":[{"href":"https:\/\/www.parisheure.com\/en\/wp-json\/wp\/v2\/types\/product"}],"version-history":[{"count":1,"href":"https:\/\/www.parisheure.com\/en\/wp-json\/wp\/v2\/product\/13434\/revisions"}],"predecessor-version":[{"id":14125,"href":"https:\/\/www.parisheure.com\/en\/wp-json\/wp\/v2\/product\/13434\/revisions\/14125"}],"wp:featuredmedia":[{"embeddable":true,"href":"https:\/\/www.parisheure.com\/en\/wp-json\/wp\/v2\/media\/13435"}],"wp:attachment":[{"href":"https:\/\/www.parisheure.com\/en\/wp-json\/wp\/v2\/media?parent=13434"}],"wp:term":[{"taxonomy":"pwb-brand","embeddable":true,"href":"https:\/\/www.parisheure.com\/en\/wp-json\/wp\/v2\/pwb-brand?post=13434"},{"taxonomy":"product_brand","embeddable":true,"href":"https:\/\/www.parisheure.com\/en\/wp-json\/wp\/v2\/product_brand?post=13434"},{"taxonomy":"product_cat","embeddable":true,"href":"https:\/\/www.parisheure.com\/en\/wp-json\/wp\/v2\/product_cat?post=13434"},{"taxonomy":"product_tag","embeddable":true,"href":"https:\/\/www.parisheure.com\/en\/wp-json\/wp\/v2\/product_tag?post=13434"}],"curies":[{"name":"wp","href":"https:\/\/api.w.org\/{rel}","templated":true}]}}