{"id":13761,"date":"2024-04-18T18:27:53","date_gmt":"2024-04-18T16:27:53","guid":{"rendered":"https:\/\/www.parisheure.com\/?post_type=product&#038;p=13761"},"modified":"2024-10-22T16:40:40","modified_gmt":"2024-10-22T14:40:40","slug":"rolex-gmt-master-ref-16750-mat-dial-quick-set-from-1979","status":"publish","type":"product","link":"https:\/\/www.parisheure.com\/en\/buy-watch\/rolex-gmt-master-ref-16750-mat-dial-quick-set-from-1979\/","title":{"rendered":"Rolex gmt master ref 16750 mat dial quick set from 1979 ( Stock Ph watches )"},"content":{"rendered":"<p><strong><em>Our opinion: <\/em><\/strong>La GMT est devenue plus mythique que la Submariner r\u00e9cemment avec une tr\u00e8s longue attente du retour de la lunette Pepsi. Celle-ci a sa sortie cr\u00e9e un effet de sp\u00e9culation \u00e9norme sur toutes les GMT et les collectionneurs les appr\u00e9cient encore plus que par le pass\u00e9. Celle-ci est rare dans sa version r\u00e9f\u00e9rence 16750 en cadran mat avec une lunette pepsi bien patin\u00e9e et son bracelet acier en bon \u00e9tat. Mod\u00e8le r\u00e9\u00e9dit\u00e9 par Rolex et qui a lanc\u00e9 la nouvelle sp\u00e9culation de la GMT master PEPSI. Cadran mat premi\u00e8re g\u00e9n\u00e9ration avec une belle patine et un insert qui matche si bien sur ces vintages. Une montre de collection si belle avec tant de caract\u00e8re. La montre est peu polie, encore \u00e9paisse, tr\u00e8s beau cadran. La vraie valeur investissement de chez Rolex. De plus que les neuves se revendent encore plus ch\u00e8re que ces mod\u00e8le rare et limit\u00e9e en production. Alors d\u00e9p\u00eachez-vous avant qu\u2019elles explosent en prix\u00a0!<\/p>","protected":false},"excerpt":{"rendered":"<p>ROLEX<\/p>\n<p>GMT-MASTER<\/p>\n<p><strong><em>Reference:\u00a0<\/em><\/strong>16750<\/p>\n<p><strong><em>Year:\u00a0<\/em><\/strong>1979<\/p>\n<p><strong><em>Serial :\u00a0<\/em><\/strong>622XXXX<\/p>\n<p><strong><em>Bezel: <\/em><\/strong>Magnifique insert pepsi qui donne un look si unique \u00e0 la montre avec une belle patine assez recherch\u00e9e et vintage<\/p>\n<p><strong><em>Case:\u00a0<\/em><\/strong>Tr\u00e8s beau boitier peu polie tr\u00e8s \u00e9pais et avec des angles parfait, aucun choc ni rayures importantes. Excellent \u00e9tat de conservation du boitier encore tr\u00e8s \u00e9pais.<\/p>\n<p><strong><em>Movement\u00a0:<\/em><\/strong> Automatique quick set cal 3075<\/p>\n<p><strong><em>Dial:\u00a0<\/em><\/strong>Beau cadran noir mat d\u2019origine parfait avec des beaux indexes tritium. Superbe patine des indexs, les aiguilles sont matching. Pas de rayures ou taches sur le cadran aiguilles matchant bien la patine des indexs.<\/p>\n<p><strong><em>Diameter\u00a0: <\/em><\/strong>40 MM<\/p>\n<p><strong><em>Bracelet:<\/em><\/strong>:\u00a0Acier oyster ref 78360 endlink 580 clasp code H.<\/p>\n<p><strong><em>Accessories: <\/em><\/strong>None.<\/p>","protected":false},"featured_media":13658,"template":"","meta":[],"pwb-brand":[432],"product_brand":[],"product_cat":[107,90,247],"product_tag":[222,255,153,336,127,101],"class_list":{"0":"post-13761","1":"product","2":"type-product","3":"status-publish","4":"has-post-thumbnail","6":"pwb-brand-rolex","7":"product_cat-archives","8":"product_cat-rolex","9":"product_cat-rolex-gmt-master","10":"product_tag-222","11":"product_tag-gmt","12":"product_tag-mat-dial","13":"product_tag-pepsi","14":"product_tag-rolex","15":"product_tag-vintage","17":"first","18":"outofstock","19":"shipping-taxable","20":"product-type-simple"},"yoast_head":"<!-- This site is optimized with the Yoast SEO plugin v27.5 - https:\/\/yoast.com\/product\/yoast-seo-wordpress\/ -->\n<title>Rolex gmt master ref 16750 mat dial quick set from 1979 &#8226; PARIS HEURE<\/title>\n<meta name=\"description\" content=\"ROLEX GMT-MASTER R\u00e9f\u00e9rence:\u00a016750 Ann\u00e9e:\u00a01979 Serial :\u00a0622XXXX Lunette\u00a0: Magnifique insert pepsi qui donne un look si unique \u00e0 la montre avec une patine.\" \/>\n<meta name=\"robots\" content=\"index, follow, max-snippet:-1, max-image-preview:large, max-video-preview:-1\" \/>\n<link rel=\"canonical\" href=\"https:\/\/www.parisheure.com\/en\/buy-watch\/rolex-gmt-master-ref-16750-mat-dial-quick-set-from-1979\/\" \/>\n<meta property=\"og:locale\" content=\"en_US\" \/>\n<meta property=\"og:type\" content=\"article\" \/>\n<meta property=\"og:title\" content=\"Rolex gmt master ref 16750 mat dial quick set from 1979 &#8226; PARIS HEURE\" \/>\n<meta property=\"og:description\" content=\"ROLEX GMT-MASTER R\u00e9f\u00e9rence:\u00a016750 Ann\u00e9e:\u00a01979 Serial :\u00a0622XXXX Lunette\u00a0: Magnifique insert pepsi qui donne un look si unique \u00e0 la montre avec une patine.\" \/>\n<meta property=\"og:url\" content=\"https:\/\/www.parisheure.com\/en\/buy-watch\/rolex-gmt-master-ref-16750-mat-dial-quick-set-from-1979\/\" \/>\n<meta property=\"og:site_name\" content=\"PARIS HEURE\" \/>\n<meta property=\"article:publisher\" content=\"https:\/\/www.facebook.com\/ParisHeure\" \/>\n<meta property=\"article:modified_time\" content=\"2024-10-22T14:40:40+00:00\" \/>\n<meta property=\"og:image\" content=\"https:\/\/www.parisheure.com\/wp-content\/uploads\/2024\/04\/ROLEX-GMT-MASTER-REF-16750-MAT-DIAL-NICE-PATINA-N\u00b0-6222XXX_0018_Calque-1-scaled.jpg\" \/>\n\t<meta property=\"og:image:width\" content=\"2560\" \/>\n\t<meta property=\"og:image:height\" content=\"2560\" \/>\n\t<meta property=\"og:image:type\" content=\"image\/jpeg\" \/>\n<meta name=\"twitter:card\" content=\"summary_large_image\" \/>\n<script type=\"application\/ld+json\" class=\"yoast-schema-graph\">{\"@context\":\"https:\\\/\\\/schema.org\",\"@graph\":[{\"@type\":\"WebPage\",\"@id\":\"https:\\\/\\\/www.parisheure.com\\\/acheter-montre\\\/rolex-gmt-master-ref-16750-mat-dial-quick-set-from-1979\\\/\",\"url\":\"https:\\\/\\\/www.parisheure.com\\\/acheter-montre\\\/rolex-gmt-master-ref-16750-mat-dial-quick-set-from-1979\\\/\",\"name\":\"Rolex gmt master ref 16750 mat dial quick set from 1979 &#8226; PARIS HEURE\",\"isPartOf\":{\"@id\":\"https:\\\/\\\/www.parisheure.com\\\/#website\"},\"primaryImageOfPage\":{\"@id\":\"https:\\\/\\\/www.parisheure.com\\\/acheter-montre\\\/rolex-gmt-master-ref-16750-mat-dial-quick-set-from-1979\\\/#primaryimage\"},\"image\":{\"@id\":\"https:\\\/\\\/www.parisheure.com\\\/acheter-montre\\\/rolex-gmt-master-ref-16750-mat-dial-quick-set-from-1979\\\/#primaryimage\"},\"thumbnailUrl\":\"https:\\\/\\\/www.parisheure.com\\\/wp-content\\\/uploads\\\/2024\\\/04\\\/ROLEX-GMT-MASTER-REF-16750-MAT-DIAL-NICE-PATINA-N\u00b0-6222XXX_0018_Calque-1-scaled.jpg\",\"datePublished\":\"2024-04-18T16:27:53+00:00\",\"dateModified\":\"2024-10-22T14:40:40+00:00\",\"description\":\"ROLEX GMT-MASTER R\u00e9f\u00e9rence:\u00a016750 Ann\u00e9e:\u00a01979 Serial :\u00a0622XXXX Lunette\u00a0: Magnifique insert pepsi qui donne un look si unique \u00e0 la montre avec une patine.\",\"breadcrumb\":{\"@id\":\"https:\\\/\\\/www.parisheure.com\\\/acheter-montre\\\/rolex-gmt-master-ref-16750-mat-dial-quick-set-from-1979\\\/#breadcrumb\"},\"inLanguage\":\"en-US\",\"potentialAction\":[{\"@type\":\"ReadAction\",\"target\":[\"https:\\\/\\\/www.parisheure.com\\\/acheter-montre\\\/rolex-gmt-master-ref-16750-mat-dial-quick-set-from-1979\\\/\"]}]},{\"@type\":\"ImageObject\",\"inLanguage\":\"en-US\",\"@id\":\"https:\\\/\\\/www.parisheure.com\\\/acheter-montre\\\/rolex-gmt-master-ref-16750-mat-dial-quick-set-from-1979\\\/#primaryimage\",\"url\":\"https:\\\/\\\/www.parisheure.com\\\/wp-content\\\/uploads\\\/2024\\\/04\\\/ROLEX-GMT-MASTER-REF-16750-MAT-DIAL-NICE-PATINA-N\u00b0-6222XXX_0018_Calque-1-scaled.jpg\",\"contentUrl\":\"https:\\\/\\\/www.parisheure.com\\\/wp-content\\\/uploads\\\/2024\\\/04\\\/ROLEX-GMT-MASTER-REF-16750-MAT-DIAL-NICE-PATINA-N\u00b0-6222XXX_0018_Calque-1-scaled.jpg\",\"width\":2560,\"height\":2560},{\"@type\":\"BreadcrumbList\",\"@id\":\"https:\\\/\\\/www.parisheure.com\\\/acheter-montre\\\/rolex-gmt-master-ref-16750-mat-dial-quick-set-from-1979\\\/#breadcrumb\",\"itemListElement\":[{\"@type\":\"ListItem\",\"position\":1,\"name\":\"Accueil\",\"item\":\"https:\\\/\\\/www.parisheure.com\\\/\"},{\"@type\":\"ListItem\",\"position\":2,\"name\":\"WATCHES\",\"item\":\"https:\\\/\\\/www.parisheure.com\\\/\"},{\"@type\":\"ListItem\",\"position\":3,\"name\":\"Rolex gmt master ref 16750 mat dial quick set from 1979 ( Stock Ph watches )\"}]},{\"@type\":\"WebSite\",\"@id\":\"https:\\\/\\\/www.parisheure.com\\\/#website\",\"url\":\"https:\\\/\\\/www.parisheure.com\\\/\",\"name\":\"PARIS HEURE\",\"description\":\"Vintage watches Paris\",\"publisher\":{\"@id\":\"https:\\\/\\\/www.parisheure.com\\\/#organization\"},\"potentialAction\":[{\"@type\":\"SearchAction\",\"target\":{\"@type\":\"EntryPoint\",\"urlTemplate\":\"https:\\\/\\\/www.parisheure.com\\\/?s={search_term_string}\"},\"query-input\":{\"@type\":\"PropertyValueSpecification\",\"valueRequired\":true,\"valueName\":\"search_term_string\"}}],\"inLanguage\":\"en-US\"},{\"@type\":\"Organization\",\"@id\":\"https:\\\/\\\/www.parisheure.com\\\/#organization\",\"name\":\"PARIS HEURE\",\"url\":\"https:\\\/\\\/www.parisheure.com\\\/\",\"logo\":{\"@type\":\"ImageObject\",\"inLanguage\":\"en-US\",\"@id\":\"https:\\\/\\\/www.parisheure.com\\\/#\\\/schema\\\/logo\\\/image\\\/\",\"url\":\"https:\\\/\\\/www.parisheure.com\\\/wp-content\\\/uploads\\\/2021\\\/07\\\/cropped-logo-paris-heure.png\",\"contentUrl\":\"https:\\\/\\\/www.parisheure.com\\\/wp-content\\\/uploads\\\/2021\\\/07\\\/cropped-logo-paris-heure.png\",\"width\":512,\"height\":512,\"caption\":\"PARIS HEURE\"},\"image\":{\"@id\":\"https:\\\/\\\/www.parisheure.com\\\/#\\\/schema\\\/logo\\\/image\\\/\"},\"sameAs\":[\"https:\\\/\\\/www.facebook.com\\\/ParisHeure\",\"https:\\\/\\\/www.instagram.com\\\/parisheure\\\/\"]}]}<\/script>\n<!-- \/ Yoast SEO plugin. -->","yoast_head_json":{"title":"Rolex gmt master ref 16750 mat dial quick set from 1979 &#8226; PARIS HEURE","description":"ROLEX GMT-MASTER R\u00e9f\u00e9rence:\u00a016750 Ann\u00e9e:\u00a01979 Serial :\u00a0622XXXX Lunette\u00a0: Magnifique insert pepsi qui donne un look si unique \u00e0 la montre avec une patine.","robots":{"index":"index","follow":"follow","max-snippet":"max-snippet:-1","max-image-preview":"max-image-preview:large","max-video-preview":"max-video-preview:-1"},"canonical":"https:\/\/www.parisheure.com\/en\/buy-watch\/rolex-gmt-master-ref-16750-mat-dial-quick-set-from-1979\/","og_locale":"en_US","og_type":"article","og_title":"Rolex gmt master ref 16750 mat dial quick set from 1979 &#8226; PARIS HEURE","og_description":"ROLEX GMT-MASTER R\u00e9f\u00e9rence:\u00a016750 Ann\u00e9e:\u00a01979 Serial :\u00a0622XXXX Lunette\u00a0: Magnifique insert pepsi qui donne un look si unique \u00e0 la montre avec une patine.","og_url":"https:\/\/www.parisheure.com\/en\/buy-watch\/rolex-gmt-master-ref-16750-mat-dial-quick-set-from-1979\/","og_site_name":"PARIS HEURE","article_publisher":"https:\/\/www.facebook.com\/ParisHeure","article_modified_time":"2024-10-22T14:40:40+00:00","og_image":[{"width":2560,"height":2560,"url":"https:\/\/www.parisheure.com\/wp-content\/uploads\/2024\/04\/ROLEX-GMT-MASTER-REF-16750-MAT-DIAL-NICE-PATINA-N\u00b0-6222XXX_0018_Calque-1-scaled.jpg","type":"image\/jpeg"}],"twitter_card":"summary_large_image","schema":{"@context":"https:\/\/schema.org","@graph":[{"@type":"WebPage","@id":"https:\/\/www.parisheure.com\/acheter-montre\/rolex-gmt-master-ref-16750-mat-dial-quick-set-from-1979\/","url":"https:\/\/www.parisheure.com\/acheter-montre\/rolex-gmt-master-ref-16750-mat-dial-quick-set-from-1979\/","name":"Rolex gmt master ref 16750 mat dial quick set from 1979 &#8226; PARIS HEURE","isPartOf":{"@id":"https:\/\/www.parisheure.com\/#website"},"primaryImageOfPage":{"@id":"https:\/\/www.parisheure.com\/acheter-montre\/rolex-gmt-master-ref-16750-mat-dial-quick-set-from-1979\/#primaryimage"},"image":{"@id":"https:\/\/www.parisheure.com\/acheter-montre\/rolex-gmt-master-ref-16750-mat-dial-quick-set-from-1979\/#primaryimage"},"thumbnailUrl":"https:\/\/www.parisheure.com\/wp-content\/uploads\/2024\/04\/ROLEX-GMT-MASTER-REF-16750-MAT-DIAL-NICE-PATINA-N\u00b0-6222XXX_0018_Calque-1-scaled.jpg","datePublished":"2024-04-18T16:27:53+00:00","dateModified":"2024-10-22T14:40:40+00:00","description":"ROLEX GMT-MASTER R\u00e9f\u00e9rence:\u00a016750 Ann\u00e9e:\u00a01979 Serial :\u00a0622XXXX Lunette\u00a0: Magnifique insert pepsi qui donne un look si unique \u00e0 la montre avec une patine.","breadcrumb":{"@id":"https:\/\/www.parisheure.com\/acheter-montre\/rolex-gmt-master-ref-16750-mat-dial-quick-set-from-1979\/#breadcrumb"},"inLanguage":"en-US","potentialAction":[{"@type":"ReadAction","target":["https:\/\/www.parisheure.com\/acheter-montre\/rolex-gmt-master-ref-16750-mat-dial-quick-set-from-1979\/"]}]},{"@type":"ImageObject","inLanguage":"en-US","@id":"https:\/\/www.parisheure.com\/acheter-montre\/rolex-gmt-master-ref-16750-mat-dial-quick-set-from-1979\/#primaryimage","url":"https:\/\/www.parisheure.com\/wp-content\/uploads\/2024\/04\/ROLEX-GMT-MASTER-REF-16750-MAT-DIAL-NICE-PATINA-N\u00b0-6222XXX_0018_Calque-1-scaled.jpg","contentUrl":"https:\/\/www.parisheure.com\/wp-content\/uploads\/2024\/04\/ROLEX-GMT-MASTER-REF-16750-MAT-DIAL-NICE-PATINA-N\u00b0-6222XXX_0018_Calque-1-scaled.jpg","width":2560,"height":2560},{"@type":"BreadcrumbList","@id":"https:\/\/www.parisheure.com\/acheter-montre\/rolex-gmt-master-ref-16750-mat-dial-quick-set-from-1979\/#breadcrumb","itemListElement":[{"@type":"ListItem","position":1,"name":"Accueil","item":"https:\/\/www.parisheure.com\/"},{"@type":"ListItem","position":2,"name":"WATCHES","item":"https:\/\/www.parisheure.com\/"},{"@type":"ListItem","position":3,"name":"Rolex gmt master ref 16750 mat dial quick set from 1979 ( Stock Ph watches )"}]},{"@type":"WebSite","@id":"https:\/\/www.parisheure.com\/#website","url":"https:\/\/www.parisheure.com\/","name":"PARIS HEURE","description":"Vintage watches Paris","publisher":{"@id":"https:\/\/www.parisheure.com\/#organization"},"potentialAction":[{"@type":"SearchAction","target":{"@type":"EntryPoint","urlTemplate":"https:\/\/www.parisheure.com\/?s={search_term_string}"},"query-input":{"@type":"PropertyValueSpecification","valueRequired":true,"valueName":"search_term_string"}}],"inLanguage":"en-US"},{"@type":"Organization","@id":"https:\/\/www.parisheure.com\/#organization","name":"PARIS HEURE","url":"https:\/\/www.parisheure.com\/","logo":{"@type":"ImageObject","inLanguage":"en-US","@id":"https:\/\/www.parisheure.com\/#\/schema\/logo\/image\/","url":"https:\/\/www.parisheure.com\/wp-content\/uploads\/2021\/07\/cropped-logo-paris-heure.png","contentUrl":"https:\/\/www.parisheure.com\/wp-content\/uploads\/2021\/07\/cropped-logo-paris-heure.png","width":512,"height":512,"caption":"PARIS HEURE"},"image":{"@id":"https:\/\/www.parisheure.com\/#\/schema\/logo\/image\/"},"sameAs":["https:\/\/www.facebook.com\/ParisHeure","https:\/\/www.instagram.com\/parisheure\/"]}]}},"jetpack_sharing_enabled":true,"brands":[{"id":432,"name":"Rolex","slug":"rolex"}],"_links":{"self":[{"href":"https:\/\/www.parisheure.com\/en\/wp-json\/wp\/v2\/product\/13761","targetHints":{"allow":["GET"]}}],"collection":[{"href":"https:\/\/www.parisheure.com\/en\/wp-json\/wp\/v2\/product"}],"about":[{"href":"https:\/\/www.parisheure.com\/en\/wp-json\/wp\/v2\/types\/product"}],"version-history":[{"count":4,"href":"https:\/\/www.parisheure.com\/en\/wp-json\/wp\/v2\/product\/13761\/revisions"}],"predecessor-version":[{"id":14066,"href":"https:\/\/www.parisheure.com\/en\/wp-json\/wp\/v2\/product\/13761\/revisions\/14066"}],"wp:featuredmedia":[{"embeddable":true,"href":"https:\/\/www.parisheure.com\/en\/wp-json\/wp\/v2\/media\/13658"}],"wp:attachment":[{"href":"https:\/\/www.parisheure.com\/en\/wp-json\/wp\/v2\/media?parent=13761"}],"wp:term":[{"taxonomy":"pwb-brand","embeddable":true,"href":"https:\/\/www.parisheure.com\/en\/wp-json\/wp\/v2\/pwb-brand?post=13761"},{"taxonomy":"product_brand","embeddable":true,"href":"https:\/\/www.parisheure.com\/en\/wp-json\/wp\/v2\/product_brand?post=13761"},{"taxonomy":"product_cat","embeddable":true,"href":"https:\/\/www.parisheure.com\/en\/wp-json\/wp\/v2\/product_cat?post=13761"},{"taxonomy":"product_tag","embeddable":true,"href":"https:\/\/www.parisheure.com\/en\/wp-json\/wp\/v2\/product_tag?post=13761"}],"curies":[{"name":"wp","href":"https:\/\/api.w.org\/{rel}","templated":true}]}}