{"id":13763,"date":"2024-04-18T18:32:03","date_gmt":"2024-04-18T16:32:03","guid":{"rendered":"https:\/\/www.parisheure.com\/?post_type=product&#038;p=13763"},"modified":"2024-10-22T16:41:08","modified_gmt":"2024-10-22T14:41:08","slug":"cartier-gondole-tv-screen-jumbo-vertical-or-jaune-18k-from-70s","status":"publish","type":"product","link":"https:\/\/www.parisheure.com\/en\/buy-watch\/cartier-gondole-tv-screen-jumbo-vertical-or-jaune-18k-from-70s\/","title":{"rendered":"CARTIER GONDOLE TV SCREEN JUMBO VERTICAL 18K YELLOW GOLD from 70's"},"content":{"rendered":"<p><strong><em>Our opinion:<\/em><\/strong> Un classique ind\u00e9modable, intemporel de chez Cartier. Ce mod\u00e8le Gondole a \u00e9t\u00e9 d\u00e9tourn\u00e9 par en or, diamants\u2026 Mouvement M\u00e9canique en jumbo grande taille 39 mm. Boitier en or 18k et mont\u00e9e sur un bracelet cuir avec boucle d\u00e9ployante en or jaune 18K non r\u00e9glable d\u2019\u00e9poque, la montre est en parfait \u00e9tat et taille jumbo verticale.<\/p>","protected":false},"excerpt":{"rendered":"<p><strong><em>Brand: <\/em><\/strong>CARTIER<\/p>\n<p><strong><em>Model: <\/em><\/strong>Gondole tv screen jumbo<\/p>\n<p><strong><em>Year:<\/em><\/strong> 1970\u2019s<\/p>\n<p><strong><em>Serial : <\/em><\/strong>9705XXXX<\/p>\n<p><strong><em>Movement\u00a0: <\/em><\/strong>Manual<\/p>\n<p><strong><em>Case: <\/em><\/strong>Boitier en or jaune jumbo size tr\u00e8s peu polie qui garde sa forme d\u2019origine avec des angles parfaits et poin\u00e7ons d\u2019or et num\u00e9rotation parfaite. La montre a d\u00fb \u00eatre tr\u00e8s peu port\u00e9e aussi avec peu de marques d\u2019usures ni de chocs importants ou de perte de mati\u00e8re.<\/p>\n<p><strong><em>Dial: <\/em><\/strong>Cadran silver en parfait \u00e9tat et signature paris \u00e0 6h. Aiguilles bleuies<\/p>\n<p><strong><em>Diameter\u00a0: <\/em><\/strong>39mm<\/p>\n<p><strong><em>Bracelet:<\/em><\/strong>: Bracelet cuir et boucle d\u00e9ployante en or jaune non r\u00e9glable<\/p>\n<p><strong><em>Accessories: <\/em><\/strong>None<\/p>","protected":false},"featured_media":13614,"template":"","meta":[],"pwb-brand":[433],"product_brand":[],"product_cat":[107,94],"product_tag":[381,111,421,187,423,422,424,101],"class_list":{"0":"post-13763","1":"product","2":"type-product","3":"status-publish","4":"has-post-thumbnail","6":"pwb-brand-cartier","7":"product_cat-archives","8":"product_cat-cartier","9":"product_tag-70s","10":"product_tag-cartier","11":"product_tag-gondole","12":"product_tag-or-jaune","13":"product_tag-television","14":"product_tag-tv-screen","15":"product_tag-vertical","16":"product_tag-vintage","18":"first","19":"outofstock","20":"shipping-taxable","21":"product-type-simple"},"yoast_head":"<!-- This site is optimized with the Yoast SEO plugin v27.3 - https:\/\/yoast.com\/product\/yoast-seo-wordpress\/ -->\n<title>CARTIER GONDOLE TV SCREEN JUMBO VERTICAL OR JAUNE 18K from 70\u2019s &#8226; PARIS HEURE<\/title>\n<meta name=\"description\" content=\"Marque: CARTIER  Mod\u00e8le: Gondole tv screen jumbo  Ann\u00e9e: 1970\u2019s  Serial : 9705XXXX  Mouvement\u00a0: M\u00e9canique  Boite: Boitier en or jaune jumbo size tr\u00e8s peu polie qui garde sa forme d\u2019origine avec des angles parfaits et poin\u00e7ons d\u2019or et num\u00e9rotation parfaite. La montre a d\u00fb \u00eatre tr\u00e8s peu port\u00e9e aussi avec peu de marques d\u2019usures ni de chocs importants ou de perte de mati\u00e8re.  Cadran: Cadran silver en parfait \u00e9tat et signature paris \u00e0 6h. Aiguilles bleuies  Diam\u00e8tre\u00a0: 39mm  Bracelet: Bracelet cuir et boucle d\u00e9ployante en or jaune non r\u00e9glable  Accessoires\u00a0: Aucuns\" \/>\n<meta name=\"robots\" content=\"index, follow, max-snippet:-1, max-image-preview:large, max-video-preview:-1\" \/>\n<link rel=\"canonical\" href=\"https:\/\/www.parisheure.com\/en\/buy-watch\/cartier-gondole-tv-screen-jumbo-vertical-or-jaune-18k-from-70s\/\" \/>\n<meta property=\"og:locale\" content=\"en_US\" \/>\n<meta property=\"og:type\" content=\"article\" \/>\n<meta property=\"og:title\" content=\"CARTIER GONDOLE TV SCREEN JUMBO VERTICAL OR JAUNE 18K from 70\u2019s &#8226; PARIS HEURE\" \/>\n<meta property=\"og:description\" content=\"Marque: CARTIER  Mod\u00e8le: Gondole tv screen jumbo  Ann\u00e9e: 1970\u2019s  Serial : 9705XXXX  Mouvement\u00a0: M\u00e9canique  Boite: Boitier en or jaune jumbo size tr\u00e8s peu polie qui garde sa forme d\u2019origine avec des angles parfaits et poin\u00e7ons d\u2019or et num\u00e9rotation parfaite. La montre a d\u00fb \u00eatre tr\u00e8s peu port\u00e9e aussi avec peu de marques d\u2019usures ni de chocs importants ou de perte de mati\u00e8re.  Cadran: Cadran silver en parfait \u00e9tat et signature paris \u00e0 6h. Aiguilles bleuies  Diam\u00e8tre\u00a0: 39mm  Bracelet: Bracelet cuir et boucle d\u00e9ployante en or jaune non r\u00e9glable  Accessoires\u00a0: Aucuns\" \/>\n<meta property=\"og:url\" content=\"https:\/\/www.parisheure.com\/en\/buy-watch\/cartier-gondole-tv-screen-jumbo-vertical-or-jaune-18k-from-70s\/\" \/>\n<meta property=\"og:site_name\" content=\"PARIS HEURE\" \/>\n<meta property=\"article:publisher\" content=\"https:\/\/www.facebook.com\/ParisHeure\" \/>\n<meta property=\"article:modified_time\" content=\"2024-10-22T14:41:08+00:00\" \/>\n<meta property=\"og:image\" content=\"https:\/\/www.parisheure.com\/wp-content\/uploads\/2024\/04\/CARTIER-ELIPSE-TV-SCREEN-YELLOW-GOLD-18K-FROM-70S-N\u00b09705XXXXX-_0009_Calque-1-scaled.jpg\" \/>\n\t<meta property=\"og:image:width\" content=\"2560\" \/>\n\t<meta property=\"og:image:height\" content=\"2560\" \/>\n\t<meta property=\"og:image:type\" content=\"image\/jpeg\" \/>\n<meta name=\"twitter:card\" content=\"summary_large_image\" \/>\n<script type=\"application\/ld+json\" class=\"yoast-schema-graph\">{\"@context\":\"https:\\\/\\\/schema.org\",\"@graph\":[{\"@type\":\"WebPage\",\"@id\":\"https:\\\/\\\/www.parisheure.com\\\/acheter-montre\\\/cartier-gondole-tv-screen-jumbo-vertical-or-jaune-18k-from-70s\\\/\",\"url\":\"https:\\\/\\\/www.parisheure.com\\\/acheter-montre\\\/cartier-gondole-tv-screen-jumbo-vertical-or-jaune-18k-from-70s\\\/\",\"name\":\"CARTIER GONDOLE TV SCREEN JUMBO VERTICAL OR JAUNE 18K from 70\u2019s &#8226; PARIS HEURE\",\"isPartOf\":{\"@id\":\"https:\\\/\\\/www.parisheure.com\\\/#website\"},\"primaryImageOfPage\":{\"@id\":\"https:\\\/\\\/www.parisheure.com\\\/acheter-montre\\\/cartier-gondole-tv-screen-jumbo-vertical-or-jaune-18k-from-70s\\\/#primaryimage\"},\"image\":{\"@id\":\"https:\\\/\\\/www.parisheure.com\\\/acheter-montre\\\/cartier-gondole-tv-screen-jumbo-vertical-or-jaune-18k-from-70s\\\/#primaryimage\"},\"thumbnailUrl\":\"https:\\\/\\\/www.parisheure.com\\\/wp-content\\\/uploads\\\/2024\\\/04\\\/CARTIER-ELIPSE-TV-SCREEN-YELLOW-GOLD-18K-FROM-70S-N\u00b09705XXXXX-_0009_Calque-1-scaled.jpg\",\"datePublished\":\"2024-04-18T16:32:03+00:00\",\"dateModified\":\"2024-10-22T14:41:08+00:00\",\"description\":\"Marque: CARTIER Mod\u00e8le: Gondole tv screen jumbo Ann\u00e9e: 1970\u2019s Serial : 9705XXXX Mouvement\u00a0: M\u00e9canique Boite: Boitier en or jaune jumbo size tr\u00e8s peu polie qui garde sa forme d\u2019origine avec des angles parfaits et poin\u00e7ons d\u2019or et num\u00e9rotation parfaite. La montre a d\u00fb \u00eatre tr\u00e8s peu port\u00e9e aussi avec peu de marques d\u2019usures ni de chocs importants ou de perte de mati\u00e8re. Cadran: Cadran silver en parfait \u00e9tat et signature paris \u00e0 6h. Aiguilles bleuies Diam\u00e8tre\u00a0: 39mm Bracelet: Bracelet cuir et boucle d\u00e9ployante en or jaune non r\u00e9glable Accessoires\u00a0: Aucuns\",\"breadcrumb\":{\"@id\":\"https:\\\/\\\/www.parisheure.com\\\/acheter-montre\\\/cartier-gondole-tv-screen-jumbo-vertical-or-jaune-18k-from-70s\\\/#breadcrumb\"},\"inLanguage\":\"en-US\",\"potentialAction\":[{\"@type\":\"ReadAction\",\"target\":[\"https:\\\/\\\/www.parisheure.com\\\/acheter-montre\\\/cartier-gondole-tv-screen-jumbo-vertical-or-jaune-18k-from-70s\\\/\"]}]},{\"@type\":\"ImageObject\",\"inLanguage\":\"en-US\",\"@id\":\"https:\\\/\\\/www.parisheure.com\\\/acheter-montre\\\/cartier-gondole-tv-screen-jumbo-vertical-or-jaune-18k-from-70s\\\/#primaryimage\",\"url\":\"https:\\\/\\\/www.parisheure.com\\\/wp-content\\\/uploads\\\/2024\\\/04\\\/CARTIER-ELIPSE-TV-SCREEN-YELLOW-GOLD-18K-FROM-70S-N\u00b09705XXXXX-_0009_Calque-1-scaled.jpg\",\"contentUrl\":\"https:\\\/\\\/www.parisheure.com\\\/wp-content\\\/uploads\\\/2024\\\/04\\\/CARTIER-ELIPSE-TV-SCREEN-YELLOW-GOLD-18K-FROM-70S-N\u00b09705XXXXX-_0009_Calque-1-scaled.jpg\",\"width\":2560,\"height\":2560},{\"@type\":\"BreadcrumbList\",\"@id\":\"https:\\\/\\\/www.parisheure.com\\\/acheter-montre\\\/cartier-gondole-tv-screen-jumbo-vertical-or-jaune-18k-from-70s\\\/#breadcrumb\",\"itemListElement\":[{\"@type\":\"ListItem\",\"position\":1,\"name\":\"Accueil\",\"item\":\"https:\\\/\\\/www.parisheure.com\\\/\"},{\"@type\":\"ListItem\",\"position\":2,\"name\":\"WATCHES\",\"item\":\"https:\\\/\\\/www.parisheure.com\\\/\"},{\"@type\":\"ListItem\",\"position\":3,\"name\":\"CARTIER GONDOLE TV SCREEN JUMBO VERTICAL OR JAUNE 18K from 70\u2019s\"}]},{\"@type\":\"WebSite\",\"@id\":\"https:\\\/\\\/www.parisheure.com\\\/#website\",\"url\":\"https:\\\/\\\/www.parisheure.com\\\/\",\"name\":\"PARIS HEURE\",\"description\":\"Vintage watches Paris\",\"publisher\":{\"@id\":\"https:\\\/\\\/www.parisheure.com\\\/#organization\"},\"potentialAction\":[{\"@type\":\"SearchAction\",\"target\":{\"@type\":\"EntryPoint\",\"urlTemplate\":\"https:\\\/\\\/www.parisheure.com\\\/?s={search_term_string}\"},\"query-input\":{\"@type\":\"PropertyValueSpecification\",\"valueRequired\":true,\"valueName\":\"search_term_string\"}}],\"inLanguage\":\"en-US\"},{\"@type\":\"Organization\",\"@id\":\"https:\\\/\\\/www.parisheure.com\\\/#organization\",\"name\":\"PARIS HEURE\",\"url\":\"https:\\\/\\\/www.parisheure.com\\\/\",\"logo\":{\"@type\":\"ImageObject\",\"inLanguage\":\"en-US\",\"@id\":\"https:\\\/\\\/www.parisheure.com\\\/#\\\/schema\\\/logo\\\/image\\\/\",\"url\":\"https:\\\/\\\/www.parisheure.com\\\/wp-content\\\/uploads\\\/2021\\\/07\\\/cropped-logo-paris-heure.png\",\"contentUrl\":\"https:\\\/\\\/www.parisheure.com\\\/wp-content\\\/uploads\\\/2021\\\/07\\\/cropped-logo-paris-heure.png\",\"width\":512,\"height\":512,\"caption\":\"PARIS HEURE\"},\"image\":{\"@id\":\"https:\\\/\\\/www.parisheure.com\\\/#\\\/schema\\\/logo\\\/image\\\/\"},\"sameAs\":[\"https:\\\/\\\/www.facebook.com\\\/ParisHeure\",\"https:\\\/\\\/www.instagram.com\\\/parisheure\\\/\"]}]}<\/script>\n<!-- \/ Yoast SEO plugin. -->","yoast_head_json":{"title":"CARTIER GONDOLE TV SCREEN JUMBO VERTICAL OR JAUNE 18K from 70\u2019s \u2022 PARIS HEURE","description":"Marque: CARTIER  Mod\u00e8le: Gondole tv screen jumbo  Ann\u00e9e: 1970\u2019s  Serial : 9705XXXX  Mouvement\u00a0: M\u00e9canique  Boite: Boitier en or jaune jumbo size tr\u00e8s peu polie qui garde sa forme d\u2019origine avec des angles parfaits et poin\u00e7ons d\u2019or et num\u00e9rotation parfaite. La montre a d\u00fb \u00eatre tr\u00e8s peu port\u00e9e aussi avec peu de marques d\u2019usures ni de chocs importants ou de perte de mati\u00e8re.  Cadran: Cadran silver en parfait \u00e9tat et signature paris \u00e0 6h. Aiguilles bleuies  Diam\u00e8tre\u00a0: 39mm  Bracelet: Bracelet cuir et boucle d\u00e9ployante en or jaune non r\u00e9glable  Accessoires\u00a0: Aucuns","robots":{"index":"index","follow":"follow","max-snippet":"max-snippet:-1","max-image-preview":"max-image-preview:large","max-video-preview":"max-video-preview:-1"},"canonical":"https:\/\/www.parisheure.com\/en\/buy-watch\/cartier-gondole-tv-screen-jumbo-vertical-or-jaune-18k-from-70s\/","og_locale":"en_US","og_type":"article","og_title":"CARTIER GONDOLE TV SCREEN JUMBO VERTICAL OR JAUNE 18K from 70\u2019s &#8226; PARIS HEURE","og_description":"Marque: CARTIER  Mod\u00e8le: Gondole tv screen jumbo  Ann\u00e9e: 1970\u2019s  Serial : 9705XXXX  Mouvement\u00a0: M\u00e9canique  Boite: Boitier en or jaune jumbo size tr\u00e8s peu polie qui garde sa forme d\u2019origine avec des angles parfaits et poin\u00e7ons d\u2019or et num\u00e9rotation parfaite. La montre a d\u00fb \u00eatre tr\u00e8s peu port\u00e9e aussi avec peu de marques d\u2019usures ni de chocs importants ou de perte de mati\u00e8re.  Cadran: Cadran silver en parfait \u00e9tat et signature paris \u00e0 6h. Aiguilles bleuies  Diam\u00e8tre\u00a0: 39mm  Bracelet: Bracelet cuir et boucle d\u00e9ployante en or jaune non r\u00e9glable  Accessoires\u00a0: Aucuns","og_url":"https:\/\/www.parisheure.com\/en\/buy-watch\/cartier-gondole-tv-screen-jumbo-vertical-or-jaune-18k-from-70s\/","og_site_name":"PARIS HEURE","article_publisher":"https:\/\/www.facebook.com\/ParisHeure","article_modified_time":"2024-10-22T14:41:08+00:00","og_image":[{"width":2560,"height":2560,"url":"https:\/\/www.parisheure.com\/wp-content\/uploads\/2024\/04\/CARTIER-ELIPSE-TV-SCREEN-YELLOW-GOLD-18K-FROM-70S-N\u00b09705XXXXX-_0009_Calque-1-scaled.jpg","type":"image\/jpeg"}],"twitter_card":"summary_large_image","schema":{"@context":"https:\/\/schema.org","@graph":[{"@type":"WebPage","@id":"https:\/\/www.parisheure.com\/acheter-montre\/cartier-gondole-tv-screen-jumbo-vertical-or-jaune-18k-from-70s\/","url":"https:\/\/www.parisheure.com\/acheter-montre\/cartier-gondole-tv-screen-jumbo-vertical-or-jaune-18k-from-70s\/","name":"CARTIER GONDOLE TV SCREEN JUMBO VERTICAL OR JAUNE 18K from 70\u2019s \u2022 PARIS HEURE","isPartOf":{"@id":"https:\/\/www.parisheure.com\/#website"},"primaryImageOfPage":{"@id":"https:\/\/www.parisheure.com\/acheter-montre\/cartier-gondole-tv-screen-jumbo-vertical-or-jaune-18k-from-70s\/#primaryimage"},"image":{"@id":"https:\/\/www.parisheure.com\/acheter-montre\/cartier-gondole-tv-screen-jumbo-vertical-or-jaune-18k-from-70s\/#primaryimage"},"thumbnailUrl":"https:\/\/www.parisheure.com\/wp-content\/uploads\/2024\/04\/CARTIER-ELIPSE-TV-SCREEN-YELLOW-GOLD-18K-FROM-70S-N\u00b09705XXXXX-_0009_Calque-1-scaled.jpg","datePublished":"2024-04-18T16:32:03+00:00","dateModified":"2024-10-22T14:41:08+00:00","description":"Marque: CARTIER Mod\u00e8le: Gondole tv screen jumbo Ann\u00e9e: 1970\u2019s Serial : 9705XXXX Mouvement\u00a0: M\u00e9canique Boite: Boitier en or jaune jumbo size tr\u00e8s peu polie qui garde sa forme d\u2019origine avec des angles parfaits et poin\u00e7ons d\u2019or et num\u00e9rotation parfaite. La montre a d\u00fb \u00eatre tr\u00e8s peu port\u00e9e aussi avec peu de marques d\u2019usures ni de chocs importants ou de perte de mati\u00e8re. Cadran: Cadran silver en parfait \u00e9tat et signature paris \u00e0 6h. Aiguilles bleuies Diam\u00e8tre\u00a0: 39mm Bracelet: Bracelet cuir et boucle d\u00e9ployante en or jaune non r\u00e9glable Accessoires\u00a0: Aucuns","breadcrumb":{"@id":"https:\/\/www.parisheure.com\/acheter-montre\/cartier-gondole-tv-screen-jumbo-vertical-or-jaune-18k-from-70s\/#breadcrumb"},"inLanguage":"en-US","potentialAction":[{"@type":"ReadAction","target":["https:\/\/www.parisheure.com\/acheter-montre\/cartier-gondole-tv-screen-jumbo-vertical-or-jaune-18k-from-70s\/"]}]},{"@type":"ImageObject","inLanguage":"en-US","@id":"https:\/\/www.parisheure.com\/acheter-montre\/cartier-gondole-tv-screen-jumbo-vertical-or-jaune-18k-from-70s\/#primaryimage","url":"https:\/\/www.parisheure.com\/wp-content\/uploads\/2024\/04\/CARTIER-ELIPSE-TV-SCREEN-YELLOW-GOLD-18K-FROM-70S-N\u00b09705XXXXX-_0009_Calque-1-scaled.jpg","contentUrl":"https:\/\/www.parisheure.com\/wp-content\/uploads\/2024\/04\/CARTIER-ELIPSE-TV-SCREEN-YELLOW-GOLD-18K-FROM-70S-N\u00b09705XXXXX-_0009_Calque-1-scaled.jpg","width":2560,"height":2560},{"@type":"BreadcrumbList","@id":"https:\/\/www.parisheure.com\/acheter-montre\/cartier-gondole-tv-screen-jumbo-vertical-or-jaune-18k-from-70s\/#breadcrumb","itemListElement":[{"@type":"ListItem","position":1,"name":"Accueil","item":"https:\/\/www.parisheure.com\/"},{"@type":"ListItem","position":2,"name":"WATCHES","item":"https:\/\/www.parisheure.com\/"},{"@type":"ListItem","position":3,"name":"CARTIER GONDOLE TV SCREEN JUMBO VERTICAL OR JAUNE 18K from 70\u2019s"}]},{"@type":"WebSite","@id":"https:\/\/www.parisheure.com\/#website","url":"https:\/\/www.parisheure.com\/","name":"PARIS HEURE","description":"Vintage watches Paris","publisher":{"@id":"https:\/\/www.parisheure.com\/#organization"},"potentialAction":[{"@type":"SearchAction","target":{"@type":"EntryPoint","urlTemplate":"https:\/\/www.parisheure.com\/?s={search_term_string}"},"query-input":{"@type":"PropertyValueSpecification","valueRequired":true,"valueName":"search_term_string"}}],"inLanguage":"en-US"},{"@type":"Organization","@id":"https:\/\/www.parisheure.com\/#organization","name":"PARIS HEURE","url":"https:\/\/www.parisheure.com\/","logo":{"@type":"ImageObject","inLanguage":"en-US","@id":"https:\/\/www.parisheure.com\/#\/schema\/logo\/image\/","url":"https:\/\/www.parisheure.com\/wp-content\/uploads\/2021\/07\/cropped-logo-paris-heure.png","contentUrl":"https:\/\/www.parisheure.com\/wp-content\/uploads\/2021\/07\/cropped-logo-paris-heure.png","width":512,"height":512,"caption":"PARIS HEURE"},"image":{"@id":"https:\/\/www.parisheure.com\/#\/schema\/logo\/image\/"},"sameAs":["https:\/\/www.facebook.com\/ParisHeure","https:\/\/www.instagram.com\/parisheure\/"]}]}},"jetpack_sharing_enabled":true,"brands":[{"id":433,"name":"Cartier","slug":"cartier"}],"_links":{"self":[{"href":"https:\/\/www.parisheure.com\/en\/wp-json\/wp\/v2\/product\/13763","targetHints":{"allow":["GET"]}}],"collection":[{"href":"https:\/\/www.parisheure.com\/en\/wp-json\/wp\/v2\/product"}],"about":[{"href":"https:\/\/www.parisheure.com\/en\/wp-json\/wp\/v2\/types\/product"}],"version-history":[{"count":1,"href":"https:\/\/www.parisheure.com\/en\/wp-json\/wp\/v2\/product\/13763\/revisions"}],"predecessor-version":[{"id":13801,"href":"https:\/\/www.parisheure.com\/en\/wp-json\/wp\/v2\/product\/13763\/revisions\/13801"}],"wp:featuredmedia":[{"embeddable":true,"href":"https:\/\/www.parisheure.com\/en\/wp-json\/wp\/v2\/media\/13614"}],"wp:attachment":[{"href":"https:\/\/www.parisheure.com\/en\/wp-json\/wp\/v2\/media?parent=13763"}],"wp:term":[{"taxonomy":"pwb-brand","embeddable":true,"href":"https:\/\/www.parisheure.com\/en\/wp-json\/wp\/v2\/pwb-brand?post=13763"},{"taxonomy":"product_brand","embeddable":true,"href":"https:\/\/www.parisheure.com\/en\/wp-json\/wp\/v2\/product_brand?post=13763"},{"taxonomy":"product_cat","embeddable":true,"href":"https:\/\/www.parisheure.com\/en\/wp-json\/wp\/v2\/product_cat?post=13763"},{"taxonomy":"product_tag","embeddable":true,"href":"https:\/\/www.parisheure.com\/en\/wp-json\/wp\/v2\/product_tag?post=13763"}],"curies":[{"name":"wp","href":"https:\/\/api.w.org\/{rel}","templated":true}]}}