{"id":13765,"date":"2024-04-18T18:36:04","date_gmt":"2024-04-18T16:36:04","guid":{"rendered":"https:\/\/www.parisheure.com\/?post_type=product&#038;p=13765"},"modified":"2026-01-08T18:06:55","modified_gmt":"2026-01-08T17:06:55","slug":"cartier-tank-americaine-ref-1734-rare-platinum-first-generation-from-80s","status":"publish","type":"product","link":"https:\/\/www.parisheure.com\/en\/buy-watch\/cartier-tank-americaine-ref-1734-rare-platinum-first-generation-from-80s\/","title":{"rendered":"Cartier tank americaine ref 1734 rare platinum first generation from 80\u2019s"},"content":{"rendered":"<p><strong>Our opinion:<\/strong> A timeless classic still in the Cartier catalog. This model has been diverted by Cartier since the 50's, in gold, diamonds, high jewelry... Very high-end jumbo large size mechanical movement, American tank model, case in platinum 950 and mounted on a leather strap with period adjustable 18K white gold folding clasp, the watch is in perfect condition.<\/p>","protected":false},"excerpt":{"rendered":"<h4><strong>Cartier tank americaine ref 1734 rare platinum first generation from 80\u2019s<\/strong><\/h4>\n<p><strong>Reference: <\/strong>1734<\/p>\n<p><strong>Year:<\/strong> 1980's<\/p>\n<p><strong>Serial : <\/strong>GC11XXXX<\/p>\n<p><strong>Movement\u00a0: <\/strong>Manual<\/p>\n<p><strong>Case: <\/strong>Case in 950 jumbo size platinum, very lightly polished, retaining its original shape with perfect angles. The watch must also have been worn very little, with few signs of wear, major shocks or loss of material.<\/p>\n<p><strong>Dial: <\/strong>Perfect swiss guilloch\u00e9 silver dial with secret cartier signature in the index at 7 o'clock<\/p>\n<p><strong>Diameter\u00a0: <\/strong>45mm<\/p>\n<p><strong>Bracelet:<\/strong>Leather strap and original white gold folding clasp<\/p>\n<p><strong>Accessories: <\/strong>None<\/p>","protected":false},"featured_media":13625,"template":"","meta":[],"pwb-brand":[433],"product_brand":[],"product_cat":[94,368,138],"product_tag":[426,111,275,175,161,425,352,101],"class_list":{"0":"post-13765","1":"product","2":"type-product","3":"status-publish","4":"has-post-thumbnail","6":"pwb-brand-cartier","7":"product_cat-cartier","8":"product_cat-montres-ph-watches","9":"product_cat-nouveautes","10":"product_tag-americaine","11":"product_tag-cartier","12":"product_tag-jumbo","13":"product_tag-mecanique","14":"product_tag-platine","15":"product_tag-platinum","16":"product_tag-tank","17":"product_tag-vintage","19":"first","20":"instock","21":"shipping-taxable","22":"purchasable","23":"product-type-simple"},"yoast_head":"<!-- This site is optimized with the Yoast SEO plugin v27.5 - https:\/\/yoast.com\/product\/yoast-seo-wordpress\/ -->\n<title>Cartier tank americaine ref 1734 rare platinum first generation&#8226; PARIS HEURE<\/title>\n<meta name=\"description\" content=\"Cartier tank americaine ref 1734 rare platinum first generation from 80\u2019s R\u00e9f\u00e9rence: 1734 Ann\u00e9e: 1980\u2019s Mouvement\u00a0: M\u00e9canique Boite: Boitier en platine 950\" \/>\n<meta name=\"robots\" content=\"index, follow, max-snippet:-1, max-image-preview:large, max-video-preview:-1\" \/>\n<link rel=\"canonical\" href=\"https:\/\/www.parisheure.com\/en\/buy-watch\/cartier-tank-americaine-ref-1734-rare-platinum-first-generation-from-80s\/\" \/>\n<meta property=\"og:locale\" content=\"en_US\" \/>\n<meta property=\"og:type\" content=\"article\" \/>\n<meta property=\"og:title\" content=\"Cartier tank americaine ref 1734 rare platinum first generation&#8226; PARIS HEURE\" \/>\n<meta property=\"og:description\" content=\"Cartier tank americaine ref 1734 rare platinum first generation from 80\u2019s R\u00e9f\u00e9rence: 1734 Ann\u00e9e: 1980\u2019s Mouvement\u00a0: M\u00e9canique Boite: Boitier en platine 950\" \/>\n<meta property=\"og:url\" content=\"https:\/\/www.parisheure.com\/en\/buy-watch\/cartier-tank-americaine-ref-1734-rare-platinum-first-generation-from-80s\/\" \/>\n<meta property=\"og:site_name\" content=\"PARIS HEURE\" \/>\n<meta property=\"article:publisher\" content=\"https:\/\/www.facebook.com\/ParisHeure\" \/>\n<meta property=\"article:modified_time\" content=\"2026-01-08T17:06:55+00:00\" \/>\n<meta property=\"og:image\" content=\"https:\/\/www.parisheure.com\/wp-content\/uploads\/2024\/04\/CARTIER-TANK-AMERICAINE-PLATINE-FIRST-SERIE-N\u00b0GC116xx-_0011_Calque-2-scaled.jpg\" \/>\n\t<meta property=\"og:image:width\" content=\"2560\" \/>\n\t<meta property=\"og:image:height\" content=\"2560\" \/>\n\t<meta property=\"og:image:type\" content=\"image\/jpeg\" \/>\n<meta name=\"twitter:card\" content=\"summary_large_image\" \/>\n<script type=\"application\/ld+json\" class=\"yoast-schema-graph\">{\"@context\":\"https:\\\/\\\/schema.org\",\"@graph\":[{\"@type\":\"WebPage\",\"@id\":\"https:\\\/\\\/www.parisheure.com\\\/acheter-montre\\\/cartier-tank-americaine-ref-1734-rare-platinum-first-generation-from-80s\\\/\",\"url\":\"https:\\\/\\\/www.parisheure.com\\\/acheter-montre\\\/cartier-tank-americaine-ref-1734-rare-platinum-first-generation-from-80s\\\/\",\"name\":\"Cartier tank americaine ref 1734 rare platinum first generation&#8226; PARIS HEURE\",\"isPartOf\":{\"@id\":\"https:\\\/\\\/www.parisheure.com\\\/#website\"},\"primaryImageOfPage\":{\"@id\":\"https:\\\/\\\/www.parisheure.com\\\/acheter-montre\\\/cartier-tank-americaine-ref-1734-rare-platinum-first-generation-from-80s\\\/#primaryimage\"},\"image\":{\"@id\":\"https:\\\/\\\/www.parisheure.com\\\/acheter-montre\\\/cartier-tank-americaine-ref-1734-rare-platinum-first-generation-from-80s\\\/#primaryimage\"},\"thumbnailUrl\":\"https:\\\/\\\/www.parisheure.com\\\/wp-content\\\/uploads\\\/2024\\\/04\\\/CARTIER-TANK-AMERICAINE-PLATINE-FIRST-SERIE-N\u00b0GC116xx-_0011_Calque-2-scaled.jpg\",\"datePublished\":\"2024-04-18T16:36:04+00:00\",\"dateModified\":\"2026-01-08T17:06:55+00:00\",\"description\":\"Cartier tank americaine ref 1734 rare platinum first generation from 80\u2019s R\u00e9f\u00e9rence: 1734 Ann\u00e9e: 1980\u2019s Mouvement\u00a0: M\u00e9canique Boite: Boitier en platine 950\",\"breadcrumb\":{\"@id\":\"https:\\\/\\\/www.parisheure.com\\\/acheter-montre\\\/cartier-tank-americaine-ref-1734-rare-platinum-first-generation-from-80s\\\/#breadcrumb\"},\"inLanguage\":\"en-US\",\"potentialAction\":[{\"@type\":\"ReadAction\",\"target\":[\"https:\\\/\\\/www.parisheure.com\\\/acheter-montre\\\/cartier-tank-americaine-ref-1734-rare-platinum-first-generation-from-80s\\\/\"]}]},{\"@type\":\"ImageObject\",\"inLanguage\":\"en-US\",\"@id\":\"https:\\\/\\\/www.parisheure.com\\\/acheter-montre\\\/cartier-tank-americaine-ref-1734-rare-platinum-first-generation-from-80s\\\/#primaryimage\",\"url\":\"https:\\\/\\\/www.parisheure.com\\\/wp-content\\\/uploads\\\/2024\\\/04\\\/CARTIER-TANK-AMERICAINE-PLATINE-FIRST-SERIE-N\u00b0GC116xx-_0011_Calque-2-scaled.jpg\",\"contentUrl\":\"https:\\\/\\\/www.parisheure.com\\\/wp-content\\\/uploads\\\/2024\\\/04\\\/CARTIER-TANK-AMERICAINE-PLATINE-FIRST-SERIE-N\u00b0GC116xx-_0011_Calque-2-scaled.jpg\",\"width\":2560,\"height\":2560},{\"@type\":\"BreadcrumbList\",\"@id\":\"https:\\\/\\\/www.parisheure.com\\\/acheter-montre\\\/cartier-tank-americaine-ref-1734-rare-platinum-first-generation-from-80s\\\/#breadcrumb\",\"itemListElement\":[{\"@type\":\"ListItem\",\"position\":1,\"name\":\"Accueil\",\"item\":\"https:\\\/\\\/www.parisheure.com\\\/\"},{\"@type\":\"ListItem\",\"position\":2,\"name\":\"WATCHES\",\"item\":\"https:\\\/\\\/www.parisheure.com\\\/\"},{\"@type\":\"ListItem\",\"position\":3,\"name\":\"Cartier tank americaine ref 1734 rare platinum first generation from 80\u2019s\"}]},{\"@type\":\"WebSite\",\"@id\":\"https:\\\/\\\/www.parisheure.com\\\/#website\",\"url\":\"https:\\\/\\\/www.parisheure.com\\\/\",\"name\":\"PARIS HEURE\",\"description\":\"Vintage watches Paris\",\"publisher\":{\"@id\":\"https:\\\/\\\/www.parisheure.com\\\/#organization\"},\"potentialAction\":[{\"@type\":\"SearchAction\",\"target\":{\"@type\":\"EntryPoint\",\"urlTemplate\":\"https:\\\/\\\/www.parisheure.com\\\/?s={search_term_string}\"},\"query-input\":{\"@type\":\"PropertyValueSpecification\",\"valueRequired\":true,\"valueName\":\"search_term_string\"}}],\"inLanguage\":\"en-US\"},{\"@type\":\"Organization\",\"@id\":\"https:\\\/\\\/www.parisheure.com\\\/#organization\",\"name\":\"PARIS HEURE\",\"url\":\"https:\\\/\\\/www.parisheure.com\\\/\",\"logo\":{\"@type\":\"ImageObject\",\"inLanguage\":\"en-US\",\"@id\":\"https:\\\/\\\/www.parisheure.com\\\/#\\\/schema\\\/logo\\\/image\\\/\",\"url\":\"https:\\\/\\\/www.parisheure.com\\\/wp-content\\\/uploads\\\/2021\\\/07\\\/cropped-logo-paris-heure.png\",\"contentUrl\":\"https:\\\/\\\/www.parisheure.com\\\/wp-content\\\/uploads\\\/2021\\\/07\\\/cropped-logo-paris-heure.png\",\"width\":512,\"height\":512,\"caption\":\"PARIS HEURE\"},\"image\":{\"@id\":\"https:\\\/\\\/www.parisheure.com\\\/#\\\/schema\\\/logo\\\/image\\\/\"},\"sameAs\":[\"https:\\\/\\\/www.facebook.com\\\/ParisHeure\",\"https:\\\/\\\/www.instagram.com\\\/parisheure\\\/\"]}]}<\/script>\n<!-- \/ Yoast SEO plugin. -->","yoast_head_json":{"title":"Cartier tank americaine ref 1734 rare platinum first generation&#8226; PARIS HEURE","description":"Cartier tank americaine ref 1734 rare platinum first generation from 80\u2019s R\u00e9f\u00e9rence: 1734 Ann\u00e9e: 1980\u2019s Mouvement\u00a0: M\u00e9canique Boite: Boitier en platine 950","robots":{"index":"index","follow":"follow","max-snippet":"max-snippet:-1","max-image-preview":"max-image-preview:large","max-video-preview":"max-video-preview:-1"},"canonical":"https:\/\/www.parisheure.com\/en\/buy-watch\/cartier-tank-americaine-ref-1734-rare-platinum-first-generation-from-80s\/","og_locale":"en_US","og_type":"article","og_title":"Cartier tank americaine ref 1734 rare platinum first generation&#8226; PARIS HEURE","og_description":"Cartier tank americaine ref 1734 rare platinum first generation from 80\u2019s R\u00e9f\u00e9rence: 1734 Ann\u00e9e: 1980\u2019s Mouvement\u00a0: M\u00e9canique Boite: Boitier en platine 950","og_url":"https:\/\/www.parisheure.com\/en\/buy-watch\/cartier-tank-americaine-ref-1734-rare-platinum-first-generation-from-80s\/","og_site_name":"PARIS HEURE","article_publisher":"https:\/\/www.facebook.com\/ParisHeure","article_modified_time":"2026-01-08T17:06:55+00:00","og_image":[{"width":2560,"height":2560,"url":"https:\/\/www.parisheure.com\/wp-content\/uploads\/2024\/04\/CARTIER-TANK-AMERICAINE-PLATINE-FIRST-SERIE-N\u00b0GC116xx-_0011_Calque-2-scaled.jpg","type":"image\/jpeg"}],"twitter_card":"summary_large_image","schema":{"@context":"https:\/\/schema.org","@graph":[{"@type":"WebPage","@id":"https:\/\/www.parisheure.com\/acheter-montre\/cartier-tank-americaine-ref-1734-rare-platinum-first-generation-from-80s\/","url":"https:\/\/www.parisheure.com\/acheter-montre\/cartier-tank-americaine-ref-1734-rare-platinum-first-generation-from-80s\/","name":"Cartier tank americaine ref 1734 rare platinum first generation&#8226; PARIS HEURE","isPartOf":{"@id":"https:\/\/www.parisheure.com\/#website"},"primaryImageOfPage":{"@id":"https:\/\/www.parisheure.com\/acheter-montre\/cartier-tank-americaine-ref-1734-rare-platinum-first-generation-from-80s\/#primaryimage"},"image":{"@id":"https:\/\/www.parisheure.com\/acheter-montre\/cartier-tank-americaine-ref-1734-rare-platinum-first-generation-from-80s\/#primaryimage"},"thumbnailUrl":"https:\/\/www.parisheure.com\/wp-content\/uploads\/2024\/04\/CARTIER-TANK-AMERICAINE-PLATINE-FIRST-SERIE-N\u00b0GC116xx-_0011_Calque-2-scaled.jpg","datePublished":"2024-04-18T16:36:04+00:00","dateModified":"2026-01-08T17:06:55+00:00","description":"Cartier tank americaine ref 1734 rare platinum first generation from 80\u2019s R\u00e9f\u00e9rence: 1734 Ann\u00e9e: 1980\u2019s Mouvement\u00a0: M\u00e9canique Boite: Boitier en platine 950","breadcrumb":{"@id":"https:\/\/www.parisheure.com\/acheter-montre\/cartier-tank-americaine-ref-1734-rare-platinum-first-generation-from-80s\/#breadcrumb"},"inLanguage":"en-US","potentialAction":[{"@type":"ReadAction","target":["https:\/\/www.parisheure.com\/acheter-montre\/cartier-tank-americaine-ref-1734-rare-platinum-first-generation-from-80s\/"]}]},{"@type":"ImageObject","inLanguage":"en-US","@id":"https:\/\/www.parisheure.com\/acheter-montre\/cartier-tank-americaine-ref-1734-rare-platinum-first-generation-from-80s\/#primaryimage","url":"https:\/\/www.parisheure.com\/wp-content\/uploads\/2024\/04\/CARTIER-TANK-AMERICAINE-PLATINE-FIRST-SERIE-N\u00b0GC116xx-_0011_Calque-2-scaled.jpg","contentUrl":"https:\/\/www.parisheure.com\/wp-content\/uploads\/2024\/04\/CARTIER-TANK-AMERICAINE-PLATINE-FIRST-SERIE-N\u00b0GC116xx-_0011_Calque-2-scaled.jpg","width":2560,"height":2560},{"@type":"BreadcrumbList","@id":"https:\/\/www.parisheure.com\/acheter-montre\/cartier-tank-americaine-ref-1734-rare-platinum-first-generation-from-80s\/#breadcrumb","itemListElement":[{"@type":"ListItem","position":1,"name":"Accueil","item":"https:\/\/www.parisheure.com\/"},{"@type":"ListItem","position":2,"name":"WATCHES","item":"https:\/\/www.parisheure.com\/"},{"@type":"ListItem","position":3,"name":"Cartier tank americaine ref 1734 rare platinum first generation from 80\u2019s"}]},{"@type":"WebSite","@id":"https:\/\/www.parisheure.com\/#website","url":"https:\/\/www.parisheure.com\/","name":"PARIS HEURE","description":"Vintage watches Paris","publisher":{"@id":"https:\/\/www.parisheure.com\/#organization"},"potentialAction":[{"@type":"SearchAction","target":{"@type":"EntryPoint","urlTemplate":"https:\/\/www.parisheure.com\/?s={search_term_string}"},"query-input":{"@type":"PropertyValueSpecification","valueRequired":true,"valueName":"search_term_string"}}],"inLanguage":"en-US"},{"@type":"Organization","@id":"https:\/\/www.parisheure.com\/#organization","name":"PARIS HEURE","url":"https:\/\/www.parisheure.com\/","logo":{"@type":"ImageObject","inLanguage":"en-US","@id":"https:\/\/www.parisheure.com\/#\/schema\/logo\/image\/","url":"https:\/\/www.parisheure.com\/wp-content\/uploads\/2021\/07\/cropped-logo-paris-heure.png","contentUrl":"https:\/\/www.parisheure.com\/wp-content\/uploads\/2021\/07\/cropped-logo-paris-heure.png","width":512,"height":512,"caption":"PARIS HEURE"},"image":{"@id":"https:\/\/www.parisheure.com\/#\/schema\/logo\/image\/"},"sameAs":["https:\/\/www.facebook.com\/ParisHeure","https:\/\/www.instagram.com\/parisheure\/"]}]}},"jetpack_sharing_enabled":true,"brands":[{"id":433,"name":"Cartier","slug":"cartier"}],"_links":{"self":[{"href":"https:\/\/www.parisheure.com\/en\/wp-json\/wp\/v2\/product\/13765","targetHints":{"allow":["GET"]}}],"collection":[{"href":"https:\/\/www.parisheure.com\/en\/wp-json\/wp\/v2\/product"}],"about":[{"href":"https:\/\/www.parisheure.com\/en\/wp-json\/wp\/v2\/types\/product"}],"version-history":[{"count":5,"href":"https:\/\/www.parisheure.com\/en\/wp-json\/wp\/v2\/product\/13765\/revisions"}],"predecessor-version":[{"id":15312,"href":"https:\/\/www.parisheure.com\/en\/wp-json\/wp\/v2\/product\/13765\/revisions\/15312"}],"wp:featuredmedia":[{"embeddable":true,"href":"https:\/\/www.parisheure.com\/en\/wp-json\/wp\/v2\/media\/13625"}],"wp:attachment":[{"href":"https:\/\/www.parisheure.com\/en\/wp-json\/wp\/v2\/media?parent=13765"}],"wp:term":[{"taxonomy":"pwb-brand","embeddable":true,"href":"https:\/\/www.parisheure.com\/en\/wp-json\/wp\/v2\/pwb-brand?post=13765"},{"taxonomy":"product_brand","embeddable":true,"href":"https:\/\/www.parisheure.com\/en\/wp-json\/wp\/v2\/product_brand?post=13765"},{"taxonomy":"product_cat","embeddable":true,"href":"https:\/\/www.parisheure.com\/en\/wp-json\/wp\/v2\/product_cat?post=13765"},{"taxonomy":"product_tag","embeddable":true,"href":"https:\/\/www.parisheure.com\/en\/wp-json\/wp\/v2\/product_tag?post=13765"}],"curies":[{"name":"wp","href":"https:\/\/api.w.org\/{rel}","templated":true}]}}