{"id":13767,"date":"2024-04-18T18:39:14","date_gmt":"2024-04-18T16:39:14","guid":{"rendered":"https:\/\/www.parisheure.com\/?post_type=product&#038;p=13767"},"modified":"2024-10-22T16:41:28","modified_gmt":"2024-10-22T14:41:28","slug":"rolex-daytona-ref-6263-big-red-silver-tropical-from-1979","status":"publish","type":"product","link":"https:\/\/www.parisheure.com\/en\/buy-watch\/rolex-daytona-ref-6263-big-red-silver-tropical-from-1979\/","title":{"rendered":"ROLEX DAYTONA REF 6263 BIG RED SILVER TROPICAL from 1979"},"content":{"rendered":"<p><strong><em>Our opinion:<\/em><\/strong> Le mod\u00e8le de Rolex Cosmograph Daytona est un chronographe de sport lanc\u00e9 en 1963 par la soci\u00e9t\u00e9 Rolex SA. Le Cosmograph Daytona fait partie de la cat\u00e9gorie de montres professionnelles au sein de la gamme Rolex. Il a \u00e9t\u00e9 con\u00e7u \u00e0 l\u2019origine pour les pilotes de course. Quatre g\u00e9n\u00e9rations de Daytona ont vu le jour respectivement en 1963, 1988, 2000 et 2016. La premi\u00e8re \u00e9tait dot\u00e9e d\u2019un mouvement \u00e0 remontage manuel, la deuxi\u00e8me d\u2019un mouvement \u00e0 remontage automatique et la troisi\u00e8me et quatri\u00e8me d\u2019un mouvement manufacture Rolex. Le record du monde en vente aux ench\u00e8res est une Rolex Daytona ayant appartenu \u00e0 Paul Newman et vendue chez Philips a NYC pour 17,75 millions de dollars en 2017. L\u2019original est donc la version \u00e0 4 chiffres dont fait partie celle-ci. La n\u00f4tre est en parfait \u00e9tat de conservation peu polie avec un cadran ou les compteurs sont devenus tropical tr\u00e8s rare et recherch\u00e9 et les points de tritium ont une superbe patine et parfaits.<\/p>","protected":false},"excerpt":{"rendered":"<p><strong><em>Brand: <\/em><\/strong>ROLEX<\/p>\n<p><strong><em>Model: <\/em><\/strong>DAYTONA<\/p>\n<p><strong><em>Reference: <\/em><\/strong>6263<\/p>\n<p><strong><em>Year:<\/em><\/strong> 1979<\/p>\n<p><strong><em>Serial : <\/em><\/strong>639XXXX<\/p>\n<p><strong><em>Pushers:<\/em><\/strong> MK2<\/p>\n<p><strong><em>Bezel: <\/em><\/strong>Lunette mk3<\/p>\n<p><strong><em>Movement\u00a0: <\/em><\/strong>MECA VALJOUX 727 with numbers<\/p>\n<p><strong><em>Case: <\/em><\/strong>Boitier tr\u00e8s peu polie qui garde sa forme d\u2019origine avec des angles parfaits. La montre a d\u00fb \u00eatre tr\u00e8s peu port\u00e9e aussi avec peu de marques d\u2019usures ni de chocs importants ou de perte de mati\u00e8re.<\/p>\n<p><strong><em>Dial: <\/em><\/strong>Cadran silver big red parfait avec tous ces points de tritiums et une res belle patine tropical des compteurs ultra rare et recherch\u00e9e sigma. Belle patine des index tritium parfaits ainsi que les aiguilles qui matchent bien.<\/p>\n<p><strong><em>Diameter\u00a0: <\/em><\/strong>37mm<\/p>\n<p><strong><em>Bracelet:<\/em><\/strong>: Bracelet blind\u00e9 r\u00e9f 78350 19 et endlink 571 clasp code P5.<\/p>\n<p><strong><em>Accessories: <\/em><\/strong>None<\/p>","protected":false},"featured_media":13699,"template":"","meta":[],"pwb-brand":[432],"product_brand":[],"product_cat":[107,368,90,246],"product_tag":[222,342,159,156,127,158,270,101],"class_list":{"0":"post-13767","1":"product","2":"type-product","3":"status-publish","4":"has-post-thumbnail","6":"pwb-brand-rolex","7":"product_cat-archives","8":"product_cat-montres-ph-watches","9":"product_cat-rolex","10":"product_cat-rolex-daytona","11":"product_tag-222","12":"product_tag-342","13":"product_tag-big-red","14":"product_tag-daytona","15":"product_tag-rolex","16":"product_tag-silver","17":"product_tag-tropical","18":"product_tag-vintage","20":"first","21":"outofstock","22":"shipping-taxable","23":"product-type-simple"},"yoast_head":"<!-- This site is optimized with the Yoast SEO plugin v27.4 - https:\/\/yoast.com\/product\/yoast-seo-wordpress\/ -->\n<title>ROLEX DAYTONA REF 6263 BIG RED SILVER TROPICAL from 1979 &#8226; PARIS HEURE<\/title>\n<meta name=\"description\" content=\"Marque: ROLEX  Mod\u00e8le: DAYTONA  R\u00e9f\u00e9rence: 6263  Ann\u00e9e: 1979  Serial : 639XXXX  Poussoirs: MK2  Lunette\u00a0: Lunette mk3  Mouvement\u00a0: MECA VALJOUX 727 with numbers  Boite: Boitier tr\u00e8s peu polie qui garde sa forme d\u2019origine avec des angles parfaits. La montre a d\u00fb \u00eatre tr\u00e8s peu port\u00e9e aussi avec peu de marques d\u2019usures ni de chocs importants ou de perte de mati\u00e8re.  Cadran: Cadran silver big red parfait avec tous ces points de tritiums et une res belle patine tropical des compteurs ultra rare et recherch\u00e9e sigma. Belle patine des index tritium parfaits ainsi que les aiguilles qui matchent bien.  Diam\u00e8tre\u00a0: 37mm  Bracelet: Bracelet blind\u00e9 r\u00e9f 78350 19 et endlink 571 clasp code P5.  Accessoires\u00a0: Aucuns\" \/>\n<meta name=\"robots\" content=\"index, follow, max-snippet:-1, max-image-preview:large, max-video-preview:-1\" \/>\n<link rel=\"canonical\" href=\"https:\/\/www.parisheure.com\/en\/buy-watch\/rolex-daytona-ref-6263-big-red-silver-tropical-from-1979\/\" \/>\n<meta property=\"og:locale\" content=\"en_US\" \/>\n<meta property=\"og:type\" content=\"article\" \/>\n<meta property=\"og:title\" content=\"ROLEX DAYTONA REF 6263 BIG RED SILVER TROPICAL from 1979 &#8226; PARIS HEURE\" \/>\n<meta property=\"og:description\" content=\"Marque: ROLEX  Mod\u00e8le: DAYTONA  R\u00e9f\u00e9rence: 6263  Ann\u00e9e: 1979  Serial : 639XXXX  Poussoirs: MK2  Lunette\u00a0: Lunette mk3  Mouvement\u00a0: MECA VALJOUX 727 with numbers  Boite: Boitier tr\u00e8s peu polie qui garde sa forme d\u2019origine avec des angles parfaits. La montre a d\u00fb \u00eatre tr\u00e8s peu port\u00e9e aussi avec peu de marques d\u2019usures ni de chocs importants ou de perte de mati\u00e8re.  Cadran: Cadran silver big red parfait avec tous ces points de tritiums et une res belle patine tropical des compteurs ultra rare et recherch\u00e9e sigma. Belle patine des index tritium parfaits ainsi que les aiguilles qui matchent bien.  Diam\u00e8tre\u00a0: 37mm  Bracelet: Bracelet blind\u00e9 r\u00e9f 78350 19 et endlink 571 clasp code P5.  Accessoires\u00a0: Aucuns\" \/>\n<meta property=\"og:url\" content=\"https:\/\/www.parisheure.com\/en\/buy-watch\/rolex-daytona-ref-6263-big-red-silver-tropical-from-1979\/\" \/>\n<meta property=\"og:site_name\" content=\"PARIS HEURE\" \/>\n<meta property=\"article:publisher\" content=\"https:\/\/www.facebook.com\/ParisHeure\" \/>\n<meta property=\"article:modified_time\" content=\"2024-10-22T14:41:28+00:00\" \/>\n<meta property=\"og:image\" content=\"https:\/\/www.parisheure.com\/wp-content\/uploads\/2024\/04\/ROLEX-DAYTONA-REF-6263-BIG-RED-SILVER-TROPICAL-N\u00b06393XXX-_0025_Calque-1-scaled.jpg\" \/>\n\t<meta property=\"og:image:width\" content=\"2560\" \/>\n\t<meta property=\"og:image:height\" content=\"2560\" \/>\n\t<meta property=\"og:image:type\" content=\"image\/jpeg\" \/>\n<meta name=\"twitter:card\" content=\"summary_large_image\" \/>\n<script type=\"application\/ld+json\" class=\"yoast-schema-graph\">{\"@context\":\"https:\\\/\\\/schema.org\",\"@graph\":[{\"@type\":\"WebPage\",\"@id\":\"https:\\\/\\\/www.parisheure.com\\\/acheter-montre\\\/rolex-daytona-ref-6263-big-red-silver-tropical-from-1979\\\/\",\"url\":\"https:\\\/\\\/www.parisheure.com\\\/acheter-montre\\\/rolex-daytona-ref-6263-big-red-silver-tropical-from-1979\\\/\",\"name\":\"ROLEX DAYTONA REF 6263 BIG RED SILVER TROPICAL from 1979 &#8226; PARIS HEURE\",\"isPartOf\":{\"@id\":\"https:\\\/\\\/www.parisheure.com\\\/#website\"},\"primaryImageOfPage\":{\"@id\":\"https:\\\/\\\/www.parisheure.com\\\/acheter-montre\\\/rolex-daytona-ref-6263-big-red-silver-tropical-from-1979\\\/#primaryimage\"},\"image\":{\"@id\":\"https:\\\/\\\/www.parisheure.com\\\/acheter-montre\\\/rolex-daytona-ref-6263-big-red-silver-tropical-from-1979\\\/#primaryimage\"},\"thumbnailUrl\":\"https:\\\/\\\/www.parisheure.com\\\/wp-content\\\/uploads\\\/2024\\\/04\\\/ROLEX-DAYTONA-REF-6263-BIG-RED-SILVER-TROPICAL-N\u00b06393XXX-_0025_Calque-1-scaled.jpg\",\"datePublished\":\"2024-04-18T16:39:14+00:00\",\"dateModified\":\"2024-10-22T14:41:28+00:00\",\"description\":\"Marque: ROLEX Mod\u00e8le: DAYTONA R\u00e9f\u00e9rence: 6263 Ann\u00e9e: 1979 Serial : 639XXXX Poussoirs: MK2 Lunette\u00a0: Lunette mk3 Mouvement\u00a0: MECA VALJOUX 727 with numbers Boite: Boitier tr\u00e8s peu polie qui garde sa forme d\u2019origine avec des angles parfaits. La montre a d\u00fb \u00eatre tr\u00e8s peu port\u00e9e aussi avec peu de marques d\u2019usures ni de chocs importants ou de perte de mati\u00e8re. Cadran: Cadran silver big red parfait avec tous ces points de tritiums et une res belle patine tropical des compteurs ultra rare et recherch\u00e9e sigma. Belle patine des index tritium parfaits ainsi que les aiguilles qui matchent bien. Diam\u00e8tre\u00a0: 37mm Bracelet: Bracelet blind\u00e9 r\u00e9f 78350 19 et endlink 571 clasp code P5. Accessoires\u00a0: Aucuns\",\"breadcrumb\":{\"@id\":\"https:\\\/\\\/www.parisheure.com\\\/acheter-montre\\\/rolex-daytona-ref-6263-big-red-silver-tropical-from-1979\\\/#breadcrumb\"},\"inLanguage\":\"en-US\",\"potentialAction\":[{\"@type\":\"ReadAction\",\"target\":[\"https:\\\/\\\/www.parisheure.com\\\/acheter-montre\\\/rolex-daytona-ref-6263-big-red-silver-tropical-from-1979\\\/\"]}]},{\"@type\":\"ImageObject\",\"inLanguage\":\"en-US\",\"@id\":\"https:\\\/\\\/www.parisheure.com\\\/acheter-montre\\\/rolex-daytona-ref-6263-big-red-silver-tropical-from-1979\\\/#primaryimage\",\"url\":\"https:\\\/\\\/www.parisheure.com\\\/wp-content\\\/uploads\\\/2024\\\/04\\\/ROLEX-DAYTONA-REF-6263-BIG-RED-SILVER-TROPICAL-N\u00b06393XXX-_0025_Calque-1-scaled.jpg\",\"contentUrl\":\"https:\\\/\\\/www.parisheure.com\\\/wp-content\\\/uploads\\\/2024\\\/04\\\/ROLEX-DAYTONA-REF-6263-BIG-RED-SILVER-TROPICAL-N\u00b06393XXX-_0025_Calque-1-scaled.jpg\",\"width\":2560,\"height\":2560},{\"@type\":\"BreadcrumbList\",\"@id\":\"https:\\\/\\\/www.parisheure.com\\\/acheter-montre\\\/rolex-daytona-ref-6263-big-red-silver-tropical-from-1979\\\/#breadcrumb\",\"itemListElement\":[{\"@type\":\"ListItem\",\"position\":1,\"name\":\"Accueil\",\"item\":\"https:\\\/\\\/www.parisheure.com\\\/\"},{\"@type\":\"ListItem\",\"position\":2,\"name\":\"WATCHES\",\"item\":\"https:\\\/\\\/www.parisheure.com\\\/\"},{\"@type\":\"ListItem\",\"position\":3,\"name\":\"ROLEX DAYTONA REF 6263 BIG RED SILVER TROPICAL from 1979\"}]},{\"@type\":\"WebSite\",\"@id\":\"https:\\\/\\\/www.parisheure.com\\\/#website\",\"url\":\"https:\\\/\\\/www.parisheure.com\\\/\",\"name\":\"PARIS HEURE\",\"description\":\"Vintage watches Paris\",\"publisher\":{\"@id\":\"https:\\\/\\\/www.parisheure.com\\\/#organization\"},\"potentialAction\":[{\"@type\":\"SearchAction\",\"target\":{\"@type\":\"EntryPoint\",\"urlTemplate\":\"https:\\\/\\\/www.parisheure.com\\\/?s={search_term_string}\"},\"query-input\":{\"@type\":\"PropertyValueSpecification\",\"valueRequired\":true,\"valueName\":\"search_term_string\"}}],\"inLanguage\":\"en-US\"},{\"@type\":\"Organization\",\"@id\":\"https:\\\/\\\/www.parisheure.com\\\/#organization\",\"name\":\"PARIS HEURE\",\"url\":\"https:\\\/\\\/www.parisheure.com\\\/\",\"logo\":{\"@type\":\"ImageObject\",\"inLanguage\":\"en-US\",\"@id\":\"https:\\\/\\\/www.parisheure.com\\\/#\\\/schema\\\/logo\\\/image\\\/\",\"url\":\"https:\\\/\\\/www.parisheure.com\\\/wp-content\\\/uploads\\\/2021\\\/07\\\/cropped-logo-paris-heure.png\",\"contentUrl\":\"https:\\\/\\\/www.parisheure.com\\\/wp-content\\\/uploads\\\/2021\\\/07\\\/cropped-logo-paris-heure.png\",\"width\":512,\"height\":512,\"caption\":\"PARIS HEURE\"},\"image\":{\"@id\":\"https:\\\/\\\/www.parisheure.com\\\/#\\\/schema\\\/logo\\\/image\\\/\"},\"sameAs\":[\"https:\\\/\\\/www.facebook.com\\\/ParisHeure\",\"https:\\\/\\\/www.instagram.com\\\/parisheure\\\/\"]}]}<\/script>\n<!-- \/ Yoast SEO plugin. -->","yoast_head_json":{"title":"ROLEX DAYTONA REF 6263 BIG RED SILVER TROPICAL from 1979 \u2022 PARIS HEURE","description":"Marque: ROLEX  Mod\u00e8le: DAYTONA  R\u00e9f\u00e9rence: 6263  Ann\u00e9e: 1979  Serial : 639XXXX  Poussoirs: MK2  Lunette\u00a0: Lunette mk3  Mouvement\u00a0: MECA VALJOUX 727 with numbers  Boite: Boitier tr\u00e8s peu polie qui garde sa forme d\u2019origine avec des angles parfaits. La montre a d\u00fb \u00eatre tr\u00e8s peu port\u00e9e aussi avec peu de marques d\u2019usures ni de chocs importants ou de perte de mati\u00e8re.  Cadran: Cadran silver big red parfait avec tous ces points de tritiums et une res belle patine tropical des compteurs ultra rare et recherch\u00e9e sigma. Belle patine des index tritium parfaits ainsi que les aiguilles qui matchent bien.  Diam\u00e8tre\u00a0: 37mm  Bracelet: Bracelet blind\u00e9 r\u00e9f 78350 19 et endlink 571 clasp code P5.  Accessoires\u00a0: Aucuns","robots":{"index":"index","follow":"follow","max-snippet":"max-snippet:-1","max-image-preview":"max-image-preview:large","max-video-preview":"max-video-preview:-1"},"canonical":"https:\/\/www.parisheure.com\/en\/buy-watch\/rolex-daytona-ref-6263-big-red-silver-tropical-from-1979\/","og_locale":"en_US","og_type":"article","og_title":"ROLEX DAYTONA REF 6263 BIG RED SILVER TROPICAL from 1979 &#8226; PARIS HEURE","og_description":"Marque: ROLEX  Mod\u00e8le: DAYTONA  R\u00e9f\u00e9rence: 6263  Ann\u00e9e: 1979  Serial : 639XXXX  Poussoirs: MK2  Lunette\u00a0: Lunette mk3  Mouvement\u00a0: MECA VALJOUX 727 with numbers  Boite: Boitier tr\u00e8s peu polie qui garde sa forme d\u2019origine avec des angles parfaits. La montre a d\u00fb \u00eatre tr\u00e8s peu port\u00e9e aussi avec peu de marques d\u2019usures ni de chocs importants ou de perte de mati\u00e8re.  Cadran: Cadran silver big red parfait avec tous ces points de tritiums et une res belle patine tropical des compteurs ultra rare et recherch\u00e9e sigma. Belle patine des index tritium parfaits ainsi que les aiguilles qui matchent bien.  Diam\u00e8tre\u00a0: 37mm  Bracelet: Bracelet blind\u00e9 r\u00e9f 78350 19 et endlink 571 clasp code P5.  Accessoires\u00a0: Aucuns","og_url":"https:\/\/www.parisheure.com\/en\/buy-watch\/rolex-daytona-ref-6263-big-red-silver-tropical-from-1979\/","og_site_name":"PARIS HEURE","article_publisher":"https:\/\/www.facebook.com\/ParisHeure","article_modified_time":"2024-10-22T14:41:28+00:00","og_image":[{"width":2560,"height":2560,"url":"https:\/\/www.parisheure.com\/wp-content\/uploads\/2024\/04\/ROLEX-DAYTONA-REF-6263-BIG-RED-SILVER-TROPICAL-N\u00b06393XXX-_0025_Calque-1-scaled.jpg","type":"image\/jpeg"}],"twitter_card":"summary_large_image","schema":{"@context":"https:\/\/schema.org","@graph":[{"@type":"WebPage","@id":"https:\/\/www.parisheure.com\/acheter-montre\/rolex-daytona-ref-6263-big-red-silver-tropical-from-1979\/","url":"https:\/\/www.parisheure.com\/acheter-montre\/rolex-daytona-ref-6263-big-red-silver-tropical-from-1979\/","name":"ROLEX DAYTONA REF 6263 BIG RED SILVER TROPICAL from 1979 \u2022 PARIS HEURE","isPartOf":{"@id":"https:\/\/www.parisheure.com\/#website"},"primaryImageOfPage":{"@id":"https:\/\/www.parisheure.com\/acheter-montre\/rolex-daytona-ref-6263-big-red-silver-tropical-from-1979\/#primaryimage"},"image":{"@id":"https:\/\/www.parisheure.com\/acheter-montre\/rolex-daytona-ref-6263-big-red-silver-tropical-from-1979\/#primaryimage"},"thumbnailUrl":"https:\/\/www.parisheure.com\/wp-content\/uploads\/2024\/04\/ROLEX-DAYTONA-REF-6263-BIG-RED-SILVER-TROPICAL-N\u00b06393XXX-_0025_Calque-1-scaled.jpg","datePublished":"2024-04-18T16:39:14+00:00","dateModified":"2024-10-22T14:41:28+00:00","description":"Marque: ROLEX Mod\u00e8le: DAYTONA R\u00e9f\u00e9rence: 6263 Ann\u00e9e: 1979 Serial : 639XXXX Poussoirs: MK2 Lunette\u00a0: Lunette mk3 Mouvement\u00a0: MECA VALJOUX 727 with numbers Boite: Boitier tr\u00e8s peu polie qui garde sa forme d\u2019origine avec des angles parfaits. La montre a d\u00fb \u00eatre tr\u00e8s peu port\u00e9e aussi avec peu de marques d\u2019usures ni de chocs importants ou de perte de mati\u00e8re. Cadran: Cadran silver big red parfait avec tous ces points de tritiums et une res belle patine tropical des compteurs ultra rare et recherch\u00e9e sigma. Belle patine des index tritium parfaits ainsi que les aiguilles qui matchent bien. Diam\u00e8tre\u00a0: 37mm Bracelet: Bracelet blind\u00e9 r\u00e9f 78350 19 et endlink 571 clasp code P5. Accessoires\u00a0: Aucuns","breadcrumb":{"@id":"https:\/\/www.parisheure.com\/acheter-montre\/rolex-daytona-ref-6263-big-red-silver-tropical-from-1979\/#breadcrumb"},"inLanguage":"en-US","potentialAction":[{"@type":"ReadAction","target":["https:\/\/www.parisheure.com\/acheter-montre\/rolex-daytona-ref-6263-big-red-silver-tropical-from-1979\/"]}]},{"@type":"ImageObject","inLanguage":"en-US","@id":"https:\/\/www.parisheure.com\/acheter-montre\/rolex-daytona-ref-6263-big-red-silver-tropical-from-1979\/#primaryimage","url":"https:\/\/www.parisheure.com\/wp-content\/uploads\/2024\/04\/ROLEX-DAYTONA-REF-6263-BIG-RED-SILVER-TROPICAL-N\u00b06393XXX-_0025_Calque-1-scaled.jpg","contentUrl":"https:\/\/www.parisheure.com\/wp-content\/uploads\/2024\/04\/ROLEX-DAYTONA-REF-6263-BIG-RED-SILVER-TROPICAL-N\u00b06393XXX-_0025_Calque-1-scaled.jpg","width":2560,"height":2560},{"@type":"BreadcrumbList","@id":"https:\/\/www.parisheure.com\/acheter-montre\/rolex-daytona-ref-6263-big-red-silver-tropical-from-1979\/#breadcrumb","itemListElement":[{"@type":"ListItem","position":1,"name":"Accueil","item":"https:\/\/www.parisheure.com\/"},{"@type":"ListItem","position":2,"name":"WATCHES","item":"https:\/\/www.parisheure.com\/"},{"@type":"ListItem","position":3,"name":"ROLEX DAYTONA REF 6263 BIG RED SILVER TROPICAL from 1979"}]},{"@type":"WebSite","@id":"https:\/\/www.parisheure.com\/#website","url":"https:\/\/www.parisheure.com\/","name":"PARIS HEURE","description":"Vintage watches Paris","publisher":{"@id":"https:\/\/www.parisheure.com\/#organization"},"potentialAction":[{"@type":"SearchAction","target":{"@type":"EntryPoint","urlTemplate":"https:\/\/www.parisheure.com\/?s={search_term_string}"},"query-input":{"@type":"PropertyValueSpecification","valueRequired":true,"valueName":"search_term_string"}}],"inLanguage":"en-US"},{"@type":"Organization","@id":"https:\/\/www.parisheure.com\/#organization","name":"PARIS HEURE","url":"https:\/\/www.parisheure.com\/","logo":{"@type":"ImageObject","inLanguage":"en-US","@id":"https:\/\/www.parisheure.com\/#\/schema\/logo\/image\/","url":"https:\/\/www.parisheure.com\/wp-content\/uploads\/2021\/07\/cropped-logo-paris-heure.png","contentUrl":"https:\/\/www.parisheure.com\/wp-content\/uploads\/2021\/07\/cropped-logo-paris-heure.png","width":512,"height":512,"caption":"PARIS HEURE"},"image":{"@id":"https:\/\/www.parisheure.com\/#\/schema\/logo\/image\/"},"sameAs":["https:\/\/www.facebook.com\/ParisHeure","https:\/\/www.instagram.com\/parisheure\/"]}]}},"jetpack_sharing_enabled":true,"brands":[{"id":432,"name":"Rolex","slug":"rolex"}],"_links":{"self":[{"href":"https:\/\/www.parisheure.com\/en\/wp-json\/wp\/v2\/product\/13767","targetHints":{"allow":["GET"]}}],"collection":[{"href":"https:\/\/www.parisheure.com\/en\/wp-json\/wp\/v2\/product"}],"about":[{"href":"https:\/\/www.parisheure.com\/en\/wp-json\/wp\/v2\/types\/product"}],"version-history":[{"count":1,"href":"https:\/\/www.parisheure.com\/en\/wp-json\/wp\/v2\/product\/13767\/revisions"}],"predecessor-version":[{"id":14124,"href":"https:\/\/www.parisheure.com\/en\/wp-json\/wp\/v2\/product\/13767\/revisions\/14124"}],"wp:featuredmedia":[{"embeddable":true,"href":"https:\/\/www.parisheure.com\/en\/wp-json\/wp\/v2\/media\/13699"}],"wp:attachment":[{"href":"https:\/\/www.parisheure.com\/en\/wp-json\/wp\/v2\/media?parent=13767"}],"wp:term":[{"taxonomy":"pwb-brand","embeddable":true,"href":"https:\/\/www.parisheure.com\/en\/wp-json\/wp\/v2\/pwb-brand?post=13767"},{"taxonomy":"product_brand","embeddable":true,"href":"https:\/\/www.parisheure.com\/en\/wp-json\/wp\/v2\/product_brand?post=13767"},{"taxonomy":"product_cat","embeddable":true,"href":"https:\/\/www.parisheure.com\/en\/wp-json\/wp\/v2\/product_cat?post=13767"},{"taxonomy":"product_tag","embeddable":true,"href":"https:\/\/www.parisheure.com\/en\/wp-json\/wp\/v2\/product_tag?post=13767"}],"curies":[{"name":"wp","href":"https:\/\/api.w.org\/{rel}","templated":true}]}}