{"id":13774,"date":"2024-04-22T16:23:21","date_gmt":"2024-04-22T14:23:21","guid":{"rendered":"https:\/\/www.parisheure.com\/?post_type=product&#038;p=13774"},"modified":"2024-10-22T16:41:01","modified_gmt":"2024-10-22T14:41:01","slug":"rolex-explorer-i-ref-1016-mat-dial-rare-last-serie-serial-l-from-1989","status":"publish","type":"product","link":"https:\/\/www.parisheure.com\/en\/buy-watch\/rolex-explorer-i-ref-1016-mat-dial-rare-last-serie-serial-l-from-1989\/","title":{"rendered":"ROLEX EXPLORER I REF 1016 MAT DIAL RARE LAST SERIE SERIAL L from 1989"},"content":{"rendered":"<p><strong><em>Our opinion: <\/em><\/strong>L\u2019explorer r\u00e9f 1016 est apparue dans les ann\u00e9es 60, diff\u00e9rentes versions ont \u00e9t\u00e9 produites, mat, laqu\u00e9, cadran blanc\u2026 Une vraie r\u00e9f\u00e9rence collector si difficile \u00e0 trouver aujourd\u2019hui. Celle-ci a une belle patine. Le boitier est en parfait \u00e9tat, son cadran mat derni\u00e8re g\u00e9n\u00e9ration est tout aussi parfait matchant bien les aiguilles ! La montre est dans son \u00e9tat d\u2019origine avec son bracelet blind\u00e9 et fait partie de la toute derni\u00e8re s\u00e9rie produite en 1989 quand le plexi avait disparu de la collection Rolex, tr\u00e8s recherch\u00e9e !!!! Si rare \u00e0 trouver aujourd\u2019hui qu\u2019elles valent maintenant plus ch\u00e8re que les Submariner !<\/p>","protected":false},"excerpt":{"rendered":"<p><strong><em>Brand:\u00a0\u00a0 <\/em><\/strong>ROLEX<\/p>\n<p><strong><em>Model:\u00a0<\/em><\/strong>EXPLORER I<\/p>\n<p><strong><em>Reference:\u00a0<\/em><\/strong>1016<\/p>\n<p><strong><em>Year:\u00a0<\/em><\/strong>1989<\/p>\n<p><strong><em>Serial :\u00a0<\/em><\/strong>L79XXXX<\/p>\n<p><strong><em>Bezel: <\/em><\/strong>Beautiful steel bezel in perfect condition<\/p>\n<p><strong><em>Case:\u00a0<\/em><\/strong>Tr\u00e8s beau boitier \u00e0 peine polie, encore tr\u00e8s \u00e9pais et avec des angles parfaits car le boitier de la 1016 \u00e9tait assez fin pour une montre professionnelle. Lunette en \u00e9tat parfait. Pas de chocs visibles importants.<\/p>\n<p><strong><em>Movement\u00a0:<\/em><\/strong> Automatic cal 1570<\/p>\n<p><strong><em>Dial:\u00a0<\/em><\/strong>Beau cadran noir mat d\u2019origine parfait avec des beaux indexes tritium. Pas de rayures ou taches sur le cadran aiguilles matchant bien la patine des indexs.<\/p>\n<p><strong><em>Diameter\u00a0: <\/em><\/strong>36 MM<\/p>\n<p><strong><em>Bracelet:<\/em><\/strong>:\u00a0Acier oyster ref 78360 endlink 501B clasp code N9.<\/p>\n<p><strong><em>Accessories: <\/em><\/strong>None.<\/p>","protected":false},"featured_media":13637,"template":"","meta":[],"pwb-brand":[432],"product_brand":[],"product_cat":[107,90,245],"product_tag":[183,429,182,153,127,101],"class_list":{"0":"post-13774","1":"product","2":"type-product","3":"status-publish","4":"has-post-thumbnail","6":"pwb-brand-rolex","7":"product_cat-archives","8":"product_cat-rolex","9":"product_cat-rolex-explorer","10":"product_tag-183","11":"product_tag-429","12":"product_tag-explorer-i","13":"product_tag-mat-dial","14":"product_tag-rolex","15":"product_tag-vintage","17":"first","18":"outofstock","19":"shipping-taxable","20":"product-type-simple"},"yoast_head":"<!-- This site is optimized with the Yoast SEO plugin v27.4 - https:\/\/yoast.com\/product\/yoast-seo-wordpress\/ -->\n<title>ROLEX EXPLORER I REF 1016 MAT DIAL RARE LAST SERIE SERIAL L from 1989 &#8226; PARIS HEURE<\/title>\n<meta name=\"description\" content=\"Marque:\u00a0\u00a0 ROLEX  Mod\u00e8le:\u00a0EXPLORER I  R\u00e9f\u00e9rence:\u00a01016  Ann\u00e9e:\u00a01989  Serial :\u00a0L79XXXX  Lunette\u00a0: Belle lunette acier en parfait \u00e9tat  Boite:\u00a0Tr\u00e8s beau boitier \u00e0 peine polie, encore tr\u00e8s \u00e9pais et avec des angles parfaits car le boitier de la 1016 \u00e9tait assez fin pour une montre professionnelle. Lunette en \u00e9tat parfait. Pas de chocs visibles importants.  Mouvement\u00a0: Automatique cal 1570  Cadran:\u00a0Beau cadran noir mat d\u2019origine parfait avec des beaux indexes tritium. Pas de rayures ou taches sur le cadran aiguilles matchant bien la patine des indexs.  Diam\u00e8tre\u00a0: 36 MM  Bracelet:\u00a0Acier oyster ref 78360 endlink 501B clasp code N9.  Accessoires\u00a0: Aucuns.\" \/>\n<meta name=\"robots\" content=\"index, follow, max-snippet:-1, max-image-preview:large, max-video-preview:-1\" \/>\n<link rel=\"canonical\" href=\"https:\/\/www.parisheure.com\/en\/buy-watch\/rolex-explorer-i-ref-1016-mat-dial-rare-last-serie-serial-l-from-1989\/\" \/>\n<meta property=\"og:locale\" content=\"en_US\" \/>\n<meta property=\"og:type\" content=\"article\" \/>\n<meta property=\"og:title\" content=\"ROLEX EXPLORER I REF 1016 MAT DIAL RARE LAST SERIE SERIAL L from 1989 &#8226; PARIS HEURE\" \/>\n<meta property=\"og:description\" content=\"Marque:\u00a0\u00a0 ROLEX  Mod\u00e8le:\u00a0EXPLORER I  R\u00e9f\u00e9rence:\u00a01016  Ann\u00e9e:\u00a01989  Serial :\u00a0L79XXXX  Lunette\u00a0: Belle lunette acier en parfait \u00e9tat  Boite:\u00a0Tr\u00e8s beau boitier \u00e0 peine polie, encore tr\u00e8s \u00e9pais et avec des angles parfaits car le boitier de la 1016 \u00e9tait assez fin pour une montre professionnelle. Lunette en \u00e9tat parfait. Pas de chocs visibles importants.  Mouvement\u00a0: Automatique cal 1570  Cadran:\u00a0Beau cadran noir mat d\u2019origine parfait avec des beaux indexes tritium. Pas de rayures ou taches sur le cadran aiguilles matchant bien la patine des indexs.  Diam\u00e8tre\u00a0: 36 MM  Bracelet:\u00a0Acier oyster ref 78360 endlink 501B clasp code N9.  Accessoires\u00a0: Aucuns.\" \/>\n<meta property=\"og:url\" content=\"https:\/\/www.parisheure.com\/en\/buy-watch\/rolex-explorer-i-ref-1016-mat-dial-rare-last-serie-serial-l-from-1989\/\" \/>\n<meta property=\"og:site_name\" content=\"PARIS HEURE\" \/>\n<meta property=\"article:publisher\" content=\"https:\/\/www.facebook.com\/ParisHeure\" \/>\n<meta property=\"article:modified_time\" content=\"2024-10-22T14:41:01+00:00\" \/>\n<meta property=\"og:image\" content=\"https:\/\/www.parisheure.com\/wp-content\/uploads\/2024\/04\/ROLEX-EXPLORER-I-REF-1016-MAT-DIAL-LAST-SERIE-N\u00b0L793XXX-_0020_Calque-2-scaled.jpg\" \/>\n\t<meta property=\"og:image:width\" content=\"2560\" \/>\n\t<meta property=\"og:image:height\" content=\"2560\" \/>\n\t<meta property=\"og:image:type\" content=\"image\/jpeg\" \/>\n<meta name=\"twitter:card\" content=\"summary_large_image\" \/>\n<script type=\"application\/ld+json\" class=\"yoast-schema-graph\">{\"@context\":\"https:\\\/\\\/schema.org\",\"@graph\":[{\"@type\":\"WebPage\",\"@id\":\"https:\\\/\\\/www.parisheure.com\\\/acheter-montre\\\/rolex-explorer-i-ref-1016-mat-dial-rare-last-serie-serial-l-from-1989\\\/\",\"url\":\"https:\\\/\\\/www.parisheure.com\\\/acheter-montre\\\/rolex-explorer-i-ref-1016-mat-dial-rare-last-serie-serial-l-from-1989\\\/\",\"name\":\"ROLEX EXPLORER I REF 1016 MAT DIAL RARE LAST SERIE SERIAL L from 1989 &#8226; PARIS HEURE\",\"isPartOf\":{\"@id\":\"https:\\\/\\\/www.parisheure.com\\\/#website\"},\"primaryImageOfPage\":{\"@id\":\"https:\\\/\\\/www.parisheure.com\\\/acheter-montre\\\/rolex-explorer-i-ref-1016-mat-dial-rare-last-serie-serial-l-from-1989\\\/#primaryimage\"},\"image\":{\"@id\":\"https:\\\/\\\/www.parisheure.com\\\/acheter-montre\\\/rolex-explorer-i-ref-1016-mat-dial-rare-last-serie-serial-l-from-1989\\\/#primaryimage\"},\"thumbnailUrl\":\"https:\\\/\\\/www.parisheure.com\\\/wp-content\\\/uploads\\\/2024\\\/04\\\/ROLEX-EXPLORER-I-REF-1016-MAT-DIAL-LAST-SERIE-N\u00b0L793XXX-_0020_Calque-2-scaled.jpg\",\"datePublished\":\"2024-04-22T14:23:21+00:00\",\"dateModified\":\"2024-10-22T14:41:01+00:00\",\"description\":\"Marque:\u00a0\u00a0 ROLEX Mod\u00e8le:\u00a0EXPLORER I R\u00e9f\u00e9rence:\u00a01016 Ann\u00e9e:\u00a01989 Serial :\u00a0L79XXXX Lunette\u00a0: Belle lunette acier en parfait \u00e9tat Boite:\u00a0Tr\u00e8s beau boitier \u00e0 peine polie, encore tr\u00e8s \u00e9pais et avec des angles parfaits car le boitier de la 1016 \u00e9tait assez fin pour une montre professionnelle. Lunette en \u00e9tat parfait. Pas de chocs visibles importants. Mouvement\u00a0: Automatique cal 1570 Cadran:\u00a0Beau cadran noir mat d\u2019origine parfait avec des beaux indexes tritium. Pas de rayures ou taches sur le cadran aiguilles matchant bien la patine des indexs. Diam\u00e8tre\u00a0: 36 MM Bracelet:\u00a0Acier oyster ref 78360 endlink 501B clasp code N9. Accessoires\u00a0: Aucuns.\",\"breadcrumb\":{\"@id\":\"https:\\\/\\\/www.parisheure.com\\\/acheter-montre\\\/rolex-explorer-i-ref-1016-mat-dial-rare-last-serie-serial-l-from-1989\\\/#breadcrumb\"},\"inLanguage\":\"en-US\",\"potentialAction\":[{\"@type\":\"ReadAction\",\"target\":[\"https:\\\/\\\/www.parisheure.com\\\/acheter-montre\\\/rolex-explorer-i-ref-1016-mat-dial-rare-last-serie-serial-l-from-1989\\\/\"]}]},{\"@type\":\"ImageObject\",\"inLanguage\":\"en-US\",\"@id\":\"https:\\\/\\\/www.parisheure.com\\\/acheter-montre\\\/rolex-explorer-i-ref-1016-mat-dial-rare-last-serie-serial-l-from-1989\\\/#primaryimage\",\"url\":\"https:\\\/\\\/www.parisheure.com\\\/wp-content\\\/uploads\\\/2024\\\/04\\\/ROLEX-EXPLORER-I-REF-1016-MAT-DIAL-LAST-SERIE-N\u00b0L793XXX-_0020_Calque-2-scaled.jpg\",\"contentUrl\":\"https:\\\/\\\/www.parisheure.com\\\/wp-content\\\/uploads\\\/2024\\\/04\\\/ROLEX-EXPLORER-I-REF-1016-MAT-DIAL-LAST-SERIE-N\u00b0L793XXX-_0020_Calque-2-scaled.jpg\",\"width\":2560,\"height\":2560},{\"@type\":\"BreadcrumbList\",\"@id\":\"https:\\\/\\\/www.parisheure.com\\\/acheter-montre\\\/rolex-explorer-i-ref-1016-mat-dial-rare-last-serie-serial-l-from-1989\\\/#breadcrumb\",\"itemListElement\":[{\"@type\":\"ListItem\",\"position\":1,\"name\":\"Accueil\",\"item\":\"https:\\\/\\\/www.parisheure.com\\\/\"},{\"@type\":\"ListItem\",\"position\":2,\"name\":\"WATCHES\",\"item\":\"https:\\\/\\\/www.parisheure.com\\\/\"},{\"@type\":\"ListItem\",\"position\":3,\"name\":\"ROLEX EXPLORER I REF 1016 MAT DIAL RARE LAST SERIE SERIAL L from 1989\"}]},{\"@type\":\"WebSite\",\"@id\":\"https:\\\/\\\/www.parisheure.com\\\/#website\",\"url\":\"https:\\\/\\\/www.parisheure.com\\\/\",\"name\":\"PARIS HEURE\",\"description\":\"Vintage watches Paris\",\"publisher\":{\"@id\":\"https:\\\/\\\/www.parisheure.com\\\/#organization\"},\"potentialAction\":[{\"@type\":\"SearchAction\",\"target\":{\"@type\":\"EntryPoint\",\"urlTemplate\":\"https:\\\/\\\/www.parisheure.com\\\/?s={search_term_string}\"},\"query-input\":{\"@type\":\"PropertyValueSpecification\",\"valueRequired\":true,\"valueName\":\"search_term_string\"}}],\"inLanguage\":\"en-US\"},{\"@type\":\"Organization\",\"@id\":\"https:\\\/\\\/www.parisheure.com\\\/#organization\",\"name\":\"PARIS HEURE\",\"url\":\"https:\\\/\\\/www.parisheure.com\\\/\",\"logo\":{\"@type\":\"ImageObject\",\"inLanguage\":\"en-US\",\"@id\":\"https:\\\/\\\/www.parisheure.com\\\/#\\\/schema\\\/logo\\\/image\\\/\",\"url\":\"https:\\\/\\\/www.parisheure.com\\\/wp-content\\\/uploads\\\/2021\\\/07\\\/cropped-logo-paris-heure.png\",\"contentUrl\":\"https:\\\/\\\/www.parisheure.com\\\/wp-content\\\/uploads\\\/2021\\\/07\\\/cropped-logo-paris-heure.png\",\"width\":512,\"height\":512,\"caption\":\"PARIS HEURE\"},\"image\":{\"@id\":\"https:\\\/\\\/www.parisheure.com\\\/#\\\/schema\\\/logo\\\/image\\\/\"},\"sameAs\":[\"https:\\\/\\\/www.facebook.com\\\/ParisHeure\",\"https:\\\/\\\/www.instagram.com\\\/parisheure\\\/\"]}]}<\/script>\n<!-- \/ Yoast SEO plugin. -->","yoast_head_json":{"title":"ROLEX EXPLORER I REF 1016 MAT DIAL RARE LAST SERIE SERIAL L from 1989 \u2022 PARIS HEURE","description":"Marque:\u00a0\u00a0 ROLEX  Mod\u00e8le:\u00a0EXPLORER I  R\u00e9f\u00e9rence:\u00a01016  Ann\u00e9e:\u00a01989  Serial :\u00a0L79XXXX  Lunette\u00a0: Belle lunette acier en parfait \u00e9tat  Boite:\u00a0Tr\u00e8s beau boitier \u00e0 peine polie, encore tr\u00e8s \u00e9pais et avec des angles parfaits car le boitier de la 1016 \u00e9tait assez fin pour une montre professionnelle. Lunette en \u00e9tat parfait. Pas de chocs visibles importants.  Mouvement\u00a0: Automatique cal 1570  Cadran:\u00a0Beau cadran noir mat d\u2019origine parfait avec des beaux indexes tritium. Pas de rayures ou taches sur le cadran aiguilles matchant bien la patine des indexs.  Diam\u00e8tre\u00a0: 36 MM  Bracelet:\u00a0Acier oyster ref 78360 endlink 501B clasp code N9.  Accessoires\u00a0: Aucuns.","robots":{"index":"index","follow":"follow","max-snippet":"max-snippet:-1","max-image-preview":"max-image-preview:large","max-video-preview":"max-video-preview:-1"},"canonical":"https:\/\/www.parisheure.com\/en\/buy-watch\/rolex-explorer-i-ref-1016-mat-dial-rare-last-serie-serial-l-from-1989\/","og_locale":"en_US","og_type":"article","og_title":"ROLEX EXPLORER I REF 1016 MAT DIAL RARE LAST SERIE SERIAL L from 1989 &#8226; PARIS HEURE","og_description":"Marque:\u00a0\u00a0 ROLEX  Mod\u00e8le:\u00a0EXPLORER I  R\u00e9f\u00e9rence:\u00a01016  Ann\u00e9e:\u00a01989  Serial :\u00a0L79XXXX  Lunette\u00a0: Belle lunette acier en parfait \u00e9tat  Boite:\u00a0Tr\u00e8s beau boitier \u00e0 peine polie, encore tr\u00e8s \u00e9pais et avec des angles parfaits car le boitier de la 1016 \u00e9tait assez fin pour une montre professionnelle. Lunette en \u00e9tat parfait. Pas de chocs visibles importants.  Mouvement\u00a0: Automatique cal 1570  Cadran:\u00a0Beau cadran noir mat d\u2019origine parfait avec des beaux indexes tritium. Pas de rayures ou taches sur le cadran aiguilles matchant bien la patine des indexs.  Diam\u00e8tre\u00a0: 36 MM  Bracelet:\u00a0Acier oyster ref 78360 endlink 501B clasp code N9.  Accessoires\u00a0: Aucuns.","og_url":"https:\/\/www.parisheure.com\/en\/buy-watch\/rolex-explorer-i-ref-1016-mat-dial-rare-last-serie-serial-l-from-1989\/","og_site_name":"PARIS HEURE","article_publisher":"https:\/\/www.facebook.com\/ParisHeure","article_modified_time":"2024-10-22T14:41:01+00:00","og_image":[{"width":2560,"height":2560,"url":"https:\/\/www.parisheure.com\/wp-content\/uploads\/2024\/04\/ROLEX-EXPLORER-I-REF-1016-MAT-DIAL-LAST-SERIE-N\u00b0L793XXX-_0020_Calque-2-scaled.jpg","type":"image\/jpeg"}],"twitter_card":"summary_large_image","schema":{"@context":"https:\/\/schema.org","@graph":[{"@type":"WebPage","@id":"https:\/\/www.parisheure.com\/acheter-montre\/rolex-explorer-i-ref-1016-mat-dial-rare-last-serie-serial-l-from-1989\/","url":"https:\/\/www.parisheure.com\/acheter-montre\/rolex-explorer-i-ref-1016-mat-dial-rare-last-serie-serial-l-from-1989\/","name":"ROLEX EXPLORER I REF 1016 MAT DIAL RARE LAST SERIE SERIAL L from 1989 \u2022 PARIS HEURE","isPartOf":{"@id":"https:\/\/www.parisheure.com\/#website"},"primaryImageOfPage":{"@id":"https:\/\/www.parisheure.com\/acheter-montre\/rolex-explorer-i-ref-1016-mat-dial-rare-last-serie-serial-l-from-1989\/#primaryimage"},"image":{"@id":"https:\/\/www.parisheure.com\/acheter-montre\/rolex-explorer-i-ref-1016-mat-dial-rare-last-serie-serial-l-from-1989\/#primaryimage"},"thumbnailUrl":"https:\/\/www.parisheure.com\/wp-content\/uploads\/2024\/04\/ROLEX-EXPLORER-I-REF-1016-MAT-DIAL-LAST-SERIE-N\u00b0L793XXX-_0020_Calque-2-scaled.jpg","datePublished":"2024-04-22T14:23:21+00:00","dateModified":"2024-10-22T14:41:01+00:00","description":"Marque:\u00a0\u00a0 ROLEX Mod\u00e8le:\u00a0EXPLORER I R\u00e9f\u00e9rence:\u00a01016 Ann\u00e9e:\u00a01989 Serial :\u00a0L79XXXX Lunette\u00a0: Belle lunette acier en parfait \u00e9tat Boite:\u00a0Tr\u00e8s beau boitier \u00e0 peine polie, encore tr\u00e8s \u00e9pais et avec des angles parfaits car le boitier de la 1016 \u00e9tait assez fin pour une montre professionnelle. Lunette en \u00e9tat parfait. Pas de chocs visibles importants. Mouvement\u00a0: Automatique cal 1570 Cadran:\u00a0Beau cadran noir mat d\u2019origine parfait avec des beaux indexes tritium. Pas de rayures ou taches sur le cadran aiguilles matchant bien la patine des indexs. Diam\u00e8tre\u00a0: 36 MM Bracelet:\u00a0Acier oyster ref 78360 endlink 501B clasp code N9. Accessoires\u00a0: Aucuns.","breadcrumb":{"@id":"https:\/\/www.parisheure.com\/acheter-montre\/rolex-explorer-i-ref-1016-mat-dial-rare-last-serie-serial-l-from-1989\/#breadcrumb"},"inLanguage":"en-US","potentialAction":[{"@type":"ReadAction","target":["https:\/\/www.parisheure.com\/acheter-montre\/rolex-explorer-i-ref-1016-mat-dial-rare-last-serie-serial-l-from-1989\/"]}]},{"@type":"ImageObject","inLanguage":"en-US","@id":"https:\/\/www.parisheure.com\/acheter-montre\/rolex-explorer-i-ref-1016-mat-dial-rare-last-serie-serial-l-from-1989\/#primaryimage","url":"https:\/\/www.parisheure.com\/wp-content\/uploads\/2024\/04\/ROLEX-EXPLORER-I-REF-1016-MAT-DIAL-LAST-SERIE-N\u00b0L793XXX-_0020_Calque-2-scaled.jpg","contentUrl":"https:\/\/www.parisheure.com\/wp-content\/uploads\/2024\/04\/ROLEX-EXPLORER-I-REF-1016-MAT-DIAL-LAST-SERIE-N\u00b0L793XXX-_0020_Calque-2-scaled.jpg","width":2560,"height":2560},{"@type":"BreadcrumbList","@id":"https:\/\/www.parisheure.com\/acheter-montre\/rolex-explorer-i-ref-1016-mat-dial-rare-last-serie-serial-l-from-1989\/#breadcrumb","itemListElement":[{"@type":"ListItem","position":1,"name":"Accueil","item":"https:\/\/www.parisheure.com\/"},{"@type":"ListItem","position":2,"name":"WATCHES","item":"https:\/\/www.parisheure.com\/"},{"@type":"ListItem","position":3,"name":"ROLEX EXPLORER I REF 1016 MAT DIAL RARE LAST SERIE SERIAL L from 1989"}]},{"@type":"WebSite","@id":"https:\/\/www.parisheure.com\/#website","url":"https:\/\/www.parisheure.com\/","name":"PARIS HEURE","description":"Vintage watches Paris","publisher":{"@id":"https:\/\/www.parisheure.com\/#organization"},"potentialAction":[{"@type":"SearchAction","target":{"@type":"EntryPoint","urlTemplate":"https:\/\/www.parisheure.com\/?s={search_term_string}"},"query-input":{"@type":"PropertyValueSpecification","valueRequired":true,"valueName":"search_term_string"}}],"inLanguage":"en-US"},{"@type":"Organization","@id":"https:\/\/www.parisheure.com\/#organization","name":"PARIS HEURE","url":"https:\/\/www.parisheure.com\/","logo":{"@type":"ImageObject","inLanguage":"en-US","@id":"https:\/\/www.parisheure.com\/#\/schema\/logo\/image\/","url":"https:\/\/www.parisheure.com\/wp-content\/uploads\/2021\/07\/cropped-logo-paris-heure.png","contentUrl":"https:\/\/www.parisheure.com\/wp-content\/uploads\/2021\/07\/cropped-logo-paris-heure.png","width":512,"height":512,"caption":"PARIS HEURE"},"image":{"@id":"https:\/\/www.parisheure.com\/#\/schema\/logo\/image\/"},"sameAs":["https:\/\/www.facebook.com\/ParisHeure","https:\/\/www.instagram.com\/parisheure\/"]}]}},"jetpack_sharing_enabled":true,"brands":[{"id":432,"name":"Rolex","slug":"rolex"}],"_links":{"self":[{"href":"https:\/\/www.parisheure.com\/en\/wp-json\/wp\/v2\/product\/13774","targetHints":{"allow":["GET"]}}],"collection":[{"href":"https:\/\/www.parisheure.com\/en\/wp-json\/wp\/v2\/product"}],"about":[{"href":"https:\/\/www.parisheure.com\/en\/wp-json\/wp\/v2\/types\/product"}],"version-history":[{"count":1,"href":"https:\/\/www.parisheure.com\/en\/wp-json\/wp\/v2\/product\/13774\/revisions"}],"predecessor-version":[{"id":13830,"href":"https:\/\/www.parisheure.com\/en\/wp-json\/wp\/v2\/product\/13774\/revisions\/13830"}],"wp:featuredmedia":[{"embeddable":true,"href":"https:\/\/www.parisheure.com\/en\/wp-json\/wp\/v2\/media\/13637"}],"wp:attachment":[{"href":"https:\/\/www.parisheure.com\/en\/wp-json\/wp\/v2\/media?parent=13774"}],"wp:term":[{"taxonomy":"pwb-brand","embeddable":true,"href":"https:\/\/www.parisheure.com\/en\/wp-json\/wp\/v2\/pwb-brand?post=13774"},{"taxonomy":"product_brand","embeddable":true,"href":"https:\/\/www.parisheure.com\/en\/wp-json\/wp\/v2\/product_brand?post=13774"},{"taxonomy":"product_cat","embeddable":true,"href":"https:\/\/www.parisheure.com\/en\/wp-json\/wp\/v2\/product_cat?post=13774"},{"taxonomy":"product_tag","embeddable":true,"href":"https:\/\/www.parisheure.com\/en\/wp-json\/wp\/v2\/product_tag?post=13774"}],"curies":[{"name":"wp","href":"https:\/\/api.w.org\/{rel}","templated":true}]}}