{"id":14503,"date":"2024-12-05T15:14:54","date_gmt":"2024-12-05T14:14:54","guid":{"rendered":"https:\/\/www.parisheure.com\/?post_type=product&#038;p=14503"},"modified":"2026-01-16T14:16:28","modified_gmt":"2026-01-16T13:16:28","slug":"rolex-explorer-ii-ref-1655-mk1-straight-end-from-1972-stock-paris-heure","status":"publish","type":"product","link":"https:\/\/www.parisheure.com\/en\/buy-watch\/rolex-explorer-ii-ref-1655-mk1-straight-end-from-1972-stock-paris-heure\/","title":{"rendered":"Rolex explorer II ref 1655 mk1 straight end from 1972 ( Stock paris heure )"},"content":{"rendered":"<p><strong>Our opinion: <\/strong>A model apart from the Rolex collection with this watch designed for speleologists. Hence its 24-hour bezel which is not directional in order to indicate to cavers whether it was 8 a.m. or 8 p.m. in an ultra-dark cave for example. Same movement base as the GMT Master I with the particularity of this large orange luminescent tritium hand indicating the time in 24 hours. A legendary watch rarely produced and more here in its very first version mk1 dial, yellow freccione hand and ultra rare straight hand. THE very first 1655 ever produced, making it a historic model in the large-scale professional vintage Rolex collection that will find its place in any serious collection.<\/p>","protected":false},"excerpt":{"rendered":"<p><strong>Brand :\u00a0\u00a0 <\/strong>ROLEX<\/p>\n<p><strong>Model:\u00a0<\/strong>EXPLORER II<\/p>\n<p><strong>Reference :\u00a0<\/strong>1655<\/p>\n<p><strong>Year:\u00a0<\/strong>1972<\/p>\n<p><strong>Serial :<\/strong> 336XXXX<\/p>\n<p><strong>Diameter\u00a0: <\/strong>39 MM<\/p>\n<p><strong>Movement\u00a0:<\/strong> Automatic cal Rolex 1570<\/p>\n<p><strong>Case:\u00a0<\/strong>Very beautiful, lightly polished and very thick case with perfect angles, no shocks or significant scratches. The proportions are well preserved. Excellent condition of the case, still very thick and not very polished.<\/p>\n<p><strong>Dial:\u00a0<\/strong>Beautiful perfect original black dial with beautiful well-patinated tritium indexes and its orange \"freccione\" hand matching the first series of watches produced which took on this very particular patina. Ultra rare right hand and mk1 frog foot coronet dial. Perfect match of the patina of the hands and indexes.<\/p>\n<p><strong>Bezel: <\/strong>\u00a0Beautiful bezel in perfect condition and little polished with the numbers still well printed.<\/p>\n<p><strong>Bracelet:<\/strong> : Folded steel 7936 a little relaxed endlink 380 and clasp code 72<\/p>\n<p><strong>Accessories: <\/strong>\u00a0None<\/p>","protected":false},"featured_media":14504,"template":"","meta":[],"pwb-brand":[432],"product_brand":[],"product_cat":[107,367,90,245],"product_tag":[283,223,150,127,300,447],"class_list":{"0":"post-14503","1":"product","2":"type-product","3":"status-publish","4":"has-post-thumbnail","6":"pwb-brand-rolex","7":"product_cat-archives","8":"product_cat-montres-paris-heure","9":"product_cat-rolex","10":"product_cat-rolex-explorer","11":"product_tag-283","12":"product_tag-223","13":"product_tag-mk1","14":"product_tag-rolex","15":"product_tag-straight-hand","16":"product_tag-thin-case","18":"first","19":"outofstock","20":"shipping-taxable","21":"product-type-simple"},"yoast_head":"<!-- This site is optimized with the Yoast SEO plugin v27.5 - https:\/\/yoast.com\/product\/yoast-seo-wordpress\/ -->\n<title>Rolex explorer II ref 1655 mk1 straight end from 1972 &#8226; PARIS HEURE<\/title>\n<meta name=\"description\" content=\"Marque :\u00a0\u00a0 ROLEX  Mod\u00e8le :\u00a0EXPLORER II  R\u00e9f\u00e9rence :\u00a01655  Ann\u00e9e :\u00a01972  Serial : 336XXXX  Diam\u00e8tre\u00a0: 39 MM  Mouvement\u00a0: Automatique cal Rolex 1570  Boite :\u00a0Tr\u00e8s beau boitier peu polie et bien \u00e9pais et avec des angles parfaits, aucun choc ni rayures importantes. Les proportions sont bien conserv\u00e9es. Excellent \u00e9tat de conservation du boitier encore tr\u00e8s \u00e9pais et peu polie.  Cadran :\u00a0Beau cadran noir d\u2019origine parfait avec des beaux indexes tritium bien patin\u00e9e et son aiguille orange \u00ab\u00a0freccione\u00a0\u00bb matchant les premi\u00e8res s\u00e9ries de montres produites qui prenait cette patine si particuli\u00e8re. Aiguille droite ultra rare et cadran mk1 frog foot coronet. Parfaite concordance de la patine des aiguilles et indexs.  Lunette\u00a0: \u00a0Belle lunette\u00a0 en parfait \u00e9tat et peu polie avec les chiffres encore bien imprim\u00e9s.  Bracelet :\u00a0Acier pli\u00e9 7936 un peu d\u00e9tendue endlink 380 et clasp code 72  Accessoires\u00a0: \u00a0Aucuns\" \/>\n<meta name=\"robots\" content=\"index, follow, max-snippet:-1, max-image-preview:large, max-video-preview:-1\" \/>\n<link rel=\"canonical\" href=\"https:\/\/www.parisheure.com\/en\/buy-watch\/rolex-explorer-ii-ref-1655-mk1-straight-end-from-1972-stock-paris-heure\/\" \/>\n<meta property=\"og:locale\" content=\"en_US\" \/>\n<meta property=\"og:type\" content=\"article\" \/>\n<meta property=\"og:title\" content=\"Rolex explorer II ref 1655 mk1 straight end from 1972 &#8226; PARIS HEURE\" \/>\n<meta property=\"og:description\" content=\"Marque :\u00a0\u00a0 ROLEX  Mod\u00e8le :\u00a0EXPLORER II  R\u00e9f\u00e9rence :\u00a01655  Ann\u00e9e :\u00a01972  Serial : 336XXXX  Diam\u00e8tre\u00a0: 39 MM  Mouvement\u00a0: Automatique cal Rolex 1570  Boite :\u00a0Tr\u00e8s beau boitier peu polie et bien \u00e9pais et avec des angles parfaits, aucun choc ni rayures importantes. Les proportions sont bien conserv\u00e9es. Excellent \u00e9tat de conservation du boitier encore tr\u00e8s \u00e9pais et peu polie.  Cadran :\u00a0Beau cadran noir d\u2019origine parfait avec des beaux indexes tritium bien patin\u00e9e et son aiguille orange \u00ab\u00a0freccione\u00a0\u00bb matchant les premi\u00e8res s\u00e9ries de montres produites qui prenait cette patine si particuli\u00e8re. Aiguille droite ultra rare et cadran mk1 frog foot coronet. Parfaite concordance de la patine des aiguilles et indexs.  Lunette\u00a0: \u00a0Belle lunette\u00a0 en parfait \u00e9tat et peu polie avec les chiffres encore bien imprim\u00e9s.  Bracelet :\u00a0Acier pli\u00e9 7936 un peu d\u00e9tendue endlink 380 et clasp code 72  Accessoires\u00a0: \u00a0Aucuns\" \/>\n<meta property=\"og:url\" content=\"https:\/\/www.parisheure.com\/en\/buy-watch\/rolex-explorer-ii-ref-1655-mk1-straight-end-from-1972-stock-paris-heure\/\" \/>\n<meta property=\"og:site_name\" content=\"PARIS HEURE\" \/>\n<meta property=\"article:publisher\" content=\"https:\/\/www.facebook.com\/ParisHeure\" \/>\n<meta property=\"article:modified_time\" content=\"2026-01-16T13:16:28+00:00\" \/>\n<meta property=\"og:image\" content=\"https:\/\/www.parisheure.com\/wp-content\/uploads\/2024\/12\/ROLEX-EXPLORER-II-REF-1655-FRECCIONE-MK1-STRAIGHT-HANDS-FROM-1972-N\u00b0336XXXX-_0024_Calque-2-scaled.jpg\" \/>\n\t<meta property=\"og:image:width\" content=\"2560\" \/>\n\t<meta property=\"og:image:height\" content=\"2560\" \/>\n\t<meta property=\"og:image:type\" content=\"image\/jpeg\" \/>\n<meta name=\"twitter:card\" content=\"summary_large_image\" \/>\n<script type=\"application\/ld+json\" class=\"yoast-schema-graph\">{\"@context\":\"https:\\\/\\\/schema.org\",\"@graph\":[{\"@type\":\"WebPage\",\"@id\":\"https:\\\/\\\/www.parisheure.com\\\/acheter-montre\\\/rolex-explorer-ii-ref-1655-mk1-straight-end-from-1972-stock-paris-heure\\\/\",\"url\":\"https:\\\/\\\/www.parisheure.com\\\/acheter-montre\\\/rolex-explorer-ii-ref-1655-mk1-straight-end-from-1972-stock-paris-heure\\\/\",\"name\":\"Rolex explorer II ref 1655 mk1 straight end from 1972 &#8226; PARIS HEURE\",\"isPartOf\":{\"@id\":\"https:\\\/\\\/www.parisheure.com\\\/#website\"},\"primaryImageOfPage\":{\"@id\":\"https:\\\/\\\/www.parisheure.com\\\/acheter-montre\\\/rolex-explorer-ii-ref-1655-mk1-straight-end-from-1972-stock-paris-heure\\\/#primaryimage\"},\"image\":{\"@id\":\"https:\\\/\\\/www.parisheure.com\\\/acheter-montre\\\/rolex-explorer-ii-ref-1655-mk1-straight-end-from-1972-stock-paris-heure\\\/#primaryimage\"},\"thumbnailUrl\":\"https:\\\/\\\/www.parisheure.com\\\/wp-content\\\/uploads\\\/2024\\\/12\\\/ROLEX-EXPLORER-II-REF-1655-FRECCIONE-MK1-STRAIGHT-HANDS-FROM-1972-N\u00b0336XXXX-_0024_Calque-2-scaled.jpg\",\"datePublished\":\"2024-12-05T14:14:54+00:00\",\"dateModified\":\"2026-01-16T13:16:28+00:00\",\"description\":\"Marque :\u00a0\u00a0 ROLEX Mod\u00e8le :\u00a0EXPLORER II R\u00e9f\u00e9rence :\u00a01655 Ann\u00e9e :\u00a01972 Serial : 336XXXX Diam\u00e8tre\u00a0: 39 MM Mouvement\u00a0: Automatique cal Rolex 1570 Boite :\u00a0Tr\u00e8s beau boitier peu polie et bien \u00e9pais et avec des angles parfaits, aucun choc ni rayures importantes. Les proportions sont bien conserv\u00e9es. Excellent \u00e9tat de conservation du boitier encore tr\u00e8s \u00e9pais et peu polie. Cadran :\u00a0Beau cadran noir d\u2019origine parfait avec des beaux indexes tritium bien patin\u00e9e et son aiguille orange \u00ab\u00a0freccione\u00a0\u00bb matchant les premi\u00e8res s\u00e9ries de montres produites qui prenait cette patine si particuli\u00e8re. Aiguille droite ultra rare et cadran mk1 frog foot coronet. Parfaite concordance de la patine des aiguilles et indexs. Lunette\u00a0: \u00a0Belle lunette\u00a0 en parfait \u00e9tat et peu polie avec les chiffres encore bien imprim\u00e9s. Bracelet :\u00a0Acier pli\u00e9 7936 un peu d\u00e9tendue endlink 380 et clasp code 72 Accessoires\u00a0: \u00a0Aucuns\",\"breadcrumb\":{\"@id\":\"https:\\\/\\\/www.parisheure.com\\\/acheter-montre\\\/rolex-explorer-ii-ref-1655-mk1-straight-end-from-1972-stock-paris-heure\\\/#breadcrumb\"},\"inLanguage\":\"en-US\",\"potentialAction\":[{\"@type\":\"ReadAction\",\"target\":[\"https:\\\/\\\/www.parisheure.com\\\/acheter-montre\\\/rolex-explorer-ii-ref-1655-mk1-straight-end-from-1972-stock-paris-heure\\\/\"]}]},{\"@type\":\"ImageObject\",\"inLanguage\":\"en-US\",\"@id\":\"https:\\\/\\\/www.parisheure.com\\\/acheter-montre\\\/rolex-explorer-ii-ref-1655-mk1-straight-end-from-1972-stock-paris-heure\\\/#primaryimage\",\"url\":\"https:\\\/\\\/www.parisheure.com\\\/wp-content\\\/uploads\\\/2024\\\/12\\\/ROLEX-EXPLORER-II-REF-1655-FRECCIONE-MK1-STRAIGHT-HANDS-FROM-1972-N\u00b0336XXXX-_0024_Calque-2-scaled.jpg\",\"contentUrl\":\"https:\\\/\\\/www.parisheure.com\\\/wp-content\\\/uploads\\\/2024\\\/12\\\/ROLEX-EXPLORER-II-REF-1655-FRECCIONE-MK1-STRAIGHT-HANDS-FROM-1972-N\u00b0336XXXX-_0024_Calque-2-scaled.jpg\",\"width\":2560,\"height\":2560},{\"@type\":\"BreadcrumbList\",\"@id\":\"https:\\\/\\\/www.parisheure.com\\\/acheter-montre\\\/rolex-explorer-ii-ref-1655-mk1-straight-end-from-1972-stock-paris-heure\\\/#breadcrumb\",\"itemListElement\":[{\"@type\":\"ListItem\",\"position\":1,\"name\":\"Accueil\",\"item\":\"https:\\\/\\\/www.parisheure.com\\\/\"},{\"@type\":\"ListItem\",\"position\":2,\"name\":\"WATCHES\",\"item\":\"https:\\\/\\\/www.parisheure.com\\\/\"},{\"@type\":\"ListItem\",\"position\":3,\"name\":\"Rolex explorer II ref 1655 mk1 straight end from 1972 ( Stock paris heure )\"}]},{\"@type\":\"WebSite\",\"@id\":\"https:\\\/\\\/www.parisheure.com\\\/#website\",\"url\":\"https:\\\/\\\/www.parisheure.com\\\/\",\"name\":\"PARIS HEURE\",\"description\":\"Vintage watches Paris\",\"publisher\":{\"@id\":\"https:\\\/\\\/www.parisheure.com\\\/#organization\"},\"potentialAction\":[{\"@type\":\"SearchAction\",\"target\":{\"@type\":\"EntryPoint\",\"urlTemplate\":\"https:\\\/\\\/www.parisheure.com\\\/?s={search_term_string}\"},\"query-input\":{\"@type\":\"PropertyValueSpecification\",\"valueRequired\":true,\"valueName\":\"search_term_string\"}}],\"inLanguage\":\"en-US\"},{\"@type\":\"Organization\",\"@id\":\"https:\\\/\\\/www.parisheure.com\\\/#organization\",\"name\":\"PARIS HEURE\",\"url\":\"https:\\\/\\\/www.parisheure.com\\\/\",\"logo\":{\"@type\":\"ImageObject\",\"inLanguage\":\"en-US\",\"@id\":\"https:\\\/\\\/www.parisheure.com\\\/#\\\/schema\\\/logo\\\/image\\\/\",\"url\":\"https:\\\/\\\/www.parisheure.com\\\/wp-content\\\/uploads\\\/2021\\\/07\\\/cropped-logo-paris-heure.png\",\"contentUrl\":\"https:\\\/\\\/www.parisheure.com\\\/wp-content\\\/uploads\\\/2021\\\/07\\\/cropped-logo-paris-heure.png\",\"width\":512,\"height\":512,\"caption\":\"PARIS HEURE\"},\"image\":{\"@id\":\"https:\\\/\\\/www.parisheure.com\\\/#\\\/schema\\\/logo\\\/image\\\/\"},\"sameAs\":[\"https:\\\/\\\/www.facebook.com\\\/ParisHeure\",\"https:\\\/\\\/www.instagram.com\\\/parisheure\\\/\"]}]}<\/script>\n<!-- \/ Yoast SEO plugin. -->","yoast_head_json":{"title":"Rolex explorer II ref 1655 mk1 straight end from 1972 &#8226; PARIS HEURE","description":"Marque :\u00a0\u00a0 ROLEX  Mod\u00e8le :\u00a0EXPLORER II  R\u00e9f\u00e9rence :\u00a01655  Ann\u00e9e :\u00a01972  Serial : 336XXXX  Diam\u00e8tre\u00a0: 39 MM  Mouvement\u00a0: Automatique cal Rolex 1570  Boite :\u00a0Tr\u00e8s beau boitier peu polie et bien \u00e9pais et avec des angles parfaits, aucun choc ni rayures importantes. Les proportions sont bien conserv\u00e9es. Excellent \u00e9tat de conservation du boitier encore tr\u00e8s \u00e9pais et peu polie.  Cadran :\u00a0Beau cadran noir d\u2019origine parfait avec des beaux indexes tritium bien patin\u00e9e et son aiguille orange \u00ab\u00a0freccione\u00a0\u00bb matchant les premi\u00e8res s\u00e9ries de montres produites qui prenait cette patine si particuli\u00e8re. Aiguille droite ultra rare et cadran mk1 frog foot coronet. Parfaite concordance de la patine des aiguilles et indexs.  Lunette\u00a0: \u00a0Belle lunette\u00a0 en parfait \u00e9tat et peu polie avec les chiffres encore bien imprim\u00e9s.  Bracelet :\u00a0Acier pli\u00e9 7936 un peu d\u00e9tendue endlink 380 et clasp code 72  Accessoires\u00a0: \u00a0Aucuns","robots":{"index":"index","follow":"follow","max-snippet":"max-snippet:-1","max-image-preview":"max-image-preview:large","max-video-preview":"max-video-preview:-1"},"canonical":"https:\/\/www.parisheure.com\/en\/buy-watch\/rolex-explorer-ii-ref-1655-mk1-straight-end-from-1972-stock-paris-heure\/","og_locale":"en_US","og_type":"article","og_title":"Rolex explorer II ref 1655 mk1 straight end from 1972 &#8226; PARIS HEURE","og_description":"Marque :\u00a0\u00a0 ROLEX  Mod\u00e8le :\u00a0EXPLORER II  R\u00e9f\u00e9rence :\u00a01655  Ann\u00e9e :\u00a01972  Serial : 336XXXX  Diam\u00e8tre\u00a0: 39 MM  Mouvement\u00a0: Automatique cal Rolex 1570  Boite :\u00a0Tr\u00e8s beau boitier peu polie et bien \u00e9pais et avec des angles parfaits, aucun choc ni rayures importantes. Les proportions sont bien conserv\u00e9es. Excellent \u00e9tat de conservation du boitier encore tr\u00e8s \u00e9pais et peu polie.  Cadran :\u00a0Beau cadran noir d\u2019origine parfait avec des beaux indexes tritium bien patin\u00e9e et son aiguille orange \u00ab\u00a0freccione\u00a0\u00bb matchant les premi\u00e8res s\u00e9ries de montres produites qui prenait cette patine si particuli\u00e8re. Aiguille droite ultra rare et cadran mk1 frog foot coronet. Parfaite concordance de la patine des aiguilles et indexs.  Lunette\u00a0: \u00a0Belle lunette\u00a0 en parfait \u00e9tat et peu polie avec les chiffres encore bien imprim\u00e9s.  Bracelet :\u00a0Acier pli\u00e9 7936 un peu d\u00e9tendue endlink 380 et clasp code 72  Accessoires\u00a0: \u00a0Aucuns","og_url":"https:\/\/www.parisheure.com\/en\/buy-watch\/rolex-explorer-ii-ref-1655-mk1-straight-end-from-1972-stock-paris-heure\/","og_site_name":"PARIS HEURE","article_publisher":"https:\/\/www.facebook.com\/ParisHeure","article_modified_time":"2026-01-16T13:16:28+00:00","og_image":[{"width":2560,"height":2560,"url":"https:\/\/www.parisheure.com\/wp-content\/uploads\/2024\/12\/ROLEX-EXPLORER-II-REF-1655-FRECCIONE-MK1-STRAIGHT-HANDS-FROM-1972-N\u00b0336XXXX-_0024_Calque-2-scaled.jpg","type":"image\/jpeg"}],"twitter_card":"summary_large_image","schema":{"@context":"https:\/\/schema.org","@graph":[{"@type":"WebPage","@id":"https:\/\/www.parisheure.com\/acheter-montre\/rolex-explorer-ii-ref-1655-mk1-straight-end-from-1972-stock-paris-heure\/","url":"https:\/\/www.parisheure.com\/acheter-montre\/rolex-explorer-ii-ref-1655-mk1-straight-end-from-1972-stock-paris-heure\/","name":"Rolex explorer II ref 1655 mk1 straight end from 1972 &#8226; PARIS HEURE","isPartOf":{"@id":"https:\/\/www.parisheure.com\/#website"},"primaryImageOfPage":{"@id":"https:\/\/www.parisheure.com\/acheter-montre\/rolex-explorer-ii-ref-1655-mk1-straight-end-from-1972-stock-paris-heure\/#primaryimage"},"image":{"@id":"https:\/\/www.parisheure.com\/acheter-montre\/rolex-explorer-ii-ref-1655-mk1-straight-end-from-1972-stock-paris-heure\/#primaryimage"},"thumbnailUrl":"https:\/\/www.parisheure.com\/wp-content\/uploads\/2024\/12\/ROLEX-EXPLORER-II-REF-1655-FRECCIONE-MK1-STRAIGHT-HANDS-FROM-1972-N\u00b0336XXXX-_0024_Calque-2-scaled.jpg","datePublished":"2024-12-05T14:14:54+00:00","dateModified":"2026-01-16T13:16:28+00:00","description":"Marque :\u00a0\u00a0 ROLEX Mod\u00e8le :\u00a0EXPLORER II R\u00e9f\u00e9rence :\u00a01655 Ann\u00e9e :\u00a01972 Serial : 336XXXX Diam\u00e8tre\u00a0: 39 MM Mouvement\u00a0: Automatique cal Rolex 1570 Boite :\u00a0Tr\u00e8s beau boitier peu polie et bien \u00e9pais et avec des angles parfaits, aucun choc ni rayures importantes. Les proportions sont bien conserv\u00e9es. Excellent \u00e9tat de conservation du boitier encore tr\u00e8s \u00e9pais et peu polie. Cadran :\u00a0Beau cadran noir d\u2019origine parfait avec des beaux indexes tritium bien patin\u00e9e et son aiguille orange \u00ab\u00a0freccione\u00a0\u00bb matchant les premi\u00e8res s\u00e9ries de montres produites qui prenait cette patine si particuli\u00e8re. Aiguille droite ultra rare et cadran mk1 frog foot coronet. Parfaite concordance de la patine des aiguilles et indexs. Lunette\u00a0: \u00a0Belle lunette\u00a0 en parfait \u00e9tat et peu polie avec les chiffres encore bien imprim\u00e9s. Bracelet :\u00a0Acier pli\u00e9 7936 un peu d\u00e9tendue endlink 380 et clasp code 72 Accessoires\u00a0: \u00a0Aucuns","breadcrumb":{"@id":"https:\/\/www.parisheure.com\/acheter-montre\/rolex-explorer-ii-ref-1655-mk1-straight-end-from-1972-stock-paris-heure\/#breadcrumb"},"inLanguage":"en-US","potentialAction":[{"@type":"ReadAction","target":["https:\/\/www.parisheure.com\/acheter-montre\/rolex-explorer-ii-ref-1655-mk1-straight-end-from-1972-stock-paris-heure\/"]}]},{"@type":"ImageObject","inLanguage":"en-US","@id":"https:\/\/www.parisheure.com\/acheter-montre\/rolex-explorer-ii-ref-1655-mk1-straight-end-from-1972-stock-paris-heure\/#primaryimage","url":"https:\/\/www.parisheure.com\/wp-content\/uploads\/2024\/12\/ROLEX-EXPLORER-II-REF-1655-FRECCIONE-MK1-STRAIGHT-HANDS-FROM-1972-N\u00b0336XXXX-_0024_Calque-2-scaled.jpg","contentUrl":"https:\/\/www.parisheure.com\/wp-content\/uploads\/2024\/12\/ROLEX-EXPLORER-II-REF-1655-FRECCIONE-MK1-STRAIGHT-HANDS-FROM-1972-N\u00b0336XXXX-_0024_Calque-2-scaled.jpg","width":2560,"height":2560},{"@type":"BreadcrumbList","@id":"https:\/\/www.parisheure.com\/acheter-montre\/rolex-explorer-ii-ref-1655-mk1-straight-end-from-1972-stock-paris-heure\/#breadcrumb","itemListElement":[{"@type":"ListItem","position":1,"name":"Accueil","item":"https:\/\/www.parisheure.com\/"},{"@type":"ListItem","position":2,"name":"WATCHES","item":"https:\/\/www.parisheure.com\/"},{"@type":"ListItem","position":3,"name":"Rolex explorer II ref 1655 mk1 straight end from 1972 ( Stock paris heure )"}]},{"@type":"WebSite","@id":"https:\/\/www.parisheure.com\/#website","url":"https:\/\/www.parisheure.com\/","name":"PARIS HEURE","description":"Vintage watches Paris","publisher":{"@id":"https:\/\/www.parisheure.com\/#organization"},"potentialAction":[{"@type":"SearchAction","target":{"@type":"EntryPoint","urlTemplate":"https:\/\/www.parisheure.com\/?s={search_term_string}"},"query-input":{"@type":"PropertyValueSpecification","valueRequired":true,"valueName":"search_term_string"}}],"inLanguage":"en-US"},{"@type":"Organization","@id":"https:\/\/www.parisheure.com\/#organization","name":"PARIS HEURE","url":"https:\/\/www.parisheure.com\/","logo":{"@type":"ImageObject","inLanguage":"en-US","@id":"https:\/\/www.parisheure.com\/#\/schema\/logo\/image\/","url":"https:\/\/www.parisheure.com\/wp-content\/uploads\/2021\/07\/cropped-logo-paris-heure.png","contentUrl":"https:\/\/www.parisheure.com\/wp-content\/uploads\/2021\/07\/cropped-logo-paris-heure.png","width":512,"height":512,"caption":"PARIS HEURE"},"image":{"@id":"https:\/\/www.parisheure.com\/#\/schema\/logo\/image\/"},"sameAs":["https:\/\/www.facebook.com\/ParisHeure","https:\/\/www.instagram.com\/parisheure\/"]}]}},"jetpack_sharing_enabled":true,"brands":[{"id":432,"name":"Rolex","slug":"rolex"}],"_links":{"self":[{"href":"https:\/\/www.parisheure.com\/en\/wp-json\/wp\/v2\/product\/14503","targetHints":{"allow":["GET"]}}],"collection":[{"href":"https:\/\/www.parisheure.com\/en\/wp-json\/wp\/v2\/product"}],"about":[{"href":"https:\/\/www.parisheure.com\/en\/wp-json\/wp\/v2\/types\/product"}],"version-history":[{"count":4,"href":"https:\/\/www.parisheure.com\/en\/wp-json\/wp\/v2\/product\/14503\/revisions"}],"predecessor-version":[{"id":14728,"href":"https:\/\/www.parisheure.com\/en\/wp-json\/wp\/v2\/product\/14503\/revisions\/14728"}],"wp:featuredmedia":[{"embeddable":true,"href":"https:\/\/www.parisheure.com\/en\/wp-json\/wp\/v2\/media\/14504"}],"wp:attachment":[{"href":"https:\/\/www.parisheure.com\/en\/wp-json\/wp\/v2\/media?parent=14503"}],"wp:term":[{"taxonomy":"pwb-brand","embeddable":true,"href":"https:\/\/www.parisheure.com\/en\/wp-json\/wp\/v2\/pwb-brand?post=14503"},{"taxonomy":"product_brand","embeddable":true,"href":"https:\/\/www.parisheure.com\/en\/wp-json\/wp\/v2\/product_brand?post=14503"},{"taxonomy":"product_cat","embeddable":true,"href":"https:\/\/www.parisheure.com\/en\/wp-json\/wp\/v2\/product_cat?post=14503"},{"taxonomy":"product_tag","embeddable":true,"href":"https:\/\/www.parisheure.com\/en\/wp-json\/wp\/v2\/product_tag?post=14503"}],"curies":[{"name":"wp","href":"https:\/\/api.w.org\/{rel}","templated":true}]}}