{"id":14627,"date":"2024-12-09T11:38:44","date_gmt":"2024-12-09T10:38:44","guid":{"rendered":"https:\/\/www.parisheure.com\/?post_type=product&#038;p=14627"},"modified":"2026-01-16T14:16:06","modified_gmt":"2026-01-16T13:16:06","slug":"rolex-gmt-master-ref-1675-black-nipple-dial-full-gold-perfect-from-1979","status":"publish","type":"product","link":"https:\/\/www.parisheure.com\/en\/buy-watch\/rolex-gmt-master-ref-1675-black-nipple-dial-full-gold-perfect-from-1979\/","title":{"rendered":"Rolex gmt master ref 1675 black nipple dial full gold perfect from 1979"},"content":{"rendered":"<div class=\"flex-shrink-0 flex flex-col relative items-end\">\n<div>\n<div class=\"pt-0\">\n<div class=\"gizmo-bot-avatar flex h-8 w-8 items-center justify-center overflow-hidden rounded-full\">\n<div class=\"relative p-1 rounded-sm flex items-center justify-center bg-token-main-surface-primary text-token-text-primary h-8 w-8\"><strong>Our opinion: <\/strong>The Rolex GMT-Master ref. 1675 in 18-carat gold embodies elegance and sophistication, while maintaining its legendary functionality as a watch dedicated to travelers. This version, produced in 1979, marks the end of production of this historical reference. Its black \u201cNipple Dial\u201d dial in perfect condition, coupled with an entirely gold case and bracelet, makes this piece a gem for collectors and lovers of vintage watches. An iconic watch that combines robustness, history and timeless aesthetics.<\/div>\n<\/div>\n<\/div>\n<\/div>\n<\/div>","protected":false},"excerpt":{"rendered":"<p><strong>A magnificent Rolex gmt master ref 1675 black nipple dial full gold perfect<\/strong><\/p>\n<p><strong>Reference :<\/strong> 1675<\/p>\n<p><strong>Year:<\/strong> 1979<\/p>\n<p><strong>Serial :<\/strong> 587xxxx<\/p>\n<p><strong>Movement :<\/strong> Caliber 1575, chronometer-certified automatic movement<\/p>\n<p><strong>Case:<\/strong> 18-carat gold case in perfect competition condition with superb chamfers, 40 mm diameter, graduated black bidirectional rotating bezel for 24-hour display<\/p>\n<p><strong>Dial:<\/strong> Black \u201cNipple Dial\u201d dial with applied gold and tritium indexes, latest version of this iconic dial<\/p>\n<p><strong>Diameter :<\/strong> 40 mm<\/p>\n<p><strong>Bracelet :<\/strong> 18-carat gold bracelet, endlink 580 riveted Oyster model with deployment clasp<\/p>\n<p><strong>Accessories:<\/strong> None<\/p>","protected":false},"featured_media":14562,"template":"","meta":[],"pwb-brand":[432],"product_brand":[],"product_cat":[107,368,90,247],"product_tag":[152,222,255,355,448,449,127,101],"class_list":{"0":"post-14627","1":"product","2":"type-product","3":"status-publish","4":"has-post-thumbnail","6":"pwb-brand-rolex","7":"product_cat-archives","8":"product_cat-montres-ph-watches","9":"product_cat-rolex","10":"product_cat-rolex-gmt-master","11":"product_tag-152","12":"product_tag-222","13":"product_tag-gmt","14":"product_tag-gold","15":"product_tag-or","16":"product_tag-perfect","17":"product_tag-rolex","18":"product_tag-vintage","20":"first","21":"outofstock","22":"shipping-taxable","23":"product-type-simple"},"yoast_head":"<!-- This site is optimized with the Yoast SEO plugin v27.5 - https:\/\/yoast.com\/product\/yoast-seo-wordpress\/ -->\n<title>Rolex gmt master ref 1675 black nipple dial full gold perfect &#8226; PARIS HEURE<\/title>\n<meta name=\"description\" content=\"Une magnifique Rolex gmt master ref 1675 black nipple dial full gold perfect  R\u00e9f\u00e9rence : 1675  Ann\u00e9e : 1979  Serial : 587xxxx  Mouvement : Calibre 1575, mouvement automatique certifi\u00e9 chronom\u00e8tre  Boite : Bo\u00eetier en or 18 carats dans un \u00e9tat concours parfait avce de superbes chamfreins, diam\u00e8tre de 40 mm, lunette tournante bidirectionnelle noire gradu\u00e9e pour l&#039;affichage des 24 heures  Cadran : Cadran noir &quot;Nipple Dial&quot; avec index appliqu\u00e9s en or et tritium, derni\u00e8re version de ce cadran embl\u00e9matique  Diam\u00e8tre : 40 mm  Bracelet : Bracelet en or 18 carats, endlink 580 mod\u00e8le Oyster rivet\u00e9 avec fermoir d\u00e9ployant  Accessoires : Aucuns\" \/>\n<meta name=\"robots\" content=\"index, follow, max-snippet:-1, max-image-preview:large, max-video-preview:-1\" \/>\n<link rel=\"canonical\" href=\"https:\/\/www.parisheure.com\/en\/buy-watch\/rolex-gmt-master-ref-1675-black-nipple-dial-full-gold-perfect-from-1979\/\" \/>\n<meta property=\"og:locale\" content=\"en_US\" \/>\n<meta property=\"og:type\" content=\"article\" \/>\n<meta property=\"og:title\" content=\"Rolex gmt master ref 1675 black nipple dial full gold perfect &#8226; PARIS HEURE\" \/>\n<meta property=\"og:description\" content=\"Une magnifique Rolex gmt master ref 1675 black nipple dial full gold perfect  R\u00e9f\u00e9rence : 1675  Ann\u00e9e : 1979  Serial : 587xxxx  Mouvement : Calibre 1575, mouvement automatique certifi\u00e9 chronom\u00e8tre  Boite : Bo\u00eetier en or 18 carats dans un \u00e9tat concours parfait avce de superbes chamfreins, diam\u00e8tre de 40 mm, lunette tournante bidirectionnelle noire gradu\u00e9e pour l&#039;affichage des 24 heures  Cadran : Cadran noir &quot;Nipple Dial&quot; avec index appliqu\u00e9s en or et tritium, derni\u00e8re version de ce cadran embl\u00e9matique  Diam\u00e8tre : 40 mm  Bracelet : Bracelet en or 18 carats, endlink 580 mod\u00e8le Oyster rivet\u00e9 avec fermoir d\u00e9ployant  Accessoires : Aucuns\" \/>\n<meta property=\"og:url\" content=\"https:\/\/www.parisheure.com\/en\/buy-watch\/rolex-gmt-master-ref-1675-black-nipple-dial-full-gold-perfect-from-1979\/\" \/>\n<meta property=\"og:site_name\" content=\"PARIS HEURE\" \/>\n<meta property=\"article:publisher\" content=\"https:\/\/www.facebook.com\/ParisHeure\" \/>\n<meta property=\"article:modified_time\" content=\"2026-01-16T13:16:06+00:00\" \/>\n<meta property=\"og:image\" content=\"https:\/\/www.parisheure.com\/wp-content\/uploads\/2024\/12\/ROLEX-GMT-MASTER-REF-1675-FULL-GOLD-PERFECT-_0029_Calque-32-scaled.jpg\" \/>\n\t<meta property=\"og:image:width\" content=\"2560\" \/>\n\t<meta property=\"og:image:height\" content=\"2560\" \/>\n\t<meta property=\"og:image:type\" content=\"image\/jpeg\" \/>\n<meta name=\"twitter:card\" content=\"summary_large_image\" \/>\n<script type=\"application\/ld+json\" class=\"yoast-schema-graph\">{\"@context\":\"https:\\\/\\\/schema.org\",\"@graph\":[{\"@type\":\"WebPage\",\"@id\":\"https:\\\/\\\/www.parisheure.com\\\/acheter-montre\\\/rolex-gmt-master-ref-1675-black-nipple-dial-full-gold-perfect-from-1979\\\/\",\"url\":\"https:\\\/\\\/www.parisheure.com\\\/acheter-montre\\\/rolex-gmt-master-ref-1675-black-nipple-dial-full-gold-perfect-from-1979\\\/\",\"name\":\"Rolex gmt master ref 1675 black nipple dial full gold perfect &#8226; PARIS HEURE\",\"isPartOf\":{\"@id\":\"https:\\\/\\\/www.parisheure.com\\\/#website\"},\"primaryImageOfPage\":{\"@id\":\"https:\\\/\\\/www.parisheure.com\\\/acheter-montre\\\/rolex-gmt-master-ref-1675-black-nipple-dial-full-gold-perfect-from-1979\\\/#primaryimage\"},\"image\":{\"@id\":\"https:\\\/\\\/www.parisheure.com\\\/acheter-montre\\\/rolex-gmt-master-ref-1675-black-nipple-dial-full-gold-perfect-from-1979\\\/#primaryimage\"},\"thumbnailUrl\":\"https:\\\/\\\/www.parisheure.com\\\/wp-content\\\/uploads\\\/2024\\\/12\\\/ROLEX-GMT-MASTER-REF-1675-FULL-GOLD-PERFECT-_0029_Calque-32-scaled.jpg\",\"datePublished\":\"2024-12-09T10:38:44+00:00\",\"dateModified\":\"2026-01-16T13:16:06+00:00\",\"description\":\"Une magnifique Rolex gmt master ref 1675 black nipple dial full gold perfect R\u00e9f\u00e9rence : 1675 Ann\u00e9e : 1979 Serial : 587xxxx Mouvement : Calibre 1575, mouvement automatique certifi\u00e9 chronom\u00e8tre Boite : Bo\u00eetier en or 18 carats dans un \u00e9tat concours parfait avce de superbes chamfreins, diam\u00e8tre de 40 mm, lunette tournante bidirectionnelle noire gradu\u00e9e pour l'affichage des 24 heures Cadran : Cadran noir \\\"Nipple Dial\\\" avec index appliqu\u00e9s en or et tritium, derni\u00e8re version de ce cadran embl\u00e9matique Diam\u00e8tre : 40 mm Bracelet : Bracelet en or 18 carats, endlink 580 mod\u00e8le Oyster rivet\u00e9 avec fermoir d\u00e9ployant Accessoires : Aucuns\",\"breadcrumb\":{\"@id\":\"https:\\\/\\\/www.parisheure.com\\\/acheter-montre\\\/rolex-gmt-master-ref-1675-black-nipple-dial-full-gold-perfect-from-1979\\\/#breadcrumb\"},\"inLanguage\":\"en-US\",\"potentialAction\":[{\"@type\":\"ReadAction\",\"target\":[\"https:\\\/\\\/www.parisheure.com\\\/acheter-montre\\\/rolex-gmt-master-ref-1675-black-nipple-dial-full-gold-perfect-from-1979\\\/\"]}]},{\"@type\":\"ImageObject\",\"inLanguage\":\"en-US\",\"@id\":\"https:\\\/\\\/www.parisheure.com\\\/acheter-montre\\\/rolex-gmt-master-ref-1675-black-nipple-dial-full-gold-perfect-from-1979\\\/#primaryimage\",\"url\":\"https:\\\/\\\/www.parisheure.com\\\/wp-content\\\/uploads\\\/2024\\\/12\\\/ROLEX-GMT-MASTER-REF-1675-FULL-GOLD-PERFECT-_0029_Calque-32-scaled.jpg\",\"contentUrl\":\"https:\\\/\\\/www.parisheure.com\\\/wp-content\\\/uploads\\\/2024\\\/12\\\/ROLEX-GMT-MASTER-REF-1675-FULL-GOLD-PERFECT-_0029_Calque-32-scaled.jpg\",\"width\":2560,\"height\":2560},{\"@type\":\"BreadcrumbList\",\"@id\":\"https:\\\/\\\/www.parisheure.com\\\/acheter-montre\\\/rolex-gmt-master-ref-1675-black-nipple-dial-full-gold-perfect-from-1979\\\/#breadcrumb\",\"itemListElement\":[{\"@type\":\"ListItem\",\"position\":1,\"name\":\"Accueil\",\"item\":\"https:\\\/\\\/www.parisheure.com\\\/\"},{\"@type\":\"ListItem\",\"position\":2,\"name\":\"WATCHES\",\"item\":\"https:\\\/\\\/www.parisheure.com\\\/\"},{\"@type\":\"ListItem\",\"position\":3,\"name\":\"Rolex gmt master ref 1675 black nipple dial full gold perfect from 1979\"}]},{\"@type\":\"WebSite\",\"@id\":\"https:\\\/\\\/www.parisheure.com\\\/#website\",\"url\":\"https:\\\/\\\/www.parisheure.com\\\/\",\"name\":\"PARIS HEURE\",\"description\":\"Vintage watches Paris\",\"publisher\":{\"@id\":\"https:\\\/\\\/www.parisheure.com\\\/#organization\"},\"potentialAction\":[{\"@type\":\"SearchAction\",\"target\":{\"@type\":\"EntryPoint\",\"urlTemplate\":\"https:\\\/\\\/www.parisheure.com\\\/?s={search_term_string}\"},\"query-input\":{\"@type\":\"PropertyValueSpecification\",\"valueRequired\":true,\"valueName\":\"search_term_string\"}}],\"inLanguage\":\"en-US\"},{\"@type\":\"Organization\",\"@id\":\"https:\\\/\\\/www.parisheure.com\\\/#organization\",\"name\":\"PARIS HEURE\",\"url\":\"https:\\\/\\\/www.parisheure.com\\\/\",\"logo\":{\"@type\":\"ImageObject\",\"inLanguage\":\"en-US\",\"@id\":\"https:\\\/\\\/www.parisheure.com\\\/#\\\/schema\\\/logo\\\/image\\\/\",\"url\":\"https:\\\/\\\/www.parisheure.com\\\/wp-content\\\/uploads\\\/2021\\\/07\\\/cropped-logo-paris-heure.png\",\"contentUrl\":\"https:\\\/\\\/www.parisheure.com\\\/wp-content\\\/uploads\\\/2021\\\/07\\\/cropped-logo-paris-heure.png\",\"width\":512,\"height\":512,\"caption\":\"PARIS HEURE\"},\"image\":{\"@id\":\"https:\\\/\\\/www.parisheure.com\\\/#\\\/schema\\\/logo\\\/image\\\/\"},\"sameAs\":[\"https:\\\/\\\/www.facebook.com\\\/ParisHeure\",\"https:\\\/\\\/www.instagram.com\\\/parisheure\\\/\"]}]}<\/script>\n<!-- \/ Yoast SEO plugin. -->","yoast_head_json":{"title":"Rolex gmt master ref 1675 black nipple dial full gold perfect &#8226; PARIS HEURE","description":"Une magnifique Rolex gmt master ref 1675 black nipple dial full gold perfect  R\u00e9f\u00e9rence : 1675  Ann\u00e9e : 1979  Serial : 587xxxx  Mouvement : Calibre 1575, mouvement automatique certifi\u00e9 chronom\u00e8tre  Boite : Bo\u00eetier en or 18 carats dans un \u00e9tat concours parfait avce de superbes chamfreins, diam\u00e8tre de 40 mm, lunette tournante bidirectionnelle noire gradu\u00e9e pour l'affichage des 24 heures  Cadran : Cadran noir \"Nipple Dial\" avec index appliqu\u00e9s en or et tritium, derni\u00e8re version de ce cadran embl\u00e9matique  Diam\u00e8tre : 40 mm  Bracelet : Bracelet en or 18 carats, endlink 580 mod\u00e8le Oyster rivet\u00e9 avec fermoir d\u00e9ployant  Accessoires : Aucuns","robots":{"index":"index","follow":"follow","max-snippet":"max-snippet:-1","max-image-preview":"max-image-preview:large","max-video-preview":"max-video-preview:-1"},"canonical":"https:\/\/www.parisheure.com\/en\/buy-watch\/rolex-gmt-master-ref-1675-black-nipple-dial-full-gold-perfect-from-1979\/","og_locale":"en_US","og_type":"article","og_title":"Rolex gmt master ref 1675 black nipple dial full gold perfect &#8226; PARIS HEURE","og_description":"Une magnifique Rolex gmt master ref 1675 black nipple dial full gold perfect  R\u00e9f\u00e9rence : 1675  Ann\u00e9e : 1979  Serial : 587xxxx  Mouvement : Calibre 1575, mouvement automatique certifi\u00e9 chronom\u00e8tre  Boite : Bo\u00eetier en or 18 carats dans un \u00e9tat concours parfait avce de superbes chamfreins, diam\u00e8tre de 40 mm, lunette tournante bidirectionnelle noire gradu\u00e9e pour l'affichage des 24 heures  Cadran : Cadran noir \"Nipple Dial\" avec index appliqu\u00e9s en or et tritium, derni\u00e8re version de ce cadran embl\u00e9matique  Diam\u00e8tre : 40 mm  Bracelet : Bracelet en or 18 carats, endlink 580 mod\u00e8le Oyster rivet\u00e9 avec fermoir d\u00e9ployant  Accessoires : Aucuns","og_url":"https:\/\/www.parisheure.com\/en\/buy-watch\/rolex-gmt-master-ref-1675-black-nipple-dial-full-gold-perfect-from-1979\/","og_site_name":"PARIS HEURE","article_publisher":"https:\/\/www.facebook.com\/ParisHeure","article_modified_time":"2026-01-16T13:16:06+00:00","og_image":[{"width":2560,"height":2560,"url":"https:\/\/www.parisheure.com\/wp-content\/uploads\/2024\/12\/ROLEX-GMT-MASTER-REF-1675-FULL-GOLD-PERFECT-_0029_Calque-32-scaled.jpg","type":"image\/jpeg"}],"twitter_card":"summary_large_image","schema":{"@context":"https:\/\/schema.org","@graph":[{"@type":"WebPage","@id":"https:\/\/www.parisheure.com\/acheter-montre\/rolex-gmt-master-ref-1675-black-nipple-dial-full-gold-perfect-from-1979\/","url":"https:\/\/www.parisheure.com\/acheter-montre\/rolex-gmt-master-ref-1675-black-nipple-dial-full-gold-perfect-from-1979\/","name":"Rolex gmt master ref 1675 black nipple dial full gold perfect &#8226; PARIS HEURE","isPartOf":{"@id":"https:\/\/www.parisheure.com\/#website"},"primaryImageOfPage":{"@id":"https:\/\/www.parisheure.com\/acheter-montre\/rolex-gmt-master-ref-1675-black-nipple-dial-full-gold-perfect-from-1979\/#primaryimage"},"image":{"@id":"https:\/\/www.parisheure.com\/acheter-montre\/rolex-gmt-master-ref-1675-black-nipple-dial-full-gold-perfect-from-1979\/#primaryimage"},"thumbnailUrl":"https:\/\/www.parisheure.com\/wp-content\/uploads\/2024\/12\/ROLEX-GMT-MASTER-REF-1675-FULL-GOLD-PERFECT-_0029_Calque-32-scaled.jpg","datePublished":"2024-12-09T10:38:44+00:00","dateModified":"2026-01-16T13:16:06+00:00","description":"Une magnifique Rolex gmt master ref 1675 black nipple dial full gold perfect R\u00e9f\u00e9rence : 1675 Ann\u00e9e : 1979 Serial : 587xxxx Mouvement : Calibre 1575, mouvement automatique certifi\u00e9 chronom\u00e8tre Boite : Bo\u00eetier en or 18 carats dans un \u00e9tat concours parfait avce de superbes chamfreins, diam\u00e8tre de 40 mm, lunette tournante bidirectionnelle noire gradu\u00e9e pour l'affichage des 24 heures Cadran : Cadran noir \"Nipple Dial\" avec index appliqu\u00e9s en or et tritium, derni\u00e8re version de ce cadran embl\u00e9matique Diam\u00e8tre : 40 mm Bracelet : Bracelet en or 18 carats, endlink 580 mod\u00e8le Oyster rivet\u00e9 avec fermoir d\u00e9ployant Accessoires : Aucuns","breadcrumb":{"@id":"https:\/\/www.parisheure.com\/acheter-montre\/rolex-gmt-master-ref-1675-black-nipple-dial-full-gold-perfect-from-1979\/#breadcrumb"},"inLanguage":"en-US","potentialAction":[{"@type":"ReadAction","target":["https:\/\/www.parisheure.com\/acheter-montre\/rolex-gmt-master-ref-1675-black-nipple-dial-full-gold-perfect-from-1979\/"]}]},{"@type":"ImageObject","inLanguage":"en-US","@id":"https:\/\/www.parisheure.com\/acheter-montre\/rolex-gmt-master-ref-1675-black-nipple-dial-full-gold-perfect-from-1979\/#primaryimage","url":"https:\/\/www.parisheure.com\/wp-content\/uploads\/2024\/12\/ROLEX-GMT-MASTER-REF-1675-FULL-GOLD-PERFECT-_0029_Calque-32-scaled.jpg","contentUrl":"https:\/\/www.parisheure.com\/wp-content\/uploads\/2024\/12\/ROLEX-GMT-MASTER-REF-1675-FULL-GOLD-PERFECT-_0029_Calque-32-scaled.jpg","width":2560,"height":2560},{"@type":"BreadcrumbList","@id":"https:\/\/www.parisheure.com\/acheter-montre\/rolex-gmt-master-ref-1675-black-nipple-dial-full-gold-perfect-from-1979\/#breadcrumb","itemListElement":[{"@type":"ListItem","position":1,"name":"Accueil","item":"https:\/\/www.parisheure.com\/"},{"@type":"ListItem","position":2,"name":"WATCHES","item":"https:\/\/www.parisheure.com\/"},{"@type":"ListItem","position":3,"name":"Rolex gmt master ref 1675 black nipple dial full gold perfect from 1979"}]},{"@type":"WebSite","@id":"https:\/\/www.parisheure.com\/#website","url":"https:\/\/www.parisheure.com\/","name":"PARIS HEURE","description":"Vintage watches Paris","publisher":{"@id":"https:\/\/www.parisheure.com\/#organization"},"potentialAction":[{"@type":"SearchAction","target":{"@type":"EntryPoint","urlTemplate":"https:\/\/www.parisheure.com\/?s={search_term_string}"},"query-input":{"@type":"PropertyValueSpecification","valueRequired":true,"valueName":"search_term_string"}}],"inLanguage":"en-US"},{"@type":"Organization","@id":"https:\/\/www.parisheure.com\/#organization","name":"PARIS HEURE","url":"https:\/\/www.parisheure.com\/","logo":{"@type":"ImageObject","inLanguage":"en-US","@id":"https:\/\/www.parisheure.com\/#\/schema\/logo\/image\/","url":"https:\/\/www.parisheure.com\/wp-content\/uploads\/2021\/07\/cropped-logo-paris-heure.png","contentUrl":"https:\/\/www.parisheure.com\/wp-content\/uploads\/2021\/07\/cropped-logo-paris-heure.png","width":512,"height":512,"caption":"PARIS HEURE"},"image":{"@id":"https:\/\/www.parisheure.com\/#\/schema\/logo\/image\/"},"sameAs":["https:\/\/www.facebook.com\/ParisHeure","https:\/\/www.instagram.com\/parisheure\/"]}]}},"jetpack_sharing_enabled":true,"brands":[{"id":432,"name":"Rolex","slug":"rolex"}],"_links":{"self":[{"href":"https:\/\/www.parisheure.com\/en\/wp-json\/wp\/v2\/product\/14627","targetHints":{"allow":["GET"]}}],"collection":[{"href":"https:\/\/www.parisheure.com\/en\/wp-json\/wp\/v2\/product"}],"about":[{"href":"https:\/\/www.parisheure.com\/en\/wp-json\/wp\/v2\/types\/product"}],"version-history":[{"count":2,"href":"https:\/\/www.parisheure.com\/en\/wp-json\/wp\/v2\/product\/14627\/revisions"}],"predecessor-version":[{"id":14723,"href":"https:\/\/www.parisheure.com\/en\/wp-json\/wp\/v2\/product\/14627\/revisions\/14723"}],"wp:featuredmedia":[{"embeddable":true,"href":"https:\/\/www.parisheure.com\/en\/wp-json\/wp\/v2\/media\/14562"}],"wp:attachment":[{"href":"https:\/\/www.parisheure.com\/en\/wp-json\/wp\/v2\/media?parent=14627"}],"wp:term":[{"taxonomy":"pwb-brand","embeddable":true,"href":"https:\/\/www.parisheure.com\/en\/wp-json\/wp\/v2\/pwb-brand?post=14627"},{"taxonomy":"product_brand","embeddable":true,"href":"https:\/\/www.parisheure.com\/en\/wp-json\/wp\/v2\/product_brand?post=14627"},{"taxonomy":"product_cat","embeddable":true,"href":"https:\/\/www.parisheure.com\/en\/wp-json\/wp\/v2\/product_cat?post=14627"},{"taxonomy":"product_tag","embeddable":true,"href":"https:\/\/www.parisheure.com\/en\/wp-json\/wp\/v2\/product_tag?post=14627"}],"curies":[{"name":"wp","href":"https:\/\/api.w.org\/{rel}","templated":true}]}}