{"id":14632,"date":"2024-12-09T12:16:59","date_gmt":"2024-12-09T11:16:59","guid":{"rendered":"https:\/\/www.parisheure.com\/?post_type=product&#038;p=14632"},"modified":"2025-11-25T18:43:46","modified_gmt":"2025-11-25T17:43:46","slug":"rolex-gmt-master-ref-1675-gilt-perfect-full-set-with-special-backcase-serial-inside-from-1967","status":"publish","type":"product","link":"https:\/\/www.parisheure.com\/en\/buy-watch\/rolex-gmt-master-ref-1675-gilt-perfect-full-set-with-special-backcase-serial-inside-from-1967\/","title":{"rendered":"Rolex gmt master ref 1675 gilt perfect full set with special backcase serial inside from 1966"},"content":{"rendered":"<p><strong>Our opinion: <\/strong>The GMT has become more legendary than the Submariner recently with a very long wait for the return of the Pepsi bezel. When it was released, it created a huge speculative effect on all GMTs and collectors appreciated them even more than in the past. This is rare in its reference 1675 MK4 version with a pepsi bezel and especially in a full set of stamped papers and its jubilee steel bracelet which has made it famous and known to the whole world recently with its ceramic bezel reissue. Model reissued by Rolex and which launched the new speculation of the GMT master PEPSI. Matt dial with a beautiful pumpkin patina and an insert that matches these vintages so well. Such a beautiful collector's watch with so much character and a full set of super rare original box and papers. The watch is unpolished, still thick, an extremely rare model in this configuration. The true investment value of Rolex. In addition, new ones are sold even more expensive than these rare and limited production models. So hurry before they explode in price!<\/p>","protected":false},"excerpt":{"rendered":"<p><strong><em>\u00a0<\/em>A magnificent and rare unique Rolex GMT-MASTER ref 1675 gilt perfect full set<\/strong><\/p>\n<p><strong>Reference:<\/strong>1675<\/p>\n<p><strong>Year:<\/strong>1967<\/p>\n<p><strong>Serial :<\/strong>169XXXX<\/p>\n<p><strong>Bezel: <\/strong>Magnificent pepsi fat font insert which gives such a unique look to the watch with a beautiful, quite sought-after and vintage patina.<\/p>\n<p><strong>Case:\u00a0<\/strong>Tr\u00e8s beau boitier peu polie tr\u00e8s \u00e9pais et avec des angles parfait superbes chanfreims, aucun choc ni rayures importantes. Excellent \u00e9tat de conservation du boitier encore tr\u00e8s \u00e9pais. Fond de boite grav\u00e9 par Rolex avec double num\u00e9rotation a l int\u00e9rieur comme les comex et mod\u00e8les sp\u00e9ciaux avec fond grav\u00e9 par Rolex.<\/p>\n<p><strong>Movement\u00a0:<\/strong> Automatic cal 1560<\/p>\n<p><strong>Dial: <\/strong>Beautiful, perfect original gilt black dial with beautiful tritium indexes. Superb patina of the indexes and perfect lacquer, the hands are matching. No scratches or stains on the dial, hands matching the patina of the indexes.<\/p>\n<p><strong>Diameter\u00a0: <\/strong>40 MM<\/p>\n<p><strong>Bracelet:<\/strong>: Oyster riveted steel ref 7836 endlink 58 clasp code 64.<\/p>\n<p><strong>Accessories: <\/strong>Full full set original pierced papers, pierced chronometry certificates original box.<\/p>","protected":false},"featured_media":14634,"template":"","meta":[],"pwb-brand":[432],"product_brand":[],"product_cat":[368,138,90,247],"product_tag":[152,385,106,329,255,450,314],"class_list":{"0":"post-14632","1":"product","2":"type-product","3":"status-publish","4":"has-post-thumbnail","6":"pwb-brand-rolex","7":"product_cat-montres-ph-watches","8":"product_cat-nouveautes","9":"product_cat-rolex","10":"product_cat-rolex-gmt-master","11":"product_tag-152","12":"product_tag-385","13":"product_tag-full-set","14":"product_tag-gilt","15":"product_tag-gmt","16":"product_tag-rolx","17":"product_tag-special","19":"first","20":"instock","21":"shipping-taxable","22":"purchasable","23":"product-type-simple"},"yoast_head":"<!-- This site is optimized with the Yoast SEO plugin v27.5 - https:\/\/yoast.com\/product\/yoast-seo-wordpress\/ -->\n<title>Rolex gmt master ref 1675 gilt perfect full set from 1966 &#8226; PARIS HEURE<\/title>\n<meta name=\"description\" content=\"\u00a0Une magnifique et rare unique Rolex GMT-MASTER ref 1675 gilt perfect full set R\u00e9f\u00e9rence:1675 Ann\u00e9e:1966 Lunette\u00a0: Magnifique insert pepsi fat font\" \/>\n<meta name=\"robots\" content=\"index, follow, max-snippet:-1, max-image-preview:large, max-video-preview:-1\" \/>\n<link rel=\"canonical\" href=\"https:\/\/www.parisheure.com\/en\/buy-watch\/rolex-gmt-master-ref-1675-gilt-perfect-full-set-with-special-backcase-serial-inside-from-1967\/\" \/>\n<meta property=\"og:locale\" content=\"en_US\" \/>\n<meta property=\"og:type\" content=\"article\" \/>\n<meta property=\"og:title\" content=\"Rolex gmt master ref 1675 gilt perfect full set from 1966 &#8226; PARIS HEURE\" \/>\n<meta property=\"og:description\" content=\"\u00a0Une magnifique et rare unique Rolex GMT-MASTER ref 1675 gilt perfect full set R\u00e9f\u00e9rence:1675 Ann\u00e9e:1966 Lunette\u00a0: Magnifique insert pepsi fat font\" \/>\n<meta property=\"og:url\" content=\"https:\/\/www.parisheure.com\/en\/buy-watch\/rolex-gmt-master-ref-1675-gilt-perfect-full-set-with-special-backcase-serial-inside-from-1967\/\" \/>\n<meta property=\"og:site_name\" content=\"PARIS HEURE\" \/>\n<meta property=\"article:publisher\" content=\"https:\/\/www.facebook.com\/ParisHeure\" \/>\n<meta property=\"article:modified_time\" content=\"2025-11-25T17:43:46+00:00\" \/>\n<meta property=\"og:image\" content=\"https:\/\/www.parisheure.com\/wp-content\/uploads\/2024\/12\/ROLEX-GMT-MASTER-REF-1675-GILT-PERFECT-FULL-SET-WITH-SPECIAL-BACKCASE-_0029_Calque-9-scaled.jpg\" \/>\n\t<meta property=\"og:image:width\" content=\"2560\" \/>\n\t<meta property=\"og:image:height\" content=\"2560\" \/>\n\t<meta property=\"og:image:type\" content=\"image\/jpeg\" \/>\n<meta name=\"twitter:card\" content=\"summary_large_image\" \/>\n<script type=\"application\/ld+json\" class=\"yoast-schema-graph\">{\"@context\":\"https:\\\/\\\/schema.org\",\"@graph\":[{\"@type\":\"WebPage\",\"@id\":\"https:\\\/\\\/www.parisheure.com\\\/acheter-montre\\\/rolex-gmt-master-ref-1675-gilt-perfect-full-set-with-special-backcase-serial-inside-from-1967\\\/\",\"url\":\"https:\\\/\\\/www.parisheure.com\\\/acheter-montre\\\/rolex-gmt-master-ref-1675-gilt-perfect-full-set-with-special-backcase-serial-inside-from-1967\\\/\",\"name\":\"Rolex gmt master ref 1675 gilt perfect full set from 1966 &#8226; PARIS HEURE\",\"isPartOf\":{\"@id\":\"https:\\\/\\\/www.parisheure.com\\\/#website\"},\"primaryImageOfPage\":{\"@id\":\"https:\\\/\\\/www.parisheure.com\\\/acheter-montre\\\/rolex-gmt-master-ref-1675-gilt-perfect-full-set-with-special-backcase-serial-inside-from-1967\\\/#primaryimage\"},\"image\":{\"@id\":\"https:\\\/\\\/www.parisheure.com\\\/acheter-montre\\\/rolex-gmt-master-ref-1675-gilt-perfect-full-set-with-special-backcase-serial-inside-from-1967\\\/#primaryimage\"},\"thumbnailUrl\":\"https:\\\/\\\/www.parisheure.com\\\/wp-content\\\/uploads\\\/2024\\\/12\\\/ROLEX-GMT-MASTER-REF-1675-GILT-PERFECT-FULL-SET-WITH-SPECIAL-BACKCASE-_0029_Calque-9-scaled.jpg\",\"datePublished\":\"2024-12-09T11:16:59+00:00\",\"dateModified\":\"2025-11-25T17:43:46+00:00\",\"description\":\"\u00a0Une magnifique et rare unique Rolex GMT-MASTER ref 1675 gilt perfect full set R\u00e9f\u00e9rence:1675 Ann\u00e9e:1966 Lunette\u00a0: Magnifique insert pepsi fat font\",\"breadcrumb\":{\"@id\":\"https:\\\/\\\/www.parisheure.com\\\/acheter-montre\\\/rolex-gmt-master-ref-1675-gilt-perfect-full-set-with-special-backcase-serial-inside-from-1967\\\/#breadcrumb\"},\"inLanguage\":\"en-US\",\"potentialAction\":[{\"@type\":\"ReadAction\",\"target\":[\"https:\\\/\\\/www.parisheure.com\\\/acheter-montre\\\/rolex-gmt-master-ref-1675-gilt-perfect-full-set-with-special-backcase-serial-inside-from-1967\\\/\"]}]},{\"@type\":\"ImageObject\",\"inLanguage\":\"en-US\",\"@id\":\"https:\\\/\\\/www.parisheure.com\\\/acheter-montre\\\/rolex-gmt-master-ref-1675-gilt-perfect-full-set-with-special-backcase-serial-inside-from-1967\\\/#primaryimage\",\"url\":\"https:\\\/\\\/www.parisheure.com\\\/wp-content\\\/uploads\\\/2024\\\/12\\\/ROLEX-GMT-MASTER-REF-1675-GILT-PERFECT-FULL-SET-WITH-SPECIAL-BACKCASE-_0029_Calque-9-scaled.jpg\",\"contentUrl\":\"https:\\\/\\\/www.parisheure.com\\\/wp-content\\\/uploads\\\/2024\\\/12\\\/ROLEX-GMT-MASTER-REF-1675-GILT-PERFECT-FULL-SET-WITH-SPECIAL-BACKCASE-_0029_Calque-9-scaled.jpg\",\"width\":2560,\"height\":2560},{\"@type\":\"BreadcrumbList\",\"@id\":\"https:\\\/\\\/www.parisheure.com\\\/acheter-montre\\\/rolex-gmt-master-ref-1675-gilt-perfect-full-set-with-special-backcase-serial-inside-from-1967\\\/#breadcrumb\",\"itemListElement\":[{\"@type\":\"ListItem\",\"position\":1,\"name\":\"Accueil\",\"item\":\"https:\\\/\\\/www.parisheure.com\\\/\"},{\"@type\":\"ListItem\",\"position\":2,\"name\":\"WATCHES\",\"item\":\"https:\\\/\\\/www.parisheure.com\\\/\"},{\"@type\":\"ListItem\",\"position\":3,\"name\":\"Rolex gmt master ref 1675 gilt perfect full set with special backcase serial inside from 1966\"}]},{\"@type\":\"WebSite\",\"@id\":\"https:\\\/\\\/www.parisheure.com\\\/#website\",\"url\":\"https:\\\/\\\/www.parisheure.com\\\/\",\"name\":\"PARIS HEURE\",\"description\":\"Vintage watches Paris\",\"publisher\":{\"@id\":\"https:\\\/\\\/www.parisheure.com\\\/#organization\"},\"potentialAction\":[{\"@type\":\"SearchAction\",\"target\":{\"@type\":\"EntryPoint\",\"urlTemplate\":\"https:\\\/\\\/www.parisheure.com\\\/?s={search_term_string}\"},\"query-input\":{\"@type\":\"PropertyValueSpecification\",\"valueRequired\":true,\"valueName\":\"search_term_string\"}}],\"inLanguage\":\"en-US\"},{\"@type\":\"Organization\",\"@id\":\"https:\\\/\\\/www.parisheure.com\\\/#organization\",\"name\":\"PARIS HEURE\",\"url\":\"https:\\\/\\\/www.parisheure.com\\\/\",\"logo\":{\"@type\":\"ImageObject\",\"inLanguage\":\"en-US\",\"@id\":\"https:\\\/\\\/www.parisheure.com\\\/#\\\/schema\\\/logo\\\/image\\\/\",\"url\":\"https:\\\/\\\/www.parisheure.com\\\/wp-content\\\/uploads\\\/2021\\\/07\\\/cropped-logo-paris-heure.png\",\"contentUrl\":\"https:\\\/\\\/www.parisheure.com\\\/wp-content\\\/uploads\\\/2021\\\/07\\\/cropped-logo-paris-heure.png\",\"width\":512,\"height\":512,\"caption\":\"PARIS HEURE\"},\"image\":{\"@id\":\"https:\\\/\\\/www.parisheure.com\\\/#\\\/schema\\\/logo\\\/image\\\/\"},\"sameAs\":[\"https:\\\/\\\/www.facebook.com\\\/ParisHeure\",\"https:\\\/\\\/www.instagram.com\\\/parisheure\\\/\"]}]}<\/script>\n<!-- \/ Yoast SEO plugin. -->","yoast_head_json":{"title":"Rolex gmt master ref 1675 gilt perfect full set from 1966 &#8226; PARIS HEURE","description":"\u00a0Une magnifique et rare unique Rolex GMT-MASTER ref 1675 gilt perfect full set R\u00e9f\u00e9rence:1675 Ann\u00e9e:1966 Lunette\u00a0: Magnifique insert pepsi fat font","robots":{"index":"index","follow":"follow","max-snippet":"max-snippet:-1","max-image-preview":"max-image-preview:large","max-video-preview":"max-video-preview:-1"},"canonical":"https:\/\/www.parisheure.com\/en\/buy-watch\/rolex-gmt-master-ref-1675-gilt-perfect-full-set-with-special-backcase-serial-inside-from-1967\/","og_locale":"en_US","og_type":"article","og_title":"Rolex gmt master ref 1675 gilt perfect full set from 1966 &#8226; PARIS HEURE","og_description":"\u00a0Une magnifique et rare unique Rolex GMT-MASTER ref 1675 gilt perfect full set R\u00e9f\u00e9rence:1675 Ann\u00e9e:1966 Lunette\u00a0: Magnifique insert pepsi fat font","og_url":"https:\/\/www.parisheure.com\/en\/buy-watch\/rolex-gmt-master-ref-1675-gilt-perfect-full-set-with-special-backcase-serial-inside-from-1967\/","og_site_name":"PARIS HEURE","article_publisher":"https:\/\/www.facebook.com\/ParisHeure","article_modified_time":"2025-11-25T17:43:46+00:00","og_image":[{"width":2560,"height":2560,"url":"https:\/\/www.parisheure.com\/wp-content\/uploads\/2024\/12\/ROLEX-GMT-MASTER-REF-1675-GILT-PERFECT-FULL-SET-WITH-SPECIAL-BACKCASE-_0029_Calque-9-scaled.jpg","type":"image\/jpeg"}],"twitter_card":"summary_large_image","schema":{"@context":"https:\/\/schema.org","@graph":[{"@type":"WebPage","@id":"https:\/\/www.parisheure.com\/acheter-montre\/rolex-gmt-master-ref-1675-gilt-perfect-full-set-with-special-backcase-serial-inside-from-1967\/","url":"https:\/\/www.parisheure.com\/acheter-montre\/rolex-gmt-master-ref-1675-gilt-perfect-full-set-with-special-backcase-serial-inside-from-1967\/","name":"Rolex gmt master ref 1675 gilt perfect full set from 1966 &#8226; PARIS HEURE","isPartOf":{"@id":"https:\/\/www.parisheure.com\/#website"},"primaryImageOfPage":{"@id":"https:\/\/www.parisheure.com\/acheter-montre\/rolex-gmt-master-ref-1675-gilt-perfect-full-set-with-special-backcase-serial-inside-from-1967\/#primaryimage"},"image":{"@id":"https:\/\/www.parisheure.com\/acheter-montre\/rolex-gmt-master-ref-1675-gilt-perfect-full-set-with-special-backcase-serial-inside-from-1967\/#primaryimage"},"thumbnailUrl":"https:\/\/www.parisheure.com\/wp-content\/uploads\/2024\/12\/ROLEX-GMT-MASTER-REF-1675-GILT-PERFECT-FULL-SET-WITH-SPECIAL-BACKCASE-_0029_Calque-9-scaled.jpg","datePublished":"2024-12-09T11:16:59+00:00","dateModified":"2025-11-25T17:43:46+00:00","description":"\u00a0Une magnifique et rare unique Rolex GMT-MASTER ref 1675 gilt perfect full set R\u00e9f\u00e9rence:1675 Ann\u00e9e:1966 Lunette\u00a0: Magnifique insert pepsi fat font","breadcrumb":{"@id":"https:\/\/www.parisheure.com\/acheter-montre\/rolex-gmt-master-ref-1675-gilt-perfect-full-set-with-special-backcase-serial-inside-from-1967\/#breadcrumb"},"inLanguage":"en-US","potentialAction":[{"@type":"ReadAction","target":["https:\/\/www.parisheure.com\/acheter-montre\/rolex-gmt-master-ref-1675-gilt-perfect-full-set-with-special-backcase-serial-inside-from-1967\/"]}]},{"@type":"ImageObject","inLanguage":"en-US","@id":"https:\/\/www.parisheure.com\/acheter-montre\/rolex-gmt-master-ref-1675-gilt-perfect-full-set-with-special-backcase-serial-inside-from-1967\/#primaryimage","url":"https:\/\/www.parisheure.com\/wp-content\/uploads\/2024\/12\/ROLEX-GMT-MASTER-REF-1675-GILT-PERFECT-FULL-SET-WITH-SPECIAL-BACKCASE-_0029_Calque-9-scaled.jpg","contentUrl":"https:\/\/www.parisheure.com\/wp-content\/uploads\/2024\/12\/ROLEX-GMT-MASTER-REF-1675-GILT-PERFECT-FULL-SET-WITH-SPECIAL-BACKCASE-_0029_Calque-9-scaled.jpg","width":2560,"height":2560},{"@type":"BreadcrumbList","@id":"https:\/\/www.parisheure.com\/acheter-montre\/rolex-gmt-master-ref-1675-gilt-perfect-full-set-with-special-backcase-serial-inside-from-1967\/#breadcrumb","itemListElement":[{"@type":"ListItem","position":1,"name":"Accueil","item":"https:\/\/www.parisheure.com\/"},{"@type":"ListItem","position":2,"name":"WATCHES","item":"https:\/\/www.parisheure.com\/"},{"@type":"ListItem","position":3,"name":"Rolex gmt master ref 1675 gilt perfect full set with special backcase serial inside from 1966"}]},{"@type":"WebSite","@id":"https:\/\/www.parisheure.com\/#website","url":"https:\/\/www.parisheure.com\/","name":"PARIS HEURE","description":"Vintage watches Paris","publisher":{"@id":"https:\/\/www.parisheure.com\/#organization"},"potentialAction":[{"@type":"SearchAction","target":{"@type":"EntryPoint","urlTemplate":"https:\/\/www.parisheure.com\/?s={search_term_string}"},"query-input":{"@type":"PropertyValueSpecification","valueRequired":true,"valueName":"search_term_string"}}],"inLanguage":"en-US"},{"@type":"Organization","@id":"https:\/\/www.parisheure.com\/#organization","name":"PARIS HEURE","url":"https:\/\/www.parisheure.com\/","logo":{"@type":"ImageObject","inLanguage":"en-US","@id":"https:\/\/www.parisheure.com\/#\/schema\/logo\/image\/","url":"https:\/\/www.parisheure.com\/wp-content\/uploads\/2021\/07\/cropped-logo-paris-heure.png","contentUrl":"https:\/\/www.parisheure.com\/wp-content\/uploads\/2021\/07\/cropped-logo-paris-heure.png","width":512,"height":512,"caption":"PARIS HEURE"},"image":{"@id":"https:\/\/www.parisheure.com\/#\/schema\/logo\/image\/"},"sameAs":["https:\/\/www.facebook.com\/ParisHeure","https:\/\/www.instagram.com\/parisheure\/"]}]}},"jetpack_sharing_enabled":true,"brands":[{"id":432,"name":"Rolex","slug":"rolex"}],"_links":{"self":[{"href":"https:\/\/www.parisheure.com\/en\/wp-json\/wp\/v2\/product\/14632","targetHints":{"allow":["GET"]}}],"collection":[{"href":"https:\/\/www.parisheure.com\/en\/wp-json\/wp\/v2\/product"}],"about":[{"href":"https:\/\/www.parisheure.com\/en\/wp-json\/wp\/v2\/types\/product"}],"version-history":[{"count":6,"href":"https:\/\/www.parisheure.com\/en\/wp-json\/wp\/v2\/product\/14632\/revisions"}],"predecessor-version":[{"id":14738,"href":"https:\/\/www.parisheure.com\/en\/wp-json\/wp\/v2\/product\/14632\/revisions\/14738"}],"wp:featuredmedia":[{"embeddable":true,"href":"https:\/\/www.parisheure.com\/en\/wp-json\/wp\/v2\/media\/14634"}],"wp:attachment":[{"href":"https:\/\/www.parisheure.com\/en\/wp-json\/wp\/v2\/media?parent=14632"}],"wp:term":[{"taxonomy":"pwb-brand","embeddable":true,"href":"https:\/\/www.parisheure.com\/en\/wp-json\/wp\/v2\/pwb-brand?post=14632"},{"taxonomy":"product_brand","embeddable":true,"href":"https:\/\/www.parisheure.com\/en\/wp-json\/wp\/v2\/product_brand?post=14632"},{"taxonomy":"product_cat","embeddable":true,"href":"https:\/\/www.parisheure.com\/en\/wp-json\/wp\/v2\/product_cat?post=14632"},{"taxonomy":"product_tag","embeddable":true,"href":"https:\/\/www.parisheure.com\/en\/wp-json\/wp\/v2\/product_tag?post=14632"}],"curies":[{"name":"wp","href":"https:\/\/api.w.org\/{rel}","templated":true}]}}