{"id":14850,"date":"2025-04-10T15:19:31","date_gmt":"2025-04-10T13:19:31","guid":{"rendered":"https:\/\/www.parisheure.com\/?post_type=product&#038;p=14850"},"modified":"2026-01-23T14:54:51","modified_gmt":"2026-01-23T13:54:51","slug":"audemars-piguet-royal-oak-ref-14790ba-full-gold-from-1994","status":"publish","type":"product","link":"https:\/\/www.parisheure.com\/en\/buy-watch\/audemars-piguet-royal-oak-ref-14790ba-full-gold-from-1994\/","title":{"rendered":"Audemars Piguet Royal Oak ref 14790BA full gold from 1994"},"content":{"rendered":"<p class=\"\" data-start=\"199\" data-end=\"503\"><strong>Our opinion:<\/strong> L\u2019\u00e9l\u00e9gance intemporelle rencontre la raret\u00e9 dans cette <strong>Audemars Piguet Royal Oak r\u00e9f\u00e9rence 14790SA<\/strong>, enti\u00e8rement en or jaune 18 carats, datant de 1994. Cette pi\u00e8ce d\u2019exception incarne \u00e0 la perfection l\u2019esprit avant-gardiste de G\u00e9rald Genta, tout en s&rsquo;imposant par une pr\u00e9sence luxueuse et assum\u00e9e. Dot\u00e9e d\u2019un bo\u00eetier de 36 mm, cette Royal Oak arbore un cadran gris tapisserie aux reflets subtils, sublim\u00e9 par des index et aiguilles dor\u00e9s assortis \u00e0 la bo\u00eete et au bracelet. Le guichet date \u00e0 3 heures, entour\u00e9 d\u2019un cadre dor\u00e9, compl\u00e8te harmonieusement le design embl\u00e9matique. Son bracelet int\u00e9gr\u00e9 en or jaune massif, signature de la collection, \u00e9pouse le poignet avec raffinement, tout en offrant un confort remarquable. Le tout est propuls\u00e9 par un mouvement automatique fiable, fid\u00e8le \u00e0 la pr\u00e9cision et \u00e0 l\u2019excellence horlog\u00e8re de la maison Audemars Piguet. Rare dans cette configuration \u201cFull Gold\u201d avec cadran gris, ce mod\u00e8le Ref. 14790SA repr\u00e9sente une opportunit\u00e9 unique pour les collectionneurs en qu\u00eate d\u2019une Royal Oak vintage au charme singulier.<\/p>","protected":false},"excerpt":{"rendered":"<p>Sublime Audemars Piguet Royal oak medium ref 14790BA full 18K gold<\/p>\n<p><strong>Model:<\/strong>\u00a0Royal oak medium 18k gold<\/p>\n<p><strong>Reference:<\/strong> 14790BA<\/p>\n<p><strong>Year:<\/strong> 1994<\/p>\n<p><strong>Serial :<\/strong>\u00a056X<\/p>\n<p><strong>Case:<\/strong>\u00a0Beautiful, lightly polished 18K gold case in excellent condition. The angles remain well-presented and the overall appearance remains consistent. Bezel in good condition. The watch has just been polished.<\/p>\n<p><strong>Dial:<\/strong>\u00a0Beautiful original grey dial, perfect, no defects, beautiful patina of the dial and perfect writing.<\/p>\n<p><strong>Bracelet:<\/strong>\u00a0Original 18k gold with original folding clasp.<\/p>\n<p><strong>Accessories:<\/strong>\u00a0None<\/p>","protected":false},"featured_media":14851,"template":"","meta":[],"pwb-brand":[434],"product_brand":[],"product_cat":[267,368,138],"product_tag":[452,451,356,104],"class_list":{"0":"post-14850","1":"product","2":"type-product","3":"status-publish","4":"has-post-thumbnail","6":"pwb-brand-audemars-piguet","7":"product_cat-audemars-piguet","8":"product_cat-montres-ph-watches","9":"product_cat-nouveautes","10":"product_tag-452","11":"product_tag-audemlars-piguet","12":"product_tag-full-gold","13":"product_tag-royal-oak","15":"first","16":"outofstock","17":"shipping-taxable","18":"product-type-simple"},"yoast_head":"<!-- This site is optimized with the Yoast SEO plugin v27.5 - https:\/\/yoast.com\/product\/yoast-seo-wordpress\/ -->\n<title>Audemars Piguet Royal Oak ref 14790BA full gold from 1994 &#8226; PARIS HEURE<\/title>\n<meta name=\"description\" content=\"Mod\u00e8le :\u00a0Royal oak medium or 18k R\u00e9f\u00e9rence:\u00a014790BA Ann\u00e9e:\u00a01994 Serial :\u00a056X Boite:\u00a0Beau boitier en or 18K peu polie en bel \u00e9tat de conservation.\" \/>\n<meta name=\"robots\" content=\"index, follow, max-snippet:-1, max-image-preview:large, max-video-preview:-1\" \/>\n<link rel=\"canonical\" href=\"https:\/\/www.parisheure.com\/en\/buy-watch\/audemars-piguet-royal-oak-ref-14790ba-full-gold-from-1994\/\" \/>\n<meta property=\"og:locale\" content=\"en_US\" \/>\n<meta property=\"og:type\" content=\"article\" \/>\n<meta property=\"og:title\" content=\"Audemars Piguet Royal Oak ref 14790BA full gold from 1994 &#8226; PARIS HEURE\" \/>\n<meta property=\"og:description\" content=\"Mod\u00e8le :\u00a0Royal oak medium or 18k R\u00e9f\u00e9rence:\u00a014790BA Ann\u00e9e:\u00a01994 Serial :\u00a056X Boite:\u00a0Beau boitier en or 18K peu polie en bel \u00e9tat de conservation.\" \/>\n<meta property=\"og:url\" content=\"https:\/\/www.parisheure.com\/en\/buy-watch\/audemars-piguet-royal-oak-ref-14790ba-full-gold-from-1994\/\" \/>\n<meta property=\"og:site_name\" content=\"PARIS HEURE\" \/>\n<meta property=\"article:publisher\" content=\"https:\/\/www.facebook.com\/ParisHeure\" \/>\n<meta property=\"article:modified_time\" content=\"2026-01-23T13:54:51+00:00\" \/>\n<meta property=\"og:image\" content=\"https:\/\/www.parisheure.com\/wp-content\/uploads\/2025\/04\/AUDEMARS-PIGUET-ROYAL-OAK-REF-14790-FULL-GOLD-18K-GREY-DIAL-FROM-1994-_0016_Calque-1-scaled.jpg\" \/>\n\t<meta property=\"og:image:width\" content=\"2560\" \/>\n\t<meta property=\"og:image:height\" content=\"2560\" \/>\n\t<meta property=\"og:image:type\" content=\"image\/jpeg\" \/>\n<meta name=\"twitter:card\" content=\"summary_large_image\" \/>\n<script type=\"application\/ld+json\" class=\"yoast-schema-graph\">{\"@context\":\"https:\\\/\\\/schema.org\",\"@graph\":[{\"@type\":\"WebPage\",\"@id\":\"https:\\\/\\\/www.parisheure.com\\\/acheter-montre\\\/audemars-piguet-royal-oak-ref-14790ba-full-gold-from-1994\\\/\",\"url\":\"https:\\\/\\\/www.parisheure.com\\\/acheter-montre\\\/audemars-piguet-royal-oak-ref-14790ba-full-gold-from-1994\\\/\",\"name\":\"Audemars Piguet Royal Oak ref 14790BA full gold from 1994 &#8226; PARIS HEURE\",\"isPartOf\":{\"@id\":\"https:\\\/\\\/www.parisheure.com\\\/#website\"},\"primaryImageOfPage\":{\"@id\":\"https:\\\/\\\/www.parisheure.com\\\/acheter-montre\\\/audemars-piguet-royal-oak-ref-14790ba-full-gold-from-1994\\\/#primaryimage\"},\"image\":{\"@id\":\"https:\\\/\\\/www.parisheure.com\\\/acheter-montre\\\/audemars-piguet-royal-oak-ref-14790ba-full-gold-from-1994\\\/#primaryimage\"},\"thumbnailUrl\":\"https:\\\/\\\/www.parisheure.com\\\/wp-content\\\/uploads\\\/2025\\\/04\\\/AUDEMARS-PIGUET-ROYAL-OAK-REF-14790-FULL-GOLD-18K-GREY-DIAL-FROM-1994-_0016_Calque-1-scaled.jpg\",\"datePublished\":\"2025-04-10T13:19:31+00:00\",\"dateModified\":\"2026-01-23T13:54:51+00:00\",\"description\":\"Mod\u00e8le :\u00a0Royal oak medium or 18k R\u00e9f\u00e9rence:\u00a014790BA Ann\u00e9e:\u00a01994 Serial :\u00a056X Boite:\u00a0Beau boitier en or 18K peu polie en bel \u00e9tat de conservation.\",\"breadcrumb\":{\"@id\":\"https:\\\/\\\/www.parisheure.com\\\/acheter-montre\\\/audemars-piguet-royal-oak-ref-14790ba-full-gold-from-1994\\\/#breadcrumb\"},\"inLanguage\":\"en-US\",\"potentialAction\":[{\"@type\":\"ReadAction\",\"target\":[\"https:\\\/\\\/www.parisheure.com\\\/acheter-montre\\\/audemars-piguet-royal-oak-ref-14790ba-full-gold-from-1994\\\/\"]}]},{\"@type\":\"ImageObject\",\"inLanguage\":\"en-US\",\"@id\":\"https:\\\/\\\/www.parisheure.com\\\/acheter-montre\\\/audemars-piguet-royal-oak-ref-14790ba-full-gold-from-1994\\\/#primaryimage\",\"url\":\"https:\\\/\\\/www.parisheure.com\\\/wp-content\\\/uploads\\\/2025\\\/04\\\/AUDEMARS-PIGUET-ROYAL-OAK-REF-14790-FULL-GOLD-18K-GREY-DIAL-FROM-1994-_0016_Calque-1-scaled.jpg\",\"contentUrl\":\"https:\\\/\\\/www.parisheure.com\\\/wp-content\\\/uploads\\\/2025\\\/04\\\/AUDEMARS-PIGUET-ROYAL-OAK-REF-14790-FULL-GOLD-18K-GREY-DIAL-FROM-1994-_0016_Calque-1-scaled.jpg\",\"width\":2560,\"height\":2560},{\"@type\":\"BreadcrumbList\",\"@id\":\"https:\\\/\\\/www.parisheure.com\\\/acheter-montre\\\/audemars-piguet-royal-oak-ref-14790ba-full-gold-from-1994\\\/#breadcrumb\",\"itemListElement\":[{\"@type\":\"ListItem\",\"position\":1,\"name\":\"Accueil\",\"item\":\"https:\\\/\\\/www.parisheure.com\\\/\"},{\"@type\":\"ListItem\",\"position\":2,\"name\":\"WATCHES\",\"item\":\"https:\\\/\\\/www.parisheure.com\\\/\"},{\"@type\":\"ListItem\",\"position\":3,\"name\":\"Audemars Piguet Royal Oak ref 14790BA full gold from 1994\"}]},{\"@type\":\"WebSite\",\"@id\":\"https:\\\/\\\/www.parisheure.com\\\/#website\",\"url\":\"https:\\\/\\\/www.parisheure.com\\\/\",\"name\":\"PARIS HEURE\",\"description\":\"Vintage watches Paris\",\"publisher\":{\"@id\":\"https:\\\/\\\/www.parisheure.com\\\/#organization\"},\"potentialAction\":[{\"@type\":\"SearchAction\",\"target\":{\"@type\":\"EntryPoint\",\"urlTemplate\":\"https:\\\/\\\/www.parisheure.com\\\/?s={search_term_string}\"},\"query-input\":{\"@type\":\"PropertyValueSpecification\",\"valueRequired\":true,\"valueName\":\"search_term_string\"}}],\"inLanguage\":\"en-US\"},{\"@type\":\"Organization\",\"@id\":\"https:\\\/\\\/www.parisheure.com\\\/#organization\",\"name\":\"PARIS HEURE\",\"url\":\"https:\\\/\\\/www.parisheure.com\\\/\",\"logo\":{\"@type\":\"ImageObject\",\"inLanguage\":\"en-US\",\"@id\":\"https:\\\/\\\/www.parisheure.com\\\/#\\\/schema\\\/logo\\\/image\\\/\",\"url\":\"https:\\\/\\\/www.parisheure.com\\\/wp-content\\\/uploads\\\/2021\\\/07\\\/cropped-logo-paris-heure.png\",\"contentUrl\":\"https:\\\/\\\/www.parisheure.com\\\/wp-content\\\/uploads\\\/2021\\\/07\\\/cropped-logo-paris-heure.png\",\"width\":512,\"height\":512,\"caption\":\"PARIS HEURE\"},\"image\":{\"@id\":\"https:\\\/\\\/www.parisheure.com\\\/#\\\/schema\\\/logo\\\/image\\\/\"},\"sameAs\":[\"https:\\\/\\\/www.facebook.com\\\/ParisHeure\",\"https:\\\/\\\/www.instagram.com\\\/parisheure\\\/\"]}]}<\/script>\n<!-- \/ Yoast SEO plugin. -->","yoast_head_json":{"title":"Audemars Piguet Royal Oak ref 14790BA full gold from 1994 &#8226; PARIS HEURE","description":"Mod\u00e8le :\u00a0Royal oak medium or 18k R\u00e9f\u00e9rence:\u00a014790BA Ann\u00e9e:\u00a01994 Serial :\u00a056X Boite:\u00a0Beau boitier en or 18K peu polie en bel \u00e9tat de conservation.","robots":{"index":"index","follow":"follow","max-snippet":"max-snippet:-1","max-image-preview":"max-image-preview:large","max-video-preview":"max-video-preview:-1"},"canonical":"https:\/\/www.parisheure.com\/en\/buy-watch\/audemars-piguet-royal-oak-ref-14790ba-full-gold-from-1994\/","og_locale":"en_US","og_type":"article","og_title":"Audemars Piguet Royal Oak ref 14790BA full gold from 1994 &#8226; PARIS HEURE","og_description":"Mod\u00e8le :\u00a0Royal oak medium or 18k R\u00e9f\u00e9rence:\u00a014790BA Ann\u00e9e:\u00a01994 Serial :\u00a056X Boite:\u00a0Beau boitier en or 18K peu polie en bel \u00e9tat de conservation.","og_url":"https:\/\/www.parisheure.com\/en\/buy-watch\/audemars-piguet-royal-oak-ref-14790ba-full-gold-from-1994\/","og_site_name":"PARIS HEURE","article_publisher":"https:\/\/www.facebook.com\/ParisHeure","article_modified_time":"2026-01-23T13:54:51+00:00","og_image":[{"width":2560,"height":2560,"url":"https:\/\/www.parisheure.com\/wp-content\/uploads\/2025\/04\/AUDEMARS-PIGUET-ROYAL-OAK-REF-14790-FULL-GOLD-18K-GREY-DIAL-FROM-1994-_0016_Calque-1-scaled.jpg","type":"image\/jpeg"}],"twitter_card":"summary_large_image","schema":{"@context":"https:\/\/schema.org","@graph":[{"@type":"WebPage","@id":"https:\/\/www.parisheure.com\/acheter-montre\/audemars-piguet-royal-oak-ref-14790ba-full-gold-from-1994\/","url":"https:\/\/www.parisheure.com\/acheter-montre\/audemars-piguet-royal-oak-ref-14790ba-full-gold-from-1994\/","name":"Audemars Piguet Royal Oak ref 14790BA full gold from 1994 &#8226; PARIS HEURE","isPartOf":{"@id":"https:\/\/www.parisheure.com\/#website"},"primaryImageOfPage":{"@id":"https:\/\/www.parisheure.com\/acheter-montre\/audemars-piguet-royal-oak-ref-14790ba-full-gold-from-1994\/#primaryimage"},"image":{"@id":"https:\/\/www.parisheure.com\/acheter-montre\/audemars-piguet-royal-oak-ref-14790ba-full-gold-from-1994\/#primaryimage"},"thumbnailUrl":"https:\/\/www.parisheure.com\/wp-content\/uploads\/2025\/04\/AUDEMARS-PIGUET-ROYAL-OAK-REF-14790-FULL-GOLD-18K-GREY-DIAL-FROM-1994-_0016_Calque-1-scaled.jpg","datePublished":"2025-04-10T13:19:31+00:00","dateModified":"2026-01-23T13:54:51+00:00","description":"Mod\u00e8le :\u00a0Royal oak medium or 18k R\u00e9f\u00e9rence:\u00a014790BA Ann\u00e9e:\u00a01994 Serial :\u00a056X Boite:\u00a0Beau boitier en or 18K peu polie en bel \u00e9tat de conservation.","breadcrumb":{"@id":"https:\/\/www.parisheure.com\/acheter-montre\/audemars-piguet-royal-oak-ref-14790ba-full-gold-from-1994\/#breadcrumb"},"inLanguage":"en-US","potentialAction":[{"@type":"ReadAction","target":["https:\/\/www.parisheure.com\/acheter-montre\/audemars-piguet-royal-oak-ref-14790ba-full-gold-from-1994\/"]}]},{"@type":"ImageObject","inLanguage":"en-US","@id":"https:\/\/www.parisheure.com\/acheter-montre\/audemars-piguet-royal-oak-ref-14790ba-full-gold-from-1994\/#primaryimage","url":"https:\/\/www.parisheure.com\/wp-content\/uploads\/2025\/04\/AUDEMARS-PIGUET-ROYAL-OAK-REF-14790-FULL-GOLD-18K-GREY-DIAL-FROM-1994-_0016_Calque-1-scaled.jpg","contentUrl":"https:\/\/www.parisheure.com\/wp-content\/uploads\/2025\/04\/AUDEMARS-PIGUET-ROYAL-OAK-REF-14790-FULL-GOLD-18K-GREY-DIAL-FROM-1994-_0016_Calque-1-scaled.jpg","width":2560,"height":2560},{"@type":"BreadcrumbList","@id":"https:\/\/www.parisheure.com\/acheter-montre\/audemars-piguet-royal-oak-ref-14790ba-full-gold-from-1994\/#breadcrumb","itemListElement":[{"@type":"ListItem","position":1,"name":"Accueil","item":"https:\/\/www.parisheure.com\/"},{"@type":"ListItem","position":2,"name":"WATCHES","item":"https:\/\/www.parisheure.com\/"},{"@type":"ListItem","position":3,"name":"Audemars Piguet Royal Oak ref 14790BA full gold from 1994"}]},{"@type":"WebSite","@id":"https:\/\/www.parisheure.com\/#website","url":"https:\/\/www.parisheure.com\/","name":"PARIS HEURE","description":"Vintage watches Paris","publisher":{"@id":"https:\/\/www.parisheure.com\/#organization"},"potentialAction":[{"@type":"SearchAction","target":{"@type":"EntryPoint","urlTemplate":"https:\/\/www.parisheure.com\/?s={search_term_string}"},"query-input":{"@type":"PropertyValueSpecification","valueRequired":true,"valueName":"search_term_string"}}],"inLanguage":"en-US"},{"@type":"Organization","@id":"https:\/\/www.parisheure.com\/#organization","name":"PARIS HEURE","url":"https:\/\/www.parisheure.com\/","logo":{"@type":"ImageObject","inLanguage":"en-US","@id":"https:\/\/www.parisheure.com\/#\/schema\/logo\/image\/","url":"https:\/\/www.parisheure.com\/wp-content\/uploads\/2021\/07\/cropped-logo-paris-heure.png","contentUrl":"https:\/\/www.parisheure.com\/wp-content\/uploads\/2021\/07\/cropped-logo-paris-heure.png","width":512,"height":512,"caption":"PARIS HEURE"},"image":{"@id":"https:\/\/www.parisheure.com\/#\/schema\/logo\/image\/"},"sameAs":["https:\/\/www.facebook.com\/ParisHeure","https:\/\/www.instagram.com\/parisheure\/"]}]}},"jetpack_sharing_enabled":true,"brands":[{"id":434,"name":"Audemars Piguet","slug":"audemars-piguet"}],"_links":{"self":[{"href":"https:\/\/www.parisheure.com\/en\/wp-json\/wp\/v2\/product\/14850","targetHints":{"allow":["GET"]}}],"collection":[{"href":"https:\/\/www.parisheure.com\/en\/wp-json\/wp\/v2\/product"}],"about":[{"href":"https:\/\/www.parisheure.com\/en\/wp-json\/wp\/v2\/types\/product"}],"version-history":[{"count":5,"href":"https:\/\/www.parisheure.com\/en\/wp-json\/wp\/v2\/product\/14850\/revisions"}],"predecessor-version":[{"id":15039,"href":"https:\/\/www.parisheure.com\/en\/wp-json\/wp\/v2\/product\/14850\/revisions\/15039"}],"wp:featuredmedia":[{"embeddable":true,"href":"https:\/\/www.parisheure.com\/en\/wp-json\/wp\/v2\/media\/14851"}],"wp:attachment":[{"href":"https:\/\/www.parisheure.com\/en\/wp-json\/wp\/v2\/media?parent=14850"}],"wp:term":[{"taxonomy":"pwb-brand","embeddable":true,"href":"https:\/\/www.parisheure.com\/en\/wp-json\/wp\/v2\/pwb-brand?post=14850"},{"taxonomy":"product_brand","embeddable":true,"href":"https:\/\/www.parisheure.com\/en\/wp-json\/wp\/v2\/product_brand?post=14850"},{"taxonomy":"product_cat","embeddable":true,"href":"https:\/\/www.parisheure.com\/en\/wp-json\/wp\/v2\/product_cat?post=14850"},{"taxonomy":"product_tag","embeddable":true,"href":"https:\/\/www.parisheure.com\/en\/wp-json\/wp\/v2\/product_tag?post=14850"}],"curies":[{"name":"wp","href":"https:\/\/api.w.org\/{rel}","templated":true}]}}