{"id":15253,"date":"2025-11-25T16:22:58","date_gmt":"2025-11-25T15:22:58","guid":{"rendered":"https:\/\/www.parisheure.com\/?post_type=product&#038;p=15253"},"modified":"2026-01-08T18:08:18","modified_gmt":"2026-01-08T17:08:18","slug":"rolex-datejust-41-ref-126334-blue-dial-index-diamonds","status":"publish","type":"product","link":"https:\/\/www.parisheure.com\/en\/buy-watch\/rolex-datejust-41-ref-126334-blue-dial-index-diamonds\/","title":{"rendered":"Rolex Datejust 41 ref 126334 blue dial index diamonds avce boite"},"content":{"rendered":"<p data-start=\"111\" data-end=\"565\"><strong>Our opinion:<\/strong> Cette Datejust 41 moderne, r\u00e9f\u00e9rence 126334, s\u2019impose comme une pi\u00e8ce d\u2019une grande distinction. Son cadran bleu illumin\u00e9 de diamants figure parmi les configurations les plus convoit\u00e9es, un \u00e9clat discret et raffin\u00e9 qui capte la lumi\u00e8re avec une profondeur presque hypnotique. L\u2019alliance de l\u2019acier et de l\u2019or gris lui conf\u00e8re une pr\u00e9sence contemporaine, \u00e0 la fois chic et naturellement polyvalente, capable de s\u2019accorder \u00e0 tous les univers. Equip\u00e9e le calibre 3235, derni\u00e8re g\u00e9n\u00e9ration des mouvements Rolex, reconnu pour sa pr\u00e9cision remarquable et sa fiabilit\u00e9 infaillible. Le tout forme une montre id\u00e9ale au quotidien, \u00e9l\u00e9gante dans chaque situation, suffisamment moderne pour accompagner une vie active, et assez intemporelle pour traverser les ann\u00e9es sans perdre de sa force. Une pi\u00e8ce compl\u00e8te qui offre un \u00e9quilibre rare entre style, sophistication et valeur.<\/p>","protected":false},"excerpt":{"rendered":"<p>Magnifique Rolex Datejust 41mm cadran bleu indexs diamants<\/p>\n<p><strong>Model:<\/strong> Datejust 41<\/p>\n<p><strong>Movement :<\/strong> Automatique Rolex calibre 3235<\/p>\n<p><strong>Reference :<\/strong> 126334<\/p>\n<p><strong>Diameter :<\/strong> 41 mm<\/p>\n<p><strong>Year:<\/strong> Circa 2020<\/p>\n<p><strong>Lunette :<\/strong> Lunette cannel\u00e9e en or gris 18k<\/p>\n<p><strong>Bo\u00eete : <\/strong>Tr\u00e8s beau bo\u00eetier en excellent \u00e9tat g\u00e9n\u00e9ral, aux ar\u00eates nettes et \u00e0 la carrure \u00e9paisse. Aucune rayure marqu\u00e9e, aspect proche du neuf. Lunette cannel\u00e9e en or gris parfaitement conserv\u00e9e, brillante et profonde.<\/p>\n<p><strong>Dial:<\/strong> Sublime cadran bleu \u00e0 index diamants, offrant un contraste \u00e9l\u00e9gant et moderne. Cadran d\u2019origine Rolex en parfait \u00e9tat, sans aucun d\u00e9faut. Aiguilles et indexs superlulinova parfaites, typiques de la nouvelle g\u00e9n\u00e9ration de Datejust 41.<\/p>\n<p><strong>Bracelet :<\/strong> Bracelet jubil\u00e9 acier d\u2019origine, en tr\u00e8s bel \u00e9tat, avec tr\u00e8s peu de stretch. Livr\u00e9 avec maillons suppl\u00e9mentaires et hangtag. Fermoir Oysterclasp avec Easylink fonctionnel.<\/p>\n<p><strong>Accessories: <\/strong>Livr\u00e9e avec bo\u00eete Rolex, hangtag, et maillons suppl\u00e9mentaires, papiers absents.<\/p>","protected":false},"featured_media":15145,"template":"","meta":[],"pwb-brand":[432],"product_brand":[],"product_cat":[368,138,90,249],"product_tag":[133,321,131,162,127],"class_list":{"0":"post-15253","1":"product","2":"type-product","3":"status-publish","4":"has-post-thumbnail","6":"pwb-brand-rolex","7":"product_cat-montres-ph-watches","8":"product_cat-nouveautes","9":"product_cat-rolex","10":"product_cat-rolex-datejust","11":"product_tag-133","12":"product_tag-bleu","13":"product_tag-datejust","14":"product_tag-diamants","15":"product_tag-rolex","17":"first","18":"instock","19":"shipping-taxable","20":"purchasable","21":"product-type-simple"},"yoast_head":"<!-- This site is optimized with the Yoast SEO plugin v27.4 - https:\/\/yoast.com\/product\/yoast-seo-wordpress\/ -->\n<title>Rolex Datejust 41 ref 126334 blue dial index diamonds avce boite &#8226; PARIS HEURE<\/title>\n<meta name=\"description\" content=\"Magnifique Rolex Datejust 41mm cadran bleu indexs diamants Mouvement : Automatique Rolex calibre 3235 R\u00e9f\u00e9rence : 126334 Diam\u00e8tre : 41 mm\" \/>\n<meta name=\"robots\" content=\"index, follow, max-snippet:-1, max-image-preview:large, max-video-preview:-1\" \/>\n<link rel=\"canonical\" href=\"https:\/\/www.parisheure.com\/en\/buy-watch\/rolex-datejust-41-ref-126334-blue-dial-index-diamonds\/\" \/>\n<meta property=\"og:locale\" content=\"en_US\" \/>\n<meta property=\"og:type\" content=\"article\" \/>\n<meta property=\"og:title\" content=\"Rolex Datejust 41 ref 126334 blue dial index diamonds avce boite &#8226; PARIS HEURE\" \/>\n<meta property=\"og:description\" content=\"Magnifique Rolex Datejust 41mm cadran bleu indexs diamants Mouvement : Automatique Rolex calibre 3235 R\u00e9f\u00e9rence : 126334 Diam\u00e8tre : 41 mm\" \/>\n<meta property=\"og:url\" content=\"https:\/\/www.parisheure.com\/en\/buy-watch\/rolex-datejust-41-ref-126334-blue-dial-index-diamonds\/\" \/>\n<meta property=\"og:site_name\" content=\"PARIS HEURE\" \/>\n<meta property=\"article:publisher\" content=\"https:\/\/www.facebook.com\/ParisHeure\" \/>\n<meta property=\"article:modified_time\" content=\"2026-01-08T17:08:18+00:00\" \/>\n<meta property=\"og:image\" content=\"https:\/\/www.parisheure.com\/wp-content\/uploads\/2025\/11\/ROLEX-DATEJUST-REF-126334-OR-BLANC-JUBILEE-CADRAN-BLEU-DIAMANTS_0010_Calque-4-scaled.jpg\" \/>\n\t<meta property=\"og:image:width\" content=\"2560\" \/>\n\t<meta property=\"og:image:height\" content=\"2560\" \/>\n\t<meta property=\"og:image:type\" content=\"image\/jpeg\" \/>\n<meta name=\"twitter:card\" content=\"summary_large_image\" \/>\n<script type=\"application\/ld+json\" class=\"yoast-schema-graph\">{\"@context\":\"https:\\\/\\\/schema.org\",\"@graph\":[{\"@type\":\"WebPage\",\"@id\":\"https:\\\/\\\/www.parisheure.com\\\/acheter-montre\\\/rolex-datejust-41-ref-126334-blue-dial-index-diamonds\\\/\",\"url\":\"https:\\\/\\\/www.parisheure.com\\\/acheter-montre\\\/rolex-datejust-41-ref-126334-blue-dial-index-diamonds\\\/\",\"name\":\"Rolex Datejust 41 ref 126334 blue dial index diamonds avce boite &#8226; PARIS HEURE\",\"isPartOf\":{\"@id\":\"https:\\\/\\\/www.parisheure.com\\\/#website\"},\"primaryImageOfPage\":{\"@id\":\"https:\\\/\\\/www.parisheure.com\\\/acheter-montre\\\/rolex-datejust-41-ref-126334-blue-dial-index-diamonds\\\/#primaryimage\"},\"image\":{\"@id\":\"https:\\\/\\\/www.parisheure.com\\\/acheter-montre\\\/rolex-datejust-41-ref-126334-blue-dial-index-diamonds\\\/#primaryimage\"},\"thumbnailUrl\":\"https:\\\/\\\/www.parisheure.com\\\/wp-content\\\/uploads\\\/2025\\\/11\\\/ROLEX-DATEJUST-REF-126334-OR-BLANC-JUBILEE-CADRAN-BLEU-DIAMANTS_0010_Calque-4-scaled.jpg\",\"datePublished\":\"2025-11-25T15:22:58+00:00\",\"dateModified\":\"2026-01-08T17:08:18+00:00\",\"description\":\"Magnifique Rolex Datejust 41mm cadran bleu indexs diamants Mouvement : Automatique Rolex calibre 3235 R\u00e9f\u00e9rence : 126334 Diam\u00e8tre : 41 mm\",\"breadcrumb\":{\"@id\":\"https:\\\/\\\/www.parisheure.com\\\/acheter-montre\\\/rolex-datejust-41-ref-126334-blue-dial-index-diamonds\\\/#breadcrumb\"},\"inLanguage\":\"en-US\",\"potentialAction\":[{\"@type\":\"ReadAction\",\"target\":[\"https:\\\/\\\/www.parisheure.com\\\/acheter-montre\\\/rolex-datejust-41-ref-126334-blue-dial-index-diamonds\\\/\"]}]},{\"@type\":\"ImageObject\",\"inLanguage\":\"en-US\",\"@id\":\"https:\\\/\\\/www.parisheure.com\\\/acheter-montre\\\/rolex-datejust-41-ref-126334-blue-dial-index-diamonds\\\/#primaryimage\",\"url\":\"https:\\\/\\\/www.parisheure.com\\\/wp-content\\\/uploads\\\/2025\\\/11\\\/ROLEX-DATEJUST-REF-126334-OR-BLANC-JUBILEE-CADRAN-BLEU-DIAMANTS_0010_Calque-4-scaled.jpg\",\"contentUrl\":\"https:\\\/\\\/www.parisheure.com\\\/wp-content\\\/uploads\\\/2025\\\/11\\\/ROLEX-DATEJUST-REF-126334-OR-BLANC-JUBILEE-CADRAN-BLEU-DIAMANTS_0010_Calque-4-scaled.jpg\",\"width\":2560,\"height\":2560},{\"@type\":\"BreadcrumbList\",\"@id\":\"https:\\\/\\\/www.parisheure.com\\\/acheter-montre\\\/rolex-datejust-41-ref-126334-blue-dial-index-diamonds\\\/#breadcrumb\",\"itemListElement\":[{\"@type\":\"ListItem\",\"position\":1,\"name\":\"Accueil\",\"item\":\"https:\\\/\\\/www.parisheure.com\\\/\"},{\"@type\":\"ListItem\",\"position\":2,\"name\":\"WATCHES\",\"item\":\"https:\\\/\\\/www.parisheure.com\\\/\"},{\"@type\":\"ListItem\",\"position\":3,\"name\":\"Rolex Datejust 41 ref 126334 blue dial index diamonds avce boite\"}]},{\"@type\":\"WebSite\",\"@id\":\"https:\\\/\\\/www.parisheure.com\\\/#website\",\"url\":\"https:\\\/\\\/www.parisheure.com\\\/\",\"name\":\"PARIS HEURE\",\"description\":\"Vintage watches Paris\",\"publisher\":{\"@id\":\"https:\\\/\\\/www.parisheure.com\\\/#organization\"},\"potentialAction\":[{\"@type\":\"SearchAction\",\"target\":{\"@type\":\"EntryPoint\",\"urlTemplate\":\"https:\\\/\\\/www.parisheure.com\\\/?s={search_term_string}\"},\"query-input\":{\"@type\":\"PropertyValueSpecification\",\"valueRequired\":true,\"valueName\":\"search_term_string\"}}],\"inLanguage\":\"en-US\"},{\"@type\":\"Organization\",\"@id\":\"https:\\\/\\\/www.parisheure.com\\\/#organization\",\"name\":\"PARIS HEURE\",\"url\":\"https:\\\/\\\/www.parisheure.com\\\/\",\"logo\":{\"@type\":\"ImageObject\",\"inLanguage\":\"en-US\",\"@id\":\"https:\\\/\\\/www.parisheure.com\\\/#\\\/schema\\\/logo\\\/image\\\/\",\"url\":\"https:\\\/\\\/www.parisheure.com\\\/wp-content\\\/uploads\\\/2021\\\/07\\\/cropped-logo-paris-heure.png\",\"contentUrl\":\"https:\\\/\\\/www.parisheure.com\\\/wp-content\\\/uploads\\\/2021\\\/07\\\/cropped-logo-paris-heure.png\",\"width\":512,\"height\":512,\"caption\":\"PARIS HEURE\"},\"image\":{\"@id\":\"https:\\\/\\\/www.parisheure.com\\\/#\\\/schema\\\/logo\\\/image\\\/\"},\"sameAs\":[\"https:\\\/\\\/www.facebook.com\\\/ParisHeure\",\"https:\\\/\\\/www.instagram.com\\\/parisheure\\\/\"]}]}<\/script>\n<!-- \/ Yoast SEO plugin. -->","yoast_head_json":{"title":"Rolex Datejust 41 ref 126334 blue dial index diamonds avce boite &#8226; PARIS HEURE","description":"Magnifique Rolex Datejust 41mm cadran bleu indexs diamants Mouvement : Automatique Rolex calibre 3235 R\u00e9f\u00e9rence : 126334 Diam\u00e8tre : 41 mm","robots":{"index":"index","follow":"follow","max-snippet":"max-snippet:-1","max-image-preview":"max-image-preview:large","max-video-preview":"max-video-preview:-1"},"canonical":"https:\/\/www.parisheure.com\/en\/buy-watch\/rolex-datejust-41-ref-126334-blue-dial-index-diamonds\/","og_locale":"en_US","og_type":"article","og_title":"Rolex Datejust 41 ref 126334 blue dial index diamonds avce boite &#8226; PARIS HEURE","og_description":"Magnifique Rolex Datejust 41mm cadran bleu indexs diamants Mouvement : Automatique Rolex calibre 3235 R\u00e9f\u00e9rence : 126334 Diam\u00e8tre : 41 mm","og_url":"https:\/\/www.parisheure.com\/en\/buy-watch\/rolex-datejust-41-ref-126334-blue-dial-index-diamonds\/","og_site_name":"PARIS HEURE","article_publisher":"https:\/\/www.facebook.com\/ParisHeure","article_modified_time":"2026-01-08T17:08:18+00:00","og_image":[{"width":2560,"height":2560,"url":"https:\/\/www.parisheure.com\/wp-content\/uploads\/2025\/11\/ROLEX-DATEJUST-REF-126334-OR-BLANC-JUBILEE-CADRAN-BLEU-DIAMANTS_0010_Calque-4-scaled.jpg","type":"image\/jpeg"}],"twitter_card":"summary_large_image","schema":{"@context":"https:\/\/schema.org","@graph":[{"@type":"WebPage","@id":"https:\/\/www.parisheure.com\/acheter-montre\/rolex-datejust-41-ref-126334-blue-dial-index-diamonds\/","url":"https:\/\/www.parisheure.com\/acheter-montre\/rolex-datejust-41-ref-126334-blue-dial-index-diamonds\/","name":"Rolex Datejust 41 ref 126334 blue dial index diamonds avce boite &#8226; PARIS HEURE","isPartOf":{"@id":"https:\/\/www.parisheure.com\/#website"},"primaryImageOfPage":{"@id":"https:\/\/www.parisheure.com\/acheter-montre\/rolex-datejust-41-ref-126334-blue-dial-index-diamonds\/#primaryimage"},"image":{"@id":"https:\/\/www.parisheure.com\/acheter-montre\/rolex-datejust-41-ref-126334-blue-dial-index-diamonds\/#primaryimage"},"thumbnailUrl":"https:\/\/www.parisheure.com\/wp-content\/uploads\/2025\/11\/ROLEX-DATEJUST-REF-126334-OR-BLANC-JUBILEE-CADRAN-BLEU-DIAMANTS_0010_Calque-4-scaled.jpg","datePublished":"2025-11-25T15:22:58+00:00","dateModified":"2026-01-08T17:08:18+00:00","description":"Magnifique Rolex Datejust 41mm cadran bleu indexs diamants Mouvement : Automatique Rolex calibre 3235 R\u00e9f\u00e9rence : 126334 Diam\u00e8tre : 41 mm","breadcrumb":{"@id":"https:\/\/www.parisheure.com\/acheter-montre\/rolex-datejust-41-ref-126334-blue-dial-index-diamonds\/#breadcrumb"},"inLanguage":"en-US","potentialAction":[{"@type":"ReadAction","target":["https:\/\/www.parisheure.com\/acheter-montre\/rolex-datejust-41-ref-126334-blue-dial-index-diamonds\/"]}]},{"@type":"ImageObject","inLanguage":"en-US","@id":"https:\/\/www.parisheure.com\/acheter-montre\/rolex-datejust-41-ref-126334-blue-dial-index-diamonds\/#primaryimage","url":"https:\/\/www.parisheure.com\/wp-content\/uploads\/2025\/11\/ROLEX-DATEJUST-REF-126334-OR-BLANC-JUBILEE-CADRAN-BLEU-DIAMANTS_0010_Calque-4-scaled.jpg","contentUrl":"https:\/\/www.parisheure.com\/wp-content\/uploads\/2025\/11\/ROLEX-DATEJUST-REF-126334-OR-BLANC-JUBILEE-CADRAN-BLEU-DIAMANTS_0010_Calque-4-scaled.jpg","width":2560,"height":2560},{"@type":"BreadcrumbList","@id":"https:\/\/www.parisheure.com\/acheter-montre\/rolex-datejust-41-ref-126334-blue-dial-index-diamonds\/#breadcrumb","itemListElement":[{"@type":"ListItem","position":1,"name":"Accueil","item":"https:\/\/www.parisheure.com\/"},{"@type":"ListItem","position":2,"name":"WATCHES","item":"https:\/\/www.parisheure.com\/"},{"@type":"ListItem","position":3,"name":"Rolex Datejust 41 ref 126334 blue dial index diamonds avce boite"}]},{"@type":"WebSite","@id":"https:\/\/www.parisheure.com\/#website","url":"https:\/\/www.parisheure.com\/","name":"PARIS HEURE","description":"Vintage watches Paris","publisher":{"@id":"https:\/\/www.parisheure.com\/#organization"},"potentialAction":[{"@type":"SearchAction","target":{"@type":"EntryPoint","urlTemplate":"https:\/\/www.parisheure.com\/?s={search_term_string}"},"query-input":{"@type":"PropertyValueSpecification","valueRequired":true,"valueName":"search_term_string"}}],"inLanguage":"en-US"},{"@type":"Organization","@id":"https:\/\/www.parisheure.com\/#organization","name":"PARIS HEURE","url":"https:\/\/www.parisheure.com\/","logo":{"@type":"ImageObject","inLanguage":"en-US","@id":"https:\/\/www.parisheure.com\/#\/schema\/logo\/image\/","url":"https:\/\/www.parisheure.com\/wp-content\/uploads\/2021\/07\/cropped-logo-paris-heure.png","contentUrl":"https:\/\/www.parisheure.com\/wp-content\/uploads\/2021\/07\/cropped-logo-paris-heure.png","width":512,"height":512,"caption":"PARIS HEURE"},"image":{"@id":"https:\/\/www.parisheure.com\/#\/schema\/logo\/image\/"},"sameAs":["https:\/\/www.facebook.com\/ParisHeure","https:\/\/www.instagram.com\/parisheure\/"]}]}},"jetpack_sharing_enabled":true,"brands":[{"id":432,"name":"Rolex","slug":"rolex"}],"_links":{"self":[{"href":"https:\/\/www.parisheure.com\/en\/wp-json\/wp\/v2\/product\/15253","targetHints":{"allow":["GET"]}}],"collection":[{"href":"https:\/\/www.parisheure.com\/en\/wp-json\/wp\/v2\/product"}],"about":[{"href":"https:\/\/www.parisheure.com\/en\/wp-json\/wp\/v2\/types\/product"}],"version-history":[{"count":2,"href":"https:\/\/www.parisheure.com\/en\/wp-json\/wp\/v2\/product\/15253\/revisions"}],"predecessor-version":[{"id":15267,"href":"https:\/\/www.parisheure.com\/en\/wp-json\/wp\/v2\/product\/15253\/revisions\/15267"}],"wp:featuredmedia":[{"embeddable":true,"href":"https:\/\/www.parisheure.com\/en\/wp-json\/wp\/v2\/media\/15145"}],"wp:attachment":[{"href":"https:\/\/www.parisheure.com\/en\/wp-json\/wp\/v2\/media?parent=15253"}],"wp:term":[{"taxonomy":"pwb-brand","embeddable":true,"href":"https:\/\/www.parisheure.com\/en\/wp-json\/wp\/v2\/pwb-brand?post=15253"},{"taxonomy":"product_brand","embeddable":true,"href":"https:\/\/www.parisheure.com\/en\/wp-json\/wp\/v2\/product_brand?post=15253"},{"taxonomy":"product_cat","embeddable":true,"href":"https:\/\/www.parisheure.com\/en\/wp-json\/wp\/v2\/product_cat?post=15253"},{"taxonomy":"product_tag","embeddable":true,"href":"https:\/\/www.parisheure.com\/en\/wp-json\/wp\/v2\/product_tag?post=15253"}],"curies":[{"name":"wp","href":"https:\/\/api.w.org\/{rel}","templated":true}]}}