{"id":15255,"date":"2025-11-25T18:37:55","date_gmt":"2025-11-25T17:37:55","guid":{"rendered":"https:\/\/www.parisheure.com\/?post_type=product&#038;p=15255"},"modified":"2025-11-25T18:44:35","modified_gmt":"2025-11-25T17:44:35","slug":"rolex-submariner-date-ref-1680-mk1-circa-1970s","status":"publish","type":"product","link":"https:\/\/www.parisheure.com\/en\/buy-watch\/rolex-submariner-date-ref-1680-mk1-circa-1970s\/","title":{"rendered":"Rolex Submariner date ref 1680 mk1 patine vanile from 1979"},"content":{"rendered":"<p><strong>Our opinion: <\/strong>Cette Submariner 1680 MK1 pr\u00e9sente un cadran authentique accompagn\u00e9 d\u2019une patine homog\u00e8ne, offrant un rendu vintage tr\u00e8s attractif. L\u2019insert, remplac\u00e9 lors d\u2019une intervention ult\u00e9rieure, s\u2019int\u00e8gre harmonieusement \u00e0 l\u2019ensemble et renforce son esth\u00e9tique de montre-outil pens\u00e9e pour un usage quotidien. Mont\u00e9e sur un bracelet Jubilee, elle gagne en confort et en personnalit\u00e9, tout en conservant l\u2019ADN sportif de la r\u00e9f\u00e9rence. Une pi\u00e8ce id\u00e9ale pour un collectionneur recherchant une Submariner vintage au caract\u00e8re affirm\u00e9, r\u00e9unissant charme, coh\u00e9rence et pr\u00e9sence au poignet. L\u2019ajout d\u2019un insert plus tardif n\u2019enl\u00e8ve rien \u00e0 l\u2019allure g\u00e9n\u00e9rale et renforce son c\u00f4t\u00e9 \u201ctool watch\u201d pr\u00eate \u00e0 l\u2019usage.<\/p>","protected":false},"excerpt":{"rendered":"<p>Tr\u00e8s belle Rolex Submariner date MK1 patine vanille<\/p>\n<p><strong>Model:<\/strong> Submariner Date<\/p>\n<p><strong>Reference :<\/strong> 1680<\/p>\n<p><strong>Movement :<\/strong> Automatique Rolex, calibre 1570<\/p>\n<p><strong>Diameter :<\/strong> 40 mm<\/p>\n<p><strong>Year:<\/strong> 1979<\/p>\n<p><strong>Dial:<\/strong> Cadran MK1 \u201cFeet First\u201d<\/p>\n<p><strong>Serial :<\/strong>\u00a0612XXX<\/p>\n<p><strong>Bracelet :<\/strong> Jubilee acier Rolex<\/p>\n<p><strong>Bo\u00eete : <\/strong>Bo\u00eetier acier en tr\u00e8s bel \u00e9tat, aspect g\u00e9n\u00e9ral harmonieux. La lunette tournante est \u00e9quip\u00e9e d\u2019un insert plus tardif, en excellent \u00e9tat, offrant une belle lisibilit\u00e9 et une esth\u00e9tique sobre. La couronne Triplock fonctionne parfaitement. Un ensemble coh\u00e9rent, pr\u00eat \u00e0 porter, conserv\u00e9 avec soin.<\/p>\n<p><strong>Dial: <\/strong>Magnifique cadran Submariner MK1 \u00ab\u00a0feet first\u00a0\u00bb des ann\u00e9es 70. Index tritium \u00e0 la patine cr\u00e8me homog\u00e8ne, parfaitement assortis aux aiguilles. Typographie bien nette, date lisible, verre dome mais peut etre remplac\u00e9 par le verre cyclope d&rsquo;origne, profondeur du noir intacte. Un cadran d\u2019origine, non retouch\u00e9, tr\u00e8s recherch\u00e9 des collectionneurs.<\/p>\n<p><strong>Movement : <\/strong>Mouvement automatique Rolex calibre 1570, fiable, pr\u00e9cis et embl\u00e9matique de la g\u00e9n\u00e9ration 1680.<\/p>\n<p><strong>Bracelet : <\/strong>Bracelet Jubilee acier Rolex<\/p>\n<p><strong>Accessories: <\/strong>None<\/p>","protected":false},"featured_media":15234,"template":"","meta":[],"pwb-brand":[432],"product_brand":[],"product_cat":[368,138,90,244],"product_tag":[],"class_list":{"0":"post-15255","1":"product","2":"type-product","3":"status-publish","4":"has-post-thumbnail","6":"pwb-brand-rolex","7":"product_cat-montres-ph-watches","8":"product_cat-nouveautes","9":"product_cat-rolex","10":"product_cat-rolex-submariner","12":"first","13":"instock","14":"shipping-taxable","15":"purchasable","16":"product-type-simple"},"yoast_head":"<!-- This site is optimized with the Yoast SEO plugin v27.4 - https:\/\/yoast.com\/product\/yoast-seo-wordpress\/ -->\n<title>Rolex Submariner date ref 1680 mk1 patine vanile from 1979 &#8226; PARIS HEURE<\/title>\n<meta name=\"description\" content=\"Tr\u00e8s belle Rolex Submariner date MK1 patine vanille  Mod\u00e8le : Submariner Date  R\u00e9f\u00e9rence : 1680  Mouvement : Automatique Rolex, calibre 1570  Diam\u00e8tre : 40 mm  Ann\u00e9e : 1979  Cadran : Cadran MK1 \u201cFeet First\u201d  Serial\u00a0:\u00a0612XXX  Bracelet : Jubilee acier Rolex  Bo\u00eete : Bo\u00eetier acier en tr\u00e8s bel \u00e9tat, aspect g\u00e9n\u00e9ral harmonieux. La lunette tournante est \u00e9quip\u00e9e d\u2019un insert plus tardif, en excellent \u00e9tat, offrant une belle lisibilit\u00e9 et une esth\u00e9tique sobre. La couronne Triplock fonctionne parfaitement. Un ensemble coh\u00e9rent, pr\u00eat \u00e0 porter, conserv\u00e9 avec soin.  Cadran : Magnifique cadran Submariner MK1 &quot;feet first&quot; des ann\u00e9es 70. Index tritium \u00e0 la patine cr\u00e8me homog\u00e8ne, parfaitement assortis aux aiguilles. Typographie bien nette, date lisible, verre dome mais peut etre remplac\u00e9 par le verre cyclope d&#039;origne, profondeur du noir intacte. Un cadran d\u2019origine, non retouch\u00e9, tr\u00e8s recherch\u00e9 des collectionneurs.  Mouvement : Mouvement automatique Rolex calibre 1570, fiable, pr\u00e9cis et embl\u00e9matique de la g\u00e9n\u00e9ration 1680.  Bracelet : Bracelet Jubilee acier Rolex  Accessoires : Aucuns\" \/>\n<meta name=\"robots\" content=\"index, follow, max-snippet:-1, max-image-preview:large, max-video-preview:-1\" \/>\n<link rel=\"canonical\" href=\"https:\/\/www.parisheure.com\/en\/buy-watch\/rolex-submariner-date-ref-1680-mk1-circa-1970s\/\" \/>\n<meta property=\"og:locale\" content=\"en_US\" \/>\n<meta property=\"og:type\" content=\"article\" \/>\n<meta property=\"og:title\" content=\"Rolex Submariner date ref 1680 mk1 patine vanile from 1979 &#8226; PARIS HEURE\" \/>\n<meta property=\"og:description\" content=\"Tr\u00e8s belle Rolex Submariner date MK1 patine vanille  Mod\u00e8le : Submariner Date  R\u00e9f\u00e9rence : 1680  Mouvement : Automatique Rolex, calibre 1570  Diam\u00e8tre : 40 mm  Ann\u00e9e : 1979  Cadran : Cadran MK1 \u201cFeet First\u201d  Serial\u00a0:\u00a0612XXX  Bracelet : Jubilee acier Rolex  Bo\u00eete : Bo\u00eetier acier en tr\u00e8s bel \u00e9tat, aspect g\u00e9n\u00e9ral harmonieux. La lunette tournante est \u00e9quip\u00e9e d\u2019un insert plus tardif, en excellent \u00e9tat, offrant une belle lisibilit\u00e9 et une esth\u00e9tique sobre. La couronne Triplock fonctionne parfaitement. Un ensemble coh\u00e9rent, pr\u00eat \u00e0 porter, conserv\u00e9 avec soin.  Cadran : Magnifique cadran Submariner MK1 &quot;feet first&quot; des ann\u00e9es 70. Index tritium \u00e0 la patine cr\u00e8me homog\u00e8ne, parfaitement assortis aux aiguilles. Typographie bien nette, date lisible, verre dome mais peut etre remplac\u00e9 par le verre cyclope d&#039;origne, profondeur du noir intacte. Un cadran d\u2019origine, non retouch\u00e9, tr\u00e8s recherch\u00e9 des collectionneurs.  Mouvement : Mouvement automatique Rolex calibre 1570, fiable, pr\u00e9cis et embl\u00e9matique de la g\u00e9n\u00e9ration 1680.  Bracelet : Bracelet Jubilee acier Rolex  Accessoires : Aucuns\" \/>\n<meta property=\"og:url\" content=\"https:\/\/www.parisheure.com\/en\/buy-watch\/rolex-submariner-date-ref-1680-mk1-circa-1970s\/\" \/>\n<meta property=\"og:site_name\" content=\"PARIS HEURE\" \/>\n<meta property=\"article:publisher\" content=\"https:\/\/www.facebook.com\/ParisHeure\" \/>\n<meta property=\"article:modified_time\" content=\"2025-11-25T17:44:35+00:00\" \/>\n<meta property=\"og:image\" content=\"https:\/\/www.parisheure.com\/wp-content\/uploads\/2025\/11\/ROLEX-SUBMARINER-DATE-REF-1680-MK1-JUBILEE-BRACELET_0021_Calque-1-scaled.jpg\" \/>\n\t<meta property=\"og:image:width\" content=\"2560\" \/>\n\t<meta property=\"og:image:height\" content=\"2560\" \/>\n\t<meta property=\"og:image:type\" content=\"image\/jpeg\" \/>\n<meta name=\"twitter:card\" content=\"summary_large_image\" \/>\n<script type=\"application\/ld+json\" class=\"yoast-schema-graph\">{\"@context\":\"https:\\\/\\\/schema.org\",\"@graph\":[{\"@type\":\"WebPage\",\"@id\":\"https:\\\/\\\/www.parisheure.com\\\/acheter-montre\\\/rolex-submariner-date-ref-1680-mk1-circa-1970s\\\/\",\"url\":\"https:\\\/\\\/www.parisheure.com\\\/acheter-montre\\\/rolex-submariner-date-ref-1680-mk1-circa-1970s\\\/\",\"name\":\"Rolex Submariner date ref 1680 mk1 patine vanile from 1979 &#8226; PARIS HEURE\",\"isPartOf\":{\"@id\":\"https:\\\/\\\/www.parisheure.com\\\/#website\"},\"primaryImageOfPage\":{\"@id\":\"https:\\\/\\\/www.parisheure.com\\\/acheter-montre\\\/rolex-submariner-date-ref-1680-mk1-circa-1970s\\\/#primaryimage\"},\"image\":{\"@id\":\"https:\\\/\\\/www.parisheure.com\\\/acheter-montre\\\/rolex-submariner-date-ref-1680-mk1-circa-1970s\\\/#primaryimage\"},\"thumbnailUrl\":\"https:\\\/\\\/www.parisheure.com\\\/wp-content\\\/uploads\\\/2025\\\/11\\\/ROLEX-SUBMARINER-DATE-REF-1680-MK1-JUBILEE-BRACELET_0021_Calque-1-scaled.jpg\",\"datePublished\":\"2025-11-25T17:37:55+00:00\",\"dateModified\":\"2025-11-25T17:44:35+00:00\",\"description\":\"Tr\u00e8s belle Rolex Submariner date MK1 patine vanille Mod\u00e8le : Submariner Date R\u00e9f\u00e9rence : 1680 Mouvement : Automatique Rolex, calibre 1570 Diam\u00e8tre : 40 mm Ann\u00e9e : 1979 Cadran : Cadran MK1 \u201cFeet First\u201d Serial\u00a0:\u00a0612XXX Bracelet : Jubilee acier Rolex Bo\u00eete : Bo\u00eetier acier en tr\u00e8s bel \u00e9tat, aspect g\u00e9n\u00e9ral harmonieux. La lunette tournante est \u00e9quip\u00e9e d\u2019un insert plus tardif, en excellent \u00e9tat, offrant une belle lisibilit\u00e9 et une esth\u00e9tique sobre. La couronne Triplock fonctionne parfaitement. Un ensemble coh\u00e9rent, pr\u00eat \u00e0 porter, conserv\u00e9 avec soin. Cadran : Magnifique cadran Submariner MK1 \\\"feet first\\\" des ann\u00e9es 70. Index tritium \u00e0 la patine cr\u00e8me homog\u00e8ne, parfaitement assortis aux aiguilles. Typographie bien nette, date lisible, verre dome mais peut etre remplac\u00e9 par le verre cyclope d'origne, profondeur du noir intacte. Un cadran d\u2019origine, non retouch\u00e9, tr\u00e8s recherch\u00e9 des collectionneurs. Mouvement : Mouvement automatique Rolex calibre 1570, fiable, pr\u00e9cis et embl\u00e9matique de la g\u00e9n\u00e9ration 1680. Bracelet : Bracelet Jubilee acier Rolex Accessoires : Aucuns\",\"breadcrumb\":{\"@id\":\"https:\\\/\\\/www.parisheure.com\\\/acheter-montre\\\/rolex-submariner-date-ref-1680-mk1-circa-1970s\\\/#breadcrumb\"},\"inLanguage\":\"en-US\",\"potentialAction\":[{\"@type\":\"ReadAction\",\"target\":[\"https:\\\/\\\/www.parisheure.com\\\/acheter-montre\\\/rolex-submariner-date-ref-1680-mk1-circa-1970s\\\/\"]}]},{\"@type\":\"ImageObject\",\"inLanguage\":\"en-US\",\"@id\":\"https:\\\/\\\/www.parisheure.com\\\/acheter-montre\\\/rolex-submariner-date-ref-1680-mk1-circa-1970s\\\/#primaryimage\",\"url\":\"https:\\\/\\\/www.parisheure.com\\\/wp-content\\\/uploads\\\/2025\\\/11\\\/ROLEX-SUBMARINER-DATE-REF-1680-MK1-JUBILEE-BRACELET_0021_Calque-1-scaled.jpg\",\"contentUrl\":\"https:\\\/\\\/www.parisheure.com\\\/wp-content\\\/uploads\\\/2025\\\/11\\\/ROLEX-SUBMARINER-DATE-REF-1680-MK1-JUBILEE-BRACELET_0021_Calque-1-scaled.jpg\",\"width\":2560,\"height\":2560},{\"@type\":\"BreadcrumbList\",\"@id\":\"https:\\\/\\\/www.parisheure.com\\\/acheter-montre\\\/rolex-submariner-date-ref-1680-mk1-circa-1970s\\\/#breadcrumb\",\"itemListElement\":[{\"@type\":\"ListItem\",\"position\":1,\"name\":\"Accueil\",\"item\":\"https:\\\/\\\/www.parisheure.com\\\/\"},{\"@type\":\"ListItem\",\"position\":2,\"name\":\"WATCHES\",\"item\":\"https:\\\/\\\/www.parisheure.com\\\/\"},{\"@type\":\"ListItem\",\"position\":3,\"name\":\"Rolex Submariner date ref 1680 mk1 patine vanile from 1979\"}]},{\"@type\":\"WebSite\",\"@id\":\"https:\\\/\\\/www.parisheure.com\\\/#website\",\"url\":\"https:\\\/\\\/www.parisheure.com\\\/\",\"name\":\"PARIS HEURE\",\"description\":\"Vintage watches Paris\",\"publisher\":{\"@id\":\"https:\\\/\\\/www.parisheure.com\\\/#organization\"},\"potentialAction\":[{\"@type\":\"SearchAction\",\"target\":{\"@type\":\"EntryPoint\",\"urlTemplate\":\"https:\\\/\\\/www.parisheure.com\\\/?s={search_term_string}\"},\"query-input\":{\"@type\":\"PropertyValueSpecification\",\"valueRequired\":true,\"valueName\":\"search_term_string\"}}],\"inLanguage\":\"en-US\"},{\"@type\":\"Organization\",\"@id\":\"https:\\\/\\\/www.parisheure.com\\\/#organization\",\"name\":\"PARIS HEURE\",\"url\":\"https:\\\/\\\/www.parisheure.com\\\/\",\"logo\":{\"@type\":\"ImageObject\",\"inLanguage\":\"en-US\",\"@id\":\"https:\\\/\\\/www.parisheure.com\\\/#\\\/schema\\\/logo\\\/image\\\/\",\"url\":\"https:\\\/\\\/www.parisheure.com\\\/wp-content\\\/uploads\\\/2021\\\/07\\\/cropped-logo-paris-heure.png\",\"contentUrl\":\"https:\\\/\\\/www.parisheure.com\\\/wp-content\\\/uploads\\\/2021\\\/07\\\/cropped-logo-paris-heure.png\",\"width\":512,\"height\":512,\"caption\":\"PARIS HEURE\"},\"image\":{\"@id\":\"https:\\\/\\\/www.parisheure.com\\\/#\\\/schema\\\/logo\\\/image\\\/\"},\"sameAs\":[\"https:\\\/\\\/www.facebook.com\\\/ParisHeure\",\"https:\\\/\\\/www.instagram.com\\\/parisheure\\\/\"]}]}<\/script>\n<!-- \/ Yoast SEO plugin. -->","yoast_head_json":{"title":"Rolex Submariner date ref 1680 mk1 patine vanile from 1979 &#8226; PARIS HEURE","description":"Tr\u00e8s belle Rolex Submariner date MK1 patine vanille  Mod\u00e8le : Submariner Date  R\u00e9f\u00e9rence : 1680  Mouvement : Automatique Rolex, calibre 1570  Diam\u00e8tre : 40 mm  Ann\u00e9e : 1979  Cadran : Cadran MK1 \u201cFeet First\u201d  Serial\u00a0:\u00a0612XXX  Bracelet : Jubilee acier Rolex  Bo\u00eete : Bo\u00eetier acier en tr\u00e8s bel \u00e9tat, aspect g\u00e9n\u00e9ral harmonieux. La lunette tournante est \u00e9quip\u00e9e d\u2019un insert plus tardif, en excellent \u00e9tat, offrant une belle lisibilit\u00e9 et une esth\u00e9tique sobre. La couronne Triplock fonctionne parfaitement. Un ensemble coh\u00e9rent, pr\u00eat \u00e0 porter, conserv\u00e9 avec soin.  Cadran : Magnifique cadran Submariner MK1 \"feet first\" des ann\u00e9es 70. Index tritium \u00e0 la patine cr\u00e8me homog\u00e8ne, parfaitement assortis aux aiguilles. Typographie bien nette, date lisible, verre dome mais peut etre remplac\u00e9 par le verre cyclope d'origne, profondeur du noir intacte. Un cadran d\u2019origine, non retouch\u00e9, tr\u00e8s recherch\u00e9 des collectionneurs.  Mouvement : Mouvement automatique Rolex calibre 1570, fiable, pr\u00e9cis et embl\u00e9matique de la g\u00e9n\u00e9ration 1680.  Bracelet : Bracelet Jubilee acier Rolex  Accessoires : Aucuns","robots":{"index":"index","follow":"follow","max-snippet":"max-snippet:-1","max-image-preview":"max-image-preview:large","max-video-preview":"max-video-preview:-1"},"canonical":"https:\/\/www.parisheure.com\/en\/buy-watch\/rolex-submariner-date-ref-1680-mk1-circa-1970s\/","og_locale":"en_US","og_type":"article","og_title":"Rolex Submariner date ref 1680 mk1 patine vanile from 1979 &#8226; PARIS HEURE","og_description":"Tr\u00e8s belle Rolex Submariner date MK1 patine vanille  Mod\u00e8le : Submariner Date  R\u00e9f\u00e9rence : 1680  Mouvement : Automatique Rolex, calibre 1570  Diam\u00e8tre : 40 mm  Ann\u00e9e : 1979  Cadran : Cadran MK1 \u201cFeet First\u201d  Serial\u00a0:\u00a0612XXX  Bracelet : Jubilee acier Rolex  Bo\u00eete : Bo\u00eetier acier en tr\u00e8s bel \u00e9tat, aspect g\u00e9n\u00e9ral harmonieux. La lunette tournante est \u00e9quip\u00e9e d\u2019un insert plus tardif, en excellent \u00e9tat, offrant une belle lisibilit\u00e9 et une esth\u00e9tique sobre. La couronne Triplock fonctionne parfaitement. Un ensemble coh\u00e9rent, pr\u00eat \u00e0 porter, conserv\u00e9 avec soin.  Cadran : Magnifique cadran Submariner MK1 \"feet first\" des ann\u00e9es 70. Index tritium \u00e0 la patine cr\u00e8me homog\u00e8ne, parfaitement assortis aux aiguilles. Typographie bien nette, date lisible, verre dome mais peut etre remplac\u00e9 par le verre cyclope d'origne, profondeur du noir intacte. Un cadran d\u2019origine, non retouch\u00e9, tr\u00e8s recherch\u00e9 des collectionneurs.  Mouvement : Mouvement automatique Rolex calibre 1570, fiable, pr\u00e9cis et embl\u00e9matique de la g\u00e9n\u00e9ration 1680.  Bracelet : Bracelet Jubilee acier Rolex  Accessoires : Aucuns","og_url":"https:\/\/www.parisheure.com\/en\/buy-watch\/rolex-submariner-date-ref-1680-mk1-circa-1970s\/","og_site_name":"PARIS HEURE","article_publisher":"https:\/\/www.facebook.com\/ParisHeure","article_modified_time":"2025-11-25T17:44:35+00:00","og_image":[{"width":2560,"height":2560,"url":"https:\/\/www.parisheure.com\/wp-content\/uploads\/2025\/11\/ROLEX-SUBMARINER-DATE-REF-1680-MK1-JUBILEE-BRACELET_0021_Calque-1-scaled.jpg","type":"image\/jpeg"}],"twitter_card":"summary_large_image","schema":{"@context":"https:\/\/schema.org","@graph":[{"@type":"WebPage","@id":"https:\/\/www.parisheure.com\/acheter-montre\/rolex-submariner-date-ref-1680-mk1-circa-1970s\/","url":"https:\/\/www.parisheure.com\/acheter-montre\/rolex-submariner-date-ref-1680-mk1-circa-1970s\/","name":"Rolex Submariner date ref 1680 mk1 patine vanile from 1979 &#8226; PARIS HEURE","isPartOf":{"@id":"https:\/\/www.parisheure.com\/#website"},"primaryImageOfPage":{"@id":"https:\/\/www.parisheure.com\/acheter-montre\/rolex-submariner-date-ref-1680-mk1-circa-1970s\/#primaryimage"},"image":{"@id":"https:\/\/www.parisheure.com\/acheter-montre\/rolex-submariner-date-ref-1680-mk1-circa-1970s\/#primaryimage"},"thumbnailUrl":"https:\/\/www.parisheure.com\/wp-content\/uploads\/2025\/11\/ROLEX-SUBMARINER-DATE-REF-1680-MK1-JUBILEE-BRACELET_0021_Calque-1-scaled.jpg","datePublished":"2025-11-25T17:37:55+00:00","dateModified":"2025-11-25T17:44:35+00:00","description":"Tr\u00e8s belle Rolex Submariner date MK1 patine vanille Mod\u00e8le : Submariner Date R\u00e9f\u00e9rence : 1680 Mouvement : Automatique Rolex, calibre 1570 Diam\u00e8tre : 40 mm Ann\u00e9e : 1979 Cadran : Cadran MK1 \u201cFeet First\u201d Serial\u00a0:\u00a0612XXX Bracelet : Jubilee acier Rolex Bo\u00eete : Bo\u00eetier acier en tr\u00e8s bel \u00e9tat, aspect g\u00e9n\u00e9ral harmonieux. La lunette tournante est \u00e9quip\u00e9e d\u2019un insert plus tardif, en excellent \u00e9tat, offrant une belle lisibilit\u00e9 et une esth\u00e9tique sobre. La couronne Triplock fonctionne parfaitement. Un ensemble coh\u00e9rent, pr\u00eat \u00e0 porter, conserv\u00e9 avec soin. Cadran : Magnifique cadran Submariner MK1 \"feet first\" des ann\u00e9es 70. Index tritium \u00e0 la patine cr\u00e8me homog\u00e8ne, parfaitement assortis aux aiguilles. Typographie bien nette, date lisible, verre dome mais peut etre remplac\u00e9 par le verre cyclope d'origne, profondeur du noir intacte. Un cadran d\u2019origine, non retouch\u00e9, tr\u00e8s recherch\u00e9 des collectionneurs. Mouvement : Mouvement automatique Rolex calibre 1570, fiable, pr\u00e9cis et embl\u00e9matique de la g\u00e9n\u00e9ration 1680. Bracelet : Bracelet Jubilee acier Rolex Accessoires : Aucuns","breadcrumb":{"@id":"https:\/\/www.parisheure.com\/acheter-montre\/rolex-submariner-date-ref-1680-mk1-circa-1970s\/#breadcrumb"},"inLanguage":"en-US","potentialAction":[{"@type":"ReadAction","target":["https:\/\/www.parisheure.com\/acheter-montre\/rolex-submariner-date-ref-1680-mk1-circa-1970s\/"]}]},{"@type":"ImageObject","inLanguage":"en-US","@id":"https:\/\/www.parisheure.com\/acheter-montre\/rolex-submariner-date-ref-1680-mk1-circa-1970s\/#primaryimage","url":"https:\/\/www.parisheure.com\/wp-content\/uploads\/2025\/11\/ROLEX-SUBMARINER-DATE-REF-1680-MK1-JUBILEE-BRACELET_0021_Calque-1-scaled.jpg","contentUrl":"https:\/\/www.parisheure.com\/wp-content\/uploads\/2025\/11\/ROLEX-SUBMARINER-DATE-REF-1680-MK1-JUBILEE-BRACELET_0021_Calque-1-scaled.jpg","width":2560,"height":2560},{"@type":"BreadcrumbList","@id":"https:\/\/www.parisheure.com\/acheter-montre\/rolex-submariner-date-ref-1680-mk1-circa-1970s\/#breadcrumb","itemListElement":[{"@type":"ListItem","position":1,"name":"Accueil","item":"https:\/\/www.parisheure.com\/"},{"@type":"ListItem","position":2,"name":"WATCHES","item":"https:\/\/www.parisheure.com\/"},{"@type":"ListItem","position":3,"name":"Rolex Submariner date ref 1680 mk1 patine vanile from 1979"}]},{"@type":"WebSite","@id":"https:\/\/www.parisheure.com\/#website","url":"https:\/\/www.parisheure.com\/","name":"PARIS HEURE","description":"Vintage watches Paris","publisher":{"@id":"https:\/\/www.parisheure.com\/#organization"},"potentialAction":[{"@type":"SearchAction","target":{"@type":"EntryPoint","urlTemplate":"https:\/\/www.parisheure.com\/?s={search_term_string}"},"query-input":{"@type":"PropertyValueSpecification","valueRequired":true,"valueName":"search_term_string"}}],"inLanguage":"en-US"},{"@type":"Organization","@id":"https:\/\/www.parisheure.com\/#organization","name":"PARIS HEURE","url":"https:\/\/www.parisheure.com\/","logo":{"@type":"ImageObject","inLanguage":"en-US","@id":"https:\/\/www.parisheure.com\/#\/schema\/logo\/image\/","url":"https:\/\/www.parisheure.com\/wp-content\/uploads\/2021\/07\/cropped-logo-paris-heure.png","contentUrl":"https:\/\/www.parisheure.com\/wp-content\/uploads\/2021\/07\/cropped-logo-paris-heure.png","width":512,"height":512,"caption":"PARIS HEURE"},"image":{"@id":"https:\/\/www.parisheure.com\/#\/schema\/logo\/image\/"},"sameAs":["https:\/\/www.facebook.com\/ParisHeure","https:\/\/www.instagram.com\/parisheure\/"]}]}},"jetpack_sharing_enabled":true,"brands":[{"id":432,"name":"Rolex","slug":"rolex"}],"_links":{"self":[{"href":"https:\/\/www.parisheure.com\/en\/wp-json\/wp\/v2\/product\/15255","targetHints":{"allow":["GET"]}}],"collection":[{"href":"https:\/\/www.parisheure.com\/en\/wp-json\/wp\/v2\/product"}],"about":[{"href":"https:\/\/www.parisheure.com\/en\/wp-json\/wp\/v2\/types\/product"}],"version-history":[{"count":3,"href":"https:\/\/www.parisheure.com\/en\/wp-json\/wp\/v2\/product\/15255\/revisions"}],"predecessor-version":[{"id":15266,"href":"https:\/\/www.parisheure.com\/en\/wp-json\/wp\/v2\/product\/15255\/revisions\/15266"}],"wp:featuredmedia":[{"embeddable":true,"href":"https:\/\/www.parisheure.com\/en\/wp-json\/wp\/v2\/media\/15234"}],"wp:attachment":[{"href":"https:\/\/www.parisheure.com\/en\/wp-json\/wp\/v2\/media?parent=15255"}],"wp:term":[{"taxonomy":"pwb-brand","embeddable":true,"href":"https:\/\/www.parisheure.com\/en\/wp-json\/wp\/v2\/pwb-brand?post=15255"},{"taxonomy":"product_brand","embeddable":true,"href":"https:\/\/www.parisheure.com\/en\/wp-json\/wp\/v2\/product_brand?post=15255"},{"taxonomy":"product_cat","embeddable":true,"href":"https:\/\/www.parisheure.com\/en\/wp-json\/wp\/v2\/product_cat?post=15255"},{"taxonomy":"product_tag","embeddable":true,"href":"https:\/\/www.parisheure.com\/en\/wp-json\/wp\/v2\/product_tag?post=15255"}],"curies":[{"name":"wp","href":"https:\/\/api.w.org\/{rel}","templated":true}]}}