{"id":15270,"date":"2025-11-26T09:32:45","date_gmt":"2025-11-26T08:32:45","guid":{"rendered":"https:\/\/www.parisheure.com\/?post_type=product&#038;p=15270"},"modified":"2025-11-26T09:32:45","modified_gmt":"2025-11-26T08:32:45","slug":"patek-philippe-ref-2508-or-jaune-18k-from-1950s","status":"publish","type":"product","link":"https:\/\/www.parisheure.com\/en\/buy-watch\/patek-philippe-ref-2508-or-jaune-18k-from-1950s\/","title":{"rendered":"Patek Philippe  ref 2508  or jaune 18k from 1950\u2019s"},"content":{"rendered":"<p><strong>Our opinion: <\/strong>Cette Patek Philippe 2508 en or jaune 18k est une pi\u00e8ce d\u2019une rare \u00e9l\u00e9gance, repr\u00e9sentative de l\u2019esth\u00e9tique Patek des ann\u00e9es 50 : puret\u00e9 des lignes, \u00e9quilibre parfait du cadran, mouvement manuel d\u00e9cor\u00e9 \u00e0 un niveau exceptionnel.<br \/>\nLa r\u00e9f\u00e9rence 2508, moins connue que certaines Calatrava plus r\u00e9pandues, offre pourtant un raffinement exceptionnel, avec un mouvement d\u2019une architecture magnifique.<br \/>\nUn choix de collectionneur averti, alliant authenticit\u00e9, finesse et horlogerie traditionnelle au sommet.<\/p>","protected":false},"excerpt":{"rendered":"<p>Rare et \u00e9l\u00e9gante Patek Philippe calatrava ref 2508 en or jaune 18k<\/p>\n<p><strong>Model:<\/strong> Calatrava<\/p>\n<p><strong>R\u00e9f\u00e9rence\u00a0<\/strong>: 2508<\/p>\n<p><strong>Movement :<\/strong> M\u00e9canique \u00e0 remontage manuel Patek Philippe cal. 27SC<\/p>\n<p><strong>Case :<\/strong> Or jaune 18k<\/p>\n<p><strong>Diameter :<\/strong> 35 mm<\/p>\n<p><strong>Year:<\/strong> ann\u00e9es 50<\/p>\n<p><strong>Bo\u00eete :<\/strong>\u00c9l\u00e9gant bo\u00eetier en or jaune 18 carats, aux lignes classiques typiques des Patek des ann\u00e9es 50.<br \/>\nLes cornes l\u00e9g\u00e8rement descendantes typique des 2508 conservent encore une belle tension et une forme tr\u00e8s pure. La carrure pr\u00e9sente des signes de port\u00e9e l\u00e9gers mais coh\u00e9rents pour une pi\u00e8ce de cet \u00e2ge. Une montre habill\u00e9e d\u2019un charme intemporel, dont les proportions sont parfaitement \u00e9quilibr\u00e9es.<\/p>\n<p><strong>Dial: <\/strong>Superbe cadran argent\u00e9, configuration minimaliste embl\u00e9matique de la r\u00e9f\u00e9rence 2508.<br \/>\nIndex appliqu\u00e9s en or, aiguille des secondes centrale, signature \u201cPATEK PHILIPPE GEN\u00c8VE\u201d en relief parfaitement nette.<br \/>\nLa surface du cadran offre une belle uniformit\u00e9, avec une l\u00e9g\u00e8re patine naturelle qui renforce le caract\u00e8re vintage de la montre.<br \/>\nAucune retouche visible : un cadran d\u2019origine, sobre, raffin\u00e9 et tr\u00e8s harmonieux.<\/p>\n<p><strong>Movement : <\/strong>Magnifique mouvement m\u00e9canique Patek Philippe, visible sur la photo du fond ouvert, finissions main, ponts angl\u00e9s, c\u00f4tes de Gen\u00e8ve parfaitement r\u00e9guli\u00e8res, rubis sertis dans des chatons, inscription \u201cAdjusted to heat, cold, isochronism and five positions\u201d etnum\u00e9ro de mouvement grav\u00e9 nettementLe mouvement est dans un \u00e9tat particuli\u00e8rement propre, t\u00e9moignant d\u2019un entretien soign\u00e9. Un exemple remarquable du savoir-faire horloger de Patek Philippe \u00e0 l\u2019\u00e2ge d\u2019or de la manufacture.<\/p>\n<p><strong>Bracelet : <\/strong>Bracelet cuir de couleur miel, assorti \u00e0 la chaleur du bo\u00eetier or. Boucle simple. Ensemble tr\u00e8s \u00e9l\u00e9gant et confortable.<\/p>\n<p><strong>Accessories: <\/strong>Archives Patek Philippe command\u00e9es en attente<\/p>","protected":false},"featured_media":15184,"template":"","meta":[],"pwb-brand":[436],"product_brand":[],"product_cat":[368,138,91],"product_tag":[202,455,119,114,124],"class_list":{"0":"post-15270","1":"product","2":"type-product","3":"status-publish","4":"has-post-thumbnail","6":"pwb-brand-patek-philippe","7":"product_cat-montres-ph-watches","8":"product_cat-nouveautes","9":"product_cat-patek-philippe","10":"product_tag-18k","11":"product_tag-455","12":"product_tag-calatrava","13":"product_tag-manual","14":"product_tag-patek-philippe","16":"first","17":"instock","18":"shipping-taxable","19":"purchasable","20":"product-type-simple"},"yoast_head":"<!-- This site is optimized with the Yoast SEO plugin v27.4 - https:\/\/yoast.com\/product\/yoast-seo-wordpress\/ -->\n<title>Patek Philippe ref 2508 or jaune 18k from 1950\u2019s &#8226; PARIS HEURE<\/title>\n<meta name=\"description\" content=\"Rare et \u00e9l\u00e9gante Patek Philippe calatrava ref 2508 en or jaune 18k Mouvement : M\u00e9canique \u00e0 remontage manuel Patek Philippe cal. 27SCBo\u00eetier : Or jaune 18k\" \/>\n<meta name=\"robots\" content=\"index, follow, max-snippet:-1, max-image-preview:large, max-video-preview:-1\" \/>\n<link rel=\"canonical\" href=\"https:\/\/www.parisheure.com\/en\/buy-watch\/patek-philippe-ref-2508-or-jaune-18k-from-1950s\/\" \/>\n<meta property=\"og:locale\" content=\"en_US\" \/>\n<meta property=\"og:type\" content=\"article\" \/>\n<meta property=\"og:title\" content=\"Patek Philippe ref 2508 or jaune 18k from 1950\u2019s &#8226; PARIS HEURE\" \/>\n<meta property=\"og:description\" content=\"Rare et \u00e9l\u00e9gante Patek Philippe calatrava ref 2508 en or jaune 18k Mouvement : M\u00e9canique \u00e0 remontage manuel Patek Philippe cal. 27SCBo\u00eetier : Or jaune 18k\" \/>\n<meta property=\"og:url\" content=\"https:\/\/www.parisheure.com\/en\/buy-watch\/patek-philippe-ref-2508-or-jaune-18k-from-1950s\/\" \/>\n<meta property=\"og:site_name\" content=\"PARIS HEURE\" \/>\n<meta property=\"article:publisher\" content=\"https:\/\/www.facebook.com\/ParisHeure\" \/>\n<meta property=\"og:image\" content=\"https:\/\/www.parisheure.com\/wp-content\/uploads\/2025\/11\/PATEK-PHILIPPE-REF-2508-J_0020_Calque-8-scaled.jpg\" \/>\n\t<meta property=\"og:image:width\" content=\"2560\" \/>\n\t<meta property=\"og:image:height\" content=\"2560\" \/>\n\t<meta property=\"og:image:type\" content=\"image\/jpeg\" \/>\n<meta name=\"twitter:card\" content=\"summary_large_image\" \/>\n<script type=\"application\/ld+json\" class=\"yoast-schema-graph\">{\"@context\":\"https:\\\/\\\/schema.org\",\"@graph\":[{\"@type\":\"WebPage\",\"@id\":\"https:\\\/\\\/www.parisheure.com\\\/acheter-montre\\\/patek-philippe-ref-2508-or-jaune-18k-from-1950s\\\/\",\"url\":\"https:\\\/\\\/www.parisheure.com\\\/acheter-montre\\\/patek-philippe-ref-2508-or-jaune-18k-from-1950s\\\/\",\"name\":\"Patek Philippe ref 2508 or jaune 18k from 1950\u2019s &#8226; PARIS HEURE\",\"isPartOf\":{\"@id\":\"https:\\\/\\\/www.parisheure.com\\\/#website\"},\"primaryImageOfPage\":{\"@id\":\"https:\\\/\\\/www.parisheure.com\\\/acheter-montre\\\/patek-philippe-ref-2508-or-jaune-18k-from-1950s\\\/#primaryimage\"},\"image\":{\"@id\":\"https:\\\/\\\/www.parisheure.com\\\/acheter-montre\\\/patek-philippe-ref-2508-or-jaune-18k-from-1950s\\\/#primaryimage\"},\"thumbnailUrl\":\"https:\\\/\\\/www.parisheure.com\\\/wp-content\\\/uploads\\\/2025\\\/11\\\/PATEK-PHILIPPE-REF-2508-J_0020_Calque-8-scaled.jpg\",\"datePublished\":\"2025-11-26T08:32:45+00:00\",\"description\":\"Rare et \u00e9l\u00e9gante Patek Philippe calatrava ref 2508 en or jaune 18k Mouvement : M\u00e9canique \u00e0 remontage manuel Patek Philippe cal. 27SCBo\u00eetier : Or jaune 18k\",\"breadcrumb\":{\"@id\":\"https:\\\/\\\/www.parisheure.com\\\/acheter-montre\\\/patek-philippe-ref-2508-or-jaune-18k-from-1950s\\\/#breadcrumb\"},\"inLanguage\":\"en-US\",\"potentialAction\":[{\"@type\":\"ReadAction\",\"target\":[\"https:\\\/\\\/www.parisheure.com\\\/acheter-montre\\\/patek-philippe-ref-2508-or-jaune-18k-from-1950s\\\/\"]}]},{\"@type\":\"ImageObject\",\"inLanguage\":\"en-US\",\"@id\":\"https:\\\/\\\/www.parisheure.com\\\/acheter-montre\\\/patek-philippe-ref-2508-or-jaune-18k-from-1950s\\\/#primaryimage\",\"url\":\"https:\\\/\\\/www.parisheure.com\\\/wp-content\\\/uploads\\\/2025\\\/11\\\/PATEK-PHILIPPE-REF-2508-J_0020_Calque-8-scaled.jpg\",\"contentUrl\":\"https:\\\/\\\/www.parisheure.com\\\/wp-content\\\/uploads\\\/2025\\\/11\\\/PATEK-PHILIPPE-REF-2508-J_0020_Calque-8-scaled.jpg\",\"width\":2560,\"height\":2560},{\"@type\":\"BreadcrumbList\",\"@id\":\"https:\\\/\\\/www.parisheure.com\\\/acheter-montre\\\/patek-philippe-ref-2508-or-jaune-18k-from-1950s\\\/#breadcrumb\",\"itemListElement\":[{\"@type\":\"ListItem\",\"position\":1,\"name\":\"Accueil\",\"item\":\"https:\\\/\\\/www.parisheure.com\\\/\"},{\"@type\":\"ListItem\",\"position\":2,\"name\":\"WATCHES\",\"item\":\"https:\\\/\\\/www.parisheure.com\\\/\"},{\"@type\":\"ListItem\",\"position\":3,\"name\":\"Patek Philippe ref 2508 or jaune 18k from 1950\u2019s\"}]},{\"@type\":\"WebSite\",\"@id\":\"https:\\\/\\\/www.parisheure.com\\\/#website\",\"url\":\"https:\\\/\\\/www.parisheure.com\\\/\",\"name\":\"PARIS HEURE\",\"description\":\"Vintage watches Paris\",\"publisher\":{\"@id\":\"https:\\\/\\\/www.parisheure.com\\\/#organization\"},\"potentialAction\":[{\"@type\":\"SearchAction\",\"target\":{\"@type\":\"EntryPoint\",\"urlTemplate\":\"https:\\\/\\\/www.parisheure.com\\\/?s={search_term_string}\"},\"query-input\":{\"@type\":\"PropertyValueSpecification\",\"valueRequired\":true,\"valueName\":\"search_term_string\"}}],\"inLanguage\":\"en-US\"},{\"@type\":\"Organization\",\"@id\":\"https:\\\/\\\/www.parisheure.com\\\/#organization\",\"name\":\"PARIS HEURE\",\"url\":\"https:\\\/\\\/www.parisheure.com\\\/\",\"logo\":{\"@type\":\"ImageObject\",\"inLanguage\":\"en-US\",\"@id\":\"https:\\\/\\\/www.parisheure.com\\\/#\\\/schema\\\/logo\\\/image\\\/\",\"url\":\"https:\\\/\\\/www.parisheure.com\\\/wp-content\\\/uploads\\\/2021\\\/07\\\/cropped-logo-paris-heure.png\",\"contentUrl\":\"https:\\\/\\\/www.parisheure.com\\\/wp-content\\\/uploads\\\/2021\\\/07\\\/cropped-logo-paris-heure.png\",\"width\":512,\"height\":512,\"caption\":\"PARIS HEURE\"},\"image\":{\"@id\":\"https:\\\/\\\/www.parisheure.com\\\/#\\\/schema\\\/logo\\\/image\\\/\"},\"sameAs\":[\"https:\\\/\\\/www.facebook.com\\\/ParisHeure\",\"https:\\\/\\\/www.instagram.com\\\/parisheure\\\/\"]}]}<\/script>\n<!-- \/ Yoast SEO plugin. -->","yoast_head_json":{"title":"Patek Philippe ref 2508 or jaune 18k from 1950\u2019s &#8226; PARIS HEURE","description":"Rare et \u00e9l\u00e9gante Patek Philippe calatrava ref 2508 en or jaune 18k Mouvement : M\u00e9canique \u00e0 remontage manuel Patek Philippe cal. 27SCBo\u00eetier : Or jaune 18k","robots":{"index":"index","follow":"follow","max-snippet":"max-snippet:-1","max-image-preview":"max-image-preview:large","max-video-preview":"max-video-preview:-1"},"canonical":"https:\/\/www.parisheure.com\/en\/buy-watch\/patek-philippe-ref-2508-or-jaune-18k-from-1950s\/","og_locale":"en_US","og_type":"article","og_title":"Patek Philippe ref 2508 or jaune 18k from 1950\u2019s &#8226; PARIS HEURE","og_description":"Rare et \u00e9l\u00e9gante Patek Philippe calatrava ref 2508 en or jaune 18k Mouvement : M\u00e9canique \u00e0 remontage manuel Patek Philippe cal. 27SCBo\u00eetier : Or jaune 18k","og_url":"https:\/\/www.parisheure.com\/en\/buy-watch\/patek-philippe-ref-2508-or-jaune-18k-from-1950s\/","og_site_name":"PARIS HEURE","article_publisher":"https:\/\/www.facebook.com\/ParisHeure","og_image":[{"width":2560,"height":2560,"url":"https:\/\/www.parisheure.com\/wp-content\/uploads\/2025\/11\/PATEK-PHILIPPE-REF-2508-J_0020_Calque-8-scaled.jpg","type":"image\/jpeg"}],"twitter_card":"summary_large_image","schema":{"@context":"https:\/\/schema.org","@graph":[{"@type":"WebPage","@id":"https:\/\/www.parisheure.com\/acheter-montre\/patek-philippe-ref-2508-or-jaune-18k-from-1950s\/","url":"https:\/\/www.parisheure.com\/acheter-montre\/patek-philippe-ref-2508-or-jaune-18k-from-1950s\/","name":"Patek Philippe ref 2508 or jaune 18k from 1950\u2019s &#8226; PARIS HEURE","isPartOf":{"@id":"https:\/\/www.parisheure.com\/#website"},"primaryImageOfPage":{"@id":"https:\/\/www.parisheure.com\/acheter-montre\/patek-philippe-ref-2508-or-jaune-18k-from-1950s\/#primaryimage"},"image":{"@id":"https:\/\/www.parisheure.com\/acheter-montre\/patek-philippe-ref-2508-or-jaune-18k-from-1950s\/#primaryimage"},"thumbnailUrl":"https:\/\/www.parisheure.com\/wp-content\/uploads\/2025\/11\/PATEK-PHILIPPE-REF-2508-J_0020_Calque-8-scaled.jpg","datePublished":"2025-11-26T08:32:45+00:00","description":"Rare et \u00e9l\u00e9gante Patek Philippe calatrava ref 2508 en or jaune 18k Mouvement : M\u00e9canique \u00e0 remontage manuel Patek Philippe cal. 27SCBo\u00eetier : Or jaune 18k","breadcrumb":{"@id":"https:\/\/www.parisheure.com\/acheter-montre\/patek-philippe-ref-2508-or-jaune-18k-from-1950s\/#breadcrumb"},"inLanguage":"en-US","potentialAction":[{"@type":"ReadAction","target":["https:\/\/www.parisheure.com\/acheter-montre\/patek-philippe-ref-2508-or-jaune-18k-from-1950s\/"]}]},{"@type":"ImageObject","inLanguage":"en-US","@id":"https:\/\/www.parisheure.com\/acheter-montre\/patek-philippe-ref-2508-or-jaune-18k-from-1950s\/#primaryimage","url":"https:\/\/www.parisheure.com\/wp-content\/uploads\/2025\/11\/PATEK-PHILIPPE-REF-2508-J_0020_Calque-8-scaled.jpg","contentUrl":"https:\/\/www.parisheure.com\/wp-content\/uploads\/2025\/11\/PATEK-PHILIPPE-REF-2508-J_0020_Calque-8-scaled.jpg","width":2560,"height":2560},{"@type":"BreadcrumbList","@id":"https:\/\/www.parisheure.com\/acheter-montre\/patek-philippe-ref-2508-or-jaune-18k-from-1950s\/#breadcrumb","itemListElement":[{"@type":"ListItem","position":1,"name":"Accueil","item":"https:\/\/www.parisheure.com\/"},{"@type":"ListItem","position":2,"name":"WATCHES","item":"https:\/\/www.parisheure.com\/"},{"@type":"ListItem","position":3,"name":"Patek Philippe ref 2508 or jaune 18k from 1950\u2019s"}]},{"@type":"WebSite","@id":"https:\/\/www.parisheure.com\/#website","url":"https:\/\/www.parisheure.com\/","name":"PARIS HEURE","description":"Vintage watches Paris","publisher":{"@id":"https:\/\/www.parisheure.com\/#organization"},"potentialAction":[{"@type":"SearchAction","target":{"@type":"EntryPoint","urlTemplate":"https:\/\/www.parisheure.com\/?s={search_term_string}"},"query-input":{"@type":"PropertyValueSpecification","valueRequired":true,"valueName":"search_term_string"}}],"inLanguage":"en-US"},{"@type":"Organization","@id":"https:\/\/www.parisheure.com\/#organization","name":"PARIS HEURE","url":"https:\/\/www.parisheure.com\/","logo":{"@type":"ImageObject","inLanguage":"en-US","@id":"https:\/\/www.parisheure.com\/#\/schema\/logo\/image\/","url":"https:\/\/www.parisheure.com\/wp-content\/uploads\/2021\/07\/cropped-logo-paris-heure.png","contentUrl":"https:\/\/www.parisheure.com\/wp-content\/uploads\/2021\/07\/cropped-logo-paris-heure.png","width":512,"height":512,"caption":"PARIS HEURE"},"image":{"@id":"https:\/\/www.parisheure.com\/#\/schema\/logo\/image\/"},"sameAs":["https:\/\/www.facebook.com\/ParisHeure","https:\/\/www.instagram.com\/parisheure\/"]}]}},"jetpack_sharing_enabled":true,"brands":[{"id":436,"name":"Patek Philippe","slug":"patek-philippe"}],"_links":{"self":[{"href":"https:\/\/www.parisheure.com\/en\/wp-json\/wp\/v2\/product\/15270","targetHints":{"allow":["GET"]}}],"collection":[{"href":"https:\/\/www.parisheure.com\/en\/wp-json\/wp\/v2\/product"}],"about":[{"href":"https:\/\/www.parisheure.com\/en\/wp-json\/wp\/v2\/types\/product"}],"version-history":[{"count":1,"href":"https:\/\/www.parisheure.com\/en\/wp-json\/wp\/v2\/product\/15270\/revisions"}],"predecessor-version":[{"id":15271,"href":"https:\/\/www.parisheure.com\/en\/wp-json\/wp\/v2\/product\/15270\/revisions\/15271"}],"wp:featuredmedia":[{"embeddable":true,"href":"https:\/\/www.parisheure.com\/en\/wp-json\/wp\/v2\/media\/15184"}],"wp:attachment":[{"href":"https:\/\/www.parisheure.com\/en\/wp-json\/wp\/v2\/media?parent=15270"}],"wp:term":[{"taxonomy":"pwb-brand","embeddable":true,"href":"https:\/\/www.parisheure.com\/en\/wp-json\/wp\/v2\/pwb-brand?post=15270"},{"taxonomy":"product_brand","embeddable":true,"href":"https:\/\/www.parisheure.com\/en\/wp-json\/wp\/v2\/product_brand?post=15270"},{"taxonomy":"product_cat","embeddable":true,"href":"https:\/\/www.parisheure.com\/en\/wp-json\/wp\/v2\/product_cat?post=15270"},{"taxonomy":"product_tag","embeddable":true,"href":"https:\/\/www.parisheure.com\/en\/wp-json\/wp\/v2\/product_tag?post=15270"}],"curies":[{"name":"wp","href":"https:\/\/api.w.org\/{rel}","templated":true}]}}