{"id":15272,"date":"2025-11-26T09:42:23","date_gmt":"2025-11-26T08:42:23","guid":{"rendered":"https:\/\/www.parisheure.com\/?post_type=product&#038;p=15272"},"modified":"2026-01-08T18:09:24","modified_gmt":"2026-01-08T17:09:24","slug":"rolex-daytona-ref-6265-silver-t-swiss-t-mk1-from-1973","status":"publish","type":"product","link":"https:\/\/www.parisheure.com\/en\/buy-watch\/rolex-daytona-ref-6265-silver-t-swiss-t-mk1-from-1973\/","title":{"rendered":"Rolex daytona ref 6265 silver \u00ab\u00a0t swiss t\u00a0\u00bb mk1  premi\u00e8re serie from 1973"},"content":{"rendered":"<p><strong>Our opinion: <\/strong>Un exemplaire superbe et coh\u00e9rent d\u2019une des r\u00e9f\u00e9rences les plus embl\u00e9matiques de la gamme Daytona vintage. Cette 6265 \u00ab\u00a0Silver\u00a0\u00bb premi\u00e8re s\u00e9rie avec cadran <em>T SWISS T<\/em> et poussoirs MK1 r\u00e9unit tous les attributs recherch\u00e9s par les collectionneurs : mouvement Valjoux 727, bo\u00eetier non poli, cadran d\u2019origine et un \u00e9quilibre esth\u00e9tique parfait. Une montre rare, pleine de caract\u00e8re, t\u00e9moin du style pur et technique des ann\u00e9es 70.<\/p>","protected":false},"excerpt":{"rendered":"<p>Magnifique et rare Rolex Daytona ref 6265 silver MK1<\/p>\n<p><strong>Model:<\/strong> Cosmograph Daytona<\/p>\n<p><strong>Movement :<\/strong> Calibre Valjoux 727, remontage manuel<\/p>\n<p><strong>Reference :<\/strong> 6265<\/p>\n<p><strong>Diameter :<\/strong> 37 mm<\/p>\n<p><strong>Year:<\/strong> 1973<\/p>\n<p><strong>Serial :<\/strong> 35XXXXX<\/p>\n<p><strong>Bo\u00eete :<\/strong> Superbe bo\u00eetier acier, tr\u00e8s \u00e9pais. Les poussoirs viss\u00e9s MK1 sont d\u2019origine, typiques des premi\u00e8res s\u00e9ries. Lunette acier bross\u00e9e en excellent \u00e9tat avec gravures bien nettes. Aucune trace de choc important, montre tr\u00e8s bien conserv\u00e9e et \u00e0 peine polie.<\/p>\n<p><strong>Dial: <\/strong>Magnifique cadran argent\u00e9 \u00ab\u00a0Silver\u00a0\u00bb d\u2019origine, sign\u00e9 \u201cT SWISS T\u201d, caract\u00e9ristique des toutes premi\u00e8res s\u00e9ries de 6265. Index appliqu\u00e9s et sous-compteurs contrast\u00e9s noirs. L\u2019ensemble pr\u00e9sente une patine naturelle l\u00e9g\u00e8re et homog\u00e8ne, avec une tr\u00e8s belle coh\u00e9rence visuelle. Aiguilles d\u2019origine en parfait \u00e9tat. Et points de tritiums en parfait \u00e9tat et luminescents<\/p>\n<p><strong>Bracelet :<\/strong> Bracelet Rolex acier Oyster r\u00e9f\u00e9rence 78350 avec endlinks 571, l\u00e9g\u00e8rement post\u00e9rieur \u00e0 la montre mais en tr\u00e8s bon \u00e9tat g\u00e9n\u00e9ral. Fermoir parfaitement fonctionnel.<\/p>\n<p><strong>Accessories:<\/strong> Aucun.<\/p>","protected":false},"featured_media":15190,"template":"","meta":[],"pwb-brand":[432],"product_brand":[],"product_cat":[368,138,90,246],"product_tag":[],"class_list":{"0":"post-15272","1":"product","2":"type-product","3":"status-publish","4":"has-post-thumbnail","6":"pwb-brand-rolex","7":"product_cat-montres-ph-watches","8":"product_cat-nouveautes","9":"product_cat-rolex","10":"product_cat-rolex-daytona","12":"first","13":"instock","14":"shipping-taxable","15":"purchasable","16":"product-type-simple"},"yoast_head":"<!-- This site is optimized with the Yoast SEO plugin v27.4 - https:\/\/yoast.com\/product\/yoast-seo-wordpress\/ -->\n<title>Rolex daytona ref 6265 silver &quot;t swiss t&quot; mk1 from 1973 &#8226; PARIS HEURE<\/title>\n<meta name=\"description\" content=\"Magnifique et rare Rolex Daytona ref 6265 silver MK1  Mod\u00e8le : Cosmograph Daytona  Mouvement : Calibre Valjoux 727, remontage manuel  R\u00e9f\u00e9rence : 6265  Diam\u00e8tre : 37 mm  Ann\u00e9e : 1973  Serial : 35XXXXX  Bo\u00eete : Superbe bo\u00eetier acier, tr\u00e8s \u00e9pais. Les poussoirs viss\u00e9s MK1 sont d\u2019origine, typiques des premi\u00e8res s\u00e9ries. Lunette acier bross\u00e9e en excellent \u00e9tat avec gravures bien nettes. Aucune trace de choc important, montre tr\u00e8s bien conserv\u00e9e et \u00e0 peine polie.  Cadran : Magnifique cadran argent\u00e9 &quot;Silver&quot; d\u2019origine, sign\u00e9 \u201cT SWISS T\u201d, caract\u00e9ristique des toutes premi\u00e8res s\u00e9ries de 6265. Index appliqu\u00e9s et sous-compteurs contrast\u00e9s noirs. L\u2019ensemble pr\u00e9sente une patine naturelle l\u00e9g\u00e8re et homog\u00e8ne, avec une tr\u00e8s belle coh\u00e9rence visuelle. Aiguilles d\u2019origine en parfait \u00e9tat. Et points de tritiums en parfait \u00e9tat et luminescents  Bracelet : Bracelet Rolex acier Oyster r\u00e9f\u00e9rence 78350 avec endlinks 571, l\u00e9g\u00e8rement post\u00e9rieur \u00e0 la montre mais en tr\u00e8s bon \u00e9tat g\u00e9n\u00e9ral. Fermoir parfaitement fonctionnel.  Accessoires : Aucun.\" \/>\n<meta name=\"robots\" content=\"index, follow, max-snippet:-1, max-image-preview:large, max-video-preview:-1\" \/>\n<link rel=\"canonical\" href=\"https:\/\/www.parisheure.com\/en\/buy-watch\/rolex-daytona-ref-6265-silver-t-swiss-t-mk1-from-1973\/\" \/>\n<meta property=\"og:locale\" content=\"en_US\" \/>\n<meta property=\"og:type\" content=\"article\" \/>\n<meta property=\"og:title\" content=\"Rolex daytona ref 6265 silver &quot;t swiss t&quot; mk1 from 1973 &#8226; PARIS HEURE\" \/>\n<meta property=\"og:description\" content=\"Magnifique et rare Rolex Daytona ref 6265 silver MK1  Mod\u00e8le : Cosmograph Daytona  Mouvement : Calibre Valjoux 727, remontage manuel  R\u00e9f\u00e9rence : 6265  Diam\u00e8tre : 37 mm  Ann\u00e9e : 1973  Serial : 35XXXXX  Bo\u00eete : Superbe bo\u00eetier acier, tr\u00e8s \u00e9pais. Les poussoirs viss\u00e9s MK1 sont d\u2019origine, typiques des premi\u00e8res s\u00e9ries. Lunette acier bross\u00e9e en excellent \u00e9tat avec gravures bien nettes. Aucune trace de choc important, montre tr\u00e8s bien conserv\u00e9e et \u00e0 peine polie.  Cadran : Magnifique cadran argent\u00e9 &quot;Silver&quot; d\u2019origine, sign\u00e9 \u201cT SWISS T\u201d, caract\u00e9ristique des toutes premi\u00e8res s\u00e9ries de 6265. Index appliqu\u00e9s et sous-compteurs contrast\u00e9s noirs. L\u2019ensemble pr\u00e9sente une patine naturelle l\u00e9g\u00e8re et homog\u00e8ne, avec une tr\u00e8s belle coh\u00e9rence visuelle. Aiguilles d\u2019origine en parfait \u00e9tat. Et points de tritiums en parfait \u00e9tat et luminescents  Bracelet : Bracelet Rolex acier Oyster r\u00e9f\u00e9rence 78350 avec endlinks 571, l\u00e9g\u00e8rement post\u00e9rieur \u00e0 la montre mais en tr\u00e8s bon \u00e9tat g\u00e9n\u00e9ral. Fermoir parfaitement fonctionnel.  Accessoires : Aucun.\" \/>\n<meta property=\"og:url\" content=\"https:\/\/www.parisheure.com\/en\/buy-watch\/rolex-daytona-ref-6265-silver-t-swiss-t-mk1-from-1973\/\" \/>\n<meta property=\"og:site_name\" content=\"PARIS HEURE\" \/>\n<meta property=\"article:publisher\" content=\"https:\/\/www.facebook.com\/ParisHeure\" \/>\n<meta property=\"article:modified_time\" content=\"2026-01-08T17:09:24+00:00\" \/>\n<meta property=\"og:image\" content=\"https:\/\/www.parisheure.com\/wp-content\/uploads\/2025\/11\/ROLEX-DAYTONA-REF-6265-FIRST-SERIE-SILVER-DIAL-T-SWISS-T-_0023_Calque-2-scaled.jpg\" \/>\n\t<meta property=\"og:image:width\" content=\"2560\" \/>\n\t<meta property=\"og:image:height\" content=\"2560\" \/>\n\t<meta property=\"og:image:type\" content=\"image\/jpeg\" \/>\n<meta name=\"twitter:card\" content=\"summary_large_image\" \/>\n<script type=\"application\/ld+json\" class=\"yoast-schema-graph\">{\"@context\":\"https:\\\/\\\/schema.org\",\"@graph\":[{\"@type\":\"WebPage\",\"@id\":\"https:\\\/\\\/www.parisheure.com\\\/acheter-montre\\\/rolex-daytona-ref-6265-silver-t-swiss-t-mk1-from-1973\\\/\",\"url\":\"https:\\\/\\\/www.parisheure.com\\\/acheter-montre\\\/rolex-daytona-ref-6265-silver-t-swiss-t-mk1-from-1973\\\/\",\"name\":\"Rolex daytona ref 6265 silver \\\"t swiss t\\\" mk1 from 1973 &#8226; PARIS HEURE\",\"isPartOf\":{\"@id\":\"https:\\\/\\\/www.parisheure.com\\\/#website\"},\"primaryImageOfPage\":{\"@id\":\"https:\\\/\\\/www.parisheure.com\\\/acheter-montre\\\/rolex-daytona-ref-6265-silver-t-swiss-t-mk1-from-1973\\\/#primaryimage\"},\"image\":{\"@id\":\"https:\\\/\\\/www.parisheure.com\\\/acheter-montre\\\/rolex-daytona-ref-6265-silver-t-swiss-t-mk1-from-1973\\\/#primaryimage\"},\"thumbnailUrl\":\"https:\\\/\\\/www.parisheure.com\\\/wp-content\\\/uploads\\\/2025\\\/11\\\/ROLEX-DAYTONA-REF-6265-FIRST-SERIE-SILVER-DIAL-T-SWISS-T-_0023_Calque-2-scaled.jpg\",\"datePublished\":\"2025-11-26T08:42:23+00:00\",\"dateModified\":\"2026-01-08T17:09:24+00:00\",\"description\":\"Magnifique et rare Rolex Daytona ref 6265 silver MK1 Mod\u00e8le : Cosmograph Daytona Mouvement : Calibre Valjoux 727, remontage manuel R\u00e9f\u00e9rence : 6265 Diam\u00e8tre : 37 mm Ann\u00e9e : 1973 Serial : 35XXXXX Bo\u00eete : Superbe bo\u00eetier acier, tr\u00e8s \u00e9pais. Les poussoirs viss\u00e9s MK1 sont d\u2019origine, typiques des premi\u00e8res s\u00e9ries. Lunette acier bross\u00e9e en excellent \u00e9tat avec gravures bien nettes. Aucune trace de choc important, montre tr\u00e8s bien conserv\u00e9e et \u00e0 peine polie. Cadran : Magnifique cadran argent\u00e9 \\\"Silver\\\" d\u2019origine, sign\u00e9 \u201cT SWISS T\u201d, caract\u00e9ristique des toutes premi\u00e8res s\u00e9ries de 6265. Index appliqu\u00e9s et sous-compteurs contrast\u00e9s noirs. L\u2019ensemble pr\u00e9sente une patine naturelle l\u00e9g\u00e8re et homog\u00e8ne, avec une tr\u00e8s belle coh\u00e9rence visuelle. Aiguilles d\u2019origine en parfait \u00e9tat. Et points de tritiums en parfait \u00e9tat et luminescents Bracelet : Bracelet Rolex acier Oyster r\u00e9f\u00e9rence 78350 avec endlinks 571, l\u00e9g\u00e8rement post\u00e9rieur \u00e0 la montre mais en tr\u00e8s bon \u00e9tat g\u00e9n\u00e9ral. Fermoir parfaitement fonctionnel. Accessoires : Aucun.\",\"breadcrumb\":{\"@id\":\"https:\\\/\\\/www.parisheure.com\\\/acheter-montre\\\/rolex-daytona-ref-6265-silver-t-swiss-t-mk1-from-1973\\\/#breadcrumb\"},\"inLanguage\":\"en-US\",\"potentialAction\":[{\"@type\":\"ReadAction\",\"target\":[\"https:\\\/\\\/www.parisheure.com\\\/acheter-montre\\\/rolex-daytona-ref-6265-silver-t-swiss-t-mk1-from-1973\\\/\"]}]},{\"@type\":\"ImageObject\",\"inLanguage\":\"en-US\",\"@id\":\"https:\\\/\\\/www.parisheure.com\\\/acheter-montre\\\/rolex-daytona-ref-6265-silver-t-swiss-t-mk1-from-1973\\\/#primaryimage\",\"url\":\"https:\\\/\\\/www.parisheure.com\\\/wp-content\\\/uploads\\\/2025\\\/11\\\/ROLEX-DAYTONA-REF-6265-FIRST-SERIE-SILVER-DIAL-T-SWISS-T-_0023_Calque-2-scaled.jpg\",\"contentUrl\":\"https:\\\/\\\/www.parisheure.com\\\/wp-content\\\/uploads\\\/2025\\\/11\\\/ROLEX-DAYTONA-REF-6265-FIRST-SERIE-SILVER-DIAL-T-SWISS-T-_0023_Calque-2-scaled.jpg\",\"width\":2560,\"height\":2560},{\"@type\":\"BreadcrumbList\",\"@id\":\"https:\\\/\\\/www.parisheure.com\\\/acheter-montre\\\/rolex-daytona-ref-6265-silver-t-swiss-t-mk1-from-1973\\\/#breadcrumb\",\"itemListElement\":[{\"@type\":\"ListItem\",\"position\":1,\"name\":\"Accueil\",\"item\":\"https:\\\/\\\/www.parisheure.com\\\/\"},{\"@type\":\"ListItem\",\"position\":2,\"name\":\"WATCHES\",\"item\":\"https:\\\/\\\/www.parisheure.com\\\/\"},{\"@type\":\"ListItem\",\"position\":3,\"name\":\"Rolex daytona ref 6265 silver \u00ab\u00a0t swiss t\u00a0\u00bb mk1 premi\u00e8re serie from 1973\"}]},{\"@type\":\"WebSite\",\"@id\":\"https:\\\/\\\/www.parisheure.com\\\/#website\",\"url\":\"https:\\\/\\\/www.parisheure.com\\\/\",\"name\":\"PARIS HEURE\",\"description\":\"Vintage watches Paris\",\"publisher\":{\"@id\":\"https:\\\/\\\/www.parisheure.com\\\/#organization\"},\"potentialAction\":[{\"@type\":\"SearchAction\",\"target\":{\"@type\":\"EntryPoint\",\"urlTemplate\":\"https:\\\/\\\/www.parisheure.com\\\/?s={search_term_string}\"},\"query-input\":{\"@type\":\"PropertyValueSpecification\",\"valueRequired\":true,\"valueName\":\"search_term_string\"}}],\"inLanguage\":\"en-US\"},{\"@type\":\"Organization\",\"@id\":\"https:\\\/\\\/www.parisheure.com\\\/#organization\",\"name\":\"PARIS HEURE\",\"url\":\"https:\\\/\\\/www.parisheure.com\\\/\",\"logo\":{\"@type\":\"ImageObject\",\"inLanguage\":\"en-US\",\"@id\":\"https:\\\/\\\/www.parisheure.com\\\/#\\\/schema\\\/logo\\\/image\\\/\",\"url\":\"https:\\\/\\\/www.parisheure.com\\\/wp-content\\\/uploads\\\/2021\\\/07\\\/cropped-logo-paris-heure.png\",\"contentUrl\":\"https:\\\/\\\/www.parisheure.com\\\/wp-content\\\/uploads\\\/2021\\\/07\\\/cropped-logo-paris-heure.png\",\"width\":512,\"height\":512,\"caption\":\"PARIS HEURE\"},\"image\":{\"@id\":\"https:\\\/\\\/www.parisheure.com\\\/#\\\/schema\\\/logo\\\/image\\\/\"},\"sameAs\":[\"https:\\\/\\\/www.facebook.com\\\/ParisHeure\",\"https:\\\/\\\/www.instagram.com\\\/parisheure\\\/\"]}]}<\/script>\n<!-- \/ Yoast SEO plugin. -->","yoast_head_json":{"title":"Rolex daytona ref 6265 silver \"t swiss t\" mk1 from 1973 &#8226; PARIS HEURE","description":"Magnifique et rare Rolex Daytona ref 6265 silver MK1  Mod\u00e8le : Cosmograph Daytona  Mouvement : Calibre Valjoux 727, remontage manuel  R\u00e9f\u00e9rence : 6265  Diam\u00e8tre : 37 mm  Ann\u00e9e : 1973  Serial : 35XXXXX  Bo\u00eete : Superbe bo\u00eetier acier, tr\u00e8s \u00e9pais. Les poussoirs viss\u00e9s MK1 sont d\u2019origine, typiques des premi\u00e8res s\u00e9ries. Lunette acier bross\u00e9e en excellent \u00e9tat avec gravures bien nettes. Aucune trace de choc important, montre tr\u00e8s bien conserv\u00e9e et \u00e0 peine polie.  Cadran : Magnifique cadran argent\u00e9 \"Silver\" d\u2019origine, sign\u00e9 \u201cT SWISS T\u201d, caract\u00e9ristique des toutes premi\u00e8res s\u00e9ries de 6265. Index appliqu\u00e9s et sous-compteurs contrast\u00e9s noirs. L\u2019ensemble pr\u00e9sente une patine naturelle l\u00e9g\u00e8re et homog\u00e8ne, avec une tr\u00e8s belle coh\u00e9rence visuelle. Aiguilles d\u2019origine en parfait \u00e9tat. Et points de tritiums en parfait \u00e9tat et luminescents  Bracelet : Bracelet Rolex acier Oyster r\u00e9f\u00e9rence 78350 avec endlinks 571, l\u00e9g\u00e8rement post\u00e9rieur \u00e0 la montre mais en tr\u00e8s bon \u00e9tat g\u00e9n\u00e9ral. Fermoir parfaitement fonctionnel.  Accessoires : Aucun.","robots":{"index":"index","follow":"follow","max-snippet":"max-snippet:-1","max-image-preview":"max-image-preview:large","max-video-preview":"max-video-preview:-1"},"canonical":"https:\/\/www.parisheure.com\/en\/buy-watch\/rolex-daytona-ref-6265-silver-t-swiss-t-mk1-from-1973\/","og_locale":"en_US","og_type":"article","og_title":"Rolex daytona ref 6265 silver \"t swiss t\" mk1 from 1973 &#8226; PARIS HEURE","og_description":"Magnifique et rare Rolex Daytona ref 6265 silver MK1  Mod\u00e8le : Cosmograph Daytona  Mouvement : Calibre Valjoux 727, remontage manuel  R\u00e9f\u00e9rence : 6265  Diam\u00e8tre : 37 mm  Ann\u00e9e : 1973  Serial : 35XXXXX  Bo\u00eete : Superbe bo\u00eetier acier, tr\u00e8s \u00e9pais. Les poussoirs viss\u00e9s MK1 sont d\u2019origine, typiques des premi\u00e8res s\u00e9ries. Lunette acier bross\u00e9e en excellent \u00e9tat avec gravures bien nettes. Aucune trace de choc important, montre tr\u00e8s bien conserv\u00e9e et \u00e0 peine polie.  Cadran : Magnifique cadran argent\u00e9 \"Silver\" d\u2019origine, sign\u00e9 \u201cT SWISS T\u201d, caract\u00e9ristique des toutes premi\u00e8res s\u00e9ries de 6265. Index appliqu\u00e9s et sous-compteurs contrast\u00e9s noirs. L\u2019ensemble pr\u00e9sente une patine naturelle l\u00e9g\u00e8re et homog\u00e8ne, avec une tr\u00e8s belle coh\u00e9rence visuelle. Aiguilles d\u2019origine en parfait \u00e9tat. Et points de tritiums en parfait \u00e9tat et luminescents  Bracelet : Bracelet Rolex acier Oyster r\u00e9f\u00e9rence 78350 avec endlinks 571, l\u00e9g\u00e8rement post\u00e9rieur \u00e0 la montre mais en tr\u00e8s bon \u00e9tat g\u00e9n\u00e9ral. Fermoir parfaitement fonctionnel.  Accessoires : Aucun.","og_url":"https:\/\/www.parisheure.com\/en\/buy-watch\/rolex-daytona-ref-6265-silver-t-swiss-t-mk1-from-1973\/","og_site_name":"PARIS HEURE","article_publisher":"https:\/\/www.facebook.com\/ParisHeure","article_modified_time":"2026-01-08T17:09:24+00:00","og_image":[{"width":2560,"height":2560,"url":"https:\/\/www.parisheure.com\/wp-content\/uploads\/2025\/11\/ROLEX-DAYTONA-REF-6265-FIRST-SERIE-SILVER-DIAL-T-SWISS-T-_0023_Calque-2-scaled.jpg","type":"image\/jpeg"}],"twitter_card":"summary_large_image","schema":{"@context":"https:\/\/schema.org","@graph":[{"@type":"WebPage","@id":"https:\/\/www.parisheure.com\/acheter-montre\/rolex-daytona-ref-6265-silver-t-swiss-t-mk1-from-1973\/","url":"https:\/\/www.parisheure.com\/acheter-montre\/rolex-daytona-ref-6265-silver-t-swiss-t-mk1-from-1973\/","name":"Rolex daytona ref 6265 silver \"t swiss t\" mk1 from 1973 &#8226; PARIS HEURE","isPartOf":{"@id":"https:\/\/www.parisheure.com\/#website"},"primaryImageOfPage":{"@id":"https:\/\/www.parisheure.com\/acheter-montre\/rolex-daytona-ref-6265-silver-t-swiss-t-mk1-from-1973\/#primaryimage"},"image":{"@id":"https:\/\/www.parisheure.com\/acheter-montre\/rolex-daytona-ref-6265-silver-t-swiss-t-mk1-from-1973\/#primaryimage"},"thumbnailUrl":"https:\/\/www.parisheure.com\/wp-content\/uploads\/2025\/11\/ROLEX-DAYTONA-REF-6265-FIRST-SERIE-SILVER-DIAL-T-SWISS-T-_0023_Calque-2-scaled.jpg","datePublished":"2025-11-26T08:42:23+00:00","dateModified":"2026-01-08T17:09:24+00:00","description":"Magnifique et rare Rolex Daytona ref 6265 silver MK1 Mod\u00e8le : Cosmograph Daytona Mouvement : Calibre Valjoux 727, remontage manuel R\u00e9f\u00e9rence : 6265 Diam\u00e8tre : 37 mm Ann\u00e9e : 1973 Serial : 35XXXXX Bo\u00eete : Superbe bo\u00eetier acier, tr\u00e8s \u00e9pais. Les poussoirs viss\u00e9s MK1 sont d\u2019origine, typiques des premi\u00e8res s\u00e9ries. Lunette acier bross\u00e9e en excellent \u00e9tat avec gravures bien nettes. Aucune trace de choc important, montre tr\u00e8s bien conserv\u00e9e et \u00e0 peine polie. Cadran : Magnifique cadran argent\u00e9 \"Silver\" d\u2019origine, sign\u00e9 \u201cT SWISS T\u201d, caract\u00e9ristique des toutes premi\u00e8res s\u00e9ries de 6265. Index appliqu\u00e9s et sous-compteurs contrast\u00e9s noirs. L\u2019ensemble pr\u00e9sente une patine naturelle l\u00e9g\u00e8re et homog\u00e8ne, avec une tr\u00e8s belle coh\u00e9rence visuelle. Aiguilles d\u2019origine en parfait \u00e9tat. Et points de tritiums en parfait \u00e9tat et luminescents Bracelet : Bracelet Rolex acier Oyster r\u00e9f\u00e9rence 78350 avec endlinks 571, l\u00e9g\u00e8rement post\u00e9rieur \u00e0 la montre mais en tr\u00e8s bon \u00e9tat g\u00e9n\u00e9ral. Fermoir parfaitement fonctionnel. Accessoires : Aucun.","breadcrumb":{"@id":"https:\/\/www.parisheure.com\/acheter-montre\/rolex-daytona-ref-6265-silver-t-swiss-t-mk1-from-1973\/#breadcrumb"},"inLanguage":"en-US","potentialAction":[{"@type":"ReadAction","target":["https:\/\/www.parisheure.com\/acheter-montre\/rolex-daytona-ref-6265-silver-t-swiss-t-mk1-from-1973\/"]}]},{"@type":"ImageObject","inLanguage":"en-US","@id":"https:\/\/www.parisheure.com\/acheter-montre\/rolex-daytona-ref-6265-silver-t-swiss-t-mk1-from-1973\/#primaryimage","url":"https:\/\/www.parisheure.com\/wp-content\/uploads\/2025\/11\/ROLEX-DAYTONA-REF-6265-FIRST-SERIE-SILVER-DIAL-T-SWISS-T-_0023_Calque-2-scaled.jpg","contentUrl":"https:\/\/www.parisheure.com\/wp-content\/uploads\/2025\/11\/ROLEX-DAYTONA-REF-6265-FIRST-SERIE-SILVER-DIAL-T-SWISS-T-_0023_Calque-2-scaled.jpg","width":2560,"height":2560},{"@type":"BreadcrumbList","@id":"https:\/\/www.parisheure.com\/acheter-montre\/rolex-daytona-ref-6265-silver-t-swiss-t-mk1-from-1973\/#breadcrumb","itemListElement":[{"@type":"ListItem","position":1,"name":"Accueil","item":"https:\/\/www.parisheure.com\/"},{"@type":"ListItem","position":2,"name":"WATCHES","item":"https:\/\/www.parisheure.com\/"},{"@type":"ListItem","position":3,"name":"Rolex daytona ref 6265 silver \u00ab\u00a0t swiss t\u00a0\u00bb mk1 premi\u00e8re serie from 1973"}]},{"@type":"WebSite","@id":"https:\/\/www.parisheure.com\/#website","url":"https:\/\/www.parisheure.com\/","name":"PARIS HEURE","description":"Vintage watches Paris","publisher":{"@id":"https:\/\/www.parisheure.com\/#organization"},"potentialAction":[{"@type":"SearchAction","target":{"@type":"EntryPoint","urlTemplate":"https:\/\/www.parisheure.com\/?s={search_term_string}"},"query-input":{"@type":"PropertyValueSpecification","valueRequired":true,"valueName":"search_term_string"}}],"inLanguage":"en-US"},{"@type":"Organization","@id":"https:\/\/www.parisheure.com\/#organization","name":"PARIS HEURE","url":"https:\/\/www.parisheure.com\/","logo":{"@type":"ImageObject","inLanguage":"en-US","@id":"https:\/\/www.parisheure.com\/#\/schema\/logo\/image\/","url":"https:\/\/www.parisheure.com\/wp-content\/uploads\/2021\/07\/cropped-logo-paris-heure.png","contentUrl":"https:\/\/www.parisheure.com\/wp-content\/uploads\/2021\/07\/cropped-logo-paris-heure.png","width":512,"height":512,"caption":"PARIS HEURE"},"image":{"@id":"https:\/\/www.parisheure.com\/#\/schema\/logo\/image\/"},"sameAs":["https:\/\/www.facebook.com\/ParisHeure","https:\/\/www.instagram.com\/parisheure\/"]}]}},"jetpack_sharing_enabled":true,"brands":[{"id":432,"name":"Rolex","slug":"rolex"}],"_links":{"self":[{"href":"https:\/\/www.parisheure.com\/en\/wp-json\/wp\/v2\/product\/15272","targetHints":{"allow":["GET"]}}],"collection":[{"href":"https:\/\/www.parisheure.com\/en\/wp-json\/wp\/v2\/product"}],"about":[{"href":"https:\/\/www.parisheure.com\/en\/wp-json\/wp\/v2\/types\/product"}],"version-history":[{"count":2,"href":"https:\/\/www.parisheure.com\/en\/wp-json\/wp\/v2\/product\/15272\/revisions"}],"predecessor-version":[{"id":15317,"href":"https:\/\/www.parisheure.com\/en\/wp-json\/wp\/v2\/product\/15272\/revisions\/15317"}],"wp:featuredmedia":[{"embeddable":true,"href":"https:\/\/www.parisheure.com\/en\/wp-json\/wp\/v2\/media\/15190"}],"wp:attachment":[{"href":"https:\/\/www.parisheure.com\/en\/wp-json\/wp\/v2\/media?parent=15272"}],"wp:term":[{"taxonomy":"pwb-brand","embeddable":true,"href":"https:\/\/www.parisheure.com\/en\/wp-json\/wp\/v2\/pwb-brand?post=15272"},{"taxonomy":"product_brand","embeddable":true,"href":"https:\/\/www.parisheure.com\/en\/wp-json\/wp\/v2\/product_brand?post=15272"},{"taxonomy":"product_cat","embeddable":true,"href":"https:\/\/www.parisheure.com\/en\/wp-json\/wp\/v2\/product_cat?post=15272"},{"taxonomy":"product_tag","embeddable":true,"href":"https:\/\/www.parisheure.com\/en\/wp-json\/wp\/v2\/product_tag?post=15272"}],"curies":[{"name":"wp","href":"https:\/\/api.w.org\/{rel}","templated":true}]}}