{"id":15318,"date":"2026-01-12T13:18:07","date_gmt":"2026-01-12T12:18:07","guid":{"rendered":"https:\/\/www.parisheure.com\/?post_type=product&#038;p=15318"},"modified":"2026-01-16T14:17:24","modified_gmt":"2026-01-16T13:17:24","slug":"blancpain-fifty-fathoms-rotomatic-incabloc-radium-dial-early-1950s","status":"publish","type":"product","link":"https:\/\/www.parisheure.com\/en\/buy-watch\/blancpain-fifty-fathoms-rotomatic-incabloc-radium-dial-early-1950s\/","title":{"rendered":"Blancpain fifty fathoms rotomatic incabloc radium dial early 1950\u2019s"},"content":{"rendered":"<p><strong>Our opinion:<\/strong> Une pi\u00e8ce de collection absolue : cette Blancpain Fifty Fathoms des ann\u00e9es 50 repr\u00e9sente le tout d\u00e9but de l\u2019histoire des montres de plong\u00e9e professionnelles. Cadran et lunette au radium<strong>, <\/strong>mouvement Rayville d\u2019origine, bo\u00eetier intact, un ensemble au niveau concours<strong>,<\/strong> d\u2019une rare puret\u00e9. C\u2019est une ic\u00f4ne intemporelle, comparable aux premi\u00e8res Submariner ou Seamaster 300, mais infiniment plus rare. Un graal pour collectionneur exigeant.<\/p>","protected":false},"excerpt":{"rendered":"<p>Exceptionnelle Blancpain Fifty Fathoms vintage<\/p>\n<p>&nbsp;<\/p>\n<p><strong>Brand :<\/strong> Blancpain<\/p>\n<p><strong>Model:<\/strong> Fifty Fathoms Rotomatic Incabloc<\/p>\n<p><strong>Movement :<\/strong> Automatique Blancpain Rayville S.A., 17 rubis<\/p>\n<p><strong>Diameter :<\/strong> 41 mm<\/p>\n<p><strong>Year:<\/strong> Circa 1955<\/p>\n<p><strong>Bo\u00eete :<\/strong> Bo\u00eetier acier en \u00e9tat exceptionnel, angles francs et satinage d\u2019origine parfaitement conserv\u00e9. Aucune trace de polissage excessif. Lunette bak\u00e9lite d\u2019origine, gradu\u00e9e 60 minutes, encore \u00e9clatante avec index radium d\u2019\u00e9poque. Couronne sign\u00e9e, parfaitement fonctionnelle. L\u2019ensemble pr\u00e9sente une patine naturelle magnifique, d\u2019une coh\u00e9rence rare pour une montre de plong\u00e9e de cette \u00e9poque.<\/p>\n<p><strong>Dial:<\/strong> Superbe cadran noir mat d\u2019origine sign\u00e9 Blancpain Fifty Fathoms Rotomatic Incabloc. Index et aiguilles au radium, d\u2019une teinte cr\u00e8me profonde, uniform\u00e9ment patin\u00e9e. Inscription parfaitement lisible, sans reprise ni retouche. Un cadran de collection, 100 % authentique et non restaur\u00e9.<\/p>\n<p><strong>Movement :<\/strong> Mouvement automatique Blancpain Rayville S.A., 17 rubis, en excellent \u00e9tat de fonctionnement. Gravures parfaitement nettes sur le rotor et la platine.<\/p>\n<p><strong>Bracelet :<\/strong> Bracelet tropic noir vintage, parfaitement assorti \u00e0 la pi\u00e8ce et pr\u00eat \u00e0 porter.<\/p>\n<p><strong>Accessories:<\/strong> Aucun.<\/p>","protected":false},"featured_media":15118,"template":"","meta":[],"pwb-brand":[456],"product_brand":[],"product_cat":[107,457,368],"product_tag":[458,460,459,454,101],"class_list":{"0":"post-15318","1":"product","2":"type-product","3":"status-publish","4":"has-post-thumbnail","6":"pwb-brand-blancpain","7":"product_cat-archives","8":"product_cat-blancpain-doccasion","9":"product_cat-montres-ph-watches","10":"product_tag-blancpain","11":"product_tag-divig","12":"product_tag-fifty-fathoms","13":"product_tag-radium","14":"product_tag-vintage","16":"first","17":"outofstock","18":"shipping-taxable","19":"product-type-simple"},"yoast_head":"<!-- This site is optimized with the Yoast SEO plugin v27.4 - https:\/\/yoast.com\/product\/yoast-seo-wordpress\/ -->\n<title>Blancpain fifty fathoms rotomatic incabloc radium dial early 1950\u2019s &#8226; PARIS HEURE<\/title>\n<meta name=\"description\" content=\"Exceptionnelle Blancpain Fifty Fathoms vintage  &nbsp;  Marque : Blancpain  Mod\u00e8le : Fifty Fathoms Rotomatic Incabloc  Mouvement : Automatique Blancpain Rayville S.A., 17 rubis  Diam\u00e8tre : 41 mm  Ann\u00e9e : Circa 1955  Bo\u00eete : Bo\u00eetier acier en \u00e9tat exceptionnel, angles francs et satinage d\u2019origine parfaitement conserv\u00e9. Aucune trace de polissage excessif. Lunette bak\u00e9lite d\u2019origine, gradu\u00e9e 60 minutes, encore \u00e9clatante avec index radium d\u2019\u00e9poque. Couronne sign\u00e9e, parfaitement fonctionnelle. L\u2019ensemble pr\u00e9sente une patine naturelle magnifique, d\u2019une coh\u00e9rence rare pour une montre de plong\u00e9e de cette \u00e9poque.  Cadran : Superbe cadran noir mat d\u2019origine sign\u00e9 Blancpain Fifty Fathoms Rotomatic Incabloc. Index et aiguilles au radium, d\u2019une teinte cr\u00e8me profonde, uniform\u00e9ment patin\u00e9e. Inscription parfaitement lisible, sans reprise ni retouche. Un cadran de collection, 100 % authentique et non restaur\u00e9.  Mouvement : Mouvement automatique Blancpain Rayville S.A., 17 rubis, en excellent \u00e9tat de fonctionnement. Gravures parfaitement nettes sur le rotor et la platine.  Bracelet : Bracelet tropic noir vintage, parfaitement assorti \u00e0 la pi\u00e8ce et pr\u00eat \u00e0 porter.  Accessoires : Aucun.\" \/>\n<meta name=\"robots\" content=\"index, follow, max-snippet:-1, max-image-preview:large, max-video-preview:-1\" \/>\n<link rel=\"canonical\" href=\"https:\/\/www.parisheure.com\/en\/buy-watch\/blancpain-fifty-fathoms-rotomatic-incabloc-radium-dial-early-1950s\/\" \/>\n<meta property=\"og:locale\" content=\"en_US\" \/>\n<meta property=\"og:type\" content=\"article\" \/>\n<meta property=\"og:title\" content=\"Blancpain fifty fathoms rotomatic incabloc radium dial early 1950\u2019s &#8226; PARIS HEURE\" \/>\n<meta property=\"og:description\" content=\"Exceptionnelle Blancpain Fifty Fathoms vintage  &nbsp;  Marque : Blancpain  Mod\u00e8le : Fifty Fathoms Rotomatic Incabloc  Mouvement : Automatique Blancpain Rayville S.A., 17 rubis  Diam\u00e8tre : 41 mm  Ann\u00e9e : Circa 1955  Bo\u00eete : Bo\u00eetier acier en \u00e9tat exceptionnel, angles francs et satinage d\u2019origine parfaitement conserv\u00e9. Aucune trace de polissage excessif. Lunette bak\u00e9lite d\u2019origine, gradu\u00e9e 60 minutes, encore \u00e9clatante avec index radium d\u2019\u00e9poque. Couronne sign\u00e9e, parfaitement fonctionnelle. L\u2019ensemble pr\u00e9sente une patine naturelle magnifique, d\u2019une coh\u00e9rence rare pour une montre de plong\u00e9e de cette \u00e9poque.  Cadran : Superbe cadran noir mat d\u2019origine sign\u00e9 Blancpain Fifty Fathoms Rotomatic Incabloc. Index et aiguilles au radium, d\u2019une teinte cr\u00e8me profonde, uniform\u00e9ment patin\u00e9e. Inscription parfaitement lisible, sans reprise ni retouche. Un cadran de collection, 100 % authentique et non restaur\u00e9.  Mouvement : Mouvement automatique Blancpain Rayville S.A., 17 rubis, en excellent \u00e9tat de fonctionnement. Gravures parfaitement nettes sur le rotor et la platine.  Bracelet : Bracelet tropic noir vintage, parfaitement assorti \u00e0 la pi\u00e8ce et pr\u00eat \u00e0 porter.  Accessoires : Aucun.\" \/>\n<meta property=\"og:url\" content=\"https:\/\/www.parisheure.com\/en\/buy-watch\/blancpain-fifty-fathoms-rotomatic-incabloc-radium-dial-early-1950s\/\" \/>\n<meta property=\"og:site_name\" content=\"PARIS HEURE\" \/>\n<meta property=\"article:publisher\" content=\"https:\/\/www.facebook.com\/ParisHeure\" \/>\n<meta property=\"article:modified_time\" content=\"2026-01-16T13:17:24+00:00\" \/>\n<meta property=\"og:image\" content=\"https:\/\/www.parisheure.com\/wp-content\/uploads\/2025\/11\/BLANCPAIN-FIFTY-FATHOMS-1950S-INCABLOC-_0019_Calque-17-scaled.jpg\" \/>\n\t<meta property=\"og:image:width\" content=\"2560\" \/>\n\t<meta property=\"og:image:height\" content=\"2560\" \/>\n\t<meta property=\"og:image:type\" content=\"image\/jpeg\" \/>\n<meta name=\"twitter:card\" content=\"summary_large_image\" \/>\n<script type=\"application\/ld+json\" class=\"yoast-schema-graph\">{\"@context\":\"https:\\\/\\\/schema.org\",\"@graph\":[{\"@type\":\"WebPage\",\"@id\":\"https:\\\/\\\/www.parisheure.com\\\/acheter-montre\\\/blancpain-fifty-fathoms-rotomatic-incabloc-radium-dial-early-1950s\\\/\",\"url\":\"https:\\\/\\\/www.parisheure.com\\\/acheter-montre\\\/blancpain-fifty-fathoms-rotomatic-incabloc-radium-dial-early-1950s\\\/\",\"name\":\"Blancpain fifty fathoms rotomatic incabloc radium dial early 1950\u2019s &#8226; PARIS HEURE\",\"isPartOf\":{\"@id\":\"https:\\\/\\\/www.parisheure.com\\\/#website\"},\"primaryImageOfPage\":{\"@id\":\"https:\\\/\\\/www.parisheure.com\\\/acheter-montre\\\/blancpain-fifty-fathoms-rotomatic-incabloc-radium-dial-early-1950s\\\/#primaryimage\"},\"image\":{\"@id\":\"https:\\\/\\\/www.parisheure.com\\\/acheter-montre\\\/blancpain-fifty-fathoms-rotomatic-incabloc-radium-dial-early-1950s\\\/#primaryimage\"},\"thumbnailUrl\":\"https:\\\/\\\/www.parisheure.com\\\/wp-content\\\/uploads\\\/2025\\\/11\\\/BLANCPAIN-FIFTY-FATHOMS-1950S-INCABLOC-_0019_Calque-17-scaled.jpg\",\"datePublished\":\"2026-01-12T12:18:07+00:00\",\"dateModified\":\"2026-01-16T13:17:24+00:00\",\"description\":\"Exceptionnelle Blancpain Fifty Fathoms vintage &nbsp; Marque : Blancpain Mod\u00e8le : Fifty Fathoms Rotomatic Incabloc Mouvement : Automatique Blancpain Rayville S.A., 17 rubis Diam\u00e8tre : 41 mm Ann\u00e9e : Circa 1955 Bo\u00eete : Bo\u00eetier acier en \u00e9tat exceptionnel, angles francs et satinage d\u2019origine parfaitement conserv\u00e9. Aucune trace de polissage excessif. Lunette bak\u00e9lite d\u2019origine, gradu\u00e9e 60 minutes, encore \u00e9clatante avec index radium d\u2019\u00e9poque. Couronne sign\u00e9e, parfaitement fonctionnelle. L\u2019ensemble pr\u00e9sente une patine naturelle magnifique, d\u2019une coh\u00e9rence rare pour une montre de plong\u00e9e de cette \u00e9poque. Cadran : Superbe cadran noir mat d\u2019origine sign\u00e9 Blancpain Fifty Fathoms Rotomatic Incabloc. Index et aiguilles au radium, d\u2019une teinte cr\u00e8me profonde, uniform\u00e9ment patin\u00e9e. Inscription parfaitement lisible, sans reprise ni retouche. Un cadran de collection, 100 % authentique et non restaur\u00e9. Mouvement : Mouvement automatique Blancpain Rayville S.A., 17 rubis, en excellent \u00e9tat de fonctionnement. Gravures parfaitement nettes sur le rotor et la platine. Bracelet : Bracelet tropic noir vintage, parfaitement assorti \u00e0 la pi\u00e8ce et pr\u00eat \u00e0 porter. Accessoires : Aucun.\",\"breadcrumb\":{\"@id\":\"https:\\\/\\\/www.parisheure.com\\\/acheter-montre\\\/blancpain-fifty-fathoms-rotomatic-incabloc-radium-dial-early-1950s\\\/#breadcrumb\"},\"inLanguage\":\"en-US\",\"potentialAction\":[{\"@type\":\"ReadAction\",\"target\":[\"https:\\\/\\\/www.parisheure.com\\\/acheter-montre\\\/blancpain-fifty-fathoms-rotomatic-incabloc-radium-dial-early-1950s\\\/\"]}]},{\"@type\":\"ImageObject\",\"inLanguage\":\"en-US\",\"@id\":\"https:\\\/\\\/www.parisheure.com\\\/acheter-montre\\\/blancpain-fifty-fathoms-rotomatic-incabloc-radium-dial-early-1950s\\\/#primaryimage\",\"url\":\"https:\\\/\\\/www.parisheure.com\\\/wp-content\\\/uploads\\\/2025\\\/11\\\/BLANCPAIN-FIFTY-FATHOMS-1950S-INCABLOC-_0019_Calque-17-scaled.jpg\",\"contentUrl\":\"https:\\\/\\\/www.parisheure.com\\\/wp-content\\\/uploads\\\/2025\\\/11\\\/BLANCPAIN-FIFTY-FATHOMS-1950S-INCABLOC-_0019_Calque-17-scaled.jpg\",\"width\":2560,\"height\":2560},{\"@type\":\"BreadcrumbList\",\"@id\":\"https:\\\/\\\/www.parisheure.com\\\/acheter-montre\\\/blancpain-fifty-fathoms-rotomatic-incabloc-radium-dial-early-1950s\\\/#breadcrumb\",\"itemListElement\":[{\"@type\":\"ListItem\",\"position\":1,\"name\":\"Accueil\",\"item\":\"https:\\\/\\\/www.parisheure.com\\\/\"},{\"@type\":\"ListItem\",\"position\":2,\"name\":\"WATCHES\",\"item\":\"https:\\\/\\\/www.parisheure.com\\\/\"},{\"@type\":\"ListItem\",\"position\":3,\"name\":\"Blancpain fifty fathoms rotomatic incabloc radium dial early 1950\u2019s\"}]},{\"@type\":\"WebSite\",\"@id\":\"https:\\\/\\\/www.parisheure.com\\\/#website\",\"url\":\"https:\\\/\\\/www.parisheure.com\\\/\",\"name\":\"PARIS HEURE\",\"description\":\"Vintage watches Paris\",\"publisher\":{\"@id\":\"https:\\\/\\\/www.parisheure.com\\\/#organization\"},\"potentialAction\":[{\"@type\":\"SearchAction\",\"target\":{\"@type\":\"EntryPoint\",\"urlTemplate\":\"https:\\\/\\\/www.parisheure.com\\\/?s={search_term_string}\"},\"query-input\":{\"@type\":\"PropertyValueSpecification\",\"valueRequired\":true,\"valueName\":\"search_term_string\"}}],\"inLanguage\":\"en-US\"},{\"@type\":\"Organization\",\"@id\":\"https:\\\/\\\/www.parisheure.com\\\/#organization\",\"name\":\"PARIS HEURE\",\"url\":\"https:\\\/\\\/www.parisheure.com\\\/\",\"logo\":{\"@type\":\"ImageObject\",\"inLanguage\":\"en-US\",\"@id\":\"https:\\\/\\\/www.parisheure.com\\\/#\\\/schema\\\/logo\\\/image\\\/\",\"url\":\"https:\\\/\\\/www.parisheure.com\\\/wp-content\\\/uploads\\\/2021\\\/07\\\/cropped-logo-paris-heure.png\",\"contentUrl\":\"https:\\\/\\\/www.parisheure.com\\\/wp-content\\\/uploads\\\/2021\\\/07\\\/cropped-logo-paris-heure.png\",\"width\":512,\"height\":512,\"caption\":\"PARIS HEURE\"},\"image\":{\"@id\":\"https:\\\/\\\/www.parisheure.com\\\/#\\\/schema\\\/logo\\\/image\\\/\"},\"sameAs\":[\"https:\\\/\\\/www.facebook.com\\\/ParisHeure\",\"https:\\\/\\\/www.instagram.com\\\/parisheure\\\/\"]}]}<\/script>\n<!-- \/ Yoast SEO plugin. -->","yoast_head_json":{"title":"Blancpain fifty fathoms rotomatic incabloc radium dial early 1950\u2019s &#8226; PARIS HEURE","description":"Exceptionnelle Blancpain Fifty Fathoms vintage  &nbsp;  Marque : Blancpain  Mod\u00e8le : Fifty Fathoms Rotomatic Incabloc  Mouvement : Automatique Blancpain Rayville S.A., 17 rubis  Diam\u00e8tre : 41 mm  Ann\u00e9e : Circa 1955  Bo\u00eete : Bo\u00eetier acier en \u00e9tat exceptionnel, angles francs et satinage d\u2019origine parfaitement conserv\u00e9. Aucune trace de polissage excessif. Lunette bak\u00e9lite d\u2019origine, gradu\u00e9e 60 minutes, encore \u00e9clatante avec index radium d\u2019\u00e9poque. Couronne sign\u00e9e, parfaitement fonctionnelle. L\u2019ensemble pr\u00e9sente une patine naturelle magnifique, d\u2019une coh\u00e9rence rare pour une montre de plong\u00e9e de cette \u00e9poque.  Cadran : Superbe cadran noir mat d\u2019origine sign\u00e9 Blancpain Fifty Fathoms Rotomatic Incabloc. Index et aiguilles au radium, d\u2019une teinte cr\u00e8me profonde, uniform\u00e9ment patin\u00e9e. Inscription parfaitement lisible, sans reprise ni retouche. Un cadran de collection, 100 % authentique et non restaur\u00e9.  Mouvement : Mouvement automatique Blancpain Rayville S.A., 17 rubis, en excellent \u00e9tat de fonctionnement. Gravures parfaitement nettes sur le rotor et la platine.  Bracelet : Bracelet tropic noir vintage, parfaitement assorti \u00e0 la pi\u00e8ce et pr\u00eat \u00e0 porter.  Accessoires : Aucun.","robots":{"index":"index","follow":"follow","max-snippet":"max-snippet:-1","max-image-preview":"max-image-preview:large","max-video-preview":"max-video-preview:-1"},"canonical":"https:\/\/www.parisheure.com\/en\/buy-watch\/blancpain-fifty-fathoms-rotomatic-incabloc-radium-dial-early-1950s\/","og_locale":"en_US","og_type":"article","og_title":"Blancpain fifty fathoms rotomatic incabloc radium dial early 1950\u2019s &#8226; PARIS HEURE","og_description":"Exceptionnelle Blancpain Fifty Fathoms vintage  &nbsp;  Marque : Blancpain  Mod\u00e8le : Fifty Fathoms Rotomatic Incabloc  Mouvement : Automatique Blancpain Rayville S.A., 17 rubis  Diam\u00e8tre : 41 mm  Ann\u00e9e : Circa 1955  Bo\u00eete : Bo\u00eetier acier en \u00e9tat exceptionnel, angles francs et satinage d\u2019origine parfaitement conserv\u00e9. Aucune trace de polissage excessif. Lunette bak\u00e9lite d\u2019origine, gradu\u00e9e 60 minutes, encore \u00e9clatante avec index radium d\u2019\u00e9poque. Couronne sign\u00e9e, parfaitement fonctionnelle. L\u2019ensemble pr\u00e9sente une patine naturelle magnifique, d\u2019une coh\u00e9rence rare pour une montre de plong\u00e9e de cette \u00e9poque.  Cadran : Superbe cadran noir mat d\u2019origine sign\u00e9 Blancpain Fifty Fathoms Rotomatic Incabloc. Index et aiguilles au radium, d\u2019une teinte cr\u00e8me profonde, uniform\u00e9ment patin\u00e9e. Inscription parfaitement lisible, sans reprise ni retouche. Un cadran de collection, 100 % authentique et non restaur\u00e9.  Mouvement : Mouvement automatique Blancpain Rayville S.A., 17 rubis, en excellent \u00e9tat de fonctionnement. Gravures parfaitement nettes sur le rotor et la platine.  Bracelet : Bracelet tropic noir vintage, parfaitement assorti \u00e0 la pi\u00e8ce et pr\u00eat \u00e0 porter.  Accessoires : Aucun.","og_url":"https:\/\/www.parisheure.com\/en\/buy-watch\/blancpain-fifty-fathoms-rotomatic-incabloc-radium-dial-early-1950s\/","og_site_name":"PARIS HEURE","article_publisher":"https:\/\/www.facebook.com\/ParisHeure","article_modified_time":"2026-01-16T13:17:24+00:00","og_image":[{"width":2560,"height":2560,"url":"https:\/\/www.parisheure.com\/wp-content\/uploads\/2025\/11\/BLANCPAIN-FIFTY-FATHOMS-1950S-INCABLOC-_0019_Calque-17-scaled.jpg","type":"image\/jpeg"}],"twitter_card":"summary_large_image","schema":{"@context":"https:\/\/schema.org","@graph":[{"@type":"WebPage","@id":"https:\/\/www.parisheure.com\/acheter-montre\/blancpain-fifty-fathoms-rotomatic-incabloc-radium-dial-early-1950s\/","url":"https:\/\/www.parisheure.com\/acheter-montre\/blancpain-fifty-fathoms-rotomatic-incabloc-radium-dial-early-1950s\/","name":"Blancpain fifty fathoms rotomatic incabloc radium dial early 1950\u2019s &#8226; PARIS HEURE","isPartOf":{"@id":"https:\/\/www.parisheure.com\/#website"},"primaryImageOfPage":{"@id":"https:\/\/www.parisheure.com\/acheter-montre\/blancpain-fifty-fathoms-rotomatic-incabloc-radium-dial-early-1950s\/#primaryimage"},"image":{"@id":"https:\/\/www.parisheure.com\/acheter-montre\/blancpain-fifty-fathoms-rotomatic-incabloc-radium-dial-early-1950s\/#primaryimage"},"thumbnailUrl":"https:\/\/www.parisheure.com\/wp-content\/uploads\/2025\/11\/BLANCPAIN-FIFTY-FATHOMS-1950S-INCABLOC-_0019_Calque-17-scaled.jpg","datePublished":"2026-01-12T12:18:07+00:00","dateModified":"2026-01-16T13:17:24+00:00","description":"Exceptionnelle Blancpain Fifty Fathoms vintage &nbsp; Marque : Blancpain Mod\u00e8le : Fifty Fathoms Rotomatic Incabloc Mouvement : Automatique Blancpain Rayville S.A., 17 rubis Diam\u00e8tre : 41 mm Ann\u00e9e : Circa 1955 Bo\u00eete : Bo\u00eetier acier en \u00e9tat exceptionnel, angles francs et satinage d\u2019origine parfaitement conserv\u00e9. Aucune trace de polissage excessif. Lunette bak\u00e9lite d\u2019origine, gradu\u00e9e 60 minutes, encore \u00e9clatante avec index radium d\u2019\u00e9poque. Couronne sign\u00e9e, parfaitement fonctionnelle. L\u2019ensemble pr\u00e9sente une patine naturelle magnifique, d\u2019une coh\u00e9rence rare pour une montre de plong\u00e9e de cette \u00e9poque. Cadran : Superbe cadran noir mat d\u2019origine sign\u00e9 Blancpain Fifty Fathoms Rotomatic Incabloc. Index et aiguilles au radium, d\u2019une teinte cr\u00e8me profonde, uniform\u00e9ment patin\u00e9e. Inscription parfaitement lisible, sans reprise ni retouche. Un cadran de collection, 100 % authentique et non restaur\u00e9. Mouvement : Mouvement automatique Blancpain Rayville S.A., 17 rubis, en excellent \u00e9tat de fonctionnement. Gravures parfaitement nettes sur le rotor et la platine. Bracelet : Bracelet tropic noir vintage, parfaitement assorti \u00e0 la pi\u00e8ce et pr\u00eat \u00e0 porter. Accessoires : Aucun.","breadcrumb":{"@id":"https:\/\/www.parisheure.com\/acheter-montre\/blancpain-fifty-fathoms-rotomatic-incabloc-radium-dial-early-1950s\/#breadcrumb"},"inLanguage":"en-US","potentialAction":[{"@type":"ReadAction","target":["https:\/\/www.parisheure.com\/acheter-montre\/blancpain-fifty-fathoms-rotomatic-incabloc-radium-dial-early-1950s\/"]}]},{"@type":"ImageObject","inLanguage":"en-US","@id":"https:\/\/www.parisheure.com\/acheter-montre\/blancpain-fifty-fathoms-rotomatic-incabloc-radium-dial-early-1950s\/#primaryimage","url":"https:\/\/www.parisheure.com\/wp-content\/uploads\/2025\/11\/BLANCPAIN-FIFTY-FATHOMS-1950S-INCABLOC-_0019_Calque-17-scaled.jpg","contentUrl":"https:\/\/www.parisheure.com\/wp-content\/uploads\/2025\/11\/BLANCPAIN-FIFTY-FATHOMS-1950S-INCABLOC-_0019_Calque-17-scaled.jpg","width":2560,"height":2560},{"@type":"BreadcrumbList","@id":"https:\/\/www.parisheure.com\/acheter-montre\/blancpain-fifty-fathoms-rotomatic-incabloc-radium-dial-early-1950s\/#breadcrumb","itemListElement":[{"@type":"ListItem","position":1,"name":"Accueil","item":"https:\/\/www.parisheure.com\/"},{"@type":"ListItem","position":2,"name":"WATCHES","item":"https:\/\/www.parisheure.com\/"},{"@type":"ListItem","position":3,"name":"Blancpain fifty fathoms rotomatic incabloc radium dial early 1950\u2019s"}]},{"@type":"WebSite","@id":"https:\/\/www.parisheure.com\/#website","url":"https:\/\/www.parisheure.com\/","name":"PARIS HEURE","description":"Vintage watches Paris","publisher":{"@id":"https:\/\/www.parisheure.com\/#organization"},"potentialAction":[{"@type":"SearchAction","target":{"@type":"EntryPoint","urlTemplate":"https:\/\/www.parisheure.com\/?s={search_term_string}"},"query-input":{"@type":"PropertyValueSpecification","valueRequired":true,"valueName":"search_term_string"}}],"inLanguage":"en-US"},{"@type":"Organization","@id":"https:\/\/www.parisheure.com\/#organization","name":"PARIS HEURE","url":"https:\/\/www.parisheure.com\/","logo":{"@type":"ImageObject","inLanguage":"en-US","@id":"https:\/\/www.parisheure.com\/#\/schema\/logo\/image\/","url":"https:\/\/www.parisheure.com\/wp-content\/uploads\/2021\/07\/cropped-logo-paris-heure.png","contentUrl":"https:\/\/www.parisheure.com\/wp-content\/uploads\/2021\/07\/cropped-logo-paris-heure.png","width":512,"height":512,"caption":"PARIS HEURE"},"image":{"@id":"https:\/\/www.parisheure.com\/#\/schema\/logo\/image\/"},"sameAs":["https:\/\/www.facebook.com\/ParisHeure","https:\/\/www.instagram.com\/parisheure\/"]}]}},"jetpack_sharing_enabled":true,"brands":[{"id":456,"name":"Blancpain","slug":"blancpain"}],"_links":{"self":[{"href":"https:\/\/www.parisheure.com\/en\/wp-json\/wp\/v2\/product\/15318","targetHints":{"allow":["GET"]}}],"collection":[{"href":"https:\/\/www.parisheure.com\/en\/wp-json\/wp\/v2\/product"}],"about":[{"href":"https:\/\/www.parisheure.com\/en\/wp-json\/wp\/v2\/types\/product"}],"version-history":[{"count":1,"href":"https:\/\/www.parisheure.com\/en\/wp-json\/wp\/v2\/product\/15318\/revisions"}],"predecessor-version":[{"id":15319,"href":"https:\/\/www.parisheure.com\/en\/wp-json\/wp\/v2\/product\/15318\/revisions\/15319"}],"wp:featuredmedia":[{"embeddable":true,"href":"https:\/\/www.parisheure.com\/en\/wp-json\/wp\/v2\/media\/15118"}],"wp:attachment":[{"href":"https:\/\/www.parisheure.com\/en\/wp-json\/wp\/v2\/media?parent=15318"}],"wp:term":[{"taxonomy":"pwb-brand","embeddable":true,"href":"https:\/\/www.parisheure.com\/en\/wp-json\/wp\/v2\/pwb-brand?post=15318"},{"taxonomy":"product_brand","embeddable":true,"href":"https:\/\/www.parisheure.com\/en\/wp-json\/wp\/v2\/product_brand?post=15318"},{"taxonomy":"product_cat","embeddable":true,"href":"https:\/\/www.parisheure.com\/en\/wp-json\/wp\/v2\/product_cat?post=15318"},{"taxonomy":"product_tag","embeddable":true,"href":"https:\/\/www.parisheure.com\/en\/wp-json\/wp\/v2\/product_tag?post=15318"}],"curies":[{"name":"wp","href":"https:\/\/api.w.org\/{rel}","templated":true}]}}