{"id":15320,"date":"2026-01-12T13:25:57","date_gmt":"2026-01-12T12:25:57","guid":{"rendered":"https:\/\/www.parisheure.com\/?post_type=product&#038;p=15320"},"modified":"2026-01-16T14:39:49","modified_gmt":"2026-01-16T13:39:49","slug":"cartier-tank-bec-daigle-or-18k-annees-1950","status":"publish","type":"product","link":"https:\/\/www.parisheure.com\/en\/buy-watch\/cartier-tank-bec-daigle-or-18k-annees-1950\/","title":{"rendered":"Cartier Tank \u201cBec d\u2019Aigle\u201d Or 18k Ann\u00e9es 1950"},"content":{"rendered":"<p><strong>Our opinion:<\/strong> Un exemplaire particuli\u00e8rement s\u00e9duisant et coh\u00e9rent d\u2019une des variantes les plus \u00e9l\u00e9gantes de la Tank vintage. Cette Cartier Tank Bec d\u2019Aigle des ann\u00e9es 50 r\u00e9unit tous les crit\u00e8res recherch\u00e9s par les collectionneurs avertis avec un bo\u00eetier en or 18k bien conserv\u00e9 un cadran et des aiguilles d\u2019origine pr\u00e9sentant une patine authentique un mouvement Jaeger duo-plan d\u2019origine t\u00e9moignant du savoir-faire horloger de l\u2019\u00e9poque et une boucle d\u00e9ployante en or vintage rare et hautement d\u00e9sirable.<\/p>","protected":false},"excerpt":{"rendered":"<p>Magnifique et rare Cartier Tank Bec d\u2019Aigle en or 18k, produite dans les ann\u00e9es 1950, dans une configuration particuli\u00e8rement recherch\u00e9e avec boucle d\u00e9ployante en or vintage et mouvement Jaeger duo-plan d\u2019origine.<\/p>\n<p data-start=\"491\" data-end=\"516\"><strong>Model:<\/strong> Tank Bec d\u2019Aigle<\/p>\n<p data-start=\"518\" data-end=\"670\"><strong>Movement :<\/strong> Mouvement m\u00e9canique \u00e0 remontage manuel Jaeger d\u2019origine, architecture duo-plan, signature des productions haut de gamme Cartier de l\u2019\u00e9poque.<\/p>\n<p data-start=\"672\" data-end=\"691\"><strong>Year:<\/strong> Ann\u00e9es 1950<\/p>\n<p data-start=\"693\" data-end=\"1097\"><strong>Case :<\/strong> Bo\u00eetier en or jaune 18k, embl\u00e9matique de la Tank Bec d\u2019Aigle avec ses cornes effil\u00e9es en forme de bec, \u00e9l\u00e9gamment incurv\u00e9es. Le bo\u00eetier pr\u00e9sente une tr\u00e8s belle conservation avec des lignes encore bien d\u00e9finies et une patine homog\u00e8ne. Les proportions sont \u00e9l\u00e9gantes et typiques de la production Cartier mid-century. Les num\u00e9ros de s\u00e9rie sont visibles au dos et correspondent aux photos fournies.<\/p>\n<p data-start=\"1099\" data-end=\"1217\"><strong>Dimensions :<\/strong> Format classique Tank, parfaitement \u00e9quilibr\u00e9 au poignet et conforme aux standards Cartier de la p\u00e9riode.<\/p>\n<p data-start=\"1219\" data-end=\"1561\"><strong>Dial:<\/strong> Superbe cadran d\u2019origine sign\u00e9 Cartier avec chiffres romains peints et minuterie chemin de fer. La patine est naturelle douce et homog\u00e8ne parfaitement coh\u00e9rente avec une montre des ann\u00e9es 50. Les aiguilles bleuies sont d\u2019origine et en excellent \u00e9tat. La signature et la typographie sont conformes aux productions Cartier de l\u2019\u00e9poque.<\/p>\n<p data-start=\"1563\" data-end=\"1629\"><strong>Couronne :<\/strong> Couronne d\u2019origine int\u00e9gr\u00e9e harmonieusement au bo\u00eetier.<\/p>\n<p data-start=\"1631\" data-end=\"1701\"><strong>Bracelet :<\/strong> Bracelet en cuir post\u00e9rieur parfaitement adapt\u00e9 au bo\u00eetier.<\/p>\n<p data-start=\"1703\" data-end=\"1825\"><strong>Boucle :<\/strong> Rare boucle d\u00e9ployante Cartier vintage en or apportant une forte valeur historique et de collection \u00e0 l\u2019ensemble.<\/p>\n<p data-start=\"1827\" data-end=\"1847\"><strong>Accessories:<\/strong> Aucun.<\/p>","protected":false},"featured_media":15094,"template":"","meta":[],"pwb-brand":[433],"product_brand":[],"product_cat":[94,368,138],"product_tag":[461,111,175,352,101],"class_list":{"0":"post-15320","1":"product","2":"type-product","3":"status-publish","4":"has-post-thumbnail","6":"pwb-brand-cartier","7":"product_cat-cartier","8":"product_cat-montres-ph-watches","9":"product_cat-nouveautes","10":"product_tag-bec-daigle","11":"product_tag-cartier","12":"product_tag-mecanique","13":"product_tag-tank","14":"product_tag-vintage","16":"first","17":"instock","18":"shipping-taxable","19":"purchasable","20":"product-type-simple"},"yoast_head":"<!-- This site is optimized with the Yoast SEO plugin v27.4 - https:\/\/yoast.com\/product\/yoast-seo-wordpress\/ -->\n<title>Cartier Tank \u201cBec d\u2019Aigle\u201d Or 18k Ann\u00e9es 1950 &#8226; PARIS HEURE<\/title>\n<meta name=\"description\" content=\"Magnifique et rare Cartier Tank Bec d\u2019Aigle en or 18k, produite dans les ann\u00e9es 1950, dans une configuration particuli\u00e8rement recherch\u00e9e avec boucle d\u00e9ployante en or vintage et mouvement Jaeger duo-plan d\u2019origine. Mod\u00e8le : Tank Bec d\u2019Aigle Mouvement : Mouvement m\u00e9canique \u00e0 remontage manuel Jaeger d\u2019origine, architecture duo-plan, signature des productions haut de gamme Cartier de l\u2019\u00e9poque. Ann\u00e9e : Ann\u00e9es 1950 Bo\u00eetier : Bo\u00eetier en or jaune 18k, embl\u00e9matique de la Tank Bec d\u2019Aigle avec ses cornes effil\u00e9es en forme de bec, \u00e9l\u00e9gamment incurv\u00e9es. Le bo\u00eetier pr\u00e9sente une tr\u00e8s belle conservation avec des lignes encore bien d\u00e9finies et une patine homog\u00e8ne. Les proportions sont \u00e9l\u00e9gantes et typiques de la production Cartier mid-century. Les num\u00e9ros de s\u00e9rie sont visibles au dos et correspondent aux photos fournies. Dimensions : Format classique Tank, parfaitement \u00e9quilibr\u00e9 au poignet et conforme aux standards Cartier de la p\u00e9riode. Cadran : Superbe cadran d\u2019origine sign\u00e9 Cartier avec chiffres romains peints et minuterie chemin de fer. La patine est naturelle douce et homog\u00e8ne parfaitement coh\u00e9rente avec une montre des ann\u00e9es 50. Les aiguilles bleuies sont d\u2019origine et en excellent \u00e9tat. La signature et la typographie sont conformes aux productions Cartier de l\u2019\u00e9poque. Couronne : Couronne d\u2019origine int\u00e9gr\u00e9e harmonieusement au bo\u00eetier. Bracelet : Bracelet en cuir post\u00e9rieur parfaitement adapt\u00e9 au bo\u00eetier. Boucle : Rare boucle d\u00e9ployante Cartier vintage en or apportant une forte valeur historique et de collection \u00e0 l\u2019ensemble. Accessoires : Aucun.\" \/>\n<meta name=\"robots\" content=\"index, follow, max-snippet:-1, max-image-preview:large, max-video-preview:-1\" \/>\n<link rel=\"canonical\" href=\"https:\/\/www.parisheure.com\/en\/buy-watch\/cartier-tank-bec-daigle-or-18k-annees-1950\/\" \/>\n<meta property=\"og:locale\" content=\"en_US\" \/>\n<meta property=\"og:type\" content=\"article\" \/>\n<meta property=\"og:title\" content=\"Cartier Tank \u201cBec d\u2019Aigle\u201d Or 18k Ann\u00e9es 1950 &#8226; PARIS HEURE\" \/>\n<meta property=\"og:description\" content=\"Magnifique et rare Cartier Tank Bec d\u2019Aigle en or 18k, produite dans les ann\u00e9es 1950, dans une configuration particuli\u00e8rement recherch\u00e9e avec boucle d\u00e9ployante en or vintage et mouvement Jaeger duo-plan d\u2019origine. Mod\u00e8le : Tank Bec d\u2019Aigle Mouvement : Mouvement m\u00e9canique \u00e0 remontage manuel Jaeger d\u2019origine, architecture duo-plan, signature des productions haut de gamme Cartier de l\u2019\u00e9poque. Ann\u00e9e : Ann\u00e9es 1950 Bo\u00eetier : Bo\u00eetier en or jaune 18k, embl\u00e9matique de la Tank Bec d\u2019Aigle avec ses cornes effil\u00e9es en forme de bec, \u00e9l\u00e9gamment incurv\u00e9es. Le bo\u00eetier pr\u00e9sente une tr\u00e8s belle conservation avec des lignes encore bien d\u00e9finies et une patine homog\u00e8ne. Les proportions sont \u00e9l\u00e9gantes et typiques de la production Cartier mid-century. Les num\u00e9ros de s\u00e9rie sont visibles au dos et correspondent aux photos fournies. Dimensions : Format classique Tank, parfaitement \u00e9quilibr\u00e9 au poignet et conforme aux standards Cartier de la p\u00e9riode. Cadran : Superbe cadran d\u2019origine sign\u00e9 Cartier avec chiffres romains peints et minuterie chemin de fer. La patine est naturelle douce et homog\u00e8ne parfaitement coh\u00e9rente avec une montre des ann\u00e9es 50. Les aiguilles bleuies sont d\u2019origine et en excellent \u00e9tat. La signature et la typographie sont conformes aux productions Cartier de l\u2019\u00e9poque. Couronne : Couronne d\u2019origine int\u00e9gr\u00e9e harmonieusement au bo\u00eetier. Bracelet : Bracelet en cuir post\u00e9rieur parfaitement adapt\u00e9 au bo\u00eetier. Boucle : Rare boucle d\u00e9ployante Cartier vintage en or apportant une forte valeur historique et de collection \u00e0 l\u2019ensemble. Accessoires : Aucun.\" \/>\n<meta property=\"og:url\" content=\"https:\/\/www.parisheure.com\/en\/buy-watch\/cartier-tank-bec-daigle-or-18k-annees-1950\/\" \/>\n<meta property=\"og:site_name\" content=\"PARIS HEURE\" \/>\n<meta property=\"article:publisher\" content=\"https:\/\/www.facebook.com\/ParisHeure\" \/>\n<meta property=\"article:modified_time\" content=\"2026-01-16T13:39:49+00:00\" \/>\n<meta property=\"og:image\" content=\"https:\/\/www.parisheure.com\/wp-content\/uploads\/2025\/11\/CARTIER-TANK-BEC-D-AIGLE-BIS_0011_Calque-15-scaled.jpg\" \/>\n\t<meta property=\"og:image:width\" content=\"2560\" \/>\n\t<meta property=\"og:image:height\" content=\"2560\" \/>\n\t<meta property=\"og:image:type\" content=\"image\/jpeg\" \/>\n<meta name=\"twitter:card\" content=\"summary_large_image\" \/>\n<script type=\"application\/ld+json\" class=\"yoast-schema-graph\">{\"@context\":\"https:\\\/\\\/schema.org\",\"@graph\":[{\"@type\":\"WebPage\",\"@id\":\"https:\\\/\\\/www.parisheure.com\\\/acheter-montre\\\/cartier-tank-bec-daigle-or-18k-annees-1950\\\/\",\"url\":\"https:\\\/\\\/www.parisheure.com\\\/acheter-montre\\\/cartier-tank-bec-daigle-or-18k-annees-1950\\\/\",\"name\":\"Cartier Tank \u201cBec d\u2019Aigle\u201d Or 18k Ann\u00e9es 1950 &#8226; PARIS HEURE\",\"isPartOf\":{\"@id\":\"https:\\\/\\\/www.parisheure.com\\\/#website\"},\"primaryImageOfPage\":{\"@id\":\"https:\\\/\\\/www.parisheure.com\\\/acheter-montre\\\/cartier-tank-bec-daigle-or-18k-annees-1950\\\/#primaryimage\"},\"image\":{\"@id\":\"https:\\\/\\\/www.parisheure.com\\\/acheter-montre\\\/cartier-tank-bec-daigle-or-18k-annees-1950\\\/#primaryimage\"},\"thumbnailUrl\":\"https:\\\/\\\/www.parisheure.com\\\/wp-content\\\/uploads\\\/2025\\\/11\\\/CARTIER-TANK-BEC-D-AIGLE-BIS_0011_Calque-15-scaled.jpg\",\"datePublished\":\"2026-01-12T12:25:57+00:00\",\"dateModified\":\"2026-01-16T13:39:49+00:00\",\"description\":\"Magnifique et rare Cartier Tank Bec d\u2019Aigle en or 18k, produite dans les ann\u00e9es 1950, dans une configuration particuli\u00e8rement recherch\u00e9e avec boucle d\u00e9ployante en or vintage et mouvement Jaeger duo-plan d\u2019origine. Mod\u00e8le : Tank Bec d\u2019Aigle Mouvement : Mouvement m\u00e9canique \u00e0 remontage manuel Jaeger d\u2019origine, architecture duo-plan, signature des productions haut de gamme Cartier de l\u2019\u00e9poque. Ann\u00e9e : Ann\u00e9es 1950 Bo\u00eetier : Bo\u00eetier en or jaune 18k, embl\u00e9matique de la Tank Bec d\u2019Aigle avec ses cornes effil\u00e9es en forme de bec, \u00e9l\u00e9gamment incurv\u00e9es. Le bo\u00eetier pr\u00e9sente une tr\u00e8s belle conservation avec des lignes encore bien d\u00e9finies et une patine homog\u00e8ne. Les proportions sont \u00e9l\u00e9gantes et typiques de la production Cartier mid-century. Les num\u00e9ros de s\u00e9rie sont visibles au dos et correspondent aux photos fournies. Dimensions : Format classique Tank, parfaitement \u00e9quilibr\u00e9 au poignet et conforme aux standards Cartier de la p\u00e9riode. Cadran : Superbe cadran d\u2019origine sign\u00e9 Cartier avec chiffres romains peints et minuterie chemin de fer. La patine est naturelle douce et homog\u00e8ne parfaitement coh\u00e9rente avec une montre des ann\u00e9es 50. Les aiguilles bleuies sont d\u2019origine et en excellent \u00e9tat. La signature et la typographie sont conformes aux productions Cartier de l\u2019\u00e9poque. Couronne : Couronne d\u2019origine int\u00e9gr\u00e9e harmonieusement au bo\u00eetier. Bracelet : Bracelet en cuir post\u00e9rieur parfaitement adapt\u00e9 au bo\u00eetier. Boucle : Rare boucle d\u00e9ployante Cartier vintage en or apportant une forte valeur historique et de collection \u00e0 l\u2019ensemble. Accessoires : Aucun.\",\"breadcrumb\":{\"@id\":\"https:\\\/\\\/www.parisheure.com\\\/acheter-montre\\\/cartier-tank-bec-daigle-or-18k-annees-1950\\\/#breadcrumb\"},\"inLanguage\":\"en-US\",\"potentialAction\":[{\"@type\":\"ReadAction\",\"target\":[\"https:\\\/\\\/www.parisheure.com\\\/acheter-montre\\\/cartier-tank-bec-daigle-or-18k-annees-1950\\\/\"]}]},{\"@type\":\"ImageObject\",\"inLanguage\":\"en-US\",\"@id\":\"https:\\\/\\\/www.parisheure.com\\\/acheter-montre\\\/cartier-tank-bec-daigle-or-18k-annees-1950\\\/#primaryimage\",\"url\":\"https:\\\/\\\/www.parisheure.com\\\/wp-content\\\/uploads\\\/2025\\\/11\\\/CARTIER-TANK-BEC-D-AIGLE-BIS_0011_Calque-15-scaled.jpg\",\"contentUrl\":\"https:\\\/\\\/www.parisheure.com\\\/wp-content\\\/uploads\\\/2025\\\/11\\\/CARTIER-TANK-BEC-D-AIGLE-BIS_0011_Calque-15-scaled.jpg\",\"width\":2560,\"height\":2560},{\"@type\":\"BreadcrumbList\",\"@id\":\"https:\\\/\\\/www.parisheure.com\\\/acheter-montre\\\/cartier-tank-bec-daigle-or-18k-annees-1950\\\/#breadcrumb\",\"itemListElement\":[{\"@type\":\"ListItem\",\"position\":1,\"name\":\"Accueil\",\"item\":\"https:\\\/\\\/www.parisheure.com\\\/\"},{\"@type\":\"ListItem\",\"position\":2,\"name\":\"WATCHES\",\"item\":\"https:\\\/\\\/www.parisheure.com\\\/\"},{\"@type\":\"ListItem\",\"position\":3,\"name\":\"Cartier Tank \u201cBec d\u2019Aigle\u201d Or 18k Ann\u00e9es 1950\"}]},{\"@type\":\"WebSite\",\"@id\":\"https:\\\/\\\/www.parisheure.com\\\/#website\",\"url\":\"https:\\\/\\\/www.parisheure.com\\\/\",\"name\":\"PARIS HEURE\",\"description\":\"Vintage watches Paris\",\"publisher\":{\"@id\":\"https:\\\/\\\/www.parisheure.com\\\/#organization\"},\"potentialAction\":[{\"@type\":\"SearchAction\",\"target\":{\"@type\":\"EntryPoint\",\"urlTemplate\":\"https:\\\/\\\/www.parisheure.com\\\/?s={search_term_string}\"},\"query-input\":{\"@type\":\"PropertyValueSpecification\",\"valueRequired\":true,\"valueName\":\"search_term_string\"}}],\"inLanguage\":\"en-US\"},{\"@type\":\"Organization\",\"@id\":\"https:\\\/\\\/www.parisheure.com\\\/#organization\",\"name\":\"PARIS HEURE\",\"url\":\"https:\\\/\\\/www.parisheure.com\\\/\",\"logo\":{\"@type\":\"ImageObject\",\"inLanguage\":\"en-US\",\"@id\":\"https:\\\/\\\/www.parisheure.com\\\/#\\\/schema\\\/logo\\\/image\\\/\",\"url\":\"https:\\\/\\\/www.parisheure.com\\\/wp-content\\\/uploads\\\/2021\\\/07\\\/cropped-logo-paris-heure.png\",\"contentUrl\":\"https:\\\/\\\/www.parisheure.com\\\/wp-content\\\/uploads\\\/2021\\\/07\\\/cropped-logo-paris-heure.png\",\"width\":512,\"height\":512,\"caption\":\"PARIS HEURE\"},\"image\":{\"@id\":\"https:\\\/\\\/www.parisheure.com\\\/#\\\/schema\\\/logo\\\/image\\\/\"},\"sameAs\":[\"https:\\\/\\\/www.facebook.com\\\/ParisHeure\",\"https:\\\/\\\/www.instagram.com\\\/parisheure\\\/\"]}]}<\/script>\n<!-- \/ Yoast SEO plugin. -->","yoast_head_json":{"title":"Cartier Tank \u201cBec d\u2019Aigle\u201d Or 18k Ann\u00e9es 1950 &#8226; PARIS HEURE","description":"Magnifique et rare Cartier Tank Bec d\u2019Aigle en or 18k, produite dans les ann\u00e9es 1950, dans une configuration particuli\u00e8rement recherch\u00e9e avec boucle d\u00e9ployante en or vintage et mouvement Jaeger duo-plan d\u2019origine. Mod\u00e8le : Tank Bec d\u2019Aigle Mouvement : Mouvement m\u00e9canique \u00e0 remontage manuel Jaeger d\u2019origine, architecture duo-plan, signature des productions haut de gamme Cartier de l\u2019\u00e9poque. Ann\u00e9e : Ann\u00e9es 1950 Bo\u00eetier : Bo\u00eetier en or jaune 18k, embl\u00e9matique de la Tank Bec d\u2019Aigle avec ses cornes effil\u00e9es en forme de bec, \u00e9l\u00e9gamment incurv\u00e9es. Le bo\u00eetier pr\u00e9sente une tr\u00e8s belle conservation avec des lignes encore bien d\u00e9finies et une patine homog\u00e8ne. Les proportions sont \u00e9l\u00e9gantes et typiques de la production Cartier mid-century. Les num\u00e9ros de s\u00e9rie sont visibles au dos et correspondent aux photos fournies. Dimensions : Format classique Tank, parfaitement \u00e9quilibr\u00e9 au poignet et conforme aux standards Cartier de la p\u00e9riode. Cadran : Superbe cadran d\u2019origine sign\u00e9 Cartier avec chiffres romains peints et minuterie chemin de fer. La patine est naturelle douce et homog\u00e8ne parfaitement coh\u00e9rente avec une montre des ann\u00e9es 50. Les aiguilles bleuies sont d\u2019origine et en excellent \u00e9tat. La signature et la typographie sont conformes aux productions Cartier de l\u2019\u00e9poque. Couronne : Couronne d\u2019origine int\u00e9gr\u00e9e harmonieusement au bo\u00eetier. Bracelet : Bracelet en cuir post\u00e9rieur parfaitement adapt\u00e9 au bo\u00eetier. Boucle : Rare boucle d\u00e9ployante Cartier vintage en or apportant une forte valeur historique et de collection \u00e0 l\u2019ensemble. Accessoires : Aucun.","robots":{"index":"index","follow":"follow","max-snippet":"max-snippet:-1","max-image-preview":"max-image-preview:large","max-video-preview":"max-video-preview:-1"},"canonical":"https:\/\/www.parisheure.com\/en\/buy-watch\/cartier-tank-bec-daigle-or-18k-annees-1950\/","og_locale":"en_US","og_type":"article","og_title":"Cartier Tank \u201cBec d\u2019Aigle\u201d Or 18k Ann\u00e9es 1950 &#8226; PARIS HEURE","og_description":"Magnifique et rare Cartier Tank Bec d\u2019Aigle en or 18k, produite dans les ann\u00e9es 1950, dans une configuration particuli\u00e8rement recherch\u00e9e avec boucle d\u00e9ployante en or vintage et mouvement Jaeger duo-plan d\u2019origine. Mod\u00e8le : Tank Bec d\u2019Aigle Mouvement : Mouvement m\u00e9canique \u00e0 remontage manuel Jaeger d\u2019origine, architecture duo-plan, signature des productions haut de gamme Cartier de l\u2019\u00e9poque. Ann\u00e9e : Ann\u00e9es 1950 Bo\u00eetier : Bo\u00eetier en or jaune 18k, embl\u00e9matique de la Tank Bec d\u2019Aigle avec ses cornes effil\u00e9es en forme de bec, \u00e9l\u00e9gamment incurv\u00e9es. Le bo\u00eetier pr\u00e9sente une tr\u00e8s belle conservation avec des lignes encore bien d\u00e9finies et une patine homog\u00e8ne. Les proportions sont \u00e9l\u00e9gantes et typiques de la production Cartier mid-century. Les num\u00e9ros de s\u00e9rie sont visibles au dos et correspondent aux photos fournies. Dimensions : Format classique Tank, parfaitement \u00e9quilibr\u00e9 au poignet et conforme aux standards Cartier de la p\u00e9riode. Cadran : Superbe cadran d\u2019origine sign\u00e9 Cartier avec chiffres romains peints et minuterie chemin de fer. La patine est naturelle douce et homog\u00e8ne parfaitement coh\u00e9rente avec une montre des ann\u00e9es 50. Les aiguilles bleuies sont d\u2019origine et en excellent \u00e9tat. La signature et la typographie sont conformes aux productions Cartier de l\u2019\u00e9poque. Couronne : Couronne d\u2019origine int\u00e9gr\u00e9e harmonieusement au bo\u00eetier. Bracelet : Bracelet en cuir post\u00e9rieur parfaitement adapt\u00e9 au bo\u00eetier. Boucle : Rare boucle d\u00e9ployante Cartier vintage en or apportant une forte valeur historique et de collection \u00e0 l\u2019ensemble. Accessoires : Aucun.","og_url":"https:\/\/www.parisheure.com\/en\/buy-watch\/cartier-tank-bec-daigle-or-18k-annees-1950\/","og_site_name":"PARIS HEURE","article_publisher":"https:\/\/www.facebook.com\/ParisHeure","article_modified_time":"2026-01-16T13:39:49+00:00","og_image":[{"width":2560,"height":2560,"url":"https:\/\/www.parisheure.com\/wp-content\/uploads\/2025\/11\/CARTIER-TANK-BEC-D-AIGLE-BIS_0011_Calque-15-scaled.jpg","type":"image\/jpeg"}],"twitter_card":"summary_large_image","schema":{"@context":"https:\/\/schema.org","@graph":[{"@type":"WebPage","@id":"https:\/\/www.parisheure.com\/acheter-montre\/cartier-tank-bec-daigle-or-18k-annees-1950\/","url":"https:\/\/www.parisheure.com\/acheter-montre\/cartier-tank-bec-daigle-or-18k-annees-1950\/","name":"Cartier Tank \u201cBec d\u2019Aigle\u201d Or 18k Ann\u00e9es 1950 &#8226; PARIS HEURE","isPartOf":{"@id":"https:\/\/www.parisheure.com\/#website"},"primaryImageOfPage":{"@id":"https:\/\/www.parisheure.com\/acheter-montre\/cartier-tank-bec-daigle-or-18k-annees-1950\/#primaryimage"},"image":{"@id":"https:\/\/www.parisheure.com\/acheter-montre\/cartier-tank-bec-daigle-or-18k-annees-1950\/#primaryimage"},"thumbnailUrl":"https:\/\/www.parisheure.com\/wp-content\/uploads\/2025\/11\/CARTIER-TANK-BEC-D-AIGLE-BIS_0011_Calque-15-scaled.jpg","datePublished":"2026-01-12T12:25:57+00:00","dateModified":"2026-01-16T13:39:49+00:00","description":"Magnifique et rare Cartier Tank Bec d\u2019Aigle en or 18k, produite dans les ann\u00e9es 1950, dans une configuration particuli\u00e8rement recherch\u00e9e avec boucle d\u00e9ployante en or vintage et mouvement Jaeger duo-plan d\u2019origine. Mod\u00e8le : Tank Bec d\u2019Aigle Mouvement : Mouvement m\u00e9canique \u00e0 remontage manuel Jaeger d\u2019origine, architecture duo-plan, signature des productions haut de gamme Cartier de l\u2019\u00e9poque. Ann\u00e9e : Ann\u00e9es 1950 Bo\u00eetier : Bo\u00eetier en or jaune 18k, embl\u00e9matique de la Tank Bec d\u2019Aigle avec ses cornes effil\u00e9es en forme de bec, \u00e9l\u00e9gamment incurv\u00e9es. Le bo\u00eetier pr\u00e9sente une tr\u00e8s belle conservation avec des lignes encore bien d\u00e9finies et une patine homog\u00e8ne. Les proportions sont \u00e9l\u00e9gantes et typiques de la production Cartier mid-century. Les num\u00e9ros de s\u00e9rie sont visibles au dos et correspondent aux photos fournies. Dimensions : Format classique Tank, parfaitement \u00e9quilibr\u00e9 au poignet et conforme aux standards Cartier de la p\u00e9riode. Cadran : Superbe cadran d\u2019origine sign\u00e9 Cartier avec chiffres romains peints et minuterie chemin de fer. La patine est naturelle douce et homog\u00e8ne parfaitement coh\u00e9rente avec une montre des ann\u00e9es 50. Les aiguilles bleuies sont d\u2019origine et en excellent \u00e9tat. La signature et la typographie sont conformes aux productions Cartier de l\u2019\u00e9poque. Couronne : Couronne d\u2019origine int\u00e9gr\u00e9e harmonieusement au bo\u00eetier. Bracelet : Bracelet en cuir post\u00e9rieur parfaitement adapt\u00e9 au bo\u00eetier. Boucle : Rare boucle d\u00e9ployante Cartier vintage en or apportant une forte valeur historique et de collection \u00e0 l\u2019ensemble. Accessoires : Aucun.","breadcrumb":{"@id":"https:\/\/www.parisheure.com\/acheter-montre\/cartier-tank-bec-daigle-or-18k-annees-1950\/#breadcrumb"},"inLanguage":"en-US","potentialAction":[{"@type":"ReadAction","target":["https:\/\/www.parisheure.com\/acheter-montre\/cartier-tank-bec-daigle-or-18k-annees-1950\/"]}]},{"@type":"ImageObject","inLanguage":"en-US","@id":"https:\/\/www.parisheure.com\/acheter-montre\/cartier-tank-bec-daigle-or-18k-annees-1950\/#primaryimage","url":"https:\/\/www.parisheure.com\/wp-content\/uploads\/2025\/11\/CARTIER-TANK-BEC-D-AIGLE-BIS_0011_Calque-15-scaled.jpg","contentUrl":"https:\/\/www.parisheure.com\/wp-content\/uploads\/2025\/11\/CARTIER-TANK-BEC-D-AIGLE-BIS_0011_Calque-15-scaled.jpg","width":2560,"height":2560},{"@type":"BreadcrumbList","@id":"https:\/\/www.parisheure.com\/acheter-montre\/cartier-tank-bec-daigle-or-18k-annees-1950\/#breadcrumb","itemListElement":[{"@type":"ListItem","position":1,"name":"Accueil","item":"https:\/\/www.parisheure.com\/"},{"@type":"ListItem","position":2,"name":"WATCHES","item":"https:\/\/www.parisheure.com\/"},{"@type":"ListItem","position":3,"name":"Cartier Tank \u201cBec d\u2019Aigle\u201d Or 18k Ann\u00e9es 1950"}]},{"@type":"WebSite","@id":"https:\/\/www.parisheure.com\/#website","url":"https:\/\/www.parisheure.com\/","name":"PARIS HEURE","description":"Vintage watches Paris","publisher":{"@id":"https:\/\/www.parisheure.com\/#organization"},"potentialAction":[{"@type":"SearchAction","target":{"@type":"EntryPoint","urlTemplate":"https:\/\/www.parisheure.com\/?s={search_term_string}"},"query-input":{"@type":"PropertyValueSpecification","valueRequired":true,"valueName":"search_term_string"}}],"inLanguage":"en-US"},{"@type":"Organization","@id":"https:\/\/www.parisheure.com\/#organization","name":"PARIS HEURE","url":"https:\/\/www.parisheure.com\/","logo":{"@type":"ImageObject","inLanguage":"en-US","@id":"https:\/\/www.parisheure.com\/#\/schema\/logo\/image\/","url":"https:\/\/www.parisheure.com\/wp-content\/uploads\/2021\/07\/cropped-logo-paris-heure.png","contentUrl":"https:\/\/www.parisheure.com\/wp-content\/uploads\/2021\/07\/cropped-logo-paris-heure.png","width":512,"height":512,"caption":"PARIS HEURE"},"image":{"@id":"https:\/\/www.parisheure.com\/#\/schema\/logo\/image\/"},"sameAs":["https:\/\/www.facebook.com\/ParisHeure","https:\/\/www.instagram.com\/parisheure\/"]}]}},"jetpack_sharing_enabled":true,"brands":[{"id":433,"name":"Cartier","slug":"cartier"}],"_links":{"self":[{"href":"https:\/\/www.parisheure.com\/en\/wp-json\/wp\/v2\/product\/15320","targetHints":{"allow":["GET"]}}],"collection":[{"href":"https:\/\/www.parisheure.com\/en\/wp-json\/wp\/v2\/product"}],"about":[{"href":"https:\/\/www.parisheure.com\/en\/wp-json\/wp\/v2\/types\/product"}],"version-history":[{"count":1,"href":"https:\/\/www.parisheure.com\/en\/wp-json\/wp\/v2\/product\/15320\/revisions"}],"predecessor-version":[{"id":15321,"href":"https:\/\/www.parisheure.com\/en\/wp-json\/wp\/v2\/product\/15320\/revisions\/15321"}],"wp:featuredmedia":[{"embeddable":true,"href":"https:\/\/www.parisheure.com\/en\/wp-json\/wp\/v2\/media\/15094"}],"wp:attachment":[{"href":"https:\/\/www.parisheure.com\/en\/wp-json\/wp\/v2\/media?parent=15320"}],"wp:term":[{"taxonomy":"pwb-brand","embeddable":true,"href":"https:\/\/www.parisheure.com\/en\/wp-json\/wp\/v2\/pwb-brand?post=15320"},{"taxonomy":"product_brand","embeddable":true,"href":"https:\/\/www.parisheure.com\/en\/wp-json\/wp\/v2\/product_brand?post=15320"},{"taxonomy":"product_cat","embeddable":true,"href":"https:\/\/www.parisheure.com\/en\/wp-json\/wp\/v2\/product_cat?post=15320"},{"taxonomy":"product_tag","embeddable":true,"href":"https:\/\/www.parisheure.com\/en\/wp-json\/wp\/v2\/product_tag?post=15320"}],"curies":[{"name":"wp","href":"https:\/\/api.w.org\/{rel}","templated":true}]}}