{"id":15378,"date":"2026-01-14T11:19:41","date_gmt":"2026-01-14T10:19:41","guid":{"rendered":"https:\/\/www.parisheure.com\/?post_type=product&#038;p=15378"},"modified":"2026-01-16T14:39:31","modified_gmt":"2026-01-16T13:39:31","slug":"rolex-daytona-ref-6263-silver-big-red-from-1985","status":"publish","type":"product","link":"https:\/\/www.parisheure.com\/en\/buy-watch\/rolex-daytona-ref-6263-silver-big-red-from-1985\/","title":{"rendered":"ROLEX DAYTONA REF 6263 SILVER BIG RED from 1985"},"content":{"rendered":"<p><strong>Our opinion:<\/strong> Le mod\u00e8le Rolex Cosmograph Daytona est un chronographe de sport lanc\u00e9 en 1963 par la soci\u00e9t\u00e9 Rolex SA. Le Cosmograph Daytona fait partie de la cat\u00e9gorie des montres professionnelles de la gamme Rolex et a \u00e9t\u00e9 con\u00e7u \u00e0 l\u2019origine pour les pilotes de course automobile. Quatre g\u00e9n\u00e9rations de Daytona ont vu le jour respectivement en 1963, 1988, 2000 et 2016. La premi\u00e8re g\u00e9n\u00e9ration est \u00e9quip\u00e9e d\u2019un mouvement \u00e0 remontage manuel, la seconde d\u2019un mouvement automatique et les troisi\u00e8me et quatri\u00e8me d\u2019un mouvement manufacture Rolex.<\/p>\n<p>Les r\u00e9f\u00e9rences \u00e0 quatre chiffres constituent la base historique et la plus recherch\u00e9e de la collection Daytona. Cet exemplaire de r\u00e9f\u00e9rence 6263 datant de 1985 pr\u00e9sente une configuration coh\u00e9rente avec cadran Silver Big Red d\u2019origine, tritium complet et homog\u00e8ne, aiguilles matching, lunette bak\u00e9lite conforme et mouvement Valjoux 727. Une montre repr\u00e9sentative des derni\u00e8res ann\u00e9es de production des Daytona manuelles.<\/p>\n<p>&nbsp;<\/p>","protected":false},"excerpt":{"rendered":"<p><strong>Brand :<\/strong> ROLEX<\/p>\n<p><strong>Model:<\/strong> DAYTONA<\/p>\n<p><strong>Reference :<\/strong> 6263<\/p>\n<p><strong>Year:<\/strong> 1985<\/p>\n<p><strong>Serial :<\/strong> 912XXXXX<\/p>\n<p><strong>Poussoirs :<\/strong> MK3<\/p>\n<p><strong>Lunette :<\/strong> Lunette MK3 bak\u00e9lite<\/p>\n<p><strong>Movement :<\/strong> MECA VALJOUX 727 num\u00e9rot\u00e9<\/p>\n<p><strong>Bo\u00eete :<\/strong> Bo\u00eetier tr\u00e8s bien conserv\u00e9, pr\u00e9sentant une g\u00e9om\u00e9trie coh\u00e9rente et des volumes homog\u00e8nes. Les cornes conservent une bonne \u00e9paisseur avec des angles encore bien d\u00e9finis. La montre pr\u00e9sente une usure r\u00e9guli\u00e8re et coh\u00e9rente avec l\u2019\u00e2ge, sans choc majeur ni perte de mati\u00e8re significative.<\/p>\n<p><strong>Dial:<\/strong> Cadran silver Big Red d\u2019origine avec tous ses points de tritium pr\u00e9sents. La patine est homog\u00e8ne sur l\u2019ensemble des index. Les aiguilles sont d\u2019origine et pr\u00e9sentent un tritium parfaitement matching avec celui du cadran. Sous-compteurs noirs bien contrast\u00e9s, typographie conforme \u00e0 la p\u00e9riode de production.<\/p>\n<p><strong>Diameter :<\/strong> 37 mm<\/p>\n<p><strong>Bracelet :<\/strong> Bracelet Oyster acier r\u00e9f 78350 avec endlinks 571. Ensemble coh\u00e9rent avec la montre, en bon \u00e9tat g\u00e9n\u00e9ral.<\/p>\n<p><strong>Accessories:<\/strong> None<\/p>","protected":false},"featured_media":15376,"template":"","meta":[],"pwb-brand":[432],"product_brand":[],"product_cat":[368,138,90,246],"product_tag":[342,159,156,127,158],"class_list":{"0":"post-15378","1":"product","2":"type-product","3":"status-publish","4":"has-post-thumbnail","6":"pwb-brand-rolex","7":"product_cat-montres-ph-watches","8":"product_cat-nouveautes","9":"product_cat-rolex","10":"product_cat-rolex-daytona","11":"product_tag-342","12":"product_tag-big-red","13":"product_tag-daytona","14":"product_tag-rolex","15":"product_tag-silver","17":"first","18":"instock","19":"shipping-taxable","20":"purchasable","21":"product-type-simple"},"yoast_head":"<!-- This site is optimized with the Yoast SEO plugin v27.4 - https:\/\/yoast.com\/product\/yoast-seo-wordpress\/ -->\n<title>ROLEX DAYTONA REF 6263 SILVER BIG RED from 1985 &#8226; PARIS HEURE<\/title>\n<meta name=\"description\" content=\"Marque : ROLEX Mod\u00e8le : DAYTONA R\u00e9f\u00e9rence : 6263 Ann\u00e9e : 1985 Serial : 912XXXXX Poussoirs : MK3 Lunette : Lunette MK3 bakelite\" \/>\n<meta name=\"robots\" content=\"index, follow, max-snippet:-1, max-image-preview:large, max-video-preview:-1\" \/>\n<link rel=\"canonical\" href=\"https:\/\/www.parisheure.com\/en\/buy-watch\/rolex-daytona-ref-6263-silver-big-red-from-1985\/\" \/>\n<meta property=\"og:locale\" content=\"en_US\" \/>\n<meta property=\"og:type\" content=\"article\" \/>\n<meta property=\"og:title\" content=\"ROLEX DAYTONA REF 6263 SILVER BIG RED from 1985 &#8226; PARIS HEURE\" \/>\n<meta property=\"og:description\" content=\"Marque : ROLEX Mod\u00e8le : DAYTONA R\u00e9f\u00e9rence : 6263 Ann\u00e9e : 1985 Serial : 912XXXXX Poussoirs : MK3 Lunette : Lunette MK3 bakelite\" \/>\n<meta property=\"og:url\" content=\"https:\/\/www.parisheure.com\/en\/buy-watch\/rolex-daytona-ref-6263-silver-big-red-from-1985\/\" \/>\n<meta property=\"og:site_name\" content=\"PARIS HEURE\" \/>\n<meta property=\"article:publisher\" content=\"https:\/\/www.facebook.com\/ParisHeure\" \/>\n<meta property=\"article:modified_time\" content=\"2026-01-16T13:39:31+00:00\" \/>\n<meta property=\"og:image\" content=\"https:\/\/www.parisheure.com\/wp-content\/uploads\/2026\/01\/ROLEX-DAYTONA-REF-6263-BIG-RED-FROM-1985-SERIAL-912XXXXX_0026_Calque-42-scaled.jpg\" \/>\n\t<meta property=\"og:image:width\" content=\"2560\" \/>\n\t<meta property=\"og:image:height\" content=\"2560\" \/>\n\t<meta property=\"og:image:type\" content=\"image\/jpeg\" \/>\n<meta name=\"twitter:card\" content=\"summary_large_image\" \/>\n<script type=\"application\/ld+json\" class=\"yoast-schema-graph\">{\"@context\":\"https:\\\/\\\/schema.org\",\"@graph\":[{\"@type\":\"WebPage\",\"@id\":\"https:\\\/\\\/www.parisheure.com\\\/acheter-montre\\\/rolex-daytona-ref-6263-silver-big-red-from-1985\\\/\",\"url\":\"https:\\\/\\\/www.parisheure.com\\\/acheter-montre\\\/rolex-daytona-ref-6263-silver-big-red-from-1985\\\/\",\"name\":\"ROLEX DAYTONA REF 6263 SILVER BIG RED from 1985 &#8226; PARIS HEURE\",\"isPartOf\":{\"@id\":\"https:\\\/\\\/www.parisheure.com\\\/#website\"},\"primaryImageOfPage\":{\"@id\":\"https:\\\/\\\/www.parisheure.com\\\/acheter-montre\\\/rolex-daytona-ref-6263-silver-big-red-from-1985\\\/#primaryimage\"},\"image\":{\"@id\":\"https:\\\/\\\/www.parisheure.com\\\/acheter-montre\\\/rolex-daytona-ref-6263-silver-big-red-from-1985\\\/#primaryimage\"},\"thumbnailUrl\":\"https:\\\/\\\/www.parisheure.com\\\/wp-content\\\/uploads\\\/2026\\\/01\\\/ROLEX-DAYTONA-REF-6263-BIG-RED-FROM-1985-SERIAL-912XXXXX_0026_Calque-42-scaled.jpg\",\"datePublished\":\"2026-01-14T10:19:41+00:00\",\"dateModified\":\"2026-01-16T13:39:31+00:00\",\"description\":\"Marque : ROLEX Mod\u00e8le : DAYTONA R\u00e9f\u00e9rence : 6263 Ann\u00e9e : 1985 Serial : 912XXXXX Poussoirs : MK3 Lunette : Lunette MK3 bakelite\",\"breadcrumb\":{\"@id\":\"https:\\\/\\\/www.parisheure.com\\\/acheter-montre\\\/rolex-daytona-ref-6263-silver-big-red-from-1985\\\/#breadcrumb\"},\"inLanguage\":\"en-US\",\"potentialAction\":[{\"@type\":\"ReadAction\",\"target\":[\"https:\\\/\\\/www.parisheure.com\\\/acheter-montre\\\/rolex-daytona-ref-6263-silver-big-red-from-1985\\\/\"]}]},{\"@type\":\"ImageObject\",\"inLanguage\":\"en-US\",\"@id\":\"https:\\\/\\\/www.parisheure.com\\\/acheter-montre\\\/rolex-daytona-ref-6263-silver-big-red-from-1985\\\/#primaryimage\",\"url\":\"https:\\\/\\\/www.parisheure.com\\\/wp-content\\\/uploads\\\/2026\\\/01\\\/ROLEX-DAYTONA-REF-6263-BIG-RED-FROM-1985-SERIAL-912XXXXX_0026_Calque-42-scaled.jpg\",\"contentUrl\":\"https:\\\/\\\/www.parisheure.com\\\/wp-content\\\/uploads\\\/2026\\\/01\\\/ROLEX-DAYTONA-REF-6263-BIG-RED-FROM-1985-SERIAL-912XXXXX_0026_Calque-42-scaled.jpg\",\"width\":2560,\"height\":2560},{\"@type\":\"BreadcrumbList\",\"@id\":\"https:\\\/\\\/www.parisheure.com\\\/acheter-montre\\\/rolex-daytona-ref-6263-silver-big-red-from-1985\\\/#breadcrumb\",\"itemListElement\":[{\"@type\":\"ListItem\",\"position\":1,\"name\":\"Accueil\",\"item\":\"https:\\\/\\\/www.parisheure.com\\\/\"},{\"@type\":\"ListItem\",\"position\":2,\"name\":\"WATCHES\",\"item\":\"https:\\\/\\\/www.parisheure.com\\\/\"},{\"@type\":\"ListItem\",\"position\":3,\"name\":\"ROLEX DAYTONA REF 6263 SILVER BIG RED from 1985\"}]},{\"@type\":\"WebSite\",\"@id\":\"https:\\\/\\\/www.parisheure.com\\\/#website\",\"url\":\"https:\\\/\\\/www.parisheure.com\\\/\",\"name\":\"PARIS HEURE\",\"description\":\"Vintage watches Paris\",\"publisher\":{\"@id\":\"https:\\\/\\\/www.parisheure.com\\\/#organization\"},\"potentialAction\":[{\"@type\":\"SearchAction\",\"target\":{\"@type\":\"EntryPoint\",\"urlTemplate\":\"https:\\\/\\\/www.parisheure.com\\\/?s={search_term_string}\"},\"query-input\":{\"@type\":\"PropertyValueSpecification\",\"valueRequired\":true,\"valueName\":\"search_term_string\"}}],\"inLanguage\":\"en-US\"},{\"@type\":\"Organization\",\"@id\":\"https:\\\/\\\/www.parisheure.com\\\/#organization\",\"name\":\"PARIS HEURE\",\"url\":\"https:\\\/\\\/www.parisheure.com\\\/\",\"logo\":{\"@type\":\"ImageObject\",\"inLanguage\":\"en-US\",\"@id\":\"https:\\\/\\\/www.parisheure.com\\\/#\\\/schema\\\/logo\\\/image\\\/\",\"url\":\"https:\\\/\\\/www.parisheure.com\\\/wp-content\\\/uploads\\\/2021\\\/07\\\/cropped-logo-paris-heure.png\",\"contentUrl\":\"https:\\\/\\\/www.parisheure.com\\\/wp-content\\\/uploads\\\/2021\\\/07\\\/cropped-logo-paris-heure.png\",\"width\":512,\"height\":512,\"caption\":\"PARIS HEURE\"},\"image\":{\"@id\":\"https:\\\/\\\/www.parisheure.com\\\/#\\\/schema\\\/logo\\\/image\\\/\"},\"sameAs\":[\"https:\\\/\\\/www.facebook.com\\\/ParisHeure\",\"https:\\\/\\\/www.instagram.com\\\/parisheure\\\/\"]}]}<\/script>\n<!-- \/ Yoast SEO plugin. -->","yoast_head_json":{"title":"ROLEX DAYTONA REF 6263 SILVER BIG RED from 1985 &#8226; PARIS HEURE","description":"Marque : ROLEX Mod\u00e8le : DAYTONA R\u00e9f\u00e9rence : 6263 Ann\u00e9e : 1985 Serial : 912XXXXX Poussoirs : MK3 Lunette : Lunette MK3 bakelite","robots":{"index":"index","follow":"follow","max-snippet":"max-snippet:-1","max-image-preview":"max-image-preview:large","max-video-preview":"max-video-preview:-1"},"canonical":"https:\/\/www.parisheure.com\/en\/buy-watch\/rolex-daytona-ref-6263-silver-big-red-from-1985\/","og_locale":"en_US","og_type":"article","og_title":"ROLEX DAYTONA REF 6263 SILVER BIG RED from 1985 &#8226; PARIS HEURE","og_description":"Marque : ROLEX Mod\u00e8le : DAYTONA R\u00e9f\u00e9rence : 6263 Ann\u00e9e : 1985 Serial : 912XXXXX Poussoirs : MK3 Lunette : Lunette MK3 bakelite","og_url":"https:\/\/www.parisheure.com\/en\/buy-watch\/rolex-daytona-ref-6263-silver-big-red-from-1985\/","og_site_name":"PARIS HEURE","article_publisher":"https:\/\/www.facebook.com\/ParisHeure","article_modified_time":"2026-01-16T13:39:31+00:00","og_image":[{"width":2560,"height":2560,"url":"https:\/\/www.parisheure.com\/wp-content\/uploads\/2026\/01\/ROLEX-DAYTONA-REF-6263-BIG-RED-FROM-1985-SERIAL-912XXXXX_0026_Calque-42-scaled.jpg","type":"image\/jpeg"}],"twitter_card":"summary_large_image","schema":{"@context":"https:\/\/schema.org","@graph":[{"@type":"WebPage","@id":"https:\/\/www.parisheure.com\/acheter-montre\/rolex-daytona-ref-6263-silver-big-red-from-1985\/","url":"https:\/\/www.parisheure.com\/acheter-montre\/rolex-daytona-ref-6263-silver-big-red-from-1985\/","name":"ROLEX DAYTONA REF 6263 SILVER BIG RED from 1985 &#8226; PARIS HEURE","isPartOf":{"@id":"https:\/\/www.parisheure.com\/#website"},"primaryImageOfPage":{"@id":"https:\/\/www.parisheure.com\/acheter-montre\/rolex-daytona-ref-6263-silver-big-red-from-1985\/#primaryimage"},"image":{"@id":"https:\/\/www.parisheure.com\/acheter-montre\/rolex-daytona-ref-6263-silver-big-red-from-1985\/#primaryimage"},"thumbnailUrl":"https:\/\/www.parisheure.com\/wp-content\/uploads\/2026\/01\/ROLEX-DAYTONA-REF-6263-BIG-RED-FROM-1985-SERIAL-912XXXXX_0026_Calque-42-scaled.jpg","datePublished":"2026-01-14T10:19:41+00:00","dateModified":"2026-01-16T13:39:31+00:00","description":"Marque : ROLEX Mod\u00e8le : DAYTONA R\u00e9f\u00e9rence : 6263 Ann\u00e9e : 1985 Serial : 912XXXXX Poussoirs : MK3 Lunette : Lunette MK3 bakelite","breadcrumb":{"@id":"https:\/\/www.parisheure.com\/acheter-montre\/rolex-daytona-ref-6263-silver-big-red-from-1985\/#breadcrumb"},"inLanguage":"en-US","potentialAction":[{"@type":"ReadAction","target":["https:\/\/www.parisheure.com\/acheter-montre\/rolex-daytona-ref-6263-silver-big-red-from-1985\/"]}]},{"@type":"ImageObject","inLanguage":"en-US","@id":"https:\/\/www.parisheure.com\/acheter-montre\/rolex-daytona-ref-6263-silver-big-red-from-1985\/#primaryimage","url":"https:\/\/www.parisheure.com\/wp-content\/uploads\/2026\/01\/ROLEX-DAYTONA-REF-6263-BIG-RED-FROM-1985-SERIAL-912XXXXX_0026_Calque-42-scaled.jpg","contentUrl":"https:\/\/www.parisheure.com\/wp-content\/uploads\/2026\/01\/ROLEX-DAYTONA-REF-6263-BIG-RED-FROM-1985-SERIAL-912XXXXX_0026_Calque-42-scaled.jpg","width":2560,"height":2560},{"@type":"BreadcrumbList","@id":"https:\/\/www.parisheure.com\/acheter-montre\/rolex-daytona-ref-6263-silver-big-red-from-1985\/#breadcrumb","itemListElement":[{"@type":"ListItem","position":1,"name":"Accueil","item":"https:\/\/www.parisheure.com\/"},{"@type":"ListItem","position":2,"name":"WATCHES","item":"https:\/\/www.parisheure.com\/"},{"@type":"ListItem","position":3,"name":"ROLEX DAYTONA REF 6263 SILVER BIG RED from 1985"}]},{"@type":"WebSite","@id":"https:\/\/www.parisheure.com\/#website","url":"https:\/\/www.parisheure.com\/","name":"PARIS HEURE","description":"Vintage watches Paris","publisher":{"@id":"https:\/\/www.parisheure.com\/#organization"},"potentialAction":[{"@type":"SearchAction","target":{"@type":"EntryPoint","urlTemplate":"https:\/\/www.parisheure.com\/?s={search_term_string}"},"query-input":{"@type":"PropertyValueSpecification","valueRequired":true,"valueName":"search_term_string"}}],"inLanguage":"en-US"},{"@type":"Organization","@id":"https:\/\/www.parisheure.com\/#organization","name":"PARIS HEURE","url":"https:\/\/www.parisheure.com\/","logo":{"@type":"ImageObject","inLanguage":"en-US","@id":"https:\/\/www.parisheure.com\/#\/schema\/logo\/image\/","url":"https:\/\/www.parisheure.com\/wp-content\/uploads\/2021\/07\/cropped-logo-paris-heure.png","contentUrl":"https:\/\/www.parisheure.com\/wp-content\/uploads\/2021\/07\/cropped-logo-paris-heure.png","width":512,"height":512,"caption":"PARIS HEURE"},"image":{"@id":"https:\/\/www.parisheure.com\/#\/schema\/logo\/image\/"},"sameAs":["https:\/\/www.facebook.com\/ParisHeure","https:\/\/www.instagram.com\/parisheure\/"]}]}},"jetpack_sharing_enabled":true,"brands":[{"id":432,"name":"Rolex","slug":"rolex"}],"_links":{"self":[{"href":"https:\/\/www.parisheure.com\/en\/wp-json\/wp\/v2\/product\/15378","targetHints":{"allow":["GET"]}}],"collection":[{"href":"https:\/\/www.parisheure.com\/en\/wp-json\/wp\/v2\/product"}],"about":[{"href":"https:\/\/www.parisheure.com\/en\/wp-json\/wp\/v2\/types\/product"}],"version-history":[{"count":4,"href":"https:\/\/www.parisheure.com\/en\/wp-json\/wp\/v2\/product\/15378\/revisions"}],"predecessor-version":[{"id":15382,"href":"https:\/\/www.parisheure.com\/en\/wp-json\/wp\/v2\/product\/15378\/revisions\/15382"}],"wp:featuredmedia":[{"embeddable":true,"href":"https:\/\/www.parisheure.com\/en\/wp-json\/wp\/v2\/media\/15376"}],"wp:attachment":[{"href":"https:\/\/www.parisheure.com\/en\/wp-json\/wp\/v2\/media?parent=15378"}],"wp:term":[{"taxonomy":"pwb-brand","embeddable":true,"href":"https:\/\/www.parisheure.com\/en\/wp-json\/wp\/v2\/pwb-brand?post=15378"},{"taxonomy":"product_brand","embeddable":true,"href":"https:\/\/www.parisheure.com\/en\/wp-json\/wp\/v2\/product_brand?post=15378"},{"taxonomy":"product_cat","embeddable":true,"href":"https:\/\/www.parisheure.com\/en\/wp-json\/wp\/v2\/product_cat?post=15378"},{"taxonomy":"product_tag","embeddable":true,"href":"https:\/\/www.parisheure.com\/en\/wp-json\/wp\/v2\/product_tag?post=15378"}],"curies":[{"name":"wp","href":"https:\/\/api.w.org\/{rel}","templated":true}]}}