{"id":15385,"date":"2026-01-16T13:11:36","date_gmt":"2026-01-16T12:11:36","guid":{"rendered":"https:\/\/www.parisheure.com\/?post_type=product&#038;p=15385"},"modified":"2026-01-16T13:11:36","modified_gmt":"2026-01-16T12:11:36","slug":"rolex-air-king-ref-14000-blue-dial-full-set-from-1999","status":"publish","type":"product","link":"https:\/\/www.parisheure.com\/en\/buy-watch\/rolex-air-king-ref-14000-blue-dial-full-set-from-1999\/","title":{"rendered":"Rolex Air-King ref 14000 Blue Dial Full Set from 1999"},"content":{"rendered":"<p><b>Notre avis<\/b>\u00a0<b>: <\/b>Une Rolex Air-King ref. 14000 absolument remarquable, r\u00e9unissant tous les crit\u00e8res les plus recherch\u00e9s : cadran bleu soleil, full set, s\u00e9rie A, \u00e9tat parfait, jamais polie et encore stick\u00e9e au dos. Une montre de collection de plus en plus difficile \u00e0 trouver dans une telle configuration, tout en restant parfaitement portable au quotidien. Un mod\u00e8le embl\u00e9matique et intemporel, id\u00e9al pour l\u2019amateur de Rolex n\u00e9o-vintage exigeant.<\/p>","protected":false},"excerpt":{"rendered":"<p><strong>Rolex Air-King 14000 de 1999, cadran bleu, full set, \u00e9tat exceptionnel jamais poli et encore stick\u00e9e au dos<\/strong><\/p>\n<p><strong>Brand :<\/strong> Rolex<br data-start=\"235\" data-end=\"238\" \/><strong>Model:<\/strong> Air-King<br data-start=\"255\" data-end=\"258\" \/><strong>Movement :<\/strong> Automatique Rolex calibre 3000<br data-start=\"300\" data-end=\"303\" \/><strong>Reference :<\/strong> 14000<br data-start=\"320\" data-end=\"323\" \/><strong>Diameter :<\/strong> 34 mm<br data-start=\"339\" data-end=\"342\" \/><strong>Year:<\/strong> 1999<br data-start=\"354\" data-end=\"357\" \/><strong>S\u00e9rial :<\/strong> A424XXX<\/p>\n<p data-start=\"400\" data-end=\"744\"><strong>Bo\u00eete : <\/strong>Superbe bo\u00eetier en \u00e9tat strictement parfait, jamais poli (unpolished), avec des ar\u00eates nettes et une carrure \u00e9paisse parfaitement conserv\u00e9e. Finition d\u2019origine intacte, extr\u00eamement rare pour une pi\u00e8ce de cette p\u00e9riode. Le fond de bo\u00eete est encore \u00e9quip\u00e9 de son sticker vert d\u2019origine \u00ab 14000 \u00bb, confirmant l\u2019absence totale de polissage.<\/p>\n<p data-start=\"746\" data-end=\"1026\"><strong>Dial: <\/strong>Magnifique cadran bleu soleil d\u2019origine Rolex offrant de superbes reflets selon la lumi\u00e8re. Le cadran est en \u00e9tat irr\u00e9prochable, sans d\u00e9faut, avec index appliqu\u00e9s et aiguilles parfaitement conserv\u00e9s. Mention \u00ab Precision \u00bb caract\u00e9ristique des Air-King de cette g\u00e9n\u00e9ration.<\/p>\n<p data-start=\"1028\" data-end=\"1286\"><strong>Bracelet : <\/strong>Bracelet Oyster en acier d\u2019origine Rolex en excellent \u00e9tat g\u00e9n\u00e9ral, avec tr\u00e8s peu de stretch, parfaitement coh\u00e9rent avec l\u2019\u00e9tat exceptionnel de la montre.<br data-start=\"1193\" data-end=\"1196\" \/>R\u00e9f\u00e9rence bracelet 78350, endlinks 19. Fermoir Oysterclasp d\u2019origine avec clasp code X8.<\/p>\n<p data-start=\"1288\" data-end=\"1418\"><strong>Fond de bo\u00eete : <\/strong>Fond viss\u00e9 Rolex avec sticker vert d\u2019origine encore pr\u00e9sent, d\u00e9tail extr\u00eamement recherch\u00e9 par les collectionneurs.<\/p>\n<p data-start=\"1420\" data-end=\"1584\"><strong>Accessories: <\/strong>Livr\u00e9e full set avec bo\u00eete Rolex d\u2019origine et papiers de garantie d\u2019origine dat\u00e9s du 23 octobre 1999, ainsi que les documents et accessoires d\u2019\u00e9poque.<\/p>","protected":false},"featured_media":15397,"template":"","meta":[],"pwb-brand":[432],"product_brand":[],"product_cat":[368,138,252,90],"product_tag":[462,428,128,168,359,127,463,464],"class_list":{"0":"post-15385","1":"product","2":"type-product","3":"status-publish","4":"has-post-thumbnail","6":"pwb-brand-rolex","7":"product_cat-montres-ph-watches","8":"product_cat-nouveautes","9":"product_cat-airking","10":"product_cat-rolex","11":"product_tag-462","12":"product_tag-428","13":"product_tag-airking","14":"product_tag-blue-dial","15":"product_tag-fullset","16":"product_tag-rolex","17":"product_tag-stickee","18":"product_tag-unpolished","20":"first","21":"instock","22":"shipping-taxable","23":"purchasable","24":"product-type-simple"},"yoast_head":"<!-- This site is optimized with the Yoast SEO plugin v27.4 - https:\/\/yoast.com\/product\/yoast-seo-wordpress\/ -->\n<title>Rolex Air-King ref 14000 Blue Dial Full Set from 1999 &#8226; PARIS HEURE<\/title>\n<meta name=\"description\" content=\"Rolex Air-King 14000 de 1999, cadran bleu, full set, \u00e9tat exceptionnel jamais poli et encore stick\u00e9e au dos  Marque : RolexMod\u00e8le : Air-KingMouvement : Automatique Rolex calibre 3000R\u00e9f\u00e9rence : 14000Diam\u00e8tre : 34 mmAnn\u00e9e : 1999S\u00e9rial : A424XXX Bo\u00eete : Superbe bo\u00eetier en \u00e9tat strictement parfait, jamais poli (unpolished), avec des ar\u00eates nettes et une carrure \u00e9paisse parfaitement conserv\u00e9e. Finition d\u2019origine intacte, extr\u00eamement rare pour une pi\u00e8ce de cette p\u00e9riode. Le fond de bo\u00eete est encore \u00e9quip\u00e9 de son sticker vert d\u2019origine \u00ab 14000 \u00bb, confirmant l\u2019absence totale de polissage. Cadran : Magnifique cadran bleu soleil d\u2019origine Rolex offrant de superbes reflets selon la lumi\u00e8re. Le cadran est en \u00e9tat irr\u00e9prochable, sans d\u00e9faut, avec index appliqu\u00e9s et aiguilles parfaitement conserv\u00e9s. Mention \u00ab Precision \u00bb caract\u00e9ristique des Air-King de cette g\u00e9n\u00e9ration. Bracelet : Bracelet Oyster en acier d\u2019origine Rolex en excellent \u00e9tat g\u00e9n\u00e9ral, avec tr\u00e8s peu de stretch, parfaitement coh\u00e9rent avec l\u2019\u00e9tat exceptionnel de la montre.R\u00e9f\u00e9rence bracelet 78350, endlinks 19. Fermoir Oysterclasp d\u2019origine avec clasp code X8. Fond de bo\u00eete : Fond viss\u00e9 Rolex avec sticker vert d\u2019origine encore pr\u00e9sent, d\u00e9tail extr\u00eamement recherch\u00e9 par les collectionneurs. Accessoires : Livr\u00e9e full set avec bo\u00eete Rolex d\u2019origine et papiers de garantie d\u2019origine dat\u00e9s du 23 octobre 1999, ainsi que les documents et accessoires d\u2019\u00e9poque.\" \/>\n<meta name=\"robots\" content=\"index, follow, max-snippet:-1, max-image-preview:large, max-video-preview:-1\" \/>\n<link rel=\"canonical\" href=\"https:\/\/www.parisheure.com\/en\/buy-watch\/rolex-air-king-ref-14000-blue-dial-full-set-from-1999\/\" \/>\n<meta property=\"og:locale\" content=\"en_US\" \/>\n<meta property=\"og:type\" content=\"article\" \/>\n<meta property=\"og:title\" content=\"Rolex Air-King ref 14000 Blue Dial Full Set from 1999 &#8226; PARIS HEURE\" \/>\n<meta property=\"og:description\" content=\"Rolex Air-King 14000 de 1999, cadran bleu, full set, \u00e9tat exceptionnel jamais poli et encore stick\u00e9e au dos  Marque : RolexMod\u00e8le : Air-KingMouvement : Automatique Rolex calibre 3000R\u00e9f\u00e9rence : 14000Diam\u00e8tre : 34 mmAnn\u00e9e : 1999S\u00e9rial : A424XXX Bo\u00eete : Superbe bo\u00eetier en \u00e9tat strictement parfait, jamais poli (unpolished), avec des ar\u00eates nettes et une carrure \u00e9paisse parfaitement conserv\u00e9e. Finition d\u2019origine intacte, extr\u00eamement rare pour une pi\u00e8ce de cette p\u00e9riode. Le fond de bo\u00eete est encore \u00e9quip\u00e9 de son sticker vert d\u2019origine \u00ab 14000 \u00bb, confirmant l\u2019absence totale de polissage. Cadran : Magnifique cadran bleu soleil d\u2019origine Rolex offrant de superbes reflets selon la lumi\u00e8re. Le cadran est en \u00e9tat irr\u00e9prochable, sans d\u00e9faut, avec index appliqu\u00e9s et aiguilles parfaitement conserv\u00e9s. Mention \u00ab Precision \u00bb caract\u00e9ristique des Air-King de cette g\u00e9n\u00e9ration. Bracelet : Bracelet Oyster en acier d\u2019origine Rolex en excellent \u00e9tat g\u00e9n\u00e9ral, avec tr\u00e8s peu de stretch, parfaitement coh\u00e9rent avec l\u2019\u00e9tat exceptionnel de la montre.R\u00e9f\u00e9rence bracelet 78350, endlinks 19. Fermoir Oysterclasp d\u2019origine avec clasp code X8. Fond de bo\u00eete : Fond viss\u00e9 Rolex avec sticker vert d\u2019origine encore pr\u00e9sent, d\u00e9tail extr\u00eamement recherch\u00e9 par les collectionneurs. Accessoires : Livr\u00e9e full set avec bo\u00eete Rolex d\u2019origine et papiers de garantie d\u2019origine dat\u00e9s du 23 octobre 1999, ainsi que les documents et accessoires d\u2019\u00e9poque.\" \/>\n<meta property=\"og:url\" content=\"https:\/\/www.parisheure.com\/en\/buy-watch\/rolex-air-king-ref-14000-blue-dial-full-set-from-1999\/\" \/>\n<meta property=\"og:site_name\" content=\"PARIS HEURE\" \/>\n<meta property=\"article:publisher\" content=\"https:\/\/www.facebook.com\/ParisHeure\" \/>\n<meta property=\"og:image\" content=\"https:\/\/www.parisheure.com\/wp-content\/uploads\/2026\/01\/ROLEX-AIRLING-BLUE-DIAL-REF-14000-N\u00b0A424XXXX-_0011_Calque-2-scaled.jpg\" \/>\n\t<meta property=\"og:image:width\" content=\"2560\" \/>\n\t<meta property=\"og:image:height\" content=\"2560\" \/>\n\t<meta property=\"og:image:type\" content=\"image\/jpeg\" \/>\n<meta name=\"twitter:card\" content=\"summary_large_image\" \/>\n<script type=\"application\/ld+json\" class=\"yoast-schema-graph\">{\"@context\":\"https:\\\/\\\/schema.org\",\"@graph\":[{\"@type\":\"WebPage\",\"@id\":\"https:\\\/\\\/www.parisheure.com\\\/acheter-montre\\\/rolex-air-king-ref-14000-blue-dial-full-set-from-1999\\\/\",\"url\":\"https:\\\/\\\/www.parisheure.com\\\/acheter-montre\\\/rolex-air-king-ref-14000-blue-dial-full-set-from-1999\\\/\",\"name\":\"Rolex Air-King ref 14000 Blue Dial Full Set from 1999 &#8226; PARIS HEURE\",\"isPartOf\":{\"@id\":\"https:\\\/\\\/www.parisheure.com\\\/#website\"},\"primaryImageOfPage\":{\"@id\":\"https:\\\/\\\/www.parisheure.com\\\/acheter-montre\\\/rolex-air-king-ref-14000-blue-dial-full-set-from-1999\\\/#primaryimage\"},\"image\":{\"@id\":\"https:\\\/\\\/www.parisheure.com\\\/acheter-montre\\\/rolex-air-king-ref-14000-blue-dial-full-set-from-1999\\\/#primaryimage\"},\"thumbnailUrl\":\"https:\\\/\\\/www.parisheure.com\\\/wp-content\\\/uploads\\\/2026\\\/01\\\/ROLEX-AIRLING-BLUE-DIAL-REF-14000-N\u00b0A424XXXX-_0011_Calque-2-scaled.jpg\",\"datePublished\":\"2026-01-16T12:11:36+00:00\",\"description\":\"Rolex Air-King 14000 de 1999, cadran bleu, full set, \u00e9tat exceptionnel jamais poli et encore stick\u00e9e au dos Marque : RolexMod\u00e8le : Air-KingMouvement : Automatique Rolex calibre 3000R\u00e9f\u00e9rence : 14000Diam\u00e8tre : 34 mmAnn\u00e9e : 1999S\u00e9rial : A424XXX Bo\u00eete : Superbe bo\u00eetier en \u00e9tat strictement parfait, jamais poli (unpolished), avec des ar\u00eates nettes et une carrure \u00e9paisse parfaitement conserv\u00e9e. Finition d\u2019origine intacte, extr\u00eamement rare pour une pi\u00e8ce de cette p\u00e9riode. Le fond de bo\u00eete est encore \u00e9quip\u00e9 de son sticker vert d\u2019origine \u00ab 14000 \u00bb, confirmant l\u2019absence totale de polissage. Cadran : Magnifique cadran bleu soleil d\u2019origine Rolex offrant de superbes reflets selon la lumi\u00e8re. Le cadran est en \u00e9tat irr\u00e9prochable, sans d\u00e9faut, avec index appliqu\u00e9s et aiguilles parfaitement conserv\u00e9s. Mention \u00ab Precision \u00bb caract\u00e9ristique des Air-King de cette g\u00e9n\u00e9ration. Bracelet : Bracelet Oyster en acier d\u2019origine Rolex en excellent \u00e9tat g\u00e9n\u00e9ral, avec tr\u00e8s peu de stretch, parfaitement coh\u00e9rent avec l\u2019\u00e9tat exceptionnel de la montre.R\u00e9f\u00e9rence bracelet 78350, endlinks 19. Fermoir Oysterclasp d\u2019origine avec clasp code X8. Fond de bo\u00eete : Fond viss\u00e9 Rolex avec sticker vert d\u2019origine encore pr\u00e9sent, d\u00e9tail extr\u00eamement recherch\u00e9 par les collectionneurs. Accessoires : Livr\u00e9e full set avec bo\u00eete Rolex d\u2019origine et papiers de garantie d\u2019origine dat\u00e9s du 23 octobre 1999, ainsi que les documents et accessoires d\u2019\u00e9poque.\",\"breadcrumb\":{\"@id\":\"https:\\\/\\\/www.parisheure.com\\\/acheter-montre\\\/rolex-air-king-ref-14000-blue-dial-full-set-from-1999\\\/#breadcrumb\"},\"inLanguage\":\"en-US\",\"potentialAction\":[{\"@type\":\"ReadAction\",\"target\":[\"https:\\\/\\\/www.parisheure.com\\\/acheter-montre\\\/rolex-air-king-ref-14000-blue-dial-full-set-from-1999\\\/\"]}]},{\"@type\":\"ImageObject\",\"inLanguage\":\"en-US\",\"@id\":\"https:\\\/\\\/www.parisheure.com\\\/acheter-montre\\\/rolex-air-king-ref-14000-blue-dial-full-set-from-1999\\\/#primaryimage\",\"url\":\"https:\\\/\\\/www.parisheure.com\\\/wp-content\\\/uploads\\\/2026\\\/01\\\/ROLEX-AIRLING-BLUE-DIAL-REF-14000-N\u00b0A424XXXX-_0011_Calque-2-scaled.jpg\",\"contentUrl\":\"https:\\\/\\\/www.parisheure.com\\\/wp-content\\\/uploads\\\/2026\\\/01\\\/ROLEX-AIRLING-BLUE-DIAL-REF-14000-N\u00b0A424XXXX-_0011_Calque-2-scaled.jpg\",\"width\":2560,\"height\":2560},{\"@type\":\"BreadcrumbList\",\"@id\":\"https:\\\/\\\/www.parisheure.com\\\/acheter-montre\\\/rolex-air-king-ref-14000-blue-dial-full-set-from-1999\\\/#breadcrumb\",\"itemListElement\":[{\"@type\":\"ListItem\",\"position\":1,\"name\":\"Accueil\",\"item\":\"https:\\\/\\\/www.parisheure.com\\\/\"},{\"@type\":\"ListItem\",\"position\":2,\"name\":\"WATCHES\",\"item\":\"https:\\\/\\\/www.parisheure.com\\\/\"},{\"@type\":\"ListItem\",\"position\":3,\"name\":\"Rolex Air-King ref 14000 Blue Dial Full Set from 1999\"}]},{\"@type\":\"WebSite\",\"@id\":\"https:\\\/\\\/www.parisheure.com\\\/#website\",\"url\":\"https:\\\/\\\/www.parisheure.com\\\/\",\"name\":\"PARIS HEURE\",\"description\":\"Vintage watches Paris\",\"publisher\":{\"@id\":\"https:\\\/\\\/www.parisheure.com\\\/#organization\"},\"potentialAction\":[{\"@type\":\"SearchAction\",\"target\":{\"@type\":\"EntryPoint\",\"urlTemplate\":\"https:\\\/\\\/www.parisheure.com\\\/?s={search_term_string}\"},\"query-input\":{\"@type\":\"PropertyValueSpecification\",\"valueRequired\":true,\"valueName\":\"search_term_string\"}}],\"inLanguage\":\"en-US\"},{\"@type\":\"Organization\",\"@id\":\"https:\\\/\\\/www.parisheure.com\\\/#organization\",\"name\":\"PARIS HEURE\",\"url\":\"https:\\\/\\\/www.parisheure.com\\\/\",\"logo\":{\"@type\":\"ImageObject\",\"inLanguage\":\"en-US\",\"@id\":\"https:\\\/\\\/www.parisheure.com\\\/#\\\/schema\\\/logo\\\/image\\\/\",\"url\":\"https:\\\/\\\/www.parisheure.com\\\/wp-content\\\/uploads\\\/2021\\\/07\\\/cropped-logo-paris-heure.png\",\"contentUrl\":\"https:\\\/\\\/www.parisheure.com\\\/wp-content\\\/uploads\\\/2021\\\/07\\\/cropped-logo-paris-heure.png\",\"width\":512,\"height\":512,\"caption\":\"PARIS HEURE\"},\"image\":{\"@id\":\"https:\\\/\\\/www.parisheure.com\\\/#\\\/schema\\\/logo\\\/image\\\/\"},\"sameAs\":[\"https:\\\/\\\/www.facebook.com\\\/ParisHeure\",\"https:\\\/\\\/www.instagram.com\\\/parisheure\\\/\"]}]}<\/script>\n<!-- \/ Yoast SEO plugin. -->","yoast_head_json":{"title":"Rolex Air-King ref 14000 Blue Dial Full Set from 1999 &#8226; PARIS HEURE","description":"Rolex Air-King 14000 de 1999, cadran bleu, full set, \u00e9tat exceptionnel jamais poli et encore stick\u00e9e au dos  Marque : RolexMod\u00e8le : Air-KingMouvement : Automatique Rolex calibre 3000R\u00e9f\u00e9rence : 14000Diam\u00e8tre : 34 mmAnn\u00e9e : 1999S\u00e9rial : A424XXX Bo\u00eete : Superbe bo\u00eetier en \u00e9tat strictement parfait, jamais poli (unpolished), avec des ar\u00eates nettes et une carrure \u00e9paisse parfaitement conserv\u00e9e. Finition d\u2019origine intacte, extr\u00eamement rare pour une pi\u00e8ce de cette p\u00e9riode. Le fond de bo\u00eete est encore \u00e9quip\u00e9 de son sticker vert d\u2019origine \u00ab 14000 \u00bb, confirmant l\u2019absence totale de polissage. Cadran : Magnifique cadran bleu soleil d\u2019origine Rolex offrant de superbes reflets selon la lumi\u00e8re. Le cadran est en \u00e9tat irr\u00e9prochable, sans d\u00e9faut, avec index appliqu\u00e9s et aiguilles parfaitement conserv\u00e9s. Mention \u00ab Precision \u00bb caract\u00e9ristique des Air-King de cette g\u00e9n\u00e9ration. Bracelet : Bracelet Oyster en acier d\u2019origine Rolex en excellent \u00e9tat g\u00e9n\u00e9ral, avec tr\u00e8s peu de stretch, parfaitement coh\u00e9rent avec l\u2019\u00e9tat exceptionnel de la montre.R\u00e9f\u00e9rence bracelet 78350, endlinks 19. Fermoir Oysterclasp d\u2019origine avec clasp code X8. Fond de bo\u00eete : Fond viss\u00e9 Rolex avec sticker vert d\u2019origine encore pr\u00e9sent, d\u00e9tail extr\u00eamement recherch\u00e9 par les collectionneurs. Accessoires : Livr\u00e9e full set avec bo\u00eete Rolex d\u2019origine et papiers de garantie d\u2019origine dat\u00e9s du 23 octobre 1999, ainsi que les documents et accessoires d\u2019\u00e9poque.","robots":{"index":"index","follow":"follow","max-snippet":"max-snippet:-1","max-image-preview":"max-image-preview:large","max-video-preview":"max-video-preview:-1"},"canonical":"https:\/\/www.parisheure.com\/en\/buy-watch\/rolex-air-king-ref-14000-blue-dial-full-set-from-1999\/","og_locale":"en_US","og_type":"article","og_title":"Rolex Air-King ref 14000 Blue Dial Full Set from 1999 &#8226; PARIS HEURE","og_description":"Rolex Air-King 14000 de 1999, cadran bleu, full set, \u00e9tat exceptionnel jamais poli et encore stick\u00e9e au dos  Marque : RolexMod\u00e8le : Air-KingMouvement : Automatique Rolex calibre 3000R\u00e9f\u00e9rence : 14000Diam\u00e8tre : 34 mmAnn\u00e9e : 1999S\u00e9rial : A424XXX Bo\u00eete : Superbe bo\u00eetier en \u00e9tat strictement parfait, jamais poli (unpolished), avec des ar\u00eates nettes et une carrure \u00e9paisse parfaitement conserv\u00e9e. Finition d\u2019origine intacte, extr\u00eamement rare pour une pi\u00e8ce de cette p\u00e9riode. Le fond de bo\u00eete est encore \u00e9quip\u00e9 de son sticker vert d\u2019origine \u00ab 14000 \u00bb, confirmant l\u2019absence totale de polissage. Cadran : Magnifique cadran bleu soleil d\u2019origine Rolex offrant de superbes reflets selon la lumi\u00e8re. Le cadran est en \u00e9tat irr\u00e9prochable, sans d\u00e9faut, avec index appliqu\u00e9s et aiguilles parfaitement conserv\u00e9s. Mention \u00ab Precision \u00bb caract\u00e9ristique des Air-King de cette g\u00e9n\u00e9ration. Bracelet : Bracelet Oyster en acier d\u2019origine Rolex en excellent \u00e9tat g\u00e9n\u00e9ral, avec tr\u00e8s peu de stretch, parfaitement coh\u00e9rent avec l\u2019\u00e9tat exceptionnel de la montre.R\u00e9f\u00e9rence bracelet 78350, endlinks 19. Fermoir Oysterclasp d\u2019origine avec clasp code X8. Fond de bo\u00eete : Fond viss\u00e9 Rolex avec sticker vert d\u2019origine encore pr\u00e9sent, d\u00e9tail extr\u00eamement recherch\u00e9 par les collectionneurs. Accessoires : Livr\u00e9e full set avec bo\u00eete Rolex d\u2019origine et papiers de garantie d\u2019origine dat\u00e9s du 23 octobre 1999, ainsi que les documents et accessoires d\u2019\u00e9poque.","og_url":"https:\/\/www.parisheure.com\/en\/buy-watch\/rolex-air-king-ref-14000-blue-dial-full-set-from-1999\/","og_site_name":"PARIS HEURE","article_publisher":"https:\/\/www.facebook.com\/ParisHeure","og_image":[{"width":2560,"height":2560,"url":"https:\/\/www.parisheure.com\/wp-content\/uploads\/2026\/01\/ROLEX-AIRLING-BLUE-DIAL-REF-14000-N\u00b0A424XXXX-_0011_Calque-2-scaled.jpg","type":"image\/jpeg"}],"twitter_card":"summary_large_image","schema":{"@context":"https:\/\/schema.org","@graph":[{"@type":"WebPage","@id":"https:\/\/www.parisheure.com\/acheter-montre\/rolex-air-king-ref-14000-blue-dial-full-set-from-1999\/","url":"https:\/\/www.parisheure.com\/acheter-montre\/rolex-air-king-ref-14000-blue-dial-full-set-from-1999\/","name":"Rolex Air-King ref 14000 Blue Dial Full Set from 1999 &#8226; PARIS HEURE","isPartOf":{"@id":"https:\/\/www.parisheure.com\/#website"},"primaryImageOfPage":{"@id":"https:\/\/www.parisheure.com\/acheter-montre\/rolex-air-king-ref-14000-blue-dial-full-set-from-1999\/#primaryimage"},"image":{"@id":"https:\/\/www.parisheure.com\/acheter-montre\/rolex-air-king-ref-14000-blue-dial-full-set-from-1999\/#primaryimage"},"thumbnailUrl":"https:\/\/www.parisheure.com\/wp-content\/uploads\/2026\/01\/ROLEX-AIRLING-BLUE-DIAL-REF-14000-N\u00b0A424XXXX-_0011_Calque-2-scaled.jpg","datePublished":"2026-01-16T12:11:36+00:00","description":"Rolex Air-King 14000 de 1999, cadran bleu, full set, \u00e9tat exceptionnel jamais poli et encore stick\u00e9e au dos Marque : RolexMod\u00e8le : Air-KingMouvement : Automatique Rolex calibre 3000R\u00e9f\u00e9rence : 14000Diam\u00e8tre : 34 mmAnn\u00e9e : 1999S\u00e9rial : A424XXX Bo\u00eete : Superbe bo\u00eetier en \u00e9tat strictement parfait, jamais poli (unpolished), avec des ar\u00eates nettes et une carrure \u00e9paisse parfaitement conserv\u00e9e. Finition d\u2019origine intacte, extr\u00eamement rare pour une pi\u00e8ce de cette p\u00e9riode. Le fond de bo\u00eete est encore \u00e9quip\u00e9 de son sticker vert d\u2019origine \u00ab 14000 \u00bb, confirmant l\u2019absence totale de polissage. Cadran : Magnifique cadran bleu soleil d\u2019origine Rolex offrant de superbes reflets selon la lumi\u00e8re. Le cadran est en \u00e9tat irr\u00e9prochable, sans d\u00e9faut, avec index appliqu\u00e9s et aiguilles parfaitement conserv\u00e9s. Mention \u00ab Precision \u00bb caract\u00e9ristique des Air-King de cette g\u00e9n\u00e9ration. Bracelet : Bracelet Oyster en acier d\u2019origine Rolex en excellent \u00e9tat g\u00e9n\u00e9ral, avec tr\u00e8s peu de stretch, parfaitement coh\u00e9rent avec l\u2019\u00e9tat exceptionnel de la montre.R\u00e9f\u00e9rence bracelet 78350, endlinks 19. Fermoir Oysterclasp d\u2019origine avec clasp code X8. Fond de bo\u00eete : Fond viss\u00e9 Rolex avec sticker vert d\u2019origine encore pr\u00e9sent, d\u00e9tail extr\u00eamement recherch\u00e9 par les collectionneurs. Accessoires : Livr\u00e9e full set avec bo\u00eete Rolex d\u2019origine et papiers de garantie d\u2019origine dat\u00e9s du 23 octobre 1999, ainsi que les documents et accessoires d\u2019\u00e9poque.","breadcrumb":{"@id":"https:\/\/www.parisheure.com\/acheter-montre\/rolex-air-king-ref-14000-blue-dial-full-set-from-1999\/#breadcrumb"},"inLanguage":"en-US","potentialAction":[{"@type":"ReadAction","target":["https:\/\/www.parisheure.com\/acheter-montre\/rolex-air-king-ref-14000-blue-dial-full-set-from-1999\/"]}]},{"@type":"ImageObject","inLanguage":"en-US","@id":"https:\/\/www.parisheure.com\/acheter-montre\/rolex-air-king-ref-14000-blue-dial-full-set-from-1999\/#primaryimage","url":"https:\/\/www.parisheure.com\/wp-content\/uploads\/2026\/01\/ROLEX-AIRLING-BLUE-DIAL-REF-14000-N\u00b0A424XXXX-_0011_Calque-2-scaled.jpg","contentUrl":"https:\/\/www.parisheure.com\/wp-content\/uploads\/2026\/01\/ROLEX-AIRLING-BLUE-DIAL-REF-14000-N\u00b0A424XXXX-_0011_Calque-2-scaled.jpg","width":2560,"height":2560},{"@type":"BreadcrumbList","@id":"https:\/\/www.parisheure.com\/acheter-montre\/rolex-air-king-ref-14000-blue-dial-full-set-from-1999\/#breadcrumb","itemListElement":[{"@type":"ListItem","position":1,"name":"Accueil","item":"https:\/\/www.parisheure.com\/"},{"@type":"ListItem","position":2,"name":"WATCHES","item":"https:\/\/www.parisheure.com\/"},{"@type":"ListItem","position":3,"name":"Rolex Air-King ref 14000 Blue Dial Full Set from 1999"}]},{"@type":"WebSite","@id":"https:\/\/www.parisheure.com\/#website","url":"https:\/\/www.parisheure.com\/","name":"PARIS HEURE","description":"Vintage watches Paris","publisher":{"@id":"https:\/\/www.parisheure.com\/#organization"},"potentialAction":[{"@type":"SearchAction","target":{"@type":"EntryPoint","urlTemplate":"https:\/\/www.parisheure.com\/?s={search_term_string}"},"query-input":{"@type":"PropertyValueSpecification","valueRequired":true,"valueName":"search_term_string"}}],"inLanguage":"en-US"},{"@type":"Organization","@id":"https:\/\/www.parisheure.com\/#organization","name":"PARIS HEURE","url":"https:\/\/www.parisheure.com\/","logo":{"@type":"ImageObject","inLanguage":"en-US","@id":"https:\/\/www.parisheure.com\/#\/schema\/logo\/image\/","url":"https:\/\/www.parisheure.com\/wp-content\/uploads\/2021\/07\/cropped-logo-paris-heure.png","contentUrl":"https:\/\/www.parisheure.com\/wp-content\/uploads\/2021\/07\/cropped-logo-paris-heure.png","width":512,"height":512,"caption":"PARIS HEURE"},"image":{"@id":"https:\/\/www.parisheure.com\/#\/schema\/logo\/image\/"},"sameAs":["https:\/\/www.facebook.com\/ParisHeure","https:\/\/www.instagram.com\/parisheure\/"]}]}},"jetpack_sharing_enabled":true,"brands":[{"id":432,"name":"Rolex","slug":"rolex"}],"_links":{"self":[{"href":"https:\/\/www.parisheure.com\/en\/wp-json\/wp\/v2\/product\/15385","targetHints":{"allow":["GET"]}}],"collection":[{"href":"https:\/\/www.parisheure.com\/en\/wp-json\/wp\/v2\/product"}],"about":[{"href":"https:\/\/www.parisheure.com\/en\/wp-json\/wp\/v2\/types\/product"}],"version-history":[{"count":1,"href":"https:\/\/www.parisheure.com\/en\/wp-json\/wp\/v2\/product\/15385\/revisions"}],"predecessor-version":[{"id":15398,"href":"https:\/\/www.parisheure.com\/en\/wp-json\/wp\/v2\/product\/15385\/revisions\/15398"}],"wp:featuredmedia":[{"embeddable":true,"href":"https:\/\/www.parisheure.com\/en\/wp-json\/wp\/v2\/media\/15397"}],"wp:attachment":[{"href":"https:\/\/www.parisheure.com\/en\/wp-json\/wp\/v2\/media?parent=15385"}],"wp:term":[{"taxonomy":"pwb-brand","embeddable":true,"href":"https:\/\/www.parisheure.com\/en\/wp-json\/wp\/v2\/pwb-brand?post=15385"},{"taxonomy":"product_brand","embeddable":true,"href":"https:\/\/www.parisheure.com\/en\/wp-json\/wp\/v2\/product_brand?post=15385"},{"taxonomy":"product_cat","embeddable":true,"href":"https:\/\/www.parisheure.com\/en\/wp-json\/wp\/v2\/product_cat?post=15385"},{"taxonomy":"product_tag","embeddable":true,"href":"https:\/\/www.parisheure.com\/en\/wp-json\/wp\/v2\/product_tag?post=15385"}],"curies":[{"name":"wp","href":"https:\/\/api.w.org\/{rel}","templated":true}]}}