{"id":7592,"date":"2021-07-28T12:41:30","date_gmt":"2021-07-28T10:41:30","guid":{"rendered":"http:\/\/www.parisheure.com\/?post_type=product&#038;p=7592"},"modified":"2024-10-23T10:39:48","modified_gmt":"2024-10-23T08:39:48","slug":"patek-philippe-aquanaut-ref-5065-archives-1998","status":"publish","type":"product","link":"https:\/\/www.parisheure.com\/en\/buy-watch\/patek-philippe-aquanaut-ref-5065-archives-1998\/","title":{"rendered":"PATEK PHILIPPE AQUANAUT REF 5065 ARCHIVES 1998"},"content":{"rendered":"<p><strong>Our opinion:<\/strong> Aquanaut model waterproof sport range from Patek movement with automatic winding, caliber Patek Philippe 315 SC. The first Jumbo reference ref 5065 from Patek Philippe. They are even cheaper than modern ones so don't hesitate, the same phenomenon has already happened in nautilus with the explosion in the price of old references. This one has the particularity of having a tritium dial which has a magnificent and sought-after patina. A true modern collector's watch in perfect condition! Watch delivered with its archives confirming its production in 1998 during the first year of its launch!<\/p>","protected":false},"excerpt":{"rendered":"<p><strong>Brand:<\/strong>\u00a0Patek Philippe<\/p>\n<p><strong>Model:<\/strong>\u00a0Aquanaut<\/p>\n<p><strong>Movement\u00a0: <\/strong>Automatic <em>315 SC<\/em><\/p>\n<p><strong>Reference:<\/strong>\u00a05065A<\/p>\n<p><strong>Diameter\u00a0: <\/strong>38mm<\/p>\n<p><strong>Year:<\/strong>\u00a01998<\/p>\n<p><strong>Case:<\/strong>\u00a0Beautiful previously lightly polished case in good condition. The angles remain very visible.<\/p>\n<p><strong>Dial:<\/strong>\u00a0Beautiful original black dial without any flaws and very beautiful patina of the tritium indexes.<\/p>\n<p><strong>Bracelet:<\/strong>\u00a0Rubber steel folding clasp PP<\/p>\n<p><strong>Accessories:<\/strong>\u00a0Service box. 2nd black rubber strap. Patek waterproofing service invoice and records confirming production in 1998 and its tritium dial.<\/p>","protected":false},"featured_media":7965,"template":"","meta":[],"pwb-brand":[436],"product_brand":[],"product_cat":[107,367,91],"product_tag":[233,226,225,228,124,227],"class_list":{"0":"post-7592","1":"product","2":"type-product","3":"status-publish","4":"has-post-thumbnail","6":"pwb-brand-patek-philippe","7":"product_cat-archives","8":"product_cat-montres-paris-heure","9":"product_cat-patek-philippe","10":"product_tag-233","11":"product_tag-226","12":"product_tag-aquanaut","13":"product_tag-archives","14":"product_tag-patek-philippe","15":"product_tag-tritium","17":"first","18":"outofstock","19":"shipping-taxable","20":"product-type-simple"},"yoast_head":"<!-- This site is optimized with the Yoast SEO plugin v27.5 - https:\/\/yoast.com\/product\/yoast-seo-wordpress\/ -->\n<title>PATEK PHILIPPE AQUANAUT REF 5065 ARCHIVES 1998 &#8226; PARIS HEURE<\/title>\n<meta name=\"description\" content=\"Marque:\u00a0Patek Philippe  Mod\u00e8le:\u00a0Aquanaut  Mouvement\u00a0: Automatique 315 SC  R\u00e9f\u00e9rence:\u00a05065A  Diam\u00e8tre\u00a0: 38mm  Ann\u00e9e:\u00a01998  Boite:\u00a0Beau boitier peu polie en bel \u00e9tat de conservation. Les angles restent bien pr\u00e9sents.  Cadran:\u00a0Beau cadran noir d\u2019origine sans aucuns d\u00e9fauts et tr\u00e8s belle patine des indexs tritium.  Bracelet:\u00a0Caoutchouc boucle d\u00e9ployante acier PP  Accessoires:\u00a0Boite de service. 2\u00e8me bracelet caoutchouc noir. Facture de service d\u2019\u00e9tanch\u00e9it\u00e9 Patek et archives confirmant la production en 1998 et son cadran tritium.\" \/>\n<meta name=\"robots\" content=\"index, follow, max-snippet:-1, max-image-preview:large, max-video-preview:-1\" \/>\n<link rel=\"canonical\" href=\"https:\/\/www.parisheure.com\/en\/buy-watch\/patek-philippe-aquanaut-ref-5065-archives-1998\/\" \/>\n<meta property=\"og:locale\" content=\"en_US\" \/>\n<meta property=\"og:type\" content=\"article\" \/>\n<meta property=\"og:title\" content=\"PATEK PHILIPPE AQUANAUT REF 5065 ARCHIVES 1998 &#8226; PARIS HEURE\" \/>\n<meta property=\"og:description\" content=\"Marque:\u00a0Patek Philippe  Mod\u00e8le:\u00a0Aquanaut  Mouvement\u00a0: Automatique 315 SC  R\u00e9f\u00e9rence:\u00a05065A  Diam\u00e8tre\u00a0: 38mm  Ann\u00e9e:\u00a01998  Boite:\u00a0Beau boitier peu polie en bel \u00e9tat de conservation. Les angles restent bien pr\u00e9sents.  Cadran:\u00a0Beau cadran noir d\u2019origine sans aucuns d\u00e9fauts et tr\u00e8s belle patine des indexs tritium.  Bracelet:\u00a0Caoutchouc boucle d\u00e9ployante acier PP  Accessoires:\u00a0Boite de service. 2\u00e8me bracelet caoutchouc noir. Facture de service d\u2019\u00e9tanch\u00e9it\u00e9 Patek et archives confirmant la production en 1998 et son cadran tritium.\" \/>\n<meta property=\"og:url\" content=\"https:\/\/www.parisheure.com\/en\/buy-watch\/patek-philippe-aquanaut-ref-5065-archives-1998\/\" \/>\n<meta property=\"og:site_name\" content=\"PARIS HEURE\" \/>\n<meta property=\"article:publisher\" content=\"https:\/\/www.facebook.com\/ParisHeure\" \/>\n<meta property=\"article:modified_time\" content=\"2024-10-23T08:39:48+00:00\" \/>\n<meta property=\"og:image\" content=\"https:\/\/www.parisheure.com\/wp-content\/uploads\/2021\/07\/PATEK-PHILIPPE-AQUANAUT-REF-5065-ARCHIVES-1998-N\u00b0mvt-3009966_-boite-4047227_0016_Calque-2-1024x1024.png\" \/>\n\t<meta property=\"og:image:width\" content=\"1024\" \/>\n\t<meta property=\"og:image:height\" content=\"1024\" \/>\n\t<meta property=\"og:image:type\" content=\"image\/png\" \/>\n<meta name=\"twitter:card\" content=\"summary_large_image\" \/>\n<script type=\"application\/ld+json\" class=\"yoast-schema-graph\">{\"@context\":\"https:\\\/\\\/schema.org\",\"@graph\":[{\"@type\":\"WebPage\",\"@id\":\"https:\\\/\\\/www.parisheure.com\\\/acheter-montre\\\/patek-philippe-aquanaut-ref-5065-archives-1998\\\/\",\"url\":\"https:\\\/\\\/www.parisheure.com\\\/acheter-montre\\\/patek-philippe-aquanaut-ref-5065-archives-1998\\\/\",\"name\":\"PATEK PHILIPPE AQUANAUT REF 5065 ARCHIVES 1998 &#8226; PARIS HEURE\",\"isPartOf\":{\"@id\":\"https:\\\/\\\/www.parisheure.com\\\/#website\"},\"primaryImageOfPage\":{\"@id\":\"https:\\\/\\\/www.parisheure.com\\\/acheter-montre\\\/patek-philippe-aquanaut-ref-5065-archives-1998\\\/#primaryimage\"},\"image\":{\"@id\":\"https:\\\/\\\/www.parisheure.com\\\/acheter-montre\\\/patek-philippe-aquanaut-ref-5065-archives-1998\\\/#primaryimage\"},\"thumbnailUrl\":\"https:\\\/\\\/www.parisheure.com\\\/wp-content\\\/uploads\\\/2021\\\/07\\\/PATEK-PHILIPPE-AQUANAUT-REF-5065-ARCHIVES-1998-N\u00b0mvt-3009966_-boite-4047227_0016_Calque-2.png\",\"datePublished\":\"2021-07-28T10:41:30+00:00\",\"dateModified\":\"2024-10-23T08:39:48+00:00\",\"description\":\"Marque:\u00a0Patek Philippe Mod\u00e8le:\u00a0Aquanaut Mouvement\u00a0: Automatique 315 SC R\u00e9f\u00e9rence:\u00a05065A Diam\u00e8tre\u00a0: 38mm Ann\u00e9e:\u00a01998 Boite:\u00a0Beau boitier peu polie en bel \u00e9tat de conservation. Les angles restent bien pr\u00e9sents. Cadran:\u00a0Beau cadran noir d\u2019origine sans aucuns d\u00e9fauts et tr\u00e8s belle patine des indexs tritium. Bracelet:\u00a0Caoutchouc boucle d\u00e9ployante acier PP Accessoires:\u00a0Boite de service. 2\u00e8me bracelet caoutchouc noir. Facture de service d\u2019\u00e9tanch\u00e9it\u00e9 Patek et archives confirmant la production en 1998 et son cadran tritium.\",\"breadcrumb\":{\"@id\":\"https:\\\/\\\/www.parisheure.com\\\/acheter-montre\\\/patek-philippe-aquanaut-ref-5065-archives-1998\\\/#breadcrumb\"},\"inLanguage\":\"en-US\",\"potentialAction\":[{\"@type\":\"ReadAction\",\"target\":[\"https:\\\/\\\/www.parisheure.com\\\/acheter-montre\\\/patek-philippe-aquanaut-ref-5065-archives-1998\\\/\"]}]},{\"@type\":\"ImageObject\",\"inLanguage\":\"en-US\",\"@id\":\"https:\\\/\\\/www.parisheure.com\\\/acheter-montre\\\/patek-philippe-aquanaut-ref-5065-archives-1998\\\/#primaryimage\",\"url\":\"https:\\\/\\\/www.parisheure.com\\\/wp-content\\\/uploads\\\/2021\\\/07\\\/PATEK-PHILIPPE-AQUANAUT-REF-5065-ARCHIVES-1998-N\u00b0mvt-3009966_-boite-4047227_0016_Calque-2.png\",\"contentUrl\":\"https:\\\/\\\/www.parisheure.com\\\/wp-content\\\/uploads\\\/2021\\\/07\\\/PATEK-PHILIPPE-AQUANAUT-REF-5065-ARCHIVES-1998-N\u00b0mvt-3009966_-boite-4047227_0016_Calque-2.png\",\"width\":2800,\"height\":2800},{\"@type\":\"BreadcrumbList\",\"@id\":\"https:\\\/\\\/www.parisheure.com\\\/acheter-montre\\\/patek-philippe-aquanaut-ref-5065-archives-1998\\\/#breadcrumb\",\"itemListElement\":[{\"@type\":\"ListItem\",\"position\":1,\"name\":\"Accueil\",\"item\":\"https:\\\/\\\/www.parisheure.com\\\/\"},{\"@type\":\"ListItem\",\"position\":2,\"name\":\"WATCHES\",\"item\":\"https:\\\/\\\/www.parisheure.com\\\/\"},{\"@type\":\"ListItem\",\"position\":3,\"name\":\"PATEK PHILIPPE AQUANAUT REF 5065 ARCHIVES 1998\"}]},{\"@type\":\"WebSite\",\"@id\":\"https:\\\/\\\/www.parisheure.com\\\/#website\",\"url\":\"https:\\\/\\\/www.parisheure.com\\\/\",\"name\":\"PARIS HEURE\",\"description\":\"Vintage watches Paris\",\"publisher\":{\"@id\":\"https:\\\/\\\/www.parisheure.com\\\/#organization\"},\"potentialAction\":[{\"@type\":\"SearchAction\",\"target\":{\"@type\":\"EntryPoint\",\"urlTemplate\":\"https:\\\/\\\/www.parisheure.com\\\/?s={search_term_string}\"},\"query-input\":{\"@type\":\"PropertyValueSpecification\",\"valueRequired\":true,\"valueName\":\"search_term_string\"}}],\"inLanguage\":\"en-US\"},{\"@type\":\"Organization\",\"@id\":\"https:\\\/\\\/www.parisheure.com\\\/#organization\",\"name\":\"PARIS HEURE\",\"url\":\"https:\\\/\\\/www.parisheure.com\\\/\",\"logo\":{\"@type\":\"ImageObject\",\"inLanguage\":\"en-US\",\"@id\":\"https:\\\/\\\/www.parisheure.com\\\/#\\\/schema\\\/logo\\\/image\\\/\",\"url\":\"https:\\\/\\\/www.parisheure.com\\\/wp-content\\\/uploads\\\/2021\\\/07\\\/cropped-logo-paris-heure.png\",\"contentUrl\":\"https:\\\/\\\/www.parisheure.com\\\/wp-content\\\/uploads\\\/2021\\\/07\\\/cropped-logo-paris-heure.png\",\"width\":512,\"height\":512,\"caption\":\"PARIS HEURE\"},\"image\":{\"@id\":\"https:\\\/\\\/www.parisheure.com\\\/#\\\/schema\\\/logo\\\/image\\\/\"},\"sameAs\":[\"https:\\\/\\\/www.facebook.com\\\/ParisHeure\",\"https:\\\/\\\/www.instagram.com\\\/parisheure\\\/\"]}]}<\/script>\n<!-- \/ Yoast SEO plugin. -->","yoast_head_json":{"title":"PATEK PHILIPPE AQUANAUT REF 5065 ARCHIVES 1998 \u2022 PARIS HEURE","description":"Marque:\u00a0Patek Philippe  Mod\u00e8le:\u00a0Aquanaut  Mouvement\u00a0: Automatique 315 SC  R\u00e9f\u00e9rence:\u00a05065A  Diam\u00e8tre\u00a0: 38mm  Ann\u00e9e:\u00a01998  Boite:\u00a0Beau boitier peu polie en bel \u00e9tat de conservation. Les angles restent bien pr\u00e9sents.  Cadran:\u00a0Beau cadran noir d\u2019origine sans aucuns d\u00e9fauts et tr\u00e8s belle patine des indexs tritium.  Bracelet:\u00a0Caoutchouc boucle d\u00e9ployante acier PP  Accessoires:\u00a0Boite de service. 2\u00e8me bracelet caoutchouc noir. Facture de service d\u2019\u00e9tanch\u00e9it\u00e9 Patek et archives confirmant la production en 1998 et son cadran tritium.","robots":{"index":"index","follow":"follow","max-snippet":"max-snippet:-1","max-image-preview":"max-image-preview:large","max-video-preview":"max-video-preview:-1"},"canonical":"https:\/\/www.parisheure.com\/en\/buy-watch\/patek-philippe-aquanaut-ref-5065-archives-1998\/","og_locale":"en_US","og_type":"article","og_title":"PATEK PHILIPPE AQUANAUT REF 5065 ARCHIVES 1998 &#8226; PARIS HEURE","og_description":"Marque:\u00a0Patek Philippe  Mod\u00e8le:\u00a0Aquanaut  Mouvement\u00a0: Automatique 315 SC  R\u00e9f\u00e9rence:\u00a05065A  Diam\u00e8tre\u00a0: 38mm  Ann\u00e9e:\u00a01998  Boite:\u00a0Beau boitier peu polie en bel \u00e9tat de conservation. Les angles restent bien pr\u00e9sents.  Cadran:\u00a0Beau cadran noir d\u2019origine sans aucuns d\u00e9fauts et tr\u00e8s belle patine des indexs tritium.  Bracelet:\u00a0Caoutchouc boucle d\u00e9ployante acier PP  Accessoires:\u00a0Boite de service. 2\u00e8me bracelet caoutchouc noir. Facture de service d\u2019\u00e9tanch\u00e9it\u00e9 Patek et archives confirmant la production en 1998 et son cadran tritium.","og_url":"https:\/\/www.parisheure.com\/en\/buy-watch\/patek-philippe-aquanaut-ref-5065-archives-1998\/","og_site_name":"PARIS HEURE","article_publisher":"https:\/\/www.facebook.com\/ParisHeure","article_modified_time":"2024-10-23T08:39:48+00:00","og_image":[{"width":1024,"height":1024,"url":"https:\/\/www.parisheure.com\/wp-content\/uploads\/2021\/07\/PATEK-PHILIPPE-AQUANAUT-REF-5065-ARCHIVES-1998-N\u00b0mvt-3009966_-boite-4047227_0016_Calque-2-1024x1024.png","type":"image\/png"}],"twitter_card":"summary_large_image","schema":{"@context":"https:\/\/schema.org","@graph":[{"@type":"WebPage","@id":"https:\/\/www.parisheure.com\/acheter-montre\/patek-philippe-aquanaut-ref-5065-archives-1998\/","url":"https:\/\/www.parisheure.com\/acheter-montre\/patek-philippe-aquanaut-ref-5065-archives-1998\/","name":"PATEK PHILIPPE AQUANAUT REF 5065 ARCHIVES 1998 \u2022 PARIS HEURE","isPartOf":{"@id":"https:\/\/www.parisheure.com\/#website"},"primaryImageOfPage":{"@id":"https:\/\/www.parisheure.com\/acheter-montre\/patek-philippe-aquanaut-ref-5065-archives-1998\/#primaryimage"},"image":{"@id":"https:\/\/www.parisheure.com\/acheter-montre\/patek-philippe-aquanaut-ref-5065-archives-1998\/#primaryimage"},"thumbnailUrl":"https:\/\/www.parisheure.com\/wp-content\/uploads\/2021\/07\/PATEK-PHILIPPE-AQUANAUT-REF-5065-ARCHIVES-1998-N\u00b0mvt-3009966_-boite-4047227_0016_Calque-2.png","datePublished":"2021-07-28T10:41:30+00:00","dateModified":"2024-10-23T08:39:48+00:00","description":"Marque:\u00a0Patek Philippe Mod\u00e8le:\u00a0Aquanaut Mouvement\u00a0: Automatique 315 SC R\u00e9f\u00e9rence:\u00a05065A Diam\u00e8tre\u00a0: 38mm Ann\u00e9e:\u00a01998 Boite:\u00a0Beau boitier peu polie en bel \u00e9tat de conservation. Les angles restent bien pr\u00e9sents. Cadran:\u00a0Beau cadran noir d\u2019origine sans aucuns d\u00e9fauts et tr\u00e8s belle patine des indexs tritium. Bracelet:\u00a0Caoutchouc boucle d\u00e9ployante acier PP Accessoires:\u00a0Boite de service. 2\u00e8me bracelet caoutchouc noir. Facture de service d\u2019\u00e9tanch\u00e9it\u00e9 Patek et archives confirmant la production en 1998 et son cadran tritium.","breadcrumb":{"@id":"https:\/\/www.parisheure.com\/acheter-montre\/patek-philippe-aquanaut-ref-5065-archives-1998\/#breadcrumb"},"inLanguage":"en-US","potentialAction":[{"@type":"ReadAction","target":["https:\/\/www.parisheure.com\/acheter-montre\/patek-philippe-aquanaut-ref-5065-archives-1998\/"]}]},{"@type":"ImageObject","inLanguage":"en-US","@id":"https:\/\/www.parisheure.com\/acheter-montre\/patek-philippe-aquanaut-ref-5065-archives-1998\/#primaryimage","url":"https:\/\/www.parisheure.com\/wp-content\/uploads\/2021\/07\/PATEK-PHILIPPE-AQUANAUT-REF-5065-ARCHIVES-1998-N\u00b0mvt-3009966_-boite-4047227_0016_Calque-2.png","contentUrl":"https:\/\/www.parisheure.com\/wp-content\/uploads\/2021\/07\/PATEK-PHILIPPE-AQUANAUT-REF-5065-ARCHIVES-1998-N\u00b0mvt-3009966_-boite-4047227_0016_Calque-2.png","width":2800,"height":2800},{"@type":"BreadcrumbList","@id":"https:\/\/www.parisheure.com\/acheter-montre\/patek-philippe-aquanaut-ref-5065-archives-1998\/#breadcrumb","itemListElement":[{"@type":"ListItem","position":1,"name":"Accueil","item":"https:\/\/www.parisheure.com\/"},{"@type":"ListItem","position":2,"name":"WATCHES","item":"https:\/\/www.parisheure.com\/"},{"@type":"ListItem","position":3,"name":"PATEK PHILIPPE AQUANAUT REF 5065 ARCHIVES 1998"}]},{"@type":"WebSite","@id":"https:\/\/www.parisheure.com\/#website","url":"https:\/\/www.parisheure.com\/","name":"PARIS HEURE","description":"Vintage watches Paris","publisher":{"@id":"https:\/\/www.parisheure.com\/#organization"},"potentialAction":[{"@type":"SearchAction","target":{"@type":"EntryPoint","urlTemplate":"https:\/\/www.parisheure.com\/?s={search_term_string}"},"query-input":{"@type":"PropertyValueSpecification","valueRequired":true,"valueName":"search_term_string"}}],"inLanguage":"en-US"},{"@type":"Organization","@id":"https:\/\/www.parisheure.com\/#organization","name":"PARIS HEURE","url":"https:\/\/www.parisheure.com\/","logo":{"@type":"ImageObject","inLanguage":"en-US","@id":"https:\/\/www.parisheure.com\/#\/schema\/logo\/image\/","url":"https:\/\/www.parisheure.com\/wp-content\/uploads\/2021\/07\/cropped-logo-paris-heure.png","contentUrl":"https:\/\/www.parisheure.com\/wp-content\/uploads\/2021\/07\/cropped-logo-paris-heure.png","width":512,"height":512,"caption":"PARIS HEURE"},"image":{"@id":"https:\/\/www.parisheure.com\/#\/schema\/logo\/image\/"},"sameAs":["https:\/\/www.facebook.com\/ParisHeure","https:\/\/www.instagram.com\/parisheure\/"]}]}},"jetpack_sharing_enabled":true,"brands":[{"id":436,"name":"Patek Philippe","slug":"patek-philippe"}],"_links":{"self":[{"href":"https:\/\/www.parisheure.com\/en\/wp-json\/wp\/v2\/product\/7592","targetHints":{"allow":["GET"]}}],"collection":[{"href":"https:\/\/www.parisheure.com\/en\/wp-json\/wp\/v2\/product"}],"about":[{"href":"https:\/\/www.parisheure.com\/en\/wp-json\/wp\/v2\/types\/product"}],"version-history":[{"count":1,"href":"https:\/\/www.parisheure.com\/en\/wp-json\/wp\/v2\/product\/7592\/revisions"}],"predecessor-version":[{"id":14211,"href":"https:\/\/www.parisheure.com\/en\/wp-json\/wp\/v2\/product\/7592\/revisions\/14211"}],"wp:featuredmedia":[{"embeddable":true,"href":"https:\/\/www.parisheure.com\/en\/wp-json\/wp\/v2\/media\/7965"}],"wp:attachment":[{"href":"https:\/\/www.parisheure.com\/en\/wp-json\/wp\/v2\/media?parent=7592"}],"wp:term":[{"taxonomy":"pwb-brand","embeddable":true,"href":"https:\/\/www.parisheure.com\/en\/wp-json\/wp\/v2\/pwb-brand?post=7592"},{"taxonomy":"product_brand","embeddable":true,"href":"https:\/\/www.parisheure.com\/en\/wp-json\/wp\/v2\/product_brand?post=7592"},{"taxonomy":"product_cat","embeddable":true,"href":"https:\/\/www.parisheure.com\/en\/wp-json\/wp\/v2\/product_cat?post=7592"},{"taxonomy":"product_tag","embeddable":true,"href":"https:\/\/www.parisheure.com\/en\/wp-json\/wp\/v2\/product_tag?post=7592"}],"curies":[{"name":"wp","href":"https:\/\/api.w.org\/{rel}","templated":true}]}}