{"id":7594,"date":"2021-07-28T12:44:45","date_gmt":"2021-07-28T10:44:45","guid":{"rendered":"http:\/\/www.parisheure.com\/?post_type=product&#038;p=7594"},"modified":"2024-10-23T10:40:11","modified_gmt":"2024-10-23T08:40:11","slug":"rolex-airking-explorer-ref-5500-mat-from-1973","status":"publish","type":"product","link":"https:\/\/www.parisheure.com\/en\/buy-watch\/rolex-airking-explorer-ref-5500-mat-from-1973\/","title":{"rendered":"ROLEX AIRKING EXPLORER REF 5500 MAT FROM 1973"},"content":{"rendered":"<p><strong>Our opinion:<\/strong> The explorer ref 5500 is an airking with a very rare matt explorer dial in new condition! different versions were produced, matt, lacquered\u2026 A real collector's reference. This one is from 1973 and is one of the first with a matte dial, well patinated explorer numbers 3_6_9. The watch has its vintage folded strap which is very long and in good condition. And the case is very little polished! A truly exceptional watch.<\/p>","protected":false},"excerpt":{"rendered":"<p><strong>Brand:<\/strong>\u00a0Rolex<\/p>\n<p><strong>Model:<\/strong>\u00a0Airking explorer<\/p>\n<p><strong>Movement\u00a0: <\/strong>Automatic<\/p>\n<p><strong>Reference:<\/strong>\u00a05500<\/p>\n<p><strong>Diameter\u00a0: <\/strong>34mm<\/p>\n<p><strong>Year:<\/strong>\u00a01973<\/p>\n<p><strong>Case:<\/strong>\u00a0Beautiful barely polished steel case with ultra present angles not rounded at all. Very nice polish according to the original rolex standards.<\/p>\n<p><strong>Dial:<\/strong>\u00a0Beautiful black original explorer dial. Very beautiful patina of the indexes 3_6_9. Very rare configuration in exceptional condition.<\/p>\n<p><strong>Bracelet:<\/strong>\u00a0Original steel folded<\/p>\n<p><strong>Accessories: <\/strong>None<\/p>","protected":false},"featured_media":7984,"template":"","meta":[],"pwb-brand":[432],"product_brand":[],"product_cat":[107,367,252,90],"product_tag":[129,128,130,127],"class_list":{"0":"post-7594","1":"product","2":"type-product","3":"status-publish","4":"has-post-thumbnail","6":"pwb-brand-rolex","7":"product_cat-archives","8":"product_cat-montres-paris-heure","9":"product_cat-airking","10":"product_cat-rolex","11":"product_tag-129","12":"product_tag-airking","13":"product_tag-explorer","14":"product_tag-rolex","16":"first","17":"outofstock","18":"shipping-taxable","19":"product-type-simple"},"yoast_head":"<!-- This site is optimized with the Yoast SEO plugin v27.4 - https:\/\/yoast.com\/product\/yoast-seo-wordpress\/ -->\n<title>ROLEX AIRKING EXPLORER REF 5500 MAT FROM 1973 &#8226; PARIS HEURE<\/title>\n<meta name=\"description\" content=\"Marque:\u00a0Rolex  Mod\u00e8le:\u00a0Airking explorer  Mouvement\u00a0: Automatique  R\u00e9f\u00e9rence:\u00a05500  Diam\u00e8tre\u00a0: 34mm  Ann\u00e9e:\u00a01973  Boite:\u00a0Beau boitier \u00e0 peine polie en acier avec des angles ultra pr\u00e9sents non arrondis du tout. Tr\u00e8s beau polissage selon les normes rolex d\u2019origine.  Cadran:\u00a0Beau cadran noir d\u2019origine explorer dial. Tr\u00e8s belle patine des indexes 3_6_9. Tr\u00e8s rare configuration dans un \u00e9tat exceptionnel.  Bracelet:\u00a0Acier d\u2019origine pli\u00e9  Accessoires\u00a0: Aucuns\" \/>\n<meta name=\"robots\" content=\"index, follow, max-snippet:-1, max-image-preview:large, max-video-preview:-1\" \/>\n<link rel=\"canonical\" href=\"https:\/\/www.parisheure.com\/en\/buy-watch\/rolex-airking-explorer-ref-5500-mat-from-1973\/\" \/>\n<meta property=\"og:locale\" content=\"en_US\" \/>\n<meta property=\"og:type\" content=\"article\" \/>\n<meta property=\"og:title\" content=\"ROLEX AIRKING EXPLORER REF 5500 MAT FROM 1973 &#8226; PARIS HEURE\" \/>\n<meta property=\"og:description\" content=\"Marque:\u00a0Rolex  Mod\u00e8le:\u00a0Airking explorer  Mouvement\u00a0: Automatique  R\u00e9f\u00e9rence:\u00a05500  Diam\u00e8tre\u00a0: 34mm  Ann\u00e9e:\u00a01973  Boite:\u00a0Beau boitier \u00e0 peine polie en acier avec des angles ultra pr\u00e9sents non arrondis du tout. Tr\u00e8s beau polissage selon les normes rolex d\u2019origine.  Cadran:\u00a0Beau cadran noir d\u2019origine explorer dial. Tr\u00e8s belle patine des indexes 3_6_9. Tr\u00e8s rare configuration dans un \u00e9tat exceptionnel.  Bracelet:\u00a0Acier d\u2019origine pli\u00e9  Accessoires\u00a0: Aucuns\" \/>\n<meta property=\"og:url\" content=\"https:\/\/www.parisheure.com\/en\/buy-watch\/rolex-airking-explorer-ref-5500-mat-from-1973\/\" \/>\n<meta property=\"og:site_name\" content=\"PARIS HEURE\" \/>\n<meta property=\"article:publisher\" content=\"https:\/\/www.facebook.com\/ParisHeure\" \/>\n<meta property=\"article:modified_time\" content=\"2024-10-23T08:40:11+00:00\" \/>\n<meta property=\"og:image\" content=\"https:\/\/www.parisheure.com\/wp-content\/uploads\/2021\/07\/ROLEX-AIRKING-EXPLORER-REF-5500-MAT-FROM-1973-n\u00b03003609_0017_Calque-2-1024x1024.png\" \/>\n\t<meta property=\"og:image:width\" content=\"1024\" \/>\n\t<meta property=\"og:image:height\" content=\"1024\" \/>\n\t<meta property=\"og:image:type\" content=\"image\/png\" \/>\n<meta name=\"twitter:card\" content=\"summary_large_image\" \/>\n<script type=\"application\/ld+json\" class=\"yoast-schema-graph\">{\"@context\":\"https:\\\/\\\/schema.org\",\"@graph\":[{\"@type\":\"WebPage\",\"@id\":\"https:\\\/\\\/www.parisheure.com\\\/acheter-montre\\\/rolex-airking-explorer-ref-5500-mat-from-1973\\\/\",\"url\":\"https:\\\/\\\/www.parisheure.com\\\/acheter-montre\\\/rolex-airking-explorer-ref-5500-mat-from-1973\\\/\",\"name\":\"ROLEX AIRKING EXPLORER REF 5500 MAT FROM 1973 &#8226; PARIS HEURE\",\"isPartOf\":{\"@id\":\"https:\\\/\\\/www.parisheure.com\\\/#website\"},\"primaryImageOfPage\":{\"@id\":\"https:\\\/\\\/www.parisheure.com\\\/acheter-montre\\\/rolex-airking-explorer-ref-5500-mat-from-1973\\\/#primaryimage\"},\"image\":{\"@id\":\"https:\\\/\\\/www.parisheure.com\\\/acheter-montre\\\/rolex-airking-explorer-ref-5500-mat-from-1973\\\/#primaryimage\"},\"thumbnailUrl\":\"https:\\\/\\\/www.parisheure.com\\\/wp-content\\\/uploads\\\/2021\\\/07\\\/ROLEX-AIRKING-EXPLORER-REF-5500-MAT-FROM-1973-n\u00b03003609_0017_Calque-2.png\",\"datePublished\":\"2021-07-28T10:44:45+00:00\",\"dateModified\":\"2024-10-23T08:40:11+00:00\",\"description\":\"Marque:\u00a0Rolex Mod\u00e8le:\u00a0Airking explorer Mouvement\u00a0: Automatique R\u00e9f\u00e9rence:\u00a05500 Diam\u00e8tre\u00a0: 34mm Ann\u00e9e:\u00a01973 Boite:\u00a0Beau boitier \u00e0 peine polie en acier avec des angles ultra pr\u00e9sents non arrondis du tout. Tr\u00e8s beau polissage selon les normes rolex d\u2019origine. Cadran:\u00a0Beau cadran noir d\u2019origine explorer dial. Tr\u00e8s belle patine des indexes 3_6_9. Tr\u00e8s rare configuration dans un \u00e9tat exceptionnel. Bracelet:\u00a0Acier d\u2019origine pli\u00e9 Accessoires\u00a0: Aucuns\",\"breadcrumb\":{\"@id\":\"https:\\\/\\\/www.parisheure.com\\\/acheter-montre\\\/rolex-airking-explorer-ref-5500-mat-from-1973\\\/#breadcrumb\"},\"inLanguage\":\"en-US\",\"potentialAction\":[{\"@type\":\"ReadAction\",\"target\":[\"https:\\\/\\\/www.parisheure.com\\\/acheter-montre\\\/rolex-airking-explorer-ref-5500-mat-from-1973\\\/\"]}]},{\"@type\":\"ImageObject\",\"inLanguage\":\"en-US\",\"@id\":\"https:\\\/\\\/www.parisheure.com\\\/acheter-montre\\\/rolex-airking-explorer-ref-5500-mat-from-1973\\\/#primaryimage\",\"url\":\"https:\\\/\\\/www.parisheure.com\\\/wp-content\\\/uploads\\\/2021\\\/07\\\/ROLEX-AIRKING-EXPLORER-REF-5500-MAT-FROM-1973-n\u00b03003609_0017_Calque-2.png\",\"contentUrl\":\"https:\\\/\\\/www.parisheure.com\\\/wp-content\\\/uploads\\\/2021\\\/07\\\/ROLEX-AIRKING-EXPLORER-REF-5500-MAT-FROM-1973-n\u00b03003609_0017_Calque-2.png\",\"width\":2800,\"height\":2800},{\"@type\":\"BreadcrumbList\",\"@id\":\"https:\\\/\\\/www.parisheure.com\\\/acheter-montre\\\/rolex-airking-explorer-ref-5500-mat-from-1973\\\/#breadcrumb\",\"itemListElement\":[{\"@type\":\"ListItem\",\"position\":1,\"name\":\"Accueil\",\"item\":\"https:\\\/\\\/www.parisheure.com\\\/\"},{\"@type\":\"ListItem\",\"position\":2,\"name\":\"WATCHES\",\"item\":\"https:\\\/\\\/www.parisheure.com\\\/\"},{\"@type\":\"ListItem\",\"position\":3,\"name\":\"ROLEX AIRKING EXPLORER REF 5500 MAT FROM 1973\"}]},{\"@type\":\"WebSite\",\"@id\":\"https:\\\/\\\/www.parisheure.com\\\/#website\",\"url\":\"https:\\\/\\\/www.parisheure.com\\\/\",\"name\":\"PARIS HEURE\",\"description\":\"Vintage watches Paris\",\"publisher\":{\"@id\":\"https:\\\/\\\/www.parisheure.com\\\/#organization\"},\"potentialAction\":[{\"@type\":\"SearchAction\",\"target\":{\"@type\":\"EntryPoint\",\"urlTemplate\":\"https:\\\/\\\/www.parisheure.com\\\/?s={search_term_string}\"},\"query-input\":{\"@type\":\"PropertyValueSpecification\",\"valueRequired\":true,\"valueName\":\"search_term_string\"}}],\"inLanguage\":\"en-US\"},{\"@type\":\"Organization\",\"@id\":\"https:\\\/\\\/www.parisheure.com\\\/#organization\",\"name\":\"PARIS HEURE\",\"url\":\"https:\\\/\\\/www.parisheure.com\\\/\",\"logo\":{\"@type\":\"ImageObject\",\"inLanguage\":\"en-US\",\"@id\":\"https:\\\/\\\/www.parisheure.com\\\/#\\\/schema\\\/logo\\\/image\\\/\",\"url\":\"https:\\\/\\\/www.parisheure.com\\\/wp-content\\\/uploads\\\/2021\\\/07\\\/cropped-logo-paris-heure.png\",\"contentUrl\":\"https:\\\/\\\/www.parisheure.com\\\/wp-content\\\/uploads\\\/2021\\\/07\\\/cropped-logo-paris-heure.png\",\"width\":512,\"height\":512,\"caption\":\"PARIS HEURE\"},\"image\":{\"@id\":\"https:\\\/\\\/www.parisheure.com\\\/#\\\/schema\\\/logo\\\/image\\\/\"},\"sameAs\":[\"https:\\\/\\\/www.facebook.com\\\/ParisHeure\",\"https:\\\/\\\/www.instagram.com\\\/parisheure\\\/\"]}]}<\/script>\n<!-- \/ Yoast SEO plugin. -->","yoast_head_json":{"title":"ROLEX AIRKING EXPLORER REF 5500 MAT FROM 1973 \u2022 PARIS HEURE","description":"Marque:\u00a0Rolex  Mod\u00e8le:\u00a0Airking explorer  Mouvement\u00a0: Automatique  R\u00e9f\u00e9rence:\u00a05500  Diam\u00e8tre\u00a0: 34mm  Ann\u00e9e:\u00a01973  Boite:\u00a0Beau boitier \u00e0 peine polie en acier avec des angles ultra pr\u00e9sents non arrondis du tout. Tr\u00e8s beau polissage selon les normes rolex d\u2019origine.  Cadran:\u00a0Beau cadran noir d\u2019origine explorer dial. Tr\u00e8s belle patine des indexes 3_6_9. Tr\u00e8s rare configuration dans un \u00e9tat exceptionnel.  Bracelet:\u00a0Acier d\u2019origine pli\u00e9  Accessoires\u00a0: Aucuns","robots":{"index":"index","follow":"follow","max-snippet":"max-snippet:-1","max-image-preview":"max-image-preview:large","max-video-preview":"max-video-preview:-1"},"canonical":"https:\/\/www.parisheure.com\/en\/buy-watch\/rolex-airking-explorer-ref-5500-mat-from-1973\/","og_locale":"en_US","og_type":"article","og_title":"ROLEX AIRKING EXPLORER REF 5500 MAT FROM 1973 &#8226; PARIS HEURE","og_description":"Marque:\u00a0Rolex  Mod\u00e8le:\u00a0Airking explorer  Mouvement\u00a0: Automatique  R\u00e9f\u00e9rence:\u00a05500  Diam\u00e8tre\u00a0: 34mm  Ann\u00e9e:\u00a01973  Boite:\u00a0Beau boitier \u00e0 peine polie en acier avec des angles ultra pr\u00e9sents non arrondis du tout. Tr\u00e8s beau polissage selon les normes rolex d\u2019origine.  Cadran:\u00a0Beau cadran noir d\u2019origine explorer dial. Tr\u00e8s belle patine des indexes 3_6_9. Tr\u00e8s rare configuration dans un \u00e9tat exceptionnel.  Bracelet:\u00a0Acier d\u2019origine pli\u00e9  Accessoires\u00a0: Aucuns","og_url":"https:\/\/www.parisheure.com\/en\/buy-watch\/rolex-airking-explorer-ref-5500-mat-from-1973\/","og_site_name":"PARIS HEURE","article_publisher":"https:\/\/www.facebook.com\/ParisHeure","article_modified_time":"2024-10-23T08:40:11+00:00","og_image":[{"width":1024,"height":1024,"url":"https:\/\/www.parisheure.com\/wp-content\/uploads\/2021\/07\/ROLEX-AIRKING-EXPLORER-REF-5500-MAT-FROM-1973-n\u00b03003609_0017_Calque-2-1024x1024.png","type":"image\/png"}],"twitter_card":"summary_large_image","schema":{"@context":"https:\/\/schema.org","@graph":[{"@type":"WebPage","@id":"https:\/\/www.parisheure.com\/acheter-montre\/rolex-airking-explorer-ref-5500-mat-from-1973\/","url":"https:\/\/www.parisheure.com\/acheter-montre\/rolex-airking-explorer-ref-5500-mat-from-1973\/","name":"ROLEX AIRKING EXPLORER REF 5500 MAT FROM 1973 \u2022 PARIS HEURE","isPartOf":{"@id":"https:\/\/www.parisheure.com\/#website"},"primaryImageOfPage":{"@id":"https:\/\/www.parisheure.com\/acheter-montre\/rolex-airking-explorer-ref-5500-mat-from-1973\/#primaryimage"},"image":{"@id":"https:\/\/www.parisheure.com\/acheter-montre\/rolex-airking-explorer-ref-5500-mat-from-1973\/#primaryimage"},"thumbnailUrl":"https:\/\/www.parisheure.com\/wp-content\/uploads\/2021\/07\/ROLEX-AIRKING-EXPLORER-REF-5500-MAT-FROM-1973-n\u00b03003609_0017_Calque-2.png","datePublished":"2021-07-28T10:44:45+00:00","dateModified":"2024-10-23T08:40:11+00:00","description":"Marque:\u00a0Rolex Mod\u00e8le:\u00a0Airking explorer Mouvement\u00a0: Automatique R\u00e9f\u00e9rence:\u00a05500 Diam\u00e8tre\u00a0: 34mm Ann\u00e9e:\u00a01973 Boite:\u00a0Beau boitier \u00e0 peine polie en acier avec des angles ultra pr\u00e9sents non arrondis du tout. Tr\u00e8s beau polissage selon les normes rolex d\u2019origine. Cadran:\u00a0Beau cadran noir d\u2019origine explorer dial. Tr\u00e8s belle patine des indexes 3_6_9. Tr\u00e8s rare configuration dans un \u00e9tat exceptionnel. Bracelet:\u00a0Acier d\u2019origine pli\u00e9 Accessoires\u00a0: Aucuns","breadcrumb":{"@id":"https:\/\/www.parisheure.com\/acheter-montre\/rolex-airking-explorer-ref-5500-mat-from-1973\/#breadcrumb"},"inLanguage":"en-US","potentialAction":[{"@type":"ReadAction","target":["https:\/\/www.parisheure.com\/acheter-montre\/rolex-airking-explorer-ref-5500-mat-from-1973\/"]}]},{"@type":"ImageObject","inLanguage":"en-US","@id":"https:\/\/www.parisheure.com\/acheter-montre\/rolex-airking-explorer-ref-5500-mat-from-1973\/#primaryimage","url":"https:\/\/www.parisheure.com\/wp-content\/uploads\/2021\/07\/ROLEX-AIRKING-EXPLORER-REF-5500-MAT-FROM-1973-n\u00b03003609_0017_Calque-2.png","contentUrl":"https:\/\/www.parisheure.com\/wp-content\/uploads\/2021\/07\/ROLEX-AIRKING-EXPLORER-REF-5500-MAT-FROM-1973-n\u00b03003609_0017_Calque-2.png","width":2800,"height":2800},{"@type":"BreadcrumbList","@id":"https:\/\/www.parisheure.com\/acheter-montre\/rolex-airking-explorer-ref-5500-mat-from-1973\/#breadcrumb","itemListElement":[{"@type":"ListItem","position":1,"name":"Accueil","item":"https:\/\/www.parisheure.com\/"},{"@type":"ListItem","position":2,"name":"WATCHES","item":"https:\/\/www.parisheure.com\/"},{"@type":"ListItem","position":3,"name":"ROLEX AIRKING EXPLORER REF 5500 MAT FROM 1973"}]},{"@type":"WebSite","@id":"https:\/\/www.parisheure.com\/#website","url":"https:\/\/www.parisheure.com\/","name":"PARIS HEURE","description":"Vintage watches Paris","publisher":{"@id":"https:\/\/www.parisheure.com\/#organization"},"potentialAction":[{"@type":"SearchAction","target":{"@type":"EntryPoint","urlTemplate":"https:\/\/www.parisheure.com\/?s={search_term_string}"},"query-input":{"@type":"PropertyValueSpecification","valueRequired":true,"valueName":"search_term_string"}}],"inLanguage":"en-US"},{"@type":"Organization","@id":"https:\/\/www.parisheure.com\/#organization","name":"PARIS HEURE","url":"https:\/\/www.parisheure.com\/","logo":{"@type":"ImageObject","inLanguage":"en-US","@id":"https:\/\/www.parisheure.com\/#\/schema\/logo\/image\/","url":"https:\/\/www.parisheure.com\/wp-content\/uploads\/2021\/07\/cropped-logo-paris-heure.png","contentUrl":"https:\/\/www.parisheure.com\/wp-content\/uploads\/2021\/07\/cropped-logo-paris-heure.png","width":512,"height":512,"caption":"PARIS HEURE"},"image":{"@id":"https:\/\/www.parisheure.com\/#\/schema\/logo\/image\/"},"sameAs":["https:\/\/www.facebook.com\/ParisHeure","https:\/\/www.instagram.com\/parisheure\/"]}]}},"jetpack_sharing_enabled":true,"brands":[{"id":432,"name":"Rolex","slug":"rolex"}],"_links":{"self":[{"href":"https:\/\/www.parisheure.com\/en\/wp-json\/wp\/v2\/product\/7594","targetHints":{"allow":["GET"]}}],"collection":[{"href":"https:\/\/www.parisheure.com\/en\/wp-json\/wp\/v2\/product"}],"about":[{"href":"https:\/\/www.parisheure.com\/en\/wp-json\/wp\/v2\/types\/product"}],"version-history":[{"count":1,"href":"https:\/\/www.parisheure.com\/en\/wp-json\/wp\/v2\/product\/7594\/revisions"}],"predecessor-version":[{"id":14214,"href":"https:\/\/www.parisheure.com\/en\/wp-json\/wp\/v2\/product\/7594\/revisions\/14214"}],"wp:featuredmedia":[{"embeddable":true,"href":"https:\/\/www.parisheure.com\/en\/wp-json\/wp\/v2\/media\/7984"}],"wp:attachment":[{"href":"https:\/\/www.parisheure.com\/en\/wp-json\/wp\/v2\/media?parent=7594"}],"wp:term":[{"taxonomy":"pwb-brand","embeddable":true,"href":"https:\/\/www.parisheure.com\/en\/wp-json\/wp\/v2\/pwb-brand?post=7594"},{"taxonomy":"product_brand","embeddable":true,"href":"https:\/\/www.parisheure.com\/en\/wp-json\/wp\/v2\/product_brand?post=7594"},{"taxonomy":"product_cat","embeddable":true,"href":"https:\/\/www.parisheure.com\/en\/wp-json\/wp\/v2\/product_cat?post=7594"},{"taxonomy":"product_tag","embeddable":true,"href":"https:\/\/www.parisheure.com\/en\/wp-json\/wp\/v2\/product_tag?post=7594"}],"curies":[{"name":"wp","href":"https:\/\/api.w.org\/{rel}","templated":true}]}}