{"id":7596,"date":"2021-07-28T12:51:32","date_gmt":"2021-07-28T10:51:32","guid":{"rendered":"http:\/\/www.parisheure.com\/?post_type=product&#038;p=7596"},"modified":"2024-10-23T10:41:46","modified_gmt":"2024-10-23T08:41:46","slug":"rolex-submariner-ref-1680-or-jaune-from-1979","status":"publish","type":"product","link":"https:\/\/www.parisheure.com\/en\/buy-watch\/rolex-submariner-ref-1680-or-jaune-from-1979\/","title":{"rendered":"ROLEX SUBMARINER REF 1680 YELLOW GOLD FROM 1979"},"content":{"rendered":"<p>Our opinion: A very beautiful and rare copy of the vintage Submariner date reference 1680\/8 in 18k yellow gold, very rare black dial from 1979, BROWN leather strap and original vintage 18k gold buckle, movement in perfect working order. The watch is slightly polished in perfect condition and super patinated nipple dial with matching hands!<\/p>","protected":false},"excerpt":{"rendered":"<p><em><strong>Brand:<\/strong><\/em> Rolex<\/p>\n<p><em><strong>Model:<\/strong><\/em> Submariner<\/p>\n<p><em><strong>Movement :<\/strong> <\/em>Auto cal 1570<\/p>\n<p><em><strong>Reference:<\/strong><\/em> 1680<\/p>\n<p><strong>Diam\u00e8tre:<\/strong> 40mm<\/p>\n<p><strong>Year:<\/strong> 1979<\/p>\n<p><strong>Serial :<\/strong> 542XXX<\/p>\n<p><strong>Case:<\/strong> Very beautiful case very thick and with perfect angles and clearly visible chamfers. Bezel in good condition. Service insert. No significant visible shocks. The watch has been repolished to Rolex factory standards with the original beautiful case.<\/p>\n<p><em><strong>Dial:<\/strong><\/em> Beautiful original \"nipple dial\" with a very beautiful homogeneous patina turning to an orange yellow. Very nice general set. Dial still in good condition with no flaws. The hands match the patina of the indexes well.<\/p>\n<p><em><strong>Bracelet:<\/strong><\/em> Leather Rolex buckle in 18K yellow gold<\/p>\n<p><em><strong>Accessories:<\/strong> <\/em>None<\/p>","protected":false},"featured_media":7484,"template":"","meta":[],"pwb-brand":[432],"product_brand":[],"product_cat":[107,367,90,244],"product_tag":[136,137,127,135,101],"class_list":{"0":"post-7596","1":"product","2":"type-product","3":"status-publish","4":"has-post-thumbnail","6":"pwb-brand-rolex","7":"product_cat-archives","8":"product_cat-montres-paris-heure","9":"product_cat-rolex","10":"product_cat-rolex-submariner","11":"product_tag-136","12":"product_tag-gold-18k","13":"product_tag-rolex","14":"product_tag-submariner","15":"product_tag-vintage","17":"first","18":"outofstock","19":"shipping-taxable","20":"product-type-simple"},"yoast_head":"<!-- This site is optimized with the Yoast SEO plugin v27.4 - https:\/\/yoast.com\/product\/yoast-seo-wordpress\/ -->\n<title>ROLEX SUBMARINER REF 1680 OR JAUNE FROM 1979 &#8226; PARIS HEURE<\/title>\n<meta name=\"description\" content=\"Marque: Rolex  Mod\u00e8le: Submariner  Mouvement : Auto cal 1570  R\u00e9f\u00e9rence: 1680  Diam\u00e8tre: 40mm  Ann\u00e9e: 1979  Serial : 542XXX  Boite: Tr\u00e8s beau boitier tr\u00e8s \u00e9pais et avec des angles parfait et des chanfreins bien visible. Lunette en bon \u00e9tat. Insert de service. Pas de chocs visibles importants. La montre a \u00e9t\u00e9 repolie selon les normes usines de Rolex \u00e0 l\u2019origine tr\u00e8s beau boitier.  Cadran: Beau cadran \u00ab nipple dial \u00bb d\u2019origine avec une tr\u00e8s belle patine homog\u00e8ne tournant a un jaune orang\u00e9. Tr\u00e8s bel ensemble g\u00e9n\u00e9ral. Cadran encore en bon \u00e9tat avec aucuns d\u00e9fauts. Les aiguilles matchent bien la patine des indexes.  Bracelet: Cuir boucle ardillon en or jaune 18K  Accessoires: Aucuns\" \/>\n<meta name=\"robots\" content=\"index, follow, max-snippet:-1, max-image-preview:large, max-video-preview:-1\" \/>\n<link rel=\"canonical\" href=\"https:\/\/www.parisheure.com\/en\/buy-watch\/rolex-submariner-ref-1680-or-jaune-from-1979\/\" \/>\n<meta property=\"og:locale\" content=\"en_US\" \/>\n<meta property=\"og:type\" content=\"article\" \/>\n<meta property=\"og:title\" content=\"ROLEX SUBMARINER REF 1680 OR JAUNE FROM 1979 &#8226; PARIS HEURE\" \/>\n<meta property=\"og:description\" content=\"Marque: Rolex  Mod\u00e8le: Submariner  Mouvement : Auto cal 1570  R\u00e9f\u00e9rence: 1680  Diam\u00e8tre: 40mm  Ann\u00e9e: 1979  Serial : 542XXX  Boite: Tr\u00e8s beau boitier tr\u00e8s \u00e9pais et avec des angles parfait et des chanfreins bien visible. Lunette en bon \u00e9tat. Insert de service. Pas de chocs visibles importants. La montre a \u00e9t\u00e9 repolie selon les normes usines de Rolex \u00e0 l\u2019origine tr\u00e8s beau boitier.  Cadran: Beau cadran \u00ab nipple dial \u00bb d\u2019origine avec une tr\u00e8s belle patine homog\u00e8ne tournant a un jaune orang\u00e9. Tr\u00e8s bel ensemble g\u00e9n\u00e9ral. Cadran encore en bon \u00e9tat avec aucuns d\u00e9fauts. Les aiguilles matchent bien la patine des indexes.  Bracelet: Cuir boucle ardillon en or jaune 18K  Accessoires: Aucuns\" \/>\n<meta property=\"og:url\" content=\"https:\/\/www.parisheure.com\/en\/buy-watch\/rolex-submariner-ref-1680-or-jaune-from-1979\/\" \/>\n<meta property=\"og:site_name\" content=\"PARIS HEURE\" \/>\n<meta property=\"article:publisher\" content=\"https:\/\/www.facebook.com\/ParisHeure\" \/>\n<meta property=\"article:modified_time\" content=\"2024-10-23T08:41:46+00:00\" \/>\n<meta property=\"og:image\" content=\"https:\/\/www.parisheure.com\/wp-content\/uploads\/2021\/07\/ROLEX-SUBMARINER-REF-1680-OR-JAUNE-FROM-1979-n\u00b0-5427644-_0011_Calque-2-1024x1024.png\" \/>\n\t<meta property=\"og:image:width\" content=\"1024\" \/>\n\t<meta property=\"og:image:height\" content=\"1024\" \/>\n\t<meta property=\"og:image:type\" content=\"image\/png\" \/>\n<meta name=\"twitter:card\" content=\"summary_large_image\" \/>\n<script type=\"application\/ld+json\" class=\"yoast-schema-graph\">{\"@context\":\"https:\\\/\\\/schema.org\",\"@graph\":[{\"@type\":\"WebPage\",\"@id\":\"https:\\\/\\\/www.parisheure.com\\\/acheter-montre\\\/rolex-submariner-ref-1680-or-jaune-from-1979\\\/\",\"url\":\"https:\\\/\\\/www.parisheure.com\\\/acheter-montre\\\/rolex-submariner-ref-1680-or-jaune-from-1979\\\/\",\"name\":\"ROLEX SUBMARINER REF 1680 OR JAUNE FROM 1979 &#8226; PARIS HEURE\",\"isPartOf\":{\"@id\":\"https:\\\/\\\/www.parisheure.com\\\/#website\"},\"primaryImageOfPage\":{\"@id\":\"https:\\\/\\\/www.parisheure.com\\\/acheter-montre\\\/rolex-submariner-ref-1680-or-jaune-from-1979\\\/#primaryimage\"},\"image\":{\"@id\":\"https:\\\/\\\/www.parisheure.com\\\/acheter-montre\\\/rolex-submariner-ref-1680-or-jaune-from-1979\\\/#primaryimage\"},\"thumbnailUrl\":\"https:\\\/\\\/www.parisheure.com\\\/wp-content\\\/uploads\\\/2021\\\/07\\\/ROLEX-SUBMARINER-REF-1680-OR-JAUNE-FROM-1979-n\u00b0-5427644-_0011_Calque-2.png\",\"datePublished\":\"2021-07-28T10:51:32+00:00\",\"dateModified\":\"2024-10-23T08:41:46+00:00\",\"description\":\"Marque: Rolex Mod\u00e8le: Submariner Mouvement : Auto cal 1570 R\u00e9f\u00e9rence: 1680 Diam\u00e8tre: 40mm Ann\u00e9e: 1979 Serial : 542XXX Boite: Tr\u00e8s beau boitier tr\u00e8s \u00e9pais et avec des angles parfait et des chanfreins bien visible. Lunette en bon \u00e9tat. Insert de service. Pas de chocs visibles importants. La montre a \u00e9t\u00e9 repolie selon les normes usines de Rolex \u00e0 l\u2019origine tr\u00e8s beau boitier. Cadran: Beau cadran \u00ab nipple dial \u00bb d\u2019origine avec une tr\u00e8s belle patine homog\u00e8ne tournant a un jaune orang\u00e9. Tr\u00e8s bel ensemble g\u00e9n\u00e9ral. Cadran encore en bon \u00e9tat avec aucuns d\u00e9fauts. Les aiguilles matchent bien la patine des indexes. Bracelet: Cuir boucle ardillon en or jaune 18K Accessoires: Aucuns\",\"breadcrumb\":{\"@id\":\"https:\\\/\\\/www.parisheure.com\\\/acheter-montre\\\/rolex-submariner-ref-1680-or-jaune-from-1979\\\/#breadcrumb\"},\"inLanguage\":\"en-US\",\"potentialAction\":[{\"@type\":\"ReadAction\",\"target\":[\"https:\\\/\\\/www.parisheure.com\\\/acheter-montre\\\/rolex-submariner-ref-1680-or-jaune-from-1979\\\/\"]}]},{\"@type\":\"ImageObject\",\"inLanguage\":\"en-US\",\"@id\":\"https:\\\/\\\/www.parisheure.com\\\/acheter-montre\\\/rolex-submariner-ref-1680-or-jaune-from-1979\\\/#primaryimage\",\"url\":\"https:\\\/\\\/www.parisheure.com\\\/wp-content\\\/uploads\\\/2021\\\/07\\\/ROLEX-SUBMARINER-REF-1680-OR-JAUNE-FROM-1979-n\u00b0-5427644-_0011_Calque-2.png\",\"contentUrl\":\"https:\\\/\\\/www.parisheure.com\\\/wp-content\\\/uploads\\\/2021\\\/07\\\/ROLEX-SUBMARINER-REF-1680-OR-JAUNE-FROM-1979-n\u00b0-5427644-_0011_Calque-2.png\",\"width\":2800,\"height\":2800},{\"@type\":\"BreadcrumbList\",\"@id\":\"https:\\\/\\\/www.parisheure.com\\\/acheter-montre\\\/rolex-submariner-ref-1680-or-jaune-from-1979\\\/#breadcrumb\",\"itemListElement\":[{\"@type\":\"ListItem\",\"position\":1,\"name\":\"Accueil\",\"item\":\"https:\\\/\\\/www.parisheure.com\\\/\"},{\"@type\":\"ListItem\",\"position\":2,\"name\":\"WATCHES\",\"item\":\"https:\\\/\\\/www.parisheure.com\\\/\"},{\"@type\":\"ListItem\",\"position\":3,\"name\":\"ROLEX SUBMARINER REF 1680 OR JAUNE FROM 1979\"}]},{\"@type\":\"WebSite\",\"@id\":\"https:\\\/\\\/www.parisheure.com\\\/#website\",\"url\":\"https:\\\/\\\/www.parisheure.com\\\/\",\"name\":\"PARIS HEURE\",\"description\":\"Vintage watches Paris\",\"publisher\":{\"@id\":\"https:\\\/\\\/www.parisheure.com\\\/#organization\"},\"potentialAction\":[{\"@type\":\"SearchAction\",\"target\":{\"@type\":\"EntryPoint\",\"urlTemplate\":\"https:\\\/\\\/www.parisheure.com\\\/?s={search_term_string}\"},\"query-input\":{\"@type\":\"PropertyValueSpecification\",\"valueRequired\":true,\"valueName\":\"search_term_string\"}}],\"inLanguage\":\"en-US\"},{\"@type\":\"Organization\",\"@id\":\"https:\\\/\\\/www.parisheure.com\\\/#organization\",\"name\":\"PARIS HEURE\",\"url\":\"https:\\\/\\\/www.parisheure.com\\\/\",\"logo\":{\"@type\":\"ImageObject\",\"inLanguage\":\"en-US\",\"@id\":\"https:\\\/\\\/www.parisheure.com\\\/#\\\/schema\\\/logo\\\/image\\\/\",\"url\":\"https:\\\/\\\/www.parisheure.com\\\/wp-content\\\/uploads\\\/2021\\\/07\\\/cropped-logo-paris-heure.png\",\"contentUrl\":\"https:\\\/\\\/www.parisheure.com\\\/wp-content\\\/uploads\\\/2021\\\/07\\\/cropped-logo-paris-heure.png\",\"width\":512,\"height\":512,\"caption\":\"PARIS HEURE\"},\"image\":{\"@id\":\"https:\\\/\\\/www.parisheure.com\\\/#\\\/schema\\\/logo\\\/image\\\/\"},\"sameAs\":[\"https:\\\/\\\/www.facebook.com\\\/ParisHeure\",\"https:\\\/\\\/www.instagram.com\\\/parisheure\\\/\"]}]}<\/script>\n<!-- \/ Yoast SEO plugin. -->","yoast_head_json":{"title":"ROLEX SUBMARINER REF 1680 OR JAUNE FROM 1979 \u2022 PARIS HEURE","description":"Marque: Rolex  Mod\u00e8le: Submariner  Mouvement : Auto cal 1570  R\u00e9f\u00e9rence: 1680  Diam\u00e8tre: 40mm  Ann\u00e9e: 1979  Serial : 542XXX  Boite: Tr\u00e8s beau boitier tr\u00e8s \u00e9pais et avec des angles parfait et des chanfreins bien visible. Lunette en bon \u00e9tat. Insert de service. Pas de chocs visibles importants. La montre a \u00e9t\u00e9 repolie selon les normes usines de Rolex \u00e0 l\u2019origine tr\u00e8s beau boitier.  Cadran: Beau cadran \u00ab nipple dial \u00bb d\u2019origine avec une tr\u00e8s belle patine homog\u00e8ne tournant a un jaune orang\u00e9. Tr\u00e8s bel ensemble g\u00e9n\u00e9ral. Cadran encore en bon \u00e9tat avec aucuns d\u00e9fauts. Les aiguilles matchent bien la patine des indexes.  Bracelet: Cuir boucle ardillon en or jaune 18K  Accessoires: Aucuns","robots":{"index":"index","follow":"follow","max-snippet":"max-snippet:-1","max-image-preview":"max-image-preview:large","max-video-preview":"max-video-preview:-1"},"canonical":"https:\/\/www.parisheure.com\/en\/buy-watch\/rolex-submariner-ref-1680-or-jaune-from-1979\/","og_locale":"en_US","og_type":"article","og_title":"ROLEX SUBMARINER REF 1680 OR JAUNE FROM 1979 &#8226; PARIS HEURE","og_description":"Marque: Rolex  Mod\u00e8le: Submariner  Mouvement : Auto cal 1570  R\u00e9f\u00e9rence: 1680  Diam\u00e8tre: 40mm  Ann\u00e9e: 1979  Serial : 542XXX  Boite: Tr\u00e8s beau boitier tr\u00e8s \u00e9pais et avec des angles parfait et des chanfreins bien visible. Lunette en bon \u00e9tat. Insert de service. Pas de chocs visibles importants. La montre a \u00e9t\u00e9 repolie selon les normes usines de Rolex \u00e0 l\u2019origine tr\u00e8s beau boitier.  Cadran: Beau cadran \u00ab nipple dial \u00bb d\u2019origine avec une tr\u00e8s belle patine homog\u00e8ne tournant a un jaune orang\u00e9. Tr\u00e8s bel ensemble g\u00e9n\u00e9ral. Cadran encore en bon \u00e9tat avec aucuns d\u00e9fauts. Les aiguilles matchent bien la patine des indexes.  Bracelet: Cuir boucle ardillon en or jaune 18K  Accessoires: Aucuns","og_url":"https:\/\/www.parisheure.com\/en\/buy-watch\/rolex-submariner-ref-1680-or-jaune-from-1979\/","og_site_name":"PARIS HEURE","article_publisher":"https:\/\/www.facebook.com\/ParisHeure","article_modified_time":"2024-10-23T08:41:46+00:00","og_image":[{"width":1024,"height":1024,"url":"https:\/\/www.parisheure.com\/wp-content\/uploads\/2021\/07\/ROLEX-SUBMARINER-REF-1680-OR-JAUNE-FROM-1979-n\u00b0-5427644-_0011_Calque-2-1024x1024.png","type":"image\/png"}],"twitter_card":"summary_large_image","schema":{"@context":"https:\/\/schema.org","@graph":[{"@type":"WebPage","@id":"https:\/\/www.parisheure.com\/acheter-montre\/rolex-submariner-ref-1680-or-jaune-from-1979\/","url":"https:\/\/www.parisheure.com\/acheter-montre\/rolex-submariner-ref-1680-or-jaune-from-1979\/","name":"ROLEX SUBMARINER REF 1680 OR JAUNE FROM 1979 \u2022 PARIS HEURE","isPartOf":{"@id":"https:\/\/www.parisheure.com\/#website"},"primaryImageOfPage":{"@id":"https:\/\/www.parisheure.com\/acheter-montre\/rolex-submariner-ref-1680-or-jaune-from-1979\/#primaryimage"},"image":{"@id":"https:\/\/www.parisheure.com\/acheter-montre\/rolex-submariner-ref-1680-or-jaune-from-1979\/#primaryimage"},"thumbnailUrl":"https:\/\/www.parisheure.com\/wp-content\/uploads\/2021\/07\/ROLEX-SUBMARINER-REF-1680-OR-JAUNE-FROM-1979-n\u00b0-5427644-_0011_Calque-2.png","datePublished":"2021-07-28T10:51:32+00:00","dateModified":"2024-10-23T08:41:46+00:00","description":"Marque: Rolex Mod\u00e8le: Submariner Mouvement : Auto cal 1570 R\u00e9f\u00e9rence: 1680 Diam\u00e8tre: 40mm Ann\u00e9e: 1979 Serial : 542XXX Boite: Tr\u00e8s beau boitier tr\u00e8s \u00e9pais et avec des angles parfait et des chanfreins bien visible. Lunette en bon \u00e9tat. Insert de service. Pas de chocs visibles importants. La montre a \u00e9t\u00e9 repolie selon les normes usines de Rolex \u00e0 l\u2019origine tr\u00e8s beau boitier. Cadran: Beau cadran \u00ab nipple dial \u00bb d\u2019origine avec une tr\u00e8s belle patine homog\u00e8ne tournant a un jaune orang\u00e9. Tr\u00e8s bel ensemble g\u00e9n\u00e9ral. Cadran encore en bon \u00e9tat avec aucuns d\u00e9fauts. Les aiguilles matchent bien la patine des indexes. Bracelet: Cuir boucle ardillon en or jaune 18K Accessoires: Aucuns","breadcrumb":{"@id":"https:\/\/www.parisheure.com\/acheter-montre\/rolex-submariner-ref-1680-or-jaune-from-1979\/#breadcrumb"},"inLanguage":"en-US","potentialAction":[{"@type":"ReadAction","target":["https:\/\/www.parisheure.com\/acheter-montre\/rolex-submariner-ref-1680-or-jaune-from-1979\/"]}]},{"@type":"ImageObject","inLanguage":"en-US","@id":"https:\/\/www.parisheure.com\/acheter-montre\/rolex-submariner-ref-1680-or-jaune-from-1979\/#primaryimage","url":"https:\/\/www.parisheure.com\/wp-content\/uploads\/2021\/07\/ROLEX-SUBMARINER-REF-1680-OR-JAUNE-FROM-1979-n\u00b0-5427644-_0011_Calque-2.png","contentUrl":"https:\/\/www.parisheure.com\/wp-content\/uploads\/2021\/07\/ROLEX-SUBMARINER-REF-1680-OR-JAUNE-FROM-1979-n\u00b0-5427644-_0011_Calque-2.png","width":2800,"height":2800},{"@type":"BreadcrumbList","@id":"https:\/\/www.parisheure.com\/acheter-montre\/rolex-submariner-ref-1680-or-jaune-from-1979\/#breadcrumb","itemListElement":[{"@type":"ListItem","position":1,"name":"Accueil","item":"https:\/\/www.parisheure.com\/"},{"@type":"ListItem","position":2,"name":"WATCHES","item":"https:\/\/www.parisheure.com\/"},{"@type":"ListItem","position":3,"name":"ROLEX SUBMARINER REF 1680 OR JAUNE FROM 1979"}]},{"@type":"WebSite","@id":"https:\/\/www.parisheure.com\/#website","url":"https:\/\/www.parisheure.com\/","name":"PARIS HEURE","description":"Vintage watches Paris","publisher":{"@id":"https:\/\/www.parisheure.com\/#organization"},"potentialAction":[{"@type":"SearchAction","target":{"@type":"EntryPoint","urlTemplate":"https:\/\/www.parisheure.com\/?s={search_term_string}"},"query-input":{"@type":"PropertyValueSpecification","valueRequired":true,"valueName":"search_term_string"}}],"inLanguage":"en-US"},{"@type":"Organization","@id":"https:\/\/www.parisheure.com\/#organization","name":"PARIS HEURE","url":"https:\/\/www.parisheure.com\/","logo":{"@type":"ImageObject","inLanguage":"en-US","@id":"https:\/\/www.parisheure.com\/#\/schema\/logo\/image\/","url":"https:\/\/www.parisheure.com\/wp-content\/uploads\/2021\/07\/cropped-logo-paris-heure.png","contentUrl":"https:\/\/www.parisheure.com\/wp-content\/uploads\/2021\/07\/cropped-logo-paris-heure.png","width":512,"height":512,"caption":"PARIS HEURE"},"image":{"@id":"https:\/\/www.parisheure.com\/#\/schema\/logo\/image\/"},"sameAs":["https:\/\/www.facebook.com\/ParisHeure","https:\/\/www.instagram.com\/parisheure\/"]}]}},"jetpack_sharing_enabled":true,"brands":[{"id":432,"name":"Rolex","slug":"rolex"}],"_links":{"self":[{"href":"https:\/\/www.parisheure.com\/en\/wp-json\/wp\/v2\/product\/7596","targetHints":{"allow":["GET"]}}],"collection":[{"href":"https:\/\/www.parisheure.com\/en\/wp-json\/wp\/v2\/product"}],"about":[{"href":"https:\/\/www.parisheure.com\/en\/wp-json\/wp\/v2\/types\/product"}],"version-history":[{"count":1,"href":"https:\/\/www.parisheure.com\/en\/wp-json\/wp\/v2\/product\/7596\/revisions"}],"predecessor-version":[{"id":14226,"href":"https:\/\/www.parisheure.com\/en\/wp-json\/wp\/v2\/product\/7596\/revisions\/14226"}],"wp:featuredmedia":[{"embeddable":true,"href":"https:\/\/www.parisheure.com\/en\/wp-json\/wp\/v2\/media\/7484"}],"wp:attachment":[{"href":"https:\/\/www.parisheure.com\/en\/wp-json\/wp\/v2\/media?parent=7596"}],"wp:term":[{"taxonomy":"pwb-brand","embeddable":true,"href":"https:\/\/www.parisheure.com\/en\/wp-json\/wp\/v2\/pwb-brand?post=7596"},{"taxonomy":"product_brand","embeddable":true,"href":"https:\/\/www.parisheure.com\/en\/wp-json\/wp\/v2\/product_brand?post=7596"},{"taxonomy":"product_cat","embeddable":true,"href":"https:\/\/www.parisheure.com\/en\/wp-json\/wp\/v2\/product_cat?post=7596"},{"taxonomy":"product_tag","embeddable":true,"href":"https:\/\/www.parisheure.com\/en\/wp-json\/wp\/v2\/product_tag?post=7596"}],"curies":[{"name":"wp","href":"https:\/\/api.w.org\/{rel}","templated":true}]}}