{"id":7913,"date":"2021-08-04T11:50:13","date_gmt":"2021-08-04T09:50:13","guid":{"rendered":"http:\/\/www.parisheure.com\/?post_type=product&#038;p=7913"},"modified":"2024-10-23T10:40:33","modified_gmt":"2024-10-23T08:40:33","slug":"rolex-daydate-ref-1803-or-blanc-from-1973","status":"publish","type":"product","link":"https:\/\/www.parisheure.com\/en\/buy-watch\/rolex-daydate-ref-1803-or-blanc-from-1973\/","title":{"rendered":"ROLEX DAYDATE REF 1803 WHITE GOLD FROM 1973"},"content":{"rendered":"<p><strong>Our opinion:<\/strong> The president daydate in white gold is a rare, timeless and elegant watch from the vintage Rolex collection. Very classy with its original hands. Dial and hands without original tritium. The watch is in mint condition, never polished with a very thick case and a perfect all original 1973 dial! The watch is mounted on a leather strap. A magnificent original daydate white gold watch at an affordable price compared to current models in the store!<\/p>","protected":false},"excerpt":{"rendered":"<p><strong>Brand:<\/strong>\u00a0Rolex<\/p>\n<p><strong>Model:<\/strong> Day date<\/p>\n<p><strong>Movement\u00a0: <\/strong>Automatic<\/p>\n<p><strong>Reference:<\/strong>\u00a01803 white gold<\/p>\n<p><strong>Diameter\u00a0: <\/strong>36mm<\/p>\n<p><strong>Year:<\/strong>\u00a01973<\/p>\n<p><strong>Serial : <\/strong>363XXXX<\/p>\n<p><strong>Case:<\/strong>\u00a0Very beautiful almost unpolished case in very thick white gold and with perfect angles. Original fluted white gold bezel<\/p>\n<p><strong>Dial:<\/strong>\u00a0Beautiful original silver dial, perfect variation without tritium, rare version with hands without tritium too. No luminescent material has ever been placed on this watch.<\/p>\n<p><strong>Bracelet:<\/strong> Cuir rolex boucle ardillon rolex en or blanc.<\/p>\n<p><strong>Accessories: <\/strong>None<\/p>","protected":false},"featured_media":8130,"template":"","meta":[],"pwb-brand":[432],"product_brand":[],"product_cat":[107,367,90,250],"product_tag":[147,145,146,127],"class_list":{"0":"post-7913","1":"product","2":"type-product","3":"status-publish","4":"has-post-thumbnail","6":"pwb-brand-rolex","7":"product_cat-archives","8":"product_cat-montres-paris-heure","9":"product_cat-rolex","10":"product_cat-rolex-daydate","11":"product_tag-147","12":"product_tag-daydate","13":"product_tag-or-blanc","14":"product_tag-rolex","16":"first","17":"outofstock","18":"shipping-taxable","19":"product-type-simple"},"yoast_head":"<!-- This site is optimized with the Yoast SEO plugin v27.5 - https:\/\/yoast.com\/product\/yoast-seo-wordpress\/ -->\n<title>ROLEX DAYDATE REF 1803 OR BLANC FROM 1973 &#8226; PARIS HEURE<\/title>\n<meta name=\"description\" content=\"Marque:\u00a0Rolex  Mod\u00e8le: Day date  Mouvement\u00a0: Automatique  R\u00e9f\u00e9rence:\u00a01803 or blanc  Diam\u00e8tre\u00a0: 36mm  Ann\u00e9e:\u00a01973  Serial\u00a0: 363XXXX  Boite:\u00a0Tr\u00e8s beau boitier quasiment pas polie en or blanc tr\u00e8s \u00e9pais et avec des angles parfait. Lunette d\u2019origine cannel\u00e9e en or blanc  Cadran:\u00a0Beau cadran silver d\u2019origine parfait variation sans tritium rare version avec aiguilles sans tritium aussi. Aucune mati\u00e8re luminescente n\u2019a jamais \u00e9t\u00e9 pos\u00e9 sur cette montre.  Bracelet: Cuir rolex boucle ardillon rolex en or blanc.  Accessoires\u00a0: Aucuns\" \/>\n<meta name=\"robots\" content=\"index, follow, max-snippet:-1, max-image-preview:large, max-video-preview:-1\" \/>\n<link rel=\"canonical\" href=\"https:\/\/www.parisheure.com\/en\/buy-watch\/rolex-daydate-ref-1803-or-blanc-from-1973\/\" \/>\n<meta property=\"og:locale\" content=\"en_US\" \/>\n<meta property=\"og:type\" content=\"article\" \/>\n<meta property=\"og:title\" content=\"ROLEX DAYDATE REF 1803 OR BLANC FROM 1973 &#8226; PARIS HEURE\" \/>\n<meta property=\"og:description\" content=\"Marque:\u00a0Rolex  Mod\u00e8le: Day date  Mouvement\u00a0: Automatique  R\u00e9f\u00e9rence:\u00a01803 or blanc  Diam\u00e8tre\u00a0: 36mm  Ann\u00e9e:\u00a01973  Serial\u00a0: 363XXXX  Boite:\u00a0Tr\u00e8s beau boitier quasiment pas polie en or blanc tr\u00e8s \u00e9pais et avec des angles parfait. Lunette d\u2019origine cannel\u00e9e en or blanc  Cadran:\u00a0Beau cadran silver d\u2019origine parfait variation sans tritium rare version avec aiguilles sans tritium aussi. Aucune mati\u00e8re luminescente n\u2019a jamais \u00e9t\u00e9 pos\u00e9 sur cette montre.  Bracelet: Cuir rolex boucle ardillon rolex en or blanc.  Accessoires\u00a0: Aucuns\" \/>\n<meta property=\"og:url\" content=\"https:\/\/www.parisheure.com\/en\/buy-watch\/rolex-daydate-ref-1803-or-blanc-from-1973\/\" \/>\n<meta property=\"og:site_name\" content=\"PARIS HEURE\" \/>\n<meta property=\"article:publisher\" content=\"https:\/\/www.facebook.com\/ParisHeure\" \/>\n<meta property=\"article:modified_time\" content=\"2024-10-23T08:40:33+00:00\" \/>\n<meta property=\"og:image\" content=\"https:\/\/www.parisheure.com\/wp-content\/uploads\/2021\/08\/ROLEX-DAYDATE-REF-1803-OR-BLANC-FROM-73-n\u00b03634368_0018_Calque-2-1024x1024.png\" \/>\n\t<meta property=\"og:image:width\" content=\"1024\" \/>\n\t<meta property=\"og:image:height\" content=\"1024\" \/>\n\t<meta property=\"og:image:type\" content=\"image\/png\" \/>\n<meta name=\"twitter:card\" content=\"summary_large_image\" \/>\n<script type=\"application\/ld+json\" class=\"yoast-schema-graph\">{\"@context\":\"https:\\\/\\\/schema.org\",\"@graph\":[{\"@type\":\"WebPage\",\"@id\":\"https:\\\/\\\/www.parisheure.com\\\/acheter-montre\\\/rolex-daydate-ref-1803-or-blanc-from-1973\\\/\",\"url\":\"https:\\\/\\\/www.parisheure.com\\\/acheter-montre\\\/rolex-daydate-ref-1803-or-blanc-from-1973\\\/\",\"name\":\"ROLEX DAYDATE REF 1803 OR BLANC FROM 1973 &#8226; PARIS HEURE\",\"isPartOf\":{\"@id\":\"https:\\\/\\\/www.parisheure.com\\\/#website\"},\"primaryImageOfPage\":{\"@id\":\"https:\\\/\\\/www.parisheure.com\\\/acheter-montre\\\/rolex-daydate-ref-1803-or-blanc-from-1973\\\/#primaryimage\"},\"image\":{\"@id\":\"https:\\\/\\\/www.parisheure.com\\\/acheter-montre\\\/rolex-daydate-ref-1803-or-blanc-from-1973\\\/#primaryimage\"},\"thumbnailUrl\":\"https:\\\/\\\/www.parisheure.com\\\/wp-content\\\/uploads\\\/2021\\\/08\\\/ROLEX-DAYDATE-REF-1803-OR-BLANC-FROM-73-n\u00b03634368_0018_Calque-2.png\",\"datePublished\":\"2021-08-04T09:50:13+00:00\",\"dateModified\":\"2024-10-23T08:40:33+00:00\",\"description\":\"Marque:\u00a0Rolex Mod\u00e8le: Day date Mouvement\u00a0: Automatique R\u00e9f\u00e9rence:\u00a01803 or blanc Diam\u00e8tre\u00a0: 36mm Ann\u00e9e:\u00a01973 Serial\u00a0: 363XXXX Boite:\u00a0Tr\u00e8s beau boitier quasiment pas polie en or blanc tr\u00e8s \u00e9pais et avec des angles parfait. Lunette d\u2019origine cannel\u00e9e en or blanc Cadran:\u00a0Beau cadran silver d\u2019origine parfait variation sans tritium rare version avec aiguilles sans tritium aussi. Aucune mati\u00e8re luminescente n\u2019a jamais \u00e9t\u00e9 pos\u00e9 sur cette montre. Bracelet: Cuir rolex boucle ardillon rolex en or blanc. Accessoires\u00a0: Aucuns\",\"breadcrumb\":{\"@id\":\"https:\\\/\\\/www.parisheure.com\\\/acheter-montre\\\/rolex-daydate-ref-1803-or-blanc-from-1973\\\/#breadcrumb\"},\"inLanguage\":\"en-US\",\"potentialAction\":[{\"@type\":\"ReadAction\",\"target\":[\"https:\\\/\\\/www.parisheure.com\\\/acheter-montre\\\/rolex-daydate-ref-1803-or-blanc-from-1973\\\/\"]}]},{\"@type\":\"ImageObject\",\"inLanguage\":\"en-US\",\"@id\":\"https:\\\/\\\/www.parisheure.com\\\/acheter-montre\\\/rolex-daydate-ref-1803-or-blanc-from-1973\\\/#primaryimage\",\"url\":\"https:\\\/\\\/www.parisheure.com\\\/wp-content\\\/uploads\\\/2021\\\/08\\\/ROLEX-DAYDATE-REF-1803-OR-BLANC-FROM-73-n\u00b03634368_0018_Calque-2.png\",\"contentUrl\":\"https:\\\/\\\/www.parisheure.com\\\/wp-content\\\/uploads\\\/2021\\\/08\\\/ROLEX-DAYDATE-REF-1803-OR-BLANC-FROM-73-n\u00b03634368_0018_Calque-2.png\",\"width\":2800,\"height\":2800},{\"@type\":\"BreadcrumbList\",\"@id\":\"https:\\\/\\\/www.parisheure.com\\\/acheter-montre\\\/rolex-daydate-ref-1803-or-blanc-from-1973\\\/#breadcrumb\",\"itemListElement\":[{\"@type\":\"ListItem\",\"position\":1,\"name\":\"Accueil\",\"item\":\"https:\\\/\\\/www.parisheure.com\\\/\"},{\"@type\":\"ListItem\",\"position\":2,\"name\":\"WATCHES\",\"item\":\"https:\\\/\\\/www.parisheure.com\\\/\"},{\"@type\":\"ListItem\",\"position\":3,\"name\":\"ROLEX DAYDATE REF 1803 OR BLANC FROM 1973\"}]},{\"@type\":\"WebSite\",\"@id\":\"https:\\\/\\\/www.parisheure.com\\\/#website\",\"url\":\"https:\\\/\\\/www.parisheure.com\\\/\",\"name\":\"PARIS HEURE\",\"description\":\"Vintage watches Paris\",\"publisher\":{\"@id\":\"https:\\\/\\\/www.parisheure.com\\\/#organization\"},\"potentialAction\":[{\"@type\":\"SearchAction\",\"target\":{\"@type\":\"EntryPoint\",\"urlTemplate\":\"https:\\\/\\\/www.parisheure.com\\\/?s={search_term_string}\"},\"query-input\":{\"@type\":\"PropertyValueSpecification\",\"valueRequired\":true,\"valueName\":\"search_term_string\"}}],\"inLanguage\":\"en-US\"},{\"@type\":\"Organization\",\"@id\":\"https:\\\/\\\/www.parisheure.com\\\/#organization\",\"name\":\"PARIS HEURE\",\"url\":\"https:\\\/\\\/www.parisheure.com\\\/\",\"logo\":{\"@type\":\"ImageObject\",\"inLanguage\":\"en-US\",\"@id\":\"https:\\\/\\\/www.parisheure.com\\\/#\\\/schema\\\/logo\\\/image\\\/\",\"url\":\"https:\\\/\\\/www.parisheure.com\\\/wp-content\\\/uploads\\\/2021\\\/07\\\/cropped-logo-paris-heure.png\",\"contentUrl\":\"https:\\\/\\\/www.parisheure.com\\\/wp-content\\\/uploads\\\/2021\\\/07\\\/cropped-logo-paris-heure.png\",\"width\":512,\"height\":512,\"caption\":\"PARIS HEURE\"},\"image\":{\"@id\":\"https:\\\/\\\/www.parisheure.com\\\/#\\\/schema\\\/logo\\\/image\\\/\"},\"sameAs\":[\"https:\\\/\\\/www.facebook.com\\\/ParisHeure\",\"https:\\\/\\\/www.instagram.com\\\/parisheure\\\/\"]}]}<\/script>\n<!-- \/ Yoast SEO plugin. -->","yoast_head_json":{"title":"ROLEX DAYDATE REF 1803 OR BLANC FROM 1973 \u2022 PARIS HEURE","description":"Marque:\u00a0Rolex  Mod\u00e8le: Day date  Mouvement\u00a0: Automatique  R\u00e9f\u00e9rence:\u00a01803 or blanc  Diam\u00e8tre\u00a0: 36mm  Ann\u00e9e:\u00a01973  Serial\u00a0: 363XXXX  Boite:\u00a0Tr\u00e8s beau boitier quasiment pas polie en or blanc tr\u00e8s \u00e9pais et avec des angles parfait. Lunette d\u2019origine cannel\u00e9e en or blanc  Cadran:\u00a0Beau cadran silver d\u2019origine parfait variation sans tritium rare version avec aiguilles sans tritium aussi. Aucune mati\u00e8re luminescente n\u2019a jamais \u00e9t\u00e9 pos\u00e9 sur cette montre.  Bracelet: Cuir rolex boucle ardillon rolex en or blanc.  Accessoires\u00a0: Aucuns","robots":{"index":"index","follow":"follow","max-snippet":"max-snippet:-1","max-image-preview":"max-image-preview:large","max-video-preview":"max-video-preview:-1"},"canonical":"https:\/\/www.parisheure.com\/en\/buy-watch\/rolex-daydate-ref-1803-or-blanc-from-1973\/","og_locale":"en_US","og_type":"article","og_title":"ROLEX DAYDATE REF 1803 OR BLANC FROM 1973 &#8226; PARIS HEURE","og_description":"Marque:\u00a0Rolex  Mod\u00e8le: Day date  Mouvement\u00a0: Automatique  R\u00e9f\u00e9rence:\u00a01803 or blanc  Diam\u00e8tre\u00a0: 36mm  Ann\u00e9e:\u00a01973  Serial\u00a0: 363XXXX  Boite:\u00a0Tr\u00e8s beau boitier quasiment pas polie en or blanc tr\u00e8s \u00e9pais et avec des angles parfait. Lunette d\u2019origine cannel\u00e9e en or blanc  Cadran:\u00a0Beau cadran silver d\u2019origine parfait variation sans tritium rare version avec aiguilles sans tritium aussi. Aucune mati\u00e8re luminescente n\u2019a jamais \u00e9t\u00e9 pos\u00e9 sur cette montre.  Bracelet: Cuir rolex boucle ardillon rolex en or blanc.  Accessoires\u00a0: Aucuns","og_url":"https:\/\/www.parisheure.com\/en\/buy-watch\/rolex-daydate-ref-1803-or-blanc-from-1973\/","og_site_name":"PARIS HEURE","article_publisher":"https:\/\/www.facebook.com\/ParisHeure","article_modified_time":"2024-10-23T08:40:33+00:00","og_image":[{"width":1024,"height":1024,"url":"https:\/\/www.parisheure.com\/wp-content\/uploads\/2021\/08\/ROLEX-DAYDATE-REF-1803-OR-BLANC-FROM-73-n\u00b03634368_0018_Calque-2-1024x1024.png","type":"image\/png"}],"twitter_card":"summary_large_image","schema":{"@context":"https:\/\/schema.org","@graph":[{"@type":"WebPage","@id":"https:\/\/www.parisheure.com\/acheter-montre\/rolex-daydate-ref-1803-or-blanc-from-1973\/","url":"https:\/\/www.parisheure.com\/acheter-montre\/rolex-daydate-ref-1803-or-blanc-from-1973\/","name":"ROLEX DAYDATE REF 1803 OR BLANC FROM 1973 \u2022 PARIS HEURE","isPartOf":{"@id":"https:\/\/www.parisheure.com\/#website"},"primaryImageOfPage":{"@id":"https:\/\/www.parisheure.com\/acheter-montre\/rolex-daydate-ref-1803-or-blanc-from-1973\/#primaryimage"},"image":{"@id":"https:\/\/www.parisheure.com\/acheter-montre\/rolex-daydate-ref-1803-or-blanc-from-1973\/#primaryimage"},"thumbnailUrl":"https:\/\/www.parisheure.com\/wp-content\/uploads\/2021\/08\/ROLEX-DAYDATE-REF-1803-OR-BLANC-FROM-73-n\u00b03634368_0018_Calque-2.png","datePublished":"2021-08-04T09:50:13+00:00","dateModified":"2024-10-23T08:40:33+00:00","description":"Marque:\u00a0Rolex Mod\u00e8le: Day date Mouvement\u00a0: Automatique R\u00e9f\u00e9rence:\u00a01803 or blanc Diam\u00e8tre\u00a0: 36mm Ann\u00e9e:\u00a01973 Serial\u00a0: 363XXXX Boite:\u00a0Tr\u00e8s beau boitier quasiment pas polie en or blanc tr\u00e8s \u00e9pais et avec des angles parfait. Lunette d\u2019origine cannel\u00e9e en or blanc Cadran:\u00a0Beau cadran silver d\u2019origine parfait variation sans tritium rare version avec aiguilles sans tritium aussi. Aucune mati\u00e8re luminescente n\u2019a jamais \u00e9t\u00e9 pos\u00e9 sur cette montre. Bracelet: Cuir rolex boucle ardillon rolex en or blanc. Accessoires\u00a0: Aucuns","breadcrumb":{"@id":"https:\/\/www.parisheure.com\/acheter-montre\/rolex-daydate-ref-1803-or-blanc-from-1973\/#breadcrumb"},"inLanguage":"en-US","potentialAction":[{"@type":"ReadAction","target":["https:\/\/www.parisheure.com\/acheter-montre\/rolex-daydate-ref-1803-or-blanc-from-1973\/"]}]},{"@type":"ImageObject","inLanguage":"en-US","@id":"https:\/\/www.parisheure.com\/acheter-montre\/rolex-daydate-ref-1803-or-blanc-from-1973\/#primaryimage","url":"https:\/\/www.parisheure.com\/wp-content\/uploads\/2021\/08\/ROLEX-DAYDATE-REF-1803-OR-BLANC-FROM-73-n\u00b03634368_0018_Calque-2.png","contentUrl":"https:\/\/www.parisheure.com\/wp-content\/uploads\/2021\/08\/ROLEX-DAYDATE-REF-1803-OR-BLANC-FROM-73-n\u00b03634368_0018_Calque-2.png","width":2800,"height":2800},{"@type":"BreadcrumbList","@id":"https:\/\/www.parisheure.com\/acheter-montre\/rolex-daydate-ref-1803-or-blanc-from-1973\/#breadcrumb","itemListElement":[{"@type":"ListItem","position":1,"name":"Accueil","item":"https:\/\/www.parisheure.com\/"},{"@type":"ListItem","position":2,"name":"WATCHES","item":"https:\/\/www.parisheure.com\/"},{"@type":"ListItem","position":3,"name":"ROLEX DAYDATE REF 1803 OR BLANC FROM 1973"}]},{"@type":"WebSite","@id":"https:\/\/www.parisheure.com\/#website","url":"https:\/\/www.parisheure.com\/","name":"PARIS HEURE","description":"Vintage watches Paris","publisher":{"@id":"https:\/\/www.parisheure.com\/#organization"},"potentialAction":[{"@type":"SearchAction","target":{"@type":"EntryPoint","urlTemplate":"https:\/\/www.parisheure.com\/?s={search_term_string}"},"query-input":{"@type":"PropertyValueSpecification","valueRequired":true,"valueName":"search_term_string"}}],"inLanguage":"en-US"},{"@type":"Organization","@id":"https:\/\/www.parisheure.com\/#organization","name":"PARIS HEURE","url":"https:\/\/www.parisheure.com\/","logo":{"@type":"ImageObject","inLanguage":"en-US","@id":"https:\/\/www.parisheure.com\/#\/schema\/logo\/image\/","url":"https:\/\/www.parisheure.com\/wp-content\/uploads\/2021\/07\/cropped-logo-paris-heure.png","contentUrl":"https:\/\/www.parisheure.com\/wp-content\/uploads\/2021\/07\/cropped-logo-paris-heure.png","width":512,"height":512,"caption":"PARIS HEURE"},"image":{"@id":"https:\/\/www.parisheure.com\/#\/schema\/logo\/image\/"},"sameAs":["https:\/\/www.facebook.com\/ParisHeure","https:\/\/www.instagram.com\/parisheure\/"]}]}},"jetpack_sharing_enabled":true,"brands":[{"id":432,"name":"Rolex","slug":"rolex"}],"_links":{"self":[{"href":"https:\/\/www.parisheure.com\/en\/wp-json\/wp\/v2\/product\/7913","targetHints":{"allow":["GET"]}}],"collection":[{"href":"https:\/\/www.parisheure.com\/en\/wp-json\/wp\/v2\/product"}],"about":[{"href":"https:\/\/www.parisheure.com\/en\/wp-json\/wp\/v2\/types\/product"}],"version-history":[{"count":1,"href":"https:\/\/www.parisheure.com\/en\/wp-json\/wp\/v2\/product\/7913\/revisions"}],"predecessor-version":[{"id":14217,"href":"https:\/\/www.parisheure.com\/en\/wp-json\/wp\/v2\/product\/7913\/revisions\/14217"}],"wp:featuredmedia":[{"embeddable":true,"href":"https:\/\/www.parisheure.com\/en\/wp-json\/wp\/v2\/media\/8130"}],"wp:attachment":[{"href":"https:\/\/www.parisheure.com\/en\/wp-json\/wp\/v2\/media?parent=7913"}],"wp:term":[{"taxonomy":"pwb-brand","embeddable":true,"href":"https:\/\/www.parisheure.com\/en\/wp-json\/wp\/v2\/pwb-brand?post=7913"},{"taxonomy":"product_brand","embeddable":true,"href":"https:\/\/www.parisheure.com\/en\/wp-json\/wp\/v2\/product_brand?post=7913"},{"taxonomy":"product_cat","embeddable":true,"href":"https:\/\/www.parisheure.com\/en\/wp-json\/wp\/v2\/product_cat?post=7913"},{"taxonomy":"product_tag","embeddable":true,"href":"https:\/\/www.parisheure.com\/en\/wp-json\/wp\/v2\/product_tag?post=7913"}],"curies":[{"name":"wp","href":"https:\/\/api.w.org\/{rel}","templated":true}]}}