{"id":7914,"date":"2021-08-04T11:51:57","date_gmt":"2021-08-04T09:51:57","guid":{"rendered":"http:\/\/www.parisheure.com\/?post_type=product&#038;p=7914"},"modified":"2024-10-23T10:41:11","modified_gmt":"2024-10-23T08:41:11","slug":"rolex-great-white-seadweller-ref-1665-mk1-from-1979","status":"publish","type":"product","link":"https:\/\/www.parisheure.com\/en\/buy-watch\/rolex-great-white-seadweller-ref-1665-mk1-from-1979\/","title":{"rendered":"ROLEX GREAT WHITE SEADWELLER REF 1665 MK1 FROM 1979"},"content":{"rendered":"<p><strong>Our opinion:<\/strong> One of the most beautiful vintage Rolex. The seadweller ref 1665 GREAT WHITE MK1, original box bottom. Magnificent vanilla patina, slightly polished case, armored bracelet and zero defect dial with a great patina. Original insert. Seadwellers are popular and prices are going up. Here is a mk1 1st series in perfect condition soon we won't even find them anymore. A real beautiful vintage Rolex of collection and rare.<\/p>","protected":false},"excerpt":{"rendered":"<p><strong>Brand:<\/strong>\u00a0Rolex<\/p>\n<p><strong>Model:<\/strong>\u00a0Seadweller<\/p>\n<p><strong>Movement\u00a0: <\/strong>Auto cal 1570<\/p>\n<p><strong>Reference:<\/strong>\u00a01665<\/p>\n<p><strong>Diameter\u00a0: <\/strong>40mm<\/p>\n<p><strong>Year:<\/strong>\u00a01979<\/p>\n<p><strong>Serial : <\/strong>556XXX<\/p>\n<p><strong>Case:<\/strong>\u00a0Very beautiful case still very thick and with very rounded angles by time. Bezel in good condition. MK4 insert. No significant visible shocks. The caseback has all its engravings still very deep and present.<\/p>\n<p><strong>Dial:<\/strong>\u00a0Beautiful original dial with a very beautiful homogeneous patina turning to an orange yellow. Very nice general set. Dial still in good condition with no flaws. MK1 series characterized by its small \"f\" of feet. This series is the first dial execution for the Seadweller ref 1665 just after production of the red double ceased.<\/p>\n<p><strong>Bracelet :<\/strong> Rolex original oyster steel ref 93150 endlink 585<\/p>\n<p><strong>Accessories: <\/strong>None<\/p>","protected":false},"featured_media":8093,"template":"","meta":[],"pwb-brand":[432],"product_brand":[],"product_cat":[107,367,90,251],"product_tag":[149,150,127,148],"class_list":{"0":"post-7914","1":"product","2":"type-product","3":"status-publish","4":"has-post-thumbnail","6":"pwb-brand-rolex","7":"product_cat-archives","8":"product_cat-montres-paris-heure","9":"product_cat-rolex","10":"product_cat-rolex-seadweller","11":"product_tag-149","12":"product_tag-mk1","13":"product_tag-rolex","14":"product_tag-seadweller","16":"first","17":"outofstock","18":"shipping-taxable","19":"product-type-simple"},"yoast_head":"<!-- This site is optimized with the Yoast SEO plugin v27.5 - https:\/\/yoast.com\/product\/yoast-seo-wordpress\/ -->\n<title>ROLEX GREAT WHITE SEADWELLER REF 1665 MK1 FROM 1979 &#8226; PARIS HEURE<\/title>\n<meta name=\"description\" content=\"Marque:\u00a0Rolex  Mod\u00e8le:\u00a0Seadweller  Mouvement\u00a0: Auto cal 1570  R\u00e9f\u00e9rence:\u00a01665  Diam\u00e8tre\u00a0: 40mm  Ann\u00e9e:\u00a01979  Serial\u00a0: 556XXX  Boite:\u00a0Tr\u00e8s beau boitier encore tr\u00e8s \u00e9pais et avec des angles tr\u00e8s arrondis par le temps. Lunette en bon \u00e9tat. Insert MK4. Pas de chocs visibles importants. Le fond de boite a toutes ses gravures encore bien profondes et pr\u00e9sente.  Cadran:\u00a0Beau cadran d\u2019origine avec une tr\u00e8s belle patine homog\u00e8ne tournant a un jaune orang\u00e9. Tr\u00e8s bel ensemble g\u00e9n\u00e9ral. Cadran encore en bon \u00e9tat avec aucun d\u00e9fauts. S\u00e9rie MK1 caract\u00e9ristique par son petit \u00ab\u00a0f\u00a0\u00bb de feet. Cette s\u00e9rie est la premi\u00e8re ex\u00e9cution de cadran pour les Seadweller ref 1665 juste apr\u00e8s l\u2019arr\u00eat de la production de la double rouge.  Bracelet\u00a0: Rolex acier blind\u00e9 d\u2019origine ref 93150 endlink 585  Accessoires\u00a0: Aucuns\" \/>\n<meta name=\"robots\" content=\"index, follow, max-snippet:-1, max-image-preview:large, max-video-preview:-1\" \/>\n<link rel=\"canonical\" href=\"https:\/\/www.parisheure.com\/en\/buy-watch\/rolex-great-white-seadweller-ref-1665-mk1-from-1979\/\" \/>\n<meta property=\"og:locale\" content=\"en_US\" \/>\n<meta property=\"og:type\" content=\"article\" \/>\n<meta property=\"og:title\" content=\"ROLEX GREAT WHITE SEADWELLER REF 1665 MK1 FROM 1979 &#8226; PARIS HEURE\" \/>\n<meta property=\"og:description\" content=\"Marque:\u00a0Rolex  Mod\u00e8le:\u00a0Seadweller  Mouvement\u00a0: Auto cal 1570  R\u00e9f\u00e9rence:\u00a01665  Diam\u00e8tre\u00a0: 40mm  Ann\u00e9e:\u00a01979  Serial\u00a0: 556XXX  Boite:\u00a0Tr\u00e8s beau boitier encore tr\u00e8s \u00e9pais et avec des angles tr\u00e8s arrondis par le temps. Lunette en bon \u00e9tat. Insert MK4. Pas de chocs visibles importants. Le fond de boite a toutes ses gravures encore bien profondes et pr\u00e9sente.  Cadran:\u00a0Beau cadran d\u2019origine avec une tr\u00e8s belle patine homog\u00e8ne tournant a un jaune orang\u00e9. Tr\u00e8s bel ensemble g\u00e9n\u00e9ral. Cadran encore en bon \u00e9tat avec aucun d\u00e9fauts. S\u00e9rie MK1 caract\u00e9ristique par son petit \u00ab\u00a0f\u00a0\u00bb de feet. Cette s\u00e9rie est la premi\u00e8re ex\u00e9cution de cadran pour les Seadweller ref 1665 juste apr\u00e8s l\u2019arr\u00eat de la production de la double rouge.  Bracelet\u00a0: Rolex acier blind\u00e9 d\u2019origine ref 93150 endlink 585  Accessoires\u00a0: Aucuns\" \/>\n<meta property=\"og:url\" content=\"https:\/\/www.parisheure.com\/en\/buy-watch\/rolex-great-white-seadweller-ref-1665-mk1-from-1979\/\" \/>\n<meta property=\"og:site_name\" content=\"PARIS HEURE\" \/>\n<meta property=\"article:publisher\" content=\"https:\/\/www.facebook.com\/ParisHeure\" \/>\n<meta property=\"article:modified_time\" content=\"2024-10-23T08:41:11+00:00\" \/>\n<meta property=\"og:image\" content=\"https:\/\/www.parisheure.com\/wp-content\/uploads\/2021\/08\/ROLEX-SEADWELLER-REF-1665-MK1-FROM-1979-N\u00b05563147_0022_Arrie\u0300re-plan-copie-1024x1024.png\" \/>\n\t<meta property=\"og:image:width\" content=\"1024\" \/>\n\t<meta property=\"og:image:height\" content=\"1024\" \/>\n\t<meta property=\"og:image:type\" content=\"image\/png\" \/>\n<meta name=\"twitter:card\" content=\"summary_large_image\" \/>\n<script type=\"application\/ld+json\" class=\"yoast-schema-graph\">{\"@context\":\"https:\\\/\\\/schema.org\",\"@graph\":[{\"@type\":\"WebPage\",\"@id\":\"https:\\\/\\\/www.parisheure.com\\\/acheter-montre\\\/rolex-great-white-seadweller-ref-1665-mk1-from-1979\\\/\",\"url\":\"https:\\\/\\\/www.parisheure.com\\\/acheter-montre\\\/rolex-great-white-seadweller-ref-1665-mk1-from-1979\\\/\",\"name\":\"ROLEX GREAT WHITE SEADWELLER REF 1665 MK1 FROM 1979 &#8226; PARIS HEURE\",\"isPartOf\":{\"@id\":\"https:\\\/\\\/www.parisheure.com\\\/#website\"},\"primaryImageOfPage\":{\"@id\":\"https:\\\/\\\/www.parisheure.com\\\/acheter-montre\\\/rolex-great-white-seadweller-ref-1665-mk1-from-1979\\\/#primaryimage\"},\"image\":{\"@id\":\"https:\\\/\\\/www.parisheure.com\\\/acheter-montre\\\/rolex-great-white-seadweller-ref-1665-mk1-from-1979\\\/#primaryimage\"},\"thumbnailUrl\":\"https:\\\/\\\/www.parisheure.com\\\/wp-content\\\/uploads\\\/2021\\\/08\\\/ROLEX-SEADWELLER-REF-1665-MK1-FROM-1979-N\u00b05563147_0022_Arrie\u0300re-plan-copie.png\",\"datePublished\":\"2021-08-04T09:51:57+00:00\",\"dateModified\":\"2024-10-23T08:41:11+00:00\",\"description\":\"Marque:\u00a0Rolex Mod\u00e8le:\u00a0Seadweller Mouvement\u00a0: Auto cal 1570 R\u00e9f\u00e9rence:\u00a01665 Diam\u00e8tre\u00a0: 40mm Ann\u00e9e:\u00a01979 Serial\u00a0: 556XXX Boite:\u00a0Tr\u00e8s beau boitier encore tr\u00e8s \u00e9pais et avec des angles tr\u00e8s arrondis par le temps. Lunette en bon \u00e9tat. Insert MK4. Pas de chocs visibles importants. Le fond de boite a toutes ses gravures encore bien profondes et pr\u00e9sente. Cadran:\u00a0Beau cadran d\u2019origine avec une tr\u00e8s belle patine homog\u00e8ne tournant a un jaune orang\u00e9. Tr\u00e8s bel ensemble g\u00e9n\u00e9ral. Cadran encore en bon \u00e9tat avec aucun d\u00e9fauts. S\u00e9rie MK1 caract\u00e9ristique par son petit \u00ab\u00a0f\u00a0\u00bb de feet. Cette s\u00e9rie est la premi\u00e8re ex\u00e9cution de cadran pour les Seadweller ref 1665 juste apr\u00e8s l\u2019arr\u00eat de la production de la double rouge. Bracelet\u00a0: Rolex acier blind\u00e9 d\u2019origine ref 93150 endlink 585 Accessoires\u00a0: Aucuns\",\"breadcrumb\":{\"@id\":\"https:\\\/\\\/www.parisheure.com\\\/acheter-montre\\\/rolex-great-white-seadweller-ref-1665-mk1-from-1979\\\/#breadcrumb\"},\"inLanguage\":\"en-US\",\"potentialAction\":[{\"@type\":\"ReadAction\",\"target\":[\"https:\\\/\\\/www.parisheure.com\\\/acheter-montre\\\/rolex-great-white-seadweller-ref-1665-mk1-from-1979\\\/\"]}]},{\"@type\":\"ImageObject\",\"inLanguage\":\"en-US\",\"@id\":\"https:\\\/\\\/www.parisheure.com\\\/acheter-montre\\\/rolex-great-white-seadweller-ref-1665-mk1-from-1979\\\/#primaryimage\",\"url\":\"https:\\\/\\\/www.parisheure.com\\\/wp-content\\\/uploads\\\/2021\\\/08\\\/ROLEX-SEADWELLER-REF-1665-MK1-FROM-1979-N\u00b05563147_0022_Arrie\u0300re-plan-copie.png\",\"contentUrl\":\"https:\\\/\\\/www.parisheure.com\\\/wp-content\\\/uploads\\\/2021\\\/08\\\/ROLEX-SEADWELLER-REF-1665-MK1-FROM-1979-N\u00b05563147_0022_Arrie\u0300re-plan-copie.png\",\"width\":2800,\"height\":2800},{\"@type\":\"BreadcrumbList\",\"@id\":\"https:\\\/\\\/www.parisheure.com\\\/acheter-montre\\\/rolex-great-white-seadweller-ref-1665-mk1-from-1979\\\/#breadcrumb\",\"itemListElement\":[{\"@type\":\"ListItem\",\"position\":1,\"name\":\"Accueil\",\"item\":\"https:\\\/\\\/www.parisheure.com\\\/\"},{\"@type\":\"ListItem\",\"position\":2,\"name\":\"WATCHES\",\"item\":\"https:\\\/\\\/www.parisheure.com\\\/\"},{\"@type\":\"ListItem\",\"position\":3,\"name\":\"ROLEX GREAT WHITE SEADWELLER REF 1665 MK1 FROM 1979\"}]},{\"@type\":\"WebSite\",\"@id\":\"https:\\\/\\\/www.parisheure.com\\\/#website\",\"url\":\"https:\\\/\\\/www.parisheure.com\\\/\",\"name\":\"PARIS HEURE\",\"description\":\"Vintage watches Paris\",\"publisher\":{\"@id\":\"https:\\\/\\\/www.parisheure.com\\\/#organization\"},\"potentialAction\":[{\"@type\":\"SearchAction\",\"target\":{\"@type\":\"EntryPoint\",\"urlTemplate\":\"https:\\\/\\\/www.parisheure.com\\\/?s={search_term_string}\"},\"query-input\":{\"@type\":\"PropertyValueSpecification\",\"valueRequired\":true,\"valueName\":\"search_term_string\"}}],\"inLanguage\":\"en-US\"},{\"@type\":\"Organization\",\"@id\":\"https:\\\/\\\/www.parisheure.com\\\/#organization\",\"name\":\"PARIS HEURE\",\"url\":\"https:\\\/\\\/www.parisheure.com\\\/\",\"logo\":{\"@type\":\"ImageObject\",\"inLanguage\":\"en-US\",\"@id\":\"https:\\\/\\\/www.parisheure.com\\\/#\\\/schema\\\/logo\\\/image\\\/\",\"url\":\"https:\\\/\\\/www.parisheure.com\\\/wp-content\\\/uploads\\\/2021\\\/07\\\/cropped-logo-paris-heure.png\",\"contentUrl\":\"https:\\\/\\\/www.parisheure.com\\\/wp-content\\\/uploads\\\/2021\\\/07\\\/cropped-logo-paris-heure.png\",\"width\":512,\"height\":512,\"caption\":\"PARIS HEURE\"},\"image\":{\"@id\":\"https:\\\/\\\/www.parisheure.com\\\/#\\\/schema\\\/logo\\\/image\\\/\"},\"sameAs\":[\"https:\\\/\\\/www.facebook.com\\\/ParisHeure\",\"https:\\\/\\\/www.instagram.com\\\/parisheure\\\/\"]}]}<\/script>\n<!-- \/ Yoast SEO plugin. -->","yoast_head_json":{"title":"ROLEX GREAT WHITE SEADWELLER REF 1665 MK1 FROM 1979 \u2022 PARIS HEURE","description":"Marque:\u00a0Rolex  Mod\u00e8le:\u00a0Seadweller  Mouvement\u00a0: Auto cal 1570  R\u00e9f\u00e9rence:\u00a01665  Diam\u00e8tre\u00a0: 40mm  Ann\u00e9e:\u00a01979  Serial\u00a0: 556XXX  Boite:\u00a0Tr\u00e8s beau boitier encore tr\u00e8s \u00e9pais et avec des angles tr\u00e8s arrondis par le temps. Lunette en bon \u00e9tat. Insert MK4. Pas de chocs visibles importants. Le fond de boite a toutes ses gravures encore bien profondes et pr\u00e9sente.  Cadran:\u00a0Beau cadran d\u2019origine avec une tr\u00e8s belle patine homog\u00e8ne tournant a un jaune orang\u00e9. Tr\u00e8s bel ensemble g\u00e9n\u00e9ral. Cadran encore en bon \u00e9tat avec aucun d\u00e9fauts. S\u00e9rie MK1 caract\u00e9ristique par son petit \u00ab\u00a0f\u00a0\u00bb de feet. Cette s\u00e9rie est la premi\u00e8re ex\u00e9cution de cadran pour les Seadweller ref 1665 juste apr\u00e8s l\u2019arr\u00eat de la production de la double rouge.  Bracelet\u00a0: Rolex acier blind\u00e9 d\u2019origine ref 93150 endlink 585  Accessoires\u00a0: Aucuns","robots":{"index":"index","follow":"follow","max-snippet":"max-snippet:-1","max-image-preview":"max-image-preview:large","max-video-preview":"max-video-preview:-1"},"canonical":"https:\/\/www.parisheure.com\/en\/buy-watch\/rolex-great-white-seadweller-ref-1665-mk1-from-1979\/","og_locale":"en_US","og_type":"article","og_title":"ROLEX GREAT WHITE SEADWELLER REF 1665 MK1 FROM 1979 &#8226; PARIS HEURE","og_description":"Marque:\u00a0Rolex  Mod\u00e8le:\u00a0Seadweller  Mouvement\u00a0: Auto cal 1570  R\u00e9f\u00e9rence:\u00a01665  Diam\u00e8tre\u00a0: 40mm  Ann\u00e9e:\u00a01979  Serial\u00a0: 556XXX  Boite:\u00a0Tr\u00e8s beau boitier encore tr\u00e8s \u00e9pais et avec des angles tr\u00e8s arrondis par le temps. Lunette en bon \u00e9tat. Insert MK4. Pas de chocs visibles importants. Le fond de boite a toutes ses gravures encore bien profondes et pr\u00e9sente.  Cadran:\u00a0Beau cadran d\u2019origine avec une tr\u00e8s belle patine homog\u00e8ne tournant a un jaune orang\u00e9. Tr\u00e8s bel ensemble g\u00e9n\u00e9ral. Cadran encore en bon \u00e9tat avec aucun d\u00e9fauts. S\u00e9rie MK1 caract\u00e9ristique par son petit \u00ab\u00a0f\u00a0\u00bb de feet. Cette s\u00e9rie est la premi\u00e8re ex\u00e9cution de cadran pour les Seadweller ref 1665 juste apr\u00e8s l\u2019arr\u00eat de la production de la double rouge.  Bracelet\u00a0: Rolex acier blind\u00e9 d\u2019origine ref 93150 endlink 585  Accessoires\u00a0: Aucuns","og_url":"https:\/\/www.parisheure.com\/en\/buy-watch\/rolex-great-white-seadweller-ref-1665-mk1-from-1979\/","og_site_name":"PARIS HEURE","article_publisher":"https:\/\/www.facebook.com\/ParisHeure","article_modified_time":"2024-10-23T08:41:11+00:00","og_image":[{"width":1024,"height":1024,"url":"https:\/\/www.parisheure.com\/wp-content\/uploads\/2021\/08\/ROLEX-SEADWELLER-REF-1665-MK1-FROM-1979-N\u00b05563147_0022_Arrie\u0300re-plan-copie-1024x1024.png","type":"image\/png"}],"twitter_card":"summary_large_image","schema":{"@context":"https:\/\/schema.org","@graph":[{"@type":"WebPage","@id":"https:\/\/www.parisheure.com\/acheter-montre\/rolex-great-white-seadweller-ref-1665-mk1-from-1979\/","url":"https:\/\/www.parisheure.com\/acheter-montre\/rolex-great-white-seadweller-ref-1665-mk1-from-1979\/","name":"ROLEX GREAT WHITE SEADWELLER REF 1665 MK1 FROM 1979 \u2022 PARIS HEURE","isPartOf":{"@id":"https:\/\/www.parisheure.com\/#website"},"primaryImageOfPage":{"@id":"https:\/\/www.parisheure.com\/acheter-montre\/rolex-great-white-seadweller-ref-1665-mk1-from-1979\/#primaryimage"},"image":{"@id":"https:\/\/www.parisheure.com\/acheter-montre\/rolex-great-white-seadweller-ref-1665-mk1-from-1979\/#primaryimage"},"thumbnailUrl":"https:\/\/www.parisheure.com\/wp-content\/uploads\/2021\/08\/ROLEX-SEADWELLER-REF-1665-MK1-FROM-1979-N\u00b05563147_0022_Arrie\u0300re-plan-copie.png","datePublished":"2021-08-04T09:51:57+00:00","dateModified":"2024-10-23T08:41:11+00:00","description":"Marque:\u00a0Rolex Mod\u00e8le:\u00a0Seadweller Mouvement\u00a0: Auto cal 1570 R\u00e9f\u00e9rence:\u00a01665 Diam\u00e8tre\u00a0: 40mm Ann\u00e9e:\u00a01979 Serial\u00a0: 556XXX Boite:\u00a0Tr\u00e8s beau boitier encore tr\u00e8s \u00e9pais et avec des angles tr\u00e8s arrondis par le temps. Lunette en bon \u00e9tat. Insert MK4. Pas de chocs visibles importants. Le fond de boite a toutes ses gravures encore bien profondes et pr\u00e9sente. Cadran:\u00a0Beau cadran d\u2019origine avec une tr\u00e8s belle patine homog\u00e8ne tournant a un jaune orang\u00e9. Tr\u00e8s bel ensemble g\u00e9n\u00e9ral. Cadran encore en bon \u00e9tat avec aucun d\u00e9fauts. S\u00e9rie MK1 caract\u00e9ristique par son petit \u00ab\u00a0f\u00a0\u00bb de feet. Cette s\u00e9rie est la premi\u00e8re ex\u00e9cution de cadran pour les Seadweller ref 1665 juste apr\u00e8s l\u2019arr\u00eat de la production de la double rouge. Bracelet\u00a0: Rolex acier blind\u00e9 d\u2019origine ref 93150 endlink 585 Accessoires\u00a0: Aucuns","breadcrumb":{"@id":"https:\/\/www.parisheure.com\/acheter-montre\/rolex-great-white-seadweller-ref-1665-mk1-from-1979\/#breadcrumb"},"inLanguage":"en-US","potentialAction":[{"@type":"ReadAction","target":["https:\/\/www.parisheure.com\/acheter-montre\/rolex-great-white-seadweller-ref-1665-mk1-from-1979\/"]}]},{"@type":"ImageObject","inLanguage":"en-US","@id":"https:\/\/www.parisheure.com\/acheter-montre\/rolex-great-white-seadweller-ref-1665-mk1-from-1979\/#primaryimage","url":"https:\/\/www.parisheure.com\/wp-content\/uploads\/2021\/08\/ROLEX-SEADWELLER-REF-1665-MK1-FROM-1979-N\u00b05563147_0022_Arrie\u0300re-plan-copie.png","contentUrl":"https:\/\/www.parisheure.com\/wp-content\/uploads\/2021\/08\/ROLEX-SEADWELLER-REF-1665-MK1-FROM-1979-N\u00b05563147_0022_Arrie\u0300re-plan-copie.png","width":2800,"height":2800},{"@type":"BreadcrumbList","@id":"https:\/\/www.parisheure.com\/acheter-montre\/rolex-great-white-seadweller-ref-1665-mk1-from-1979\/#breadcrumb","itemListElement":[{"@type":"ListItem","position":1,"name":"Accueil","item":"https:\/\/www.parisheure.com\/"},{"@type":"ListItem","position":2,"name":"WATCHES","item":"https:\/\/www.parisheure.com\/"},{"@type":"ListItem","position":3,"name":"ROLEX GREAT WHITE SEADWELLER REF 1665 MK1 FROM 1979"}]},{"@type":"WebSite","@id":"https:\/\/www.parisheure.com\/#website","url":"https:\/\/www.parisheure.com\/","name":"PARIS HEURE","description":"Vintage watches Paris","publisher":{"@id":"https:\/\/www.parisheure.com\/#organization"},"potentialAction":[{"@type":"SearchAction","target":{"@type":"EntryPoint","urlTemplate":"https:\/\/www.parisheure.com\/?s={search_term_string}"},"query-input":{"@type":"PropertyValueSpecification","valueRequired":true,"valueName":"search_term_string"}}],"inLanguage":"en-US"},{"@type":"Organization","@id":"https:\/\/www.parisheure.com\/#organization","name":"PARIS HEURE","url":"https:\/\/www.parisheure.com\/","logo":{"@type":"ImageObject","inLanguage":"en-US","@id":"https:\/\/www.parisheure.com\/#\/schema\/logo\/image\/","url":"https:\/\/www.parisheure.com\/wp-content\/uploads\/2021\/07\/cropped-logo-paris-heure.png","contentUrl":"https:\/\/www.parisheure.com\/wp-content\/uploads\/2021\/07\/cropped-logo-paris-heure.png","width":512,"height":512,"caption":"PARIS HEURE"},"image":{"@id":"https:\/\/www.parisheure.com\/#\/schema\/logo\/image\/"},"sameAs":["https:\/\/www.facebook.com\/ParisHeure","https:\/\/www.instagram.com\/parisheure\/"]}]}},"jetpack_sharing_enabled":true,"brands":[{"id":432,"name":"Rolex","slug":"rolex"}],"_links":{"self":[{"href":"https:\/\/www.parisheure.com\/en\/wp-json\/wp\/v2\/product\/7914","targetHints":{"allow":["GET"]}}],"collection":[{"href":"https:\/\/www.parisheure.com\/en\/wp-json\/wp\/v2\/product"}],"about":[{"href":"https:\/\/www.parisheure.com\/en\/wp-json\/wp\/v2\/types\/product"}],"version-history":[{"count":1,"href":"https:\/\/www.parisheure.com\/en\/wp-json\/wp\/v2\/product\/7914\/revisions"}],"predecessor-version":[{"id":14222,"href":"https:\/\/www.parisheure.com\/en\/wp-json\/wp\/v2\/product\/7914\/revisions\/14222"}],"wp:featuredmedia":[{"embeddable":true,"href":"https:\/\/www.parisheure.com\/en\/wp-json\/wp\/v2\/media\/8093"}],"wp:attachment":[{"href":"https:\/\/www.parisheure.com\/en\/wp-json\/wp\/v2\/media?parent=7914"}],"wp:term":[{"taxonomy":"pwb-brand","embeddable":true,"href":"https:\/\/www.parisheure.com\/en\/wp-json\/wp\/v2\/pwb-brand?post=7914"},{"taxonomy":"product_brand","embeddable":true,"href":"https:\/\/www.parisheure.com\/en\/wp-json\/wp\/v2\/product_brand?post=7914"},{"taxonomy":"product_cat","embeddable":true,"href":"https:\/\/www.parisheure.com\/en\/wp-json\/wp\/v2\/product_cat?post=7914"},{"taxonomy":"product_tag","embeddable":true,"href":"https:\/\/www.parisheure.com\/en\/wp-json\/wp\/v2\/product_tag?post=7914"}],"curies":[{"name":"wp","href":"https:\/\/api.w.org\/{rel}","templated":true}]}}