{"id":7916,"date":"2021-08-04T11:55:07","date_gmt":"2021-08-04T09:55:07","guid":{"rendered":"http:\/\/www.parisheure.com\/?post_type=product&#038;p=7916"},"modified":"2024-10-23T10:40:50","modified_gmt":"2024-10-23T08:40:50","slug":"rolex-daytona-ref-6265-big-red-silver-from-1980","status":"publish","type":"product","link":"https:\/\/www.parisheure.com\/en\/buy-watch\/rolex-daytona-ref-6265-big-red-silver-from-1980\/","title":{"rendered":"ROLEX DAYTONA REF 6265 BIG RED SILVER FROM 1980"},"content":{"rendered":"<p><strong>Our opinion:<\/strong> The Daytona 6265 is an exceptional watch with its steel bezel, screwed pushers and its BIG RED daytona red writing silver dial in perfect condition and so sought after. The dial is perfect with a beautiful patina and all its tritium points which match with its original hands, the watch is not very polished, still thick, original 1980 striated screwed pushers ... an extremely rare model in this configuration. The real investment value from Rolex. The Daytona remains the benchmark chrono in vintage watchmaking<\/p>","protected":false},"excerpt":{"rendered":"<p><strong>Brand:<\/strong>\u00a0Rolex<\/p>\n<p><strong>Model:<\/strong>\u00a0Daytona<\/p>\n<p><strong>Movement\u00a0: <\/strong>Manual Valjoux 727 numbered<\/p>\n<p><strong>Reference:<\/strong>\u00a06265<\/p>\n<p><strong>Diameter\u00a0: <\/strong>37mm<\/p>\n<p><strong>Year:<\/strong>\u00a01980<\/p>\n<p><strong>Serial : <\/strong>639XXXX<\/p>\n<p><strong>Case:<\/strong>\u00a0Very nice case almost unpolished very thick and with perfect angles. Bezel in very good condition.<\/p>\n<p><strong>Dial:<\/strong>\u00a0Beautiful original silver dial, perfect variation with beautiful tritium points, a slight lack at 3H 6H and 8H<\/p>\n<p><strong>Bracelet:<\/strong>\u00a0Oyster steel 78350 endlink 571<\/p>\n<p><strong>Accessories: <\/strong>None<\/p>","protected":false},"featured_media":8137,"template":"","meta":[],"pwb-brand":[432],"product_brand":[],"product_cat":[107,367,90,246],"product_tag":[157,159,156,127,158,160],"class_list":{"0":"post-7916","1":"product","2":"type-product","3":"status-publish","4":"has-post-thumbnail","6":"pwb-brand-rolex","7":"product_cat-archives","8":"product_cat-montres-paris-heure","9":"product_cat-rolex","10":"product_cat-rolex-daytona","11":"product_tag-157","12":"product_tag-big-red","13":"product_tag-daytona","14":"product_tag-rolex","15":"product_tag-silver","16":"product_tag-valjoux-727","18":"first","19":"outofstock","20":"shipping-taxable","21":"product-type-simple"},"yoast_head":"<!-- This site is optimized with the Yoast SEO plugin v27.4 - https:\/\/yoast.com\/product\/yoast-seo-wordpress\/ -->\n<title>ROLEX DAYTONA REF 6265 BIG RED SILVER FROM 1980 &#8226; PARIS HEURE<\/title>\n<meta name=\"description\" content=\"Marque:\u00a0Rolex  Mod\u00e8le:\u00a0Daytona  Mouvement\u00a0: Meca Valjoux 727 num\u00e9rot\u00e9  R\u00e9f\u00e9rence:\u00a06265  Diam\u00e8tre\u00a0: 37mm  Ann\u00e9e:\u00a01980  Serial\u00a0: 639XXXX  Boite:\u00a0Tr\u00e8s beau boitier quasiment pas polie tr\u00e8s \u00e9pais et avec des angles parfait. Lunette en tr\u00e8s bon \u00e9tat.  Cadran:\u00a0Beau cadran silver d\u2019origine parfait variation avec des beaux points de tritium un l\u00e9ger manque a 3H 6H et 8H  Bracelet:\u00a0Acier blinde 78350 endlink 571  Accessoires\u00a0: Aucuns\" \/>\n<meta name=\"robots\" content=\"index, follow, max-snippet:-1, max-image-preview:large, max-video-preview:-1\" \/>\n<link rel=\"canonical\" href=\"https:\/\/www.parisheure.com\/en\/buy-watch\/rolex-daytona-ref-6265-big-red-silver-from-1980\/\" \/>\n<meta property=\"og:locale\" content=\"en_US\" \/>\n<meta property=\"og:type\" content=\"article\" \/>\n<meta property=\"og:title\" content=\"ROLEX DAYTONA REF 6265 BIG RED SILVER FROM 1980 &#8226; PARIS HEURE\" \/>\n<meta property=\"og:description\" content=\"Marque:\u00a0Rolex  Mod\u00e8le:\u00a0Daytona  Mouvement\u00a0: Meca Valjoux 727 num\u00e9rot\u00e9  R\u00e9f\u00e9rence:\u00a06265  Diam\u00e8tre\u00a0: 37mm  Ann\u00e9e:\u00a01980  Serial\u00a0: 639XXXX  Boite:\u00a0Tr\u00e8s beau boitier quasiment pas polie tr\u00e8s \u00e9pais et avec des angles parfait. Lunette en tr\u00e8s bon \u00e9tat.  Cadran:\u00a0Beau cadran silver d\u2019origine parfait variation avec des beaux points de tritium un l\u00e9ger manque a 3H 6H et 8H  Bracelet:\u00a0Acier blinde 78350 endlink 571  Accessoires\u00a0: Aucuns\" \/>\n<meta property=\"og:url\" content=\"https:\/\/www.parisheure.com\/en\/buy-watch\/rolex-daytona-ref-6265-big-red-silver-from-1980\/\" \/>\n<meta property=\"og:site_name\" content=\"PARIS HEURE\" \/>\n<meta property=\"article:publisher\" content=\"https:\/\/www.facebook.com\/ParisHeure\" \/>\n<meta property=\"article:modified_time\" content=\"2024-10-23T08:40:50+00:00\" \/>\n<meta property=\"og:image\" content=\"https:\/\/www.parisheure.com\/wp-content\/uploads\/2021\/08\/ROLEX-DAYTONA-REF-6265-BIG-RED-SILVER-DEPOT-n\u00b06392946_0003_Calque-2-1024x1024.png\" \/>\n\t<meta property=\"og:image:width\" content=\"1024\" \/>\n\t<meta property=\"og:image:height\" content=\"1024\" \/>\n\t<meta property=\"og:image:type\" content=\"image\/png\" \/>\n<meta name=\"twitter:card\" content=\"summary_large_image\" \/>\n<script type=\"application\/ld+json\" class=\"yoast-schema-graph\">{\"@context\":\"https:\\\/\\\/schema.org\",\"@graph\":[{\"@type\":\"WebPage\",\"@id\":\"https:\\\/\\\/www.parisheure.com\\\/acheter-montre\\\/rolex-daytona-ref-6265-big-red-silver-from-1980\\\/\",\"url\":\"https:\\\/\\\/www.parisheure.com\\\/acheter-montre\\\/rolex-daytona-ref-6265-big-red-silver-from-1980\\\/\",\"name\":\"ROLEX DAYTONA REF 6265 BIG RED SILVER FROM 1980 &#8226; PARIS HEURE\",\"isPartOf\":{\"@id\":\"https:\\\/\\\/www.parisheure.com\\\/#website\"},\"primaryImageOfPage\":{\"@id\":\"https:\\\/\\\/www.parisheure.com\\\/acheter-montre\\\/rolex-daytona-ref-6265-big-red-silver-from-1980\\\/#primaryimage\"},\"image\":{\"@id\":\"https:\\\/\\\/www.parisheure.com\\\/acheter-montre\\\/rolex-daytona-ref-6265-big-red-silver-from-1980\\\/#primaryimage\"},\"thumbnailUrl\":\"https:\\\/\\\/www.parisheure.com\\\/wp-content\\\/uploads\\\/2021\\\/08\\\/ROLEX-DAYTONA-REF-6265-BIG-RED-SILVER-DEPOT-n\u00b06392946_0003_Calque-2.png\",\"datePublished\":\"2021-08-04T09:55:07+00:00\",\"dateModified\":\"2024-10-23T08:40:50+00:00\",\"description\":\"Marque:\u00a0Rolex Mod\u00e8le:\u00a0Daytona Mouvement\u00a0: Meca Valjoux 727 num\u00e9rot\u00e9 R\u00e9f\u00e9rence:\u00a06265 Diam\u00e8tre\u00a0: 37mm Ann\u00e9e:\u00a01980 Serial\u00a0: 639XXXX Boite:\u00a0Tr\u00e8s beau boitier quasiment pas polie tr\u00e8s \u00e9pais et avec des angles parfait. Lunette en tr\u00e8s bon \u00e9tat. Cadran:\u00a0Beau cadran silver d\u2019origine parfait variation avec des beaux points de tritium un l\u00e9ger manque a 3H 6H et 8H Bracelet:\u00a0Acier blinde 78350 endlink 571 Accessoires\u00a0: Aucuns\",\"breadcrumb\":{\"@id\":\"https:\\\/\\\/www.parisheure.com\\\/acheter-montre\\\/rolex-daytona-ref-6265-big-red-silver-from-1980\\\/#breadcrumb\"},\"inLanguage\":\"en-US\",\"potentialAction\":[{\"@type\":\"ReadAction\",\"target\":[\"https:\\\/\\\/www.parisheure.com\\\/acheter-montre\\\/rolex-daytona-ref-6265-big-red-silver-from-1980\\\/\"]}]},{\"@type\":\"ImageObject\",\"inLanguage\":\"en-US\",\"@id\":\"https:\\\/\\\/www.parisheure.com\\\/acheter-montre\\\/rolex-daytona-ref-6265-big-red-silver-from-1980\\\/#primaryimage\",\"url\":\"https:\\\/\\\/www.parisheure.com\\\/wp-content\\\/uploads\\\/2021\\\/08\\\/ROLEX-DAYTONA-REF-6265-BIG-RED-SILVER-DEPOT-n\u00b06392946_0003_Calque-2.png\",\"contentUrl\":\"https:\\\/\\\/www.parisheure.com\\\/wp-content\\\/uploads\\\/2021\\\/08\\\/ROLEX-DAYTONA-REF-6265-BIG-RED-SILVER-DEPOT-n\u00b06392946_0003_Calque-2.png\",\"width\":2800,\"height\":2800},{\"@type\":\"BreadcrumbList\",\"@id\":\"https:\\\/\\\/www.parisheure.com\\\/acheter-montre\\\/rolex-daytona-ref-6265-big-red-silver-from-1980\\\/#breadcrumb\",\"itemListElement\":[{\"@type\":\"ListItem\",\"position\":1,\"name\":\"Accueil\",\"item\":\"https:\\\/\\\/www.parisheure.com\\\/\"},{\"@type\":\"ListItem\",\"position\":2,\"name\":\"WATCHES\",\"item\":\"https:\\\/\\\/www.parisheure.com\\\/\"},{\"@type\":\"ListItem\",\"position\":3,\"name\":\"ROLEX DAYTONA REF 6265 BIG RED SILVER FROM 1980\"}]},{\"@type\":\"WebSite\",\"@id\":\"https:\\\/\\\/www.parisheure.com\\\/#website\",\"url\":\"https:\\\/\\\/www.parisheure.com\\\/\",\"name\":\"PARIS HEURE\",\"description\":\"Vintage watches Paris\",\"publisher\":{\"@id\":\"https:\\\/\\\/www.parisheure.com\\\/#organization\"},\"potentialAction\":[{\"@type\":\"SearchAction\",\"target\":{\"@type\":\"EntryPoint\",\"urlTemplate\":\"https:\\\/\\\/www.parisheure.com\\\/?s={search_term_string}\"},\"query-input\":{\"@type\":\"PropertyValueSpecification\",\"valueRequired\":true,\"valueName\":\"search_term_string\"}}],\"inLanguage\":\"en-US\"},{\"@type\":\"Organization\",\"@id\":\"https:\\\/\\\/www.parisheure.com\\\/#organization\",\"name\":\"PARIS HEURE\",\"url\":\"https:\\\/\\\/www.parisheure.com\\\/\",\"logo\":{\"@type\":\"ImageObject\",\"inLanguage\":\"en-US\",\"@id\":\"https:\\\/\\\/www.parisheure.com\\\/#\\\/schema\\\/logo\\\/image\\\/\",\"url\":\"https:\\\/\\\/www.parisheure.com\\\/wp-content\\\/uploads\\\/2021\\\/07\\\/cropped-logo-paris-heure.png\",\"contentUrl\":\"https:\\\/\\\/www.parisheure.com\\\/wp-content\\\/uploads\\\/2021\\\/07\\\/cropped-logo-paris-heure.png\",\"width\":512,\"height\":512,\"caption\":\"PARIS HEURE\"},\"image\":{\"@id\":\"https:\\\/\\\/www.parisheure.com\\\/#\\\/schema\\\/logo\\\/image\\\/\"},\"sameAs\":[\"https:\\\/\\\/www.facebook.com\\\/ParisHeure\",\"https:\\\/\\\/www.instagram.com\\\/parisheure\\\/\"]}]}<\/script>\n<!-- \/ Yoast SEO plugin. -->","yoast_head_json":{"title":"ROLEX DAYTONA REF 6265 BIG RED SILVER FROM 1980 \u2022 PARIS HEURE","description":"Marque:\u00a0Rolex  Mod\u00e8le:\u00a0Daytona  Mouvement\u00a0: Meca Valjoux 727 num\u00e9rot\u00e9  R\u00e9f\u00e9rence:\u00a06265  Diam\u00e8tre\u00a0: 37mm  Ann\u00e9e:\u00a01980  Serial\u00a0: 639XXXX  Boite:\u00a0Tr\u00e8s beau boitier quasiment pas polie tr\u00e8s \u00e9pais et avec des angles parfait. Lunette en tr\u00e8s bon \u00e9tat.  Cadran:\u00a0Beau cadran silver d\u2019origine parfait variation avec des beaux points de tritium un l\u00e9ger manque a 3H 6H et 8H  Bracelet:\u00a0Acier blinde 78350 endlink 571  Accessoires\u00a0: Aucuns","robots":{"index":"index","follow":"follow","max-snippet":"max-snippet:-1","max-image-preview":"max-image-preview:large","max-video-preview":"max-video-preview:-1"},"canonical":"https:\/\/www.parisheure.com\/en\/buy-watch\/rolex-daytona-ref-6265-big-red-silver-from-1980\/","og_locale":"en_US","og_type":"article","og_title":"ROLEX DAYTONA REF 6265 BIG RED SILVER FROM 1980 &#8226; PARIS HEURE","og_description":"Marque:\u00a0Rolex  Mod\u00e8le:\u00a0Daytona  Mouvement\u00a0: Meca Valjoux 727 num\u00e9rot\u00e9  R\u00e9f\u00e9rence:\u00a06265  Diam\u00e8tre\u00a0: 37mm  Ann\u00e9e:\u00a01980  Serial\u00a0: 639XXXX  Boite:\u00a0Tr\u00e8s beau boitier quasiment pas polie tr\u00e8s \u00e9pais et avec des angles parfait. Lunette en tr\u00e8s bon \u00e9tat.  Cadran:\u00a0Beau cadran silver d\u2019origine parfait variation avec des beaux points de tritium un l\u00e9ger manque a 3H 6H et 8H  Bracelet:\u00a0Acier blinde 78350 endlink 571  Accessoires\u00a0: Aucuns","og_url":"https:\/\/www.parisheure.com\/en\/buy-watch\/rolex-daytona-ref-6265-big-red-silver-from-1980\/","og_site_name":"PARIS HEURE","article_publisher":"https:\/\/www.facebook.com\/ParisHeure","article_modified_time":"2024-10-23T08:40:50+00:00","og_image":[{"width":1024,"height":1024,"url":"https:\/\/www.parisheure.com\/wp-content\/uploads\/2021\/08\/ROLEX-DAYTONA-REF-6265-BIG-RED-SILVER-DEPOT-n\u00b06392946_0003_Calque-2-1024x1024.png","type":"image\/png"}],"twitter_card":"summary_large_image","schema":{"@context":"https:\/\/schema.org","@graph":[{"@type":"WebPage","@id":"https:\/\/www.parisheure.com\/acheter-montre\/rolex-daytona-ref-6265-big-red-silver-from-1980\/","url":"https:\/\/www.parisheure.com\/acheter-montre\/rolex-daytona-ref-6265-big-red-silver-from-1980\/","name":"ROLEX DAYTONA REF 6265 BIG RED SILVER FROM 1980 \u2022 PARIS HEURE","isPartOf":{"@id":"https:\/\/www.parisheure.com\/#website"},"primaryImageOfPage":{"@id":"https:\/\/www.parisheure.com\/acheter-montre\/rolex-daytona-ref-6265-big-red-silver-from-1980\/#primaryimage"},"image":{"@id":"https:\/\/www.parisheure.com\/acheter-montre\/rolex-daytona-ref-6265-big-red-silver-from-1980\/#primaryimage"},"thumbnailUrl":"https:\/\/www.parisheure.com\/wp-content\/uploads\/2021\/08\/ROLEX-DAYTONA-REF-6265-BIG-RED-SILVER-DEPOT-n\u00b06392946_0003_Calque-2.png","datePublished":"2021-08-04T09:55:07+00:00","dateModified":"2024-10-23T08:40:50+00:00","description":"Marque:\u00a0Rolex Mod\u00e8le:\u00a0Daytona Mouvement\u00a0: Meca Valjoux 727 num\u00e9rot\u00e9 R\u00e9f\u00e9rence:\u00a06265 Diam\u00e8tre\u00a0: 37mm Ann\u00e9e:\u00a01980 Serial\u00a0: 639XXXX Boite:\u00a0Tr\u00e8s beau boitier quasiment pas polie tr\u00e8s \u00e9pais et avec des angles parfait. Lunette en tr\u00e8s bon \u00e9tat. Cadran:\u00a0Beau cadran silver d\u2019origine parfait variation avec des beaux points de tritium un l\u00e9ger manque a 3H 6H et 8H Bracelet:\u00a0Acier blinde 78350 endlink 571 Accessoires\u00a0: Aucuns","breadcrumb":{"@id":"https:\/\/www.parisheure.com\/acheter-montre\/rolex-daytona-ref-6265-big-red-silver-from-1980\/#breadcrumb"},"inLanguage":"en-US","potentialAction":[{"@type":"ReadAction","target":["https:\/\/www.parisheure.com\/acheter-montre\/rolex-daytona-ref-6265-big-red-silver-from-1980\/"]}]},{"@type":"ImageObject","inLanguage":"en-US","@id":"https:\/\/www.parisheure.com\/acheter-montre\/rolex-daytona-ref-6265-big-red-silver-from-1980\/#primaryimage","url":"https:\/\/www.parisheure.com\/wp-content\/uploads\/2021\/08\/ROLEX-DAYTONA-REF-6265-BIG-RED-SILVER-DEPOT-n\u00b06392946_0003_Calque-2.png","contentUrl":"https:\/\/www.parisheure.com\/wp-content\/uploads\/2021\/08\/ROLEX-DAYTONA-REF-6265-BIG-RED-SILVER-DEPOT-n\u00b06392946_0003_Calque-2.png","width":2800,"height":2800},{"@type":"BreadcrumbList","@id":"https:\/\/www.parisheure.com\/acheter-montre\/rolex-daytona-ref-6265-big-red-silver-from-1980\/#breadcrumb","itemListElement":[{"@type":"ListItem","position":1,"name":"Accueil","item":"https:\/\/www.parisheure.com\/"},{"@type":"ListItem","position":2,"name":"WATCHES","item":"https:\/\/www.parisheure.com\/"},{"@type":"ListItem","position":3,"name":"ROLEX DAYTONA REF 6265 BIG RED SILVER FROM 1980"}]},{"@type":"WebSite","@id":"https:\/\/www.parisheure.com\/#website","url":"https:\/\/www.parisheure.com\/","name":"PARIS HEURE","description":"Vintage watches Paris","publisher":{"@id":"https:\/\/www.parisheure.com\/#organization"},"potentialAction":[{"@type":"SearchAction","target":{"@type":"EntryPoint","urlTemplate":"https:\/\/www.parisheure.com\/?s={search_term_string}"},"query-input":{"@type":"PropertyValueSpecification","valueRequired":true,"valueName":"search_term_string"}}],"inLanguage":"en-US"},{"@type":"Organization","@id":"https:\/\/www.parisheure.com\/#organization","name":"PARIS HEURE","url":"https:\/\/www.parisheure.com\/","logo":{"@type":"ImageObject","inLanguage":"en-US","@id":"https:\/\/www.parisheure.com\/#\/schema\/logo\/image\/","url":"https:\/\/www.parisheure.com\/wp-content\/uploads\/2021\/07\/cropped-logo-paris-heure.png","contentUrl":"https:\/\/www.parisheure.com\/wp-content\/uploads\/2021\/07\/cropped-logo-paris-heure.png","width":512,"height":512,"caption":"PARIS HEURE"},"image":{"@id":"https:\/\/www.parisheure.com\/#\/schema\/logo\/image\/"},"sameAs":["https:\/\/www.facebook.com\/ParisHeure","https:\/\/www.instagram.com\/parisheure\/"]}]}},"jetpack_sharing_enabled":true,"brands":[{"id":432,"name":"Rolex","slug":"rolex"}],"_links":{"self":[{"href":"https:\/\/www.parisheure.com\/en\/wp-json\/wp\/v2\/product\/7916","targetHints":{"allow":["GET"]}}],"collection":[{"href":"https:\/\/www.parisheure.com\/en\/wp-json\/wp\/v2\/product"}],"about":[{"href":"https:\/\/www.parisheure.com\/en\/wp-json\/wp\/v2\/types\/product"}],"version-history":[{"count":1,"href":"https:\/\/www.parisheure.com\/en\/wp-json\/wp\/v2\/product\/7916\/revisions"}],"predecessor-version":[{"id":14219,"href":"https:\/\/www.parisheure.com\/en\/wp-json\/wp\/v2\/product\/7916\/revisions\/14219"}],"wp:featuredmedia":[{"embeddable":true,"href":"https:\/\/www.parisheure.com\/en\/wp-json\/wp\/v2\/media\/8137"}],"wp:attachment":[{"href":"https:\/\/www.parisheure.com\/en\/wp-json\/wp\/v2\/media?parent=7916"}],"wp:term":[{"taxonomy":"pwb-brand","embeddable":true,"href":"https:\/\/www.parisheure.com\/en\/wp-json\/wp\/v2\/pwb-brand?post=7916"},{"taxonomy":"product_brand","embeddable":true,"href":"https:\/\/www.parisheure.com\/en\/wp-json\/wp\/v2\/product_brand?post=7916"},{"taxonomy":"product_cat","embeddable":true,"href":"https:\/\/www.parisheure.com\/en\/wp-json\/wp\/v2\/product_cat?post=7916"},{"taxonomy":"product_tag","embeddable":true,"href":"https:\/\/www.parisheure.com\/en\/wp-json\/wp\/v2\/product_tag?post=7916"}],"curies":[{"name":"wp","href":"https:\/\/api.w.org\/{rel}","templated":true}]}}