{"id":7917,"date":"2021-08-04T11:57:05","date_gmt":"2021-08-04T09:57:05","guid":{"rendered":"http:\/\/www.parisheure.com\/?post_type=product&#038;p=7917"},"modified":"2024-10-23T10:40:40","modified_gmt":"2024-10-23T08:40:40","slug":"rolex-daydate-ref-18246-full-platine-et-diamants-full-set-from-1995-service-rolex","status":"publish","type":"product","link":"https:\/\/www.parisheure.com\/en\/buy-watch\/rolex-daydate-ref-18246-full-platine-et-diamants-full-set-from-1995-service-rolex\/","title":{"rendered":"ROLEX DAYDATE REF 18246 FULL PLATINUM AND DIAMONDS FULL SET"},"content":{"rendered":"<p><strong>Our opinion:<\/strong> The president daydate in platinum is a rare, timeless and elegant watch from the semi-modern Rolex collection. Very classy with its original hands. Dial and hands with original tritium. The watch is in near new condition can never be polished with a very thick case and a perfect dial all original from 1995! The watch is mounted on a platinum bracelet, everything is matching with its special reference 18246 little produced. A beautiful original daydate platinum watch at an affordable price compared to current models in store! A true, totally unisex collector.<\/p>","protected":false},"excerpt":{"rendered":"<p><strong>Brand:<\/strong>\u00a0Rolex<\/p>\n<p><strong>Model:<\/strong>\u00a0Day Date<\/p>\n<p><strong>Movement\u00a0: <\/strong>Automatic<\/p>\n<p><strong>Reference:<\/strong>\u00a018246 white gold<\/p>\n<p><strong>Diameter\u00a0: <\/strong>36mm<\/p>\n<p><strong>Year:<\/strong>\u00a01995<\/p>\n<p><strong>Serial : <\/strong><\/p>\n<p><strong>Case:<\/strong>\u00a0Very nice almost unpolished case in very thick platinum gold with perfect angles. Very heavy on the wrist. Bezel set with original Rolex factory diamonds in platinum. Special reference with its diamond bezel and all in platinum.<\/p>\n<p><strong>Dial:<\/strong>\u00a0Beautiful original silver dial, perfect with all its tritium points, rare version with original diamond indexes in perfect condition, no flaws on the dial.<\/p>\n<p><strong>Bracelet:<\/strong>\u00a0President bracelet in platinum.<\/p>\n<p><strong>Accessories: <\/strong>Original papers dating from 1995 and Rolex SA revision papers<\/p>","protected":false},"featured_media":8111,"template":"","meta":[],"pwb-brand":[432],"product_brand":[],"product_cat":[107,367,90,250],"product_tag":[163,145,162,106,161,127],"class_list":{"0":"post-7917","1":"product","2":"type-product","3":"status-publish","4":"has-post-thumbnail","6":"pwb-brand-rolex","7":"product_cat-archives","8":"product_cat-montres-paris-heure","9":"product_cat-rolex","10":"product_cat-rolex-daydate","11":"product_tag-163","12":"product_tag-daydate","13":"product_tag-diamants","14":"product_tag-full-set","15":"product_tag-platine","16":"product_tag-rolex","18":"first","19":"outofstock","20":"shipping-taxable","21":"product-type-simple"},"yoast_head":"<!-- This site is optimized with the Yoast SEO plugin v27.3 - https:\/\/yoast.com\/product\/yoast-seo-wordpress\/ -->\n<title>ROLEX DAYDATE REF 18246 FULL PLATINE ET DIAMANTS FULL SET &#8226; PARIS HEURE<\/title>\n<meta name=\"description\" content=\"Marque:\u00a0Rolex  Mod\u00e8le:\u00a0Day Date  Mouvement\u00a0: Automatique  R\u00e9f\u00e9rence:\u00a018246 or blanc  Diam\u00e8tre\u00a0: 36mm  Ann\u00e9e:\u00a01995  Serial\u00a0:   Boite:\u00a0Tr\u00e8s beau boitier quasiment pas polie en or platine tr\u00e8s \u00e9pais et avec des angles parfait. Tr\u00e8s lourde au poignet. Lunette sertie de diamants d\u2019origines d\u2019usine Rolex en platine. R\u00e9f\u00e9rence sp\u00e9ciale avec sa lunette diamants et tout en platine.  Cadran:\u00a0Beau cadran silver d\u2019origine parfait avec tous ses points de tritium rare version avec index diamants d\u2019origine en \u00e9tat parfait aucuns d\u00e9fauts sur le cadran.  Bracelet:\u00a0Bracelet pr\u00e9sident en platine peu d\u00e9tendu avec beaucoup de maillons pr\u00e9sents..  Accessoires\u00a0: Papiers d\u2019origines datant de 1995 et Papiers de r\u00e9vision Rolex SA\" \/>\n<meta name=\"robots\" content=\"index, follow, max-snippet:-1, max-image-preview:large, max-video-preview:-1\" \/>\n<link rel=\"canonical\" href=\"https:\/\/www.parisheure.com\/en\/buy-watch\/rolex-daydate-ref-18246-full-platine-et-diamants-full-set-from-1995-service-rolex\/\" \/>\n<meta property=\"og:locale\" content=\"en_US\" \/>\n<meta property=\"og:type\" content=\"article\" \/>\n<meta property=\"og:title\" content=\"ROLEX DAYDATE REF 18246 FULL PLATINE ET DIAMANTS FULL SET &#8226; PARIS HEURE\" \/>\n<meta property=\"og:description\" content=\"Marque:\u00a0Rolex  Mod\u00e8le:\u00a0Day Date  Mouvement\u00a0: Automatique  R\u00e9f\u00e9rence:\u00a018246 or blanc  Diam\u00e8tre\u00a0: 36mm  Ann\u00e9e:\u00a01995  Serial\u00a0:   Boite:\u00a0Tr\u00e8s beau boitier quasiment pas polie en or platine tr\u00e8s \u00e9pais et avec des angles parfait. Tr\u00e8s lourde au poignet. Lunette sertie de diamants d\u2019origines d\u2019usine Rolex en platine. R\u00e9f\u00e9rence sp\u00e9ciale avec sa lunette diamants et tout en platine.  Cadran:\u00a0Beau cadran silver d\u2019origine parfait avec tous ses points de tritium rare version avec index diamants d\u2019origine en \u00e9tat parfait aucuns d\u00e9fauts sur le cadran.  Bracelet:\u00a0Bracelet pr\u00e9sident en platine peu d\u00e9tendu avec beaucoup de maillons pr\u00e9sents..  Accessoires\u00a0: Papiers d\u2019origines datant de 1995 et Papiers de r\u00e9vision Rolex SA\" \/>\n<meta property=\"og:url\" content=\"https:\/\/www.parisheure.com\/en\/buy-watch\/rolex-daydate-ref-18246-full-platine-et-diamants-full-set-from-1995-service-rolex\/\" \/>\n<meta property=\"og:site_name\" content=\"PARIS HEURE\" \/>\n<meta property=\"article:publisher\" content=\"https:\/\/www.facebook.com\/ParisHeure\" \/>\n<meta property=\"article:modified_time\" content=\"2024-10-23T08:40:40+00:00\" \/>\n<meta property=\"og:image\" content=\"https:\/\/www.parisheure.com\/wp-content\/uploads\/2021\/08\/ROLEX-DAYDATE-REF-18346-PLATINE-ET-DIAMANTS-SILVER-DIAL-FULL-SET-REVISION-ROLEX-N\u00b0X801904-_0017_Calque-5-1024x1024.png\" \/>\n\t<meta property=\"og:image:width\" content=\"1024\" \/>\n\t<meta property=\"og:image:height\" content=\"1024\" \/>\n\t<meta property=\"og:image:type\" content=\"image\/png\" \/>\n<meta name=\"twitter:card\" content=\"summary_large_image\" \/>\n<script type=\"application\/ld+json\" class=\"yoast-schema-graph\">{\"@context\":\"https:\\\/\\\/schema.org\",\"@graph\":[{\"@type\":\"WebPage\",\"@id\":\"https:\\\/\\\/www.parisheure.com\\\/acheter-montre\\\/rolex-daydate-ref-18246-full-platine-et-diamants-full-set-from-1995-service-rolex\\\/\",\"url\":\"https:\\\/\\\/www.parisheure.com\\\/acheter-montre\\\/rolex-daydate-ref-18246-full-platine-et-diamants-full-set-from-1995-service-rolex\\\/\",\"name\":\"ROLEX DAYDATE REF 18246 FULL PLATINE ET DIAMANTS FULL SET &#8226; PARIS HEURE\",\"isPartOf\":{\"@id\":\"https:\\\/\\\/www.parisheure.com\\\/#website\"},\"primaryImageOfPage\":{\"@id\":\"https:\\\/\\\/www.parisheure.com\\\/acheter-montre\\\/rolex-daydate-ref-18246-full-platine-et-diamants-full-set-from-1995-service-rolex\\\/#primaryimage\"},\"image\":{\"@id\":\"https:\\\/\\\/www.parisheure.com\\\/acheter-montre\\\/rolex-daydate-ref-18246-full-platine-et-diamants-full-set-from-1995-service-rolex\\\/#primaryimage\"},\"thumbnailUrl\":\"https:\\\/\\\/www.parisheure.com\\\/wp-content\\\/uploads\\\/2021\\\/08\\\/ROLEX-DAYDATE-REF-18346-PLATINE-ET-DIAMANTS-SILVER-DIAL-FULL-SET-REVISION-ROLEX-N\u00b0X801904-_0017_Calque-5.png\",\"datePublished\":\"2021-08-04T09:57:05+00:00\",\"dateModified\":\"2024-10-23T08:40:40+00:00\",\"description\":\"Marque:\u00a0Rolex Mod\u00e8le:\u00a0Day Date Mouvement\u00a0: Automatique R\u00e9f\u00e9rence:\u00a018246 or blanc Diam\u00e8tre\u00a0: 36mm Ann\u00e9e:\u00a01995 Serial\u00a0: Boite:\u00a0Tr\u00e8s beau boitier quasiment pas polie en or platine tr\u00e8s \u00e9pais et avec des angles parfait. Tr\u00e8s lourde au poignet. Lunette sertie de diamants d\u2019origines d\u2019usine Rolex en platine. R\u00e9f\u00e9rence sp\u00e9ciale avec sa lunette diamants et tout en platine. Cadran:\u00a0Beau cadran silver d\u2019origine parfait avec tous ses points de tritium rare version avec index diamants d\u2019origine en \u00e9tat parfait aucuns d\u00e9fauts sur le cadran. Bracelet:\u00a0Bracelet pr\u00e9sident en platine peu d\u00e9tendu avec beaucoup de maillons pr\u00e9sents.. Accessoires\u00a0: Papiers d\u2019origines datant de 1995 et Papiers de r\u00e9vision Rolex SA\",\"breadcrumb\":{\"@id\":\"https:\\\/\\\/www.parisheure.com\\\/acheter-montre\\\/rolex-daydate-ref-18246-full-platine-et-diamants-full-set-from-1995-service-rolex\\\/#breadcrumb\"},\"inLanguage\":\"en-US\",\"potentialAction\":[{\"@type\":\"ReadAction\",\"target\":[\"https:\\\/\\\/www.parisheure.com\\\/acheter-montre\\\/rolex-daydate-ref-18246-full-platine-et-diamants-full-set-from-1995-service-rolex\\\/\"]}]},{\"@type\":\"ImageObject\",\"inLanguage\":\"en-US\",\"@id\":\"https:\\\/\\\/www.parisheure.com\\\/acheter-montre\\\/rolex-daydate-ref-18246-full-platine-et-diamants-full-set-from-1995-service-rolex\\\/#primaryimage\",\"url\":\"https:\\\/\\\/www.parisheure.com\\\/wp-content\\\/uploads\\\/2021\\\/08\\\/ROLEX-DAYDATE-REF-18346-PLATINE-ET-DIAMANTS-SILVER-DIAL-FULL-SET-REVISION-ROLEX-N\u00b0X801904-_0017_Calque-5.png\",\"contentUrl\":\"https:\\\/\\\/www.parisheure.com\\\/wp-content\\\/uploads\\\/2021\\\/08\\\/ROLEX-DAYDATE-REF-18346-PLATINE-ET-DIAMANTS-SILVER-DIAL-FULL-SET-REVISION-ROLEX-N\u00b0X801904-_0017_Calque-5.png\",\"width\":2800,\"height\":2800},{\"@type\":\"BreadcrumbList\",\"@id\":\"https:\\\/\\\/www.parisheure.com\\\/acheter-montre\\\/rolex-daydate-ref-18246-full-platine-et-diamants-full-set-from-1995-service-rolex\\\/#breadcrumb\",\"itemListElement\":[{\"@type\":\"ListItem\",\"position\":1,\"name\":\"Accueil\",\"item\":\"https:\\\/\\\/www.parisheure.com\\\/\"},{\"@type\":\"ListItem\",\"position\":2,\"name\":\"WATCHES\",\"item\":\"https:\\\/\\\/www.parisheure.com\\\/\"},{\"@type\":\"ListItem\",\"position\":3,\"name\":\"ROLEX DAYDATE REF 18246 FULL PLATINE ET DIAMANTS FULL SET\"}]},{\"@type\":\"WebSite\",\"@id\":\"https:\\\/\\\/www.parisheure.com\\\/#website\",\"url\":\"https:\\\/\\\/www.parisheure.com\\\/\",\"name\":\"PARIS HEURE\",\"description\":\"Vintage watches Paris\",\"publisher\":{\"@id\":\"https:\\\/\\\/www.parisheure.com\\\/#organization\"},\"potentialAction\":[{\"@type\":\"SearchAction\",\"target\":{\"@type\":\"EntryPoint\",\"urlTemplate\":\"https:\\\/\\\/www.parisheure.com\\\/?s={search_term_string}\"},\"query-input\":{\"@type\":\"PropertyValueSpecification\",\"valueRequired\":true,\"valueName\":\"search_term_string\"}}],\"inLanguage\":\"en-US\"},{\"@type\":\"Organization\",\"@id\":\"https:\\\/\\\/www.parisheure.com\\\/#organization\",\"name\":\"PARIS HEURE\",\"url\":\"https:\\\/\\\/www.parisheure.com\\\/\",\"logo\":{\"@type\":\"ImageObject\",\"inLanguage\":\"en-US\",\"@id\":\"https:\\\/\\\/www.parisheure.com\\\/#\\\/schema\\\/logo\\\/image\\\/\",\"url\":\"https:\\\/\\\/www.parisheure.com\\\/wp-content\\\/uploads\\\/2021\\\/07\\\/cropped-logo-paris-heure.png\",\"contentUrl\":\"https:\\\/\\\/www.parisheure.com\\\/wp-content\\\/uploads\\\/2021\\\/07\\\/cropped-logo-paris-heure.png\",\"width\":512,\"height\":512,\"caption\":\"PARIS HEURE\"},\"image\":{\"@id\":\"https:\\\/\\\/www.parisheure.com\\\/#\\\/schema\\\/logo\\\/image\\\/\"},\"sameAs\":[\"https:\\\/\\\/www.facebook.com\\\/ParisHeure\",\"https:\\\/\\\/www.instagram.com\\\/parisheure\\\/\"]}]}<\/script>\n<!-- \/ Yoast SEO plugin. -->","yoast_head_json":{"title":"ROLEX DAYDATE REF 18246 FULL PLATINE ET DIAMANTS FULL SET \u2022 PARIS HEURE","description":"Marque:\u00a0Rolex  Mod\u00e8le:\u00a0Day Date  Mouvement\u00a0: Automatique  R\u00e9f\u00e9rence:\u00a018246 or blanc  Diam\u00e8tre\u00a0: 36mm  Ann\u00e9e:\u00a01995  Serial\u00a0:   Boite:\u00a0Tr\u00e8s beau boitier quasiment pas polie en or platine tr\u00e8s \u00e9pais et avec des angles parfait. Tr\u00e8s lourde au poignet. Lunette sertie de diamants d\u2019origines d\u2019usine Rolex en platine. R\u00e9f\u00e9rence sp\u00e9ciale avec sa lunette diamants et tout en platine.  Cadran:\u00a0Beau cadran silver d\u2019origine parfait avec tous ses points de tritium rare version avec index diamants d\u2019origine en \u00e9tat parfait aucuns d\u00e9fauts sur le cadran.  Bracelet:\u00a0Bracelet pr\u00e9sident en platine peu d\u00e9tendu avec beaucoup de maillons pr\u00e9sents..  Accessoires\u00a0: Papiers d\u2019origines datant de 1995 et Papiers de r\u00e9vision Rolex SA","robots":{"index":"index","follow":"follow","max-snippet":"max-snippet:-1","max-image-preview":"max-image-preview:large","max-video-preview":"max-video-preview:-1"},"canonical":"https:\/\/www.parisheure.com\/en\/buy-watch\/rolex-daydate-ref-18246-full-platine-et-diamants-full-set-from-1995-service-rolex\/","og_locale":"en_US","og_type":"article","og_title":"ROLEX DAYDATE REF 18246 FULL PLATINE ET DIAMANTS FULL SET &#8226; PARIS HEURE","og_description":"Marque:\u00a0Rolex  Mod\u00e8le:\u00a0Day Date  Mouvement\u00a0: Automatique  R\u00e9f\u00e9rence:\u00a018246 or blanc  Diam\u00e8tre\u00a0: 36mm  Ann\u00e9e:\u00a01995  Serial\u00a0:   Boite:\u00a0Tr\u00e8s beau boitier quasiment pas polie en or platine tr\u00e8s \u00e9pais et avec des angles parfait. Tr\u00e8s lourde au poignet. Lunette sertie de diamants d\u2019origines d\u2019usine Rolex en platine. R\u00e9f\u00e9rence sp\u00e9ciale avec sa lunette diamants et tout en platine.  Cadran:\u00a0Beau cadran silver d\u2019origine parfait avec tous ses points de tritium rare version avec index diamants d\u2019origine en \u00e9tat parfait aucuns d\u00e9fauts sur le cadran.  Bracelet:\u00a0Bracelet pr\u00e9sident en platine peu d\u00e9tendu avec beaucoup de maillons pr\u00e9sents..  Accessoires\u00a0: Papiers d\u2019origines datant de 1995 et Papiers de r\u00e9vision Rolex SA","og_url":"https:\/\/www.parisheure.com\/en\/buy-watch\/rolex-daydate-ref-18246-full-platine-et-diamants-full-set-from-1995-service-rolex\/","og_site_name":"PARIS HEURE","article_publisher":"https:\/\/www.facebook.com\/ParisHeure","article_modified_time":"2024-10-23T08:40:40+00:00","og_image":[{"width":1024,"height":1024,"url":"https:\/\/www.parisheure.com\/wp-content\/uploads\/2021\/08\/ROLEX-DAYDATE-REF-18346-PLATINE-ET-DIAMANTS-SILVER-DIAL-FULL-SET-REVISION-ROLEX-N\u00b0X801904-_0017_Calque-5-1024x1024.png","type":"image\/png"}],"twitter_card":"summary_large_image","schema":{"@context":"https:\/\/schema.org","@graph":[{"@type":"WebPage","@id":"https:\/\/www.parisheure.com\/acheter-montre\/rolex-daydate-ref-18246-full-platine-et-diamants-full-set-from-1995-service-rolex\/","url":"https:\/\/www.parisheure.com\/acheter-montre\/rolex-daydate-ref-18246-full-platine-et-diamants-full-set-from-1995-service-rolex\/","name":"ROLEX DAYDATE REF 18246 FULL PLATINE ET DIAMANTS FULL SET \u2022 PARIS HEURE","isPartOf":{"@id":"https:\/\/www.parisheure.com\/#website"},"primaryImageOfPage":{"@id":"https:\/\/www.parisheure.com\/acheter-montre\/rolex-daydate-ref-18246-full-platine-et-diamants-full-set-from-1995-service-rolex\/#primaryimage"},"image":{"@id":"https:\/\/www.parisheure.com\/acheter-montre\/rolex-daydate-ref-18246-full-platine-et-diamants-full-set-from-1995-service-rolex\/#primaryimage"},"thumbnailUrl":"https:\/\/www.parisheure.com\/wp-content\/uploads\/2021\/08\/ROLEX-DAYDATE-REF-18346-PLATINE-ET-DIAMANTS-SILVER-DIAL-FULL-SET-REVISION-ROLEX-N\u00b0X801904-_0017_Calque-5.png","datePublished":"2021-08-04T09:57:05+00:00","dateModified":"2024-10-23T08:40:40+00:00","description":"Marque:\u00a0Rolex Mod\u00e8le:\u00a0Day Date Mouvement\u00a0: Automatique R\u00e9f\u00e9rence:\u00a018246 or blanc Diam\u00e8tre\u00a0: 36mm Ann\u00e9e:\u00a01995 Serial\u00a0: Boite:\u00a0Tr\u00e8s beau boitier quasiment pas polie en or platine tr\u00e8s \u00e9pais et avec des angles parfait. Tr\u00e8s lourde au poignet. Lunette sertie de diamants d\u2019origines d\u2019usine Rolex en platine. R\u00e9f\u00e9rence sp\u00e9ciale avec sa lunette diamants et tout en platine. Cadran:\u00a0Beau cadran silver d\u2019origine parfait avec tous ses points de tritium rare version avec index diamants d\u2019origine en \u00e9tat parfait aucuns d\u00e9fauts sur le cadran. Bracelet:\u00a0Bracelet pr\u00e9sident en platine peu d\u00e9tendu avec beaucoup de maillons pr\u00e9sents.. Accessoires\u00a0: Papiers d\u2019origines datant de 1995 et Papiers de r\u00e9vision Rolex SA","breadcrumb":{"@id":"https:\/\/www.parisheure.com\/acheter-montre\/rolex-daydate-ref-18246-full-platine-et-diamants-full-set-from-1995-service-rolex\/#breadcrumb"},"inLanguage":"en-US","potentialAction":[{"@type":"ReadAction","target":["https:\/\/www.parisheure.com\/acheter-montre\/rolex-daydate-ref-18246-full-platine-et-diamants-full-set-from-1995-service-rolex\/"]}]},{"@type":"ImageObject","inLanguage":"en-US","@id":"https:\/\/www.parisheure.com\/acheter-montre\/rolex-daydate-ref-18246-full-platine-et-diamants-full-set-from-1995-service-rolex\/#primaryimage","url":"https:\/\/www.parisheure.com\/wp-content\/uploads\/2021\/08\/ROLEX-DAYDATE-REF-18346-PLATINE-ET-DIAMANTS-SILVER-DIAL-FULL-SET-REVISION-ROLEX-N\u00b0X801904-_0017_Calque-5.png","contentUrl":"https:\/\/www.parisheure.com\/wp-content\/uploads\/2021\/08\/ROLEX-DAYDATE-REF-18346-PLATINE-ET-DIAMANTS-SILVER-DIAL-FULL-SET-REVISION-ROLEX-N\u00b0X801904-_0017_Calque-5.png","width":2800,"height":2800},{"@type":"BreadcrumbList","@id":"https:\/\/www.parisheure.com\/acheter-montre\/rolex-daydate-ref-18246-full-platine-et-diamants-full-set-from-1995-service-rolex\/#breadcrumb","itemListElement":[{"@type":"ListItem","position":1,"name":"Accueil","item":"https:\/\/www.parisheure.com\/"},{"@type":"ListItem","position":2,"name":"WATCHES","item":"https:\/\/www.parisheure.com\/"},{"@type":"ListItem","position":3,"name":"ROLEX DAYDATE REF 18246 FULL PLATINE ET DIAMANTS FULL SET"}]},{"@type":"WebSite","@id":"https:\/\/www.parisheure.com\/#website","url":"https:\/\/www.parisheure.com\/","name":"PARIS HEURE","description":"Vintage watches Paris","publisher":{"@id":"https:\/\/www.parisheure.com\/#organization"},"potentialAction":[{"@type":"SearchAction","target":{"@type":"EntryPoint","urlTemplate":"https:\/\/www.parisheure.com\/?s={search_term_string}"},"query-input":{"@type":"PropertyValueSpecification","valueRequired":true,"valueName":"search_term_string"}}],"inLanguage":"en-US"},{"@type":"Organization","@id":"https:\/\/www.parisheure.com\/#organization","name":"PARIS HEURE","url":"https:\/\/www.parisheure.com\/","logo":{"@type":"ImageObject","inLanguage":"en-US","@id":"https:\/\/www.parisheure.com\/#\/schema\/logo\/image\/","url":"https:\/\/www.parisheure.com\/wp-content\/uploads\/2021\/07\/cropped-logo-paris-heure.png","contentUrl":"https:\/\/www.parisheure.com\/wp-content\/uploads\/2021\/07\/cropped-logo-paris-heure.png","width":512,"height":512,"caption":"PARIS HEURE"},"image":{"@id":"https:\/\/www.parisheure.com\/#\/schema\/logo\/image\/"},"sameAs":["https:\/\/www.facebook.com\/ParisHeure","https:\/\/www.instagram.com\/parisheure\/"]}]}},"jetpack_sharing_enabled":true,"brands":[{"id":432,"name":"Rolex","slug":"rolex"}],"_links":{"self":[{"href":"https:\/\/www.parisheure.com\/en\/wp-json\/wp\/v2\/product\/7917","targetHints":{"allow":["GET"]}}],"collection":[{"href":"https:\/\/www.parisheure.com\/en\/wp-json\/wp\/v2\/product"}],"about":[{"href":"https:\/\/www.parisheure.com\/en\/wp-json\/wp\/v2\/types\/product"}],"version-history":[{"count":1,"href":"https:\/\/www.parisheure.com\/en\/wp-json\/wp\/v2\/product\/7917\/revisions"}],"predecessor-version":[{"id":14218,"href":"https:\/\/www.parisheure.com\/en\/wp-json\/wp\/v2\/product\/7917\/revisions\/14218"}],"wp:featuredmedia":[{"embeddable":true,"href":"https:\/\/www.parisheure.com\/en\/wp-json\/wp\/v2\/media\/8111"}],"wp:attachment":[{"href":"https:\/\/www.parisheure.com\/en\/wp-json\/wp\/v2\/media?parent=7917"}],"wp:term":[{"taxonomy":"pwb-brand","embeddable":true,"href":"https:\/\/www.parisheure.com\/en\/wp-json\/wp\/v2\/pwb-brand?post=7917"},{"taxonomy":"product_brand","embeddable":true,"href":"https:\/\/www.parisheure.com\/en\/wp-json\/wp\/v2\/product_brand?post=7917"},{"taxonomy":"product_cat","embeddable":true,"href":"https:\/\/www.parisheure.com\/en\/wp-json\/wp\/v2\/product_cat?post=7917"},{"taxonomy":"product_tag","embeddable":true,"href":"https:\/\/www.parisheure.com\/en\/wp-json\/wp\/v2\/product_tag?post=7917"}],"curies":[{"name":"wp","href":"https:\/\/api.w.org\/{rel}","templated":true}]}}