{"id":7922,"date":"2021-08-04T12:19:25","date_gmt":"2021-08-04T10:19:25","guid":{"rendered":"http:\/\/www.parisheure.com\/?post_type=product&#038;p=7922"},"modified":"2024-10-23T10:31:28","modified_gmt":"2024-10-23T08:31:28","slug":"panerai-pam-90-acier-full-set-from-2003","status":"publish","type":"product","link":"https:\/\/www.parisheure.com\/en\/buy-watch\/panerai-pam-90-acier-full-set-from-2003\/","title":{"rendered":"PANERAI PAM 90 ACIER FULL SET from 2003"},"content":{"rendered":"<p><strong>Our opinion:<\/strong> Very nice 44mm luminor watch from Panerai. In the pure Panerai tradition with its date at 3 o'clock as well as the 40-hour power reserve function, a useful complication for an automatic watch. The watch is in perfect condition, complete with its box and outer box, papes, chronometry certificate, screwdriver ... A real full set, soon to be collector's item, production of which stopped after many years!<\/p>","protected":false},"excerpt":{"rendered":"<p><strong>Model:<\/strong>\u00a0Luminor<\/p>\n<p><strong>Movement\u00a0: <\/strong>Automatic and 40h power reserve<\/p>\n<p><strong>Reference:<\/strong>\u00a0PAM 90<\/p>\n<p><strong>Diameter\u00a0: <\/strong>44mm<\/p>\n<p><strong>Year:<\/strong>\u00a02003<\/p>\n<p><strong>Case:<\/strong>\u00a0Beautiful case little polished large size 44mm in good condition. The angles remain very present.<\/p>\n<p><strong>Dial:<\/strong>\u00a0Beautiful original black dial without any flaws.<\/p>\n<p><strong>Bracelet:<\/strong>\u00a0Leather<\/p>\n<p><strong>Accessories:<\/strong>\u00a0Box, outer box and original papers. 2nd rubber strap<\/p>","protected":false},"featured_media":9827,"template":"","meta":[],"pwb-brand":[435],"product_brand":[],"product_cat":[107,367,93],"product_tag":[178,179,106,123,122,121],"class_list":{"0":"post-7922","1":"product","2":"type-product","3":"status-publish","4":"has-post-thumbnail","6":"pwb-brand-panerai","7":"product_cat-archives","8":"product_cat-montres-paris-heure","9":"product_cat-panerai","10":"product_tag-178","11":"product_tag-44mm","12":"product_tag-full-set","13":"product_tag-luminor","14":"product_tag-pam90","15":"product_tag-panerai","17":"first","18":"outofstock","19":"shipping-taxable","20":"product-type-simple"},"yoast_head":"<!-- This site is optimized with the Yoast SEO plugin v27.5 - https:\/\/yoast.com\/product\/yoast-seo-wordpress\/ -->\n<title>PANERAI PAM 90 ACIER FULL SET from 2003 &#8226; PARIS HEURE<\/title>\n<meta name=\"description\" content=\"Mod\u00e8le:\u00a0Luminor  Mouvement\u00a0: Automatique et r\u00e9serve de marche  R\u00e9f\u00e9rence:\u00a0PAM 90  Diam\u00e8tre\u00a0: 44mm  Ann\u00e9e:\u00a02003  Boite:\u00a0Beau boitier peu polie grande taille 44mm en bel \u00e9tat de conservation. Les angles restent bien pr\u00e9sents.  Cadran:\u00a0Beau cadran noir d\u2019origine sans aucuns d\u00e9fauts.  Bracelet:\u00a0Cuir  Accessoires:\u00a0Boite sur boite et papiers d\u2019origines. 2\u00e8me bracelet caoutchouc\" \/>\n<meta name=\"robots\" content=\"index, follow, max-snippet:-1, max-image-preview:large, max-video-preview:-1\" \/>\n<link rel=\"canonical\" href=\"https:\/\/www.parisheure.com\/en\/buy-watch\/panerai-pam-90-acier-full-set-from-2003\/\" \/>\n<meta property=\"og:locale\" content=\"en_US\" \/>\n<meta property=\"og:type\" content=\"article\" \/>\n<meta property=\"og:title\" content=\"PANERAI PAM 90 ACIER FULL SET from 2003 &#8226; PARIS HEURE\" \/>\n<meta property=\"og:description\" content=\"Mod\u00e8le:\u00a0Luminor  Mouvement\u00a0: Automatique et r\u00e9serve de marche  R\u00e9f\u00e9rence:\u00a0PAM 90  Diam\u00e8tre\u00a0: 44mm  Ann\u00e9e:\u00a02003  Boite:\u00a0Beau boitier peu polie grande taille 44mm en bel \u00e9tat de conservation. Les angles restent bien pr\u00e9sents.  Cadran:\u00a0Beau cadran noir d\u2019origine sans aucuns d\u00e9fauts.  Bracelet:\u00a0Cuir  Accessoires:\u00a0Boite sur boite et papiers d\u2019origines. 2\u00e8me bracelet caoutchouc\" \/>\n<meta property=\"og:url\" content=\"https:\/\/www.parisheure.com\/en\/buy-watch\/panerai-pam-90-acier-full-set-from-2003\/\" \/>\n<meta property=\"og:site_name\" content=\"PARIS HEURE\" \/>\n<meta property=\"article:publisher\" content=\"https:\/\/www.facebook.com\/ParisHeure\" \/>\n<meta property=\"article:modified_time\" content=\"2024-10-23T08:31:28+00:00\" \/>\n<meta property=\"og:image\" content=\"https:\/\/www.parisheure.com\/wp-content\/uploads\/2021\/08\/PANERAI-POWER-RESERVE-PAM-90-BP-N\u00b0-F119815_0006_Calque-2-1024x1024.png\" \/>\n\t<meta property=\"og:image:width\" content=\"1024\" \/>\n\t<meta property=\"og:image:height\" content=\"1024\" \/>\n\t<meta property=\"og:image:type\" content=\"image\/png\" \/>\n<meta name=\"twitter:card\" content=\"summary_large_image\" \/>\n<script type=\"application\/ld+json\" class=\"yoast-schema-graph\">{\"@context\":\"https:\\\/\\\/schema.org\",\"@graph\":[{\"@type\":\"WebPage\",\"@id\":\"https:\\\/\\\/www.parisheure.com\\\/acheter-montre\\\/panerai-pam-90-acier-full-set-from-2003\\\/\",\"url\":\"https:\\\/\\\/www.parisheure.com\\\/acheter-montre\\\/panerai-pam-90-acier-full-set-from-2003\\\/\",\"name\":\"PANERAI PAM 90 ACIER FULL SET from 2003 &#8226; PARIS HEURE\",\"isPartOf\":{\"@id\":\"https:\\\/\\\/www.parisheure.com\\\/#website\"},\"primaryImageOfPage\":{\"@id\":\"https:\\\/\\\/www.parisheure.com\\\/acheter-montre\\\/panerai-pam-90-acier-full-set-from-2003\\\/#primaryimage\"},\"image\":{\"@id\":\"https:\\\/\\\/www.parisheure.com\\\/acheter-montre\\\/panerai-pam-90-acier-full-set-from-2003\\\/#primaryimage\"},\"thumbnailUrl\":\"https:\\\/\\\/www.parisheure.com\\\/wp-content\\\/uploads\\\/2021\\\/08\\\/PANERAI-POWER-RESERVE-PAM-90-BP-N\u00b0-F119815_0006_Calque-2.png\",\"datePublished\":\"2021-08-04T10:19:25+00:00\",\"dateModified\":\"2024-10-23T08:31:28+00:00\",\"description\":\"Mod\u00e8le:\u00a0Luminor Mouvement\u00a0: Automatique et r\u00e9serve de marche R\u00e9f\u00e9rence:\u00a0PAM 90 Diam\u00e8tre\u00a0: 44mm Ann\u00e9e:\u00a02003 Boite:\u00a0Beau boitier peu polie grande taille 44mm en bel \u00e9tat de conservation. Les angles restent bien pr\u00e9sents. Cadran:\u00a0Beau cadran noir d\u2019origine sans aucuns d\u00e9fauts. Bracelet:\u00a0Cuir Accessoires:\u00a0Boite sur boite et papiers d\u2019origines. 2\u00e8me bracelet caoutchouc\",\"breadcrumb\":{\"@id\":\"https:\\\/\\\/www.parisheure.com\\\/acheter-montre\\\/panerai-pam-90-acier-full-set-from-2003\\\/#breadcrumb\"},\"inLanguage\":\"en-US\",\"potentialAction\":[{\"@type\":\"ReadAction\",\"target\":[\"https:\\\/\\\/www.parisheure.com\\\/acheter-montre\\\/panerai-pam-90-acier-full-set-from-2003\\\/\"]}]},{\"@type\":\"ImageObject\",\"inLanguage\":\"en-US\",\"@id\":\"https:\\\/\\\/www.parisheure.com\\\/acheter-montre\\\/panerai-pam-90-acier-full-set-from-2003\\\/#primaryimage\",\"url\":\"https:\\\/\\\/www.parisheure.com\\\/wp-content\\\/uploads\\\/2021\\\/08\\\/PANERAI-POWER-RESERVE-PAM-90-BP-N\u00b0-F119815_0006_Calque-2.png\",\"contentUrl\":\"https:\\\/\\\/www.parisheure.com\\\/wp-content\\\/uploads\\\/2021\\\/08\\\/PANERAI-POWER-RESERVE-PAM-90-BP-N\u00b0-F119815_0006_Calque-2.png\",\"width\":2800,\"height\":2800},{\"@type\":\"BreadcrumbList\",\"@id\":\"https:\\\/\\\/www.parisheure.com\\\/acheter-montre\\\/panerai-pam-90-acier-full-set-from-2003\\\/#breadcrumb\",\"itemListElement\":[{\"@type\":\"ListItem\",\"position\":1,\"name\":\"Accueil\",\"item\":\"https:\\\/\\\/www.parisheure.com\\\/\"},{\"@type\":\"ListItem\",\"position\":2,\"name\":\"WATCHES\",\"item\":\"https:\\\/\\\/www.parisheure.com\\\/\"},{\"@type\":\"ListItem\",\"position\":3,\"name\":\"PANERAI PAM 90 ACIER FULL SET from 2003\"}]},{\"@type\":\"WebSite\",\"@id\":\"https:\\\/\\\/www.parisheure.com\\\/#website\",\"url\":\"https:\\\/\\\/www.parisheure.com\\\/\",\"name\":\"PARIS HEURE\",\"description\":\"Vintage watches Paris\",\"publisher\":{\"@id\":\"https:\\\/\\\/www.parisheure.com\\\/#organization\"},\"potentialAction\":[{\"@type\":\"SearchAction\",\"target\":{\"@type\":\"EntryPoint\",\"urlTemplate\":\"https:\\\/\\\/www.parisheure.com\\\/?s={search_term_string}\"},\"query-input\":{\"@type\":\"PropertyValueSpecification\",\"valueRequired\":true,\"valueName\":\"search_term_string\"}}],\"inLanguage\":\"en-US\"},{\"@type\":\"Organization\",\"@id\":\"https:\\\/\\\/www.parisheure.com\\\/#organization\",\"name\":\"PARIS HEURE\",\"url\":\"https:\\\/\\\/www.parisheure.com\\\/\",\"logo\":{\"@type\":\"ImageObject\",\"inLanguage\":\"en-US\",\"@id\":\"https:\\\/\\\/www.parisheure.com\\\/#\\\/schema\\\/logo\\\/image\\\/\",\"url\":\"https:\\\/\\\/www.parisheure.com\\\/wp-content\\\/uploads\\\/2021\\\/07\\\/cropped-logo-paris-heure.png\",\"contentUrl\":\"https:\\\/\\\/www.parisheure.com\\\/wp-content\\\/uploads\\\/2021\\\/07\\\/cropped-logo-paris-heure.png\",\"width\":512,\"height\":512,\"caption\":\"PARIS HEURE\"},\"image\":{\"@id\":\"https:\\\/\\\/www.parisheure.com\\\/#\\\/schema\\\/logo\\\/image\\\/\"},\"sameAs\":[\"https:\\\/\\\/www.facebook.com\\\/ParisHeure\",\"https:\\\/\\\/www.instagram.com\\\/parisheure\\\/\"]}]}<\/script>\n<!-- \/ Yoast SEO plugin. -->","yoast_head_json":{"title":"PANERAI PAM 90 ACIER FULL SET from 2003 \u2022 PARIS HEURE","description":"Mod\u00e8le:\u00a0Luminor  Mouvement\u00a0: Automatique et r\u00e9serve de marche  R\u00e9f\u00e9rence:\u00a0PAM 90  Diam\u00e8tre\u00a0: 44mm  Ann\u00e9e:\u00a02003  Boite:\u00a0Beau boitier peu polie grande taille 44mm en bel \u00e9tat de conservation. Les angles restent bien pr\u00e9sents.  Cadran:\u00a0Beau cadran noir d\u2019origine sans aucuns d\u00e9fauts.  Bracelet:\u00a0Cuir  Accessoires:\u00a0Boite sur boite et papiers d\u2019origines. 2\u00e8me bracelet caoutchouc","robots":{"index":"index","follow":"follow","max-snippet":"max-snippet:-1","max-image-preview":"max-image-preview:large","max-video-preview":"max-video-preview:-1"},"canonical":"https:\/\/www.parisheure.com\/en\/buy-watch\/panerai-pam-90-acier-full-set-from-2003\/","og_locale":"en_US","og_type":"article","og_title":"PANERAI PAM 90 ACIER FULL SET from 2003 &#8226; PARIS HEURE","og_description":"Mod\u00e8le:\u00a0Luminor  Mouvement\u00a0: Automatique et r\u00e9serve de marche  R\u00e9f\u00e9rence:\u00a0PAM 90  Diam\u00e8tre\u00a0: 44mm  Ann\u00e9e:\u00a02003  Boite:\u00a0Beau boitier peu polie grande taille 44mm en bel \u00e9tat de conservation. Les angles restent bien pr\u00e9sents.  Cadran:\u00a0Beau cadran noir d\u2019origine sans aucuns d\u00e9fauts.  Bracelet:\u00a0Cuir  Accessoires:\u00a0Boite sur boite et papiers d\u2019origines. 2\u00e8me bracelet caoutchouc","og_url":"https:\/\/www.parisheure.com\/en\/buy-watch\/panerai-pam-90-acier-full-set-from-2003\/","og_site_name":"PARIS HEURE","article_publisher":"https:\/\/www.facebook.com\/ParisHeure","article_modified_time":"2024-10-23T08:31:28+00:00","og_image":[{"width":1024,"height":1024,"url":"https:\/\/www.parisheure.com\/wp-content\/uploads\/2021\/08\/PANERAI-POWER-RESERVE-PAM-90-BP-N\u00b0-F119815_0006_Calque-2-1024x1024.png","type":"image\/png"}],"twitter_card":"summary_large_image","schema":{"@context":"https:\/\/schema.org","@graph":[{"@type":"WebPage","@id":"https:\/\/www.parisheure.com\/acheter-montre\/panerai-pam-90-acier-full-set-from-2003\/","url":"https:\/\/www.parisheure.com\/acheter-montre\/panerai-pam-90-acier-full-set-from-2003\/","name":"PANERAI PAM 90 ACIER FULL SET from 2003 \u2022 PARIS HEURE","isPartOf":{"@id":"https:\/\/www.parisheure.com\/#website"},"primaryImageOfPage":{"@id":"https:\/\/www.parisheure.com\/acheter-montre\/panerai-pam-90-acier-full-set-from-2003\/#primaryimage"},"image":{"@id":"https:\/\/www.parisheure.com\/acheter-montre\/panerai-pam-90-acier-full-set-from-2003\/#primaryimage"},"thumbnailUrl":"https:\/\/www.parisheure.com\/wp-content\/uploads\/2021\/08\/PANERAI-POWER-RESERVE-PAM-90-BP-N\u00b0-F119815_0006_Calque-2.png","datePublished":"2021-08-04T10:19:25+00:00","dateModified":"2024-10-23T08:31:28+00:00","description":"Mod\u00e8le:\u00a0Luminor Mouvement\u00a0: Automatique et r\u00e9serve de marche R\u00e9f\u00e9rence:\u00a0PAM 90 Diam\u00e8tre\u00a0: 44mm Ann\u00e9e:\u00a02003 Boite:\u00a0Beau boitier peu polie grande taille 44mm en bel \u00e9tat de conservation. Les angles restent bien pr\u00e9sents. Cadran:\u00a0Beau cadran noir d\u2019origine sans aucuns d\u00e9fauts. Bracelet:\u00a0Cuir Accessoires:\u00a0Boite sur boite et papiers d\u2019origines. 2\u00e8me bracelet caoutchouc","breadcrumb":{"@id":"https:\/\/www.parisheure.com\/acheter-montre\/panerai-pam-90-acier-full-set-from-2003\/#breadcrumb"},"inLanguage":"en-US","potentialAction":[{"@type":"ReadAction","target":["https:\/\/www.parisheure.com\/acheter-montre\/panerai-pam-90-acier-full-set-from-2003\/"]}]},{"@type":"ImageObject","inLanguage":"en-US","@id":"https:\/\/www.parisheure.com\/acheter-montre\/panerai-pam-90-acier-full-set-from-2003\/#primaryimage","url":"https:\/\/www.parisheure.com\/wp-content\/uploads\/2021\/08\/PANERAI-POWER-RESERVE-PAM-90-BP-N\u00b0-F119815_0006_Calque-2.png","contentUrl":"https:\/\/www.parisheure.com\/wp-content\/uploads\/2021\/08\/PANERAI-POWER-RESERVE-PAM-90-BP-N\u00b0-F119815_0006_Calque-2.png","width":2800,"height":2800},{"@type":"BreadcrumbList","@id":"https:\/\/www.parisheure.com\/acheter-montre\/panerai-pam-90-acier-full-set-from-2003\/#breadcrumb","itemListElement":[{"@type":"ListItem","position":1,"name":"Accueil","item":"https:\/\/www.parisheure.com\/"},{"@type":"ListItem","position":2,"name":"WATCHES","item":"https:\/\/www.parisheure.com\/"},{"@type":"ListItem","position":3,"name":"PANERAI PAM 90 ACIER FULL SET from 2003"}]},{"@type":"WebSite","@id":"https:\/\/www.parisheure.com\/#website","url":"https:\/\/www.parisheure.com\/","name":"PARIS HEURE","description":"Vintage watches Paris","publisher":{"@id":"https:\/\/www.parisheure.com\/#organization"},"potentialAction":[{"@type":"SearchAction","target":{"@type":"EntryPoint","urlTemplate":"https:\/\/www.parisheure.com\/?s={search_term_string}"},"query-input":{"@type":"PropertyValueSpecification","valueRequired":true,"valueName":"search_term_string"}}],"inLanguage":"en-US"},{"@type":"Organization","@id":"https:\/\/www.parisheure.com\/#organization","name":"PARIS HEURE","url":"https:\/\/www.parisheure.com\/","logo":{"@type":"ImageObject","inLanguage":"en-US","@id":"https:\/\/www.parisheure.com\/#\/schema\/logo\/image\/","url":"https:\/\/www.parisheure.com\/wp-content\/uploads\/2021\/07\/cropped-logo-paris-heure.png","contentUrl":"https:\/\/www.parisheure.com\/wp-content\/uploads\/2021\/07\/cropped-logo-paris-heure.png","width":512,"height":512,"caption":"PARIS HEURE"},"image":{"@id":"https:\/\/www.parisheure.com\/#\/schema\/logo\/image\/"},"sameAs":["https:\/\/www.facebook.com\/ParisHeure","https:\/\/www.instagram.com\/parisheure\/"]}]}},"jetpack_sharing_enabled":true,"brands":[{"id":435,"name":"Panerai","slug":"panerai"}],"_links":{"self":[{"href":"https:\/\/www.parisheure.com\/en\/wp-json\/wp\/v2\/product\/7922","targetHints":{"allow":["GET"]}}],"collection":[{"href":"https:\/\/www.parisheure.com\/en\/wp-json\/wp\/v2\/product"}],"about":[{"href":"https:\/\/www.parisheure.com\/en\/wp-json\/wp\/v2\/types\/product"}],"version-history":[{"count":1,"href":"https:\/\/www.parisheure.com\/en\/wp-json\/wp\/v2\/product\/7922\/revisions"}],"predecessor-version":[{"id":14180,"href":"https:\/\/www.parisheure.com\/en\/wp-json\/wp\/v2\/product\/7922\/revisions\/14180"}],"wp:featuredmedia":[{"embeddable":true,"href":"https:\/\/www.parisheure.com\/en\/wp-json\/wp\/v2\/media\/9827"}],"wp:attachment":[{"href":"https:\/\/www.parisheure.com\/en\/wp-json\/wp\/v2\/media?parent=7922"}],"wp:term":[{"taxonomy":"pwb-brand","embeddable":true,"href":"https:\/\/www.parisheure.com\/en\/wp-json\/wp\/v2\/pwb-brand?post=7922"},{"taxonomy":"product_brand","embeddable":true,"href":"https:\/\/www.parisheure.com\/en\/wp-json\/wp\/v2\/product_brand?post=7922"},{"taxonomy":"product_cat","embeddable":true,"href":"https:\/\/www.parisheure.com\/en\/wp-json\/wp\/v2\/product_cat?post=7922"},{"taxonomy":"product_tag","embeddable":true,"href":"https:\/\/www.parisheure.com\/en\/wp-json\/wp\/v2\/product_tag?post=7922"}],"curies":[{"name":"wp","href":"https:\/\/api.w.org\/{rel}","templated":true}]}}