{"id":7925,"date":"2021-08-04T12:16:34","date_gmt":"2021-08-04T10:16:34","guid":{"rendered":"http:\/\/www.parisheure.com\/?post_type=product&#038;p=7925"},"modified":"2024-10-23T10:40:58","modified_gmt":"2024-10-23T08:40:58","slug":"rolex-explorer-ref-1016-gilt-from-1965","status":"publish","type":"product","link":"https:\/\/www.parisheure.com\/en\/buy-watch\/rolex-explorer-ref-1016-gilt-from-1965\/","title":{"rendered":"ROLEX EXPLORER REF 1016 GILT FROM 1965"},"content":{"rendered":"<p><strong>Our opinion:<\/strong> The explorer ref 1016 appeared in the 1960s, different versions were produced, matt, lacquered, white dial ... A true collector's reference so difficult to find today. This one has a beautiful patina. The case is in good condition, its rare gilt dial is very well preserved and a beautiful patina though! The watch is in its original condition with its folded strap and is one of the very first series produced in 1969 very sought after !!!! So rare to find today that they are now as expensive as the Submariner!<\/p>","protected":false},"excerpt":{"rendered":"<p><strong>Brand:<\/strong>\u00a0Rolex<\/p>\n<p><strong>Model:<\/strong>\u00a0Explore I<\/p>\n<p><strong>Movement\u00a0: <\/strong>Auto cal 1570<\/p>\n<p><strong>Reference:<\/strong>\u00a01016<\/p>\n<p><strong>Diameter\u00a0: <\/strong>36mm<\/p>\n<p><strong>Year:<\/strong>\u00a01966<\/p>\n<p><strong>Serial : <\/strong>158XXXX<\/p>\n<p><strong>Case:<\/strong>\u00a0Very nice case not too polished, still thick and with angles and lugs not too rounded because the case of the 1016 was thin enough for a professional watch. Bezel in good condition. No significant visible shocks.<\/p>\n<p><strong>Dial:<\/strong>\u00a0Beautiful gilt dial with beautiful still luminescent indexes. The latest series of gilt dials before mat. The gilt has very few surface scratches and remains in good condition with a homogeneous patina of the indexes 3-6-9. The relumed hands match the original patina well. Very nice general set.<\/p>\n<p><strong>Bracelet : <\/strong>Folded steel ref 7836 endlink 358 later than the watch<\/p>\n<p><strong>Accessories: <\/strong>None<\/p>","protected":false},"featured_media":10452,"template":"","meta":[],"pwb-brand":[432],"product_brand":[],"product_cat":[107,367,90,245],"product_tag":[183,184,182,181,127],"class_list":{"0":"post-7925","1":"product","2":"type-product","3":"status-publish","4":"has-post-thumbnail","6":"pwb-brand-rolex","7":"product_cat-archives","8":"product_cat-montres-paris-heure","9":"product_cat-rolex","10":"product_cat-rolex-explorer","11":"product_tag-183","12":"product_tag-184","13":"product_tag-explorer-i","14":"product_tag-gilt-dial","15":"product_tag-rolex","17":"first","18":"outofstock","19":"shipping-taxable","20":"product-type-simple"},"yoast_head":"<!-- This site is optimized with the Yoast SEO plugin v27.4 - https:\/\/yoast.com\/product\/yoast-seo-wordpress\/ -->\n<title>ROLEX EXPLORER REF 1016 GILT FROM 1965 &#8226; PARIS HEURE<\/title>\n<meta name=\"description\" content=\"Marque:\u00a0Rolex  Mod\u00e8le:\u00a0Explorer I  Mouvement\u00a0: Auto cal 1570  R\u00e9f\u00e9rence:\u00a01016  Diam\u00e8tre\u00a0: 36mm  Ann\u00e9e:\u00a01966  Serial\u00a0: 158XXXX  Boite:\u00a0Tr\u00e8s beau boitier pas trop polie, encore \u00e9pais et avec des angles et des lugs pas trop arrondies car le boitier de la 1016 \u00e9taiot assez fin pour une montre professionnelle.. Lunette en bon \u00e9tat. Pas de chocs visible importants.  Cadran:\u00a0Beau cadran gilt avec des beaux indexs encore luminescents. Les derni\u00e8res s\u00e9ries de cadran gilt avant les mat. Le gilt a tr\u00e8s peu de ryures de surface et reste en bel \u00e9tat de conservation et patine homog\u00e8ne des indexes 3-6-9. Les aiguilles relum\u00e9e matchent bien la patine d\u2019origine. Tr\u00e8s bel ensemble g\u00e9n\u00e9ral.  Bracelet\u00a0: Acier pli\u00e9 ref 7836 endlink 358 plus tardif que la montre  Accessoires\u00a0: Aucuns\" \/>\n<meta name=\"robots\" content=\"index, follow, max-snippet:-1, max-image-preview:large, max-video-preview:-1\" \/>\n<link rel=\"canonical\" href=\"https:\/\/www.parisheure.com\/en\/buy-watch\/rolex-explorer-ref-1016-gilt-from-1965\/\" \/>\n<meta property=\"og:locale\" content=\"en_US\" \/>\n<meta property=\"og:type\" content=\"article\" \/>\n<meta property=\"og:title\" content=\"ROLEX EXPLORER REF 1016 GILT FROM 1965 &#8226; PARIS HEURE\" \/>\n<meta property=\"og:description\" content=\"Marque:\u00a0Rolex  Mod\u00e8le:\u00a0Explorer I  Mouvement\u00a0: Auto cal 1570  R\u00e9f\u00e9rence:\u00a01016  Diam\u00e8tre\u00a0: 36mm  Ann\u00e9e:\u00a01966  Serial\u00a0: 158XXXX  Boite:\u00a0Tr\u00e8s beau boitier pas trop polie, encore \u00e9pais et avec des angles et des lugs pas trop arrondies car le boitier de la 1016 \u00e9taiot assez fin pour une montre professionnelle.. Lunette en bon \u00e9tat. Pas de chocs visible importants.  Cadran:\u00a0Beau cadran gilt avec des beaux indexs encore luminescents. Les derni\u00e8res s\u00e9ries de cadran gilt avant les mat. Le gilt a tr\u00e8s peu de ryures de surface et reste en bel \u00e9tat de conservation et patine homog\u00e8ne des indexes 3-6-9. Les aiguilles relum\u00e9e matchent bien la patine d\u2019origine. Tr\u00e8s bel ensemble g\u00e9n\u00e9ral.  Bracelet\u00a0: Acier pli\u00e9 ref 7836 endlink 358 plus tardif que la montre  Accessoires\u00a0: Aucuns\" \/>\n<meta property=\"og:url\" content=\"https:\/\/www.parisheure.com\/en\/buy-watch\/rolex-explorer-ref-1016-gilt-from-1965\/\" \/>\n<meta property=\"og:site_name\" content=\"PARIS HEURE\" \/>\n<meta property=\"article:publisher\" content=\"https:\/\/www.facebook.com\/ParisHeure\" \/>\n<meta property=\"article:modified_time\" content=\"2024-10-23T08:40:58+00:00\" \/>\n<meta property=\"og:image\" content=\"https:\/\/www.parisheure.com\/wp-content\/uploads\/2021\/08\/ROLEX-EXPLORER-REF-1016-GILT-FROM-1965-N\u00b01589707-_0016_Calque-2-scaled.jpg\" \/>\n\t<meta property=\"og:image:width\" content=\"2560\" \/>\n\t<meta property=\"og:image:height\" content=\"2560\" \/>\n\t<meta property=\"og:image:type\" content=\"image\/jpeg\" \/>\n<meta name=\"twitter:card\" content=\"summary_large_image\" \/>\n<script type=\"application\/ld+json\" class=\"yoast-schema-graph\">{\"@context\":\"https:\\\/\\\/schema.org\",\"@graph\":[{\"@type\":\"WebPage\",\"@id\":\"https:\\\/\\\/www.parisheure.com\\\/acheter-montre\\\/rolex-explorer-ref-1016-gilt-from-1965\\\/\",\"url\":\"https:\\\/\\\/www.parisheure.com\\\/acheter-montre\\\/rolex-explorer-ref-1016-gilt-from-1965\\\/\",\"name\":\"ROLEX EXPLORER REF 1016 GILT FROM 1965 &#8226; PARIS HEURE\",\"isPartOf\":{\"@id\":\"https:\\\/\\\/www.parisheure.com\\\/#website\"},\"primaryImageOfPage\":{\"@id\":\"https:\\\/\\\/www.parisheure.com\\\/acheter-montre\\\/rolex-explorer-ref-1016-gilt-from-1965\\\/#primaryimage\"},\"image\":{\"@id\":\"https:\\\/\\\/www.parisheure.com\\\/acheter-montre\\\/rolex-explorer-ref-1016-gilt-from-1965\\\/#primaryimage\"},\"thumbnailUrl\":\"https:\\\/\\\/www.parisheure.com\\\/wp-content\\\/uploads\\\/2021\\\/08\\\/ROLEX-EXPLORER-REF-1016-GILT-FROM-1965-N\u00b01589707-_0016_Calque-2-scaled.jpg\",\"datePublished\":\"2021-08-04T10:16:34+00:00\",\"dateModified\":\"2024-10-23T08:40:58+00:00\",\"description\":\"Marque:\u00a0Rolex Mod\u00e8le:\u00a0Explorer I Mouvement\u00a0: Auto cal 1570 R\u00e9f\u00e9rence:\u00a01016 Diam\u00e8tre\u00a0: 36mm Ann\u00e9e:\u00a01966 Serial\u00a0: 158XXXX Boite:\u00a0Tr\u00e8s beau boitier pas trop polie, encore \u00e9pais et avec des angles et des lugs pas trop arrondies car le boitier de la 1016 \u00e9taiot assez fin pour une montre professionnelle.. Lunette en bon \u00e9tat. Pas de chocs visible importants. Cadran:\u00a0Beau cadran gilt avec des beaux indexs encore luminescents. Les derni\u00e8res s\u00e9ries de cadran gilt avant les mat. Le gilt a tr\u00e8s peu de ryures de surface et reste en bel \u00e9tat de conservation et patine homog\u00e8ne des indexes 3-6-9. Les aiguilles relum\u00e9e matchent bien la patine d\u2019origine. Tr\u00e8s bel ensemble g\u00e9n\u00e9ral. Bracelet\u00a0: Acier pli\u00e9 ref 7836 endlink 358 plus tardif que la montre Accessoires\u00a0: Aucuns\",\"breadcrumb\":{\"@id\":\"https:\\\/\\\/www.parisheure.com\\\/acheter-montre\\\/rolex-explorer-ref-1016-gilt-from-1965\\\/#breadcrumb\"},\"inLanguage\":\"en-US\",\"potentialAction\":[{\"@type\":\"ReadAction\",\"target\":[\"https:\\\/\\\/www.parisheure.com\\\/acheter-montre\\\/rolex-explorer-ref-1016-gilt-from-1965\\\/\"]}]},{\"@type\":\"ImageObject\",\"inLanguage\":\"en-US\",\"@id\":\"https:\\\/\\\/www.parisheure.com\\\/acheter-montre\\\/rolex-explorer-ref-1016-gilt-from-1965\\\/#primaryimage\",\"url\":\"https:\\\/\\\/www.parisheure.com\\\/wp-content\\\/uploads\\\/2021\\\/08\\\/ROLEX-EXPLORER-REF-1016-GILT-FROM-1965-N\u00b01589707-_0016_Calque-2-scaled.jpg\",\"contentUrl\":\"https:\\\/\\\/www.parisheure.com\\\/wp-content\\\/uploads\\\/2021\\\/08\\\/ROLEX-EXPLORER-REF-1016-GILT-FROM-1965-N\u00b01589707-_0016_Calque-2-scaled.jpg\",\"width\":2560,\"height\":2560},{\"@type\":\"BreadcrumbList\",\"@id\":\"https:\\\/\\\/www.parisheure.com\\\/acheter-montre\\\/rolex-explorer-ref-1016-gilt-from-1965\\\/#breadcrumb\",\"itemListElement\":[{\"@type\":\"ListItem\",\"position\":1,\"name\":\"Accueil\",\"item\":\"https:\\\/\\\/www.parisheure.com\\\/\"},{\"@type\":\"ListItem\",\"position\":2,\"name\":\"WATCHES\",\"item\":\"https:\\\/\\\/www.parisheure.com\\\/\"},{\"@type\":\"ListItem\",\"position\":3,\"name\":\"ROLEX EXPLORER REF 1016 GILT FROM 1965\"}]},{\"@type\":\"WebSite\",\"@id\":\"https:\\\/\\\/www.parisheure.com\\\/#website\",\"url\":\"https:\\\/\\\/www.parisheure.com\\\/\",\"name\":\"PARIS HEURE\",\"description\":\"Vintage watches Paris\",\"publisher\":{\"@id\":\"https:\\\/\\\/www.parisheure.com\\\/#organization\"},\"potentialAction\":[{\"@type\":\"SearchAction\",\"target\":{\"@type\":\"EntryPoint\",\"urlTemplate\":\"https:\\\/\\\/www.parisheure.com\\\/?s={search_term_string}\"},\"query-input\":{\"@type\":\"PropertyValueSpecification\",\"valueRequired\":true,\"valueName\":\"search_term_string\"}}],\"inLanguage\":\"en-US\"},{\"@type\":\"Organization\",\"@id\":\"https:\\\/\\\/www.parisheure.com\\\/#organization\",\"name\":\"PARIS HEURE\",\"url\":\"https:\\\/\\\/www.parisheure.com\\\/\",\"logo\":{\"@type\":\"ImageObject\",\"inLanguage\":\"en-US\",\"@id\":\"https:\\\/\\\/www.parisheure.com\\\/#\\\/schema\\\/logo\\\/image\\\/\",\"url\":\"https:\\\/\\\/www.parisheure.com\\\/wp-content\\\/uploads\\\/2021\\\/07\\\/cropped-logo-paris-heure.png\",\"contentUrl\":\"https:\\\/\\\/www.parisheure.com\\\/wp-content\\\/uploads\\\/2021\\\/07\\\/cropped-logo-paris-heure.png\",\"width\":512,\"height\":512,\"caption\":\"PARIS HEURE\"},\"image\":{\"@id\":\"https:\\\/\\\/www.parisheure.com\\\/#\\\/schema\\\/logo\\\/image\\\/\"},\"sameAs\":[\"https:\\\/\\\/www.facebook.com\\\/ParisHeure\",\"https:\\\/\\\/www.instagram.com\\\/parisheure\\\/\"]}]}<\/script>\n<!-- \/ Yoast SEO plugin. -->","yoast_head_json":{"title":"ROLEX EXPLORER REF 1016 GILT FROM 1965 \u2022 PARIS HEURE","description":"Marque:\u00a0Rolex  Mod\u00e8le:\u00a0Explorer I  Mouvement\u00a0: Auto cal 1570  R\u00e9f\u00e9rence:\u00a01016  Diam\u00e8tre\u00a0: 36mm  Ann\u00e9e:\u00a01966  Serial\u00a0: 158XXXX  Boite:\u00a0Tr\u00e8s beau boitier pas trop polie, encore \u00e9pais et avec des angles et des lugs pas trop arrondies car le boitier de la 1016 \u00e9taiot assez fin pour une montre professionnelle.. Lunette en bon \u00e9tat. Pas de chocs visible importants.  Cadran:\u00a0Beau cadran gilt avec des beaux indexs encore luminescents. Les derni\u00e8res s\u00e9ries de cadran gilt avant les mat. Le gilt a tr\u00e8s peu de ryures de surface et reste en bel \u00e9tat de conservation et patine homog\u00e8ne des indexes 3-6-9. Les aiguilles relum\u00e9e matchent bien la patine d\u2019origine. Tr\u00e8s bel ensemble g\u00e9n\u00e9ral.  Bracelet\u00a0: Acier pli\u00e9 ref 7836 endlink 358 plus tardif que la montre  Accessoires\u00a0: Aucuns","robots":{"index":"index","follow":"follow","max-snippet":"max-snippet:-1","max-image-preview":"max-image-preview:large","max-video-preview":"max-video-preview:-1"},"canonical":"https:\/\/www.parisheure.com\/en\/buy-watch\/rolex-explorer-ref-1016-gilt-from-1965\/","og_locale":"en_US","og_type":"article","og_title":"ROLEX EXPLORER REF 1016 GILT FROM 1965 &#8226; PARIS HEURE","og_description":"Marque:\u00a0Rolex  Mod\u00e8le:\u00a0Explorer I  Mouvement\u00a0: Auto cal 1570  R\u00e9f\u00e9rence:\u00a01016  Diam\u00e8tre\u00a0: 36mm  Ann\u00e9e:\u00a01966  Serial\u00a0: 158XXXX  Boite:\u00a0Tr\u00e8s beau boitier pas trop polie, encore \u00e9pais et avec des angles et des lugs pas trop arrondies car le boitier de la 1016 \u00e9taiot assez fin pour une montre professionnelle.. Lunette en bon \u00e9tat. Pas de chocs visible importants.  Cadran:\u00a0Beau cadran gilt avec des beaux indexs encore luminescents. Les derni\u00e8res s\u00e9ries de cadran gilt avant les mat. Le gilt a tr\u00e8s peu de ryures de surface et reste en bel \u00e9tat de conservation et patine homog\u00e8ne des indexes 3-6-9. Les aiguilles relum\u00e9e matchent bien la patine d\u2019origine. Tr\u00e8s bel ensemble g\u00e9n\u00e9ral.  Bracelet\u00a0: Acier pli\u00e9 ref 7836 endlink 358 plus tardif que la montre  Accessoires\u00a0: Aucuns","og_url":"https:\/\/www.parisheure.com\/en\/buy-watch\/rolex-explorer-ref-1016-gilt-from-1965\/","og_site_name":"PARIS HEURE","article_publisher":"https:\/\/www.facebook.com\/ParisHeure","article_modified_time":"2024-10-23T08:40:58+00:00","og_image":[{"width":2560,"height":2560,"url":"https:\/\/www.parisheure.com\/wp-content\/uploads\/2021\/08\/ROLEX-EXPLORER-REF-1016-GILT-FROM-1965-N\u00b01589707-_0016_Calque-2-scaled.jpg","type":"image\/jpeg"}],"twitter_card":"summary_large_image","schema":{"@context":"https:\/\/schema.org","@graph":[{"@type":"WebPage","@id":"https:\/\/www.parisheure.com\/acheter-montre\/rolex-explorer-ref-1016-gilt-from-1965\/","url":"https:\/\/www.parisheure.com\/acheter-montre\/rolex-explorer-ref-1016-gilt-from-1965\/","name":"ROLEX EXPLORER REF 1016 GILT FROM 1965 \u2022 PARIS HEURE","isPartOf":{"@id":"https:\/\/www.parisheure.com\/#website"},"primaryImageOfPage":{"@id":"https:\/\/www.parisheure.com\/acheter-montre\/rolex-explorer-ref-1016-gilt-from-1965\/#primaryimage"},"image":{"@id":"https:\/\/www.parisheure.com\/acheter-montre\/rolex-explorer-ref-1016-gilt-from-1965\/#primaryimage"},"thumbnailUrl":"https:\/\/www.parisheure.com\/wp-content\/uploads\/2021\/08\/ROLEX-EXPLORER-REF-1016-GILT-FROM-1965-N\u00b01589707-_0016_Calque-2-scaled.jpg","datePublished":"2021-08-04T10:16:34+00:00","dateModified":"2024-10-23T08:40:58+00:00","description":"Marque:\u00a0Rolex Mod\u00e8le:\u00a0Explorer I Mouvement\u00a0: Auto cal 1570 R\u00e9f\u00e9rence:\u00a01016 Diam\u00e8tre\u00a0: 36mm Ann\u00e9e:\u00a01966 Serial\u00a0: 158XXXX Boite:\u00a0Tr\u00e8s beau boitier pas trop polie, encore \u00e9pais et avec des angles et des lugs pas trop arrondies car le boitier de la 1016 \u00e9taiot assez fin pour une montre professionnelle.. Lunette en bon \u00e9tat. Pas de chocs visible importants. Cadran:\u00a0Beau cadran gilt avec des beaux indexs encore luminescents. Les derni\u00e8res s\u00e9ries de cadran gilt avant les mat. Le gilt a tr\u00e8s peu de ryures de surface et reste en bel \u00e9tat de conservation et patine homog\u00e8ne des indexes 3-6-9. Les aiguilles relum\u00e9e matchent bien la patine d\u2019origine. Tr\u00e8s bel ensemble g\u00e9n\u00e9ral. Bracelet\u00a0: Acier pli\u00e9 ref 7836 endlink 358 plus tardif que la montre Accessoires\u00a0: Aucuns","breadcrumb":{"@id":"https:\/\/www.parisheure.com\/acheter-montre\/rolex-explorer-ref-1016-gilt-from-1965\/#breadcrumb"},"inLanguage":"en-US","potentialAction":[{"@type":"ReadAction","target":["https:\/\/www.parisheure.com\/acheter-montre\/rolex-explorer-ref-1016-gilt-from-1965\/"]}]},{"@type":"ImageObject","inLanguage":"en-US","@id":"https:\/\/www.parisheure.com\/acheter-montre\/rolex-explorer-ref-1016-gilt-from-1965\/#primaryimage","url":"https:\/\/www.parisheure.com\/wp-content\/uploads\/2021\/08\/ROLEX-EXPLORER-REF-1016-GILT-FROM-1965-N\u00b01589707-_0016_Calque-2-scaled.jpg","contentUrl":"https:\/\/www.parisheure.com\/wp-content\/uploads\/2021\/08\/ROLEX-EXPLORER-REF-1016-GILT-FROM-1965-N\u00b01589707-_0016_Calque-2-scaled.jpg","width":2560,"height":2560},{"@type":"BreadcrumbList","@id":"https:\/\/www.parisheure.com\/acheter-montre\/rolex-explorer-ref-1016-gilt-from-1965\/#breadcrumb","itemListElement":[{"@type":"ListItem","position":1,"name":"Accueil","item":"https:\/\/www.parisheure.com\/"},{"@type":"ListItem","position":2,"name":"WATCHES","item":"https:\/\/www.parisheure.com\/"},{"@type":"ListItem","position":3,"name":"ROLEX EXPLORER REF 1016 GILT FROM 1965"}]},{"@type":"WebSite","@id":"https:\/\/www.parisheure.com\/#website","url":"https:\/\/www.parisheure.com\/","name":"PARIS HEURE","description":"Vintage watches Paris","publisher":{"@id":"https:\/\/www.parisheure.com\/#organization"},"potentialAction":[{"@type":"SearchAction","target":{"@type":"EntryPoint","urlTemplate":"https:\/\/www.parisheure.com\/?s={search_term_string}"},"query-input":{"@type":"PropertyValueSpecification","valueRequired":true,"valueName":"search_term_string"}}],"inLanguage":"en-US"},{"@type":"Organization","@id":"https:\/\/www.parisheure.com\/#organization","name":"PARIS HEURE","url":"https:\/\/www.parisheure.com\/","logo":{"@type":"ImageObject","inLanguage":"en-US","@id":"https:\/\/www.parisheure.com\/#\/schema\/logo\/image\/","url":"https:\/\/www.parisheure.com\/wp-content\/uploads\/2021\/07\/cropped-logo-paris-heure.png","contentUrl":"https:\/\/www.parisheure.com\/wp-content\/uploads\/2021\/07\/cropped-logo-paris-heure.png","width":512,"height":512,"caption":"PARIS HEURE"},"image":{"@id":"https:\/\/www.parisheure.com\/#\/schema\/logo\/image\/"},"sameAs":["https:\/\/www.facebook.com\/ParisHeure","https:\/\/www.instagram.com\/parisheure\/"]}]}},"jetpack_sharing_enabled":true,"brands":[{"id":432,"name":"Rolex","slug":"rolex"}],"_links":{"self":[{"href":"https:\/\/www.parisheure.com\/en\/wp-json\/wp\/v2\/product\/7925","targetHints":{"allow":["GET"]}}],"collection":[{"href":"https:\/\/www.parisheure.com\/en\/wp-json\/wp\/v2\/product"}],"about":[{"href":"https:\/\/www.parisheure.com\/en\/wp-json\/wp\/v2\/types\/product"}],"version-history":[{"count":1,"href":"https:\/\/www.parisheure.com\/en\/wp-json\/wp\/v2\/product\/7925\/revisions"}],"predecessor-version":[{"id":14220,"href":"https:\/\/www.parisheure.com\/en\/wp-json\/wp\/v2\/product\/7925\/revisions\/14220"}],"wp:featuredmedia":[{"embeddable":true,"href":"https:\/\/www.parisheure.com\/en\/wp-json\/wp\/v2\/media\/10452"}],"wp:attachment":[{"href":"https:\/\/www.parisheure.com\/en\/wp-json\/wp\/v2\/media?parent=7925"}],"wp:term":[{"taxonomy":"pwb-brand","embeddable":true,"href":"https:\/\/www.parisheure.com\/en\/wp-json\/wp\/v2\/pwb-brand?post=7925"},{"taxonomy":"product_brand","embeddable":true,"href":"https:\/\/www.parisheure.com\/en\/wp-json\/wp\/v2\/product_brand?post=7925"},{"taxonomy":"product_cat","embeddable":true,"href":"https:\/\/www.parisheure.com\/en\/wp-json\/wp\/v2\/product_cat?post=7925"},{"taxonomy":"product_tag","embeddable":true,"href":"https:\/\/www.parisheure.com\/en\/wp-json\/wp\/v2\/product_tag?post=7925"}],"curies":[{"name":"wp","href":"https:\/\/api.w.org\/{rel}","templated":true}]}}