{"id":7926,"date":"2021-08-04T12:20:40","date_gmt":"2021-08-04T10:20:40","guid":{"rendered":"http:\/\/www.parisheure.com\/?post_type=product&#038;p=7926"},"modified":"2024-10-23T10:41:53","modified_gmt":"2024-10-23T08:41:53","slug":"vacheron-constantin-de-poche-or-jaune-et-or-blanc","status":"publish","type":"product","link":"https:\/\/www.parisheure.com\/en\/buy-watch\/vacheron-constantin-de-poche-or-jaune-et-or-blanc\/","title":{"rendered":"VACHERON CONSTANTIN POCKET WATCH WHITE AND YELLOW GOLD"},"content":{"rendered":"<p><strong>Our opinion:<\/strong> A sublime gold pocket watch from a major brand for less than 3000 euros. A nice purchase to go with a nice evening costume. A beautiful pocket watch to add to any serious collection.<\/p>","protected":false},"excerpt":{"rendered":"<p><strong>Brand:<\/strong>\u00a0Vacheron Constantin<\/p>\n<p><strong>Model:<\/strong>\u00a0Pocket watch<\/p>\n<p><strong>Movement\u00a0: <\/strong>Manual<\/p>\n<p><strong>Diameter\u00a0: <\/strong>mm<\/p>\n<p><strong>Year:<\/strong><\/p>\n<p><strong>Case:<\/strong>\u00a0Beautiful case worked in yellow gold with a white gold and a case back decorated in white and yellow gold. Beautiful state of conservation and patina of the gold.<\/p>\n<p><strong>Dial:<\/strong>\u00a0Beautiful original bi-color dial with beautiful markings on the indexes. Lots of contrast and character. Great quality and beautiful patina<\/p>\n<p><strong>Accessories: <\/strong>None<\/p>","protected":false},"featured_media":8208,"template":"","meta":[],"pwb-brand":[440],"product_brand":[],"product_cat":[107,367,185],"product_tag":[186,146,187,188],"class_list":{"0":"post-7926","1":"product","2":"type-product","3":"status-publish","4":"has-post-thumbnail","6":"pwb-brand-vacheron-constantin","7":"product_cat-archives","8":"product_cat-montres-paris-heure","9":"product_cat-vacheron-constantin","10":"product_tag-montre-de-poche","11":"product_tag-or-blanc","12":"product_tag-or-jaune","13":"product_tag-vacheron-constantin","15":"first","16":"outofstock","17":"shipping-taxable","18":"product-type-simple"},"yoast_head":"<!-- This site is optimized with the Yoast SEO plugin v27.5 - https:\/\/yoast.com\/product\/yoast-seo-wordpress\/ -->\n<title>VACHERON CONSTANTIN DE POCHE OR JAUNE ET OR BLANC &#8226; PARIS HEURE<\/title>\n<meta name=\"description\" content=\"Marque:\u00a0Vacheron Constantin  Mod\u00e8le:\u00a0Montre de poche  Mouvement\u00a0: M\u00e9ca  Diam\u00e8tre\u00a0: mm  Ann\u00e9e:  Boite:\u00a0Beau boitier travaill\u00e9 en or jaune avec une b\u00e9li\u00e8re en or blanc et un fond de boite d\u00e9cor\u00e9 en or blanc et jaune. Bel \u00e9tat de conservation et patine de l\u2019or  Cadran:\u00a0Beau cadran d\u2019origine bi colore avec un beau marquage des indexes. Beaucoup de contraste et de caract\u00e8re. Grande qualit\u00e9 de fabrication et belle patine  Accessoires\u00a0: Aucuns\" \/>\n<meta name=\"robots\" content=\"index, follow, max-snippet:-1, max-image-preview:large, max-video-preview:-1\" \/>\n<link rel=\"canonical\" href=\"https:\/\/www.parisheure.com\/en\/buy-watch\/vacheron-constantin-de-poche-or-jaune-et-or-blanc\/\" \/>\n<meta property=\"og:locale\" content=\"en_US\" \/>\n<meta property=\"og:type\" content=\"article\" \/>\n<meta property=\"og:title\" content=\"VACHERON CONSTANTIN DE POCHE OR JAUNE ET OR BLANC &#8226; PARIS HEURE\" \/>\n<meta property=\"og:description\" content=\"Marque:\u00a0Vacheron Constantin  Mod\u00e8le:\u00a0Montre de poche  Mouvement\u00a0: M\u00e9ca  Diam\u00e8tre\u00a0: mm  Ann\u00e9e:  Boite:\u00a0Beau boitier travaill\u00e9 en or jaune avec une b\u00e9li\u00e8re en or blanc et un fond de boite d\u00e9cor\u00e9 en or blanc et jaune. Bel \u00e9tat de conservation et patine de l\u2019or  Cadran:\u00a0Beau cadran d\u2019origine bi colore avec un beau marquage des indexes. Beaucoup de contraste et de caract\u00e8re. Grande qualit\u00e9 de fabrication et belle patine  Accessoires\u00a0: Aucuns\" \/>\n<meta property=\"og:url\" content=\"https:\/\/www.parisheure.com\/en\/buy-watch\/vacheron-constantin-de-poche-or-jaune-et-or-blanc\/\" \/>\n<meta property=\"og:site_name\" content=\"PARIS HEURE\" \/>\n<meta property=\"article:publisher\" content=\"https:\/\/www.facebook.com\/ParisHeure\" \/>\n<meta property=\"article:modified_time\" content=\"2024-10-23T08:41:53+00:00\" \/>\n<meta property=\"og:image\" content=\"https:\/\/www.parisheure.com\/wp-content\/uploads\/2021\/08\/VACHERON-CONSTANTIN-POCHE-OR-JAUNE-ET-BLANC_0007_Calque-2-1024x1024.png\" \/>\n\t<meta property=\"og:image:width\" content=\"1024\" \/>\n\t<meta property=\"og:image:height\" content=\"1024\" \/>\n\t<meta property=\"og:image:type\" content=\"image\/png\" \/>\n<meta name=\"twitter:card\" content=\"summary_large_image\" \/>\n<script type=\"application\/ld+json\" class=\"yoast-schema-graph\">{\"@context\":\"https:\\\/\\\/schema.org\",\"@graph\":[{\"@type\":\"WebPage\",\"@id\":\"https:\\\/\\\/www.parisheure.com\\\/acheter-montre\\\/vacheron-constantin-de-poche-or-jaune-et-or-blanc\\\/\",\"url\":\"https:\\\/\\\/www.parisheure.com\\\/acheter-montre\\\/vacheron-constantin-de-poche-or-jaune-et-or-blanc\\\/\",\"name\":\"VACHERON CONSTANTIN DE POCHE OR JAUNE ET OR BLANC &#8226; PARIS HEURE\",\"isPartOf\":{\"@id\":\"https:\\\/\\\/www.parisheure.com\\\/#website\"},\"primaryImageOfPage\":{\"@id\":\"https:\\\/\\\/www.parisheure.com\\\/acheter-montre\\\/vacheron-constantin-de-poche-or-jaune-et-or-blanc\\\/#primaryimage\"},\"image\":{\"@id\":\"https:\\\/\\\/www.parisheure.com\\\/acheter-montre\\\/vacheron-constantin-de-poche-or-jaune-et-or-blanc\\\/#primaryimage\"},\"thumbnailUrl\":\"https:\\\/\\\/www.parisheure.com\\\/wp-content\\\/uploads\\\/2021\\\/08\\\/VACHERON-CONSTANTIN-POCHE-OR-JAUNE-ET-BLANC_0007_Calque-2.png\",\"datePublished\":\"2021-08-04T10:20:40+00:00\",\"dateModified\":\"2024-10-23T08:41:53+00:00\",\"description\":\"Marque:\u00a0Vacheron Constantin Mod\u00e8le:\u00a0Montre de poche Mouvement\u00a0: M\u00e9ca Diam\u00e8tre\u00a0: mm Ann\u00e9e: Boite:\u00a0Beau boitier travaill\u00e9 en or jaune avec une b\u00e9li\u00e8re en or blanc et un fond de boite d\u00e9cor\u00e9 en or blanc et jaune. Bel \u00e9tat de conservation et patine de l\u2019or Cadran:\u00a0Beau cadran d\u2019origine bi colore avec un beau marquage des indexes. Beaucoup de contraste et de caract\u00e8re. Grande qualit\u00e9 de fabrication et belle patine Accessoires\u00a0: Aucuns\",\"breadcrumb\":{\"@id\":\"https:\\\/\\\/www.parisheure.com\\\/acheter-montre\\\/vacheron-constantin-de-poche-or-jaune-et-or-blanc\\\/#breadcrumb\"},\"inLanguage\":\"en-US\",\"potentialAction\":[{\"@type\":\"ReadAction\",\"target\":[\"https:\\\/\\\/www.parisheure.com\\\/acheter-montre\\\/vacheron-constantin-de-poche-or-jaune-et-or-blanc\\\/\"]}]},{\"@type\":\"ImageObject\",\"inLanguage\":\"en-US\",\"@id\":\"https:\\\/\\\/www.parisheure.com\\\/acheter-montre\\\/vacheron-constantin-de-poche-or-jaune-et-or-blanc\\\/#primaryimage\",\"url\":\"https:\\\/\\\/www.parisheure.com\\\/wp-content\\\/uploads\\\/2021\\\/08\\\/VACHERON-CONSTANTIN-POCHE-OR-JAUNE-ET-BLANC_0007_Calque-2.png\",\"contentUrl\":\"https:\\\/\\\/www.parisheure.com\\\/wp-content\\\/uploads\\\/2021\\\/08\\\/VACHERON-CONSTANTIN-POCHE-OR-JAUNE-ET-BLANC_0007_Calque-2.png\",\"width\":2800,\"height\":2800},{\"@type\":\"BreadcrumbList\",\"@id\":\"https:\\\/\\\/www.parisheure.com\\\/acheter-montre\\\/vacheron-constantin-de-poche-or-jaune-et-or-blanc\\\/#breadcrumb\",\"itemListElement\":[{\"@type\":\"ListItem\",\"position\":1,\"name\":\"Accueil\",\"item\":\"https:\\\/\\\/www.parisheure.com\\\/\"},{\"@type\":\"ListItem\",\"position\":2,\"name\":\"WATCHES\",\"item\":\"https:\\\/\\\/www.parisheure.com\\\/\"},{\"@type\":\"ListItem\",\"position\":3,\"name\":\"VACHERON CONSTANTIN DE POCHE OR JAUNE ET OR BLANC\"}]},{\"@type\":\"WebSite\",\"@id\":\"https:\\\/\\\/www.parisheure.com\\\/#website\",\"url\":\"https:\\\/\\\/www.parisheure.com\\\/\",\"name\":\"PARIS HEURE\",\"description\":\"Vintage watches Paris\",\"publisher\":{\"@id\":\"https:\\\/\\\/www.parisheure.com\\\/#organization\"},\"potentialAction\":[{\"@type\":\"SearchAction\",\"target\":{\"@type\":\"EntryPoint\",\"urlTemplate\":\"https:\\\/\\\/www.parisheure.com\\\/?s={search_term_string}\"},\"query-input\":{\"@type\":\"PropertyValueSpecification\",\"valueRequired\":true,\"valueName\":\"search_term_string\"}}],\"inLanguage\":\"en-US\"},{\"@type\":\"Organization\",\"@id\":\"https:\\\/\\\/www.parisheure.com\\\/#organization\",\"name\":\"PARIS HEURE\",\"url\":\"https:\\\/\\\/www.parisheure.com\\\/\",\"logo\":{\"@type\":\"ImageObject\",\"inLanguage\":\"en-US\",\"@id\":\"https:\\\/\\\/www.parisheure.com\\\/#\\\/schema\\\/logo\\\/image\\\/\",\"url\":\"https:\\\/\\\/www.parisheure.com\\\/wp-content\\\/uploads\\\/2021\\\/07\\\/cropped-logo-paris-heure.png\",\"contentUrl\":\"https:\\\/\\\/www.parisheure.com\\\/wp-content\\\/uploads\\\/2021\\\/07\\\/cropped-logo-paris-heure.png\",\"width\":512,\"height\":512,\"caption\":\"PARIS HEURE\"},\"image\":{\"@id\":\"https:\\\/\\\/www.parisheure.com\\\/#\\\/schema\\\/logo\\\/image\\\/\"},\"sameAs\":[\"https:\\\/\\\/www.facebook.com\\\/ParisHeure\",\"https:\\\/\\\/www.instagram.com\\\/parisheure\\\/\"]}]}<\/script>\n<!-- \/ Yoast SEO plugin. -->","yoast_head_json":{"title":"VACHERON CONSTANTIN DE POCHE OR JAUNE ET OR BLANC \u2022 PARIS HEURE","description":"Marque:\u00a0Vacheron Constantin  Mod\u00e8le:\u00a0Montre de poche  Mouvement\u00a0: M\u00e9ca  Diam\u00e8tre\u00a0: mm  Ann\u00e9e:  Boite:\u00a0Beau boitier travaill\u00e9 en or jaune avec une b\u00e9li\u00e8re en or blanc et un fond de boite d\u00e9cor\u00e9 en or blanc et jaune. Bel \u00e9tat de conservation et patine de l\u2019or  Cadran:\u00a0Beau cadran d\u2019origine bi colore avec un beau marquage des indexes. Beaucoup de contraste et de caract\u00e8re. Grande qualit\u00e9 de fabrication et belle patine  Accessoires\u00a0: Aucuns","robots":{"index":"index","follow":"follow","max-snippet":"max-snippet:-1","max-image-preview":"max-image-preview:large","max-video-preview":"max-video-preview:-1"},"canonical":"https:\/\/www.parisheure.com\/en\/buy-watch\/vacheron-constantin-de-poche-or-jaune-et-or-blanc\/","og_locale":"en_US","og_type":"article","og_title":"VACHERON CONSTANTIN DE POCHE OR JAUNE ET OR BLANC &#8226; PARIS HEURE","og_description":"Marque:\u00a0Vacheron Constantin  Mod\u00e8le:\u00a0Montre de poche  Mouvement\u00a0: M\u00e9ca  Diam\u00e8tre\u00a0: mm  Ann\u00e9e:  Boite:\u00a0Beau boitier travaill\u00e9 en or jaune avec une b\u00e9li\u00e8re en or blanc et un fond de boite d\u00e9cor\u00e9 en or blanc et jaune. Bel \u00e9tat de conservation et patine de l\u2019or  Cadran:\u00a0Beau cadran d\u2019origine bi colore avec un beau marquage des indexes. Beaucoup de contraste et de caract\u00e8re. Grande qualit\u00e9 de fabrication et belle patine  Accessoires\u00a0: Aucuns","og_url":"https:\/\/www.parisheure.com\/en\/buy-watch\/vacheron-constantin-de-poche-or-jaune-et-or-blanc\/","og_site_name":"PARIS HEURE","article_publisher":"https:\/\/www.facebook.com\/ParisHeure","article_modified_time":"2024-10-23T08:41:53+00:00","og_image":[{"width":1024,"height":1024,"url":"https:\/\/www.parisheure.com\/wp-content\/uploads\/2021\/08\/VACHERON-CONSTANTIN-POCHE-OR-JAUNE-ET-BLANC_0007_Calque-2-1024x1024.png","type":"image\/png"}],"twitter_card":"summary_large_image","schema":{"@context":"https:\/\/schema.org","@graph":[{"@type":"WebPage","@id":"https:\/\/www.parisheure.com\/acheter-montre\/vacheron-constantin-de-poche-or-jaune-et-or-blanc\/","url":"https:\/\/www.parisheure.com\/acheter-montre\/vacheron-constantin-de-poche-or-jaune-et-or-blanc\/","name":"VACHERON CONSTANTIN DE POCHE OR JAUNE ET OR BLANC \u2022 PARIS HEURE","isPartOf":{"@id":"https:\/\/www.parisheure.com\/#website"},"primaryImageOfPage":{"@id":"https:\/\/www.parisheure.com\/acheter-montre\/vacheron-constantin-de-poche-or-jaune-et-or-blanc\/#primaryimage"},"image":{"@id":"https:\/\/www.parisheure.com\/acheter-montre\/vacheron-constantin-de-poche-or-jaune-et-or-blanc\/#primaryimage"},"thumbnailUrl":"https:\/\/www.parisheure.com\/wp-content\/uploads\/2021\/08\/VACHERON-CONSTANTIN-POCHE-OR-JAUNE-ET-BLANC_0007_Calque-2.png","datePublished":"2021-08-04T10:20:40+00:00","dateModified":"2024-10-23T08:41:53+00:00","description":"Marque:\u00a0Vacheron Constantin Mod\u00e8le:\u00a0Montre de poche Mouvement\u00a0: M\u00e9ca Diam\u00e8tre\u00a0: mm Ann\u00e9e: Boite:\u00a0Beau boitier travaill\u00e9 en or jaune avec une b\u00e9li\u00e8re en or blanc et un fond de boite d\u00e9cor\u00e9 en or blanc et jaune. Bel \u00e9tat de conservation et patine de l\u2019or Cadran:\u00a0Beau cadran d\u2019origine bi colore avec un beau marquage des indexes. Beaucoup de contraste et de caract\u00e8re. Grande qualit\u00e9 de fabrication et belle patine Accessoires\u00a0: Aucuns","breadcrumb":{"@id":"https:\/\/www.parisheure.com\/acheter-montre\/vacheron-constantin-de-poche-or-jaune-et-or-blanc\/#breadcrumb"},"inLanguage":"en-US","potentialAction":[{"@type":"ReadAction","target":["https:\/\/www.parisheure.com\/acheter-montre\/vacheron-constantin-de-poche-or-jaune-et-or-blanc\/"]}]},{"@type":"ImageObject","inLanguage":"en-US","@id":"https:\/\/www.parisheure.com\/acheter-montre\/vacheron-constantin-de-poche-or-jaune-et-or-blanc\/#primaryimage","url":"https:\/\/www.parisheure.com\/wp-content\/uploads\/2021\/08\/VACHERON-CONSTANTIN-POCHE-OR-JAUNE-ET-BLANC_0007_Calque-2.png","contentUrl":"https:\/\/www.parisheure.com\/wp-content\/uploads\/2021\/08\/VACHERON-CONSTANTIN-POCHE-OR-JAUNE-ET-BLANC_0007_Calque-2.png","width":2800,"height":2800},{"@type":"BreadcrumbList","@id":"https:\/\/www.parisheure.com\/acheter-montre\/vacheron-constantin-de-poche-or-jaune-et-or-blanc\/#breadcrumb","itemListElement":[{"@type":"ListItem","position":1,"name":"Accueil","item":"https:\/\/www.parisheure.com\/"},{"@type":"ListItem","position":2,"name":"WATCHES","item":"https:\/\/www.parisheure.com\/"},{"@type":"ListItem","position":3,"name":"VACHERON CONSTANTIN DE POCHE OR JAUNE ET OR BLANC"}]},{"@type":"WebSite","@id":"https:\/\/www.parisheure.com\/#website","url":"https:\/\/www.parisheure.com\/","name":"PARIS HEURE","description":"Vintage watches Paris","publisher":{"@id":"https:\/\/www.parisheure.com\/#organization"},"potentialAction":[{"@type":"SearchAction","target":{"@type":"EntryPoint","urlTemplate":"https:\/\/www.parisheure.com\/?s={search_term_string}"},"query-input":{"@type":"PropertyValueSpecification","valueRequired":true,"valueName":"search_term_string"}}],"inLanguage":"en-US"},{"@type":"Organization","@id":"https:\/\/www.parisheure.com\/#organization","name":"PARIS HEURE","url":"https:\/\/www.parisheure.com\/","logo":{"@type":"ImageObject","inLanguage":"en-US","@id":"https:\/\/www.parisheure.com\/#\/schema\/logo\/image\/","url":"https:\/\/www.parisheure.com\/wp-content\/uploads\/2021\/07\/cropped-logo-paris-heure.png","contentUrl":"https:\/\/www.parisheure.com\/wp-content\/uploads\/2021\/07\/cropped-logo-paris-heure.png","width":512,"height":512,"caption":"PARIS HEURE"},"image":{"@id":"https:\/\/www.parisheure.com\/#\/schema\/logo\/image\/"},"sameAs":["https:\/\/www.facebook.com\/ParisHeure","https:\/\/www.instagram.com\/parisheure\/"]}]}},"jetpack_sharing_enabled":true,"brands":[{"id":440,"name":"Vacheron Constantin","slug":"vacheron-constantin"}],"_links":{"self":[{"href":"https:\/\/www.parisheure.com\/en\/wp-json\/wp\/v2\/product\/7926","targetHints":{"allow":["GET"]}}],"collection":[{"href":"https:\/\/www.parisheure.com\/en\/wp-json\/wp\/v2\/product"}],"about":[{"href":"https:\/\/www.parisheure.com\/en\/wp-json\/wp\/v2\/types\/product"}],"version-history":[{"count":1,"href":"https:\/\/www.parisheure.com\/en\/wp-json\/wp\/v2\/product\/7926\/revisions"}],"predecessor-version":[{"id":14227,"href":"https:\/\/www.parisheure.com\/en\/wp-json\/wp\/v2\/product\/7926\/revisions\/14227"}],"wp:featuredmedia":[{"embeddable":true,"href":"https:\/\/www.parisheure.com\/en\/wp-json\/wp\/v2\/media\/8208"}],"wp:attachment":[{"href":"https:\/\/www.parisheure.com\/en\/wp-json\/wp\/v2\/media?parent=7926"}],"wp:term":[{"taxonomy":"pwb-brand","embeddable":true,"href":"https:\/\/www.parisheure.com\/en\/wp-json\/wp\/v2\/pwb-brand?post=7926"},{"taxonomy":"product_brand","embeddable":true,"href":"https:\/\/www.parisheure.com\/en\/wp-json\/wp\/v2\/product_brand?post=7926"},{"taxonomy":"product_cat","embeddable":true,"href":"https:\/\/www.parisheure.com\/en\/wp-json\/wp\/v2\/product_cat?post=7926"},{"taxonomy":"product_tag","embeddable":true,"href":"https:\/\/www.parisheure.com\/en\/wp-json\/wp\/v2\/product_tag?post=7926"}],"curies":[{"name":"wp","href":"https:\/\/api.w.org\/{rel}","templated":true}]}}