{"id":7928,"date":"2021-08-04T12:27:40","date_gmt":"2021-08-04T10:27:40","guid":{"rendered":"http:\/\/www.parisheure.com\/?post_type=product&#038;p=7928"},"modified":"2024-10-23T10:39:02","modified_gmt":"2024-10-23T08:39:02","slug":"rolex-submariner-ref-5513-no-serif-pumpkin-from-1970","status":"publish","type":"product","link":"https:\/\/www.parisheure.com\/en\/buy-watch\/rolex-submariner-ref-5513-no-serif-pumpkin-from-1970\/","title":{"rendered":"ROLEX SUBMARINER REF 5513 NO SERIF PUMPKIN from 1970"},"content":{"rendered":"<p><strong>04Notre avis:<\/strong> A very beautiful and rare example of the vintage Submariner reference 5513, very beautiful dial with a beautiful PUMPKIN patina, oyster steel bracelet and movement in perfect working order. The watch is in mint condition and  professionally repolished. Highly sought-after pumkin-colored matching hands and dials. Very nice bluish hue original insert.<\/p>","protected":false},"excerpt":{"rendered":"<p><strong>Brand:<\/strong>\u00a0Rolex<\/p>\n<p><strong>Model:<\/strong>\u00a0Submariner<\/p>\n<p><strong>Movement\u00a0: <\/strong>Auto cal 1520<\/p>\n<p><strong>Reference:<\/strong>\u00a05513<\/p>\n<p><strong>Diameter\u00a0: <\/strong>40mm<\/p>\n<p><strong>Year:<\/strong>\u00a01970<\/p>\n<p><strong>Serial : <\/strong>271XXXX<\/p>\n<p><strong>Case:<\/strong> Beau boitier encore \u00e9pais et avec des angles parfaitement repolie et des chanfreins parfaitement visible. Lunette en parfait \u00e9tat. Insert d\u2019origine. Aucuns chocs visibles. La montre a \u00e9t\u00e9 professionnellement repolie et reste belle et homog\u00e8ne.<\/p>\n<p><strong>Dial:<\/strong>\u00a0Beautiful original non-serif dial with a very beautiful homogeneous patina turning orange or even PUMPKIN. Very nice general condition. Dial in perfect condition with no flaws. The hands are perfectly matching the patina of the indexes.<\/p>\n<p><strong>Bracelet :<\/strong> Later Rolex Steel oyster bracelet<\/p>\n<p><strong>Accessories: <\/strong>None<\/p>","protected":false},"featured_media":10257,"template":"","meta":[],"pwb-brand":[432],"product_brand":[],"product_cat":[107,367,90,244],"product_tag":[194,142,144,195,193,127,135],"class_list":{"0":"post-7928","1":"product","2":"type-product","3":"status-publish","4":"has-post-thumbnail","6":"pwb-brand-rolex","7":"product_cat-archives","8":"product_cat-montres-paris-heure","9":"product_cat-rolex","10":"product_cat-rolex-submariner","11":"product_tag-194","12":"product_tag-142","13":"product_tag-feet-first","14":"product_tag-mat","15":"product_tag-pumpkin","16":"product_tag-rolex","17":"product_tag-submariner","19":"first","20":"outofstock","21":"shipping-taxable","22":"product-type-simple"},"yoast_head":"<!-- This site is optimized with the Yoast SEO plugin v27.5 - https:\/\/yoast.com\/product\/yoast-seo-wordpress\/ -->\n<title>ROLEX SUBMARINER REF 5513 NO SERIF PUMPKIN from 1970 &#8226; PARIS HEURE<\/title>\n<meta name=\"description\" content=\"Marque:\u00a0Rolex  Mod\u00e8le:\u00a0Submariner  Mouvement\u00a0: Auto cal 1520  R\u00e9f\u00e9rence:\u00a05513  Diam\u00e8tre\u00a0: 40mm  Ann\u00e9e:\u00a01970  Serial\u00a0: 271XXXX  Boite: Beau boitier encore \u00e9pais et avec des angles parfaitement repolie et des chanfreins parfaitement visible. Lunette en parfait \u00e9tat. Insert d&#039;origine. Aucuns chocs visibles. La montre a \u00e9t\u00e9 professionnellement repolie et reste belle et homog\u00e8ne.  Cadran:\u00a0Beau cadran d\u2019origine non serif dial avec une tr\u00e8s belle patine homog\u00e8ne tournant a l\u2019orang\u00e9 ou encore PUMPKIN. Tr\u00e8s bel ensemble g\u00e9n\u00e9ral. Cadran en parfait \u00e9tat avec aucuns d\u00e9fauts. Les aiguilles sont parfaitement matching \u00e0 la patine des indexes.  Bracelet\u00a0: Acier Rolex blind\u00e9 plus tardif  Accessoires\u00a0: Aucuns\" \/>\n<meta name=\"robots\" content=\"index, follow, max-snippet:-1, max-image-preview:large, max-video-preview:-1\" \/>\n<link rel=\"canonical\" href=\"https:\/\/www.parisheure.com\/en\/buy-watch\/rolex-submariner-ref-5513-no-serif-pumpkin-from-1970\/\" \/>\n<meta property=\"og:locale\" content=\"en_US\" \/>\n<meta property=\"og:type\" content=\"article\" \/>\n<meta property=\"og:title\" content=\"ROLEX SUBMARINER REF 5513 NO SERIF PUMPKIN from 1970 &#8226; PARIS HEURE\" \/>\n<meta property=\"og:description\" content=\"Marque:\u00a0Rolex  Mod\u00e8le:\u00a0Submariner  Mouvement\u00a0: Auto cal 1520  R\u00e9f\u00e9rence:\u00a05513  Diam\u00e8tre\u00a0: 40mm  Ann\u00e9e:\u00a01970  Serial\u00a0: 271XXXX  Boite: Beau boitier encore \u00e9pais et avec des angles parfaitement repolie et des chanfreins parfaitement visible. Lunette en parfait \u00e9tat. Insert d&#039;origine. Aucuns chocs visibles. La montre a \u00e9t\u00e9 professionnellement repolie et reste belle et homog\u00e8ne.  Cadran:\u00a0Beau cadran d\u2019origine non serif dial avec une tr\u00e8s belle patine homog\u00e8ne tournant a l\u2019orang\u00e9 ou encore PUMPKIN. Tr\u00e8s bel ensemble g\u00e9n\u00e9ral. Cadran en parfait \u00e9tat avec aucuns d\u00e9fauts. Les aiguilles sont parfaitement matching \u00e0 la patine des indexes.  Bracelet\u00a0: Acier Rolex blind\u00e9 plus tardif  Accessoires\u00a0: Aucuns\" \/>\n<meta property=\"og:url\" content=\"https:\/\/www.parisheure.com\/en\/buy-watch\/rolex-submariner-ref-5513-no-serif-pumpkin-from-1970\/\" \/>\n<meta property=\"og:site_name\" content=\"PARIS HEURE\" \/>\n<meta property=\"article:publisher\" content=\"https:\/\/www.facebook.com\/ParisHeure\" \/>\n<meta property=\"article:modified_time\" content=\"2024-10-23T08:39:02+00:00\" \/>\n<meta property=\"og:image\" content=\"https:\/\/www.parisheure.com\/wp-content\/uploads\/2021\/08\/ROLEX-SUBMARINER-REF-5513-NO-SERIF-PUMPKIN-FROM-1970-N\u00b027XXXXX-_0022_Calque-24-scaled.jpg\" \/>\n\t<meta property=\"og:image:width\" content=\"2560\" \/>\n\t<meta property=\"og:image:height\" content=\"2560\" \/>\n\t<meta property=\"og:image:type\" content=\"image\/jpeg\" \/>\n<meta name=\"twitter:card\" content=\"summary_large_image\" \/>\n<script type=\"application\/ld+json\" class=\"yoast-schema-graph\">{\"@context\":\"https:\\\/\\\/schema.org\",\"@graph\":[{\"@type\":\"WebPage\",\"@id\":\"https:\\\/\\\/www.parisheure.com\\\/acheter-montre\\\/rolex-submariner-ref-5513-no-serif-pumpkin-from-1970\\\/\",\"url\":\"https:\\\/\\\/www.parisheure.com\\\/acheter-montre\\\/rolex-submariner-ref-5513-no-serif-pumpkin-from-1970\\\/\",\"name\":\"ROLEX SUBMARINER REF 5513 NO SERIF PUMPKIN from 1970 &#8226; PARIS HEURE\",\"isPartOf\":{\"@id\":\"https:\\\/\\\/www.parisheure.com\\\/#website\"},\"primaryImageOfPage\":{\"@id\":\"https:\\\/\\\/www.parisheure.com\\\/acheter-montre\\\/rolex-submariner-ref-5513-no-serif-pumpkin-from-1970\\\/#primaryimage\"},\"image\":{\"@id\":\"https:\\\/\\\/www.parisheure.com\\\/acheter-montre\\\/rolex-submariner-ref-5513-no-serif-pumpkin-from-1970\\\/#primaryimage\"},\"thumbnailUrl\":\"https:\\\/\\\/www.parisheure.com\\\/wp-content\\\/uploads\\\/2021\\\/08\\\/ROLEX-SUBMARINER-REF-5513-NO-SERIF-PUMPKIN-FROM-1970-N\u00b027XXXXX-_0022_Calque-24-scaled.jpg\",\"datePublished\":\"2021-08-04T10:27:40+00:00\",\"dateModified\":\"2024-10-23T08:39:02+00:00\",\"description\":\"Marque:\u00a0Rolex Mod\u00e8le:\u00a0Submariner Mouvement\u00a0: Auto cal 1520 R\u00e9f\u00e9rence:\u00a05513 Diam\u00e8tre\u00a0: 40mm Ann\u00e9e:\u00a01970 Serial\u00a0: 271XXXX Boite: Beau boitier encore \u00e9pais et avec des angles parfaitement repolie et des chanfreins parfaitement visible. Lunette en parfait \u00e9tat. Insert d'origine. Aucuns chocs visibles. La montre a \u00e9t\u00e9 professionnellement repolie et reste belle et homog\u00e8ne. Cadran:\u00a0Beau cadran d\u2019origine non serif dial avec une tr\u00e8s belle patine homog\u00e8ne tournant a l\u2019orang\u00e9 ou encore PUMPKIN. Tr\u00e8s bel ensemble g\u00e9n\u00e9ral. Cadran en parfait \u00e9tat avec aucuns d\u00e9fauts. Les aiguilles sont parfaitement matching \u00e0 la patine des indexes. Bracelet\u00a0: Acier Rolex blind\u00e9 plus tardif Accessoires\u00a0: Aucuns\",\"breadcrumb\":{\"@id\":\"https:\\\/\\\/www.parisheure.com\\\/acheter-montre\\\/rolex-submariner-ref-5513-no-serif-pumpkin-from-1970\\\/#breadcrumb\"},\"inLanguage\":\"en-US\",\"potentialAction\":[{\"@type\":\"ReadAction\",\"target\":[\"https:\\\/\\\/www.parisheure.com\\\/acheter-montre\\\/rolex-submariner-ref-5513-no-serif-pumpkin-from-1970\\\/\"]}]},{\"@type\":\"ImageObject\",\"inLanguage\":\"en-US\",\"@id\":\"https:\\\/\\\/www.parisheure.com\\\/acheter-montre\\\/rolex-submariner-ref-5513-no-serif-pumpkin-from-1970\\\/#primaryimage\",\"url\":\"https:\\\/\\\/www.parisheure.com\\\/wp-content\\\/uploads\\\/2021\\\/08\\\/ROLEX-SUBMARINER-REF-5513-NO-SERIF-PUMPKIN-FROM-1970-N\u00b027XXXXX-_0022_Calque-24-scaled.jpg\",\"contentUrl\":\"https:\\\/\\\/www.parisheure.com\\\/wp-content\\\/uploads\\\/2021\\\/08\\\/ROLEX-SUBMARINER-REF-5513-NO-SERIF-PUMPKIN-FROM-1970-N\u00b027XXXXX-_0022_Calque-24-scaled.jpg\",\"width\":2560,\"height\":2560},{\"@type\":\"BreadcrumbList\",\"@id\":\"https:\\\/\\\/www.parisheure.com\\\/acheter-montre\\\/rolex-submariner-ref-5513-no-serif-pumpkin-from-1970\\\/#breadcrumb\",\"itemListElement\":[{\"@type\":\"ListItem\",\"position\":1,\"name\":\"Accueil\",\"item\":\"https:\\\/\\\/www.parisheure.com\\\/\"},{\"@type\":\"ListItem\",\"position\":2,\"name\":\"WATCHES\",\"item\":\"https:\\\/\\\/www.parisheure.com\\\/\"},{\"@type\":\"ListItem\",\"position\":3,\"name\":\"ROLEX SUBMARINER REF 5513 NO SERIF PUMPKIN from 1970\"}]},{\"@type\":\"WebSite\",\"@id\":\"https:\\\/\\\/www.parisheure.com\\\/#website\",\"url\":\"https:\\\/\\\/www.parisheure.com\\\/\",\"name\":\"PARIS HEURE\",\"description\":\"Vintage watches Paris\",\"publisher\":{\"@id\":\"https:\\\/\\\/www.parisheure.com\\\/#organization\"},\"potentialAction\":[{\"@type\":\"SearchAction\",\"target\":{\"@type\":\"EntryPoint\",\"urlTemplate\":\"https:\\\/\\\/www.parisheure.com\\\/?s={search_term_string}\"},\"query-input\":{\"@type\":\"PropertyValueSpecification\",\"valueRequired\":true,\"valueName\":\"search_term_string\"}}],\"inLanguage\":\"en-US\"},{\"@type\":\"Organization\",\"@id\":\"https:\\\/\\\/www.parisheure.com\\\/#organization\",\"name\":\"PARIS HEURE\",\"url\":\"https:\\\/\\\/www.parisheure.com\\\/\",\"logo\":{\"@type\":\"ImageObject\",\"inLanguage\":\"en-US\",\"@id\":\"https:\\\/\\\/www.parisheure.com\\\/#\\\/schema\\\/logo\\\/image\\\/\",\"url\":\"https:\\\/\\\/www.parisheure.com\\\/wp-content\\\/uploads\\\/2021\\\/07\\\/cropped-logo-paris-heure.png\",\"contentUrl\":\"https:\\\/\\\/www.parisheure.com\\\/wp-content\\\/uploads\\\/2021\\\/07\\\/cropped-logo-paris-heure.png\",\"width\":512,\"height\":512,\"caption\":\"PARIS HEURE\"},\"image\":{\"@id\":\"https:\\\/\\\/www.parisheure.com\\\/#\\\/schema\\\/logo\\\/image\\\/\"},\"sameAs\":[\"https:\\\/\\\/www.facebook.com\\\/ParisHeure\",\"https:\\\/\\\/www.instagram.com\\\/parisheure\\\/\"]}]}<\/script>\n<!-- \/ Yoast SEO plugin. -->","yoast_head_json":{"title":"ROLEX SUBMARINER REF 5513 NO SERIF PUMPKIN from 1970 \u2022 PARIS HEURE","description":"Marque:\u00a0Rolex  Mod\u00e8le:\u00a0Submariner  Mouvement\u00a0: Auto cal 1520  R\u00e9f\u00e9rence:\u00a05513  Diam\u00e8tre\u00a0: 40mm  Ann\u00e9e:\u00a01970  Serial\u00a0: 271XXXX  Boite: Beau boitier encore \u00e9pais et avec des angles parfaitement repolie et des chanfreins parfaitement visible. Lunette en parfait \u00e9tat. Insert d'origine. Aucuns chocs visibles. La montre a \u00e9t\u00e9 professionnellement repolie et reste belle et homog\u00e8ne.  Cadran:\u00a0Beau cadran d\u2019origine non serif dial avec une tr\u00e8s belle patine homog\u00e8ne tournant a l\u2019orang\u00e9 ou encore PUMPKIN. Tr\u00e8s bel ensemble g\u00e9n\u00e9ral. Cadran en parfait \u00e9tat avec aucuns d\u00e9fauts. Les aiguilles sont parfaitement matching \u00e0 la patine des indexes.  Bracelet\u00a0: Acier Rolex blind\u00e9 plus tardif  Accessoires\u00a0: Aucuns","robots":{"index":"index","follow":"follow","max-snippet":"max-snippet:-1","max-image-preview":"max-image-preview:large","max-video-preview":"max-video-preview:-1"},"canonical":"https:\/\/www.parisheure.com\/en\/buy-watch\/rolex-submariner-ref-5513-no-serif-pumpkin-from-1970\/","og_locale":"en_US","og_type":"article","og_title":"ROLEX SUBMARINER REF 5513 NO SERIF PUMPKIN from 1970 &#8226; PARIS HEURE","og_description":"Marque:\u00a0Rolex  Mod\u00e8le:\u00a0Submariner  Mouvement\u00a0: Auto cal 1520  R\u00e9f\u00e9rence:\u00a05513  Diam\u00e8tre\u00a0: 40mm  Ann\u00e9e:\u00a01970  Serial\u00a0: 271XXXX  Boite: Beau boitier encore \u00e9pais et avec des angles parfaitement repolie et des chanfreins parfaitement visible. Lunette en parfait \u00e9tat. Insert d'origine. Aucuns chocs visibles. La montre a \u00e9t\u00e9 professionnellement repolie et reste belle et homog\u00e8ne.  Cadran:\u00a0Beau cadran d\u2019origine non serif dial avec une tr\u00e8s belle patine homog\u00e8ne tournant a l\u2019orang\u00e9 ou encore PUMPKIN. Tr\u00e8s bel ensemble g\u00e9n\u00e9ral. Cadran en parfait \u00e9tat avec aucuns d\u00e9fauts. Les aiguilles sont parfaitement matching \u00e0 la patine des indexes.  Bracelet\u00a0: Acier Rolex blind\u00e9 plus tardif  Accessoires\u00a0: Aucuns","og_url":"https:\/\/www.parisheure.com\/en\/buy-watch\/rolex-submariner-ref-5513-no-serif-pumpkin-from-1970\/","og_site_name":"PARIS HEURE","article_publisher":"https:\/\/www.facebook.com\/ParisHeure","article_modified_time":"2024-10-23T08:39:02+00:00","og_image":[{"width":2560,"height":2560,"url":"https:\/\/www.parisheure.com\/wp-content\/uploads\/2021\/08\/ROLEX-SUBMARINER-REF-5513-NO-SERIF-PUMPKIN-FROM-1970-N\u00b027XXXXX-_0022_Calque-24-scaled.jpg","type":"image\/jpeg"}],"twitter_card":"summary_large_image","schema":{"@context":"https:\/\/schema.org","@graph":[{"@type":"WebPage","@id":"https:\/\/www.parisheure.com\/acheter-montre\/rolex-submariner-ref-5513-no-serif-pumpkin-from-1970\/","url":"https:\/\/www.parisheure.com\/acheter-montre\/rolex-submariner-ref-5513-no-serif-pumpkin-from-1970\/","name":"ROLEX SUBMARINER REF 5513 NO SERIF PUMPKIN from 1970 \u2022 PARIS HEURE","isPartOf":{"@id":"https:\/\/www.parisheure.com\/#website"},"primaryImageOfPage":{"@id":"https:\/\/www.parisheure.com\/acheter-montre\/rolex-submariner-ref-5513-no-serif-pumpkin-from-1970\/#primaryimage"},"image":{"@id":"https:\/\/www.parisheure.com\/acheter-montre\/rolex-submariner-ref-5513-no-serif-pumpkin-from-1970\/#primaryimage"},"thumbnailUrl":"https:\/\/www.parisheure.com\/wp-content\/uploads\/2021\/08\/ROLEX-SUBMARINER-REF-5513-NO-SERIF-PUMPKIN-FROM-1970-N\u00b027XXXXX-_0022_Calque-24-scaled.jpg","datePublished":"2021-08-04T10:27:40+00:00","dateModified":"2024-10-23T08:39:02+00:00","description":"Marque:\u00a0Rolex Mod\u00e8le:\u00a0Submariner Mouvement\u00a0: Auto cal 1520 R\u00e9f\u00e9rence:\u00a05513 Diam\u00e8tre\u00a0: 40mm Ann\u00e9e:\u00a01970 Serial\u00a0: 271XXXX Boite: Beau boitier encore \u00e9pais et avec des angles parfaitement repolie et des chanfreins parfaitement visible. Lunette en parfait \u00e9tat. Insert d'origine. Aucuns chocs visibles. La montre a \u00e9t\u00e9 professionnellement repolie et reste belle et homog\u00e8ne. Cadran:\u00a0Beau cadran d\u2019origine non serif dial avec une tr\u00e8s belle patine homog\u00e8ne tournant a l\u2019orang\u00e9 ou encore PUMPKIN. Tr\u00e8s bel ensemble g\u00e9n\u00e9ral. Cadran en parfait \u00e9tat avec aucuns d\u00e9fauts. Les aiguilles sont parfaitement matching \u00e0 la patine des indexes. Bracelet\u00a0: Acier Rolex blind\u00e9 plus tardif Accessoires\u00a0: Aucuns","breadcrumb":{"@id":"https:\/\/www.parisheure.com\/acheter-montre\/rolex-submariner-ref-5513-no-serif-pumpkin-from-1970\/#breadcrumb"},"inLanguage":"en-US","potentialAction":[{"@type":"ReadAction","target":["https:\/\/www.parisheure.com\/acheter-montre\/rolex-submariner-ref-5513-no-serif-pumpkin-from-1970\/"]}]},{"@type":"ImageObject","inLanguage":"en-US","@id":"https:\/\/www.parisheure.com\/acheter-montre\/rolex-submariner-ref-5513-no-serif-pumpkin-from-1970\/#primaryimage","url":"https:\/\/www.parisheure.com\/wp-content\/uploads\/2021\/08\/ROLEX-SUBMARINER-REF-5513-NO-SERIF-PUMPKIN-FROM-1970-N\u00b027XXXXX-_0022_Calque-24-scaled.jpg","contentUrl":"https:\/\/www.parisheure.com\/wp-content\/uploads\/2021\/08\/ROLEX-SUBMARINER-REF-5513-NO-SERIF-PUMPKIN-FROM-1970-N\u00b027XXXXX-_0022_Calque-24-scaled.jpg","width":2560,"height":2560},{"@type":"BreadcrumbList","@id":"https:\/\/www.parisheure.com\/acheter-montre\/rolex-submariner-ref-5513-no-serif-pumpkin-from-1970\/#breadcrumb","itemListElement":[{"@type":"ListItem","position":1,"name":"Accueil","item":"https:\/\/www.parisheure.com\/"},{"@type":"ListItem","position":2,"name":"WATCHES","item":"https:\/\/www.parisheure.com\/"},{"@type":"ListItem","position":3,"name":"ROLEX SUBMARINER REF 5513 NO SERIF PUMPKIN from 1970"}]},{"@type":"WebSite","@id":"https:\/\/www.parisheure.com\/#website","url":"https:\/\/www.parisheure.com\/","name":"PARIS HEURE","description":"Vintage watches Paris","publisher":{"@id":"https:\/\/www.parisheure.com\/#organization"},"potentialAction":[{"@type":"SearchAction","target":{"@type":"EntryPoint","urlTemplate":"https:\/\/www.parisheure.com\/?s={search_term_string}"},"query-input":{"@type":"PropertyValueSpecification","valueRequired":true,"valueName":"search_term_string"}}],"inLanguage":"en-US"},{"@type":"Organization","@id":"https:\/\/www.parisheure.com\/#organization","name":"PARIS HEURE","url":"https:\/\/www.parisheure.com\/","logo":{"@type":"ImageObject","inLanguage":"en-US","@id":"https:\/\/www.parisheure.com\/#\/schema\/logo\/image\/","url":"https:\/\/www.parisheure.com\/wp-content\/uploads\/2021\/07\/cropped-logo-paris-heure.png","contentUrl":"https:\/\/www.parisheure.com\/wp-content\/uploads\/2021\/07\/cropped-logo-paris-heure.png","width":512,"height":512,"caption":"PARIS HEURE"},"image":{"@id":"https:\/\/www.parisheure.com\/#\/schema\/logo\/image\/"},"sameAs":["https:\/\/www.facebook.com\/ParisHeure","https:\/\/www.instagram.com\/parisheure\/"]}]}},"jetpack_sharing_enabled":true,"brands":[{"id":432,"name":"Rolex","slug":"rolex"}],"_links":{"self":[{"href":"https:\/\/www.parisheure.com\/en\/wp-json\/wp\/v2\/product\/7928","targetHints":{"allow":["GET"]}}],"collection":[{"href":"https:\/\/www.parisheure.com\/en\/wp-json\/wp\/v2\/product"}],"about":[{"href":"https:\/\/www.parisheure.com\/en\/wp-json\/wp\/v2\/types\/product"}],"version-history":[{"count":1,"href":"https:\/\/www.parisheure.com\/en\/wp-json\/wp\/v2\/product\/7928\/revisions"}],"predecessor-version":[{"id":14206,"href":"https:\/\/www.parisheure.com\/en\/wp-json\/wp\/v2\/product\/7928\/revisions\/14206"}],"wp:featuredmedia":[{"embeddable":true,"href":"https:\/\/www.parisheure.com\/en\/wp-json\/wp\/v2\/media\/10257"}],"wp:attachment":[{"href":"https:\/\/www.parisheure.com\/en\/wp-json\/wp\/v2\/media?parent=7928"}],"wp:term":[{"taxonomy":"pwb-brand","embeddable":true,"href":"https:\/\/www.parisheure.com\/en\/wp-json\/wp\/v2\/pwb-brand?post=7928"},{"taxonomy":"product_brand","embeddable":true,"href":"https:\/\/www.parisheure.com\/en\/wp-json\/wp\/v2\/product_brand?post=7928"},{"taxonomy":"product_cat","embeddable":true,"href":"https:\/\/www.parisheure.com\/en\/wp-json\/wp\/v2\/product_cat?post=7928"},{"taxonomy":"product_tag","embeddable":true,"href":"https:\/\/www.parisheure.com\/en\/wp-json\/wp\/v2\/product_tag?post=7928"}],"curies":[{"name":"wp","href":"https:\/\/api.w.org\/{rel}","templated":true}]}}