{"id":7931,"date":"2021-08-04T12:22:17","date_gmt":"2021-08-04T10:22:17","guid":{"rendered":"http:\/\/www.parisheure.com\/?post_type=product&#038;p=7931"},"modified":"2024-10-23T10:38:50","modified_gmt":"2024-10-23T08:38:50","slug":"rolex-white-submariner-ref-1680-mat-mk2-from-1980","status":"publish","type":"product","link":"https:\/\/www.parisheure.com\/en\/buy-watch\/rolex-white-submariner-ref-1680-mat-mk2-from-1980\/","title":{"rendered":"ROLEX WHITE SUBMARINER REF 1680 MAT MK2 from 1980"},"content":{"rendered":"<p><strong>Our opinion:<\/strong> A beautiful example of the Submariner vintage date reference 1680, exceptional yellow patina, armored bracelet and automatic movement in perfect working order. Very thick case with its chamfers still present and with so little difference from the price of a modern that everyone has, treat yourself to a perfect vintage with the unique look of the 70s mark II beyeler dial to die for.<\/p>","protected":false},"excerpt":{"rendered":"<p><strong>Brand:<\/strong>\u00a0Rolex<\/p>\n<p><strong>Model:<\/strong>\u00a0Submariner<\/p>\n<p><strong>Movement\u00a0: <\/strong>Auto cal 1570<\/p>\n<p><strong>Reference:<\/strong>\u00a01680<\/p>\n<p><strong>Diameter\u00a0: <\/strong>40mm<\/p>\n<p><strong>Year:<\/strong>\u00a01979<\/p>\n<p><strong>Serial : <\/strong>616XXX<\/p>\n<p><strong>Case:<\/strong> Very beautiful case very thick and with perfect angles and clearly visible chamfers. Bezel in good condition. MK4 insert. No significant visible shocks. The watch has a very beautiful case which is professionally polished.<\/p>\n<p><strong>Dial:<\/strong>\u00a0Beautiful original dial with a very beautiful homogeneous patina turning to an orange yellow. Very nice general set. Dial still in good condition with no flaws. MK2 Beyeler series.<\/p>\n<p><strong>Bracelet :<\/strong> Rolex later added oyster steel ref 78360 endlink 580 in good condition<\/p>\n<p><strong>Accessories: <\/strong>None<\/p>","protected":false},"featured_media":9473,"template":"","meta":[],"pwb-brand":[432],"product_brand":[],"product_cat":[107,367,90,244],"product_tag":[136,200,199,127,135,198],"class_list":{"0":"post-7931","1":"product","2":"type-product","3":"status-publish","4":"has-post-thumbnail","6":"pwb-brand-rolex","7":"product_cat-archives","8":"product_cat-montres-paris-heure","9":"product_cat-rolex","10":"product_cat-rolex-submariner","11":"product_tag-136","12":"product_tag-200","13":"product_tag-mk2","14":"product_tag-rolex","15":"product_tag-submariner","16":"product_tag-white","18":"first","19":"outofstock","20":"shipping-taxable","21":"product-type-simple"},"yoast_head":"<!-- This site is optimized with the Yoast SEO plugin v27.5 - https:\/\/yoast.com\/product\/yoast-seo-wordpress\/ -->\n<title>ROLEX WHITE SUBMARINER REF 1680 MAT MK2 from 1980 &#8226; PARIS HEURE<\/title>\n<meta name=\"description\" content=\"Marque:\u00a0Rolex  Mod\u00e8le:\u00a0Submariner  Mouvement\u00a0: Auto cal 1570  R\u00e9f\u00e9rence:\u00a01680  Diam\u00e8tre\u00a0: 40mm  Ann\u00e9e:\u00a01979  Serial\u00a0: 616XXX  Boite: Tr\u00e8s beau boitier tr\u00e8s \u00e9pais et avec des angles parfait et des chanfreins bien visible. Lunette en bon \u00e9tat. Insert MK4. Pas de chocs visibles importants. La montre a un tr\u00e8s beau boitier tr\u00e8s bien repolie.  Cadran:\u00a0Beau cadran d\u2019origine avec une tr\u00e8s belle patine homog\u00e8ne tournant a un jaune orang\u00e9. Tr\u00e8s bel ensemble g\u00e9n\u00e9ral. Cadran encore en bon \u00e9tat avec aucun d\u00e9fauts. S\u00e9rie MK2 Beyeler.  Bracelet\u00a0: Rolex acier blind\u00e9 d\u2019origine ref 93150 endlink 580 en bon \u00e9tat  Accessoires\u00a0: Aucuns\" \/>\n<meta name=\"robots\" content=\"index, follow, max-snippet:-1, max-image-preview:large, max-video-preview:-1\" \/>\n<link rel=\"canonical\" href=\"https:\/\/www.parisheure.com\/en\/buy-watch\/rolex-white-submariner-ref-1680-mat-mk2-from-1980\/\" \/>\n<meta property=\"og:locale\" content=\"en_US\" \/>\n<meta property=\"og:type\" content=\"article\" \/>\n<meta property=\"og:title\" content=\"ROLEX WHITE SUBMARINER REF 1680 MAT MK2 from 1980 &#8226; PARIS HEURE\" \/>\n<meta property=\"og:description\" content=\"Marque:\u00a0Rolex  Mod\u00e8le:\u00a0Submariner  Mouvement\u00a0: Auto cal 1570  R\u00e9f\u00e9rence:\u00a01680  Diam\u00e8tre\u00a0: 40mm  Ann\u00e9e:\u00a01979  Serial\u00a0: 616XXX  Boite: Tr\u00e8s beau boitier tr\u00e8s \u00e9pais et avec des angles parfait et des chanfreins bien visible. Lunette en bon \u00e9tat. Insert MK4. Pas de chocs visibles importants. La montre a un tr\u00e8s beau boitier tr\u00e8s bien repolie.  Cadran:\u00a0Beau cadran d\u2019origine avec une tr\u00e8s belle patine homog\u00e8ne tournant a un jaune orang\u00e9. Tr\u00e8s bel ensemble g\u00e9n\u00e9ral. Cadran encore en bon \u00e9tat avec aucun d\u00e9fauts. S\u00e9rie MK2 Beyeler.  Bracelet\u00a0: Rolex acier blind\u00e9 d\u2019origine ref 93150 endlink 580 en bon \u00e9tat  Accessoires\u00a0: Aucuns\" \/>\n<meta property=\"og:url\" content=\"https:\/\/www.parisheure.com\/en\/buy-watch\/rolex-white-submariner-ref-1680-mat-mk2-from-1980\/\" \/>\n<meta property=\"og:site_name\" content=\"PARIS HEURE\" \/>\n<meta property=\"article:publisher\" content=\"https:\/\/www.facebook.com\/ParisHeure\" \/>\n<meta property=\"article:modified_time\" content=\"2024-10-23T08:38:50+00:00\" \/>\n<meta property=\"og:image\" content=\"https:\/\/www.parisheure.com\/wp-content\/uploads\/2021\/08\/ROLEX-SUBMARINER-REF-1680-MAT-MK2-n\u00b06166900-_0018_Calque-8-1024x1024.png\" \/>\n\t<meta property=\"og:image:width\" content=\"1024\" \/>\n\t<meta property=\"og:image:height\" content=\"1024\" \/>\n\t<meta property=\"og:image:type\" content=\"image\/png\" \/>\n<meta name=\"twitter:card\" content=\"summary_large_image\" \/>\n<script type=\"application\/ld+json\" class=\"yoast-schema-graph\">{\"@context\":\"https:\\\/\\\/schema.org\",\"@graph\":[{\"@type\":\"WebPage\",\"@id\":\"https:\\\/\\\/www.parisheure.com\\\/acheter-montre\\\/rolex-white-submariner-ref-1680-mat-mk2-from-1980\\\/\",\"url\":\"https:\\\/\\\/www.parisheure.com\\\/acheter-montre\\\/rolex-white-submariner-ref-1680-mat-mk2-from-1980\\\/\",\"name\":\"ROLEX WHITE SUBMARINER REF 1680 MAT MK2 from 1980 &#8226; PARIS HEURE\",\"isPartOf\":{\"@id\":\"https:\\\/\\\/www.parisheure.com\\\/#website\"},\"primaryImageOfPage\":{\"@id\":\"https:\\\/\\\/www.parisheure.com\\\/acheter-montre\\\/rolex-white-submariner-ref-1680-mat-mk2-from-1980\\\/#primaryimage\"},\"image\":{\"@id\":\"https:\\\/\\\/www.parisheure.com\\\/acheter-montre\\\/rolex-white-submariner-ref-1680-mat-mk2-from-1980\\\/#primaryimage\"},\"thumbnailUrl\":\"https:\\\/\\\/www.parisheure.com\\\/wp-content\\\/uploads\\\/2021\\\/08\\\/ROLEX-SUBMARINER-REF-1680-MAT-MK2-n\u00b06166900-_0018_Calque-8.png\",\"datePublished\":\"2021-08-04T10:22:17+00:00\",\"dateModified\":\"2024-10-23T08:38:50+00:00\",\"description\":\"Marque:\u00a0Rolex Mod\u00e8le:\u00a0Submariner Mouvement\u00a0: Auto cal 1570 R\u00e9f\u00e9rence:\u00a01680 Diam\u00e8tre\u00a0: 40mm Ann\u00e9e:\u00a01979 Serial\u00a0: 616XXX Boite: Tr\u00e8s beau boitier tr\u00e8s \u00e9pais et avec des angles parfait et des chanfreins bien visible. Lunette en bon \u00e9tat. Insert MK4. Pas de chocs visibles importants. La montre a un tr\u00e8s beau boitier tr\u00e8s bien repolie. Cadran:\u00a0Beau cadran d\u2019origine avec une tr\u00e8s belle patine homog\u00e8ne tournant a un jaune orang\u00e9. Tr\u00e8s bel ensemble g\u00e9n\u00e9ral. Cadran encore en bon \u00e9tat avec aucun d\u00e9fauts. S\u00e9rie MK2 Beyeler. Bracelet\u00a0: Rolex acier blind\u00e9 d\u2019origine ref 93150 endlink 580 en bon \u00e9tat Accessoires\u00a0: Aucuns\",\"breadcrumb\":{\"@id\":\"https:\\\/\\\/www.parisheure.com\\\/acheter-montre\\\/rolex-white-submariner-ref-1680-mat-mk2-from-1980\\\/#breadcrumb\"},\"inLanguage\":\"en-US\",\"potentialAction\":[{\"@type\":\"ReadAction\",\"target\":[\"https:\\\/\\\/www.parisheure.com\\\/acheter-montre\\\/rolex-white-submariner-ref-1680-mat-mk2-from-1980\\\/\"]}]},{\"@type\":\"ImageObject\",\"inLanguage\":\"en-US\",\"@id\":\"https:\\\/\\\/www.parisheure.com\\\/acheter-montre\\\/rolex-white-submariner-ref-1680-mat-mk2-from-1980\\\/#primaryimage\",\"url\":\"https:\\\/\\\/www.parisheure.com\\\/wp-content\\\/uploads\\\/2021\\\/08\\\/ROLEX-SUBMARINER-REF-1680-MAT-MK2-n\u00b06166900-_0018_Calque-8.png\",\"contentUrl\":\"https:\\\/\\\/www.parisheure.com\\\/wp-content\\\/uploads\\\/2021\\\/08\\\/ROLEX-SUBMARINER-REF-1680-MAT-MK2-n\u00b06166900-_0018_Calque-8.png\",\"width\":2800,\"height\":2800},{\"@type\":\"BreadcrumbList\",\"@id\":\"https:\\\/\\\/www.parisheure.com\\\/acheter-montre\\\/rolex-white-submariner-ref-1680-mat-mk2-from-1980\\\/#breadcrumb\",\"itemListElement\":[{\"@type\":\"ListItem\",\"position\":1,\"name\":\"Accueil\",\"item\":\"https:\\\/\\\/www.parisheure.com\\\/\"},{\"@type\":\"ListItem\",\"position\":2,\"name\":\"WATCHES\",\"item\":\"https:\\\/\\\/www.parisheure.com\\\/\"},{\"@type\":\"ListItem\",\"position\":3,\"name\":\"ROLEX WHITE SUBMARINER REF 1680 MAT MK2 from 1980\"}]},{\"@type\":\"WebSite\",\"@id\":\"https:\\\/\\\/www.parisheure.com\\\/#website\",\"url\":\"https:\\\/\\\/www.parisheure.com\\\/\",\"name\":\"PARIS HEURE\",\"description\":\"Vintage watches Paris\",\"publisher\":{\"@id\":\"https:\\\/\\\/www.parisheure.com\\\/#organization\"},\"potentialAction\":[{\"@type\":\"SearchAction\",\"target\":{\"@type\":\"EntryPoint\",\"urlTemplate\":\"https:\\\/\\\/www.parisheure.com\\\/?s={search_term_string}\"},\"query-input\":{\"@type\":\"PropertyValueSpecification\",\"valueRequired\":true,\"valueName\":\"search_term_string\"}}],\"inLanguage\":\"en-US\"},{\"@type\":\"Organization\",\"@id\":\"https:\\\/\\\/www.parisheure.com\\\/#organization\",\"name\":\"PARIS HEURE\",\"url\":\"https:\\\/\\\/www.parisheure.com\\\/\",\"logo\":{\"@type\":\"ImageObject\",\"inLanguage\":\"en-US\",\"@id\":\"https:\\\/\\\/www.parisheure.com\\\/#\\\/schema\\\/logo\\\/image\\\/\",\"url\":\"https:\\\/\\\/www.parisheure.com\\\/wp-content\\\/uploads\\\/2021\\\/07\\\/cropped-logo-paris-heure.png\",\"contentUrl\":\"https:\\\/\\\/www.parisheure.com\\\/wp-content\\\/uploads\\\/2021\\\/07\\\/cropped-logo-paris-heure.png\",\"width\":512,\"height\":512,\"caption\":\"PARIS HEURE\"},\"image\":{\"@id\":\"https:\\\/\\\/www.parisheure.com\\\/#\\\/schema\\\/logo\\\/image\\\/\"},\"sameAs\":[\"https:\\\/\\\/www.facebook.com\\\/ParisHeure\",\"https:\\\/\\\/www.instagram.com\\\/parisheure\\\/\"]}]}<\/script>\n<!-- \/ Yoast SEO plugin. -->","yoast_head_json":{"title":"ROLEX WHITE SUBMARINER REF 1680 MAT MK2 from 1980 \u2022 PARIS HEURE","description":"Marque:\u00a0Rolex  Mod\u00e8le:\u00a0Submariner  Mouvement\u00a0: Auto cal 1570  R\u00e9f\u00e9rence:\u00a01680  Diam\u00e8tre\u00a0: 40mm  Ann\u00e9e:\u00a01979  Serial\u00a0: 616XXX  Boite: Tr\u00e8s beau boitier tr\u00e8s \u00e9pais et avec des angles parfait et des chanfreins bien visible. Lunette en bon \u00e9tat. Insert MK4. Pas de chocs visibles importants. La montre a un tr\u00e8s beau boitier tr\u00e8s bien repolie.  Cadran:\u00a0Beau cadran d\u2019origine avec une tr\u00e8s belle patine homog\u00e8ne tournant a un jaune orang\u00e9. Tr\u00e8s bel ensemble g\u00e9n\u00e9ral. Cadran encore en bon \u00e9tat avec aucun d\u00e9fauts. S\u00e9rie MK2 Beyeler.  Bracelet\u00a0: Rolex acier blind\u00e9 d\u2019origine ref 93150 endlink 580 en bon \u00e9tat  Accessoires\u00a0: Aucuns","robots":{"index":"index","follow":"follow","max-snippet":"max-snippet:-1","max-image-preview":"max-image-preview:large","max-video-preview":"max-video-preview:-1"},"canonical":"https:\/\/www.parisheure.com\/en\/buy-watch\/rolex-white-submariner-ref-1680-mat-mk2-from-1980\/","og_locale":"en_US","og_type":"article","og_title":"ROLEX WHITE SUBMARINER REF 1680 MAT MK2 from 1980 &#8226; PARIS HEURE","og_description":"Marque:\u00a0Rolex  Mod\u00e8le:\u00a0Submariner  Mouvement\u00a0: Auto cal 1570  R\u00e9f\u00e9rence:\u00a01680  Diam\u00e8tre\u00a0: 40mm  Ann\u00e9e:\u00a01979  Serial\u00a0: 616XXX  Boite: Tr\u00e8s beau boitier tr\u00e8s \u00e9pais et avec des angles parfait et des chanfreins bien visible. Lunette en bon \u00e9tat. Insert MK4. Pas de chocs visibles importants. La montre a un tr\u00e8s beau boitier tr\u00e8s bien repolie.  Cadran:\u00a0Beau cadran d\u2019origine avec une tr\u00e8s belle patine homog\u00e8ne tournant a un jaune orang\u00e9. Tr\u00e8s bel ensemble g\u00e9n\u00e9ral. Cadran encore en bon \u00e9tat avec aucun d\u00e9fauts. S\u00e9rie MK2 Beyeler.  Bracelet\u00a0: Rolex acier blind\u00e9 d\u2019origine ref 93150 endlink 580 en bon \u00e9tat  Accessoires\u00a0: Aucuns","og_url":"https:\/\/www.parisheure.com\/en\/buy-watch\/rolex-white-submariner-ref-1680-mat-mk2-from-1980\/","og_site_name":"PARIS HEURE","article_publisher":"https:\/\/www.facebook.com\/ParisHeure","article_modified_time":"2024-10-23T08:38:50+00:00","og_image":[{"width":1024,"height":1024,"url":"https:\/\/www.parisheure.com\/wp-content\/uploads\/2021\/08\/ROLEX-SUBMARINER-REF-1680-MAT-MK2-n\u00b06166900-_0018_Calque-8-1024x1024.png","type":"image\/png"}],"twitter_card":"summary_large_image","schema":{"@context":"https:\/\/schema.org","@graph":[{"@type":"WebPage","@id":"https:\/\/www.parisheure.com\/acheter-montre\/rolex-white-submariner-ref-1680-mat-mk2-from-1980\/","url":"https:\/\/www.parisheure.com\/acheter-montre\/rolex-white-submariner-ref-1680-mat-mk2-from-1980\/","name":"ROLEX WHITE SUBMARINER REF 1680 MAT MK2 from 1980 \u2022 PARIS HEURE","isPartOf":{"@id":"https:\/\/www.parisheure.com\/#website"},"primaryImageOfPage":{"@id":"https:\/\/www.parisheure.com\/acheter-montre\/rolex-white-submariner-ref-1680-mat-mk2-from-1980\/#primaryimage"},"image":{"@id":"https:\/\/www.parisheure.com\/acheter-montre\/rolex-white-submariner-ref-1680-mat-mk2-from-1980\/#primaryimage"},"thumbnailUrl":"https:\/\/www.parisheure.com\/wp-content\/uploads\/2021\/08\/ROLEX-SUBMARINER-REF-1680-MAT-MK2-n\u00b06166900-_0018_Calque-8.png","datePublished":"2021-08-04T10:22:17+00:00","dateModified":"2024-10-23T08:38:50+00:00","description":"Marque:\u00a0Rolex Mod\u00e8le:\u00a0Submariner Mouvement\u00a0: Auto cal 1570 R\u00e9f\u00e9rence:\u00a01680 Diam\u00e8tre\u00a0: 40mm Ann\u00e9e:\u00a01979 Serial\u00a0: 616XXX Boite: Tr\u00e8s beau boitier tr\u00e8s \u00e9pais et avec des angles parfait et des chanfreins bien visible. Lunette en bon \u00e9tat. Insert MK4. Pas de chocs visibles importants. La montre a un tr\u00e8s beau boitier tr\u00e8s bien repolie. Cadran:\u00a0Beau cadran d\u2019origine avec une tr\u00e8s belle patine homog\u00e8ne tournant a un jaune orang\u00e9. Tr\u00e8s bel ensemble g\u00e9n\u00e9ral. Cadran encore en bon \u00e9tat avec aucun d\u00e9fauts. S\u00e9rie MK2 Beyeler. Bracelet\u00a0: Rolex acier blind\u00e9 d\u2019origine ref 93150 endlink 580 en bon \u00e9tat Accessoires\u00a0: Aucuns","breadcrumb":{"@id":"https:\/\/www.parisheure.com\/acheter-montre\/rolex-white-submariner-ref-1680-mat-mk2-from-1980\/#breadcrumb"},"inLanguage":"en-US","potentialAction":[{"@type":"ReadAction","target":["https:\/\/www.parisheure.com\/acheter-montre\/rolex-white-submariner-ref-1680-mat-mk2-from-1980\/"]}]},{"@type":"ImageObject","inLanguage":"en-US","@id":"https:\/\/www.parisheure.com\/acheter-montre\/rolex-white-submariner-ref-1680-mat-mk2-from-1980\/#primaryimage","url":"https:\/\/www.parisheure.com\/wp-content\/uploads\/2021\/08\/ROLEX-SUBMARINER-REF-1680-MAT-MK2-n\u00b06166900-_0018_Calque-8.png","contentUrl":"https:\/\/www.parisheure.com\/wp-content\/uploads\/2021\/08\/ROLEX-SUBMARINER-REF-1680-MAT-MK2-n\u00b06166900-_0018_Calque-8.png","width":2800,"height":2800},{"@type":"BreadcrumbList","@id":"https:\/\/www.parisheure.com\/acheter-montre\/rolex-white-submariner-ref-1680-mat-mk2-from-1980\/#breadcrumb","itemListElement":[{"@type":"ListItem","position":1,"name":"Accueil","item":"https:\/\/www.parisheure.com\/"},{"@type":"ListItem","position":2,"name":"WATCHES","item":"https:\/\/www.parisheure.com\/"},{"@type":"ListItem","position":3,"name":"ROLEX WHITE SUBMARINER REF 1680 MAT MK2 from 1980"}]},{"@type":"WebSite","@id":"https:\/\/www.parisheure.com\/#website","url":"https:\/\/www.parisheure.com\/","name":"PARIS HEURE","description":"Vintage watches Paris","publisher":{"@id":"https:\/\/www.parisheure.com\/#organization"},"potentialAction":[{"@type":"SearchAction","target":{"@type":"EntryPoint","urlTemplate":"https:\/\/www.parisheure.com\/?s={search_term_string}"},"query-input":{"@type":"PropertyValueSpecification","valueRequired":true,"valueName":"search_term_string"}}],"inLanguage":"en-US"},{"@type":"Organization","@id":"https:\/\/www.parisheure.com\/#organization","name":"PARIS HEURE","url":"https:\/\/www.parisheure.com\/","logo":{"@type":"ImageObject","inLanguage":"en-US","@id":"https:\/\/www.parisheure.com\/#\/schema\/logo\/image\/","url":"https:\/\/www.parisheure.com\/wp-content\/uploads\/2021\/07\/cropped-logo-paris-heure.png","contentUrl":"https:\/\/www.parisheure.com\/wp-content\/uploads\/2021\/07\/cropped-logo-paris-heure.png","width":512,"height":512,"caption":"PARIS HEURE"},"image":{"@id":"https:\/\/www.parisheure.com\/#\/schema\/logo\/image\/"},"sameAs":["https:\/\/www.facebook.com\/ParisHeure","https:\/\/www.instagram.com\/parisheure\/"]}]}},"jetpack_sharing_enabled":true,"brands":[{"id":432,"name":"Rolex","slug":"rolex"}],"_links":{"self":[{"href":"https:\/\/www.parisheure.com\/en\/wp-json\/wp\/v2\/product\/7931","targetHints":{"allow":["GET"]}}],"collection":[{"href":"https:\/\/www.parisheure.com\/en\/wp-json\/wp\/v2\/product"}],"about":[{"href":"https:\/\/www.parisheure.com\/en\/wp-json\/wp\/v2\/types\/product"}],"version-history":[{"count":1,"href":"https:\/\/www.parisheure.com\/en\/wp-json\/wp\/v2\/product\/7931\/revisions"}],"predecessor-version":[{"id":14204,"href":"https:\/\/www.parisheure.com\/en\/wp-json\/wp\/v2\/product\/7931\/revisions\/14204"}],"wp:featuredmedia":[{"embeddable":true,"href":"https:\/\/www.parisheure.com\/en\/wp-json\/wp\/v2\/media\/9473"}],"wp:attachment":[{"href":"https:\/\/www.parisheure.com\/en\/wp-json\/wp\/v2\/media?parent=7931"}],"wp:term":[{"taxonomy":"pwb-brand","embeddable":true,"href":"https:\/\/www.parisheure.com\/en\/wp-json\/wp\/v2\/pwb-brand?post=7931"},{"taxonomy":"product_brand","embeddable":true,"href":"https:\/\/www.parisheure.com\/en\/wp-json\/wp\/v2\/product_brand?post=7931"},{"taxonomy":"product_cat","embeddable":true,"href":"https:\/\/www.parisheure.com\/en\/wp-json\/wp\/v2\/product_cat?post=7931"},{"taxonomy":"product_tag","embeddable":true,"href":"https:\/\/www.parisheure.com\/en\/wp-json\/wp\/v2\/product_tag?post=7931"}],"curies":[{"name":"wp","href":"https:\/\/api.w.org\/{rel}","templated":true}]}}