{"id":7932,"date":"2021-08-04T13:00:28","date_gmt":"2021-08-04T11:00:28","guid":{"rendered":"http:\/\/www.parisheure.com\/?post_type=product&#038;p=7932"},"modified":"2024-10-23T10:28:47","modified_gmt":"2024-10-23T08:28:47","slug":"cartier-baignoire-meca-from-60s-tout-or-jaune-bracelet-cartier-18k","status":"publish","type":"product","link":"https:\/\/www.parisheure.com\/en\/buy-watch\/cartier-baignoire-meca-from-60s-tout-or-jaune-bracelet-cartier-18k\/","title":{"rendered":"CARTIER MECA BATHTUB FROM 60S ALL OR YELLOW from 1960's"},"content":{"rendered":"<p><strong>Our opinion:<\/strong> A timeless classic still in the Cartier catalog. This model has been produced by Cartier since the 1950s, in gold, high jewelry diamonds\u2026 Very high-end Jaeger Lecoultre mechanical movement, SIMPLE GODRON 18K yellow gold case and mounted on a rare Cartier gold bracelet integrated into the case with Original Cartier non-adjustable 18K gold folding clasp, the watch is in perfect condition. This is the real vintage baignoire, the 1st in this size, which later became the quartz standard just after the mini duoplan!<\/p>","protected":false},"excerpt":{"rendered":"<p><strong>Brand:<\/strong>\u00a0Cartier<\/p>\n<p><strong>Model:<\/strong>\u00a0baignoire<\/p>\n<p><strong>Movement\u00a0: <\/strong>Manual<\/p>\n<p><strong>Diameter\u00a0: <\/strong>32mm<\/p>\n<p><strong>Year:<\/strong>\u00a01960\u2019s<\/p>\n<p><strong>Case:<\/strong>\u00a0Beautiful oval-shaped case in 18k yellow gold called a bathtub by its particular shape. Double cartier numbering still clearly visible as well as the well-preserved 18k gold hallmarks. Good condition and slightly polished case.<\/p>\n<p><strong>Dial:<\/strong>\u00a0Beautiful original white dial with beautiful markings on the indexes. Cartier signature at 12 o'clock and Paris at 6 o'clock. Nice general patina.<\/p>\n<p><strong>Bracelet : <\/strong>Beautiful integrated bracelet in 18k gold with the original Cartier logo and still very large hallmarked, suitable for any type of wrist that can be shortened on request.<\/p>\n<p><strong>Accessories: <\/strong>None<\/p>","protected":false},"featured_media":10234,"template":"","meta":[],"pwb-brand":[433],"product_brand":[],"product_cat":[107,94,367],"product_tag":[202,112,111,117,203,201],"class_list":{"0":"post-7932","1":"product","2":"type-product","3":"status-publish","4":"has-post-thumbnail","6":"pwb-brand-cartier","7":"product_cat-archives","8":"product_cat-cartier","9":"product_cat-montres-paris-heure","10":"product_tag-18k","11":"product_tag-baignoire","12":"product_tag-cartier","13":"product_tag-meca","14":"product_tag-simple-godron","15":"product_tag-tout-or","17":"first","18":"outofstock","19":"shipping-taxable","20":"product-type-simple"},"yoast_head":"<!-- This site is optimized with the Yoast SEO plugin v27.5 - https:\/\/yoast.com\/product\/yoast-seo-wordpress\/ -->\n<title>CARTIER BAIGNOIRE MECA FROM 60S TOUT OR JAUNE from 1960&#039;s &#8226; PARIS HEURE<\/title>\n<meta name=\"description\" content=\"Marque:\u00a0Cartier  Mod\u00e8le:\u00a0baignoire simple godron meca  Mouvement\u00a0: M\u00e9ca  Diam\u00e8tre\u00a0: 32mm  Ann\u00e9e:\u00a01960\u2019s  Boite:\u00a0Beau boitier de forme ovale en or jaune 18k appel\u00e9 baignoire par sa forme si particuli\u00e8re. Double num\u00e9rotation cartier encore bien lisible ainsi que les poin\u00e7ons d\u2019or 18k bien conserv\u00e9. Bel \u00e9tat de conservation et boitier peu polie.  Cadran:\u00a0Beau cadran d\u2019origine blanc avec un beau marquage des indexes. Signature Cartier a 12h. Belle patine g\u00e9n\u00e9rale.  Bracelet\u00a0: Beau bracelet int\u00e9gr\u00e9 en or 18k sigl\u00e9 cartier d\u2019origine et poin\u00e7onn\u00e9s encore tr\u00e8s grand, convenant \u00e0 tout type de poignet pouvant \u00eatre raccourci sur demande.  Accessoires\u00a0: Aucuns\" \/>\n<meta name=\"robots\" content=\"index, follow, max-snippet:-1, max-image-preview:large, max-video-preview:-1\" \/>\n<link rel=\"canonical\" href=\"https:\/\/www.parisheure.com\/en\/buy-watch\/cartier-baignoire-meca-from-60s-tout-or-jaune-bracelet-cartier-18k\/\" \/>\n<meta property=\"og:locale\" content=\"en_US\" \/>\n<meta property=\"og:type\" content=\"article\" \/>\n<meta property=\"og:title\" content=\"CARTIER BAIGNOIRE MECA FROM 60S TOUT OR JAUNE from 1960&#039;s &#8226; PARIS HEURE\" \/>\n<meta property=\"og:description\" content=\"Marque:\u00a0Cartier  Mod\u00e8le:\u00a0baignoire simple godron meca  Mouvement\u00a0: M\u00e9ca  Diam\u00e8tre\u00a0: 32mm  Ann\u00e9e:\u00a01960\u2019s  Boite:\u00a0Beau boitier de forme ovale en or jaune 18k appel\u00e9 baignoire par sa forme si particuli\u00e8re. Double num\u00e9rotation cartier encore bien lisible ainsi que les poin\u00e7ons d\u2019or 18k bien conserv\u00e9. Bel \u00e9tat de conservation et boitier peu polie.  Cadran:\u00a0Beau cadran d\u2019origine blanc avec un beau marquage des indexes. Signature Cartier a 12h. Belle patine g\u00e9n\u00e9rale.  Bracelet\u00a0: Beau bracelet int\u00e9gr\u00e9 en or 18k sigl\u00e9 cartier d\u2019origine et poin\u00e7onn\u00e9s encore tr\u00e8s grand, convenant \u00e0 tout type de poignet pouvant \u00eatre raccourci sur demande.  Accessoires\u00a0: Aucuns\" \/>\n<meta property=\"og:url\" content=\"https:\/\/www.parisheure.com\/en\/buy-watch\/cartier-baignoire-meca-from-60s-tout-or-jaune-bracelet-cartier-18k\/\" \/>\n<meta property=\"og:site_name\" content=\"PARIS HEURE\" \/>\n<meta property=\"article:publisher\" content=\"https:\/\/www.facebook.com\/ParisHeure\" \/>\n<meta property=\"article:modified_time\" content=\"2024-10-23T08:28:47+00:00\" \/>\n<meta property=\"og:image\" content=\"https:\/\/www.parisheure.com\/wp-content\/uploads\/2021\/08\/CARTIER-BAIGNOIRE-MECA-FROM-60S-TOUT-OR-JAUNE-BRACELET-CARTIER-18K-N\u00b0026456_54063-_0010_Calque-3-scaled.jpg\" \/>\n\t<meta property=\"og:image:width\" content=\"2560\" \/>\n\t<meta property=\"og:image:height\" content=\"2560\" \/>\n\t<meta property=\"og:image:type\" content=\"image\/jpeg\" \/>\n<meta name=\"twitter:card\" content=\"summary_large_image\" \/>\n<script type=\"application\/ld+json\" class=\"yoast-schema-graph\">{\"@context\":\"https:\\\/\\\/schema.org\",\"@graph\":[{\"@type\":\"WebPage\",\"@id\":\"https:\\\/\\\/www.parisheure.com\\\/acheter-montre\\\/cartier-baignoire-meca-from-60s-tout-or-jaune-bracelet-cartier-18k\\\/\",\"url\":\"https:\\\/\\\/www.parisheure.com\\\/acheter-montre\\\/cartier-baignoire-meca-from-60s-tout-or-jaune-bracelet-cartier-18k\\\/\",\"name\":\"CARTIER BAIGNOIRE MECA FROM 60S TOUT OR JAUNE from 1960's &#8226; PARIS HEURE\",\"isPartOf\":{\"@id\":\"https:\\\/\\\/www.parisheure.com\\\/#website\"},\"primaryImageOfPage\":{\"@id\":\"https:\\\/\\\/www.parisheure.com\\\/acheter-montre\\\/cartier-baignoire-meca-from-60s-tout-or-jaune-bracelet-cartier-18k\\\/#primaryimage\"},\"image\":{\"@id\":\"https:\\\/\\\/www.parisheure.com\\\/acheter-montre\\\/cartier-baignoire-meca-from-60s-tout-or-jaune-bracelet-cartier-18k\\\/#primaryimage\"},\"thumbnailUrl\":\"https:\\\/\\\/www.parisheure.com\\\/wp-content\\\/uploads\\\/2021\\\/08\\\/CARTIER-BAIGNOIRE-MECA-FROM-60S-TOUT-OR-JAUNE-BRACELET-CARTIER-18K-N\u00b0026456_54063-_0010_Calque-3-scaled.jpg\",\"datePublished\":\"2021-08-04T11:00:28+00:00\",\"dateModified\":\"2024-10-23T08:28:47+00:00\",\"description\":\"Marque:\u00a0Cartier Mod\u00e8le:\u00a0baignoire simple godron meca Mouvement\u00a0: M\u00e9ca Diam\u00e8tre\u00a0: 32mm Ann\u00e9e:\u00a01960\u2019s Boite:\u00a0Beau boitier de forme ovale en or jaune 18k appel\u00e9 baignoire par sa forme si particuli\u00e8re. Double num\u00e9rotation cartier encore bien lisible ainsi que les poin\u00e7ons d\u2019or 18k bien conserv\u00e9. Bel \u00e9tat de conservation et boitier peu polie. Cadran:\u00a0Beau cadran d\u2019origine blanc avec un beau marquage des indexes. Signature Cartier a 12h. Belle patine g\u00e9n\u00e9rale. Bracelet\u00a0: Beau bracelet int\u00e9gr\u00e9 en or 18k sigl\u00e9 cartier d\u2019origine et poin\u00e7onn\u00e9s encore tr\u00e8s grand, convenant \u00e0 tout type de poignet pouvant \u00eatre raccourci sur demande. Accessoires\u00a0: Aucuns\",\"breadcrumb\":{\"@id\":\"https:\\\/\\\/www.parisheure.com\\\/acheter-montre\\\/cartier-baignoire-meca-from-60s-tout-or-jaune-bracelet-cartier-18k\\\/#breadcrumb\"},\"inLanguage\":\"en-US\",\"potentialAction\":[{\"@type\":\"ReadAction\",\"target\":[\"https:\\\/\\\/www.parisheure.com\\\/acheter-montre\\\/cartier-baignoire-meca-from-60s-tout-or-jaune-bracelet-cartier-18k\\\/\"]}]},{\"@type\":\"ImageObject\",\"inLanguage\":\"en-US\",\"@id\":\"https:\\\/\\\/www.parisheure.com\\\/acheter-montre\\\/cartier-baignoire-meca-from-60s-tout-or-jaune-bracelet-cartier-18k\\\/#primaryimage\",\"url\":\"https:\\\/\\\/www.parisheure.com\\\/wp-content\\\/uploads\\\/2021\\\/08\\\/CARTIER-BAIGNOIRE-MECA-FROM-60S-TOUT-OR-JAUNE-BRACELET-CARTIER-18K-N\u00b0026456_54063-_0010_Calque-3-scaled.jpg\",\"contentUrl\":\"https:\\\/\\\/www.parisheure.com\\\/wp-content\\\/uploads\\\/2021\\\/08\\\/CARTIER-BAIGNOIRE-MECA-FROM-60S-TOUT-OR-JAUNE-BRACELET-CARTIER-18K-N\u00b0026456_54063-_0010_Calque-3-scaled.jpg\",\"width\":2560,\"height\":2560},{\"@type\":\"BreadcrumbList\",\"@id\":\"https:\\\/\\\/www.parisheure.com\\\/acheter-montre\\\/cartier-baignoire-meca-from-60s-tout-or-jaune-bracelet-cartier-18k\\\/#breadcrumb\",\"itemListElement\":[{\"@type\":\"ListItem\",\"position\":1,\"name\":\"Accueil\",\"item\":\"https:\\\/\\\/www.parisheure.com\\\/\"},{\"@type\":\"ListItem\",\"position\":2,\"name\":\"WATCHES\",\"item\":\"https:\\\/\\\/www.parisheure.com\\\/\"},{\"@type\":\"ListItem\",\"position\":3,\"name\":\"CARTIER BAIGNOIRE MECA FROM 60S TOUT OR JAUNE from 1960&#8217;s\"}]},{\"@type\":\"WebSite\",\"@id\":\"https:\\\/\\\/www.parisheure.com\\\/#website\",\"url\":\"https:\\\/\\\/www.parisheure.com\\\/\",\"name\":\"PARIS HEURE\",\"description\":\"Vintage watches Paris\",\"publisher\":{\"@id\":\"https:\\\/\\\/www.parisheure.com\\\/#organization\"},\"potentialAction\":[{\"@type\":\"SearchAction\",\"target\":{\"@type\":\"EntryPoint\",\"urlTemplate\":\"https:\\\/\\\/www.parisheure.com\\\/?s={search_term_string}\"},\"query-input\":{\"@type\":\"PropertyValueSpecification\",\"valueRequired\":true,\"valueName\":\"search_term_string\"}}],\"inLanguage\":\"en-US\"},{\"@type\":\"Organization\",\"@id\":\"https:\\\/\\\/www.parisheure.com\\\/#organization\",\"name\":\"PARIS HEURE\",\"url\":\"https:\\\/\\\/www.parisheure.com\\\/\",\"logo\":{\"@type\":\"ImageObject\",\"inLanguage\":\"en-US\",\"@id\":\"https:\\\/\\\/www.parisheure.com\\\/#\\\/schema\\\/logo\\\/image\\\/\",\"url\":\"https:\\\/\\\/www.parisheure.com\\\/wp-content\\\/uploads\\\/2021\\\/07\\\/cropped-logo-paris-heure.png\",\"contentUrl\":\"https:\\\/\\\/www.parisheure.com\\\/wp-content\\\/uploads\\\/2021\\\/07\\\/cropped-logo-paris-heure.png\",\"width\":512,\"height\":512,\"caption\":\"PARIS HEURE\"},\"image\":{\"@id\":\"https:\\\/\\\/www.parisheure.com\\\/#\\\/schema\\\/logo\\\/image\\\/\"},\"sameAs\":[\"https:\\\/\\\/www.facebook.com\\\/ParisHeure\",\"https:\\\/\\\/www.instagram.com\\\/parisheure\\\/\"]}]}<\/script>\n<!-- \/ Yoast SEO plugin. -->","yoast_head_json":{"title":"CARTIER BAIGNOIRE MECA FROM 60S TOUT OR JAUNE from 1960's \u2022 PARIS HEURE","description":"Marque:\u00a0Cartier  Mod\u00e8le:\u00a0baignoire simple godron meca  Mouvement\u00a0: M\u00e9ca  Diam\u00e8tre\u00a0: 32mm  Ann\u00e9e:\u00a01960\u2019s  Boite:\u00a0Beau boitier de forme ovale en or jaune 18k appel\u00e9 baignoire par sa forme si particuli\u00e8re. Double num\u00e9rotation cartier encore bien lisible ainsi que les poin\u00e7ons d\u2019or 18k bien conserv\u00e9. Bel \u00e9tat de conservation et boitier peu polie.  Cadran:\u00a0Beau cadran d\u2019origine blanc avec un beau marquage des indexes. Signature Cartier a 12h. Belle patine g\u00e9n\u00e9rale.  Bracelet\u00a0: Beau bracelet int\u00e9gr\u00e9 en or 18k sigl\u00e9 cartier d\u2019origine et poin\u00e7onn\u00e9s encore tr\u00e8s grand, convenant \u00e0 tout type de poignet pouvant \u00eatre raccourci sur demande.  Accessoires\u00a0: Aucuns","robots":{"index":"index","follow":"follow","max-snippet":"max-snippet:-1","max-image-preview":"max-image-preview:large","max-video-preview":"max-video-preview:-1"},"canonical":"https:\/\/www.parisheure.com\/en\/buy-watch\/cartier-baignoire-meca-from-60s-tout-or-jaune-bracelet-cartier-18k\/","og_locale":"en_US","og_type":"article","og_title":"CARTIER BAIGNOIRE MECA FROM 60S TOUT OR JAUNE from 1960's &#8226; PARIS HEURE","og_description":"Marque:\u00a0Cartier  Mod\u00e8le:\u00a0baignoire simple godron meca  Mouvement\u00a0: M\u00e9ca  Diam\u00e8tre\u00a0: 32mm  Ann\u00e9e:\u00a01960\u2019s  Boite:\u00a0Beau boitier de forme ovale en or jaune 18k appel\u00e9 baignoire par sa forme si particuli\u00e8re. Double num\u00e9rotation cartier encore bien lisible ainsi que les poin\u00e7ons d\u2019or 18k bien conserv\u00e9. Bel \u00e9tat de conservation et boitier peu polie.  Cadran:\u00a0Beau cadran d\u2019origine blanc avec un beau marquage des indexes. Signature Cartier a 12h. Belle patine g\u00e9n\u00e9rale.  Bracelet\u00a0: Beau bracelet int\u00e9gr\u00e9 en or 18k sigl\u00e9 cartier d\u2019origine et poin\u00e7onn\u00e9s encore tr\u00e8s grand, convenant \u00e0 tout type de poignet pouvant \u00eatre raccourci sur demande.  Accessoires\u00a0: Aucuns","og_url":"https:\/\/www.parisheure.com\/en\/buy-watch\/cartier-baignoire-meca-from-60s-tout-or-jaune-bracelet-cartier-18k\/","og_site_name":"PARIS HEURE","article_publisher":"https:\/\/www.facebook.com\/ParisHeure","article_modified_time":"2024-10-23T08:28:47+00:00","og_image":[{"width":2560,"height":2560,"url":"https:\/\/www.parisheure.com\/wp-content\/uploads\/2021\/08\/CARTIER-BAIGNOIRE-MECA-FROM-60S-TOUT-OR-JAUNE-BRACELET-CARTIER-18K-N\u00b0026456_54063-_0010_Calque-3-scaled.jpg","type":"image\/jpeg"}],"twitter_card":"summary_large_image","schema":{"@context":"https:\/\/schema.org","@graph":[{"@type":"WebPage","@id":"https:\/\/www.parisheure.com\/acheter-montre\/cartier-baignoire-meca-from-60s-tout-or-jaune-bracelet-cartier-18k\/","url":"https:\/\/www.parisheure.com\/acheter-montre\/cartier-baignoire-meca-from-60s-tout-or-jaune-bracelet-cartier-18k\/","name":"CARTIER BAIGNOIRE MECA FROM 60S TOUT OR JAUNE from 1960's \u2022 PARIS HEURE","isPartOf":{"@id":"https:\/\/www.parisheure.com\/#website"},"primaryImageOfPage":{"@id":"https:\/\/www.parisheure.com\/acheter-montre\/cartier-baignoire-meca-from-60s-tout-or-jaune-bracelet-cartier-18k\/#primaryimage"},"image":{"@id":"https:\/\/www.parisheure.com\/acheter-montre\/cartier-baignoire-meca-from-60s-tout-or-jaune-bracelet-cartier-18k\/#primaryimage"},"thumbnailUrl":"https:\/\/www.parisheure.com\/wp-content\/uploads\/2021\/08\/CARTIER-BAIGNOIRE-MECA-FROM-60S-TOUT-OR-JAUNE-BRACELET-CARTIER-18K-N\u00b0026456_54063-_0010_Calque-3-scaled.jpg","datePublished":"2021-08-04T11:00:28+00:00","dateModified":"2024-10-23T08:28:47+00:00","description":"Marque:\u00a0Cartier Mod\u00e8le:\u00a0baignoire simple godron meca Mouvement\u00a0: M\u00e9ca Diam\u00e8tre\u00a0: 32mm Ann\u00e9e:\u00a01960\u2019s Boite:\u00a0Beau boitier de forme ovale en or jaune 18k appel\u00e9 baignoire par sa forme si particuli\u00e8re. Double num\u00e9rotation cartier encore bien lisible ainsi que les poin\u00e7ons d\u2019or 18k bien conserv\u00e9. Bel \u00e9tat de conservation et boitier peu polie. Cadran:\u00a0Beau cadran d\u2019origine blanc avec un beau marquage des indexes. Signature Cartier a 12h. Belle patine g\u00e9n\u00e9rale. Bracelet\u00a0: Beau bracelet int\u00e9gr\u00e9 en or 18k sigl\u00e9 cartier d\u2019origine et poin\u00e7onn\u00e9s encore tr\u00e8s grand, convenant \u00e0 tout type de poignet pouvant \u00eatre raccourci sur demande. Accessoires\u00a0: Aucuns","breadcrumb":{"@id":"https:\/\/www.parisheure.com\/acheter-montre\/cartier-baignoire-meca-from-60s-tout-or-jaune-bracelet-cartier-18k\/#breadcrumb"},"inLanguage":"en-US","potentialAction":[{"@type":"ReadAction","target":["https:\/\/www.parisheure.com\/acheter-montre\/cartier-baignoire-meca-from-60s-tout-or-jaune-bracelet-cartier-18k\/"]}]},{"@type":"ImageObject","inLanguage":"en-US","@id":"https:\/\/www.parisheure.com\/acheter-montre\/cartier-baignoire-meca-from-60s-tout-or-jaune-bracelet-cartier-18k\/#primaryimage","url":"https:\/\/www.parisheure.com\/wp-content\/uploads\/2021\/08\/CARTIER-BAIGNOIRE-MECA-FROM-60S-TOUT-OR-JAUNE-BRACELET-CARTIER-18K-N\u00b0026456_54063-_0010_Calque-3-scaled.jpg","contentUrl":"https:\/\/www.parisheure.com\/wp-content\/uploads\/2021\/08\/CARTIER-BAIGNOIRE-MECA-FROM-60S-TOUT-OR-JAUNE-BRACELET-CARTIER-18K-N\u00b0026456_54063-_0010_Calque-3-scaled.jpg","width":2560,"height":2560},{"@type":"BreadcrumbList","@id":"https:\/\/www.parisheure.com\/acheter-montre\/cartier-baignoire-meca-from-60s-tout-or-jaune-bracelet-cartier-18k\/#breadcrumb","itemListElement":[{"@type":"ListItem","position":1,"name":"Accueil","item":"https:\/\/www.parisheure.com\/"},{"@type":"ListItem","position":2,"name":"WATCHES","item":"https:\/\/www.parisheure.com\/"},{"@type":"ListItem","position":3,"name":"CARTIER BAIGNOIRE MECA FROM 60S TOUT OR JAUNE from 1960&#8217;s"}]},{"@type":"WebSite","@id":"https:\/\/www.parisheure.com\/#website","url":"https:\/\/www.parisheure.com\/","name":"PARIS HEURE","description":"Vintage watches Paris","publisher":{"@id":"https:\/\/www.parisheure.com\/#organization"},"potentialAction":[{"@type":"SearchAction","target":{"@type":"EntryPoint","urlTemplate":"https:\/\/www.parisheure.com\/?s={search_term_string}"},"query-input":{"@type":"PropertyValueSpecification","valueRequired":true,"valueName":"search_term_string"}}],"inLanguage":"en-US"},{"@type":"Organization","@id":"https:\/\/www.parisheure.com\/#organization","name":"PARIS HEURE","url":"https:\/\/www.parisheure.com\/","logo":{"@type":"ImageObject","inLanguage":"en-US","@id":"https:\/\/www.parisheure.com\/#\/schema\/logo\/image\/","url":"https:\/\/www.parisheure.com\/wp-content\/uploads\/2021\/07\/cropped-logo-paris-heure.png","contentUrl":"https:\/\/www.parisheure.com\/wp-content\/uploads\/2021\/07\/cropped-logo-paris-heure.png","width":512,"height":512,"caption":"PARIS HEURE"},"image":{"@id":"https:\/\/www.parisheure.com\/#\/schema\/logo\/image\/"},"sameAs":["https:\/\/www.facebook.com\/ParisHeure","https:\/\/www.instagram.com\/parisheure\/"]}]}},"jetpack_sharing_enabled":true,"brands":[{"id":433,"name":"Cartier","slug":"cartier"}],"_links":{"self":[{"href":"https:\/\/www.parisheure.com\/en\/wp-json\/wp\/v2\/product\/7932","targetHints":{"allow":["GET"]}}],"collection":[{"href":"https:\/\/www.parisheure.com\/en\/wp-json\/wp\/v2\/product"}],"about":[{"href":"https:\/\/www.parisheure.com\/en\/wp-json\/wp\/v2\/types\/product"}],"version-history":[{"count":1,"href":"https:\/\/www.parisheure.com\/en\/wp-json\/wp\/v2\/product\/7932\/revisions"}],"predecessor-version":[{"id":14166,"href":"https:\/\/www.parisheure.com\/en\/wp-json\/wp\/v2\/product\/7932\/revisions\/14166"}],"wp:featuredmedia":[{"embeddable":true,"href":"https:\/\/www.parisheure.com\/en\/wp-json\/wp\/v2\/media\/10234"}],"wp:attachment":[{"href":"https:\/\/www.parisheure.com\/en\/wp-json\/wp\/v2\/media?parent=7932"}],"wp:term":[{"taxonomy":"pwb-brand","embeddable":true,"href":"https:\/\/www.parisheure.com\/en\/wp-json\/wp\/v2\/pwb-brand?post=7932"},{"taxonomy":"product_brand","embeddable":true,"href":"https:\/\/www.parisheure.com\/en\/wp-json\/wp\/v2\/product_brand?post=7932"},{"taxonomy":"product_cat","embeddable":true,"href":"https:\/\/www.parisheure.com\/en\/wp-json\/wp\/v2\/product_cat?post=7932"},{"taxonomy":"product_tag","embeddable":true,"href":"https:\/\/www.parisheure.com\/en\/wp-json\/wp\/v2\/product_tag?post=7932"}],"curies":[{"name":"wp","href":"https:\/\/api.w.org\/{rel}","templated":true}]}}