{"id":7933,"date":"2021-08-04T13:02:58","date_gmt":"2021-08-04T11:02:58","guid":{"rendered":"http:\/\/www.parisheure.com\/?post_type=product&#038;p=7933"},"modified":"2024-10-22T16:38:23","modified_gmt":"2024-10-22T14:38:23","slug":"rolex-big-ovetone-ref-6098-acier-from-1962","status":"publish","type":"product","link":"https:\/\/www.parisheure.com\/en\/buy-watch\/rolex-big-ovetone-ref-6098-acier-from-1962\/","title":{"rendered":"ROLEX BIG OVETONE REF 6098 ACIER from 1962 ( STOCK PARIS HEURE )"},"content":{"rendered":"<p><strong>Our opinion:<\/strong> The 36mm Rolex from the non-sport Rolex collection in the 1950s and early 1960s are rare. Indeed, this non date 36 diameter was unusual at the time. Hence its name Big Ovetone or Big bubble because the same caliber as the bubble back is used, with its particular rotor and its domed caseback.<\/p>","protected":false},"excerpt":{"rendered":"<p><strong>Brand:<\/strong>\u00a0Rolex<\/p>\n<p><strong>Model:<\/strong>\u00a0Big Ovetone<\/p>\n<p><strong>Movement\u00a0: <\/strong>Auto Big Bubble<\/p>\n<p><strong>Reference:<\/strong>\u00a06098<\/p>\n<p><strong>Diameter\u00a0: <\/strong>36mm<\/p>\n<p><strong>Year:<\/strong>\u00a01962<\/p>\n<p><strong>Serial : <\/strong>846XXX<\/p>\n<p><strong>Case:<\/strong>\u00a0Very beautiful case still very thick and with angles slightly rounded by time. Bezel in good condition. No significant visible shocks. Shiny patina of the steel.<\/p>\n<p><strong>Dial:<\/strong>\u00a0Beautiful original dial with a very beautiful unique almost homogeneous patina turning to a caramel brown. Very nice character. Dial still in good condition.<\/p>\n<p><strong>Accessories: <\/strong>None<\/p>","protected":false},"featured_media":10223,"template":"","meta":[],"pwb-brand":[432],"product_brand":[],"product_cat":[107,367,90,253],"product_tag":[207,176,206,205,204,127],"class_list":{"0":"post-7933","1":"product","2":"type-product","3":"status-publish","4":"has-post-thumbnail","6":"pwb-brand-rolex","7":"product_cat-archives","8":"product_cat-montres-paris-heure","9":"product_cat-rolex","10":"product_cat-rolex-oyster-perpetual","11":"product_tag-207","12":"product_tag-acier","13":"product_tag-auto","14":"product_tag-big-bubble","15":"product_tag-ovetone","16":"product_tag-rolex","18":"first","19":"outofstock","20":"shipping-taxable","21":"product-type-simple"},"yoast_head":"<!-- This site is optimized with the Yoast SEO plugin v27.5 - https:\/\/yoast.com\/product\/yoast-seo-wordpress\/ -->\n<title>ROLEX BIG OVETONE REF 6098 ACIER from 1962 ( STOCK PARIS HEURE ) &#8226; PARIS HEURE<\/title>\n<meta name=\"description\" content=\"Marque:\u00a0Rolex  Mod\u00e8le:\u00a0Big Ovetone  Mouvement\u00a0: Auto Big Bubble  R\u00e9f\u00e9rence:\u00a06098  Diam\u00e8tre\u00a0: 36mm  Ann\u00e9e:\u00a01962  Serial\u00a0: 846XXX  Boite:\u00a0Tr\u00e8s beau boitier encore tr\u00e8s \u00e9pais et avec des angles l\u00e9g\u00e8rement arrondis par le temps. Lunette en bon \u00e9tat. Pas de chocs visibles importants. Patine brillante de l\u2019acier  Cadran:\u00a0Beau cadran d\u2019origine avec une tr\u00e8s belle patine unique presque homog\u00e8ne tournant a un marron caramel. Tr\u00e8s bel ensemble g\u00e9n\u00e9ral. Cadran encore en bon \u00e9tat  Accessoires\u00a0: Aucuns\" \/>\n<meta name=\"robots\" content=\"index, follow, max-snippet:-1, max-image-preview:large, max-video-preview:-1\" \/>\n<link rel=\"canonical\" href=\"https:\/\/www.parisheure.com\/en\/buy-watch\/rolex-big-ovetone-ref-6098-acier-from-1962\/\" \/>\n<meta property=\"og:locale\" content=\"en_US\" \/>\n<meta property=\"og:type\" content=\"article\" \/>\n<meta property=\"og:title\" content=\"ROLEX BIG OVETONE REF 6098 ACIER from 1962 ( STOCK PARIS HEURE ) &#8226; PARIS HEURE\" \/>\n<meta property=\"og:description\" content=\"Marque:\u00a0Rolex  Mod\u00e8le:\u00a0Big Ovetone  Mouvement\u00a0: Auto Big Bubble  R\u00e9f\u00e9rence:\u00a06098  Diam\u00e8tre\u00a0: 36mm  Ann\u00e9e:\u00a01962  Serial\u00a0: 846XXX  Boite:\u00a0Tr\u00e8s beau boitier encore tr\u00e8s \u00e9pais et avec des angles l\u00e9g\u00e8rement arrondis par le temps. Lunette en bon \u00e9tat. Pas de chocs visibles importants. Patine brillante de l\u2019acier  Cadran:\u00a0Beau cadran d\u2019origine avec une tr\u00e8s belle patine unique presque homog\u00e8ne tournant a un marron caramel. Tr\u00e8s bel ensemble g\u00e9n\u00e9ral. Cadran encore en bon \u00e9tat  Accessoires\u00a0: Aucuns\" \/>\n<meta property=\"og:url\" content=\"https:\/\/www.parisheure.com\/en\/buy-watch\/rolex-big-ovetone-ref-6098-acier-from-1962\/\" \/>\n<meta property=\"og:site_name\" content=\"PARIS HEURE\" \/>\n<meta property=\"article:publisher\" content=\"https:\/\/www.facebook.com\/ParisHeure\" \/>\n<meta property=\"article:modified_time\" content=\"2024-10-22T14:38:23+00:00\" \/>\n<meta property=\"og:image\" content=\"https:\/\/www.parisheure.com\/wp-content\/uploads\/2021\/08\/ROLEX-BIG-OVETONE-REF-6098-ACIER-FROM-1962-N\u00b0846317-_0019_Calque-2-scaled.jpg\" \/>\n\t<meta property=\"og:image:width\" content=\"2560\" \/>\n\t<meta property=\"og:image:height\" content=\"2560\" \/>\n\t<meta property=\"og:image:type\" content=\"image\/jpeg\" \/>\n<meta name=\"twitter:card\" content=\"summary_large_image\" \/>\n<script type=\"application\/ld+json\" class=\"yoast-schema-graph\">{\"@context\":\"https:\\\/\\\/schema.org\",\"@graph\":[{\"@type\":\"WebPage\",\"@id\":\"https:\\\/\\\/www.parisheure.com\\\/acheter-montre\\\/rolex-big-ovetone-ref-6098-acier-from-1962\\\/\",\"url\":\"https:\\\/\\\/www.parisheure.com\\\/acheter-montre\\\/rolex-big-ovetone-ref-6098-acier-from-1962\\\/\",\"name\":\"ROLEX BIG OVETONE REF 6098 ACIER from 1962 ( STOCK PARIS HEURE ) &#8226; PARIS HEURE\",\"isPartOf\":{\"@id\":\"https:\\\/\\\/www.parisheure.com\\\/#website\"},\"primaryImageOfPage\":{\"@id\":\"https:\\\/\\\/www.parisheure.com\\\/acheter-montre\\\/rolex-big-ovetone-ref-6098-acier-from-1962\\\/#primaryimage\"},\"image\":{\"@id\":\"https:\\\/\\\/www.parisheure.com\\\/acheter-montre\\\/rolex-big-ovetone-ref-6098-acier-from-1962\\\/#primaryimage\"},\"thumbnailUrl\":\"https:\\\/\\\/www.parisheure.com\\\/wp-content\\\/uploads\\\/2021\\\/08\\\/ROLEX-BIG-OVETONE-REF-6098-ACIER-FROM-1962-N\u00b0846317-_0019_Calque-2-scaled.jpg\",\"datePublished\":\"2021-08-04T11:02:58+00:00\",\"dateModified\":\"2024-10-22T14:38:23+00:00\",\"description\":\"Marque:\u00a0Rolex Mod\u00e8le:\u00a0Big Ovetone Mouvement\u00a0: Auto Big Bubble R\u00e9f\u00e9rence:\u00a06098 Diam\u00e8tre\u00a0: 36mm Ann\u00e9e:\u00a01962 Serial\u00a0: 846XXX Boite:\u00a0Tr\u00e8s beau boitier encore tr\u00e8s \u00e9pais et avec des angles l\u00e9g\u00e8rement arrondis par le temps. Lunette en bon \u00e9tat. Pas de chocs visibles importants. Patine brillante de l\u2019acier Cadran:\u00a0Beau cadran d\u2019origine avec une tr\u00e8s belle patine unique presque homog\u00e8ne tournant a un marron caramel. Tr\u00e8s bel ensemble g\u00e9n\u00e9ral. Cadran encore en bon \u00e9tat Accessoires\u00a0: Aucuns\",\"breadcrumb\":{\"@id\":\"https:\\\/\\\/www.parisheure.com\\\/acheter-montre\\\/rolex-big-ovetone-ref-6098-acier-from-1962\\\/#breadcrumb\"},\"inLanguage\":\"en-US\",\"potentialAction\":[{\"@type\":\"ReadAction\",\"target\":[\"https:\\\/\\\/www.parisheure.com\\\/acheter-montre\\\/rolex-big-ovetone-ref-6098-acier-from-1962\\\/\"]}]},{\"@type\":\"ImageObject\",\"inLanguage\":\"en-US\",\"@id\":\"https:\\\/\\\/www.parisheure.com\\\/acheter-montre\\\/rolex-big-ovetone-ref-6098-acier-from-1962\\\/#primaryimage\",\"url\":\"https:\\\/\\\/www.parisheure.com\\\/wp-content\\\/uploads\\\/2021\\\/08\\\/ROLEX-BIG-OVETONE-REF-6098-ACIER-FROM-1962-N\u00b0846317-_0019_Calque-2-scaled.jpg\",\"contentUrl\":\"https:\\\/\\\/www.parisheure.com\\\/wp-content\\\/uploads\\\/2021\\\/08\\\/ROLEX-BIG-OVETONE-REF-6098-ACIER-FROM-1962-N\u00b0846317-_0019_Calque-2-scaled.jpg\",\"width\":2560,\"height\":2560},{\"@type\":\"BreadcrumbList\",\"@id\":\"https:\\\/\\\/www.parisheure.com\\\/acheter-montre\\\/rolex-big-ovetone-ref-6098-acier-from-1962\\\/#breadcrumb\",\"itemListElement\":[{\"@type\":\"ListItem\",\"position\":1,\"name\":\"Accueil\",\"item\":\"https:\\\/\\\/www.parisheure.com\\\/\"},{\"@type\":\"ListItem\",\"position\":2,\"name\":\"WATCHES\",\"item\":\"https:\\\/\\\/www.parisheure.com\\\/\"},{\"@type\":\"ListItem\",\"position\":3,\"name\":\"ROLEX BIG OVETONE REF 6098 ACIER from 1962 ( STOCK PARIS HEURE )\"}]},{\"@type\":\"WebSite\",\"@id\":\"https:\\\/\\\/www.parisheure.com\\\/#website\",\"url\":\"https:\\\/\\\/www.parisheure.com\\\/\",\"name\":\"PARIS HEURE\",\"description\":\"Vintage watches Paris\",\"publisher\":{\"@id\":\"https:\\\/\\\/www.parisheure.com\\\/#organization\"},\"potentialAction\":[{\"@type\":\"SearchAction\",\"target\":{\"@type\":\"EntryPoint\",\"urlTemplate\":\"https:\\\/\\\/www.parisheure.com\\\/?s={search_term_string}\"},\"query-input\":{\"@type\":\"PropertyValueSpecification\",\"valueRequired\":true,\"valueName\":\"search_term_string\"}}],\"inLanguage\":\"en-US\"},{\"@type\":\"Organization\",\"@id\":\"https:\\\/\\\/www.parisheure.com\\\/#organization\",\"name\":\"PARIS HEURE\",\"url\":\"https:\\\/\\\/www.parisheure.com\\\/\",\"logo\":{\"@type\":\"ImageObject\",\"inLanguage\":\"en-US\",\"@id\":\"https:\\\/\\\/www.parisheure.com\\\/#\\\/schema\\\/logo\\\/image\\\/\",\"url\":\"https:\\\/\\\/www.parisheure.com\\\/wp-content\\\/uploads\\\/2021\\\/07\\\/cropped-logo-paris-heure.png\",\"contentUrl\":\"https:\\\/\\\/www.parisheure.com\\\/wp-content\\\/uploads\\\/2021\\\/07\\\/cropped-logo-paris-heure.png\",\"width\":512,\"height\":512,\"caption\":\"PARIS HEURE\"},\"image\":{\"@id\":\"https:\\\/\\\/www.parisheure.com\\\/#\\\/schema\\\/logo\\\/image\\\/\"},\"sameAs\":[\"https:\\\/\\\/www.facebook.com\\\/ParisHeure\",\"https:\\\/\\\/www.instagram.com\\\/parisheure\\\/\"]}]}<\/script>\n<!-- \/ Yoast SEO plugin. -->","yoast_head_json":{"title":"ROLEX BIG OVETONE REF 6098 ACIER from 1962 ( STOCK PARIS HEURE ) \u2022 PARIS HEURE","description":"Marque:\u00a0Rolex  Mod\u00e8le:\u00a0Big Ovetone  Mouvement\u00a0: Auto Big Bubble  R\u00e9f\u00e9rence:\u00a06098  Diam\u00e8tre\u00a0: 36mm  Ann\u00e9e:\u00a01962  Serial\u00a0: 846XXX  Boite:\u00a0Tr\u00e8s beau boitier encore tr\u00e8s \u00e9pais et avec des angles l\u00e9g\u00e8rement arrondis par le temps. Lunette en bon \u00e9tat. Pas de chocs visibles importants. Patine brillante de l\u2019acier  Cadran:\u00a0Beau cadran d\u2019origine avec une tr\u00e8s belle patine unique presque homog\u00e8ne tournant a un marron caramel. Tr\u00e8s bel ensemble g\u00e9n\u00e9ral. Cadran encore en bon \u00e9tat  Accessoires\u00a0: Aucuns","robots":{"index":"index","follow":"follow","max-snippet":"max-snippet:-1","max-image-preview":"max-image-preview:large","max-video-preview":"max-video-preview:-1"},"canonical":"https:\/\/www.parisheure.com\/en\/buy-watch\/rolex-big-ovetone-ref-6098-acier-from-1962\/","og_locale":"en_US","og_type":"article","og_title":"ROLEX BIG OVETONE REF 6098 ACIER from 1962 ( STOCK PARIS HEURE ) &#8226; PARIS HEURE","og_description":"Marque:\u00a0Rolex  Mod\u00e8le:\u00a0Big Ovetone  Mouvement\u00a0: Auto Big Bubble  R\u00e9f\u00e9rence:\u00a06098  Diam\u00e8tre\u00a0: 36mm  Ann\u00e9e:\u00a01962  Serial\u00a0: 846XXX  Boite:\u00a0Tr\u00e8s beau boitier encore tr\u00e8s \u00e9pais et avec des angles l\u00e9g\u00e8rement arrondis par le temps. Lunette en bon \u00e9tat. Pas de chocs visibles importants. Patine brillante de l\u2019acier  Cadran:\u00a0Beau cadran d\u2019origine avec une tr\u00e8s belle patine unique presque homog\u00e8ne tournant a un marron caramel. Tr\u00e8s bel ensemble g\u00e9n\u00e9ral. Cadran encore en bon \u00e9tat  Accessoires\u00a0: Aucuns","og_url":"https:\/\/www.parisheure.com\/en\/buy-watch\/rolex-big-ovetone-ref-6098-acier-from-1962\/","og_site_name":"PARIS HEURE","article_publisher":"https:\/\/www.facebook.com\/ParisHeure","article_modified_time":"2024-10-22T14:38:23+00:00","og_image":[{"width":2560,"height":2560,"url":"https:\/\/www.parisheure.com\/wp-content\/uploads\/2021\/08\/ROLEX-BIG-OVETONE-REF-6098-ACIER-FROM-1962-N\u00b0846317-_0019_Calque-2-scaled.jpg","type":"image\/jpeg"}],"twitter_card":"summary_large_image","schema":{"@context":"https:\/\/schema.org","@graph":[{"@type":"WebPage","@id":"https:\/\/www.parisheure.com\/acheter-montre\/rolex-big-ovetone-ref-6098-acier-from-1962\/","url":"https:\/\/www.parisheure.com\/acheter-montre\/rolex-big-ovetone-ref-6098-acier-from-1962\/","name":"ROLEX BIG OVETONE REF 6098 ACIER from 1962 ( STOCK PARIS HEURE ) \u2022 PARIS HEURE","isPartOf":{"@id":"https:\/\/www.parisheure.com\/#website"},"primaryImageOfPage":{"@id":"https:\/\/www.parisheure.com\/acheter-montre\/rolex-big-ovetone-ref-6098-acier-from-1962\/#primaryimage"},"image":{"@id":"https:\/\/www.parisheure.com\/acheter-montre\/rolex-big-ovetone-ref-6098-acier-from-1962\/#primaryimage"},"thumbnailUrl":"https:\/\/www.parisheure.com\/wp-content\/uploads\/2021\/08\/ROLEX-BIG-OVETONE-REF-6098-ACIER-FROM-1962-N\u00b0846317-_0019_Calque-2-scaled.jpg","datePublished":"2021-08-04T11:02:58+00:00","dateModified":"2024-10-22T14:38:23+00:00","description":"Marque:\u00a0Rolex Mod\u00e8le:\u00a0Big Ovetone Mouvement\u00a0: Auto Big Bubble R\u00e9f\u00e9rence:\u00a06098 Diam\u00e8tre\u00a0: 36mm Ann\u00e9e:\u00a01962 Serial\u00a0: 846XXX Boite:\u00a0Tr\u00e8s beau boitier encore tr\u00e8s \u00e9pais et avec des angles l\u00e9g\u00e8rement arrondis par le temps. Lunette en bon \u00e9tat. Pas de chocs visibles importants. Patine brillante de l\u2019acier Cadran:\u00a0Beau cadran d\u2019origine avec une tr\u00e8s belle patine unique presque homog\u00e8ne tournant a un marron caramel. Tr\u00e8s bel ensemble g\u00e9n\u00e9ral. Cadran encore en bon \u00e9tat Accessoires\u00a0: Aucuns","breadcrumb":{"@id":"https:\/\/www.parisheure.com\/acheter-montre\/rolex-big-ovetone-ref-6098-acier-from-1962\/#breadcrumb"},"inLanguage":"en-US","potentialAction":[{"@type":"ReadAction","target":["https:\/\/www.parisheure.com\/acheter-montre\/rolex-big-ovetone-ref-6098-acier-from-1962\/"]}]},{"@type":"ImageObject","inLanguage":"en-US","@id":"https:\/\/www.parisheure.com\/acheter-montre\/rolex-big-ovetone-ref-6098-acier-from-1962\/#primaryimage","url":"https:\/\/www.parisheure.com\/wp-content\/uploads\/2021\/08\/ROLEX-BIG-OVETONE-REF-6098-ACIER-FROM-1962-N\u00b0846317-_0019_Calque-2-scaled.jpg","contentUrl":"https:\/\/www.parisheure.com\/wp-content\/uploads\/2021\/08\/ROLEX-BIG-OVETONE-REF-6098-ACIER-FROM-1962-N\u00b0846317-_0019_Calque-2-scaled.jpg","width":2560,"height":2560},{"@type":"BreadcrumbList","@id":"https:\/\/www.parisheure.com\/acheter-montre\/rolex-big-ovetone-ref-6098-acier-from-1962\/#breadcrumb","itemListElement":[{"@type":"ListItem","position":1,"name":"Accueil","item":"https:\/\/www.parisheure.com\/"},{"@type":"ListItem","position":2,"name":"WATCHES","item":"https:\/\/www.parisheure.com\/"},{"@type":"ListItem","position":3,"name":"ROLEX BIG OVETONE REF 6098 ACIER from 1962 ( STOCK PARIS HEURE )"}]},{"@type":"WebSite","@id":"https:\/\/www.parisheure.com\/#website","url":"https:\/\/www.parisheure.com\/","name":"PARIS HEURE","description":"Vintage watches Paris","publisher":{"@id":"https:\/\/www.parisheure.com\/#organization"},"potentialAction":[{"@type":"SearchAction","target":{"@type":"EntryPoint","urlTemplate":"https:\/\/www.parisheure.com\/?s={search_term_string}"},"query-input":{"@type":"PropertyValueSpecification","valueRequired":true,"valueName":"search_term_string"}}],"inLanguage":"en-US"},{"@type":"Organization","@id":"https:\/\/www.parisheure.com\/#organization","name":"PARIS HEURE","url":"https:\/\/www.parisheure.com\/","logo":{"@type":"ImageObject","inLanguage":"en-US","@id":"https:\/\/www.parisheure.com\/#\/schema\/logo\/image\/","url":"https:\/\/www.parisheure.com\/wp-content\/uploads\/2021\/07\/cropped-logo-paris-heure.png","contentUrl":"https:\/\/www.parisheure.com\/wp-content\/uploads\/2021\/07\/cropped-logo-paris-heure.png","width":512,"height":512,"caption":"PARIS HEURE"},"image":{"@id":"https:\/\/www.parisheure.com\/#\/schema\/logo\/image\/"},"sameAs":["https:\/\/www.facebook.com\/ParisHeure","https:\/\/www.instagram.com\/parisheure\/"]}]}},"jetpack_sharing_enabled":true,"brands":[{"id":432,"name":"Rolex","slug":"rolex"}],"_links":{"self":[{"href":"https:\/\/www.parisheure.com\/en\/wp-json\/wp\/v2\/product\/7933","targetHints":{"allow":["GET"]}}],"collection":[{"href":"https:\/\/www.parisheure.com\/en\/wp-json\/wp\/v2\/product"}],"about":[{"href":"https:\/\/www.parisheure.com\/en\/wp-json\/wp\/v2\/types\/product"}],"version-history":[{"count":1,"href":"https:\/\/www.parisheure.com\/en\/wp-json\/wp\/v2\/product\/7933\/revisions"}],"predecessor-version":[{"id":14136,"href":"https:\/\/www.parisheure.com\/en\/wp-json\/wp\/v2\/product\/7933\/revisions\/14136"}],"wp:featuredmedia":[{"embeddable":true,"href":"https:\/\/www.parisheure.com\/en\/wp-json\/wp\/v2\/media\/10223"}],"wp:attachment":[{"href":"https:\/\/www.parisheure.com\/en\/wp-json\/wp\/v2\/media?parent=7933"}],"wp:term":[{"taxonomy":"pwb-brand","embeddable":true,"href":"https:\/\/www.parisheure.com\/en\/wp-json\/wp\/v2\/pwb-brand?post=7933"},{"taxonomy":"product_brand","embeddable":true,"href":"https:\/\/www.parisheure.com\/en\/wp-json\/wp\/v2\/product_brand?post=7933"},{"taxonomy":"product_cat","embeddable":true,"href":"https:\/\/www.parisheure.com\/en\/wp-json\/wp\/v2\/product_cat?post=7933"},{"taxonomy":"product_tag","embeddable":true,"href":"https:\/\/www.parisheure.com\/en\/wp-json\/wp\/v2\/product_tag?post=7933"}],"curies":[{"name":"wp","href":"https:\/\/api.w.org\/{rel}","templated":true}]}}