{"id":7935,"date":"2021-08-04T12:29:55","date_gmt":"2021-08-04T10:29:55","guid":{"rendered":"http:\/\/www.parisheure.com\/?post_type=product&#038;p=7935"},"modified":"2024-10-23T10:32:14","modified_gmt":"2024-10-23T08:32:14","slug":"rolex-daytona-zenith-ref-16520-acier-rare-serie-p","status":"publish","type":"product","link":"https:\/\/www.parisheure.com\/en\/buy-watch\/rolex-daytona-zenith-ref-16520-acier-rare-serie-p\/","title":{"rendered":"ROLEX DAYTONA ZENITH REF 16520 ACIER RARE SERIE P from 2000"},"content":{"rendered":"<p><strong><em>Our opinion: <\/em><\/strong>The only chrono from Rolex, a must-have in the brand and in addition in a black dial steel version! A timeless watch that follows the current watchmaking trend. The new ones sells for almost 3 times the list price. The watch has the rarer and collectible zenith movement and the dial marked swiss made with rare luminova, transition version just before the 116520 and much rarer. Indeed this one is the last of the zenith series produced in a very few period of times with the serial P in 2000., the price skyrockets with the new price of daytona of the following generations. It is delivered with its box only. This is the rarest modern daytona automatic and still the cheapest, but for how long.<\/p>","protected":false},"excerpt":{"rendered":"<p><strong><em>Brand:\u00a0\u00a0 <\/em><\/strong>ROLEX<\/p>\n<p><strong><em>Model:\u00a0<\/em><\/strong>DAYTONA ZENITH<\/p>\n<p><strong><em>Reference:\u00a0<\/em><\/strong>16520<\/p>\n<p><strong><em>Year:\u00a0<\/em><\/strong>2000<\/p>\n<p><strong><em>Serial :\u00a0<\/em><\/strong>P14XXXX<\/p>\n<p><strong><em>Diameter\u00a0: <\/em><\/strong>40 MM<\/p>\n<p><strong><em>Movement\u00a0:<\/em><\/strong> Automatic cal zenith 4030<\/p>\n<p><strong><em>Case:\u00a0<\/em><\/strong>Very beautiful case very little polished very thick and with perfect angles, no shock or significant scratches. The proportions are well preserved. Excellent condition of the case, still very thick and not very polished. Serial P case the very last in productions of the year 2000 very rare in this series.<\/p>\n<p><strong><em>Dial:\u00a0<\/em><\/strong>Beautiful original black dial, perfect with beautiful luminova swiss made indexes transitional before the new reference. No scratches or stains on the dial hands perfectly matching the patina of the indexes while still perfectly luminous luminescence.<\/p>\n<p><strong><em>Bezel: <\/em><\/strong><em>\u00a0<\/em>Beautiful original bezel in perfect condition and little polished.<\/p>\n<p><strong><em>Bracelet:<\/em><\/strong>:\u00a0oyster steel 79390A endlink solid clasp code AB3 period correct<\/p>\n<p><strong><em>Accessories: <\/em><\/strong>\u00a0None<\/p>","protected":false},"featured_media":10475,"template":"","meta":[],"pwb-brand":[432],"product_brand":[],"product_cat":[107,367,90,246],"product_tag":[209,210,156,211,127,212],"class_list":{"0":"post-7935","1":"product","2":"type-product","3":"status-publish","4":"has-post-thumbnail","6":"pwb-brand-rolex","7":"product_cat-archives","8":"product_cat-montres-paris-heure","9":"product_cat-rolex","10":"product_cat-rolex-daytona","11":"product_tag-209","12":"product_tag-black-dial","13":"product_tag-daytona","14":"product_tag-last-serie","15":"product_tag-rolex","16":"product_tag-zenith","18":"first","19":"outofstock","20":"shipping-taxable","21":"product-type-simple"},"yoast_head":"<!-- This site is optimized with the Yoast SEO plugin v27.5 - https:\/\/yoast.com\/product\/yoast-seo-wordpress\/ -->\n<title>ROLEX DAYTONA ZENITH REF 16520 ACIER RARE SERIE P from 2000 &#8226; PARIS HEURE<\/title>\n<meta name=\"description\" content=\"Marque:\u00a0\u00a0 ROLEX  Mod\u00e8le:\u00a0DAYTONA ZENITH  R\u00e9f\u00e9rence:\u00a016520  Ann\u00e9e:\u00a02000  Serial :\u00a0P14XXXX  Diam\u00e8tre\u00a0: 40 MM  Mouvement\u00a0: Automatique cal zenith 4030  Boite:\u00a0Tr\u00e8s beau boitier tr\u00e8s peu polie tr\u00e8s \u00e9pais et avec des angles parfait, aucun choc ni rayures importantes. Les proportions sont bien conserv\u00e9es. Excellent \u00e9tat de conservation du boitier encore tr\u00e8s \u00e9pais et peu polie. Boitier serial P les toutes derniers en productions de l\u2019ann\u00e9e 2000 tr\u00e8s rare dans cette s\u00e9rie.  Cadran:\u00a0Beau cadran noir d\u2019origine parfait avec des beaux indexes luminova swiss made de transition avant la nouvelle r\u00e9f\u00e9rence. Pas de rayures ou taches sur le cadran aiguilles matchant bien la patine des indexs tout au luminova luminescence encore parfaite.  Lunette\u00a0: \u00a0Belle lunette d\u2019origine en parfait \u00e9tat et peu polie.  Bracelet:\u00a0Acier blind\u00e9 79390A endlink solid clasp code AB3 totalement correct au d\u00e9but d\u2019ann\u00e9e 2000.  Accessoires\u00a0: \u00a0Aucuns\" \/>\n<meta name=\"robots\" content=\"index, follow, max-snippet:-1, max-image-preview:large, max-video-preview:-1\" \/>\n<link rel=\"canonical\" href=\"https:\/\/www.parisheure.com\/en\/buy-watch\/rolex-daytona-zenith-ref-16520-acier-rare-serie-p\/\" \/>\n<meta property=\"og:locale\" content=\"en_US\" \/>\n<meta property=\"og:type\" content=\"article\" \/>\n<meta property=\"og:title\" content=\"ROLEX DAYTONA ZENITH REF 16520 ACIER RARE SERIE P from 2000 &#8226; PARIS HEURE\" \/>\n<meta property=\"og:description\" content=\"Marque:\u00a0\u00a0 ROLEX  Mod\u00e8le:\u00a0DAYTONA ZENITH  R\u00e9f\u00e9rence:\u00a016520  Ann\u00e9e:\u00a02000  Serial :\u00a0P14XXXX  Diam\u00e8tre\u00a0: 40 MM  Mouvement\u00a0: Automatique cal zenith 4030  Boite:\u00a0Tr\u00e8s beau boitier tr\u00e8s peu polie tr\u00e8s \u00e9pais et avec des angles parfait, aucun choc ni rayures importantes. Les proportions sont bien conserv\u00e9es. Excellent \u00e9tat de conservation du boitier encore tr\u00e8s \u00e9pais et peu polie. Boitier serial P les toutes derniers en productions de l\u2019ann\u00e9e 2000 tr\u00e8s rare dans cette s\u00e9rie.  Cadran:\u00a0Beau cadran noir d\u2019origine parfait avec des beaux indexes luminova swiss made de transition avant la nouvelle r\u00e9f\u00e9rence. Pas de rayures ou taches sur le cadran aiguilles matchant bien la patine des indexs tout au luminova luminescence encore parfaite.  Lunette\u00a0: \u00a0Belle lunette d\u2019origine en parfait \u00e9tat et peu polie.  Bracelet:\u00a0Acier blind\u00e9 79390A endlink solid clasp code AB3 totalement correct au d\u00e9but d\u2019ann\u00e9e 2000.  Accessoires\u00a0: \u00a0Aucuns\" \/>\n<meta property=\"og:url\" content=\"https:\/\/www.parisheure.com\/en\/buy-watch\/rolex-daytona-zenith-ref-16520-acier-rare-serie-p\/\" \/>\n<meta property=\"og:site_name\" content=\"PARIS HEURE\" \/>\n<meta property=\"article:publisher\" content=\"https:\/\/www.facebook.com\/ParisHeure\" \/>\n<meta property=\"article:modified_time\" content=\"2024-10-23T08:32:14+00:00\" \/>\n<meta property=\"og:image\" content=\"https:\/\/www.parisheure.com\/wp-content\/uploads\/2021\/08\/ROLEX-DAYTONA-ZENITH-REF-16520-ACIER-RARE-SERIE-P-N\u00b0P145XXX-_0019_Calque-2-1-scaled.jpg\" \/>\n\t<meta property=\"og:image:width\" content=\"2560\" \/>\n\t<meta property=\"og:image:height\" content=\"2560\" \/>\n\t<meta property=\"og:image:type\" content=\"image\/jpeg\" \/>\n<meta name=\"twitter:card\" content=\"summary_large_image\" \/>\n<script type=\"application\/ld+json\" class=\"yoast-schema-graph\">{\"@context\":\"https:\\\/\\\/schema.org\",\"@graph\":[{\"@type\":\"WebPage\",\"@id\":\"https:\\\/\\\/www.parisheure.com\\\/acheter-montre\\\/rolex-daytona-zenith-ref-16520-acier-rare-serie-p\\\/\",\"url\":\"https:\\\/\\\/www.parisheure.com\\\/acheter-montre\\\/rolex-daytona-zenith-ref-16520-acier-rare-serie-p\\\/\",\"name\":\"ROLEX DAYTONA ZENITH REF 16520 ACIER RARE SERIE P from 2000 &#8226; PARIS HEURE\",\"isPartOf\":{\"@id\":\"https:\\\/\\\/www.parisheure.com\\\/#website\"},\"primaryImageOfPage\":{\"@id\":\"https:\\\/\\\/www.parisheure.com\\\/acheter-montre\\\/rolex-daytona-zenith-ref-16520-acier-rare-serie-p\\\/#primaryimage\"},\"image\":{\"@id\":\"https:\\\/\\\/www.parisheure.com\\\/acheter-montre\\\/rolex-daytona-zenith-ref-16520-acier-rare-serie-p\\\/#primaryimage\"},\"thumbnailUrl\":\"https:\\\/\\\/www.parisheure.com\\\/wp-content\\\/uploads\\\/2021\\\/08\\\/ROLEX-DAYTONA-ZENITH-REF-16520-ACIER-RARE-SERIE-P-N\u00b0P145XXX-_0019_Calque-2-1-scaled.jpg\",\"datePublished\":\"2021-08-04T10:29:55+00:00\",\"dateModified\":\"2024-10-23T08:32:14+00:00\",\"description\":\"Marque:\u00a0\u00a0 ROLEX Mod\u00e8le:\u00a0DAYTONA ZENITH R\u00e9f\u00e9rence:\u00a016520 Ann\u00e9e:\u00a02000 Serial :\u00a0P14XXXX Diam\u00e8tre\u00a0: 40 MM Mouvement\u00a0: Automatique cal zenith 4030 Boite:\u00a0Tr\u00e8s beau boitier tr\u00e8s peu polie tr\u00e8s \u00e9pais et avec des angles parfait, aucun choc ni rayures importantes. Les proportions sont bien conserv\u00e9es. Excellent \u00e9tat de conservation du boitier encore tr\u00e8s \u00e9pais et peu polie. Boitier serial P les toutes derniers en productions de l\u2019ann\u00e9e 2000 tr\u00e8s rare dans cette s\u00e9rie. Cadran:\u00a0Beau cadran noir d\u2019origine parfait avec des beaux indexes luminova swiss made de transition avant la nouvelle r\u00e9f\u00e9rence. Pas de rayures ou taches sur le cadran aiguilles matchant bien la patine des indexs tout au luminova luminescence encore parfaite. Lunette\u00a0: \u00a0Belle lunette d\u2019origine en parfait \u00e9tat et peu polie. Bracelet:\u00a0Acier blind\u00e9 79390A endlink solid clasp code AB3 totalement correct au d\u00e9but d\u2019ann\u00e9e 2000. Accessoires\u00a0: \u00a0Aucuns\",\"breadcrumb\":{\"@id\":\"https:\\\/\\\/www.parisheure.com\\\/acheter-montre\\\/rolex-daytona-zenith-ref-16520-acier-rare-serie-p\\\/#breadcrumb\"},\"inLanguage\":\"en-US\",\"potentialAction\":[{\"@type\":\"ReadAction\",\"target\":[\"https:\\\/\\\/www.parisheure.com\\\/acheter-montre\\\/rolex-daytona-zenith-ref-16520-acier-rare-serie-p\\\/\"]}]},{\"@type\":\"ImageObject\",\"inLanguage\":\"en-US\",\"@id\":\"https:\\\/\\\/www.parisheure.com\\\/acheter-montre\\\/rolex-daytona-zenith-ref-16520-acier-rare-serie-p\\\/#primaryimage\",\"url\":\"https:\\\/\\\/www.parisheure.com\\\/wp-content\\\/uploads\\\/2021\\\/08\\\/ROLEX-DAYTONA-ZENITH-REF-16520-ACIER-RARE-SERIE-P-N\u00b0P145XXX-_0019_Calque-2-1-scaled.jpg\",\"contentUrl\":\"https:\\\/\\\/www.parisheure.com\\\/wp-content\\\/uploads\\\/2021\\\/08\\\/ROLEX-DAYTONA-ZENITH-REF-16520-ACIER-RARE-SERIE-P-N\u00b0P145XXX-_0019_Calque-2-1-scaled.jpg\",\"width\":2560,\"height\":2560},{\"@type\":\"BreadcrumbList\",\"@id\":\"https:\\\/\\\/www.parisheure.com\\\/acheter-montre\\\/rolex-daytona-zenith-ref-16520-acier-rare-serie-p\\\/#breadcrumb\",\"itemListElement\":[{\"@type\":\"ListItem\",\"position\":1,\"name\":\"Accueil\",\"item\":\"https:\\\/\\\/www.parisheure.com\\\/\"},{\"@type\":\"ListItem\",\"position\":2,\"name\":\"WATCHES\",\"item\":\"https:\\\/\\\/www.parisheure.com\\\/\"},{\"@type\":\"ListItem\",\"position\":3,\"name\":\"ROLEX DAYTONA ZENITH REF 16520 ACIER RARE SERIE P from 2000\"}]},{\"@type\":\"WebSite\",\"@id\":\"https:\\\/\\\/www.parisheure.com\\\/#website\",\"url\":\"https:\\\/\\\/www.parisheure.com\\\/\",\"name\":\"PARIS HEURE\",\"description\":\"Vintage watches Paris\",\"publisher\":{\"@id\":\"https:\\\/\\\/www.parisheure.com\\\/#organization\"},\"potentialAction\":[{\"@type\":\"SearchAction\",\"target\":{\"@type\":\"EntryPoint\",\"urlTemplate\":\"https:\\\/\\\/www.parisheure.com\\\/?s={search_term_string}\"},\"query-input\":{\"@type\":\"PropertyValueSpecification\",\"valueRequired\":true,\"valueName\":\"search_term_string\"}}],\"inLanguage\":\"en-US\"},{\"@type\":\"Organization\",\"@id\":\"https:\\\/\\\/www.parisheure.com\\\/#organization\",\"name\":\"PARIS HEURE\",\"url\":\"https:\\\/\\\/www.parisheure.com\\\/\",\"logo\":{\"@type\":\"ImageObject\",\"inLanguage\":\"en-US\",\"@id\":\"https:\\\/\\\/www.parisheure.com\\\/#\\\/schema\\\/logo\\\/image\\\/\",\"url\":\"https:\\\/\\\/www.parisheure.com\\\/wp-content\\\/uploads\\\/2021\\\/07\\\/cropped-logo-paris-heure.png\",\"contentUrl\":\"https:\\\/\\\/www.parisheure.com\\\/wp-content\\\/uploads\\\/2021\\\/07\\\/cropped-logo-paris-heure.png\",\"width\":512,\"height\":512,\"caption\":\"PARIS HEURE\"},\"image\":{\"@id\":\"https:\\\/\\\/www.parisheure.com\\\/#\\\/schema\\\/logo\\\/image\\\/\"},\"sameAs\":[\"https:\\\/\\\/www.facebook.com\\\/ParisHeure\",\"https:\\\/\\\/www.instagram.com\\\/parisheure\\\/\"]}]}<\/script>\n<!-- \/ Yoast SEO plugin. -->","yoast_head_json":{"title":"ROLEX DAYTONA ZENITH REF 16520 ACIER RARE SERIE P from 2000 \u2022 PARIS HEURE","description":"Marque:\u00a0\u00a0 ROLEX  Mod\u00e8le:\u00a0DAYTONA ZENITH  R\u00e9f\u00e9rence:\u00a016520  Ann\u00e9e:\u00a02000  Serial :\u00a0P14XXXX  Diam\u00e8tre\u00a0: 40 MM  Mouvement\u00a0: Automatique cal zenith 4030  Boite:\u00a0Tr\u00e8s beau boitier tr\u00e8s peu polie tr\u00e8s \u00e9pais et avec des angles parfait, aucun choc ni rayures importantes. Les proportions sont bien conserv\u00e9es. Excellent \u00e9tat de conservation du boitier encore tr\u00e8s \u00e9pais et peu polie. Boitier serial P les toutes derniers en productions de l\u2019ann\u00e9e 2000 tr\u00e8s rare dans cette s\u00e9rie.  Cadran:\u00a0Beau cadran noir d\u2019origine parfait avec des beaux indexes luminova swiss made de transition avant la nouvelle r\u00e9f\u00e9rence. Pas de rayures ou taches sur le cadran aiguilles matchant bien la patine des indexs tout au luminova luminescence encore parfaite.  Lunette\u00a0: \u00a0Belle lunette d\u2019origine en parfait \u00e9tat et peu polie.  Bracelet:\u00a0Acier blind\u00e9 79390A endlink solid clasp code AB3 totalement correct au d\u00e9but d\u2019ann\u00e9e 2000.  Accessoires\u00a0: \u00a0Aucuns","robots":{"index":"index","follow":"follow","max-snippet":"max-snippet:-1","max-image-preview":"max-image-preview:large","max-video-preview":"max-video-preview:-1"},"canonical":"https:\/\/www.parisheure.com\/en\/buy-watch\/rolex-daytona-zenith-ref-16520-acier-rare-serie-p\/","og_locale":"en_US","og_type":"article","og_title":"ROLEX DAYTONA ZENITH REF 16520 ACIER RARE SERIE P from 2000 &#8226; PARIS HEURE","og_description":"Marque:\u00a0\u00a0 ROLEX  Mod\u00e8le:\u00a0DAYTONA ZENITH  R\u00e9f\u00e9rence:\u00a016520  Ann\u00e9e:\u00a02000  Serial :\u00a0P14XXXX  Diam\u00e8tre\u00a0: 40 MM  Mouvement\u00a0: Automatique cal zenith 4030  Boite:\u00a0Tr\u00e8s beau boitier tr\u00e8s peu polie tr\u00e8s \u00e9pais et avec des angles parfait, aucun choc ni rayures importantes. Les proportions sont bien conserv\u00e9es. Excellent \u00e9tat de conservation du boitier encore tr\u00e8s \u00e9pais et peu polie. Boitier serial P les toutes derniers en productions de l\u2019ann\u00e9e 2000 tr\u00e8s rare dans cette s\u00e9rie.  Cadran:\u00a0Beau cadran noir d\u2019origine parfait avec des beaux indexes luminova swiss made de transition avant la nouvelle r\u00e9f\u00e9rence. Pas de rayures ou taches sur le cadran aiguilles matchant bien la patine des indexs tout au luminova luminescence encore parfaite.  Lunette\u00a0: \u00a0Belle lunette d\u2019origine en parfait \u00e9tat et peu polie.  Bracelet:\u00a0Acier blind\u00e9 79390A endlink solid clasp code AB3 totalement correct au d\u00e9but d\u2019ann\u00e9e 2000.  Accessoires\u00a0: \u00a0Aucuns","og_url":"https:\/\/www.parisheure.com\/en\/buy-watch\/rolex-daytona-zenith-ref-16520-acier-rare-serie-p\/","og_site_name":"PARIS HEURE","article_publisher":"https:\/\/www.facebook.com\/ParisHeure","article_modified_time":"2024-10-23T08:32:14+00:00","og_image":[{"width":2560,"height":2560,"url":"https:\/\/www.parisheure.com\/wp-content\/uploads\/2021\/08\/ROLEX-DAYTONA-ZENITH-REF-16520-ACIER-RARE-SERIE-P-N\u00b0P145XXX-_0019_Calque-2-1-scaled.jpg","type":"image\/jpeg"}],"twitter_card":"summary_large_image","schema":{"@context":"https:\/\/schema.org","@graph":[{"@type":"WebPage","@id":"https:\/\/www.parisheure.com\/acheter-montre\/rolex-daytona-zenith-ref-16520-acier-rare-serie-p\/","url":"https:\/\/www.parisheure.com\/acheter-montre\/rolex-daytona-zenith-ref-16520-acier-rare-serie-p\/","name":"ROLEX DAYTONA ZENITH REF 16520 ACIER RARE SERIE P from 2000 \u2022 PARIS HEURE","isPartOf":{"@id":"https:\/\/www.parisheure.com\/#website"},"primaryImageOfPage":{"@id":"https:\/\/www.parisheure.com\/acheter-montre\/rolex-daytona-zenith-ref-16520-acier-rare-serie-p\/#primaryimage"},"image":{"@id":"https:\/\/www.parisheure.com\/acheter-montre\/rolex-daytona-zenith-ref-16520-acier-rare-serie-p\/#primaryimage"},"thumbnailUrl":"https:\/\/www.parisheure.com\/wp-content\/uploads\/2021\/08\/ROLEX-DAYTONA-ZENITH-REF-16520-ACIER-RARE-SERIE-P-N\u00b0P145XXX-_0019_Calque-2-1-scaled.jpg","datePublished":"2021-08-04T10:29:55+00:00","dateModified":"2024-10-23T08:32:14+00:00","description":"Marque:\u00a0\u00a0 ROLEX Mod\u00e8le:\u00a0DAYTONA ZENITH R\u00e9f\u00e9rence:\u00a016520 Ann\u00e9e:\u00a02000 Serial :\u00a0P14XXXX Diam\u00e8tre\u00a0: 40 MM Mouvement\u00a0: Automatique cal zenith 4030 Boite:\u00a0Tr\u00e8s beau boitier tr\u00e8s peu polie tr\u00e8s \u00e9pais et avec des angles parfait, aucun choc ni rayures importantes. Les proportions sont bien conserv\u00e9es. Excellent \u00e9tat de conservation du boitier encore tr\u00e8s \u00e9pais et peu polie. Boitier serial P les toutes derniers en productions de l\u2019ann\u00e9e 2000 tr\u00e8s rare dans cette s\u00e9rie. Cadran:\u00a0Beau cadran noir d\u2019origine parfait avec des beaux indexes luminova swiss made de transition avant la nouvelle r\u00e9f\u00e9rence. Pas de rayures ou taches sur le cadran aiguilles matchant bien la patine des indexs tout au luminova luminescence encore parfaite. Lunette\u00a0: \u00a0Belle lunette d\u2019origine en parfait \u00e9tat et peu polie. Bracelet:\u00a0Acier blind\u00e9 79390A endlink solid clasp code AB3 totalement correct au d\u00e9but d\u2019ann\u00e9e 2000. Accessoires\u00a0: \u00a0Aucuns","breadcrumb":{"@id":"https:\/\/www.parisheure.com\/acheter-montre\/rolex-daytona-zenith-ref-16520-acier-rare-serie-p\/#breadcrumb"},"inLanguage":"en-US","potentialAction":[{"@type":"ReadAction","target":["https:\/\/www.parisheure.com\/acheter-montre\/rolex-daytona-zenith-ref-16520-acier-rare-serie-p\/"]}]},{"@type":"ImageObject","inLanguage":"en-US","@id":"https:\/\/www.parisheure.com\/acheter-montre\/rolex-daytona-zenith-ref-16520-acier-rare-serie-p\/#primaryimage","url":"https:\/\/www.parisheure.com\/wp-content\/uploads\/2021\/08\/ROLEX-DAYTONA-ZENITH-REF-16520-ACIER-RARE-SERIE-P-N\u00b0P145XXX-_0019_Calque-2-1-scaled.jpg","contentUrl":"https:\/\/www.parisheure.com\/wp-content\/uploads\/2021\/08\/ROLEX-DAYTONA-ZENITH-REF-16520-ACIER-RARE-SERIE-P-N\u00b0P145XXX-_0019_Calque-2-1-scaled.jpg","width":2560,"height":2560},{"@type":"BreadcrumbList","@id":"https:\/\/www.parisheure.com\/acheter-montre\/rolex-daytona-zenith-ref-16520-acier-rare-serie-p\/#breadcrumb","itemListElement":[{"@type":"ListItem","position":1,"name":"Accueil","item":"https:\/\/www.parisheure.com\/"},{"@type":"ListItem","position":2,"name":"WATCHES","item":"https:\/\/www.parisheure.com\/"},{"@type":"ListItem","position":3,"name":"ROLEX DAYTONA ZENITH REF 16520 ACIER RARE SERIE P from 2000"}]},{"@type":"WebSite","@id":"https:\/\/www.parisheure.com\/#website","url":"https:\/\/www.parisheure.com\/","name":"PARIS HEURE","description":"Vintage watches Paris","publisher":{"@id":"https:\/\/www.parisheure.com\/#organization"},"potentialAction":[{"@type":"SearchAction","target":{"@type":"EntryPoint","urlTemplate":"https:\/\/www.parisheure.com\/?s={search_term_string}"},"query-input":{"@type":"PropertyValueSpecification","valueRequired":true,"valueName":"search_term_string"}}],"inLanguage":"en-US"},{"@type":"Organization","@id":"https:\/\/www.parisheure.com\/#organization","name":"PARIS HEURE","url":"https:\/\/www.parisheure.com\/","logo":{"@type":"ImageObject","inLanguage":"en-US","@id":"https:\/\/www.parisheure.com\/#\/schema\/logo\/image\/","url":"https:\/\/www.parisheure.com\/wp-content\/uploads\/2021\/07\/cropped-logo-paris-heure.png","contentUrl":"https:\/\/www.parisheure.com\/wp-content\/uploads\/2021\/07\/cropped-logo-paris-heure.png","width":512,"height":512,"caption":"PARIS HEURE"},"image":{"@id":"https:\/\/www.parisheure.com\/#\/schema\/logo\/image\/"},"sameAs":["https:\/\/www.facebook.com\/ParisHeure","https:\/\/www.instagram.com\/parisheure\/"]}]}},"jetpack_sharing_enabled":true,"brands":[{"id":432,"name":"Rolex","slug":"rolex"}],"_links":{"self":[{"href":"https:\/\/www.parisheure.com\/en\/wp-json\/wp\/v2\/product\/7935","targetHints":{"allow":["GET"]}}],"collection":[{"href":"https:\/\/www.parisheure.com\/en\/wp-json\/wp\/v2\/product"}],"about":[{"href":"https:\/\/www.parisheure.com\/en\/wp-json\/wp\/v2\/types\/product"}],"version-history":[{"count":1,"href":"https:\/\/www.parisheure.com\/en\/wp-json\/wp\/v2\/product\/7935\/revisions"}],"predecessor-version":[{"id":14185,"href":"https:\/\/www.parisheure.com\/en\/wp-json\/wp\/v2\/product\/7935\/revisions\/14185"}],"wp:featuredmedia":[{"embeddable":true,"href":"https:\/\/www.parisheure.com\/en\/wp-json\/wp\/v2\/media\/10475"}],"wp:attachment":[{"href":"https:\/\/www.parisheure.com\/en\/wp-json\/wp\/v2\/media?parent=7935"}],"wp:term":[{"taxonomy":"pwb-brand","embeddable":true,"href":"https:\/\/www.parisheure.com\/en\/wp-json\/wp\/v2\/pwb-brand?post=7935"},{"taxonomy":"product_brand","embeddable":true,"href":"https:\/\/www.parisheure.com\/en\/wp-json\/wp\/v2\/product_brand?post=7935"},{"taxonomy":"product_cat","embeddable":true,"href":"https:\/\/www.parisheure.com\/en\/wp-json\/wp\/v2\/product_cat?post=7935"},{"taxonomy":"product_tag","embeddable":true,"href":"https:\/\/www.parisheure.com\/en\/wp-json\/wp\/v2\/product_tag?post=7935"}],"curies":[{"name":"wp","href":"https:\/\/api.w.org\/{rel}","templated":true}]}}