{"id":7936,"date":"2021-08-04T12:29:33","date_gmt":"2021-08-04T10:29:33","guid":{"rendered":"http:\/\/www.parisheure.com\/?post_type=product&#038;p=7936"},"modified":"2024-10-23T10:37:57","modified_gmt":"2024-10-23T08:37:57","slug":"rolex-gmt-master-ref-16753-or-acier-brown","status":"publish","type":"product","link":"https:\/\/www.parisheure.com\/en\/buy-watch\/rolex-gmt-master-ref-16753-or-acier-brown\/","title":{"rendered":"ROLEX GMT MASTER REF 16753 OR ACIER BROWN from 1986"},"content":{"rendered":"<p><strong><em>Our opinion: <\/em><\/strong>The GMT has become more legendary than the Submariner recently with a very long wait for the return of the pepsi bezel. This one on its release creates a huge speculative effect on all GMTs and collectors appreciate them even more than in the past. This is rare in its gold steel version reference 16753 with its famous quick date so useful. Shiny brown root beer dial with a beautiful patina and an insert that matches this patina so well with a reminder of the orange of the brown dial. Such a beautiful collector's watch with so much character. The watch is not very polished, still thick, an extremely rare model in this configuration. The real investment value from Rolex.<\/p>","protected":false},"excerpt":{"rendered":"<p><strong><em>Brand:\u00a0\u00a0 <\/em><\/strong>ROLEX<\/p>\n<p><strong><em>Model:\u00a0<\/em><\/strong>GMT-MASTER ROOT BEER<\/p>\n<p><strong><em>Reference:\u00a0<\/em><\/strong>16753<\/p>\n<p><strong><em>Year:\u00a0<\/em><\/strong>1986<\/p>\n<p><strong><em>Serial :\u00a0<\/em><\/strong><em>902XXXX<\/em><\/p>\n<p><strong><em>Bezel: <\/em><\/strong>Beautiful original insert that turns brown and light yellow original very beautiful patina quite unique and sought after.<\/p>\n<p><strong><em>Case:\u00a0<\/em><\/strong>Very nice case lighlty polished very thick and with perfect angles, no shock or significant scratches. The chamfers are still present and marked. Excellent condition of the still thick case.<\/p>\n<p><strong><em>Movement\u00a0:<\/em><\/strong> Automatic cal 3075<\/p>\n<p><strong><em>Dial:\u00a0<\/em><\/strong>Beautiful brown root beer dial turning a little red and changing tones according to different exposed light, perfect with beautiful tritium indexes with a beautiful patina more and more sought after since its reissue in pink gold and steel.<\/p>\n<p><strong><em>Diameter\u00a0: <\/em><\/strong>40 MM<\/p>\n<p><strong><em>Bracelet:<\/em><\/strong>: Jubile oyster linkref 62523H endlink 450 claps code J7 from 1985.<\/p>","protected":false},"featured_media":10180,"template":"","meta":[],"pwb-brand":[432],"product_brand":[],"product_cat":[107,367,90,247],"product_tag":[214,215,151,213,127],"class_list":{"0":"post-7936","1":"product","2":"type-product","3":"status-publish","4":"has-post-thumbnail","6":"pwb-brand-rolex","7":"product_cat-archives","8":"product_cat-montres-paris-heure","9":"product_cat-rolex","10":"product_cat-rolex-gmt-master","11":"product_tag-214","12":"product_tag-brown","13":"product_tag-gmt-master","14":"product_tag-or-acier","15":"product_tag-rolex","17":"first","18":"outofstock","19":"shipping-taxable","20":"product-type-simple"},"yoast_head":"<!-- This site is optimized with the Yoast SEO plugin v27.4 - https:\/\/yoast.com\/product\/yoast-seo-wordpress\/ -->\n<title>ROLEX GMT MASTER REF 16753 OR ACIER BROWN from 1986 &#8226; PARIS HEURE<\/title>\n<meta name=\"description\" content=\"Marque:\u00a0\u00a0 ROLEX  Mod\u00e8le:\u00a0GMT-MASTER ROOT BEER  R\u00e9f\u00e9rence:\u00a016753  Ann\u00e9e:\u00a01986  Serial :\u00a0902XXXX  Lunette\u00a0: Magnifique insert d\u2019origine qui vire marron et jaune clair d\u2019origine tr\u00e8s belle patine assez unique et recherch\u00e9e.  Boite:\u00a0Tr\u00e8s beau boitier quasiment pas polie tr\u00e8s \u00e9pais et avec des angles parfait, aucun choc ni rayures importantes. Les chanfreins sont encore bien pr\u00e9sents et marqu\u00e9s. Excellent \u00e9tat de conservation du boitier encore \u00e9pais.  Mouvement\u00a0: Automatique cal 3075  Cadran:\u00a0Beau cadran root beer marron virant un peu au rouge et changeant de tons suivant la lumi\u00e8re expos\u00e9e \u00a0d\u2019origine parfait avec des beaux indexes\u00a0 tritium avec une belle patine de plus en plus recherch\u00e9e depuis sa r\u00e9\u00e9dition en or rose et acier.  Diam\u00e8tre\u00a0: 40 MM  Bracelet:\u00a0Jubile blinde ref 62523H endlink 450 claps code J7 de 1985.\" \/>\n<meta name=\"robots\" content=\"index, follow, max-snippet:-1, max-image-preview:large, max-video-preview:-1\" \/>\n<link rel=\"canonical\" href=\"https:\/\/www.parisheure.com\/en\/buy-watch\/rolex-gmt-master-ref-16753-or-acier-brown\/\" \/>\n<meta property=\"og:locale\" content=\"en_US\" \/>\n<meta property=\"og:type\" content=\"article\" \/>\n<meta property=\"og:title\" content=\"ROLEX GMT MASTER REF 16753 OR ACIER BROWN from 1986 &#8226; PARIS HEURE\" \/>\n<meta property=\"og:description\" content=\"Marque:\u00a0\u00a0 ROLEX  Mod\u00e8le:\u00a0GMT-MASTER ROOT BEER  R\u00e9f\u00e9rence:\u00a016753  Ann\u00e9e:\u00a01986  Serial :\u00a0902XXXX  Lunette\u00a0: Magnifique insert d\u2019origine qui vire marron et jaune clair d\u2019origine tr\u00e8s belle patine assez unique et recherch\u00e9e.  Boite:\u00a0Tr\u00e8s beau boitier quasiment pas polie tr\u00e8s \u00e9pais et avec des angles parfait, aucun choc ni rayures importantes. Les chanfreins sont encore bien pr\u00e9sents et marqu\u00e9s. Excellent \u00e9tat de conservation du boitier encore \u00e9pais.  Mouvement\u00a0: Automatique cal 3075  Cadran:\u00a0Beau cadran root beer marron virant un peu au rouge et changeant de tons suivant la lumi\u00e8re expos\u00e9e \u00a0d\u2019origine parfait avec des beaux indexes\u00a0 tritium avec une belle patine de plus en plus recherch\u00e9e depuis sa r\u00e9\u00e9dition en or rose et acier.  Diam\u00e8tre\u00a0: 40 MM  Bracelet:\u00a0Jubile blinde ref 62523H endlink 450 claps code J7 de 1985.\" \/>\n<meta property=\"og:url\" content=\"https:\/\/www.parisheure.com\/en\/buy-watch\/rolex-gmt-master-ref-16753-or-acier-brown\/\" \/>\n<meta property=\"og:site_name\" content=\"PARIS HEURE\" \/>\n<meta property=\"article:publisher\" content=\"https:\/\/www.facebook.com\/ParisHeure\" \/>\n<meta property=\"article:modified_time\" content=\"2024-10-23T08:37:57+00:00\" \/>\n<meta property=\"og:image\" content=\"https:\/\/www.parisheure.com\/wp-content\/uploads\/2021\/08\/ROLEX-GMT-MASTER-REF-16753-OR-ACIER-BROWN-N\u00b09038778-_0022_Calque-4-scaled.jpg\" \/>\n\t<meta property=\"og:image:width\" content=\"2560\" \/>\n\t<meta property=\"og:image:height\" content=\"2560\" \/>\n\t<meta property=\"og:image:type\" content=\"image\/jpeg\" \/>\n<meta name=\"twitter:card\" content=\"summary_large_image\" \/>\n<script type=\"application\/ld+json\" class=\"yoast-schema-graph\">{\"@context\":\"https:\\\/\\\/schema.org\",\"@graph\":[{\"@type\":\"WebPage\",\"@id\":\"https:\\\/\\\/www.parisheure.com\\\/acheter-montre\\\/rolex-gmt-master-ref-16753-or-acier-brown\\\/\",\"url\":\"https:\\\/\\\/www.parisheure.com\\\/acheter-montre\\\/rolex-gmt-master-ref-16753-or-acier-brown\\\/\",\"name\":\"ROLEX GMT MASTER REF 16753 OR ACIER BROWN from 1986 &#8226; PARIS HEURE\",\"isPartOf\":{\"@id\":\"https:\\\/\\\/www.parisheure.com\\\/#website\"},\"primaryImageOfPage\":{\"@id\":\"https:\\\/\\\/www.parisheure.com\\\/acheter-montre\\\/rolex-gmt-master-ref-16753-or-acier-brown\\\/#primaryimage\"},\"image\":{\"@id\":\"https:\\\/\\\/www.parisheure.com\\\/acheter-montre\\\/rolex-gmt-master-ref-16753-or-acier-brown\\\/#primaryimage\"},\"thumbnailUrl\":\"https:\\\/\\\/www.parisheure.com\\\/wp-content\\\/uploads\\\/2021\\\/08\\\/ROLEX-GMT-MASTER-REF-16753-OR-ACIER-BROWN-N\u00b09038778-_0022_Calque-4-scaled.jpg\",\"datePublished\":\"2021-08-04T10:29:33+00:00\",\"dateModified\":\"2024-10-23T08:37:57+00:00\",\"description\":\"Marque:\u00a0\u00a0 ROLEX Mod\u00e8le:\u00a0GMT-MASTER ROOT BEER R\u00e9f\u00e9rence:\u00a016753 Ann\u00e9e:\u00a01986 Serial :\u00a0902XXXX Lunette\u00a0: Magnifique insert d\u2019origine qui vire marron et jaune clair d\u2019origine tr\u00e8s belle patine assez unique et recherch\u00e9e. Boite:\u00a0Tr\u00e8s beau boitier quasiment pas polie tr\u00e8s \u00e9pais et avec des angles parfait, aucun choc ni rayures importantes. Les chanfreins sont encore bien pr\u00e9sents et marqu\u00e9s. Excellent \u00e9tat de conservation du boitier encore \u00e9pais. Mouvement\u00a0: Automatique cal 3075 Cadran:\u00a0Beau cadran root beer marron virant un peu au rouge et changeant de tons suivant la lumi\u00e8re expos\u00e9e \u00a0d\u2019origine parfait avec des beaux indexes\u00a0 tritium avec une belle patine de plus en plus recherch\u00e9e depuis sa r\u00e9\u00e9dition en or rose et acier. Diam\u00e8tre\u00a0: 40 MM Bracelet:\u00a0Jubile blinde ref 62523H endlink 450 claps code J7 de 1985.\",\"breadcrumb\":{\"@id\":\"https:\\\/\\\/www.parisheure.com\\\/acheter-montre\\\/rolex-gmt-master-ref-16753-or-acier-brown\\\/#breadcrumb\"},\"inLanguage\":\"en-US\",\"potentialAction\":[{\"@type\":\"ReadAction\",\"target\":[\"https:\\\/\\\/www.parisheure.com\\\/acheter-montre\\\/rolex-gmt-master-ref-16753-or-acier-brown\\\/\"]}]},{\"@type\":\"ImageObject\",\"inLanguage\":\"en-US\",\"@id\":\"https:\\\/\\\/www.parisheure.com\\\/acheter-montre\\\/rolex-gmt-master-ref-16753-or-acier-brown\\\/#primaryimage\",\"url\":\"https:\\\/\\\/www.parisheure.com\\\/wp-content\\\/uploads\\\/2021\\\/08\\\/ROLEX-GMT-MASTER-REF-16753-OR-ACIER-BROWN-N\u00b09038778-_0022_Calque-4-scaled.jpg\",\"contentUrl\":\"https:\\\/\\\/www.parisheure.com\\\/wp-content\\\/uploads\\\/2021\\\/08\\\/ROLEX-GMT-MASTER-REF-16753-OR-ACIER-BROWN-N\u00b09038778-_0022_Calque-4-scaled.jpg\",\"width\":2560,\"height\":2560},{\"@type\":\"BreadcrumbList\",\"@id\":\"https:\\\/\\\/www.parisheure.com\\\/acheter-montre\\\/rolex-gmt-master-ref-16753-or-acier-brown\\\/#breadcrumb\",\"itemListElement\":[{\"@type\":\"ListItem\",\"position\":1,\"name\":\"Accueil\",\"item\":\"https:\\\/\\\/www.parisheure.com\\\/\"},{\"@type\":\"ListItem\",\"position\":2,\"name\":\"WATCHES\",\"item\":\"https:\\\/\\\/www.parisheure.com\\\/\"},{\"@type\":\"ListItem\",\"position\":3,\"name\":\"ROLEX GMT MASTER REF 16753 OR ACIER BROWN from 1986\"}]},{\"@type\":\"WebSite\",\"@id\":\"https:\\\/\\\/www.parisheure.com\\\/#website\",\"url\":\"https:\\\/\\\/www.parisheure.com\\\/\",\"name\":\"PARIS HEURE\",\"description\":\"Vintage watches Paris\",\"publisher\":{\"@id\":\"https:\\\/\\\/www.parisheure.com\\\/#organization\"},\"potentialAction\":[{\"@type\":\"SearchAction\",\"target\":{\"@type\":\"EntryPoint\",\"urlTemplate\":\"https:\\\/\\\/www.parisheure.com\\\/?s={search_term_string}\"},\"query-input\":{\"@type\":\"PropertyValueSpecification\",\"valueRequired\":true,\"valueName\":\"search_term_string\"}}],\"inLanguage\":\"en-US\"},{\"@type\":\"Organization\",\"@id\":\"https:\\\/\\\/www.parisheure.com\\\/#organization\",\"name\":\"PARIS HEURE\",\"url\":\"https:\\\/\\\/www.parisheure.com\\\/\",\"logo\":{\"@type\":\"ImageObject\",\"inLanguage\":\"en-US\",\"@id\":\"https:\\\/\\\/www.parisheure.com\\\/#\\\/schema\\\/logo\\\/image\\\/\",\"url\":\"https:\\\/\\\/www.parisheure.com\\\/wp-content\\\/uploads\\\/2021\\\/07\\\/cropped-logo-paris-heure.png\",\"contentUrl\":\"https:\\\/\\\/www.parisheure.com\\\/wp-content\\\/uploads\\\/2021\\\/07\\\/cropped-logo-paris-heure.png\",\"width\":512,\"height\":512,\"caption\":\"PARIS HEURE\"},\"image\":{\"@id\":\"https:\\\/\\\/www.parisheure.com\\\/#\\\/schema\\\/logo\\\/image\\\/\"},\"sameAs\":[\"https:\\\/\\\/www.facebook.com\\\/ParisHeure\",\"https:\\\/\\\/www.instagram.com\\\/parisheure\\\/\"]}]}<\/script>\n<!-- \/ Yoast SEO plugin. -->","yoast_head_json":{"title":"ROLEX GMT MASTER REF 16753 OR ACIER BROWN from 1986 \u2022 PARIS HEURE","description":"Marque:\u00a0\u00a0 ROLEX  Mod\u00e8le:\u00a0GMT-MASTER ROOT BEER  R\u00e9f\u00e9rence:\u00a016753  Ann\u00e9e:\u00a01986  Serial :\u00a0902XXXX  Lunette\u00a0: Magnifique insert d\u2019origine qui vire marron et jaune clair d\u2019origine tr\u00e8s belle patine assez unique et recherch\u00e9e.  Boite:\u00a0Tr\u00e8s beau boitier quasiment pas polie tr\u00e8s \u00e9pais et avec des angles parfait, aucun choc ni rayures importantes. Les chanfreins sont encore bien pr\u00e9sents et marqu\u00e9s. Excellent \u00e9tat de conservation du boitier encore \u00e9pais.  Mouvement\u00a0: Automatique cal 3075  Cadran:\u00a0Beau cadran root beer marron virant un peu au rouge et changeant de tons suivant la lumi\u00e8re expos\u00e9e \u00a0d\u2019origine parfait avec des beaux indexes\u00a0 tritium avec une belle patine de plus en plus recherch\u00e9e depuis sa r\u00e9\u00e9dition en or rose et acier.  Diam\u00e8tre\u00a0: 40 MM  Bracelet:\u00a0Jubile blinde ref 62523H endlink 450 claps code J7 de 1985.","robots":{"index":"index","follow":"follow","max-snippet":"max-snippet:-1","max-image-preview":"max-image-preview:large","max-video-preview":"max-video-preview:-1"},"canonical":"https:\/\/www.parisheure.com\/en\/buy-watch\/rolex-gmt-master-ref-16753-or-acier-brown\/","og_locale":"en_US","og_type":"article","og_title":"ROLEX GMT MASTER REF 16753 OR ACIER BROWN from 1986 &#8226; PARIS HEURE","og_description":"Marque:\u00a0\u00a0 ROLEX  Mod\u00e8le:\u00a0GMT-MASTER ROOT BEER  R\u00e9f\u00e9rence:\u00a016753  Ann\u00e9e:\u00a01986  Serial :\u00a0902XXXX  Lunette\u00a0: Magnifique insert d\u2019origine qui vire marron et jaune clair d\u2019origine tr\u00e8s belle patine assez unique et recherch\u00e9e.  Boite:\u00a0Tr\u00e8s beau boitier quasiment pas polie tr\u00e8s \u00e9pais et avec des angles parfait, aucun choc ni rayures importantes. Les chanfreins sont encore bien pr\u00e9sents et marqu\u00e9s. Excellent \u00e9tat de conservation du boitier encore \u00e9pais.  Mouvement\u00a0: Automatique cal 3075  Cadran:\u00a0Beau cadran root beer marron virant un peu au rouge et changeant de tons suivant la lumi\u00e8re expos\u00e9e \u00a0d\u2019origine parfait avec des beaux indexes\u00a0 tritium avec une belle patine de plus en plus recherch\u00e9e depuis sa r\u00e9\u00e9dition en or rose et acier.  Diam\u00e8tre\u00a0: 40 MM  Bracelet:\u00a0Jubile blinde ref 62523H endlink 450 claps code J7 de 1985.","og_url":"https:\/\/www.parisheure.com\/en\/buy-watch\/rolex-gmt-master-ref-16753-or-acier-brown\/","og_site_name":"PARIS HEURE","article_publisher":"https:\/\/www.facebook.com\/ParisHeure","article_modified_time":"2024-10-23T08:37:57+00:00","og_image":[{"width":2560,"height":2560,"url":"https:\/\/www.parisheure.com\/wp-content\/uploads\/2021\/08\/ROLEX-GMT-MASTER-REF-16753-OR-ACIER-BROWN-N\u00b09038778-_0022_Calque-4-scaled.jpg","type":"image\/jpeg"}],"twitter_card":"summary_large_image","schema":{"@context":"https:\/\/schema.org","@graph":[{"@type":"WebPage","@id":"https:\/\/www.parisheure.com\/acheter-montre\/rolex-gmt-master-ref-16753-or-acier-brown\/","url":"https:\/\/www.parisheure.com\/acheter-montre\/rolex-gmt-master-ref-16753-or-acier-brown\/","name":"ROLEX GMT MASTER REF 16753 OR ACIER BROWN from 1986 \u2022 PARIS HEURE","isPartOf":{"@id":"https:\/\/www.parisheure.com\/#website"},"primaryImageOfPage":{"@id":"https:\/\/www.parisheure.com\/acheter-montre\/rolex-gmt-master-ref-16753-or-acier-brown\/#primaryimage"},"image":{"@id":"https:\/\/www.parisheure.com\/acheter-montre\/rolex-gmt-master-ref-16753-or-acier-brown\/#primaryimage"},"thumbnailUrl":"https:\/\/www.parisheure.com\/wp-content\/uploads\/2021\/08\/ROLEX-GMT-MASTER-REF-16753-OR-ACIER-BROWN-N\u00b09038778-_0022_Calque-4-scaled.jpg","datePublished":"2021-08-04T10:29:33+00:00","dateModified":"2024-10-23T08:37:57+00:00","description":"Marque:\u00a0\u00a0 ROLEX Mod\u00e8le:\u00a0GMT-MASTER ROOT BEER R\u00e9f\u00e9rence:\u00a016753 Ann\u00e9e:\u00a01986 Serial :\u00a0902XXXX Lunette\u00a0: Magnifique insert d\u2019origine qui vire marron et jaune clair d\u2019origine tr\u00e8s belle patine assez unique et recherch\u00e9e. Boite:\u00a0Tr\u00e8s beau boitier quasiment pas polie tr\u00e8s \u00e9pais et avec des angles parfait, aucun choc ni rayures importantes. Les chanfreins sont encore bien pr\u00e9sents et marqu\u00e9s. Excellent \u00e9tat de conservation du boitier encore \u00e9pais. Mouvement\u00a0: Automatique cal 3075 Cadran:\u00a0Beau cadran root beer marron virant un peu au rouge et changeant de tons suivant la lumi\u00e8re expos\u00e9e \u00a0d\u2019origine parfait avec des beaux indexes\u00a0 tritium avec une belle patine de plus en plus recherch\u00e9e depuis sa r\u00e9\u00e9dition en or rose et acier. Diam\u00e8tre\u00a0: 40 MM Bracelet:\u00a0Jubile blinde ref 62523H endlink 450 claps code J7 de 1985.","breadcrumb":{"@id":"https:\/\/www.parisheure.com\/acheter-montre\/rolex-gmt-master-ref-16753-or-acier-brown\/#breadcrumb"},"inLanguage":"en-US","potentialAction":[{"@type":"ReadAction","target":["https:\/\/www.parisheure.com\/acheter-montre\/rolex-gmt-master-ref-16753-or-acier-brown\/"]}]},{"@type":"ImageObject","inLanguage":"en-US","@id":"https:\/\/www.parisheure.com\/acheter-montre\/rolex-gmt-master-ref-16753-or-acier-brown\/#primaryimage","url":"https:\/\/www.parisheure.com\/wp-content\/uploads\/2021\/08\/ROLEX-GMT-MASTER-REF-16753-OR-ACIER-BROWN-N\u00b09038778-_0022_Calque-4-scaled.jpg","contentUrl":"https:\/\/www.parisheure.com\/wp-content\/uploads\/2021\/08\/ROLEX-GMT-MASTER-REF-16753-OR-ACIER-BROWN-N\u00b09038778-_0022_Calque-4-scaled.jpg","width":2560,"height":2560},{"@type":"BreadcrumbList","@id":"https:\/\/www.parisheure.com\/acheter-montre\/rolex-gmt-master-ref-16753-or-acier-brown\/#breadcrumb","itemListElement":[{"@type":"ListItem","position":1,"name":"Accueil","item":"https:\/\/www.parisheure.com\/"},{"@type":"ListItem","position":2,"name":"WATCHES","item":"https:\/\/www.parisheure.com\/"},{"@type":"ListItem","position":3,"name":"ROLEX GMT MASTER REF 16753 OR ACIER BROWN from 1986"}]},{"@type":"WebSite","@id":"https:\/\/www.parisheure.com\/#website","url":"https:\/\/www.parisheure.com\/","name":"PARIS HEURE","description":"Vintage watches Paris","publisher":{"@id":"https:\/\/www.parisheure.com\/#organization"},"potentialAction":[{"@type":"SearchAction","target":{"@type":"EntryPoint","urlTemplate":"https:\/\/www.parisheure.com\/?s={search_term_string}"},"query-input":{"@type":"PropertyValueSpecification","valueRequired":true,"valueName":"search_term_string"}}],"inLanguage":"en-US"},{"@type":"Organization","@id":"https:\/\/www.parisheure.com\/#organization","name":"PARIS HEURE","url":"https:\/\/www.parisheure.com\/","logo":{"@type":"ImageObject","inLanguage":"en-US","@id":"https:\/\/www.parisheure.com\/#\/schema\/logo\/image\/","url":"https:\/\/www.parisheure.com\/wp-content\/uploads\/2021\/07\/cropped-logo-paris-heure.png","contentUrl":"https:\/\/www.parisheure.com\/wp-content\/uploads\/2021\/07\/cropped-logo-paris-heure.png","width":512,"height":512,"caption":"PARIS HEURE"},"image":{"@id":"https:\/\/www.parisheure.com\/#\/schema\/logo\/image\/"},"sameAs":["https:\/\/www.facebook.com\/ParisHeure","https:\/\/www.instagram.com\/parisheure\/"]}]}},"jetpack_sharing_enabled":true,"brands":[{"id":432,"name":"Rolex","slug":"rolex"}],"_links":{"self":[{"href":"https:\/\/www.parisheure.com\/en\/wp-json\/wp\/v2\/product\/7936","targetHints":{"allow":["GET"]}}],"collection":[{"href":"https:\/\/www.parisheure.com\/en\/wp-json\/wp\/v2\/product"}],"about":[{"href":"https:\/\/www.parisheure.com\/en\/wp-json\/wp\/v2\/types\/product"}],"version-history":[{"count":1,"href":"https:\/\/www.parisheure.com\/en\/wp-json\/wp\/v2\/product\/7936\/revisions"}],"predecessor-version":[{"id":14196,"href":"https:\/\/www.parisheure.com\/en\/wp-json\/wp\/v2\/product\/7936\/revisions\/14196"}],"wp:featuredmedia":[{"embeddable":true,"href":"https:\/\/www.parisheure.com\/en\/wp-json\/wp\/v2\/media\/10180"}],"wp:attachment":[{"href":"https:\/\/www.parisheure.com\/en\/wp-json\/wp\/v2\/media?parent=7936"}],"wp:term":[{"taxonomy":"pwb-brand","embeddable":true,"href":"https:\/\/www.parisheure.com\/en\/wp-json\/wp\/v2\/pwb-brand?post=7936"},{"taxonomy":"product_brand","embeddable":true,"href":"https:\/\/www.parisheure.com\/en\/wp-json\/wp\/v2\/product_brand?post=7936"},{"taxonomy":"product_cat","embeddable":true,"href":"https:\/\/www.parisheure.com\/en\/wp-json\/wp\/v2\/product_cat?post=7936"},{"taxonomy":"product_tag","embeddable":true,"href":"https:\/\/www.parisheure.com\/en\/wp-json\/wp\/v2\/product_tag?post=7936"}],"curies":[{"name":"wp","href":"https:\/\/api.w.org\/{rel}","templated":true}]}}