{"id":7940,"date":"2021-08-04T12:22:34","date_gmt":"2021-08-04T10:22:34","guid":{"rendered":"http:\/\/www.parisheure.com\/?post_type=product&#038;p=7940"},"modified":"2024-10-23T10:37:50","modified_gmt":"2024-10-23T08:37:50","slug":"rolex-milgauss-ref-1019-acier-black-mk1-square-lume-from-1969","status":"publish","type":"product","link":"https:\/\/www.parisheure.com\/en\/buy-watch\/rolex-milgauss-ref-1019-acier-black-mk1-square-lume-from-1969\/","title":{"rendered":"ROLEX MILGAUSS REF 1019 ACIER BLACK MK1 SQUARE LUME from 1969"},"content":{"rendered":"<p><strong>Our opinion:<\/strong> A beautiful example of one of the rarest references at Rolex vintage sports model reference 1019. The Rolex Milgauss with its black dial and square indexes and Milgauss writing in red. A must have of any Rolex collection, model produced until 1980, this watch is part of the rarest and most sought after 1968 mark I first series, serial number 18XXXX first series of 1019. The watch is in good condition, its original dial one of the rarest with square lume and white writing with a superb patina of the indexes which match the hands with the clearly visible red milgauss! Rare watch in this condition because almost all of them had a more readable white dial at that time. A very nice collector's example and in very good condition with its later oyster bracelet but more comfortable to wear.<\/p>","protected":false},"excerpt":{"rendered":"<p><strong>Brand:<\/strong>\u00a0Rolex<\/p>\n<p><strong>Model:<\/strong>\u00a0MILGAUSS<\/p>\n<p><strong>Movement\u00a0: <\/strong>Auto cal 1580<\/p>\n<p><strong>Reference:<\/strong> 1019<\/p>\n<p><strong>Diameter\u00a0: <\/strong>40mm<\/p>\n<p><strong>Year:<\/strong>\u00a01969<\/p>\n<p><strong>Serial : <\/strong>19XXXXX<\/p>\n<p><strong>Case:<\/strong>\u00a0Beautiful case still thick and with angles still present and clearly visible chamfers. Bezel in perfect condition. Case back mark III 68. First case series. Original brass dust cover. No significant visible shocks. The watch has been lightly polished and worn in the past but keeps a beautiful case. Movement specific to this reference and cal 1580 model. The milgauss have always had a movement exclusive to this model in order to guarantee its proper functioning even in the presence of a very strong magnetic field that another non-professional watch could not withstand.<\/p>\n<p><strong>Dial:<\/strong> Beautiful and extremely rare original black dial with luminescent tritium square indexes (square lume) only on the first series and very rare in black with white non-silver writing. Superb homogeneous patina of the original indexes and bevelled hands. Very rare watch. Dial still in good condition with no flaws. Almost impossible to be found and highly sought after in this configuration. All the tritium in the indexes and hands react on the UV and then turn off (original).<\/p>\n<p><strong>Bracelet :<\/strong> Rolex later added oyster steel ref 78360 endlink 580 in good condition<\/p>\n<p><strong>Accessories: <\/strong>None<\/p>","protected":false},"featured_media":9889,"template":"","meta":[],"pwb-brand":[432],"product_brand":[],"product_cat":[107,367,90,248],"product_tag":[219,224,210,218,150,127,220],"class_list":{"0":"post-7940","1":"product","2":"type-product","3":"status-publish","4":"has-post-thumbnail","6":"pwb-brand-rolex","7":"product_cat-archives","8":"product_cat-montres-paris-heure","9":"product_cat-rolex","10":"product_cat-rolex-milgauss","11":"product_tag-219","12":"product_tag-224","13":"product_tag-black-dial","14":"product_tag-milgauss","15":"product_tag-mk1","16":"product_tag-rolex","17":"product_tag-square-lume","19":"first","20":"outofstock","21":"shipping-taxable","22":"product-type-simple"},"yoast_head":"<!-- This site is optimized with the Yoast SEO plugin v27.5 - https:\/\/yoast.com\/product\/yoast-seo-wordpress\/ -->\n<title>ROLEX MILGAUSS REF 1019 ACIER BLACK MK1 SQUARE LUME from 1969 &#8226; PARIS HEURE<\/title>\n<meta name=\"description\" content=\"Marque:\u00a0Rolex  Mod\u00e8le:\u00a0MILGAUSS  Mouvement\u00a0: Auto cal 1580  R\u00e9f\u00e9rence: 1019  Diam\u00e8tre\u00a0: 40mm  Ann\u00e9e:\u00a01969  Serial\u00a0: 19XXXXX  Boite:\u00a0Beau boitier encore \u00e9pais et avec des angles encore bien pr\u00e9sents et des chanfreins bien visible. Lunette en parfait \u00e9tat. \u00a0Fond de boite marque III 68. Premi\u00e8re s\u00e9rie de boitier. Cache poussi\u00e8re en laiton d\u2019origine. Pas de chocs visibles importants. La montre est a \u00e9t\u00e9 l\u00e9g\u00e8rement polie et port\u00e9e dans le pass\u00e9 mais garde un beau boitier. Mouvement sp\u00e9cifique \u00e0 cette r\u00e9f\u00e9rence et mod\u00e8le cal 1580. Les milgauss ont toujours eu un mouvement exclusif \u00e0 ce mod\u00e8le afin de garantir son bon fonctionnement m\u00eame en pr\u00e9sence de tr\u00e8s fort champ magn\u00e9tique qu\u2019un autre montre non professionnelle ne supporterait pas.  Cadran: Beau et extr\u00eamement rare cadran d\u2019origine noir avec les indexes luminescents au tritium de forme carr\u00e9e ( square lume ) uniquement sur les premi\u00e8res s\u00e9ries et tr\u00e8s rare en noir avec \u00e9critures blanches non silver. Superbe patine homog\u00e8ne des indexs et des aiguilles biseaut\u00e9es d\u2019origine. Tr\u00e8s bel ensemble g\u00e9n\u00e9ral. Cadran encore en bon \u00e9tat avec aucuns d\u00e9fauts. Quasiment introuvable aujourd\u2019hui et tr\u00e8s recherch\u00e9 dans cette configuration.  Bracelet\u00a0: Rolex acier blind\u00e9 d\u2019origine ref 78360 endlink 580 en bon \u00e9tat  Accessoires\u00a0: Aucuns\" \/>\n<meta name=\"robots\" content=\"index, follow, max-snippet:-1, max-image-preview:large, max-video-preview:-1\" \/>\n<link rel=\"canonical\" href=\"https:\/\/www.parisheure.com\/en\/buy-watch\/rolex-milgauss-ref-1019-acier-black-mk1-square-lume-from-1969\/\" \/>\n<meta property=\"og:locale\" content=\"en_US\" \/>\n<meta property=\"og:type\" content=\"article\" \/>\n<meta property=\"og:title\" content=\"ROLEX MILGAUSS REF 1019 ACIER BLACK MK1 SQUARE LUME from 1969 &#8226; PARIS HEURE\" \/>\n<meta property=\"og:description\" content=\"Marque:\u00a0Rolex  Mod\u00e8le:\u00a0MILGAUSS  Mouvement\u00a0: Auto cal 1580  R\u00e9f\u00e9rence: 1019  Diam\u00e8tre\u00a0: 40mm  Ann\u00e9e:\u00a01969  Serial\u00a0: 19XXXXX  Boite:\u00a0Beau boitier encore \u00e9pais et avec des angles encore bien pr\u00e9sents et des chanfreins bien visible. Lunette en parfait \u00e9tat. \u00a0Fond de boite marque III 68. Premi\u00e8re s\u00e9rie de boitier. Cache poussi\u00e8re en laiton d\u2019origine. Pas de chocs visibles importants. La montre est a \u00e9t\u00e9 l\u00e9g\u00e8rement polie et port\u00e9e dans le pass\u00e9 mais garde un beau boitier. Mouvement sp\u00e9cifique \u00e0 cette r\u00e9f\u00e9rence et mod\u00e8le cal 1580. Les milgauss ont toujours eu un mouvement exclusif \u00e0 ce mod\u00e8le afin de garantir son bon fonctionnement m\u00eame en pr\u00e9sence de tr\u00e8s fort champ magn\u00e9tique qu\u2019un autre montre non professionnelle ne supporterait pas.  Cadran: Beau et extr\u00eamement rare cadran d\u2019origine noir avec les indexes luminescents au tritium de forme carr\u00e9e ( square lume ) uniquement sur les premi\u00e8res s\u00e9ries et tr\u00e8s rare en noir avec \u00e9critures blanches non silver. Superbe patine homog\u00e8ne des indexs et des aiguilles biseaut\u00e9es d\u2019origine. Tr\u00e8s bel ensemble g\u00e9n\u00e9ral. Cadran encore en bon \u00e9tat avec aucuns d\u00e9fauts. Quasiment introuvable aujourd\u2019hui et tr\u00e8s recherch\u00e9 dans cette configuration.  Bracelet\u00a0: Rolex acier blind\u00e9 d\u2019origine ref 78360 endlink 580 en bon \u00e9tat  Accessoires\u00a0: Aucuns\" \/>\n<meta property=\"og:url\" content=\"https:\/\/www.parisheure.com\/en\/buy-watch\/rolex-milgauss-ref-1019-acier-black-mk1-square-lume-from-1969\/\" \/>\n<meta property=\"og:site_name\" content=\"PARIS HEURE\" \/>\n<meta property=\"article:publisher\" content=\"https:\/\/www.facebook.com\/ParisHeure\" \/>\n<meta property=\"article:modified_time\" content=\"2024-10-23T08:37:50+00:00\" \/>\n<meta property=\"og:image\" content=\"https:\/\/www.parisheure.com\/wp-content\/uploads\/2021\/08\/ROLEX-MILGAUSS-REF-1019-ACIER-BLACK-MK1-SQUARE-LUME-FROM-1969-N\u00b0199XXXX-_0022_Calque-2-1024x1024.png\" \/>\n\t<meta property=\"og:image:width\" content=\"1024\" \/>\n\t<meta property=\"og:image:height\" content=\"1024\" \/>\n\t<meta property=\"og:image:type\" content=\"image\/png\" \/>\n<meta name=\"twitter:card\" content=\"summary_large_image\" \/>\n<script type=\"application\/ld+json\" class=\"yoast-schema-graph\">{\"@context\":\"https:\\\/\\\/schema.org\",\"@graph\":[{\"@type\":\"WebPage\",\"@id\":\"https:\\\/\\\/www.parisheure.com\\\/acheter-montre\\\/rolex-milgauss-ref-1019-acier-black-mk1-square-lume-from-1969\\\/\",\"url\":\"https:\\\/\\\/www.parisheure.com\\\/acheter-montre\\\/rolex-milgauss-ref-1019-acier-black-mk1-square-lume-from-1969\\\/\",\"name\":\"ROLEX MILGAUSS REF 1019 ACIER BLACK MK1 SQUARE LUME from 1969 &#8226; PARIS HEURE\",\"isPartOf\":{\"@id\":\"https:\\\/\\\/www.parisheure.com\\\/#website\"},\"primaryImageOfPage\":{\"@id\":\"https:\\\/\\\/www.parisheure.com\\\/acheter-montre\\\/rolex-milgauss-ref-1019-acier-black-mk1-square-lume-from-1969\\\/#primaryimage\"},\"image\":{\"@id\":\"https:\\\/\\\/www.parisheure.com\\\/acheter-montre\\\/rolex-milgauss-ref-1019-acier-black-mk1-square-lume-from-1969\\\/#primaryimage\"},\"thumbnailUrl\":\"https:\\\/\\\/www.parisheure.com\\\/wp-content\\\/uploads\\\/2021\\\/08\\\/ROLEX-MILGAUSS-REF-1019-ACIER-BLACK-MK1-SQUARE-LUME-FROM-1969-N\u00b0199XXXX-_0022_Calque-2.png\",\"datePublished\":\"2021-08-04T10:22:34+00:00\",\"dateModified\":\"2024-10-23T08:37:50+00:00\",\"description\":\"Marque:\u00a0Rolex Mod\u00e8le:\u00a0MILGAUSS Mouvement\u00a0: Auto cal 1580 R\u00e9f\u00e9rence: 1019 Diam\u00e8tre\u00a0: 40mm Ann\u00e9e:\u00a01969 Serial\u00a0: 19XXXXX Boite:\u00a0Beau boitier encore \u00e9pais et avec des angles encore bien pr\u00e9sents et des chanfreins bien visible. Lunette en parfait \u00e9tat. \u00a0Fond de boite marque III 68. Premi\u00e8re s\u00e9rie de boitier. Cache poussi\u00e8re en laiton d\u2019origine. Pas de chocs visibles importants. La montre est a \u00e9t\u00e9 l\u00e9g\u00e8rement polie et port\u00e9e dans le pass\u00e9 mais garde un beau boitier. Mouvement sp\u00e9cifique \u00e0 cette r\u00e9f\u00e9rence et mod\u00e8le cal 1580. Les milgauss ont toujours eu un mouvement exclusif \u00e0 ce mod\u00e8le afin de garantir son bon fonctionnement m\u00eame en pr\u00e9sence de tr\u00e8s fort champ magn\u00e9tique qu\u2019un autre montre non professionnelle ne supporterait pas. Cadran: Beau et extr\u00eamement rare cadran d\u2019origine noir avec les indexes luminescents au tritium de forme carr\u00e9e ( square lume ) uniquement sur les premi\u00e8res s\u00e9ries et tr\u00e8s rare en noir avec \u00e9critures blanches non silver. Superbe patine homog\u00e8ne des indexs et des aiguilles biseaut\u00e9es d\u2019origine. Tr\u00e8s bel ensemble g\u00e9n\u00e9ral. Cadran encore en bon \u00e9tat avec aucuns d\u00e9fauts. Quasiment introuvable aujourd\u2019hui et tr\u00e8s recherch\u00e9 dans cette configuration. Bracelet\u00a0: Rolex acier blind\u00e9 d\u2019origine ref 78360 endlink 580 en bon \u00e9tat Accessoires\u00a0: Aucuns\",\"breadcrumb\":{\"@id\":\"https:\\\/\\\/www.parisheure.com\\\/acheter-montre\\\/rolex-milgauss-ref-1019-acier-black-mk1-square-lume-from-1969\\\/#breadcrumb\"},\"inLanguage\":\"en-US\",\"potentialAction\":[{\"@type\":\"ReadAction\",\"target\":[\"https:\\\/\\\/www.parisheure.com\\\/acheter-montre\\\/rolex-milgauss-ref-1019-acier-black-mk1-square-lume-from-1969\\\/\"]}]},{\"@type\":\"ImageObject\",\"inLanguage\":\"en-US\",\"@id\":\"https:\\\/\\\/www.parisheure.com\\\/acheter-montre\\\/rolex-milgauss-ref-1019-acier-black-mk1-square-lume-from-1969\\\/#primaryimage\",\"url\":\"https:\\\/\\\/www.parisheure.com\\\/wp-content\\\/uploads\\\/2021\\\/08\\\/ROLEX-MILGAUSS-REF-1019-ACIER-BLACK-MK1-SQUARE-LUME-FROM-1969-N\u00b0199XXXX-_0022_Calque-2.png\",\"contentUrl\":\"https:\\\/\\\/www.parisheure.com\\\/wp-content\\\/uploads\\\/2021\\\/08\\\/ROLEX-MILGAUSS-REF-1019-ACIER-BLACK-MK1-SQUARE-LUME-FROM-1969-N\u00b0199XXXX-_0022_Calque-2.png\",\"width\":2800,\"height\":2800},{\"@type\":\"BreadcrumbList\",\"@id\":\"https:\\\/\\\/www.parisheure.com\\\/acheter-montre\\\/rolex-milgauss-ref-1019-acier-black-mk1-square-lume-from-1969\\\/#breadcrumb\",\"itemListElement\":[{\"@type\":\"ListItem\",\"position\":1,\"name\":\"Accueil\",\"item\":\"https:\\\/\\\/www.parisheure.com\\\/\"},{\"@type\":\"ListItem\",\"position\":2,\"name\":\"WATCHES\",\"item\":\"https:\\\/\\\/www.parisheure.com\\\/\"},{\"@type\":\"ListItem\",\"position\":3,\"name\":\"ROLEX MILGAUSS REF 1019 ACIER BLACK MK1 SQUARE LUME from 1969\"}]},{\"@type\":\"WebSite\",\"@id\":\"https:\\\/\\\/www.parisheure.com\\\/#website\",\"url\":\"https:\\\/\\\/www.parisheure.com\\\/\",\"name\":\"PARIS HEURE\",\"description\":\"Vintage watches Paris\",\"publisher\":{\"@id\":\"https:\\\/\\\/www.parisheure.com\\\/#organization\"},\"potentialAction\":[{\"@type\":\"SearchAction\",\"target\":{\"@type\":\"EntryPoint\",\"urlTemplate\":\"https:\\\/\\\/www.parisheure.com\\\/?s={search_term_string}\"},\"query-input\":{\"@type\":\"PropertyValueSpecification\",\"valueRequired\":true,\"valueName\":\"search_term_string\"}}],\"inLanguage\":\"en-US\"},{\"@type\":\"Organization\",\"@id\":\"https:\\\/\\\/www.parisheure.com\\\/#organization\",\"name\":\"PARIS HEURE\",\"url\":\"https:\\\/\\\/www.parisheure.com\\\/\",\"logo\":{\"@type\":\"ImageObject\",\"inLanguage\":\"en-US\",\"@id\":\"https:\\\/\\\/www.parisheure.com\\\/#\\\/schema\\\/logo\\\/image\\\/\",\"url\":\"https:\\\/\\\/www.parisheure.com\\\/wp-content\\\/uploads\\\/2021\\\/07\\\/cropped-logo-paris-heure.png\",\"contentUrl\":\"https:\\\/\\\/www.parisheure.com\\\/wp-content\\\/uploads\\\/2021\\\/07\\\/cropped-logo-paris-heure.png\",\"width\":512,\"height\":512,\"caption\":\"PARIS HEURE\"},\"image\":{\"@id\":\"https:\\\/\\\/www.parisheure.com\\\/#\\\/schema\\\/logo\\\/image\\\/\"},\"sameAs\":[\"https:\\\/\\\/www.facebook.com\\\/ParisHeure\",\"https:\\\/\\\/www.instagram.com\\\/parisheure\\\/\"]}]}<\/script>\n<!-- \/ Yoast SEO plugin. -->","yoast_head_json":{"title":"ROLEX MILGAUSS REF 1019 ACIER BLACK MK1 SQUARE LUME from 1969 \u2022 PARIS HEURE","description":"Marque:\u00a0Rolex  Mod\u00e8le:\u00a0MILGAUSS  Mouvement\u00a0: Auto cal 1580  R\u00e9f\u00e9rence: 1019  Diam\u00e8tre\u00a0: 40mm  Ann\u00e9e:\u00a01969  Serial\u00a0: 19XXXXX  Boite:\u00a0Beau boitier encore \u00e9pais et avec des angles encore bien pr\u00e9sents et des chanfreins bien visible. Lunette en parfait \u00e9tat. \u00a0Fond de boite marque III 68. Premi\u00e8re s\u00e9rie de boitier. Cache poussi\u00e8re en laiton d\u2019origine. Pas de chocs visibles importants. La montre est a \u00e9t\u00e9 l\u00e9g\u00e8rement polie et port\u00e9e dans le pass\u00e9 mais garde un beau boitier. Mouvement sp\u00e9cifique \u00e0 cette r\u00e9f\u00e9rence et mod\u00e8le cal 1580. Les milgauss ont toujours eu un mouvement exclusif \u00e0 ce mod\u00e8le afin de garantir son bon fonctionnement m\u00eame en pr\u00e9sence de tr\u00e8s fort champ magn\u00e9tique qu\u2019un autre montre non professionnelle ne supporterait pas.  Cadran: Beau et extr\u00eamement rare cadran d\u2019origine noir avec les indexes luminescents au tritium de forme carr\u00e9e ( square lume ) uniquement sur les premi\u00e8res s\u00e9ries et tr\u00e8s rare en noir avec \u00e9critures blanches non silver. Superbe patine homog\u00e8ne des indexs et des aiguilles biseaut\u00e9es d\u2019origine. Tr\u00e8s bel ensemble g\u00e9n\u00e9ral. Cadran encore en bon \u00e9tat avec aucuns d\u00e9fauts. Quasiment introuvable aujourd\u2019hui et tr\u00e8s recherch\u00e9 dans cette configuration.  Bracelet\u00a0: Rolex acier blind\u00e9 d\u2019origine ref 78360 endlink 580 en bon \u00e9tat  Accessoires\u00a0: Aucuns","robots":{"index":"index","follow":"follow","max-snippet":"max-snippet:-1","max-image-preview":"max-image-preview:large","max-video-preview":"max-video-preview:-1"},"canonical":"https:\/\/www.parisheure.com\/en\/buy-watch\/rolex-milgauss-ref-1019-acier-black-mk1-square-lume-from-1969\/","og_locale":"en_US","og_type":"article","og_title":"ROLEX MILGAUSS REF 1019 ACIER BLACK MK1 SQUARE LUME from 1969 &#8226; PARIS HEURE","og_description":"Marque:\u00a0Rolex  Mod\u00e8le:\u00a0MILGAUSS  Mouvement\u00a0: Auto cal 1580  R\u00e9f\u00e9rence: 1019  Diam\u00e8tre\u00a0: 40mm  Ann\u00e9e:\u00a01969  Serial\u00a0: 19XXXXX  Boite:\u00a0Beau boitier encore \u00e9pais et avec des angles encore bien pr\u00e9sents et des chanfreins bien visible. Lunette en parfait \u00e9tat. \u00a0Fond de boite marque III 68. Premi\u00e8re s\u00e9rie de boitier. Cache poussi\u00e8re en laiton d\u2019origine. Pas de chocs visibles importants. La montre est a \u00e9t\u00e9 l\u00e9g\u00e8rement polie et port\u00e9e dans le pass\u00e9 mais garde un beau boitier. Mouvement sp\u00e9cifique \u00e0 cette r\u00e9f\u00e9rence et mod\u00e8le cal 1580. Les milgauss ont toujours eu un mouvement exclusif \u00e0 ce mod\u00e8le afin de garantir son bon fonctionnement m\u00eame en pr\u00e9sence de tr\u00e8s fort champ magn\u00e9tique qu\u2019un autre montre non professionnelle ne supporterait pas.  Cadran: Beau et extr\u00eamement rare cadran d\u2019origine noir avec les indexes luminescents au tritium de forme carr\u00e9e ( square lume ) uniquement sur les premi\u00e8res s\u00e9ries et tr\u00e8s rare en noir avec \u00e9critures blanches non silver. Superbe patine homog\u00e8ne des indexs et des aiguilles biseaut\u00e9es d\u2019origine. Tr\u00e8s bel ensemble g\u00e9n\u00e9ral. Cadran encore en bon \u00e9tat avec aucuns d\u00e9fauts. Quasiment introuvable aujourd\u2019hui et tr\u00e8s recherch\u00e9 dans cette configuration.  Bracelet\u00a0: Rolex acier blind\u00e9 d\u2019origine ref 78360 endlink 580 en bon \u00e9tat  Accessoires\u00a0: Aucuns","og_url":"https:\/\/www.parisheure.com\/en\/buy-watch\/rolex-milgauss-ref-1019-acier-black-mk1-square-lume-from-1969\/","og_site_name":"PARIS HEURE","article_publisher":"https:\/\/www.facebook.com\/ParisHeure","article_modified_time":"2024-10-23T08:37:50+00:00","og_image":[{"width":1024,"height":1024,"url":"https:\/\/www.parisheure.com\/wp-content\/uploads\/2021\/08\/ROLEX-MILGAUSS-REF-1019-ACIER-BLACK-MK1-SQUARE-LUME-FROM-1969-N\u00b0199XXXX-_0022_Calque-2-1024x1024.png","type":"image\/png"}],"twitter_card":"summary_large_image","schema":{"@context":"https:\/\/schema.org","@graph":[{"@type":"WebPage","@id":"https:\/\/www.parisheure.com\/acheter-montre\/rolex-milgauss-ref-1019-acier-black-mk1-square-lume-from-1969\/","url":"https:\/\/www.parisheure.com\/acheter-montre\/rolex-milgauss-ref-1019-acier-black-mk1-square-lume-from-1969\/","name":"ROLEX MILGAUSS REF 1019 ACIER BLACK MK1 SQUARE LUME from 1969 \u2022 PARIS HEURE","isPartOf":{"@id":"https:\/\/www.parisheure.com\/#website"},"primaryImageOfPage":{"@id":"https:\/\/www.parisheure.com\/acheter-montre\/rolex-milgauss-ref-1019-acier-black-mk1-square-lume-from-1969\/#primaryimage"},"image":{"@id":"https:\/\/www.parisheure.com\/acheter-montre\/rolex-milgauss-ref-1019-acier-black-mk1-square-lume-from-1969\/#primaryimage"},"thumbnailUrl":"https:\/\/www.parisheure.com\/wp-content\/uploads\/2021\/08\/ROLEX-MILGAUSS-REF-1019-ACIER-BLACK-MK1-SQUARE-LUME-FROM-1969-N\u00b0199XXXX-_0022_Calque-2.png","datePublished":"2021-08-04T10:22:34+00:00","dateModified":"2024-10-23T08:37:50+00:00","description":"Marque:\u00a0Rolex Mod\u00e8le:\u00a0MILGAUSS Mouvement\u00a0: Auto cal 1580 R\u00e9f\u00e9rence: 1019 Diam\u00e8tre\u00a0: 40mm Ann\u00e9e:\u00a01969 Serial\u00a0: 19XXXXX Boite:\u00a0Beau boitier encore \u00e9pais et avec des angles encore bien pr\u00e9sents et des chanfreins bien visible. Lunette en parfait \u00e9tat. \u00a0Fond de boite marque III 68. Premi\u00e8re s\u00e9rie de boitier. Cache poussi\u00e8re en laiton d\u2019origine. Pas de chocs visibles importants. La montre est a \u00e9t\u00e9 l\u00e9g\u00e8rement polie et port\u00e9e dans le pass\u00e9 mais garde un beau boitier. Mouvement sp\u00e9cifique \u00e0 cette r\u00e9f\u00e9rence et mod\u00e8le cal 1580. Les milgauss ont toujours eu un mouvement exclusif \u00e0 ce mod\u00e8le afin de garantir son bon fonctionnement m\u00eame en pr\u00e9sence de tr\u00e8s fort champ magn\u00e9tique qu\u2019un autre montre non professionnelle ne supporterait pas. Cadran: Beau et extr\u00eamement rare cadran d\u2019origine noir avec les indexes luminescents au tritium de forme carr\u00e9e ( square lume ) uniquement sur les premi\u00e8res s\u00e9ries et tr\u00e8s rare en noir avec \u00e9critures blanches non silver. Superbe patine homog\u00e8ne des indexs et des aiguilles biseaut\u00e9es d\u2019origine. Tr\u00e8s bel ensemble g\u00e9n\u00e9ral. Cadran encore en bon \u00e9tat avec aucuns d\u00e9fauts. Quasiment introuvable aujourd\u2019hui et tr\u00e8s recherch\u00e9 dans cette configuration. Bracelet\u00a0: Rolex acier blind\u00e9 d\u2019origine ref 78360 endlink 580 en bon \u00e9tat Accessoires\u00a0: Aucuns","breadcrumb":{"@id":"https:\/\/www.parisheure.com\/acheter-montre\/rolex-milgauss-ref-1019-acier-black-mk1-square-lume-from-1969\/#breadcrumb"},"inLanguage":"en-US","potentialAction":[{"@type":"ReadAction","target":["https:\/\/www.parisheure.com\/acheter-montre\/rolex-milgauss-ref-1019-acier-black-mk1-square-lume-from-1969\/"]}]},{"@type":"ImageObject","inLanguage":"en-US","@id":"https:\/\/www.parisheure.com\/acheter-montre\/rolex-milgauss-ref-1019-acier-black-mk1-square-lume-from-1969\/#primaryimage","url":"https:\/\/www.parisheure.com\/wp-content\/uploads\/2021\/08\/ROLEX-MILGAUSS-REF-1019-ACIER-BLACK-MK1-SQUARE-LUME-FROM-1969-N\u00b0199XXXX-_0022_Calque-2.png","contentUrl":"https:\/\/www.parisheure.com\/wp-content\/uploads\/2021\/08\/ROLEX-MILGAUSS-REF-1019-ACIER-BLACK-MK1-SQUARE-LUME-FROM-1969-N\u00b0199XXXX-_0022_Calque-2.png","width":2800,"height":2800},{"@type":"BreadcrumbList","@id":"https:\/\/www.parisheure.com\/acheter-montre\/rolex-milgauss-ref-1019-acier-black-mk1-square-lume-from-1969\/#breadcrumb","itemListElement":[{"@type":"ListItem","position":1,"name":"Accueil","item":"https:\/\/www.parisheure.com\/"},{"@type":"ListItem","position":2,"name":"WATCHES","item":"https:\/\/www.parisheure.com\/"},{"@type":"ListItem","position":3,"name":"ROLEX MILGAUSS REF 1019 ACIER BLACK MK1 SQUARE LUME from 1969"}]},{"@type":"WebSite","@id":"https:\/\/www.parisheure.com\/#website","url":"https:\/\/www.parisheure.com\/","name":"PARIS HEURE","description":"Vintage watches Paris","publisher":{"@id":"https:\/\/www.parisheure.com\/#organization"},"potentialAction":[{"@type":"SearchAction","target":{"@type":"EntryPoint","urlTemplate":"https:\/\/www.parisheure.com\/?s={search_term_string}"},"query-input":{"@type":"PropertyValueSpecification","valueRequired":true,"valueName":"search_term_string"}}],"inLanguage":"en-US"},{"@type":"Organization","@id":"https:\/\/www.parisheure.com\/#organization","name":"PARIS HEURE","url":"https:\/\/www.parisheure.com\/","logo":{"@type":"ImageObject","inLanguage":"en-US","@id":"https:\/\/www.parisheure.com\/#\/schema\/logo\/image\/","url":"https:\/\/www.parisheure.com\/wp-content\/uploads\/2021\/07\/cropped-logo-paris-heure.png","contentUrl":"https:\/\/www.parisheure.com\/wp-content\/uploads\/2021\/07\/cropped-logo-paris-heure.png","width":512,"height":512,"caption":"PARIS HEURE"},"image":{"@id":"https:\/\/www.parisheure.com\/#\/schema\/logo\/image\/"},"sameAs":["https:\/\/www.facebook.com\/ParisHeure","https:\/\/www.instagram.com\/parisheure\/"]}]}},"jetpack_sharing_enabled":true,"brands":[{"id":432,"name":"Rolex","slug":"rolex"}],"_links":{"self":[{"href":"https:\/\/www.parisheure.com\/en\/wp-json\/wp\/v2\/product\/7940","targetHints":{"allow":["GET"]}}],"collection":[{"href":"https:\/\/www.parisheure.com\/en\/wp-json\/wp\/v2\/product"}],"about":[{"href":"https:\/\/www.parisheure.com\/en\/wp-json\/wp\/v2\/types\/product"}],"version-history":[{"count":1,"href":"https:\/\/www.parisheure.com\/en\/wp-json\/wp\/v2\/product\/7940\/revisions"}],"predecessor-version":[{"id":14195,"href":"https:\/\/www.parisheure.com\/en\/wp-json\/wp\/v2\/product\/7940\/revisions\/14195"}],"wp:featuredmedia":[{"embeddable":true,"href":"https:\/\/www.parisheure.com\/en\/wp-json\/wp\/v2\/media\/9889"}],"wp:attachment":[{"href":"https:\/\/www.parisheure.com\/en\/wp-json\/wp\/v2\/media?parent=7940"}],"wp:term":[{"taxonomy":"pwb-brand","embeddable":true,"href":"https:\/\/www.parisheure.com\/en\/wp-json\/wp\/v2\/pwb-brand?post=7940"},{"taxonomy":"product_brand","embeddable":true,"href":"https:\/\/www.parisheure.com\/en\/wp-json\/wp\/v2\/product_brand?post=7940"},{"taxonomy":"product_cat","embeddable":true,"href":"https:\/\/www.parisheure.com\/en\/wp-json\/wp\/v2\/product_cat?post=7940"},{"taxonomy":"product_tag","embeddable":true,"href":"https:\/\/www.parisheure.com\/en\/wp-json\/wp\/v2\/product_tag?post=7940"}],"curies":[{"name":"wp","href":"https:\/\/api.w.org\/{rel}","templated":true}]}}