{"id":9503,"date":"2021-08-04T12:23:38","date_gmt":"2021-08-04T10:23:38","guid":{"rendered":"https:\/\/www.parisheure.com\/?post_type=product&#038;p=9503"},"modified":"2024-10-23T10:32:27","modified_gmt":"2024-10-23T08:32:27","slug":"rolex-gmt-master-pepsi-i-ref-16700-tritium-dial-from-1991","status":"publish","type":"product","link":"https:\/\/www.parisheure.com\/en\/buy-watch\/rolex-gmt-master-pepsi-i-ref-16700-tritium-dial-from-1991\/","title":{"rendered":"ROLEX GMT MASTER I PEPSI REF 16700 TRITIUM DIAL FROM 1991"},"content":{"rendered":"<p><strong><em>Our opinion:\u00a0<\/em><\/strong>The GMT has become more legendary than the Submariner recently with a very long wait for the return of the Pepsi bezel. This one on its release creates a huge speculative effect on all GMTs and collectors appreciate them even more than in the past. This is a neo-vintage version with 5 digits as we say in its reference 16700 GMT master I version with its beautiful PEPSI bezel and its oyster steel bracelet. Model reissued by Rolex and which launched the new speculation of the GMT master PEPSI. Such a beautiful transitional watch with so much character, a perfect piece to start a collection. The real investment value from Rolex. In addition, the new ones are sold even more expensive than these rare models and limited in production. So hurry up before they explode in price and exceed the new ones!<\/p>","protected":false},"excerpt":{"rendered":"<p><strong><em>Brand:\u00a0 \u00a0<\/em><\/strong>ROLEX<\/p>\n<p><strong><em>Model:\u00a0<\/em><\/strong>GMT-MASTER I<\/p>\n<p><strong><em>Reference:\u00a0<\/em><\/strong>16700<\/p>\n<p><strong><em>Year:\u00a0<\/em><\/strong>1991<\/p>\n<p><strong><em>Serial : <\/em><\/strong>X87XXXX<\/p>\n<p><strong><em>Bezel:\u00a0<\/em><\/strong>Very nice original serif insert with a beautiful clear red and sky blue patina hue, very beautiful PEPSI quite unique and sought after especially on a version with the sapphire crystal. A real neo vintage.<\/p>\n<p><strong><em>Case:\u00a0<\/em><\/strong>Very beautiful case very little polished very thick and with perfect angles, no shock or significant scratches. The chamfers are still present. Excellent condition of the still very thick case.<\/p>\n<p><strong><em>Movement\u00a0:<\/em><\/strong> Automatic cal 3175<\/p>\n<p><strong><em>Dial:\u00a0<\/em><\/strong>Beautiful original black dial, perfect with beautiful tritium indexes. Nice very light vanilla patina. No scratches or stains on the dial hands matching the patina of the indexes. All original tritium dial.<\/p>\n<p><strong><em>Diameter\u00a0:\u00a0<\/em><\/strong>40 MM<\/p>\n<p><strong><em>Bracelet:<\/em><\/strong>: Acier blind\u00e9 79360 endlink 501B un peu d\u00e9tendu clasp code S5.<\/p>\n<p><em><strong>Accessories:\u00a0<\/strong><\/em>None.<\/p>","protected":false},"featured_media":9523,"template":"","meta":[],"pwb-brand":[432],"product_brand":[],"product_cat":[107,367,90,247],"product_tag":[196,255,336,127,227],"class_list":{"0":"post-9503","1":"product","2":"type-product","3":"status-publish","4":"has-post-thumbnail","6":"pwb-brand-rolex","7":"product_cat-archives","8":"product_cat-montres-paris-heure","9":"product_cat-rolex","10":"product_cat-rolex-gmt-master","11":"product_tag-196","12":"product_tag-gmt","13":"product_tag-pepsi","14":"product_tag-rolex","15":"product_tag-tritium","17":"first","18":"outofstock","19":"shipping-taxable","20":"product-type-simple"},"yoast_head":"<!-- This site is optimized with the Yoast SEO plugin v27.5 - https:\/\/yoast.com\/product\/yoast-seo-wordpress\/ -->\n<title>ROLEX GMT MASTER I PEPSI REF 16700 TRITIUM DIAL FROM 1991 &#8226; PARIS HEURE<\/title>\n<meta name=\"description\" content=\"Marque:\u00a0 \u00a0ROLEX  Mod\u00e8le:\u00a0GMT-MASTER I  R\u00e9f\u00e9rence:\u00a016700  Ann\u00e9e:\u00a01991  Serial : X87XXXX  Lunette\u00a0:\u00a0Magnifique insert d\u2019origine serif avec une belle patine rouge claire et bleu ciel, tr\u00e8s beau PEPSI assez unique et recherch\u00e9e surtout sur une version avec le verre saphir. Une vraie n\u00e9o vintage.  Boite:\u00a0Tr\u00e8s beau boitier tr\u00e8s peu polie tr\u00e8s \u00e9pais et avec des angles parfait, aucun choc ni rayures importantes. Les chanfreins sont encore bien pr\u00e9sents et marqu\u00e9s. Excellent \u00e9tat de conservation du boitier encore tr\u00e8s \u00e9pais..  Mouvement\u00a0: Automatique cal 3175  Cadran:\u00a0Beau cadran noir d\u2019origine parfait avec des beaux indexes tritium. Belle patine tr\u00e8s l\u00e9g\u00e8re vanille. Pas de rayures ou taches sur le cadran aiguilles matchant bien la patine des indexs. Tout est d&#039;origine au tritium  Diam\u00e8tre\u00a0:\u00a040 MM  Bracelet: Acier blind\u00e9 79360 endlink 501B un peu d\u00e9tendu clasp code S5.  Accessoires:\u00a0Aucuns.\" \/>\n<meta name=\"robots\" content=\"index, follow, max-snippet:-1, max-image-preview:large, max-video-preview:-1\" \/>\n<link rel=\"canonical\" href=\"https:\/\/www.parisheure.com\/en\/buy-watch\/rolex-gmt-master-pepsi-i-ref-16700-tritium-dial-from-1991\/\" \/>\n<meta property=\"og:locale\" content=\"en_US\" \/>\n<meta property=\"og:type\" content=\"article\" \/>\n<meta property=\"og:title\" content=\"ROLEX GMT MASTER I PEPSI REF 16700 TRITIUM DIAL FROM 1991 &#8226; PARIS HEURE\" \/>\n<meta property=\"og:description\" content=\"Marque:\u00a0 \u00a0ROLEX  Mod\u00e8le:\u00a0GMT-MASTER I  R\u00e9f\u00e9rence:\u00a016700  Ann\u00e9e:\u00a01991  Serial : X87XXXX  Lunette\u00a0:\u00a0Magnifique insert d\u2019origine serif avec une belle patine rouge claire et bleu ciel, tr\u00e8s beau PEPSI assez unique et recherch\u00e9e surtout sur une version avec le verre saphir. Une vraie n\u00e9o vintage.  Boite:\u00a0Tr\u00e8s beau boitier tr\u00e8s peu polie tr\u00e8s \u00e9pais et avec des angles parfait, aucun choc ni rayures importantes. Les chanfreins sont encore bien pr\u00e9sents et marqu\u00e9s. Excellent \u00e9tat de conservation du boitier encore tr\u00e8s \u00e9pais..  Mouvement\u00a0: Automatique cal 3175  Cadran:\u00a0Beau cadran noir d\u2019origine parfait avec des beaux indexes tritium. Belle patine tr\u00e8s l\u00e9g\u00e8re vanille. Pas de rayures ou taches sur le cadran aiguilles matchant bien la patine des indexs. Tout est d&#039;origine au tritium  Diam\u00e8tre\u00a0:\u00a040 MM  Bracelet: Acier blind\u00e9 79360 endlink 501B un peu d\u00e9tendu clasp code S5.  Accessoires:\u00a0Aucuns.\" \/>\n<meta property=\"og:url\" content=\"https:\/\/www.parisheure.com\/en\/buy-watch\/rolex-gmt-master-pepsi-i-ref-16700-tritium-dial-from-1991\/\" \/>\n<meta property=\"og:site_name\" content=\"PARIS HEURE\" \/>\n<meta property=\"article:publisher\" content=\"https:\/\/www.facebook.com\/ParisHeure\" \/>\n<meta property=\"article:modified_time\" content=\"2024-10-23T08:32:27+00:00\" \/>\n<meta property=\"og:image\" content=\"https:\/\/www.parisheure.com\/wp-content\/uploads\/2021\/09\/ROLEX-GMT-MASTER-1-REF-16700-TRITIUM-SERIAL-X670XXX_0018_Calque-19-1024x1024.png\" \/>\n\t<meta property=\"og:image:width\" content=\"1024\" \/>\n\t<meta property=\"og:image:height\" content=\"1024\" \/>\n\t<meta property=\"og:image:type\" content=\"image\/png\" \/>\n<meta name=\"twitter:card\" content=\"summary_large_image\" \/>\n<script type=\"application\/ld+json\" class=\"yoast-schema-graph\">{\"@context\":\"https:\\\/\\\/schema.org\",\"@graph\":[{\"@type\":\"WebPage\",\"@id\":\"https:\\\/\\\/www.parisheure.com\\\/acheter-montre\\\/rolex-gmt-master-pepsi-i-ref-16700-tritium-dial-from-1991\\\/\",\"url\":\"https:\\\/\\\/www.parisheure.com\\\/acheter-montre\\\/rolex-gmt-master-pepsi-i-ref-16700-tritium-dial-from-1991\\\/\",\"name\":\"ROLEX GMT MASTER I PEPSI REF 16700 TRITIUM DIAL FROM 1991 &#8226; PARIS HEURE\",\"isPartOf\":{\"@id\":\"https:\\\/\\\/www.parisheure.com\\\/#website\"},\"primaryImageOfPage\":{\"@id\":\"https:\\\/\\\/www.parisheure.com\\\/acheter-montre\\\/rolex-gmt-master-pepsi-i-ref-16700-tritium-dial-from-1991\\\/#primaryimage\"},\"image\":{\"@id\":\"https:\\\/\\\/www.parisheure.com\\\/acheter-montre\\\/rolex-gmt-master-pepsi-i-ref-16700-tritium-dial-from-1991\\\/#primaryimage\"},\"thumbnailUrl\":\"https:\\\/\\\/www.parisheure.com\\\/wp-content\\\/uploads\\\/2021\\\/09\\\/ROLEX-GMT-MASTER-1-REF-16700-TRITIUM-SERIAL-X670XXX_0018_Calque-19.png\",\"datePublished\":\"2021-08-04T10:23:38+00:00\",\"dateModified\":\"2024-10-23T08:32:27+00:00\",\"description\":\"Marque:\u00a0 \u00a0ROLEX Mod\u00e8le:\u00a0GMT-MASTER I R\u00e9f\u00e9rence:\u00a016700 Ann\u00e9e:\u00a01991 Serial : X87XXXX Lunette\u00a0:\u00a0Magnifique insert d\u2019origine serif avec une belle patine rouge claire et bleu ciel, tr\u00e8s beau PEPSI assez unique et recherch\u00e9e surtout sur une version avec le verre saphir. Une vraie n\u00e9o vintage. Boite:\u00a0Tr\u00e8s beau boitier tr\u00e8s peu polie tr\u00e8s \u00e9pais et avec des angles parfait, aucun choc ni rayures importantes. Les chanfreins sont encore bien pr\u00e9sents et marqu\u00e9s. Excellent \u00e9tat de conservation du boitier encore tr\u00e8s \u00e9pais.. Mouvement\u00a0: Automatique cal 3175 Cadran:\u00a0Beau cadran noir d\u2019origine parfait avec des beaux indexes tritium. Belle patine tr\u00e8s l\u00e9g\u00e8re vanille. Pas de rayures ou taches sur le cadran aiguilles matchant bien la patine des indexs. Tout est d'origine au tritium Diam\u00e8tre\u00a0:\u00a040 MM Bracelet: Acier blind\u00e9 79360 endlink 501B un peu d\u00e9tendu clasp code S5. Accessoires:\u00a0Aucuns.\",\"breadcrumb\":{\"@id\":\"https:\\\/\\\/www.parisheure.com\\\/acheter-montre\\\/rolex-gmt-master-pepsi-i-ref-16700-tritium-dial-from-1991\\\/#breadcrumb\"},\"inLanguage\":\"en-US\",\"potentialAction\":[{\"@type\":\"ReadAction\",\"target\":[\"https:\\\/\\\/www.parisheure.com\\\/acheter-montre\\\/rolex-gmt-master-pepsi-i-ref-16700-tritium-dial-from-1991\\\/\"]}]},{\"@type\":\"ImageObject\",\"inLanguage\":\"en-US\",\"@id\":\"https:\\\/\\\/www.parisheure.com\\\/acheter-montre\\\/rolex-gmt-master-pepsi-i-ref-16700-tritium-dial-from-1991\\\/#primaryimage\",\"url\":\"https:\\\/\\\/www.parisheure.com\\\/wp-content\\\/uploads\\\/2021\\\/09\\\/ROLEX-GMT-MASTER-1-REF-16700-TRITIUM-SERIAL-X670XXX_0018_Calque-19.png\",\"contentUrl\":\"https:\\\/\\\/www.parisheure.com\\\/wp-content\\\/uploads\\\/2021\\\/09\\\/ROLEX-GMT-MASTER-1-REF-16700-TRITIUM-SERIAL-X670XXX_0018_Calque-19.png\",\"width\":2800,\"height\":2800},{\"@type\":\"BreadcrumbList\",\"@id\":\"https:\\\/\\\/www.parisheure.com\\\/acheter-montre\\\/rolex-gmt-master-pepsi-i-ref-16700-tritium-dial-from-1991\\\/#breadcrumb\",\"itemListElement\":[{\"@type\":\"ListItem\",\"position\":1,\"name\":\"Accueil\",\"item\":\"https:\\\/\\\/www.parisheure.com\\\/\"},{\"@type\":\"ListItem\",\"position\":2,\"name\":\"WATCHES\",\"item\":\"https:\\\/\\\/www.parisheure.com\\\/\"},{\"@type\":\"ListItem\",\"position\":3,\"name\":\"ROLEX GMT MASTER I PEPSI REF 16700 TRITIUM DIAL FROM 1991\"}]},{\"@type\":\"WebSite\",\"@id\":\"https:\\\/\\\/www.parisheure.com\\\/#website\",\"url\":\"https:\\\/\\\/www.parisheure.com\\\/\",\"name\":\"PARIS HEURE\",\"description\":\"Vintage watches Paris\",\"publisher\":{\"@id\":\"https:\\\/\\\/www.parisheure.com\\\/#organization\"},\"potentialAction\":[{\"@type\":\"SearchAction\",\"target\":{\"@type\":\"EntryPoint\",\"urlTemplate\":\"https:\\\/\\\/www.parisheure.com\\\/?s={search_term_string}\"},\"query-input\":{\"@type\":\"PropertyValueSpecification\",\"valueRequired\":true,\"valueName\":\"search_term_string\"}}],\"inLanguage\":\"en-US\"},{\"@type\":\"Organization\",\"@id\":\"https:\\\/\\\/www.parisheure.com\\\/#organization\",\"name\":\"PARIS HEURE\",\"url\":\"https:\\\/\\\/www.parisheure.com\\\/\",\"logo\":{\"@type\":\"ImageObject\",\"inLanguage\":\"en-US\",\"@id\":\"https:\\\/\\\/www.parisheure.com\\\/#\\\/schema\\\/logo\\\/image\\\/\",\"url\":\"https:\\\/\\\/www.parisheure.com\\\/wp-content\\\/uploads\\\/2021\\\/07\\\/cropped-logo-paris-heure.png\",\"contentUrl\":\"https:\\\/\\\/www.parisheure.com\\\/wp-content\\\/uploads\\\/2021\\\/07\\\/cropped-logo-paris-heure.png\",\"width\":512,\"height\":512,\"caption\":\"PARIS HEURE\"},\"image\":{\"@id\":\"https:\\\/\\\/www.parisheure.com\\\/#\\\/schema\\\/logo\\\/image\\\/\"},\"sameAs\":[\"https:\\\/\\\/www.facebook.com\\\/ParisHeure\",\"https:\\\/\\\/www.instagram.com\\\/parisheure\\\/\"]}]}<\/script>\n<!-- \/ Yoast SEO plugin. -->","yoast_head_json":{"title":"ROLEX GMT MASTER I PEPSI REF 16700 TRITIUM DIAL FROM 1991 \u2022 PARIS HEURE","description":"Marque:\u00a0 \u00a0ROLEX  Mod\u00e8le:\u00a0GMT-MASTER I  R\u00e9f\u00e9rence:\u00a016700  Ann\u00e9e:\u00a01991  Serial : X87XXXX  Lunette\u00a0:\u00a0Magnifique insert d\u2019origine serif avec une belle patine rouge claire et bleu ciel, tr\u00e8s beau PEPSI assez unique et recherch\u00e9e surtout sur une version avec le verre saphir. Une vraie n\u00e9o vintage.  Boite:\u00a0Tr\u00e8s beau boitier tr\u00e8s peu polie tr\u00e8s \u00e9pais et avec des angles parfait, aucun choc ni rayures importantes. Les chanfreins sont encore bien pr\u00e9sents et marqu\u00e9s. Excellent \u00e9tat de conservation du boitier encore tr\u00e8s \u00e9pais..  Mouvement\u00a0: Automatique cal 3175  Cadran:\u00a0Beau cadran noir d\u2019origine parfait avec des beaux indexes tritium. Belle patine tr\u00e8s l\u00e9g\u00e8re vanille. Pas de rayures ou taches sur le cadran aiguilles matchant bien la patine des indexs. Tout est d'origine au tritium  Diam\u00e8tre\u00a0:\u00a040 MM  Bracelet: Acier blind\u00e9 79360 endlink 501B un peu d\u00e9tendu clasp code S5.  Accessoires:\u00a0Aucuns.","robots":{"index":"index","follow":"follow","max-snippet":"max-snippet:-1","max-image-preview":"max-image-preview:large","max-video-preview":"max-video-preview:-1"},"canonical":"https:\/\/www.parisheure.com\/en\/buy-watch\/rolex-gmt-master-pepsi-i-ref-16700-tritium-dial-from-1991\/","og_locale":"en_US","og_type":"article","og_title":"ROLEX GMT MASTER I PEPSI REF 16700 TRITIUM DIAL FROM 1991 &#8226; PARIS HEURE","og_description":"Marque:\u00a0 \u00a0ROLEX  Mod\u00e8le:\u00a0GMT-MASTER I  R\u00e9f\u00e9rence:\u00a016700  Ann\u00e9e:\u00a01991  Serial : X87XXXX  Lunette\u00a0:\u00a0Magnifique insert d\u2019origine serif avec une belle patine rouge claire et bleu ciel, tr\u00e8s beau PEPSI assez unique et recherch\u00e9e surtout sur une version avec le verre saphir. Une vraie n\u00e9o vintage.  Boite:\u00a0Tr\u00e8s beau boitier tr\u00e8s peu polie tr\u00e8s \u00e9pais et avec des angles parfait, aucun choc ni rayures importantes. Les chanfreins sont encore bien pr\u00e9sents et marqu\u00e9s. Excellent \u00e9tat de conservation du boitier encore tr\u00e8s \u00e9pais..  Mouvement\u00a0: Automatique cal 3175  Cadran:\u00a0Beau cadran noir d\u2019origine parfait avec des beaux indexes tritium. Belle patine tr\u00e8s l\u00e9g\u00e8re vanille. Pas de rayures ou taches sur le cadran aiguilles matchant bien la patine des indexs. Tout est d'origine au tritium  Diam\u00e8tre\u00a0:\u00a040 MM  Bracelet: Acier blind\u00e9 79360 endlink 501B un peu d\u00e9tendu clasp code S5.  Accessoires:\u00a0Aucuns.","og_url":"https:\/\/www.parisheure.com\/en\/buy-watch\/rolex-gmt-master-pepsi-i-ref-16700-tritium-dial-from-1991\/","og_site_name":"PARIS HEURE","article_publisher":"https:\/\/www.facebook.com\/ParisHeure","article_modified_time":"2024-10-23T08:32:27+00:00","og_image":[{"width":1024,"height":1024,"url":"https:\/\/www.parisheure.com\/wp-content\/uploads\/2021\/09\/ROLEX-GMT-MASTER-1-REF-16700-TRITIUM-SERIAL-X670XXX_0018_Calque-19-1024x1024.png","type":"image\/png"}],"twitter_card":"summary_large_image","schema":{"@context":"https:\/\/schema.org","@graph":[{"@type":"WebPage","@id":"https:\/\/www.parisheure.com\/acheter-montre\/rolex-gmt-master-pepsi-i-ref-16700-tritium-dial-from-1991\/","url":"https:\/\/www.parisheure.com\/acheter-montre\/rolex-gmt-master-pepsi-i-ref-16700-tritium-dial-from-1991\/","name":"ROLEX GMT MASTER I PEPSI REF 16700 TRITIUM DIAL FROM 1991 \u2022 PARIS HEURE","isPartOf":{"@id":"https:\/\/www.parisheure.com\/#website"},"primaryImageOfPage":{"@id":"https:\/\/www.parisheure.com\/acheter-montre\/rolex-gmt-master-pepsi-i-ref-16700-tritium-dial-from-1991\/#primaryimage"},"image":{"@id":"https:\/\/www.parisheure.com\/acheter-montre\/rolex-gmt-master-pepsi-i-ref-16700-tritium-dial-from-1991\/#primaryimage"},"thumbnailUrl":"https:\/\/www.parisheure.com\/wp-content\/uploads\/2021\/09\/ROLEX-GMT-MASTER-1-REF-16700-TRITIUM-SERIAL-X670XXX_0018_Calque-19.png","datePublished":"2021-08-04T10:23:38+00:00","dateModified":"2024-10-23T08:32:27+00:00","description":"Marque:\u00a0 \u00a0ROLEX Mod\u00e8le:\u00a0GMT-MASTER I R\u00e9f\u00e9rence:\u00a016700 Ann\u00e9e:\u00a01991 Serial : X87XXXX Lunette\u00a0:\u00a0Magnifique insert d\u2019origine serif avec une belle patine rouge claire et bleu ciel, tr\u00e8s beau PEPSI assez unique et recherch\u00e9e surtout sur une version avec le verre saphir. Une vraie n\u00e9o vintage. Boite:\u00a0Tr\u00e8s beau boitier tr\u00e8s peu polie tr\u00e8s \u00e9pais et avec des angles parfait, aucun choc ni rayures importantes. Les chanfreins sont encore bien pr\u00e9sents et marqu\u00e9s. Excellent \u00e9tat de conservation du boitier encore tr\u00e8s \u00e9pais.. Mouvement\u00a0: Automatique cal 3175 Cadran:\u00a0Beau cadran noir d\u2019origine parfait avec des beaux indexes tritium. Belle patine tr\u00e8s l\u00e9g\u00e8re vanille. Pas de rayures ou taches sur le cadran aiguilles matchant bien la patine des indexs. Tout est d'origine au tritium Diam\u00e8tre\u00a0:\u00a040 MM Bracelet: Acier blind\u00e9 79360 endlink 501B un peu d\u00e9tendu clasp code S5. Accessoires:\u00a0Aucuns.","breadcrumb":{"@id":"https:\/\/www.parisheure.com\/acheter-montre\/rolex-gmt-master-pepsi-i-ref-16700-tritium-dial-from-1991\/#breadcrumb"},"inLanguage":"en-US","potentialAction":[{"@type":"ReadAction","target":["https:\/\/www.parisheure.com\/acheter-montre\/rolex-gmt-master-pepsi-i-ref-16700-tritium-dial-from-1991\/"]}]},{"@type":"ImageObject","inLanguage":"en-US","@id":"https:\/\/www.parisheure.com\/acheter-montre\/rolex-gmt-master-pepsi-i-ref-16700-tritium-dial-from-1991\/#primaryimage","url":"https:\/\/www.parisheure.com\/wp-content\/uploads\/2021\/09\/ROLEX-GMT-MASTER-1-REF-16700-TRITIUM-SERIAL-X670XXX_0018_Calque-19.png","contentUrl":"https:\/\/www.parisheure.com\/wp-content\/uploads\/2021\/09\/ROLEX-GMT-MASTER-1-REF-16700-TRITIUM-SERIAL-X670XXX_0018_Calque-19.png","width":2800,"height":2800},{"@type":"BreadcrumbList","@id":"https:\/\/www.parisheure.com\/acheter-montre\/rolex-gmt-master-pepsi-i-ref-16700-tritium-dial-from-1991\/#breadcrumb","itemListElement":[{"@type":"ListItem","position":1,"name":"Accueil","item":"https:\/\/www.parisheure.com\/"},{"@type":"ListItem","position":2,"name":"WATCHES","item":"https:\/\/www.parisheure.com\/"},{"@type":"ListItem","position":3,"name":"ROLEX GMT MASTER I PEPSI REF 16700 TRITIUM DIAL FROM 1991"}]},{"@type":"WebSite","@id":"https:\/\/www.parisheure.com\/#website","url":"https:\/\/www.parisheure.com\/","name":"PARIS HEURE","description":"Vintage watches Paris","publisher":{"@id":"https:\/\/www.parisheure.com\/#organization"},"potentialAction":[{"@type":"SearchAction","target":{"@type":"EntryPoint","urlTemplate":"https:\/\/www.parisheure.com\/?s={search_term_string}"},"query-input":{"@type":"PropertyValueSpecification","valueRequired":true,"valueName":"search_term_string"}}],"inLanguage":"en-US"},{"@type":"Organization","@id":"https:\/\/www.parisheure.com\/#organization","name":"PARIS HEURE","url":"https:\/\/www.parisheure.com\/","logo":{"@type":"ImageObject","inLanguage":"en-US","@id":"https:\/\/www.parisheure.com\/#\/schema\/logo\/image\/","url":"https:\/\/www.parisheure.com\/wp-content\/uploads\/2021\/07\/cropped-logo-paris-heure.png","contentUrl":"https:\/\/www.parisheure.com\/wp-content\/uploads\/2021\/07\/cropped-logo-paris-heure.png","width":512,"height":512,"caption":"PARIS HEURE"},"image":{"@id":"https:\/\/www.parisheure.com\/#\/schema\/logo\/image\/"},"sameAs":["https:\/\/www.facebook.com\/ParisHeure","https:\/\/www.instagram.com\/parisheure\/"]}]}},"jetpack_sharing_enabled":true,"brands":[{"id":432,"name":"Rolex","slug":"rolex"}],"_links":{"self":[{"href":"https:\/\/www.parisheure.com\/en\/wp-json\/wp\/v2\/product\/9503","targetHints":{"allow":["GET"]}}],"collection":[{"href":"https:\/\/www.parisheure.com\/en\/wp-json\/wp\/v2\/product"}],"about":[{"href":"https:\/\/www.parisheure.com\/en\/wp-json\/wp\/v2\/types\/product"}],"version-history":[{"count":1,"href":"https:\/\/www.parisheure.com\/en\/wp-json\/wp\/v2\/product\/9503\/revisions"}],"predecessor-version":[{"id":14187,"href":"https:\/\/www.parisheure.com\/en\/wp-json\/wp\/v2\/product\/9503\/revisions\/14187"}],"wp:featuredmedia":[{"embeddable":true,"href":"https:\/\/www.parisheure.com\/en\/wp-json\/wp\/v2\/media\/9523"}],"wp:attachment":[{"href":"https:\/\/www.parisheure.com\/en\/wp-json\/wp\/v2\/media?parent=9503"}],"wp:term":[{"taxonomy":"pwb-brand","embeddable":true,"href":"https:\/\/www.parisheure.com\/en\/wp-json\/wp\/v2\/pwb-brand?post=9503"},{"taxonomy":"product_brand","embeddable":true,"href":"https:\/\/www.parisheure.com\/en\/wp-json\/wp\/v2\/product_brand?post=9503"},{"taxonomy":"product_cat","embeddable":true,"href":"https:\/\/www.parisheure.com\/en\/wp-json\/wp\/v2\/product_cat?post=9503"},{"taxonomy":"product_tag","embeddable":true,"href":"https:\/\/www.parisheure.com\/en\/wp-json\/wp\/v2\/product_tag?post=9503"}],"curies":[{"name":"wp","href":"https:\/\/api.w.org\/{rel}","templated":true}]}}