{"id":9584,"date":"2021-08-04T12:27:25","date_gmt":"2021-08-04T10:27:25","guid":{"rendered":"https:\/\/www.parisheure.com\/?post_type=product&#038;p=9584"},"modified":"2024-10-23T10:33:28","modified_gmt":"2024-10-23T08:33:28","slug":"rolex-explorer-ref-1016-mat-last-serie-mk5-from-1988","status":"publish","type":"product","link":"https:\/\/www.parisheure.com\/en\/buy-watch\/rolex-explorer-ref-1016-mat-last-serie-mk5-from-1988\/","title":{"rendered":"ROLEX EXPLORER REF 1016 MAT LAST SERIE MK5 from 1988"},"content":{"rendered":"<p><strong>Our opinion:<\/strong> L\u2019explorer r\u00e9f 1016 est apparue dans les ann\u00e9es 60, diff\u00e9rentes versions ont \u00e9t\u00e9 produites, mat, laqu\u00e9, cadran blanc\u2026 Une vraie r\u00e9f\u00e9rence collector si difficile \u00e0 trouver aujourd\u2019hui. Celle-ci a une belle patine. Le boitier est en parfait \u00e9tat, son cadran mat MK5 est tout aussi parfait matchant bien les aiguilles ! La montre est dans son \u00e9tat d\u2019origine avec son bracelet blind\u00e9 et fait partie des toutes derni\u00e8res s\u00e9ries produites en 1988 tr\u00e8s recherch\u00e9e !!!! Si rare \u00e0 trouver aujourd\u2019hui qu\u2019elles valent maintenant aussi ch\u00e8res que les Submariner<\/p>","protected":false},"excerpt":{"rendered":"<p><strong>Brand:<\/strong>\u00a0Rolex<\/p>\n<p><strong>Model:<\/strong>\u00a0Explore I<\/p>\n<p><strong>Movement\u00a0: <\/strong>Auto cal 1570<\/p>\n<p><strong>Reference:<\/strong>\u00a01016<\/p>\n<p><strong>Diameter\u00a0: <\/strong>36mm<\/p>\n<p><strong>Year:<\/strong>\u00a01988<\/p>\n<p><strong>Serial : <\/strong>981XXXX<\/p>\n<p><strong>Case:<\/strong>\u00a0Tr\u00e8s beau boitier \u00e0 peine polie, encore tr\u00e8s \u00e9pais et avec des angles et des parfaite car le boitier de la 1016 \u00e9tait assez fin pour une montre professionnelle.. Lunette en \u00e9tat parfait. Pas de chocs visibles importants.<\/p>\n<p><strong>Dial:<\/strong> Magnifique cadran mat MK5 d\u2019origine pour les derni\u00e8res s\u00e9rie avec des beaux indexes parfaits et des aiguilles qui matche le cadran. Les derni\u00e8res s\u00e9ries de cadran mat avant l\u2019arr\u00eat de la production des 1016. Le cadran aucuns d\u00e9fauts avec une patine homog\u00e8ne des indexes 3-6-9. Les aiguilles d\u2019origine matchent bien la patine g\u00e9n\u00e9rale.<\/p>\n<p><strong>Bracelet : <\/strong>Acier blind\u00e9 peu d\u00e9tendu r\u00e9f 78306 endlink 358 clasp code<\/p>\n<p><strong>Accessories: <\/strong>None<\/p>","protected":false},"featured_media":10157,"template":"","meta":[],"pwb-brand":[432],"product_brand":[],"product_cat":[107,367,90,245],"product_tag":[183,176,182,153,154,127,101],"class_list":{"0":"post-9584","1":"product","2":"type-product","3":"status-publish","4":"has-post-thumbnail","6":"pwb-brand-rolex","7":"product_cat-archives","8":"product_cat-montres-paris-heure","9":"product_cat-rolex","10":"product_cat-rolex-explorer","11":"product_tag-183","12":"product_tag-acier","13":"product_tag-explorer-i","14":"product_tag-mat-dial","15":"product_tag-mk5","16":"product_tag-rolex","17":"product_tag-vintage","19":"first","20":"outofstock","21":"shipping-taxable","22":"product-type-simple"},"yoast_head":"<!-- This site is optimized with the Yoast SEO plugin v27.4 - https:\/\/yoast.com\/product\/yoast-seo-wordpress\/ -->\n<title>ROLEX EXPLORER REF 1016 MAT LAST SERIE MK5 from 1988 &#8226; PARIS HEURE\u00a0<\/title>\n<meta name=\"description\" content=\"Marque:\u00a0Rolex  Mod\u00e8le:\u00a0Explorer I  Mouvement\u00a0: Auto cal 1570  R\u00e9f\u00e9rence:\u00a01016  Diam\u00e8tre\u00a0: 36mm  Ann\u00e9e:\u00a01988  Serial\u00a0: 981XXXX  Boite:\u00a0Tr\u00e8s beau boitier \u00e0 peine polie, encore tr\u00e8s \u00e9pais et avec des angles et des parfaite car le boitier de la 1016 \u00e9tait assez fin pour une montre professionnelle.. Lunette en \u00e9tat parfait. Pas de chocs visibles importants.  Cadran: Magnifique cadran mat MK5 d\u2019origine pour les derni\u00e8res s\u00e9rie avec des beaux indexes parfaits et des aiguilles qui matche le cadran. Les derni\u00e8res s\u00e9ries de cadran mat avant l\u2019arr\u00eat de la production des 1016. Le cadran aucuns d\u00e9fauts avec une patine homog\u00e8ne des indexes 3-6-9. Les aiguilles d\u2019origine matchent bien la patine g\u00e9n\u00e9rale.  Bracelet\u00a0: Acier blind\u00e9 peu d\u00e9tendu r\u00e9f 78306 endlink 358 clasp code  Accessoires\u00a0: Aucuns\" \/>\n<meta name=\"robots\" content=\"index, follow, max-snippet:-1, max-image-preview:large, max-video-preview:-1\" \/>\n<link rel=\"canonical\" href=\"https:\/\/www.parisheure.com\/en\/buy-watch\/rolex-explorer-ref-1016-mat-last-serie-mk5-from-1988\/\" \/>\n<meta property=\"og:locale\" content=\"en_US\" \/>\n<meta property=\"og:type\" content=\"article\" \/>\n<meta property=\"og:title\" content=\"ROLEX EXPLORER REF 1016 MAT LAST SERIE MK5 from 1988 &#8226; PARIS HEURE\u00a0\" \/>\n<meta property=\"og:description\" content=\"Marque:\u00a0Rolex  Mod\u00e8le:\u00a0Explorer I  Mouvement\u00a0: Auto cal 1570  R\u00e9f\u00e9rence:\u00a01016  Diam\u00e8tre\u00a0: 36mm  Ann\u00e9e:\u00a01988  Serial\u00a0: 981XXXX  Boite:\u00a0Tr\u00e8s beau boitier \u00e0 peine polie, encore tr\u00e8s \u00e9pais et avec des angles et des parfaite car le boitier de la 1016 \u00e9tait assez fin pour une montre professionnelle.. Lunette en \u00e9tat parfait. Pas de chocs visibles importants.  Cadran: Magnifique cadran mat MK5 d\u2019origine pour les derni\u00e8res s\u00e9rie avec des beaux indexes parfaits et des aiguilles qui matche le cadran. Les derni\u00e8res s\u00e9ries de cadran mat avant l\u2019arr\u00eat de la production des 1016. Le cadran aucuns d\u00e9fauts avec une patine homog\u00e8ne des indexes 3-6-9. Les aiguilles d\u2019origine matchent bien la patine g\u00e9n\u00e9rale.  Bracelet\u00a0: Acier blind\u00e9 peu d\u00e9tendu r\u00e9f 78306 endlink 358 clasp code  Accessoires\u00a0: Aucuns\" \/>\n<meta property=\"og:url\" content=\"https:\/\/www.parisheure.com\/en\/buy-watch\/rolex-explorer-ref-1016-mat-last-serie-mk5-from-1988\/\" \/>\n<meta property=\"og:site_name\" content=\"PARIS HEURE\" \/>\n<meta property=\"article:publisher\" content=\"https:\/\/www.facebook.com\/ParisHeure\" \/>\n<meta property=\"article:modified_time\" content=\"2024-10-23T08:33:28+00:00\" \/>\n<meta property=\"og:image\" content=\"https:\/\/www.parisheure.com\/wp-content\/uploads\/2021\/11\/ROLEX-EXPLORER-I-REF-1016-ACIER_ACIER-MK5-DIAL-N\u00b09814XXX-_0021_Calque-3-scaled.jpg\" \/>\n\t<meta property=\"og:image:width\" content=\"2560\" \/>\n\t<meta property=\"og:image:height\" content=\"2560\" \/>\n\t<meta property=\"og:image:type\" content=\"image\/jpeg\" \/>\n<meta name=\"twitter:card\" content=\"summary_large_image\" \/>\n<script type=\"application\/ld+json\" class=\"yoast-schema-graph\">{\"@context\":\"https:\\\/\\\/schema.org\",\"@graph\":[{\"@type\":\"WebPage\",\"@id\":\"https:\\\/\\\/www.parisheure.com\\\/acheter-montre\\\/rolex-explorer-ref-1016-mat-last-serie-mk5-from-1988\\\/\",\"url\":\"https:\\\/\\\/www.parisheure.com\\\/acheter-montre\\\/rolex-explorer-ref-1016-mat-last-serie-mk5-from-1988\\\/\",\"name\":\"ROLEX EXPLORER REF 1016 MAT LAST SERIE MK5 from 1988 &#8226; PARIS HEURE\u00a0\",\"isPartOf\":{\"@id\":\"https:\\\/\\\/www.parisheure.com\\\/#website\"},\"primaryImageOfPage\":{\"@id\":\"https:\\\/\\\/www.parisheure.com\\\/acheter-montre\\\/rolex-explorer-ref-1016-mat-last-serie-mk5-from-1988\\\/#primaryimage\"},\"image\":{\"@id\":\"https:\\\/\\\/www.parisheure.com\\\/acheter-montre\\\/rolex-explorer-ref-1016-mat-last-serie-mk5-from-1988\\\/#primaryimage\"},\"thumbnailUrl\":\"https:\\\/\\\/www.parisheure.com\\\/wp-content\\\/uploads\\\/2021\\\/11\\\/ROLEX-EXPLORER-I-REF-1016-ACIER_ACIER-MK5-DIAL-N\u00b09814XXX-_0021_Calque-3-scaled.jpg\",\"datePublished\":\"2021-08-04T10:27:25+00:00\",\"dateModified\":\"2024-10-23T08:33:28+00:00\",\"description\":\"Marque:\u00a0Rolex Mod\u00e8le:\u00a0Explorer I Mouvement\u00a0: Auto cal 1570 R\u00e9f\u00e9rence:\u00a01016 Diam\u00e8tre\u00a0: 36mm Ann\u00e9e:\u00a01988 Serial\u00a0: 981XXXX Boite:\u00a0Tr\u00e8s beau boitier \u00e0 peine polie, encore tr\u00e8s \u00e9pais et avec des angles et des parfaite car le boitier de la 1016 \u00e9tait assez fin pour une montre professionnelle.. Lunette en \u00e9tat parfait. Pas de chocs visibles importants. Cadran: Magnifique cadran mat MK5 d\u2019origine pour les derni\u00e8res s\u00e9rie avec des beaux indexes parfaits et des aiguilles qui matche le cadran. Les derni\u00e8res s\u00e9ries de cadran mat avant l\u2019arr\u00eat de la production des 1016. Le cadran aucuns d\u00e9fauts avec une patine homog\u00e8ne des indexes 3-6-9. Les aiguilles d\u2019origine matchent bien la patine g\u00e9n\u00e9rale. Bracelet\u00a0: Acier blind\u00e9 peu d\u00e9tendu r\u00e9f 78306 endlink 358 clasp code Accessoires\u00a0: Aucuns\",\"breadcrumb\":{\"@id\":\"https:\\\/\\\/www.parisheure.com\\\/acheter-montre\\\/rolex-explorer-ref-1016-mat-last-serie-mk5-from-1988\\\/#breadcrumb\"},\"inLanguage\":\"en-US\",\"potentialAction\":[{\"@type\":\"ReadAction\",\"target\":[\"https:\\\/\\\/www.parisheure.com\\\/acheter-montre\\\/rolex-explorer-ref-1016-mat-last-serie-mk5-from-1988\\\/\"]}]},{\"@type\":\"ImageObject\",\"inLanguage\":\"en-US\",\"@id\":\"https:\\\/\\\/www.parisheure.com\\\/acheter-montre\\\/rolex-explorer-ref-1016-mat-last-serie-mk5-from-1988\\\/#primaryimage\",\"url\":\"https:\\\/\\\/www.parisheure.com\\\/wp-content\\\/uploads\\\/2021\\\/11\\\/ROLEX-EXPLORER-I-REF-1016-ACIER_ACIER-MK5-DIAL-N\u00b09814XXX-_0021_Calque-3-scaled.jpg\",\"contentUrl\":\"https:\\\/\\\/www.parisheure.com\\\/wp-content\\\/uploads\\\/2021\\\/11\\\/ROLEX-EXPLORER-I-REF-1016-ACIER_ACIER-MK5-DIAL-N\u00b09814XXX-_0021_Calque-3-scaled.jpg\",\"width\":2560,\"height\":2560},{\"@type\":\"BreadcrumbList\",\"@id\":\"https:\\\/\\\/www.parisheure.com\\\/acheter-montre\\\/rolex-explorer-ref-1016-mat-last-serie-mk5-from-1988\\\/#breadcrumb\",\"itemListElement\":[{\"@type\":\"ListItem\",\"position\":1,\"name\":\"Accueil\",\"item\":\"https:\\\/\\\/www.parisheure.com\\\/\"},{\"@type\":\"ListItem\",\"position\":2,\"name\":\"WATCHES\",\"item\":\"https:\\\/\\\/www.parisheure.com\\\/\"},{\"@type\":\"ListItem\",\"position\":3,\"name\":\"ROLEX EXPLORER REF 1016 MAT LAST SERIE MK5 from 1988\"}]},{\"@type\":\"WebSite\",\"@id\":\"https:\\\/\\\/www.parisheure.com\\\/#website\",\"url\":\"https:\\\/\\\/www.parisheure.com\\\/\",\"name\":\"PARIS HEURE\",\"description\":\"Vintage watches Paris\",\"publisher\":{\"@id\":\"https:\\\/\\\/www.parisheure.com\\\/#organization\"},\"potentialAction\":[{\"@type\":\"SearchAction\",\"target\":{\"@type\":\"EntryPoint\",\"urlTemplate\":\"https:\\\/\\\/www.parisheure.com\\\/?s={search_term_string}\"},\"query-input\":{\"@type\":\"PropertyValueSpecification\",\"valueRequired\":true,\"valueName\":\"search_term_string\"}}],\"inLanguage\":\"en-US\"},{\"@type\":\"Organization\",\"@id\":\"https:\\\/\\\/www.parisheure.com\\\/#organization\",\"name\":\"PARIS HEURE\",\"url\":\"https:\\\/\\\/www.parisheure.com\\\/\",\"logo\":{\"@type\":\"ImageObject\",\"inLanguage\":\"en-US\",\"@id\":\"https:\\\/\\\/www.parisheure.com\\\/#\\\/schema\\\/logo\\\/image\\\/\",\"url\":\"https:\\\/\\\/www.parisheure.com\\\/wp-content\\\/uploads\\\/2021\\\/07\\\/cropped-logo-paris-heure.png\",\"contentUrl\":\"https:\\\/\\\/www.parisheure.com\\\/wp-content\\\/uploads\\\/2021\\\/07\\\/cropped-logo-paris-heure.png\",\"width\":512,\"height\":512,\"caption\":\"PARIS HEURE\"},\"image\":{\"@id\":\"https:\\\/\\\/www.parisheure.com\\\/#\\\/schema\\\/logo\\\/image\\\/\"},\"sameAs\":[\"https:\\\/\\\/www.facebook.com\\\/ParisHeure\",\"https:\\\/\\\/www.instagram.com\\\/parisheure\\\/\"]}]}<\/script>\n<!-- \/ Yoast SEO plugin. -->","yoast_head_json":{"title":"ROLEX EXPLORER REF 1016 MAT LAST SERIE MK5 from 1988 \u2022 PARIS HEURE\u00a0","description":"Marque:\u00a0Rolex  Mod\u00e8le:\u00a0Explorer I  Mouvement\u00a0: Auto cal 1570  R\u00e9f\u00e9rence:\u00a01016  Diam\u00e8tre\u00a0: 36mm  Ann\u00e9e:\u00a01988  Serial\u00a0: 981XXXX  Boite:\u00a0Tr\u00e8s beau boitier \u00e0 peine polie, encore tr\u00e8s \u00e9pais et avec des angles et des parfaite car le boitier de la 1016 \u00e9tait assez fin pour une montre professionnelle.. Lunette en \u00e9tat parfait. Pas de chocs visibles importants.  Cadran: Magnifique cadran mat MK5 d\u2019origine pour les derni\u00e8res s\u00e9rie avec des beaux indexes parfaits et des aiguilles qui matche le cadran. Les derni\u00e8res s\u00e9ries de cadran mat avant l\u2019arr\u00eat de la production des 1016. Le cadran aucuns d\u00e9fauts avec une patine homog\u00e8ne des indexes 3-6-9. Les aiguilles d\u2019origine matchent bien la patine g\u00e9n\u00e9rale.  Bracelet\u00a0: Acier blind\u00e9 peu d\u00e9tendu r\u00e9f 78306 endlink 358 clasp code  Accessoires\u00a0: Aucuns","robots":{"index":"index","follow":"follow","max-snippet":"max-snippet:-1","max-image-preview":"max-image-preview:large","max-video-preview":"max-video-preview:-1"},"canonical":"https:\/\/www.parisheure.com\/en\/buy-watch\/rolex-explorer-ref-1016-mat-last-serie-mk5-from-1988\/","og_locale":"en_US","og_type":"article","og_title":"ROLEX EXPLORER REF 1016 MAT LAST SERIE MK5 from 1988 &#8226; PARIS HEURE\u00a0","og_description":"Marque:\u00a0Rolex  Mod\u00e8le:\u00a0Explorer I  Mouvement\u00a0: Auto cal 1570  R\u00e9f\u00e9rence:\u00a01016  Diam\u00e8tre\u00a0: 36mm  Ann\u00e9e:\u00a01988  Serial\u00a0: 981XXXX  Boite:\u00a0Tr\u00e8s beau boitier \u00e0 peine polie, encore tr\u00e8s \u00e9pais et avec des angles et des parfaite car le boitier de la 1016 \u00e9tait assez fin pour une montre professionnelle.. Lunette en \u00e9tat parfait. Pas de chocs visibles importants.  Cadran: Magnifique cadran mat MK5 d\u2019origine pour les derni\u00e8res s\u00e9rie avec des beaux indexes parfaits et des aiguilles qui matche le cadran. Les derni\u00e8res s\u00e9ries de cadran mat avant l\u2019arr\u00eat de la production des 1016. Le cadran aucuns d\u00e9fauts avec une patine homog\u00e8ne des indexes 3-6-9. Les aiguilles d\u2019origine matchent bien la patine g\u00e9n\u00e9rale.  Bracelet\u00a0: Acier blind\u00e9 peu d\u00e9tendu r\u00e9f 78306 endlink 358 clasp code  Accessoires\u00a0: Aucuns","og_url":"https:\/\/www.parisheure.com\/en\/buy-watch\/rolex-explorer-ref-1016-mat-last-serie-mk5-from-1988\/","og_site_name":"PARIS HEURE","article_publisher":"https:\/\/www.facebook.com\/ParisHeure","article_modified_time":"2024-10-23T08:33:28+00:00","og_image":[{"width":2560,"height":2560,"url":"https:\/\/www.parisheure.com\/wp-content\/uploads\/2021\/11\/ROLEX-EXPLORER-I-REF-1016-ACIER_ACIER-MK5-DIAL-N\u00b09814XXX-_0021_Calque-3-scaled.jpg","type":"image\/jpeg"}],"twitter_card":"summary_large_image","schema":{"@context":"https:\/\/schema.org","@graph":[{"@type":"WebPage","@id":"https:\/\/www.parisheure.com\/acheter-montre\/rolex-explorer-ref-1016-mat-last-serie-mk5-from-1988\/","url":"https:\/\/www.parisheure.com\/acheter-montre\/rolex-explorer-ref-1016-mat-last-serie-mk5-from-1988\/","name":"ROLEX EXPLORER REF 1016 MAT LAST SERIE MK5 from 1988 \u2022 PARIS HEURE\u00a0","isPartOf":{"@id":"https:\/\/www.parisheure.com\/#website"},"primaryImageOfPage":{"@id":"https:\/\/www.parisheure.com\/acheter-montre\/rolex-explorer-ref-1016-mat-last-serie-mk5-from-1988\/#primaryimage"},"image":{"@id":"https:\/\/www.parisheure.com\/acheter-montre\/rolex-explorer-ref-1016-mat-last-serie-mk5-from-1988\/#primaryimage"},"thumbnailUrl":"https:\/\/www.parisheure.com\/wp-content\/uploads\/2021\/11\/ROLEX-EXPLORER-I-REF-1016-ACIER_ACIER-MK5-DIAL-N\u00b09814XXX-_0021_Calque-3-scaled.jpg","datePublished":"2021-08-04T10:27:25+00:00","dateModified":"2024-10-23T08:33:28+00:00","description":"Marque:\u00a0Rolex Mod\u00e8le:\u00a0Explorer I Mouvement\u00a0: Auto cal 1570 R\u00e9f\u00e9rence:\u00a01016 Diam\u00e8tre\u00a0: 36mm Ann\u00e9e:\u00a01988 Serial\u00a0: 981XXXX Boite:\u00a0Tr\u00e8s beau boitier \u00e0 peine polie, encore tr\u00e8s \u00e9pais et avec des angles et des parfaite car le boitier de la 1016 \u00e9tait assez fin pour une montre professionnelle.. Lunette en \u00e9tat parfait. Pas de chocs visibles importants. Cadran: Magnifique cadran mat MK5 d\u2019origine pour les derni\u00e8res s\u00e9rie avec des beaux indexes parfaits et des aiguilles qui matche le cadran. Les derni\u00e8res s\u00e9ries de cadran mat avant l\u2019arr\u00eat de la production des 1016. Le cadran aucuns d\u00e9fauts avec une patine homog\u00e8ne des indexes 3-6-9. Les aiguilles d\u2019origine matchent bien la patine g\u00e9n\u00e9rale. Bracelet\u00a0: Acier blind\u00e9 peu d\u00e9tendu r\u00e9f 78306 endlink 358 clasp code Accessoires\u00a0: Aucuns","breadcrumb":{"@id":"https:\/\/www.parisheure.com\/acheter-montre\/rolex-explorer-ref-1016-mat-last-serie-mk5-from-1988\/#breadcrumb"},"inLanguage":"en-US","potentialAction":[{"@type":"ReadAction","target":["https:\/\/www.parisheure.com\/acheter-montre\/rolex-explorer-ref-1016-mat-last-serie-mk5-from-1988\/"]}]},{"@type":"ImageObject","inLanguage":"en-US","@id":"https:\/\/www.parisheure.com\/acheter-montre\/rolex-explorer-ref-1016-mat-last-serie-mk5-from-1988\/#primaryimage","url":"https:\/\/www.parisheure.com\/wp-content\/uploads\/2021\/11\/ROLEX-EXPLORER-I-REF-1016-ACIER_ACIER-MK5-DIAL-N\u00b09814XXX-_0021_Calque-3-scaled.jpg","contentUrl":"https:\/\/www.parisheure.com\/wp-content\/uploads\/2021\/11\/ROLEX-EXPLORER-I-REF-1016-ACIER_ACIER-MK5-DIAL-N\u00b09814XXX-_0021_Calque-3-scaled.jpg","width":2560,"height":2560},{"@type":"BreadcrumbList","@id":"https:\/\/www.parisheure.com\/acheter-montre\/rolex-explorer-ref-1016-mat-last-serie-mk5-from-1988\/#breadcrumb","itemListElement":[{"@type":"ListItem","position":1,"name":"Accueil","item":"https:\/\/www.parisheure.com\/"},{"@type":"ListItem","position":2,"name":"WATCHES","item":"https:\/\/www.parisheure.com\/"},{"@type":"ListItem","position":3,"name":"ROLEX EXPLORER REF 1016 MAT LAST SERIE MK5 from 1988"}]},{"@type":"WebSite","@id":"https:\/\/www.parisheure.com\/#website","url":"https:\/\/www.parisheure.com\/","name":"PARIS HEURE","description":"Vintage watches Paris","publisher":{"@id":"https:\/\/www.parisheure.com\/#organization"},"potentialAction":[{"@type":"SearchAction","target":{"@type":"EntryPoint","urlTemplate":"https:\/\/www.parisheure.com\/?s={search_term_string}"},"query-input":{"@type":"PropertyValueSpecification","valueRequired":true,"valueName":"search_term_string"}}],"inLanguage":"en-US"},{"@type":"Organization","@id":"https:\/\/www.parisheure.com\/#organization","name":"PARIS HEURE","url":"https:\/\/www.parisheure.com\/","logo":{"@type":"ImageObject","inLanguage":"en-US","@id":"https:\/\/www.parisheure.com\/#\/schema\/logo\/image\/","url":"https:\/\/www.parisheure.com\/wp-content\/uploads\/2021\/07\/cropped-logo-paris-heure.png","contentUrl":"https:\/\/www.parisheure.com\/wp-content\/uploads\/2021\/07\/cropped-logo-paris-heure.png","width":512,"height":512,"caption":"PARIS HEURE"},"image":{"@id":"https:\/\/www.parisheure.com\/#\/schema\/logo\/image\/"},"sameAs":["https:\/\/www.facebook.com\/ParisHeure","https:\/\/www.instagram.com\/parisheure\/"]}]}},"jetpack_sharing_enabled":true,"brands":[{"id":432,"name":"Rolex","slug":"rolex"}],"_links":{"self":[{"href":"https:\/\/www.parisheure.com\/en\/wp-json\/wp\/v2\/product\/9584","targetHints":{"allow":["GET"]}}],"collection":[{"href":"https:\/\/www.parisheure.com\/en\/wp-json\/wp\/v2\/product"}],"about":[{"href":"https:\/\/www.parisheure.com\/en\/wp-json\/wp\/v2\/types\/product"}],"version-history":[{"count":1,"href":"https:\/\/www.parisheure.com\/en\/wp-json\/wp\/v2\/product\/9584\/revisions"}],"predecessor-version":[{"id":14194,"href":"https:\/\/www.parisheure.com\/en\/wp-json\/wp\/v2\/product\/9584\/revisions\/14194"}],"wp:featuredmedia":[{"embeddable":true,"href":"https:\/\/www.parisheure.com\/en\/wp-json\/wp\/v2\/media\/10157"}],"wp:attachment":[{"href":"https:\/\/www.parisheure.com\/en\/wp-json\/wp\/v2\/media?parent=9584"}],"wp:term":[{"taxonomy":"pwb-brand","embeddable":true,"href":"https:\/\/www.parisheure.com\/en\/wp-json\/wp\/v2\/pwb-brand?post=9584"},{"taxonomy":"product_brand","embeddable":true,"href":"https:\/\/www.parisheure.com\/en\/wp-json\/wp\/v2\/product_brand?post=9584"},{"taxonomy":"product_cat","embeddable":true,"href":"https:\/\/www.parisheure.com\/en\/wp-json\/wp\/v2\/product_cat?post=9584"},{"taxonomy":"product_tag","embeddable":true,"href":"https:\/\/www.parisheure.com\/en\/wp-json\/wp\/v2\/product_tag?post=9584"}],"curies":[{"name":"wp","href":"https:\/\/api.w.org\/{rel}","templated":true}]}}