{"id":9609,"date":"2021-08-04T12:24:06","date_gmt":"2021-08-04T10:24:06","guid":{"rendered":"https:\/\/www.parisheure.com\/?post_type=product&#038;p=9609"},"modified":"2024-10-23T10:38:55","modified_gmt":"2024-10-23T08:38:55","slug":"rolex-submariner-ref-5513-non-serif-mat-portuguese-hallmark-from-1972","status":"publish","type":"product","link":"https:\/\/www.parisheure.com\/en\/buy-watch\/rolex-submariner-ref-5513-non-serif-mat-portuguese-hallmark-from-1972\/","title":{"rendered":"ROLEX SUBMARINER REF 5513 NON SERIF MAT PORTUGUESE HALLMARK"},"content":{"rendered":"<p><strong>Our opinion:<\/strong> Un tr\u00e8s beau et rare exemplaire de la Submariner vintage r\u00e9f\u00e9rence 5513, tr\u00e8s beau cadran avec une belle patine, bracelet acier pli\u00e9 et, mouvement en parfait \u00e9tat de fonctionnement. La montre est rare de part son poin\u00e7ons d\u2019importation portugais qui poin\u00e7onnaient m\u00eame les montre en acier de luxe dans les ann\u00e9es 70 peu de Rolex ont. Cette partie visible sur la tranche ext\u00e9rieure gauche du boitier.<\/p>","protected":false},"excerpt":{"rendered":"<p><strong>Brand:<\/strong>\u00a0Rolex<\/p>\n<p><strong>Model:<\/strong>\u00a0Submariner<\/p>\n<p><strong>Movement\u00a0: <\/strong>Auto cal 1520<\/p>\n<p><strong>Reference:<\/strong>\u00a05513<\/p>\n<p><strong>Diameter\u00a0: <\/strong>40mm<\/p>\n<p><strong>Year:<\/strong>\u00a01972<\/p>\n<p><strong>Serial : <\/strong>301XXXX<\/p>\n<p><strong>Case:<\/strong>\u00a0Beautiful case still quite thick and with angles a little rounded by time and chamfers remaining slightly visible. Bezel in good condition. Service insert. No significant visible shocks. The watch has been repolished but it remains beautiful and homogeneous<\/p>\n<p><strong>Dial:<\/strong>\u00a0Beautiful original non-serif dial with a very beautiful homogeneous patina turning orange yellow. Very nice general set. Dial still in good condition with no flaws. The hands are a little darker than the patina of the indexes.<\/p>\n<p><strong>Bracelet :<\/strong> Nato+ Acier Rolex pli\u00e9 d\u2019origine ref 9315 endlink 580 clasp code photos \u00e0 venir<\/p>\n<p><strong>Accessories: <\/strong>None<\/p>","protected":false},"featured_media":10413,"template":"","meta":[],"pwb-brand":[432],"product_brand":[],"product_cat":[107,367,90,244],"product_tag":[142,153,260,127,135,259],"class_list":{"0":"post-9609","1":"product","2":"type-product","3":"status-publish","4":"has-post-thumbnail","6":"pwb-brand-rolex","7":"product_cat-archives","8":"product_cat-montres-paris-heure","9":"product_cat-rolex","10":"product_cat-rolex-submariner","11":"product_tag-142","12":"product_tag-mat-dial","13":"product_tag-no-serif","14":"product_tag-rolex","15":"product_tag-submariner","16":"product_tag-vinatge-acier","18":"first","19":"outofstock","20":"shipping-taxable","21":"product-type-simple"},"yoast_head":"<!-- This site is optimized with the Yoast SEO plugin v27.5 - https:\/\/yoast.com\/product\/yoast-seo-wordpress\/ -->\n<title>ROLEX SUBMARINER REF 5513 NON SERIF MAT PORTUGUESE HALLMARK &#8226; PARIS HEURE<\/title>\n<meta name=\"description\" content=\"Marque:\u00a0Rolex  Mod\u00e8le:\u00a0Submariner  Mouvement\u00a0: Auto cal 1520  R\u00e9f\u00e9rence:\u00a05513  Diam\u00e8tre\u00a0: 40mm  Ann\u00e9e:\u00a01972  Serial\u00a0: 301XXXX  Boite:\u00a0Beau boitier encore assez \u00e9pais et avec des angles un peu arrondis par le temps et des chanfreins restant l\u00e9g\u00e8rement visible. Lunette en bon \u00e9tat. Insert de service. Pas de chocs visibles importants. La montre a \u00e9t\u00e9 repolie mais elle reste belle et homog\u00e8ne  Cadran:\u00a0Beau cadran d\u2019origine non serif dial avec une tr\u00e8s belle patine homog\u00e8ne tournant a un jaune orang\u00e9. Tr\u00e8s bel ensemble g\u00e9n\u00e9ral. Cadran encore en bon \u00e9tat avec aucuns d\u00e9fauts. Les aiguilles sont un peu plus fonc\u00e9es que la patine des indexes.  Bracelet\u00a0: Nato+ Acier Rolex pli\u00e9 d\u2019origine ref 9315 endlink 580 clasp code photos \u00e0 venir  Accessoires\u00a0: Aucuns\" \/>\n<meta name=\"robots\" content=\"index, follow, max-snippet:-1, max-image-preview:large, max-video-preview:-1\" \/>\n<link rel=\"canonical\" href=\"https:\/\/www.parisheure.com\/en\/buy-watch\/rolex-submariner-ref-5513-non-serif-mat-portuguese-hallmark-from-1972\/\" \/>\n<meta property=\"og:locale\" content=\"en_US\" \/>\n<meta property=\"og:type\" content=\"article\" \/>\n<meta property=\"og:title\" content=\"ROLEX SUBMARINER REF 5513 NON SERIF MAT PORTUGUESE HALLMARK &#8226; PARIS HEURE\" \/>\n<meta property=\"og:description\" content=\"Marque:\u00a0Rolex  Mod\u00e8le:\u00a0Submariner  Mouvement\u00a0: Auto cal 1520  R\u00e9f\u00e9rence:\u00a05513  Diam\u00e8tre\u00a0: 40mm  Ann\u00e9e:\u00a01972  Serial\u00a0: 301XXXX  Boite:\u00a0Beau boitier encore assez \u00e9pais et avec des angles un peu arrondis par le temps et des chanfreins restant l\u00e9g\u00e8rement visible. Lunette en bon \u00e9tat. Insert de service. Pas de chocs visibles importants. La montre a \u00e9t\u00e9 repolie mais elle reste belle et homog\u00e8ne  Cadran:\u00a0Beau cadran d\u2019origine non serif dial avec une tr\u00e8s belle patine homog\u00e8ne tournant a un jaune orang\u00e9. Tr\u00e8s bel ensemble g\u00e9n\u00e9ral. Cadran encore en bon \u00e9tat avec aucuns d\u00e9fauts. Les aiguilles sont un peu plus fonc\u00e9es que la patine des indexes.  Bracelet\u00a0: Nato+ Acier Rolex pli\u00e9 d\u2019origine ref 9315 endlink 580 clasp code photos \u00e0 venir  Accessoires\u00a0: Aucuns\" \/>\n<meta property=\"og:url\" content=\"https:\/\/www.parisheure.com\/en\/buy-watch\/rolex-submariner-ref-5513-non-serif-mat-portuguese-hallmark-from-1972\/\" \/>\n<meta property=\"og:site_name\" content=\"PARIS HEURE\" \/>\n<meta property=\"article:publisher\" content=\"https:\/\/www.facebook.com\/ParisHeure\" \/>\n<meta property=\"article:modified_time\" content=\"2024-10-23T08:38:55+00:00\" \/>\n<meta property=\"og:image\" content=\"https:\/\/www.parisheure.com\/wp-content\/uploads\/2021\/08\/ROLEX-SUBMARINER-REF-5513-MAT-DIAL-PORTUGUESE-HALLMARK-N\u00b03010XXX-_0019_Calque-2-scaled.jpg\" \/>\n\t<meta property=\"og:image:width\" content=\"2560\" \/>\n\t<meta property=\"og:image:height\" content=\"2560\" \/>\n\t<meta property=\"og:image:type\" content=\"image\/jpeg\" \/>\n<meta name=\"twitter:card\" content=\"summary_large_image\" \/>\n<script type=\"application\/ld+json\" class=\"yoast-schema-graph\">{\"@context\":\"https:\\\/\\\/schema.org\",\"@graph\":[{\"@type\":\"WebPage\",\"@id\":\"https:\\\/\\\/www.parisheure.com\\\/acheter-montre\\\/rolex-submariner-ref-5513-non-serif-mat-portuguese-hallmark-from-1972\\\/\",\"url\":\"https:\\\/\\\/www.parisheure.com\\\/acheter-montre\\\/rolex-submariner-ref-5513-non-serif-mat-portuguese-hallmark-from-1972\\\/\",\"name\":\"ROLEX SUBMARINER REF 5513 NON SERIF MAT PORTUGUESE HALLMARK &#8226; PARIS HEURE\",\"isPartOf\":{\"@id\":\"https:\\\/\\\/www.parisheure.com\\\/#website\"},\"primaryImageOfPage\":{\"@id\":\"https:\\\/\\\/www.parisheure.com\\\/acheter-montre\\\/rolex-submariner-ref-5513-non-serif-mat-portuguese-hallmark-from-1972\\\/#primaryimage\"},\"image\":{\"@id\":\"https:\\\/\\\/www.parisheure.com\\\/acheter-montre\\\/rolex-submariner-ref-5513-non-serif-mat-portuguese-hallmark-from-1972\\\/#primaryimage\"},\"thumbnailUrl\":\"https:\\\/\\\/www.parisheure.com\\\/wp-content\\\/uploads\\\/2021\\\/08\\\/ROLEX-SUBMARINER-REF-5513-MAT-DIAL-PORTUGUESE-HALLMARK-N\u00b03010XXX-_0019_Calque-2-scaled.jpg\",\"datePublished\":\"2021-08-04T10:24:06+00:00\",\"dateModified\":\"2024-10-23T08:38:55+00:00\",\"description\":\"Marque:\u00a0Rolex Mod\u00e8le:\u00a0Submariner Mouvement\u00a0: Auto cal 1520 R\u00e9f\u00e9rence:\u00a05513 Diam\u00e8tre\u00a0: 40mm Ann\u00e9e:\u00a01972 Serial\u00a0: 301XXXX Boite:\u00a0Beau boitier encore assez \u00e9pais et avec des angles un peu arrondis par le temps et des chanfreins restant l\u00e9g\u00e8rement visible. Lunette en bon \u00e9tat. Insert de service. Pas de chocs visibles importants. La montre a \u00e9t\u00e9 repolie mais elle reste belle et homog\u00e8ne Cadran:\u00a0Beau cadran d\u2019origine non serif dial avec une tr\u00e8s belle patine homog\u00e8ne tournant a un jaune orang\u00e9. Tr\u00e8s bel ensemble g\u00e9n\u00e9ral. Cadran encore en bon \u00e9tat avec aucuns d\u00e9fauts. Les aiguilles sont un peu plus fonc\u00e9es que la patine des indexes. Bracelet\u00a0: Nato+ Acier Rolex pli\u00e9 d\u2019origine ref 9315 endlink 580 clasp code photos \u00e0 venir Accessoires\u00a0: Aucuns\",\"breadcrumb\":{\"@id\":\"https:\\\/\\\/www.parisheure.com\\\/acheter-montre\\\/rolex-submariner-ref-5513-non-serif-mat-portuguese-hallmark-from-1972\\\/#breadcrumb\"},\"inLanguage\":\"en-US\",\"potentialAction\":[{\"@type\":\"ReadAction\",\"target\":[\"https:\\\/\\\/www.parisheure.com\\\/acheter-montre\\\/rolex-submariner-ref-5513-non-serif-mat-portuguese-hallmark-from-1972\\\/\"]}]},{\"@type\":\"ImageObject\",\"inLanguage\":\"en-US\",\"@id\":\"https:\\\/\\\/www.parisheure.com\\\/acheter-montre\\\/rolex-submariner-ref-5513-non-serif-mat-portuguese-hallmark-from-1972\\\/#primaryimage\",\"url\":\"https:\\\/\\\/www.parisheure.com\\\/wp-content\\\/uploads\\\/2021\\\/08\\\/ROLEX-SUBMARINER-REF-5513-MAT-DIAL-PORTUGUESE-HALLMARK-N\u00b03010XXX-_0019_Calque-2-scaled.jpg\",\"contentUrl\":\"https:\\\/\\\/www.parisheure.com\\\/wp-content\\\/uploads\\\/2021\\\/08\\\/ROLEX-SUBMARINER-REF-5513-MAT-DIAL-PORTUGUESE-HALLMARK-N\u00b03010XXX-_0019_Calque-2-scaled.jpg\",\"width\":2560,\"height\":2560},{\"@type\":\"BreadcrumbList\",\"@id\":\"https:\\\/\\\/www.parisheure.com\\\/acheter-montre\\\/rolex-submariner-ref-5513-non-serif-mat-portuguese-hallmark-from-1972\\\/#breadcrumb\",\"itemListElement\":[{\"@type\":\"ListItem\",\"position\":1,\"name\":\"Accueil\",\"item\":\"https:\\\/\\\/www.parisheure.com\\\/\"},{\"@type\":\"ListItem\",\"position\":2,\"name\":\"WATCHES\",\"item\":\"https:\\\/\\\/www.parisheure.com\\\/\"},{\"@type\":\"ListItem\",\"position\":3,\"name\":\"ROLEX SUBMARINER REF 5513 NON SERIF MAT PORTUGUESE HALLMARK\"}]},{\"@type\":\"WebSite\",\"@id\":\"https:\\\/\\\/www.parisheure.com\\\/#website\",\"url\":\"https:\\\/\\\/www.parisheure.com\\\/\",\"name\":\"PARIS HEURE\",\"description\":\"Vintage watches Paris\",\"publisher\":{\"@id\":\"https:\\\/\\\/www.parisheure.com\\\/#organization\"},\"potentialAction\":[{\"@type\":\"SearchAction\",\"target\":{\"@type\":\"EntryPoint\",\"urlTemplate\":\"https:\\\/\\\/www.parisheure.com\\\/?s={search_term_string}\"},\"query-input\":{\"@type\":\"PropertyValueSpecification\",\"valueRequired\":true,\"valueName\":\"search_term_string\"}}],\"inLanguage\":\"en-US\"},{\"@type\":\"Organization\",\"@id\":\"https:\\\/\\\/www.parisheure.com\\\/#organization\",\"name\":\"PARIS HEURE\",\"url\":\"https:\\\/\\\/www.parisheure.com\\\/\",\"logo\":{\"@type\":\"ImageObject\",\"inLanguage\":\"en-US\",\"@id\":\"https:\\\/\\\/www.parisheure.com\\\/#\\\/schema\\\/logo\\\/image\\\/\",\"url\":\"https:\\\/\\\/www.parisheure.com\\\/wp-content\\\/uploads\\\/2021\\\/07\\\/cropped-logo-paris-heure.png\",\"contentUrl\":\"https:\\\/\\\/www.parisheure.com\\\/wp-content\\\/uploads\\\/2021\\\/07\\\/cropped-logo-paris-heure.png\",\"width\":512,\"height\":512,\"caption\":\"PARIS HEURE\"},\"image\":{\"@id\":\"https:\\\/\\\/www.parisheure.com\\\/#\\\/schema\\\/logo\\\/image\\\/\"},\"sameAs\":[\"https:\\\/\\\/www.facebook.com\\\/ParisHeure\",\"https:\\\/\\\/www.instagram.com\\\/parisheure\\\/\"]}]}<\/script>\n<!-- \/ Yoast SEO plugin. -->","yoast_head_json":{"title":"ROLEX SUBMARINER REF 5513 NON SERIF MAT PORTUGUESE HALLMARK \u2022 PARIS HEURE","description":"Marque:\u00a0Rolex  Mod\u00e8le:\u00a0Submariner  Mouvement\u00a0: Auto cal 1520  R\u00e9f\u00e9rence:\u00a05513  Diam\u00e8tre\u00a0: 40mm  Ann\u00e9e:\u00a01972  Serial\u00a0: 301XXXX  Boite:\u00a0Beau boitier encore assez \u00e9pais et avec des angles un peu arrondis par le temps et des chanfreins restant l\u00e9g\u00e8rement visible. Lunette en bon \u00e9tat. Insert de service. Pas de chocs visibles importants. La montre a \u00e9t\u00e9 repolie mais elle reste belle et homog\u00e8ne  Cadran:\u00a0Beau cadran d\u2019origine non serif dial avec une tr\u00e8s belle patine homog\u00e8ne tournant a un jaune orang\u00e9. Tr\u00e8s bel ensemble g\u00e9n\u00e9ral. Cadran encore en bon \u00e9tat avec aucuns d\u00e9fauts. Les aiguilles sont un peu plus fonc\u00e9es que la patine des indexes.  Bracelet\u00a0: Nato+ Acier Rolex pli\u00e9 d\u2019origine ref 9315 endlink 580 clasp code photos \u00e0 venir  Accessoires\u00a0: Aucuns","robots":{"index":"index","follow":"follow","max-snippet":"max-snippet:-1","max-image-preview":"max-image-preview:large","max-video-preview":"max-video-preview:-1"},"canonical":"https:\/\/www.parisheure.com\/en\/buy-watch\/rolex-submariner-ref-5513-non-serif-mat-portuguese-hallmark-from-1972\/","og_locale":"en_US","og_type":"article","og_title":"ROLEX SUBMARINER REF 5513 NON SERIF MAT PORTUGUESE HALLMARK &#8226; PARIS HEURE","og_description":"Marque:\u00a0Rolex  Mod\u00e8le:\u00a0Submariner  Mouvement\u00a0: Auto cal 1520  R\u00e9f\u00e9rence:\u00a05513  Diam\u00e8tre\u00a0: 40mm  Ann\u00e9e:\u00a01972  Serial\u00a0: 301XXXX  Boite:\u00a0Beau boitier encore assez \u00e9pais et avec des angles un peu arrondis par le temps et des chanfreins restant l\u00e9g\u00e8rement visible. Lunette en bon \u00e9tat. Insert de service. Pas de chocs visibles importants. La montre a \u00e9t\u00e9 repolie mais elle reste belle et homog\u00e8ne  Cadran:\u00a0Beau cadran d\u2019origine non serif dial avec une tr\u00e8s belle patine homog\u00e8ne tournant a un jaune orang\u00e9. Tr\u00e8s bel ensemble g\u00e9n\u00e9ral. Cadran encore en bon \u00e9tat avec aucuns d\u00e9fauts. Les aiguilles sont un peu plus fonc\u00e9es que la patine des indexes.  Bracelet\u00a0: Nato+ Acier Rolex pli\u00e9 d\u2019origine ref 9315 endlink 580 clasp code photos \u00e0 venir  Accessoires\u00a0: Aucuns","og_url":"https:\/\/www.parisheure.com\/en\/buy-watch\/rolex-submariner-ref-5513-non-serif-mat-portuguese-hallmark-from-1972\/","og_site_name":"PARIS HEURE","article_publisher":"https:\/\/www.facebook.com\/ParisHeure","article_modified_time":"2024-10-23T08:38:55+00:00","og_image":[{"width":2560,"height":2560,"url":"https:\/\/www.parisheure.com\/wp-content\/uploads\/2021\/08\/ROLEX-SUBMARINER-REF-5513-MAT-DIAL-PORTUGUESE-HALLMARK-N\u00b03010XXX-_0019_Calque-2-scaled.jpg","type":"image\/jpeg"}],"twitter_card":"summary_large_image","schema":{"@context":"https:\/\/schema.org","@graph":[{"@type":"WebPage","@id":"https:\/\/www.parisheure.com\/acheter-montre\/rolex-submariner-ref-5513-non-serif-mat-portuguese-hallmark-from-1972\/","url":"https:\/\/www.parisheure.com\/acheter-montre\/rolex-submariner-ref-5513-non-serif-mat-portuguese-hallmark-from-1972\/","name":"ROLEX SUBMARINER REF 5513 NON SERIF MAT PORTUGUESE HALLMARK \u2022 PARIS HEURE","isPartOf":{"@id":"https:\/\/www.parisheure.com\/#website"},"primaryImageOfPage":{"@id":"https:\/\/www.parisheure.com\/acheter-montre\/rolex-submariner-ref-5513-non-serif-mat-portuguese-hallmark-from-1972\/#primaryimage"},"image":{"@id":"https:\/\/www.parisheure.com\/acheter-montre\/rolex-submariner-ref-5513-non-serif-mat-portuguese-hallmark-from-1972\/#primaryimage"},"thumbnailUrl":"https:\/\/www.parisheure.com\/wp-content\/uploads\/2021\/08\/ROLEX-SUBMARINER-REF-5513-MAT-DIAL-PORTUGUESE-HALLMARK-N\u00b03010XXX-_0019_Calque-2-scaled.jpg","datePublished":"2021-08-04T10:24:06+00:00","dateModified":"2024-10-23T08:38:55+00:00","description":"Marque:\u00a0Rolex Mod\u00e8le:\u00a0Submariner Mouvement\u00a0: Auto cal 1520 R\u00e9f\u00e9rence:\u00a05513 Diam\u00e8tre\u00a0: 40mm Ann\u00e9e:\u00a01972 Serial\u00a0: 301XXXX Boite:\u00a0Beau boitier encore assez \u00e9pais et avec des angles un peu arrondis par le temps et des chanfreins restant l\u00e9g\u00e8rement visible. Lunette en bon \u00e9tat. Insert de service. Pas de chocs visibles importants. La montre a \u00e9t\u00e9 repolie mais elle reste belle et homog\u00e8ne Cadran:\u00a0Beau cadran d\u2019origine non serif dial avec une tr\u00e8s belle patine homog\u00e8ne tournant a un jaune orang\u00e9. Tr\u00e8s bel ensemble g\u00e9n\u00e9ral. Cadran encore en bon \u00e9tat avec aucuns d\u00e9fauts. Les aiguilles sont un peu plus fonc\u00e9es que la patine des indexes. Bracelet\u00a0: Nato+ Acier Rolex pli\u00e9 d\u2019origine ref 9315 endlink 580 clasp code photos \u00e0 venir Accessoires\u00a0: Aucuns","breadcrumb":{"@id":"https:\/\/www.parisheure.com\/acheter-montre\/rolex-submariner-ref-5513-non-serif-mat-portuguese-hallmark-from-1972\/#breadcrumb"},"inLanguage":"en-US","potentialAction":[{"@type":"ReadAction","target":["https:\/\/www.parisheure.com\/acheter-montre\/rolex-submariner-ref-5513-non-serif-mat-portuguese-hallmark-from-1972\/"]}]},{"@type":"ImageObject","inLanguage":"en-US","@id":"https:\/\/www.parisheure.com\/acheter-montre\/rolex-submariner-ref-5513-non-serif-mat-portuguese-hallmark-from-1972\/#primaryimage","url":"https:\/\/www.parisheure.com\/wp-content\/uploads\/2021\/08\/ROLEX-SUBMARINER-REF-5513-MAT-DIAL-PORTUGUESE-HALLMARK-N\u00b03010XXX-_0019_Calque-2-scaled.jpg","contentUrl":"https:\/\/www.parisheure.com\/wp-content\/uploads\/2021\/08\/ROLEX-SUBMARINER-REF-5513-MAT-DIAL-PORTUGUESE-HALLMARK-N\u00b03010XXX-_0019_Calque-2-scaled.jpg","width":2560,"height":2560},{"@type":"BreadcrumbList","@id":"https:\/\/www.parisheure.com\/acheter-montre\/rolex-submariner-ref-5513-non-serif-mat-portuguese-hallmark-from-1972\/#breadcrumb","itemListElement":[{"@type":"ListItem","position":1,"name":"Accueil","item":"https:\/\/www.parisheure.com\/"},{"@type":"ListItem","position":2,"name":"WATCHES","item":"https:\/\/www.parisheure.com\/"},{"@type":"ListItem","position":3,"name":"ROLEX SUBMARINER REF 5513 NON SERIF MAT PORTUGUESE HALLMARK"}]},{"@type":"WebSite","@id":"https:\/\/www.parisheure.com\/#website","url":"https:\/\/www.parisheure.com\/","name":"PARIS HEURE","description":"Vintage watches Paris","publisher":{"@id":"https:\/\/www.parisheure.com\/#organization"},"potentialAction":[{"@type":"SearchAction","target":{"@type":"EntryPoint","urlTemplate":"https:\/\/www.parisheure.com\/?s={search_term_string}"},"query-input":{"@type":"PropertyValueSpecification","valueRequired":true,"valueName":"search_term_string"}}],"inLanguage":"en-US"},{"@type":"Organization","@id":"https:\/\/www.parisheure.com\/#organization","name":"PARIS HEURE","url":"https:\/\/www.parisheure.com\/","logo":{"@type":"ImageObject","inLanguage":"en-US","@id":"https:\/\/www.parisheure.com\/#\/schema\/logo\/image\/","url":"https:\/\/www.parisheure.com\/wp-content\/uploads\/2021\/07\/cropped-logo-paris-heure.png","contentUrl":"https:\/\/www.parisheure.com\/wp-content\/uploads\/2021\/07\/cropped-logo-paris-heure.png","width":512,"height":512,"caption":"PARIS HEURE"},"image":{"@id":"https:\/\/www.parisheure.com\/#\/schema\/logo\/image\/"},"sameAs":["https:\/\/www.facebook.com\/ParisHeure","https:\/\/www.instagram.com\/parisheure\/"]}]}},"jetpack_sharing_enabled":true,"brands":[{"id":432,"name":"Rolex","slug":"rolex"}],"_links":{"self":[{"href":"https:\/\/www.parisheure.com\/en\/wp-json\/wp\/v2\/product\/9609","targetHints":{"allow":["GET"]}}],"collection":[{"href":"https:\/\/www.parisheure.com\/en\/wp-json\/wp\/v2\/product"}],"about":[{"href":"https:\/\/www.parisheure.com\/en\/wp-json\/wp\/v2\/types\/product"}],"version-history":[{"count":1,"href":"https:\/\/www.parisheure.com\/en\/wp-json\/wp\/v2\/product\/9609\/revisions"}],"predecessor-version":[{"id":14205,"href":"https:\/\/www.parisheure.com\/en\/wp-json\/wp\/v2\/product\/9609\/revisions\/14205"}],"wp:featuredmedia":[{"embeddable":true,"href":"https:\/\/www.parisheure.com\/en\/wp-json\/wp\/v2\/media\/10413"}],"wp:attachment":[{"href":"https:\/\/www.parisheure.com\/en\/wp-json\/wp\/v2\/media?parent=9609"}],"wp:term":[{"taxonomy":"pwb-brand","embeddable":true,"href":"https:\/\/www.parisheure.com\/en\/wp-json\/wp\/v2\/pwb-brand?post=9609"},{"taxonomy":"product_brand","embeddable":true,"href":"https:\/\/www.parisheure.com\/en\/wp-json\/wp\/v2\/product_brand?post=9609"},{"taxonomy":"product_cat","embeddable":true,"href":"https:\/\/www.parisheure.com\/en\/wp-json\/wp\/v2\/product_cat?post=9609"},{"taxonomy":"product_tag","embeddable":true,"href":"https:\/\/www.parisheure.com\/en\/wp-json\/wp\/v2\/product_tag?post=9609"}],"curies":[{"name":"wp","href":"https:\/\/api.w.org\/{rel}","templated":true}]}}