{"id":9651,"date":"2021-08-04T12:24:43","date_gmt":"2021-08-04T10:24:43","guid":{"rendered":"https:\/\/www.parisheure.com\/?post_type=product&#038;p=9651"},"modified":"2024-10-23T10:32:34","modified_gmt":"2024-10-23T08:32:34","slug":"rolex-gmt-master-root-beer-ref-1675-3-or-acier-brown-dial-from-1978","status":"publish","type":"product","link":"https:\/\/www.parisheure.com\/en\/buy-watch\/rolex-gmt-master-root-beer-ref-1675-3-or-acier-brown-dial-from-1978\/","title":{"rendered":"ROLEX GMT MASTER ROOT BEER REF 1675\/3 OR ACIER BROWN DIAL from 1978"},"content":{"rendered":"<p><strong><em>Our opinion: <\/em><\/strong>La GMT est devenue plus mythique que la Submariner r\u00e9cemment avec une tr\u00e8s longue attente du retour de la lunette Pepsi. Celle-ci a sa sortie cr\u00e9e un effet de sp\u00e9culation \u00e9norme sur toutes les GMT et les collectionneurs les appr\u00e9cient encore plus que par le pass\u00e9. Celle-ci est rare dans sa version or acier r\u00e9f\u00e9rence 1675\/3 avez un bracelet pli\u00e9 or et acier rare et en bon \u00e9tat. Cadran brillant tiger eye nipple marron avec une belle patine et un insert qui matche si bien cette patine avec un rappel de l\u2019orang\u00e9 du cadran marron. Une montre de collection si belle avec tant de caract\u00e8re. La montre est peu polie, encore \u00e9paisse, mod\u00e8le extr\u00eamement rare dans cette configuration. La vraie valeur investissement de chez Rolex.<\/p>","protected":false},"excerpt":{"rendered":"<p><strong><em>Brand:\u00a0\u00a0 <\/em><\/strong>ROLEX<\/p>\n<p><strong><em>Model:\u00a0<\/em><\/strong>GMT-MASTER TIGER EYE<\/p>\n<p><strong><em>Reference:\u00a0<\/em><\/strong>1675\u00a0\/3<\/p>\n<p><strong><em>Year:\u00a0<\/em><\/strong>1978<\/p>\n<p><strong><em>Serial : <\/em><\/strong>520<em>XXXX<\/em><\/p>\n<p><strong><em>Bezel: <\/em><\/strong>Beautiful original insert that turns brown and light yellow original very beautiful patina quite unique and sought after.<\/p>\n<p><strong><em>Case:\u00a0<\/em><\/strong>Very nice case lighlty polished very thick and with perfect angles, no shock or significant scratches. The chamfers are still present and marked. Excellent condition of the still thick case.<\/p>\n<p><strong><em>Movement\u00a0:<\/em><\/strong> Automatic cal 3175<\/p>\n<p><strong><em>Dial:\u00a0<\/em><\/strong>Beau cadran TIGER EYE marron virant un peu au rouge et changeant de tons suivant la lumi\u00e8re expos\u00e9e \u00a0d\u2019origine parfait avec des beaux indexes nipple tritium caract\u00e9ristique des 1675\/3 avec une belle patine de plus en plus recherch\u00e9e depuis sa r\u00e9\u00e9dition en or rose et acier.<\/p>\n<p><strong><em>Diameter\u00a0: <\/em><\/strong>40 MM<\/p>\n<p><strong><em>Bracelet:<\/em><\/strong>: Oyster pli\u00e9 or et acier r\u00e9f 7836 endlink 593 claps code 1971 ant\u00e9rieur \u00e0 la montre.<\/p>","protected":false},"featured_media":10435,"template":"","meta":[],"pwb-brand":[432],"product_brand":[],"product_cat":[107,367,90,247],"product_tag":[152,176,263,264,255,262,127,302,261],"class_list":{"0":"post-9651","1":"product","2":"type-product","3":"status-publish","4":"has-post-thumbnail","6":"pwb-brand-rolex","7":"product_cat-archives","8":"product_cat-montres-paris-heure","9":"product_cat-rolex","10":"product_cat-rolex-gmt-master","11":"product_tag-152","12":"product_tag-acier","13":"product_tag-brown-dial","14":"product_tag-cvintage","15":"product_tag-gmt","16":"product_tag-nipple-dial","17":"product_tag-rolex","18":"product_tag-root-beer","19":"product_tag-two-tone","21":"first","22":"outofstock","23":"shipping-taxable","24":"product-type-simple"},"yoast_head":"<!-- This site is optimized with the Yoast SEO plugin v27.5 - https:\/\/yoast.com\/product\/yoast-seo-wordpress\/ -->\n<title>ROLEX GMT MASTER ROOT BEER REF 1675\/3 OR ACIER BROWN DIAL from 1978 &#8226; PARIS HEURE<\/title>\n<meta name=\"description\" content=\"Marque:\u00a0\u00a0 ROLEX  Mod\u00e8le:\u00a0GMT-MASTER TIGER EYE  R\u00e9f\u00e9rence:\u00a01675\u00a0\/3  Ann\u00e9e:\u00a01978  Serial : 520XXXX  Lunette\u00a0: Magnifique insert d\u2019origine qui vire marron et jaune clair d\u2019origine tr\u00e8s belle patine assez unique et recherch\u00e9e.  Boite:\u00a0Tr\u00e8s beau boitier quasiment pas polie tr\u00e8s \u00e9pais et avec des angles parfait, aucun choc ni rayures importantes. Les chanfreins sont encore bien pr\u00e9sents et marqu\u00e9s. Excellent \u00e9tat de conservation du boitier encore \u00e9pais.  Mouvement\u00a0: Automatique cal  Cadran:\u00a0Beau cadran TIGER EYE marron virant un peu au rouge et changeant de tons suivant la lumi\u00e8re expos\u00e9e \u00a0d\u2019origine parfait avec des beaux indexes nipple tritium caract\u00e9ristique des 1675\/3 avec une belle patine de plus en plus recherch\u00e9e depuis sa r\u00e9\u00e9dition en or rose et acier.  Diam\u00e8tre\u00a0: 40 MM  Bracelet: Oyster pli\u00e9 or et acier r\u00e9f 7836 endlink 593 claps code 1971 ant\u00e9rieur \u00e0 la montre.\" \/>\n<meta name=\"robots\" content=\"index, follow, max-snippet:-1, max-image-preview:large, max-video-preview:-1\" \/>\n<link rel=\"canonical\" href=\"https:\/\/www.parisheure.com\/en\/buy-watch\/rolex-gmt-master-root-beer-ref-1675-3-or-acier-brown-dial-from-1978\/\" \/>\n<meta property=\"og:locale\" content=\"en_US\" \/>\n<meta property=\"og:type\" content=\"article\" \/>\n<meta property=\"og:title\" content=\"ROLEX GMT MASTER ROOT BEER REF 1675\/3 OR ACIER BROWN DIAL from 1978 &#8226; PARIS HEURE\" \/>\n<meta property=\"og:description\" content=\"Marque:\u00a0\u00a0 ROLEX  Mod\u00e8le:\u00a0GMT-MASTER TIGER EYE  R\u00e9f\u00e9rence:\u00a01675\u00a0\/3  Ann\u00e9e:\u00a01978  Serial : 520XXXX  Lunette\u00a0: Magnifique insert d\u2019origine qui vire marron et jaune clair d\u2019origine tr\u00e8s belle patine assez unique et recherch\u00e9e.  Boite:\u00a0Tr\u00e8s beau boitier quasiment pas polie tr\u00e8s \u00e9pais et avec des angles parfait, aucun choc ni rayures importantes. Les chanfreins sont encore bien pr\u00e9sents et marqu\u00e9s. Excellent \u00e9tat de conservation du boitier encore \u00e9pais.  Mouvement\u00a0: Automatique cal  Cadran:\u00a0Beau cadran TIGER EYE marron virant un peu au rouge et changeant de tons suivant la lumi\u00e8re expos\u00e9e \u00a0d\u2019origine parfait avec des beaux indexes nipple tritium caract\u00e9ristique des 1675\/3 avec une belle patine de plus en plus recherch\u00e9e depuis sa r\u00e9\u00e9dition en or rose et acier.  Diam\u00e8tre\u00a0: 40 MM  Bracelet: Oyster pli\u00e9 or et acier r\u00e9f 7836 endlink 593 claps code 1971 ant\u00e9rieur \u00e0 la montre.\" \/>\n<meta property=\"og:url\" content=\"https:\/\/www.parisheure.com\/en\/buy-watch\/rolex-gmt-master-root-beer-ref-1675-3-or-acier-brown-dial-from-1978\/\" \/>\n<meta property=\"og:site_name\" content=\"PARIS HEURE\" \/>\n<meta property=\"article:publisher\" content=\"https:\/\/www.facebook.com\/ParisHeure\" \/>\n<meta property=\"article:modified_time\" content=\"2024-10-23T08:32:34+00:00\" \/>\n<meta property=\"og:image\" content=\"https:\/\/www.parisheure.com\/wp-content\/uploads\/2021\/08\/ROLEX-GMT-MASTER-REF-1675_3-BROWN-DIAL-OYSTER-FOLDED-N\u00b05204562-_0020_Calque-3BIS.png-copie-1024x1024.png\" \/>\n\t<meta property=\"og:image:width\" content=\"1024\" \/>\n\t<meta property=\"og:image:height\" content=\"1024\" \/>\n\t<meta property=\"og:image:type\" content=\"image\/png\" \/>\n<meta name=\"twitter:card\" content=\"summary_large_image\" \/>\n<script type=\"application\/ld+json\" class=\"yoast-schema-graph\">{\"@context\":\"https:\\\/\\\/schema.org\",\"@graph\":[{\"@type\":\"WebPage\",\"@id\":\"https:\\\/\\\/www.parisheure.com\\\/acheter-montre\\\/rolex-gmt-master-root-beer-ref-1675-3-or-acier-brown-dial-from-1978\\\/\",\"url\":\"https:\\\/\\\/www.parisheure.com\\\/acheter-montre\\\/rolex-gmt-master-root-beer-ref-1675-3-or-acier-brown-dial-from-1978\\\/\",\"name\":\"ROLEX GMT MASTER ROOT BEER REF 1675\\\/3 OR ACIER BROWN DIAL from 1978 &#8226; PARIS HEURE\",\"isPartOf\":{\"@id\":\"https:\\\/\\\/www.parisheure.com\\\/#website\"},\"primaryImageOfPage\":{\"@id\":\"https:\\\/\\\/www.parisheure.com\\\/acheter-montre\\\/rolex-gmt-master-root-beer-ref-1675-3-or-acier-brown-dial-from-1978\\\/#primaryimage\"},\"image\":{\"@id\":\"https:\\\/\\\/www.parisheure.com\\\/acheter-montre\\\/rolex-gmt-master-root-beer-ref-1675-3-or-acier-brown-dial-from-1978\\\/#primaryimage\"},\"thumbnailUrl\":\"https:\\\/\\\/www.parisheure.com\\\/wp-content\\\/uploads\\\/2021\\\/08\\\/ROLEX-GMT-MASTER-REF-1675_3-BROWN-DIAL-OYSTER-FOLDED-N\u00b05204562-_0020_Calque-3BIS.png-copie.png\",\"datePublished\":\"2021-08-04T10:24:43+00:00\",\"dateModified\":\"2024-10-23T08:32:34+00:00\",\"description\":\"Marque:\u00a0\u00a0 ROLEX Mod\u00e8le:\u00a0GMT-MASTER TIGER EYE R\u00e9f\u00e9rence:\u00a01675\u00a0\\\/3 Ann\u00e9e:\u00a01978 Serial : 520XXXX Lunette\u00a0: Magnifique insert d\u2019origine qui vire marron et jaune clair d\u2019origine tr\u00e8s belle patine assez unique et recherch\u00e9e. Boite:\u00a0Tr\u00e8s beau boitier quasiment pas polie tr\u00e8s \u00e9pais et avec des angles parfait, aucun choc ni rayures importantes. Les chanfreins sont encore bien pr\u00e9sents et marqu\u00e9s. Excellent \u00e9tat de conservation du boitier encore \u00e9pais. Mouvement\u00a0: Automatique cal Cadran:\u00a0Beau cadran TIGER EYE marron virant un peu au rouge et changeant de tons suivant la lumi\u00e8re expos\u00e9e \u00a0d\u2019origine parfait avec des beaux indexes nipple tritium caract\u00e9ristique des 1675\\\/3 avec une belle patine de plus en plus recherch\u00e9e depuis sa r\u00e9\u00e9dition en or rose et acier. Diam\u00e8tre\u00a0: 40 MM Bracelet: Oyster pli\u00e9 or et acier r\u00e9f 7836 endlink 593 claps code 1971 ant\u00e9rieur \u00e0 la montre.\",\"breadcrumb\":{\"@id\":\"https:\\\/\\\/www.parisheure.com\\\/acheter-montre\\\/rolex-gmt-master-root-beer-ref-1675-3-or-acier-brown-dial-from-1978\\\/#breadcrumb\"},\"inLanguage\":\"en-US\",\"potentialAction\":[{\"@type\":\"ReadAction\",\"target\":[\"https:\\\/\\\/www.parisheure.com\\\/acheter-montre\\\/rolex-gmt-master-root-beer-ref-1675-3-or-acier-brown-dial-from-1978\\\/\"]}]},{\"@type\":\"ImageObject\",\"inLanguage\":\"en-US\",\"@id\":\"https:\\\/\\\/www.parisheure.com\\\/acheter-montre\\\/rolex-gmt-master-root-beer-ref-1675-3-or-acier-brown-dial-from-1978\\\/#primaryimage\",\"url\":\"https:\\\/\\\/www.parisheure.com\\\/wp-content\\\/uploads\\\/2021\\\/08\\\/ROLEX-GMT-MASTER-REF-1675_3-BROWN-DIAL-OYSTER-FOLDED-N\u00b05204562-_0020_Calque-3BIS.png-copie.png\",\"contentUrl\":\"https:\\\/\\\/www.parisheure.com\\\/wp-content\\\/uploads\\\/2021\\\/08\\\/ROLEX-GMT-MASTER-REF-1675_3-BROWN-DIAL-OYSTER-FOLDED-N\u00b05204562-_0020_Calque-3BIS.png-copie.png\",\"width\":2800,\"height\":2800},{\"@type\":\"BreadcrumbList\",\"@id\":\"https:\\\/\\\/www.parisheure.com\\\/acheter-montre\\\/rolex-gmt-master-root-beer-ref-1675-3-or-acier-brown-dial-from-1978\\\/#breadcrumb\",\"itemListElement\":[{\"@type\":\"ListItem\",\"position\":1,\"name\":\"Accueil\",\"item\":\"https:\\\/\\\/www.parisheure.com\\\/\"},{\"@type\":\"ListItem\",\"position\":2,\"name\":\"WATCHES\",\"item\":\"https:\\\/\\\/www.parisheure.com\\\/\"},{\"@type\":\"ListItem\",\"position\":3,\"name\":\"ROLEX GMT MASTER ROOT BEER REF 1675\\\/3 OR ACIER BROWN DIAL from 1978\"}]},{\"@type\":\"WebSite\",\"@id\":\"https:\\\/\\\/www.parisheure.com\\\/#website\",\"url\":\"https:\\\/\\\/www.parisheure.com\\\/\",\"name\":\"PARIS HEURE\",\"description\":\"Vintage watches Paris\",\"publisher\":{\"@id\":\"https:\\\/\\\/www.parisheure.com\\\/#organization\"},\"potentialAction\":[{\"@type\":\"SearchAction\",\"target\":{\"@type\":\"EntryPoint\",\"urlTemplate\":\"https:\\\/\\\/www.parisheure.com\\\/?s={search_term_string}\"},\"query-input\":{\"@type\":\"PropertyValueSpecification\",\"valueRequired\":true,\"valueName\":\"search_term_string\"}}],\"inLanguage\":\"en-US\"},{\"@type\":\"Organization\",\"@id\":\"https:\\\/\\\/www.parisheure.com\\\/#organization\",\"name\":\"PARIS HEURE\",\"url\":\"https:\\\/\\\/www.parisheure.com\\\/\",\"logo\":{\"@type\":\"ImageObject\",\"inLanguage\":\"en-US\",\"@id\":\"https:\\\/\\\/www.parisheure.com\\\/#\\\/schema\\\/logo\\\/image\\\/\",\"url\":\"https:\\\/\\\/www.parisheure.com\\\/wp-content\\\/uploads\\\/2021\\\/07\\\/cropped-logo-paris-heure.png\",\"contentUrl\":\"https:\\\/\\\/www.parisheure.com\\\/wp-content\\\/uploads\\\/2021\\\/07\\\/cropped-logo-paris-heure.png\",\"width\":512,\"height\":512,\"caption\":\"PARIS HEURE\"},\"image\":{\"@id\":\"https:\\\/\\\/www.parisheure.com\\\/#\\\/schema\\\/logo\\\/image\\\/\"},\"sameAs\":[\"https:\\\/\\\/www.facebook.com\\\/ParisHeure\",\"https:\\\/\\\/www.instagram.com\\\/parisheure\\\/\"]}]}<\/script>\n<!-- \/ Yoast SEO plugin. -->","yoast_head_json":{"title":"ROLEX GMT MASTER ROOT BEER REF 1675\/3 OR ACIER BROWN DIAL from 1978 \u2022 PARIS HEURE","description":"Marque:\u00a0\u00a0 ROLEX  Mod\u00e8le:\u00a0GMT-MASTER TIGER EYE  R\u00e9f\u00e9rence:\u00a01675\u00a0\/3  Ann\u00e9e:\u00a01978  Serial : 520XXXX  Lunette\u00a0: Magnifique insert d\u2019origine qui vire marron et jaune clair d\u2019origine tr\u00e8s belle patine assez unique et recherch\u00e9e.  Boite:\u00a0Tr\u00e8s beau boitier quasiment pas polie tr\u00e8s \u00e9pais et avec des angles parfait, aucun choc ni rayures importantes. Les chanfreins sont encore bien pr\u00e9sents et marqu\u00e9s. Excellent \u00e9tat de conservation du boitier encore \u00e9pais.  Mouvement\u00a0: Automatique cal  Cadran:\u00a0Beau cadran TIGER EYE marron virant un peu au rouge et changeant de tons suivant la lumi\u00e8re expos\u00e9e \u00a0d\u2019origine parfait avec des beaux indexes nipple tritium caract\u00e9ristique des 1675\/3 avec une belle patine de plus en plus recherch\u00e9e depuis sa r\u00e9\u00e9dition en or rose et acier.  Diam\u00e8tre\u00a0: 40 MM  Bracelet: Oyster pli\u00e9 or et acier r\u00e9f 7836 endlink 593 claps code 1971 ant\u00e9rieur \u00e0 la montre.","robots":{"index":"index","follow":"follow","max-snippet":"max-snippet:-1","max-image-preview":"max-image-preview:large","max-video-preview":"max-video-preview:-1"},"canonical":"https:\/\/www.parisheure.com\/en\/buy-watch\/rolex-gmt-master-root-beer-ref-1675-3-or-acier-brown-dial-from-1978\/","og_locale":"en_US","og_type":"article","og_title":"ROLEX GMT MASTER ROOT BEER REF 1675\/3 OR ACIER BROWN DIAL from 1978 &#8226; PARIS HEURE","og_description":"Marque:\u00a0\u00a0 ROLEX  Mod\u00e8le:\u00a0GMT-MASTER TIGER EYE  R\u00e9f\u00e9rence:\u00a01675\u00a0\/3  Ann\u00e9e:\u00a01978  Serial : 520XXXX  Lunette\u00a0: Magnifique insert d\u2019origine qui vire marron et jaune clair d\u2019origine tr\u00e8s belle patine assez unique et recherch\u00e9e.  Boite:\u00a0Tr\u00e8s beau boitier quasiment pas polie tr\u00e8s \u00e9pais et avec des angles parfait, aucun choc ni rayures importantes. Les chanfreins sont encore bien pr\u00e9sents et marqu\u00e9s. Excellent \u00e9tat de conservation du boitier encore \u00e9pais.  Mouvement\u00a0: Automatique cal  Cadran:\u00a0Beau cadran TIGER EYE marron virant un peu au rouge et changeant de tons suivant la lumi\u00e8re expos\u00e9e \u00a0d\u2019origine parfait avec des beaux indexes nipple tritium caract\u00e9ristique des 1675\/3 avec une belle patine de plus en plus recherch\u00e9e depuis sa r\u00e9\u00e9dition en or rose et acier.  Diam\u00e8tre\u00a0: 40 MM  Bracelet: Oyster pli\u00e9 or et acier r\u00e9f 7836 endlink 593 claps code 1971 ant\u00e9rieur \u00e0 la montre.","og_url":"https:\/\/www.parisheure.com\/en\/buy-watch\/rolex-gmt-master-root-beer-ref-1675-3-or-acier-brown-dial-from-1978\/","og_site_name":"PARIS HEURE","article_publisher":"https:\/\/www.facebook.com\/ParisHeure","article_modified_time":"2024-10-23T08:32:34+00:00","og_image":[{"width":1024,"height":1024,"url":"https:\/\/www.parisheure.com\/wp-content\/uploads\/2021\/08\/ROLEX-GMT-MASTER-REF-1675_3-BROWN-DIAL-OYSTER-FOLDED-N\u00b05204562-_0020_Calque-3BIS.png-copie-1024x1024.png","type":"image\/png"}],"twitter_card":"summary_large_image","schema":{"@context":"https:\/\/schema.org","@graph":[{"@type":"WebPage","@id":"https:\/\/www.parisheure.com\/acheter-montre\/rolex-gmt-master-root-beer-ref-1675-3-or-acier-brown-dial-from-1978\/","url":"https:\/\/www.parisheure.com\/acheter-montre\/rolex-gmt-master-root-beer-ref-1675-3-or-acier-brown-dial-from-1978\/","name":"ROLEX GMT MASTER ROOT BEER REF 1675\/3 OR ACIER BROWN DIAL from 1978 \u2022 PARIS HEURE","isPartOf":{"@id":"https:\/\/www.parisheure.com\/#website"},"primaryImageOfPage":{"@id":"https:\/\/www.parisheure.com\/acheter-montre\/rolex-gmt-master-root-beer-ref-1675-3-or-acier-brown-dial-from-1978\/#primaryimage"},"image":{"@id":"https:\/\/www.parisheure.com\/acheter-montre\/rolex-gmt-master-root-beer-ref-1675-3-or-acier-brown-dial-from-1978\/#primaryimage"},"thumbnailUrl":"https:\/\/www.parisheure.com\/wp-content\/uploads\/2021\/08\/ROLEX-GMT-MASTER-REF-1675_3-BROWN-DIAL-OYSTER-FOLDED-N\u00b05204562-_0020_Calque-3BIS.png-copie.png","datePublished":"2021-08-04T10:24:43+00:00","dateModified":"2024-10-23T08:32:34+00:00","description":"Marque:\u00a0\u00a0 ROLEX Mod\u00e8le:\u00a0GMT-MASTER TIGER EYE R\u00e9f\u00e9rence:\u00a01675\u00a0\/3 Ann\u00e9e:\u00a01978 Serial : 520XXXX Lunette\u00a0: Magnifique insert d\u2019origine qui vire marron et jaune clair d\u2019origine tr\u00e8s belle patine assez unique et recherch\u00e9e. Boite:\u00a0Tr\u00e8s beau boitier quasiment pas polie tr\u00e8s \u00e9pais et avec des angles parfait, aucun choc ni rayures importantes. Les chanfreins sont encore bien pr\u00e9sents et marqu\u00e9s. Excellent \u00e9tat de conservation du boitier encore \u00e9pais. Mouvement\u00a0: Automatique cal Cadran:\u00a0Beau cadran TIGER EYE marron virant un peu au rouge et changeant de tons suivant la lumi\u00e8re expos\u00e9e \u00a0d\u2019origine parfait avec des beaux indexes nipple tritium caract\u00e9ristique des 1675\/3 avec une belle patine de plus en plus recherch\u00e9e depuis sa r\u00e9\u00e9dition en or rose et acier. Diam\u00e8tre\u00a0: 40 MM Bracelet: Oyster pli\u00e9 or et acier r\u00e9f 7836 endlink 593 claps code 1971 ant\u00e9rieur \u00e0 la montre.","breadcrumb":{"@id":"https:\/\/www.parisheure.com\/acheter-montre\/rolex-gmt-master-root-beer-ref-1675-3-or-acier-brown-dial-from-1978\/#breadcrumb"},"inLanguage":"en-US","potentialAction":[{"@type":"ReadAction","target":["https:\/\/www.parisheure.com\/acheter-montre\/rolex-gmt-master-root-beer-ref-1675-3-or-acier-brown-dial-from-1978\/"]}]},{"@type":"ImageObject","inLanguage":"en-US","@id":"https:\/\/www.parisheure.com\/acheter-montre\/rolex-gmt-master-root-beer-ref-1675-3-or-acier-brown-dial-from-1978\/#primaryimage","url":"https:\/\/www.parisheure.com\/wp-content\/uploads\/2021\/08\/ROLEX-GMT-MASTER-REF-1675_3-BROWN-DIAL-OYSTER-FOLDED-N\u00b05204562-_0020_Calque-3BIS.png-copie.png","contentUrl":"https:\/\/www.parisheure.com\/wp-content\/uploads\/2021\/08\/ROLEX-GMT-MASTER-REF-1675_3-BROWN-DIAL-OYSTER-FOLDED-N\u00b05204562-_0020_Calque-3BIS.png-copie.png","width":2800,"height":2800},{"@type":"BreadcrumbList","@id":"https:\/\/www.parisheure.com\/acheter-montre\/rolex-gmt-master-root-beer-ref-1675-3-or-acier-brown-dial-from-1978\/#breadcrumb","itemListElement":[{"@type":"ListItem","position":1,"name":"Accueil","item":"https:\/\/www.parisheure.com\/"},{"@type":"ListItem","position":2,"name":"WATCHES","item":"https:\/\/www.parisheure.com\/"},{"@type":"ListItem","position":3,"name":"ROLEX GMT MASTER ROOT BEER REF 1675\/3 OR ACIER BROWN DIAL from 1978"}]},{"@type":"WebSite","@id":"https:\/\/www.parisheure.com\/#website","url":"https:\/\/www.parisheure.com\/","name":"PARIS HEURE","description":"Vintage watches Paris","publisher":{"@id":"https:\/\/www.parisheure.com\/#organization"},"potentialAction":[{"@type":"SearchAction","target":{"@type":"EntryPoint","urlTemplate":"https:\/\/www.parisheure.com\/?s={search_term_string}"},"query-input":{"@type":"PropertyValueSpecification","valueRequired":true,"valueName":"search_term_string"}}],"inLanguage":"en-US"},{"@type":"Organization","@id":"https:\/\/www.parisheure.com\/#organization","name":"PARIS HEURE","url":"https:\/\/www.parisheure.com\/","logo":{"@type":"ImageObject","inLanguage":"en-US","@id":"https:\/\/www.parisheure.com\/#\/schema\/logo\/image\/","url":"https:\/\/www.parisheure.com\/wp-content\/uploads\/2021\/07\/cropped-logo-paris-heure.png","contentUrl":"https:\/\/www.parisheure.com\/wp-content\/uploads\/2021\/07\/cropped-logo-paris-heure.png","width":512,"height":512,"caption":"PARIS HEURE"},"image":{"@id":"https:\/\/www.parisheure.com\/#\/schema\/logo\/image\/"},"sameAs":["https:\/\/www.facebook.com\/ParisHeure","https:\/\/www.instagram.com\/parisheure\/"]}]}},"jetpack_sharing_enabled":true,"brands":[{"id":432,"name":"Rolex","slug":"rolex"}],"_links":{"self":[{"href":"https:\/\/www.parisheure.com\/en\/wp-json\/wp\/v2\/product\/9651","targetHints":{"allow":["GET"]}}],"collection":[{"href":"https:\/\/www.parisheure.com\/en\/wp-json\/wp\/v2\/product"}],"about":[{"href":"https:\/\/www.parisheure.com\/en\/wp-json\/wp\/v2\/types\/product"}],"version-history":[{"count":1,"href":"https:\/\/www.parisheure.com\/en\/wp-json\/wp\/v2\/product\/9651\/revisions"}],"predecessor-version":[{"id":14188,"href":"https:\/\/www.parisheure.com\/en\/wp-json\/wp\/v2\/product\/9651\/revisions\/14188"}],"wp:featuredmedia":[{"embeddable":true,"href":"https:\/\/www.parisheure.com\/en\/wp-json\/wp\/v2\/media\/10435"}],"wp:attachment":[{"href":"https:\/\/www.parisheure.com\/en\/wp-json\/wp\/v2\/media?parent=9651"}],"wp:term":[{"taxonomy":"pwb-brand","embeddable":true,"href":"https:\/\/www.parisheure.com\/en\/wp-json\/wp\/v2\/pwb-brand?post=9651"},{"taxonomy":"product_brand","embeddable":true,"href":"https:\/\/www.parisheure.com\/en\/wp-json\/wp\/v2\/product_brand?post=9651"},{"taxonomy":"product_cat","embeddable":true,"href":"https:\/\/www.parisheure.com\/en\/wp-json\/wp\/v2\/product_cat?post=9651"},{"taxonomy":"product_tag","embeddable":true,"href":"https:\/\/www.parisheure.com\/en\/wp-json\/wp\/v2\/product_tag?post=9651"}],"curies":[{"name":"wp","href":"https:\/\/api.w.org\/{rel}","templated":true}]}}