{"id":9674,"date":"2021-08-04T12:26:18","date_gmt":"2021-08-04T10:26:18","guid":{"rendered":"https:\/\/www.parisheure.com\/?post_type=product&#038;p=9674"},"modified":"2024-10-23T10:38:31","modified_gmt":"2024-10-23T08:38:31","slug":"rolex-white-submariner-ref-1680-mat-mk1-from-1978","status":"publish","type":"product","link":"https:\/\/www.parisheure.com\/en\/buy-watch\/rolex-white-submariner-ref-1680-mat-mk1-from-1978\/","title":{"rendered":"ROLEX WHITE SUBMARINER REF 1680 MAT MK1 from 1978"},"content":{"rendered":"<p><strong>Our opinion:<\/strong> Un bel exemplaire de la Submariner date vintage r\u00e9f\u00e9rence 1680, patine exceptionnelle PUMPKIN bracelet blind\u00e9 et mouvement automatique en parfait \u00e9tat de fonctionnement. Boitier bien \u00e9pais avec ses chanfreins toujours pr\u00e9sents et avec si peu de diff\u00e9rence avec le prix d\u2019une moderne que tout le monde poss\u00e8de, offrez-vous une vintage parfaite au look unique des ann\u00e9es 70 mark I cadran Lemrich \u00e0 tomber.<\/p>","protected":false},"excerpt":{"rendered":"<p><strong>Brand:<\/strong>\u00a0Rolex<\/p>\n<p><strong>Model:<\/strong>\u00a0Submariner<\/p>\n<p><strong>Movement\u00a0: <\/strong>Auto cal 1570<\/p>\n<p><strong>Reference:<\/strong>\u00a01680<\/p>\n<p><strong>Diameter\u00a0: <\/strong>40mm<\/p>\n<p><strong>Year:<\/strong>\u00a01978<\/p>\n<p><strong>Serial : <\/strong>509XXXX<\/p>\n<p><strong>Case:<\/strong>\u00a0Very beautiful, very thick case with perfect, clearly visible angles. Glasses in good condition. Insert MK3. No significant visible shocks. The watch is polished but not that much, in any case very beautiful case.<\/p>\n<p><strong>Dial:<\/strong>\u00a0Beau cadran d\u2019origine avec une tr\u00e8s belle patine homog\u00e8ne tournant a un jaune orang\u00e9 PUMPKIN tr\u00e8s rare. Tr\u00e8s bel ensemble g\u00e9n\u00e9ral. Cadran encore en bon \u00e9tat avec aucuns d\u00e9fauts. S\u00e9rie MK1 Lemrich.<\/p>\n<p><strong>Bracelet :<\/strong> Rolex acier blind\u00e9 ref 93150 endlink 580 en bon \u00e9tat<\/p>\n<p><strong>Accessories: <\/strong>None<\/p>","protected":false},"featured_media":10350,"template":"","meta":[],"pwb-brand":[432],"product_brand":[],"product_cat":[107,367,90,244],"product_tag":[136,176,153,150,127,265,135,101],"class_list":{"0":"post-9674","1":"product","2":"type-product","3":"status-publish","4":"has-post-thumbnail","6":"pwb-brand-rolex","7":"product_cat-archives","8":"product_cat-montres-paris-heure","9":"product_cat-rolex","10":"product_cat-rolex-submariner","11":"product_tag-136","12":"product_tag-acier","13":"product_tag-mat-dial","14":"product_tag-mk1","15":"product_tag-rolex","16":"product_tag-subdate","17":"product_tag-submariner","18":"product_tag-vintage","20":"first","21":"outofstock","22":"shipping-taxable","23":"product-type-simple"},"yoast_head":"<!-- This site is optimized with the Yoast SEO plugin v27.5 - https:\/\/yoast.com\/product\/yoast-seo-wordpress\/ -->\n<title>ROLEX WHITE SUBMARINER REF 1680 MAT MK1 from 1978 &#8226; PARIS HEURE<\/title>\n<meta name=\"description\" content=\"Marque:\u00a0Rolex  Mod\u00e8le:\u00a0Submariner  Mouvement\u00a0: Auto cal 1570  R\u00e9f\u00e9rence:\u00a01680  Diam\u00e8tre\u00a0: 40mm  Ann\u00e9e:\u00a01978  Serial\u00a0: 509XXXX  Boite:\u00a0Tr\u00e8s beau boitier tr\u00e8s \u00e9pais et avec des angles parfait bien visible. Lunette en bon \u00e9tat. Insert MK3. Pas de chocs visibles importants. La montre est polie mais pas tant que \u00e7a, en tout cas tr\u00e8s beau boitier.  Cadran:\u00a0Beau cadran d\u2019origine avec une tr\u00e8s belle patine homog\u00e8ne tournant a un jaune orang\u00e9 PUMPKIN tr\u00e8s rare. Tr\u00e8s bel ensemble g\u00e9n\u00e9ral. Cadran encore en bon \u00e9tat avec aucuns d\u00e9fauts. S\u00e9rie MK1 Lemrich.  Bracelet\u00a0: Rolex acier blind\u00e9 ref 93150 endlink 580 en bon \u00e9tat  Accessoires\u00a0: Aucuns\" \/>\n<meta name=\"robots\" content=\"index, follow, max-snippet:-1, max-image-preview:large, max-video-preview:-1\" \/>\n<link rel=\"canonical\" href=\"https:\/\/www.parisheure.com\/en\/buy-watch\/rolex-white-submariner-ref-1680-mat-mk1-from-1978\/\" \/>\n<meta property=\"og:locale\" content=\"en_US\" \/>\n<meta property=\"og:type\" content=\"article\" \/>\n<meta property=\"og:title\" content=\"ROLEX WHITE SUBMARINER REF 1680 MAT MK1 from 1978 &#8226; PARIS HEURE\" \/>\n<meta property=\"og:description\" content=\"Marque:\u00a0Rolex  Mod\u00e8le:\u00a0Submariner  Mouvement\u00a0: Auto cal 1570  R\u00e9f\u00e9rence:\u00a01680  Diam\u00e8tre\u00a0: 40mm  Ann\u00e9e:\u00a01978  Serial\u00a0: 509XXXX  Boite:\u00a0Tr\u00e8s beau boitier tr\u00e8s \u00e9pais et avec des angles parfait bien visible. Lunette en bon \u00e9tat. Insert MK3. Pas de chocs visibles importants. La montre est polie mais pas tant que \u00e7a, en tout cas tr\u00e8s beau boitier.  Cadran:\u00a0Beau cadran d\u2019origine avec une tr\u00e8s belle patine homog\u00e8ne tournant a un jaune orang\u00e9 PUMPKIN tr\u00e8s rare. Tr\u00e8s bel ensemble g\u00e9n\u00e9ral. Cadran encore en bon \u00e9tat avec aucuns d\u00e9fauts. S\u00e9rie MK1 Lemrich.  Bracelet\u00a0: Rolex acier blind\u00e9 ref 93150 endlink 580 en bon \u00e9tat  Accessoires\u00a0: Aucuns\" \/>\n<meta property=\"og:url\" content=\"https:\/\/www.parisheure.com\/en\/buy-watch\/rolex-white-submariner-ref-1680-mat-mk1-from-1978\/\" \/>\n<meta property=\"og:site_name\" content=\"PARIS HEURE\" \/>\n<meta property=\"article:publisher\" content=\"https:\/\/www.facebook.com\/ParisHeure\" \/>\n<meta property=\"article:modified_time\" content=\"2024-10-23T08:38:31+00:00\" \/>\n<meta property=\"og:image\" content=\"https:\/\/www.parisheure.com\/wp-content\/uploads\/2021\/08\/ROLEX-SUBMARINER-REF-1680-MK1-LEMON-PATINA-FROM-1979-_0019_Calque-2BIS.png-copie-1024x1024.png\" \/>\n\t<meta property=\"og:image:width\" content=\"1024\" \/>\n\t<meta property=\"og:image:height\" content=\"1024\" \/>\n\t<meta property=\"og:image:type\" content=\"image\/png\" \/>\n<meta name=\"twitter:card\" content=\"summary_large_image\" \/>\n<script type=\"application\/ld+json\" class=\"yoast-schema-graph\">{\"@context\":\"https:\\\/\\\/schema.org\",\"@graph\":[{\"@type\":\"WebPage\",\"@id\":\"https:\\\/\\\/www.parisheure.com\\\/acheter-montre\\\/rolex-white-submariner-ref-1680-mat-mk1-from-1978\\\/\",\"url\":\"https:\\\/\\\/www.parisheure.com\\\/acheter-montre\\\/rolex-white-submariner-ref-1680-mat-mk1-from-1978\\\/\",\"name\":\"ROLEX WHITE SUBMARINER REF 1680 MAT MK1 from 1978 &#8226; PARIS HEURE\",\"isPartOf\":{\"@id\":\"https:\\\/\\\/www.parisheure.com\\\/#website\"},\"primaryImageOfPage\":{\"@id\":\"https:\\\/\\\/www.parisheure.com\\\/acheter-montre\\\/rolex-white-submariner-ref-1680-mat-mk1-from-1978\\\/#primaryimage\"},\"image\":{\"@id\":\"https:\\\/\\\/www.parisheure.com\\\/acheter-montre\\\/rolex-white-submariner-ref-1680-mat-mk1-from-1978\\\/#primaryimage\"},\"thumbnailUrl\":\"https:\\\/\\\/www.parisheure.com\\\/wp-content\\\/uploads\\\/2021\\\/08\\\/ROLEX-SUBMARINER-REF-1680-MK1-LEMON-PATINA-FROM-1979-_0019_Calque-2BIS.png-copie.png\",\"datePublished\":\"2021-08-04T10:26:18+00:00\",\"dateModified\":\"2024-10-23T08:38:31+00:00\",\"description\":\"Marque:\u00a0Rolex Mod\u00e8le:\u00a0Submariner Mouvement\u00a0: Auto cal 1570 R\u00e9f\u00e9rence:\u00a01680 Diam\u00e8tre\u00a0: 40mm Ann\u00e9e:\u00a01978 Serial\u00a0: 509XXXX Boite:\u00a0Tr\u00e8s beau boitier tr\u00e8s \u00e9pais et avec des angles parfait bien visible. Lunette en bon \u00e9tat. Insert MK3. Pas de chocs visibles importants. La montre est polie mais pas tant que \u00e7a, en tout cas tr\u00e8s beau boitier. Cadran:\u00a0Beau cadran d\u2019origine avec une tr\u00e8s belle patine homog\u00e8ne tournant a un jaune orang\u00e9 PUMPKIN tr\u00e8s rare. Tr\u00e8s bel ensemble g\u00e9n\u00e9ral. Cadran encore en bon \u00e9tat avec aucuns d\u00e9fauts. S\u00e9rie MK1 Lemrich. Bracelet\u00a0: Rolex acier blind\u00e9 ref 93150 endlink 580 en bon \u00e9tat Accessoires\u00a0: Aucuns\",\"breadcrumb\":{\"@id\":\"https:\\\/\\\/www.parisheure.com\\\/acheter-montre\\\/rolex-white-submariner-ref-1680-mat-mk1-from-1978\\\/#breadcrumb\"},\"inLanguage\":\"en-US\",\"potentialAction\":[{\"@type\":\"ReadAction\",\"target\":[\"https:\\\/\\\/www.parisheure.com\\\/acheter-montre\\\/rolex-white-submariner-ref-1680-mat-mk1-from-1978\\\/\"]}]},{\"@type\":\"ImageObject\",\"inLanguage\":\"en-US\",\"@id\":\"https:\\\/\\\/www.parisheure.com\\\/acheter-montre\\\/rolex-white-submariner-ref-1680-mat-mk1-from-1978\\\/#primaryimage\",\"url\":\"https:\\\/\\\/www.parisheure.com\\\/wp-content\\\/uploads\\\/2021\\\/08\\\/ROLEX-SUBMARINER-REF-1680-MK1-LEMON-PATINA-FROM-1979-_0019_Calque-2BIS.png-copie.png\",\"contentUrl\":\"https:\\\/\\\/www.parisheure.com\\\/wp-content\\\/uploads\\\/2021\\\/08\\\/ROLEX-SUBMARINER-REF-1680-MK1-LEMON-PATINA-FROM-1979-_0019_Calque-2BIS.png-copie.png\",\"width\":2800,\"height\":2800},{\"@type\":\"BreadcrumbList\",\"@id\":\"https:\\\/\\\/www.parisheure.com\\\/acheter-montre\\\/rolex-white-submariner-ref-1680-mat-mk1-from-1978\\\/#breadcrumb\",\"itemListElement\":[{\"@type\":\"ListItem\",\"position\":1,\"name\":\"Accueil\",\"item\":\"https:\\\/\\\/www.parisheure.com\\\/\"},{\"@type\":\"ListItem\",\"position\":2,\"name\":\"WATCHES\",\"item\":\"https:\\\/\\\/www.parisheure.com\\\/\"},{\"@type\":\"ListItem\",\"position\":3,\"name\":\"ROLEX WHITE SUBMARINER REF 1680 MAT MK1 from 1978\"}]},{\"@type\":\"WebSite\",\"@id\":\"https:\\\/\\\/www.parisheure.com\\\/#website\",\"url\":\"https:\\\/\\\/www.parisheure.com\\\/\",\"name\":\"PARIS HEURE\",\"description\":\"Vintage watches Paris\",\"publisher\":{\"@id\":\"https:\\\/\\\/www.parisheure.com\\\/#organization\"},\"potentialAction\":[{\"@type\":\"SearchAction\",\"target\":{\"@type\":\"EntryPoint\",\"urlTemplate\":\"https:\\\/\\\/www.parisheure.com\\\/?s={search_term_string}\"},\"query-input\":{\"@type\":\"PropertyValueSpecification\",\"valueRequired\":true,\"valueName\":\"search_term_string\"}}],\"inLanguage\":\"en-US\"},{\"@type\":\"Organization\",\"@id\":\"https:\\\/\\\/www.parisheure.com\\\/#organization\",\"name\":\"PARIS HEURE\",\"url\":\"https:\\\/\\\/www.parisheure.com\\\/\",\"logo\":{\"@type\":\"ImageObject\",\"inLanguage\":\"en-US\",\"@id\":\"https:\\\/\\\/www.parisheure.com\\\/#\\\/schema\\\/logo\\\/image\\\/\",\"url\":\"https:\\\/\\\/www.parisheure.com\\\/wp-content\\\/uploads\\\/2021\\\/07\\\/cropped-logo-paris-heure.png\",\"contentUrl\":\"https:\\\/\\\/www.parisheure.com\\\/wp-content\\\/uploads\\\/2021\\\/07\\\/cropped-logo-paris-heure.png\",\"width\":512,\"height\":512,\"caption\":\"PARIS HEURE\"},\"image\":{\"@id\":\"https:\\\/\\\/www.parisheure.com\\\/#\\\/schema\\\/logo\\\/image\\\/\"},\"sameAs\":[\"https:\\\/\\\/www.facebook.com\\\/ParisHeure\",\"https:\\\/\\\/www.instagram.com\\\/parisheure\\\/\"]}]}<\/script>\n<!-- \/ Yoast SEO plugin. -->","yoast_head_json":{"title":"ROLEX WHITE SUBMARINER REF 1680 MAT MK1 from 1978 \u2022 PARIS HEURE","description":"Marque:\u00a0Rolex  Mod\u00e8le:\u00a0Submariner  Mouvement\u00a0: Auto cal 1570  R\u00e9f\u00e9rence:\u00a01680  Diam\u00e8tre\u00a0: 40mm  Ann\u00e9e:\u00a01978  Serial\u00a0: 509XXXX  Boite:\u00a0Tr\u00e8s beau boitier tr\u00e8s \u00e9pais et avec des angles parfait bien visible. Lunette en bon \u00e9tat. Insert MK3. Pas de chocs visibles importants. La montre est polie mais pas tant que \u00e7a, en tout cas tr\u00e8s beau boitier.  Cadran:\u00a0Beau cadran d\u2019origine avec une tr\u00e8s belle patine homog\u00e8ne tournant a un jaune orang\u00e9 PUMPKIN tr\u00e8s rare. Tr\u00e8s bel ensemble g\u00e9n\u00e9ral. Cadran encore en bon \u00e9tat avec aucuns d\u00e9fauts. S\u00e9rie MK1 Lemrich.  Bracelet\u00a0: Rolex acier blind\u00e9 ref 93150 endlink 580 en bon \u00e9tat  Accessoires\u00a0: Aucuns","robots":{"index":"index","follow":"follow","max-snippet":"max-snippet:-1","max-image-preview":"max-image-preview:large","max-video-preview":"max-video-preview:-1"},"canonical":"https:\/\/www.parisheure.com\/en\/buy-watch\/rolex-white-submariner-ref-1680-mat-mk1-from-1978\/","og_locale":"en_US","og_type":"article","og_title":"ROLEX WHITE SUBMARINER REF 1680 MAT MK1 from 1978 &#8226; PARIS HEURE","og_description":"Marque:\u00a0Rolex  Mod\u00e8le:\u00a0Submariner  Mouvement\u00a0: Auto cal 1570  R\u00e9f\u00e9rence:\u00a01680  Diam\u00e8tre\u00a0: 40mm  Ann\u00e9e:\u00a01978  Serial\u00a0: 509XXXX  Boite:\u00a0Tr\u00e8s beau boitier tr\u00e8s \u00e9pais et avec des angles parfait bien visible. Lunette en bon \u00e9tat. Insert MK3. Pas de chocs visibles importants. La montre est polie mais pas tant que \u00e7a, en tout cas tr\u00e8s beau boitier.  Cadran:\u00a0Beau cadran d\u2019origine avec une tr\u00e8s belle patine homog\u00e8ne tournant a un jaune orang\u00e9 PUMPKIN tr\u00e8s rare. Tr\u00e8s bel ensemble g\u00e9n\u00e9ral. Cadran encore en bon \u00e9tat avec aucuns d\u00e9fauts. S\u00e9rie MK1 Lemrich.  Bracelet\u00a0: Rolex acier blind\u00e9 ref 93150 endlink 580 en bon \u00e9tat  Accessoires\u00a0: Aucuns","og_url":"https:\/\/www.parisheure.com\/en\/buy-watch\/rolex-white-submariner-ref-1680-mat-mk1-from-1978\/","og_site_name":"PARIS HEURE","article_publisher":"https:\/\/www.facebook.com\/ParisHeure","article_modified_time":"2024-10-23T08:38:31+00:00","og_image":[{"width":1024,"height":1024,"url":"https:\/\/www.parisheure.com\/wp-content\/uploads\/2021\/08\/ROLEX-SUBMARINER-REF-1680-MK1-LEMON-PATINA-FROM-1979-_0019_Calque-2BIS.png-copie-1024x1024.png","type":"image\/png"}],"twitter_card":"summary_large_image","schema":{"@context":"https:\/\/schema.org","@graph":[{"@type":"WebPage","@id":"https:\/\/www.parisheure.com\/acheter-montre\/rolex-white-submariner-ref-1680-mat-mk1-from-1978\/","url":"https:\/\/www.parisheure.com\/acheter-montre\/rolex-white-submariner-ref-1680-mat-mk1-from-1978\/","name":"ROLEX WHITE SUBMARINER REF 1680 MAT MK1 from 1978 \u2022 PARIS HEURE","isPartOf":{"@id":"https:\/\/www.parisheure.com\/#website"},"primaryImageOfPage":{"@id":"https:\/\/www.parisheure.com\/acheter-montre\/rolex-white-submariner-ref-1680-mat-mk1-from-1978\/#primaryimage"},"image":{"@id":"https:\/\/www.parisheure.com\/acheter-montre\/rolex-white-submariner-ref-1680-mat-mk1-from-1978\/#primaryimage"},"thumbnailUrl":"https:\/\/www.parisheure.com\/wp-content\/uploads\/2021\/08\/ROLEX-SUBMARINER-REF-1680-MK1-LEMON-PATINA-FROM-1979-_0019_Calque-2BIS.png-copie.png","datePublished":"2021-08-04T10:26:18+00:00","dateModified":"2024-10-23T08:38:31+00:00","description":"Marque:\u00a0Rolex Mod\u00e8le:\u00a0Submariner Mouvement\u00a0: Auto cal 1570 R\u00e9f\u00e9rence:\u00a01680 Diam\u00e8tre\u00a0: 40mm Ann\u00e9e:\u00a01978 Serial\u00a0: 509XXXX Boite:\u00a0Tr\u00e8s beau boitier tr\u00e8s \u00e9pais et avec des angles parfait bien visible. Lunette en bon \u00e9tat. Insert MK3. Pas de chocs visibles importants. La montre est polie mais pas tant que \u00e7a, en tout cas tr\u00e8s beau boitier. Cadran:\u00a0Beau cadran d\u2019origine avec une tr\u00e8s belle patine homog\u00e8ne tournant a un jaune orang\u00e9 PUMPKIN tr\u00e8s rare. Tr\u00e8s bel ensemble g\u00e9n\u00e9ral. Cadran encore en bon \u00e9tat avec aucuns d\u00e9fauts. S\u00e9rie MK1 Lemrich. Bracelet\u00a0: Rolex acier blind\u00e9 ref 93150 endlink 580 en bon \u00e9tat Accessoires\u00a0: Aucuns","breadcrumb":{"@id":"https:\/\/www.parisheure.com\/acheter-montre\/rolex-white-submariner-ref-1680-mat-mk1-from-1978\/#breadcrumb"},"inLanguage":"en-US","potentialAction":[{"@type":"ReadAction","target":["https:\/\/www.parisheure.com\/acheter-montre\/rolex-white-submariner-ref-1680-mat-mk1-from-1978\/"]}]},{"@type":"ImageObject","inLanguage":"en-US","@id":"https:\/\/www.parisheure.com\/acheter-montre\/rolex-white-submariner-ref-1680-mat-mk1-from-1978\/#primaryimage","url":"https:\/\/www.parisheure.com\/wp-content\/uploads\/2021\/08\/ROLEX-SUBMARINER-REF-1680-MK1-LEMON-PATINA-FROM-1979-_0019_Calque-2BIS.png-copie.png","contentUrl":"https:\/\/www.parisheure.com\/wp-content\/uploads\/2021\/08\/ROLEX-SUBMARINER-REF-1680-MK1-LEMON-PATINA-FROM-1979-_0019_Calque-2BIS.png-copie.png","width":2800,"height":2800},{"@type":"BreadcrumbList","@id":"https:\/\/www.parisheure.com\/acheter-montre\/rolex-white-submariner-ref-1680-mat-mk1-from-1978\/#breadcrumb","itemListElement":[{"@type":"ListItem","position":1,"name":"Accueil","item":"https:\/\/www.parisheure.com\/"},{"@type":"ListItem","position":2,"name":"WATCHES","item":"https:\/\/www.parisheure.com\/"},{"@type":"ListItem","position":3,"name":"ROLEX WHITE SUBMARINER REF 1680 MAT MK1 from 1978"}]},{"@type":"WebSite","@id":"https:\/\/www.parisheure.com\/#website","url":"https:\/\/www.parisheure.com\/","name":"PARIS HEURE","description":"Vintage watches Paris","publisher":{"@id":"https:\/\/www.parisheure.com\/#organization"},"potentialAction":[{"@type":"SearchAction","target":{"@type":"EntryPoint","urlTemplate":"https:\/\/www.parisheure.com\/?s={search_term_string}"},"query-input":{"@type":"PropertyValueSpecification","valueRequired":true,"valueName":"search_term_string"}}],"inLanguage":"en-US"},{"@type":"Organization","@id":"https:\/\/www.parisheure.com\/#organization","name":"PARIS HEURE","url":"https:\/\/www.parisheure.com\/","logo":{"@type":"ImageObject","inLanguage":"en-US","@id":"https:\/\/www.parisheure.com\/#\/schema\/logo\/image\/","url":"https:\/\/www.parisheure.com\/wp-content\/uploads\/2021\/07\/cropped-logo-paris-heure.png","contentUrl":"https:\/\/www.parisheure.com\/wp-content\/uploads\/2021\/07\/cropped-logo-paris-heure.png","width":512,"height":512,"caption":"PARIS HEURE"},"image":{"@id":"https:\/\/www.parisheure.com\/#\/schema\/logo\/image\/"},"sameAs":["https:\/\/www.facebook.com\/ParisHeure","https:\/\/www.instagram.com\/parisheure\/"]}]}},"jetpack_sharing_enabled":true,"brands":[{"id":432,"name":"Rolex","slug":"rolex"}],"_links":{"self":[{"href":"https:\/\/www.parisheure.com\/en\/wp-json\/wp\/v2\/product\/9674","targetHints":{"allow":["GET"]}}],"collection":[{"href":"https:\/\/www.parisheure.com\/en\/wp-json\/wp\/v2\/product"}],"about":[{"href":"https:\/\/www.parisheure.com\/en\/wp-json\/wp\/v2\/types\/product"}],"version-history":[{"count":1,"href":"https:\/\/www.parisheure.com\/en\/wp-json\/wp\/v2\/product\/9674\/revisions"}],"predecessor-version":[{"id":14201,"href":"https:\/\/www.parisheure.com\/en\/wp-json\/wp\/v2\/product\/9674\/revisions\/14201"}],"wp:featuredmedia":[{"embeddable":true,"href":"https:\/\/www.parisheure.com\/en\/wp-json\/wp\/v2\/media\/10350"}],"wp:attachment":[{"href":"https:\/\/www.parisheure.com\/en\/wp-json\/wp\/v2\/media?parent=9674"}],"wp:term":[{"taxonomy":"pwb-brand","embeddable":true,"href":"https:\/\/www.parisheure.com\/en\/wp-json\/wp\/v2\/pwb-brand?post=9674"},{"taxonomy":"product_brand","embeddable":true,"href":"https:\/\/www.parisheure.com\/en\/wp-json\/wp\/v2\/product_brand?post=9674"},{"taxonomy":"product_cat","embeddable":true,"href":"https:\/\/www.parisheure.com\/en\/wp-json\/wp\/v2\/product_cat?post=9674"},{"taxonomy":"product_tag","embeddable":true,"href":"https:\/\/www.parisheure.com\/en\/wp-json\/wp\/v2\/product_tag?post=9674"}],"curies":[{"name":"wp","href":"https:\/\/api.w.org\/{rel}","templated":true}]}}