{"id":9676,"date":"2021-08-04T12:25:52","date_gmt":"2021-08-04T10:25:52","guid":{"rendered":"https:\/\/www.parisheure.com\/?post_type=product&#038;p=9676"},"modified":"2024-10-23T10:38:17","modified_gmt":"2024-10-23T08:38:17","slug":"rolex-great-white-seadweller-ref-1665-mk4-from-1980","status":"publish","type":"product","link":"https:\/\/www.parisheure.com\/en\/buy-watch\/rolex-great-white-seadweller-ref-1665-mk4-from-1980\/","title":{"rendered":"ROLEX GREAT WHITE SEADWELLER REF 1665 MK4 from 1980"},"content":{"rendered":"<p><strong>Our opinion:<\/strong> Une des plus belles Rolex vintage. La seadweller ref 1665 GREAT WHITE MK4, fond de boite d\u2019origine. Patine pumpkin magnifique et ultra recherch\u00e9e, boite peu polie, bracelet blind\u00e9 et cadran z\u00e9ro d\u00e9faut avec une super patine. Insert d\u2019origine. Les seadweller ont la cote et les prix grimpent. Voici une mk4 derni\u00e8re s\u00e9rie en parfait \u00e9tat bient\u00f4t on ne les trouvera m\u00eame plus. Une vraie belle rolex vintage de collection et rare \u00e0 peine plus ch\u00e8re que les nouvelles. Montre garantie 1 an.<\/p>","protected":false},"excerpt":{"rendered":"<p><strong>Brand:<\/strong>\u00a0Rolex<\/p>\n<p><strong>Model:<\/strong>\u00a0Seadweller<\/p>\n<p><strong>Movement\u00a0: <\/strong>Auto cal 1570<\/p>\n<p><strong>Reference:<\/strong>\u00a01665<\/p>\n<p><strong>Diameter\u00a0: <\/strong>40mm<\/p>\n<p><strong>Year:<\/strong>\u00a01980<\/p>\n<p><strong>Serial : <\/strong>676XXX<\/p>\n<p><strong>Case:<\/strong>\u00a0Tr\u00e8s beau boitier encore tr\u00e8s \u00e9pais et avec des angles parfaitement repolie. Lunette en supe \u00e9tat avec une patine qui fait encore plus ressortir celle du cadran. Insert MK4 serif. Pas de chocs visibles importants. Le fond de boite a toutes ses gravures encore bien profondes et pr\u00e9sente.<\/p>\n<p><strong>Dial:<\/strong>\u00a0Beau cadran d\u2019origine avec une tr\u00e8s belle patine homog\u00e8ne tournant a un vrai PUMPKIN super rare. Tr\u00e8s bel ensemble g\u00e9n\u00e9ral. Beaucoup de pr\u00e9sence au poignet, elle ne passe pas inaper\u00e7u. S\u00e9rie MK4 derni\u00e8re s\u00e9rie des 1665. Cette s\u00e9rie est la derni\u00e8re ex\u00e9cution de cadran pour les Seadweller r\u00e9f 1665 juste avant l\u2019arr\u00eat de la production de cette derni\u00e8re.<\/p>\n<p><strong>Bracelet :<\/strong> Rolex acier blind\u00e9\u00a0 ref 93150 endlink 558B clasp code<\/p>\n<p><strong>Accessories: <\/strong>None<\/p>","protected":false},"featured_media":10330,"template":"","meta":[],"pwb-brand":[432],"product_brand":[],"product_cat":[107,367,90,251],"product_tag":[149,176,266,193,127,148,101],"class_list":{"0":"post-9676","1":"product","2":"type-product","3":"status-publish","4":"has-post-thumbnail","6":"pwb-brand-rolex","7":"product_cat-archives","8":"product_cat-montres-paris-heure","9":"product_cat-rolex","10":"product_cat-rolex-seadweller","11":"product_tag-149","12":"product_tag-acier","13":"product_tag-mk4","14":"product_tag-pumpkin","15":"product_tag-rolex","16":"product_tag-seadweller","17":"product_tag-vintage","19":"first","20":"outofstock","21":"shipping-taxable","22":"product-type-simple"},"yoast_head":"<!-- This site is optimized with the Yoast SEO plugin v27.5 - https:\/\/yoast.com\/product\/yoast-seo-wordpress\/ -->\n<title>ROLEX GREAT WHITE SEADWELLER REF 1665 MK4 from 1980 &#8226; PARIS HEURE<\/title>\n<meta name=\"description\" content=\"Marque:\u00a0Rolex  Mod\u00e8le:\u00a0Seadweller  Mouvement\u00a0: Auto cal 1570  R\u00e9f\u00e9rence:\u00a01665  Diam\u00e8tre\u00a0: 40mm  Ann\u00e9e:\u00a01980  Serial\u00a0: 676XXX  Boite:\u00a0Tr\u00e8s beau boitier encore tr\u00e8s \u00e9pais et avec des angles parfaitement repolie. Lunette en supe \u00e9tat avec une patine qui fait encore plus ressortir celle du cadran. Insert MK4 serif. Pas de chocs visibles importants. Le fond de boite a toutes ses gravures encore bien profondes et pr\u00e9sente.  Cadran:\u00a0Beau cadran d\u2019origine avec une tr\u00e8s belle patine homog\u00e8ne tournant a un vrai PUMPKIN super rare. Tr\u00e8s bel ensemble g\u00e9n\u00e9ral. Beaucoup de pr\u00e9sence au poignet, elle ne passe pas inaper\u00e7u. S\u00e9rie MK4 derni\u00e8re s\u00e9rie des 1665. Cette s\u00e9rie est la derni\u00e8re ex\u00e9cution de cadran pour les Seadweller r\u00e9f 1665 juste avant l\u2019arr\u00eat de la production de cette derni\u00e8re.  Bracelet\u00a0: Rolex acier blind\u00e9\u00a0 ref 93150 endlink 558B clasp code  Accessoires\u00a0: Aucuns\" \/>\n<meta name=\"robots\" content=\"index, follow, max-snippet:-1, max-image-preview:large, max-video-preview:-1\" \/>\n<link rel=\"canonical\" href=\"https:\/\/www.parisheure.com\/en\/buy-watch\/rolex-great-white-seadweller-ref-1665-mk4-from-1980\/\" \/>\n<meta property=\"og:locale\" content=\"en_US\" \/>\n<meta property=\"og:type\" content=\"article\" \/>\n<meta property=\"og:title\" content=\"ROLEX GREAT WHITE SEADWELLER REF 1665 MK4 from 1980 &#8226; PARIS HEURE\" \/>\n<meta property=\"og:description\" content=\"Marque:\u00a0Rolex  Mod\u00e8le:\u00a0Seadweller  Mouvement\u00a0: Auto cal 1570  R\u00e9f\u00e9rence:\u00a01665  Diam\u00e8tre\u00a0: 40mm  Ann\u00e9e:\u00a01980  Serial\u00a0: 676XXX  Boite:\u00a0Tr\u00e8s beau boitier encore tr\u00e8s \u00e9pais et avec des angles parfaitement repolie. Lunette en supe \u00e9tat avec une patine qui fait encore plus ressortir celle du cadran. Insert MK4 serif. Pas de chocs visibles importants. Le fond de boite a toutes ses gravures encore bien profondes et pr\u00e9sente.  Cadran:\u00a0Beau cadran d\u2019origine avec une tr\u00e8s belle patine homog\u00e8ne tournant a un vrai PUMPKIN super rare. Tr\u00e8s bel ensemble g\u00e9n\u00e9ral. Beaucoup de pr\u00e9sence au poignet, elle ne passe pas inaper\u00e7u. S\u00e9rie MK4 derni\u00e8re s\u00e9rie des 1665. Cette s\u00e9rie est la derni\u00e8re ex\u00e9cution de cadran pour les Seadweller r\u00e9f 1665 juste avant l\u2019arr\u00eat de la production de cette derni\u00e8re.  Bracelet\u00a0: Rolex acier blind\u00e9\u00a0 ref 93150 endlink 558B clasp code  Accessoires\u00a0: Aucuns\" \/>\n<meta property=\"og:url\" content=\"https:\/\/www.parisheure.com\/en\/buy-watch\/rolex-great-white-seadweller-ref-1665-mk4-from-1980\/\" \/>\n<meta property=\"og:site_name\" content=\"PARIS HEURE\" \/>\n<meta property=\"article:publisher\" content=\"https:\/\/www.facebook.com\/ParisHeure\" \/>\n<meta property=\"article:modified_time\" content=\"2024-10-23T08:38:17+00:00\" \/>\n<meta property=\"og:image\" content=\"https:\/\/www.parisheure.com\/wp-content\/uploads\/2021\/08\/ROLEX-SEADWELLER-GREAT-WHITE-REF-1675-CADRAN-MK4-N\u00b06760573-_0014_Calque-4-scaled.jpg\" \/>\n\t<meta property=\"og:image:width\" content=\"2560\" \/>\n\t<meta property=\"og:image:height\" content=\"2560\" \/>\n\t<meta property=\"og:image:type\" content=\"image\/jpeg\" \/>\n<meta name=\"twitter:card\" content=\"summary_large_image\" \/>\n<script type=\"application\/ld+json\" class=\"yoast-schema-graph\">{\"@context\":\"https:\\\/\\\/schema.org\",\"@graph\":[{\"@type\":\"WebPage\",\"@id\":\"https:\\\/\\\/www.parisheure.com\\\/acheter-montre\\\/rolex-great-white-seadweller-ref-1665-mk4-from-1980\\\/\",\"url\":\"https:\\\/\\\/www.parisheure.com\\\/acheter-montre\\\/rolex-great-white-seadweller-ref-1665-mk4-from-1980\\\/\",\"name\":\"ROLEX GREAT WHITE SEADWELLER REF 1665 MK4 from 1980 &#8226; PARIS HEURE\",\"isPartOf\":{\"@id\":\"https:\\\/\\\/www.parisheure.com\\\/#website\"},\"primaryImageOfPage\":{\"@id\":\"https:\\\/\\\/www.parisheure.com\\\/acheter-montre\\\/rolex-great-white-seadweller-ref-1665-mk4-from-1980\\\/#primaryimage\"},\"image\":{\"@id\":\"https:\\\/\\\/www.parisheure.com\\\/acheter-montre\\\/rolex-great-white-seadweller-ref-1665-mk4-from-1980\\\/#primaryimage\"},\"thumbnailUrl\":\"https:\\\/\\\/www.parisheure.com\\\/wp-content\\\/uploads\\\/2021\\\/08\\\/ROLEX-SEADWELLER-GREAT-WHITE-REF-1675-CADRAN-MK4-N\u00b06760573-_0014_Calque-4-scaled.jpg\",\"datePublished\":\"2021-08-04T10:25:52+00:00\",\"dateModified\":\"2024-10-23T08:38:17+00:00\",\"description\":\"Marque:\u00a0Rolex Mod\u00e8le:\u00a0Seadweller Mouvement\u00a0: Auto cal 1570 R\u00e9f\u00e9rence:\u00a01665 Diam\u00e8tre\u00a0: 40mm Ann\u00e9e:\u00a01980 Serial\u00a0: 676XXX Boite:\u00a0Tr\u00e8s beau boitier encore tr\u00e8s \u00e9pais et avec des angles parfaitement repolie. Lunette en supe \u00e9tat avec une patine qui fait encore plus ressortir celle du cadran. Insert MK4 serif. Pas de chocs visibles importants. Le fond de boite a toutes ses gravures encore bien profondes et pr\u00e9sente. Cadran:\u00a0Beau cadran d\u2019origine avec une tr\u00e8s belle patine homog\u00e8ne tournant a un vrai PUMPKIN super rare. Tr\u00e8s bel ensemble g\u00e9n\u00e9ral. Beaucoup de pr\u00e9sence au poignet, elle ne passe pas inaper\u00e7u. S\u00e9rie MK4 derni\u00e8re s\u00e9rie des 1665. Cette s\u00e9rie est la derni\u00e8re ex\u00e9cution de cadran pour les Seadweller r\u00e9f 1665 juste avant l\u2019arr\u00eat de la production de cette derni\u00e8re. Bracelet\u00a0: Rolex acier blind\u00e9\u00a0 ref 93150 endlink 558B clasp code Accessoires\u00a0: Aucuns\",\"breadcrumb\":{\"@id\":\"https:\\\/\\\/www.parisheure.com\\\/acheter-montre\\\/rolex-great-white-seadweller-ref-1665-mk4-from-1980\\\/#breadcrumb\"},\"inLanguage\":\"en-US\",\"potentialAction\":[{\"@type\":\"ReadAction\",\"target\":[\"https:\\\/\\\/www.parisheure.com\\\/acheter-montre\\\/rolex-great-white-seadweller-ref-1665-mk4-from-1980\\\/\"]}]},{\"@type\":\"ImageObject\",\"inLanguage\":\"en-US\",\"@id\":\"https:\\\/\\\/www.parisheure.com\\\/acheter-montre\\\/rolex-great-white-seadweller-ref-1665-mk4-from-1980\\\/#primaryimage\",\"url\":\"https:\\\/\\\/www.parisheure.com\\\/wp-content\\\/uploads\\\/2021\\\/08\\\/ROLEX-SEADWELLER-GREAT-WHITE-REF-1675-CADRAN-MK4-N\u00b06760573-_0014_Calque-4-scaled.jpg\",\"contentUrl\":\"https:\\\/\\\/www.parisheure.com\\\/wp-content\\\/uploads\\\/2021\\\/08\\\/ROLEX-SEADWELLER-GREAT-WHITE-REF-1675-CADRAN-MK4-N\u00b06760573-_0014_Calque-4-scaled.jpg\",\"width\":2560,\"height\":2560},{\"@type\":\"BreadcrumbList\",\"@id\":\"https:\\\/\\\/www.parisheure.com\\\/acheter-montre\\\/rolex-great-white-seadweller-ref-1665-mk4-from-1980\\\/#breadcrumb\",\"itemListElement\":[{\"@type\":\"ListItem\",\"position\":1,\"name\":\"Accueil\",\"item\":\"https:\\\/\\\/www.parisheure.com\\\/\"},{\"@type\":\"ListItem\",\"position\":2,\"name\":\"WATCHES\",\"item\":\"https:\\\/\\\/www.parisheure.com\\\/\"},{\"@type\":\"ListItem\",\"position\":3,\"name\":\"ROLEX GREAT WHITE SEADWELLER REF 1665 MK4 from 1980\"}]},{\"@type\":\"WebSite\",\"@id\":\"https:\\\/\\\/www.parisheure.com\\\/#website\",\"url\":\"https:\\\/\\\/www.parisheure.com\\\/\",\"name\":\"PARIS HEURE\",\"description\":\"Vintage watches Paris\",\"publisher\":{\"@id\":\"https:\\\/\\\/www.parisheure.com\\\/#organization\"},\"potentialAction\":[{\"@type\":\"SearchAction\",\"target\":{\"@type\":\"EntryPoint\",\"urlTemplate\":\"https:\\\/\\\/www.parisheure.com\\\/?s={search_term_string}\"},\"query-input\":{\"@type\":\"PropertyValueSpecification\",\"valueRequired\":true,\"valueName\":\"search_term_string\"}}],\"inLanguage\":\"en-US\"},{\"@type\":\"Organization\",\"@id\":\"https:\\\/\\\/www.parisheure.com\\\/#organization\",\"name\":\"PARIS HEURE\",\"url\":\"https:\\\/\\\/www.parisheure.com\\\/\",\"logo\":{\"@type\":\"ImageObject\",\"inLanguage\":\"en-US\",\"@id\":\"https:\\\/\\\/www.parisheure.com\\\/#\\\/schema\\\/logo\\\/image\\\/\",\"url\":\"https:\\\/\\\/www.parisheure.com\\\/wp-content\\\/uploads\\\/2021\\\/07\\\/cropped-logo-paris-heure.png\",\"contentUrl\":\"https:\\\/\\\/www.parisheure.com\\\/wp-content\\\/uploads\\\/2021\\\/07\\\/cropped-logo-paris-heure.png\",\"width\":512,\"height\":512,\"caption\":\"PARIS HEURE\"},\"image\":{\"@id\":\"https:\\\/\\\/www.parisheure.com\\\/#\\\/schema\\\/logo\\\/image\\\/\"},\"sameAs\":[\"https:\\\/\\\/www.facebook.com\\\/ParisHeure\",\"https:\\\/\\\/www.instagram.com\\\/parisheure\\\/\"]}]}<\/script>\n<!-- \/ Yoast SEO plugin. -->","yoast_head_json":{"title":"ROLEX GREAT WHITE SEADWELLER REF 1665 MK4 from 1980 \u2022 PARIS HEURE","description":"Marque:\u00a0Rolex  Mod\u00e8le:\u00a0Seadweller  Mouvement\u00a0: Auto cal 1570  R\u00e9f\u00e9rence:\u00a01665  Diam\u00e8tre\u00a0: 40mm  Ann\u00e9e:\u00a01980  Serial\u00a0: 676XXX  Boite:\u00a0Tr\u00e8s beau boitier encore tr\u00e8s \u00e9pais et avec des angles parfaitement repolie. Lunette en supe \u00e9tat avec une patine qui fait encore plus ressortir celle du cadran. Insert MK4 serif. Pas de chocs visibles importants. Le fond de boite a toutes ses gravures encore bien profondes et pr\u00e9sente.  Cadran:\u00a0Beau cadran d\u2019origine avec une tr\u00e8s belle patine homog\u00e8ne tournant a un vrai PUMPKIN super rare. Tr\u00e8s bel ensemble g\u00e9n\u00e9ral. Beaucoup de pr\u00e9sence au poignet, elle ne passe pas inaper\u00e7u. S\u00e9rie MK4 derni\u00e8re s\u00e9rie des 1665. Cette s\u00e9rie est la derni\u00e8re ex\u00e9cution de cadran pour les Seadweller r\u00e9f 1665 juste avant l\u2019arr\u00eat de la production de cette derni\u00e8re.  Bracelet\u00a0: Rolex acier blind\u00e9\u00a0 ref 93150 endlink 558B clasp code  Accessoires\u00a0: Aucuns","robots":{"index":"index","follow":"follow","max-snippet":"max-snippet:-1","max-image-preview":"max-image-preview:large","max-video-preview":"max-video-preview:-1"},"canonical":"https:\/\/www.parisheure.com\/en\/buy-watch\/rolex-great-white-seadweller-ref-1665-mk4-from-1980\/","og_locale":"en_US","og_type":"article","og_title":"ROLEX GREAT WHITE SEADWELLER REF 1665 MK4 from 1980 &#8226; PARIS HEURE","og_description":"Marque:\u00a0Rolex  Mod\u00e8le:\u00a0Seadweller  Mouvement\u00a0: Auto cal 1570  R\u00e9f\u00e9rence:\u00a01665  Diam\u00e8tre\u00a0: 40mm  Ann\u00e9e:\u00a01980  Serial\u00a0: 676XXX  Boite:\u00a0Tr\u00e8s beau boitier encore tr\u00e8s \u00e9pais et avec des angles parfaitement repolie. Lunette en supe \u00e9tat avec une patine qui fait encore plus ressortir celle du cadran. Insert MK4 serif. Pas de chocs visibles importants. Le fond de boite a toutes ses gravures encore bien profondes et pr\u00e9sente.  Cadran:\u00a0Beau cadran d\u2019origine avec une tr\u00e8s belle patine homog\u00e8ne tournant a un vrai PUMPKIN super rare. Tr\u00e8s bel ensemble g\u00e9n\u00e9ral. Beaucoup de pr\u00e9sence au poignet, elle ne passe pas inaper\u00e7u. S\u00e9rie MK4 derni\u00e8re s\u00e9rie des 1665. Cette s\u00e9rie est la derni\u00e8re ex\u00e9cution de cadran pour les Seadweller r\u00e9f 1665 juste avant l\u2019arr\u00eat de la production de cette derni\u00e8re.  Bracelet\u00a0: Rolex acier blind\u00e9\u00a0 ref 93150 endlink 558B clasp code  Accessoires\u00a0: Aucuns","og_url":"https:\/\/www.parisheure.com\/en\/buy-watch\/rolex-great-white-seadweller-ref-1665-mk4-from-1980\/","og_site_name":"PARIS HEURE","article_publisher":"https:\/\/www.facebook.com\/ParisHeure","article_modified_time":"2024-10-23T08:38:17+00:00","og_image":[{"width":2560,"height":2560,"url":"https:\/\/www.parisheure.com\/wp-content\/uploads\/2021\/08\/ROLEX-SEADWELLER-GREAT-WHITE-REF-1675-CADRAN-MK4-N\u00b06760573-_0014_Calque-4-scaled.jpg","type":"image\/jpeg"}],"twitter_card":"summary_large_image","schema":{"@context":"https:\/\/schema.org","@graph":[{"@type":"WebPage","@id":"https:\/\/www.parisheure.com\/acheter-montre\/rolex-great-white-seadweller-ref-1665-mk4-from-1980\/","url":"https:\/\/www.parisheure.com\/acheter-montre\/rolex-great-white-seadweller-ref-1665-mk4-from-1980\/","name":"ROLEX GREAT WHITE SEADWELLER REF 1665 MK4 from 1980 \u2022 PARIS HEURE","isPartOf":{"@id":"https:\/\/www.parisheure.com\/#website"},"primaryImageOfPage":{"@id":"https:\/\/www.parisheure.com\/acheter-montre\/rolex-great-white-seadweller-ref-1665-mk4-from-1980\/#primaryimage"},"image":{"@id":"https:\/\/www.parisheure.com\/acheter-montre\/rolex-great-white-seadweller-ref-1665-mk4-from-1980\/#primaryimage"},"thumbnailUrl":"https:\/\/www.parisheure.com\/wp-content\/uploads\/2021\/08\/ROLEX-SEADWELLER-GREAT-WHITE-REF-1675-CADRAN-MK4-N\u00b06760573-_0014_Calque-4-scaled.jpg","datePublished":"2021-08-04T10:25:52+00:00","dateModified":"2024-10-23T08:38:17+00:00","description":"Marque:\u00a0Rolex Mod\u00e8le:\u00a0Seadweller Mouvement\u00a0: Auto cal 1570 R\u00e9f\u00e9rence:\u00a01665 Diam\u00e8tre\u00a0: 40mm Ann\u00e9e:\u00a01980 Serial\u00a0: 676XXX Boite:\u00a0Tr\u00e8s beau boitier encore tr\u00e8s \u00e9pais et avec des angles parfaitement repolie. Lunette en supe \u00e9tat avec une patine qui fait encore plus ressortir celle du cadran. Insert MK4 serif. Pas de chocs visibles importants. Le fond de boite a toutes ses gravures encore bien profondes et pr\u00e9sente. Cadran:\u00a0Beau cadran d\u2019origine avec une tr\u00e8s belle patine homog\u00e8ne tournant a un vrai PUMPKIN super rare. Tr\u00e8s bel ensemble g\u00e9n\u00e9ral. Beaucoup de pr\u00e9sence au poignet, elle ne passe pas inaper\u00e7u. S\u00e9rie MK4 derni\u00e8re s\u00e9rie des 1665. Cette s\u00e9rie est la derni\u00e8re ex\u00e9cution de cadran pour les Seadweller r\u00e9f 1665 juste avant l\u2019arr\u00eat de la production de cette derni\u00e8re. Bracelet\u00a0: Rolex acier blind\u00e9\u00a0 ref 93150 endlink 558B clasp code Accessoires\u00a0: Aucuns","breadcrumb":{"@id":"https:\/\/www.parisheure.com\/acheter-montre\/rolex-great-white-seadweller-ref-1665-mk4-from-1980\/#breadcrumb"},"inLanguage":"en-US","potentialAction":[{"@type":"ReadAction","target":["https:\/\/www.parisheure.com\/acheter-montre\/rolex-great-white-seadweller-ref-1665-mk4-from-1980\/"]}]},{"@type":"ImageObject","inLanguage":"en-US","@id":"https:\/\/www.parisheure.com\/acheter-montre\/rolex-great-white-seadweller-ref-1665-mk4-from-1980\/#primaryimage","url":"https:\/\/www.parisheure.com\/wp-content\/uploads\/2021\/08\/ROLEX-SEADWELLER-GREAT-WHITE-REF-1675-CADRAN-MK4-N\u00b06760573-_0014_Calque-4-scaled.jpg","contentUrl":"https:\/\/www.parisheure.com\/wp-content\/uploads\/2021\/08\/ROLEX-SEADWELLER-GREAT-WHITE-REF-1675-CADRAN-MK4-N\u00b06760573-_0014_Calque-4-scaled.jpg","width":2560,"height":2560},{"@type":"BreadcrumbList","@id":"https:\/\/www.parisheure.com\/acheter-montre\/rolex-great-white-seadweller-ref-1665-mk4-from-1980\/#breadcrumb","itemListElement":[{"@type":"ListItem","position":1,"name":"Accueil","item":"https:\/\/www.parisheure.com\/"},{"@type":"ListItem","position":2,"name":"WATCHES","item":"https:\/\/www.parisheure.com\/"},{"@type":"ListItem","position":3,"name":"ROLEX GREAT WHITE SEADWELLER REF 1665 MK4 from 1980"}]},{"@type":"WebSite","@id":"https:\/\/www.parisheure.com\/#website","url":"https:\/\/www.parisheure.com\/","name":"PARIS HEURE","description":"Vintage watches Paris","publisher":{"@id":"https:\/\/www.parisheure.com\/#organization"},"potentialAction":[{"@type":"SearchAction","target":{"@type":"EntryPoint","urlTemplate":"https:\/\/www.parisheure.com\/?s={search_term_string}"},"query-input":{"@type":"PropertyValueSpecification","valueRequired":true,"valueName":"search_term_string"}}],"inLanguage":"en-US"},{"@type":"Organization","@id":"https:\/\/www.parisheure.com\/#organization","name":"PARIS HEURE","url":"https:\/\/www.parisheure.com\/","logo":{"@type":"ImageObject","inLanguage":"en-US","@id":"https:\/\/www.parisheure.com\/#\/schema\/logo\/image\/","url":"https:\/\/www.parisheure.com\/wp-content\/uploads\/2021\/07\/cropped-logo-paris-heure.png","contentUrl":"https:\/\/www.parisheure.com\/wp-content\/uploads\/2021\/07\/cropped-logo-paris-heure.png","width":512,"height":512,"caption":"PARIS HEURE"},"image":{"@id":"https:\/\/www.parisheure.com\/#\/schema\/logo\/image\/"},"sameAs":["https:\/\/www.facebook.com\/ParisHeure","https:\/\/www.instagram.com\/parisheure\/"]}]}},"jetpack_sharing_enabled":true,"brands":[{"id":432,"name":"Rolex","slug":"rolex"}],"_links":{"self":[{"href":"https:\/\/www.parisheure.com\/en\/wp-json\/wp\/v2\/product\/9676","targetHints":{"allow":["GET"]}}],"collection":[{"href":"https:\/\/www.parisheure.com\/en\/wp-json\/wp\/v2\/product"}],"about":[{"href":"https:\/\/www.parisheure.com\/en\/wp-json\/wp\/v2\/types\/product"}],"version-history":[{"count":1,"href":"https:\/\/www.parisheure.com\/en\/wp-json\/wp\/v2\/product\/9676\/revisions"}],"predecessor-version":[{"id":14199,"href":"https:\/\/www.parisheure.com\/en\/wp-json\/wp\/v2\/product\/9676\/revisions\/14199"}],"wp:featuredmedia":[{"embeddable":true,"href":"https:\/\/www.parisheure.com\/en\/wp-json\/wp\/v2\/media\/10330"}],"wp:attachment":[{"href":"https:\/\/www.parisheure.com\/en\/wp-json\/wp\/v2\/media?parent=9676"}],"wp:term":[{"taxonomy":"pwb-brand","embeddable":true,"href":"https:\/\/www.parisheure.com\/en\/wp-json\/wp\/v2\/pwb-brand?post=9676"},{"taxonomy":"product_brand","embeddable":true,"href":"https:\/\/www.parisheure.com\/en\/wp-json\/wp\/v2\/product_brand?post=9676"},{"taxonomy":"product_cat","embeddable":true,"href":"https:\/\/www.parisheure.com\/en\/wp-json\/wp\/v2\/product_cat?post=9676"},{"taxonomy":"product_tag","embeddable":true,"href":"https:\/\/www.parisheure.com\/en\/wp-json\/wp\/v2\/product_tag?post=9676"}],"curies":[{"name":"wp","href":"https:\/\/api.w.org\/{rel}","templated":true}]}}