{"id":9892,"date":"2021-08-04T12:26:18","date_gmt":"2021-08-04T10:26:18","guid":{"rendered":"https:\/\/www.parisheure.com\/?post_type=product&#038;p=9892"},"modified":"2024-10-23T10:32:21","modified_gmt":"2024-10-23T08:32:21","slug":"rolex-explorer-i-ref-1016-mat-frog-from-1968","status":"publish","type":"product","link":"https:\/\/www.parisheure.com\/en\/buy-watch\/rolex-explorer-i-ref-1016-mat-frog-from-1968\/","title":{"rendered":"ROLEX EXPLORER I REF 1016 MAT FROG from 1968"},"content":{"rendered":"<p>Notre avis: L\u2019explorer ref 1016 est apparue dans les ann\u00e9es 60, diff\u00e9rentes versions ont \u00e9t\u00e9 produites, mat, laqu\u00e9, cadran blanc\u2026 Une vraie r\u00e9f\u00e9rence collector si difficile \u00e0 trouver aujourd\u2019hui. Celle-ci a une belle patine. Le boitier est en bon \u00e9tat, son cadran n\u2019a aucun d\u00e9faut et une belle patine bien ! La montre est dans son \u00e9tat d\u2019origine avec son bracelet pli\u00e9 et fait partie des toutes premi\u00e8res s\u00e9ries produites en 1969 tr\u00e8s recherch\u00e9e !!!! Si rare \u00e0 trouver aujourd\u2019hui qu\u2019elles valent maintenant aussi ch\u00e8re que les Submariner !<\/p>","protected":false},"excerpt":{"rendered":"<p>Marque: Rolex<\/p>\n<p>Mod\u00e8le: Explorer I<\/p>\n<p>Mouvement : Auto cal 1570<\/p>\n<p>R\u00e9f\u00e9rence: 1016<\/p>\n<p>Diam\u00e8tre : 36mm<\/p>\n<p>Ann\u00e9e: 1968<\/p>\n<p>Serial : 173XXXX<\/p>\n<p>Boite: Tr\u00e8s beau boitier quasiment pas polie tr\u00e8s \u00e9pais et avec des angles parfait et encore tr\u00e8s \u00e9pais. Lunette en tr\u00e8s bon \u00e9tat. Pas de chocs visible importants.<\/p>\n<p>Cadran: Beau cadran frog coronet les premi\u00e8res s\u00e9ries de cadran mat apr\u00e8s les gilt. Pas de d\u00e9fauts et tr\u00e8s belle patine vanille citron homog\u00e8ne des indexes 3-6-9. Les aiguilles matchent bien la patine d\u2019origine. Tr\u00e8s bel ensemble g\u00e9n\u00e9ral.<\/p>\n<p>Accessoires : Aucuns<\/p>","protected":false},"featured_media":10093,"template":"","meta":[],"pwb-brand":[432],"product_brand":[],"product_cat":[107,367,90,245],"product_tag":[183,274,176,273,153,127,101],"class_list":{"0":"post-9892","1":"product","2":"type-product","3":"status-publish","4":"has-post-thumbnail","6":"pwb-brand-rolex","7":"product_cat-archives","8":"product_cat-montres-paris-heure","9":"product_cat-rolex","10":"product_cat-rolex-explorer","11":"product_tag-183","12":"product_tag-274","13":"product_tag-acier","14":"product_tag-explorer-1","15":"product_tag-mat-dial","16":"product_tag-rolex","17":"product_tag-vintage","19":"first","20":"outofstock","21":"shipping-taxable","22":"product-type-simple"},"yoast_head":"<!-- This site is optimized with the Yoast SEO plugin v27.4 - https:\/\/yoast.com\/product\/yoast-seo-wordpress\/ -->\n<title>ROLEX EXPLORER I REF 1016 MAT FROG from 1968 &#8226; PARIS HEURE<\/title>\n<meta name=\"description\" content=\"Marque: Rolex  Mod\u00e8le: Explorer I  Mouvement : Auto cal 1570  R\u00e9f\u00e9rence: 1016  Diam\u00e8tre : 36mm  Ann\u00e9e: 1968  Serial : 173XXXX  Boite: Tr\u00e8s beau boitier quasiment pas polie tr\u00e8s \u00e9pais et avec des angles parfait et encore tr\u00e8s \u00e9pais. Lunette en tr\u00e8s bon \u00e9tat. Pas de chocs visible importants.  Cadran: Beau cadran frog coronet les premi\u00e8res s\u00e9ries de cadran mat apr\u00e8s les gilt. Pas de d\u00e9fauts et tr\u00e8s belle patine vanille citron homog\u00e8ne des indexes 3-6-9. Les aiguilles matchent bien la patine d\u2019origine. Tr\u00e8s bel ensemble g\u00e9n\u00e9ral.  Accessoires : Aucuns\" \/>\n<meta name=\"robots\" content=\"index, follow, max-snippet:-1, max-image-preview:large, max-video-preview:-1\" \/>\n<link rel=\"canonical\" href=\"https:\/\/www.parisheure.com\/en\/buy-watch\/rolex-explorer-i-ref-1016-mat-frog-from-1968\/\" \/>\n<meta property=\"og:locale\" content=\"en_US\" \/>\n<meta property=\"og:type\" content=\"article\" \/>\n<meta property=\"og:title\" content=\"ROLEX EXPLORER I REF 1016 MAT FROG from 1968 &#8226; PARIS HEURE\" \/>\n<meta property=\"og:description\" content=\"Marque: Rolex  Mod\u00e8le: Explorer I  Mouvement : Auto cal 1570  R\u00e9f\u00e9rence: 1016  Diam\u00e8tre : 36mm  Ann\u00e9e: 1968  Serial : 173XXXX  Boite: Tr\u00e8s beau boitier quasiment pas polie tr\u00e8s \u00e9pais et avec des angles parfait et encore tr\u00e8s \u00e9pais. Lunette en tr\u00e8s bon \u00e9tat. Pas de chocs visible importants.  Cadran: Beau cadran frog coronet les premi\u00e8res s\u00e9ries de cadran mat apr\u00e8s les gilt. Pas de d\u00e9fauts et tr\u00e8s belle patine vanille citron homog\u00e8ne des indexes 3-6-9. Les aiguilles matchent bien la patine d\u2019origine. Tr\u00e8s bel ensemble g\u00e9n\u00e9ral.  Accessoires : Aucuns\" \/>\n<meta property=\"og:url\" content=\"https:\/\/www.parisheure.com\/en\/buy-watch\/rolex-explorer-i-ref-1016-mat-frog-from-1968\/\" \/>\n<meta property=\"og:site_name\" content=\"PARIS HEURE\" \/>\n<meta property=\"article:publisher\" content=\"https:\/\/www.facebook.com\/ParisHeure\" \/>\n<meta property=\"article:modified_time\" content=\"2024-10-23T08:32:21+00:00\" \/>\n<meta property=\"og:image\" content=\"https:\/\/www.parisheure.com\/wp-content\/uploads\/2021\/11\/EXPLORER-I-REF-1016-MAT-FROG-FROM-1968-N\u00b0173XXXX_0017_Calque-2-scaled.jpg\" \/>\n\t<meta property=\"og:image:width\" content=\"2560\" \/>\n\t<meta property=\"og:image:height\" content=\"2560\" \/>\n\t<meta property=\"og:image:type\" content=\"image\/jpeg\" \/>\n<meta name=\"twitter:card\" content=\"summary_large_image\" \/>\n<script type=\"application\/ld+json\" class=\"yoast-schema-graph\">{\"@context\":\"https:\\\/\\\/schema.org\",\"@graph\":[{\"@type\":\"WebPage\",\"@id\":\"https:\\\/\\\/www.parisheure.com\\\/acheter-montre\\\/rolex-explorer-i-ref-1016-mat-frog-from-1968\\\/\",\"url\":\"https:\\\/\\\/www.parisheure.com\\\/acheter-montre\\\/rolex-explorer-i-ref-1016-mat-frog-from-1968\\\/\",\"name\":\"ROLEX EXPLORER I REF 1016 MAT FROG from 1968 &#8226; PARIS HEURE\",\"isPartOf\":{\"@id\":\"https:\\\/\\\/www.parisheure.com\\\/#website\"},\"primaryImageOfPage\":{\"@id\":\"https:\\\/\\\/www.parisheure.com\\\/acheter-montre\\\/rolex-explorer-i-ref-1016-mat-frog-from-1968\\\/#primaryimage\"},\"image\":{\"@id\":\"https:\\\/\\\/www.parisheure.com\\\/acheter-montre\\\/rolex-explorer-i-ref-1016-mat-frog-from-1968\\\/#primaryimage\"},\"thumbnailUrl\":\"https:\\\/\\\/www.parisheure.com\\\/wp-content\\\/uploads\\\/2021\\\/11\\\/EXPLORER-I-REF-1016-MAT-FROG-FROM-1968-N\u00b0173XXXX_0017_Calque-2-scaled.jpg\",\"datePublished\":\"2021-08-04T10:26:18+00:00\",\"dateModified\":\"2024-10-23T08:32:21+00:00\",\"description\":\"Marque: Rolex Mod\u00e8le: Explorer I Mouvement : Auto cal 1570 R\u00e9f\u00e9rence: 1016 Diam\u00e8tre : 36mm Ann\u00e9e: 1968 Serial : 173XXXX Boite: Tr\u00e8s beau boitier quasiment pas polie tr\u00e8s \u00e9pais et avec des angles parfait et encore tr\u00e8s \u00e9pais. Lunette en tr\u00e8s bon \u00e9tat. Pas de chocs visible importants. Cadran: Beau cadran frog coronet les premi\u00e8res s\u00e9ries de cadran mat apr\u00e8s les gilt. Pas de d\u00e9fauts et tr\u00e8s belle patine vanille citron homog\u00e8ne des indexes 3-6-9. Les aiguilles matchent bien la patine d\u2019origine. Tr\u00e8s bel ensemble g\u00e9n\u00e9ral. Accessoires : Aucuns\",\"breadcrumb\":{\"@id\":\"https:\\\/\\\/www.parisheure.com\\\/acheter-montre\\\/rolex-explorer-i-ref-1016-mat-frog-from-1968\\\/#breadcrumb\"},\"inLanguage\":\"en-US\",\"potentialAction\":[{\"@type\":\"ReadAction\",\"target\":[\"https:\\\/\\\/www.parisheure.com\\\/acheter-montre\\\/rolex-explorer-i-ref-1016-mat-frog-from-1968\\\/\"]}]},{\"@type\":\"ImageObject\",\"inLanguage\":\"en-US\",\"@id\":\"https:\\\/\\\/www.parisheure.com\\\/acheter-montre\\\/rolex-explorer-i-ref-1016-mat-frog-from-1968\\\/#primaryimage\",\"url\":\"https:\\\/\\\/www.parisheure.com\\\/wp-content\\\/uploads\\\/2021\\\/11\\\/EXPLORER-I-REF-1016-MAT-FROG-FROM-1968-N\u00b0173XXXX_0017_Calque-2-scaled.jpg\",\"contentUrl\":\"https:\\\/\\\/www.parisheure.com\\\/wp-content\\\/uploads\\\/2021\\\/11\\\/EXPLORER-I-REF-1016-MAT-FROG-FROM-1968-N\u00b0173XXXX_0017_Calque-2-scaled.jpg\",\"width\":2560,\"height\":2560},{\"@type\":\"BreadcrumbList\",\"@id\":\"https:\\\/\\\/www.parisheure.com\\\/acheter-montre\\\/rolex-explorer-i-ref-1016-mat-frog-from-1968\\\/#breadcrumb\",\"itemListElement\":[{\"@type\":\"ListItem\",\"position\":1,\"name\":\"Accueil\",\"item\":\"https:\\\/\\\/www.parisheure.com\\\/\"},{\"@type\":\"ListItem\",\"position\":2,\"name\":\"WATCHES\",\"item\":\"https:\\\/\\\/www.parisheure.com\\\/\"},{\"@type\":\"ListItem\",\"position\":3,\"name\":\"ROLEX EXPLORER I REF 1016 MAT FROG from 1968\"}]},{\"@type\":\"WebSite\",\"@id\":\"https:\\\/\\\/www.parisheure.com\\\/#website\",\"url\":\"https:\\\/\\\/www.parisheure.com\\\/\",\"name\":\"PARIS HEURE\",\"description\":\"Vintage watches Paris\",\"publisher\":{\"@id\":\"https:\\\/\\\/www.parisheure.com\\\/#organization\"},\"potentialAction\":[{\"@type\":\"SearchAction\",\"target\":{\"@type\":\"EntryPoint\",\"urlTemplate\":\"https:\\\/\\\/www.parisheure.com\\\/?s={search_term_string}\"},\"query-input\":{\"@type\":\"PropertyValueSpecification\",\"valueRequired\":true,\"valueName\":\"search_term_string\"}}],\"inLanguage\":\"en-US\"},{\"@type\":\"Organization\",\"@id\":\"https:\\\/\\\/www.parisheure.com\\\/#organization\",\"name\":\"PARIS HEURE\",\"url\":\"https:\\\/\\\/www.parisheure.com\\\/\",\"logo\":{\"@type\":\"ImageObject\",\"inLanguage\":\"en-US\",\"@id\":\"https:\\\/\\\/www.parisheure.com\\\/#\\\/schema\\\/logo\\\/image\\\/\",\"url\":\"https:\\\/\\\/www.parisheure.com\\\/wp-content\\\/uploads\\\/2021\\\/07\\\/cropped-logo-paris-heure.png\",\"contentUrl\":\"https:\\\/\\\/www.parisheure.com\\\/wp-content\\\/uploads\\\/2021\\\/07\\\/cropped-logo-paris-heure.png\",\"width\":512,\"height\":512,\"caption\":\"PARIS HEURE\"},\"image\":{\"@id\":\"https:\\\/\\\/www.parisheure.com\\\/#\\\/schema\\\/logo\\\/image\\\/\"},\"sameAs\":[\"https:\\\/\\\/www.facebook.com\\\/ParisHeure\",\"https:\\\/\\\/www.instagram.com\\\/parisheure\\\/\"]}]}<\/script>\n<!-- \/ Yoast SEO plugin. -->","yoast_head_json":{"title":"ROLEX EXPLORER I REF 1016 MAT FROG from 1968 \u2022 PARIS HEURE","description":"Marque: Rolex  Mod\u00e8le: Explorer I  Mouvement : Auto cal 1570  R\u00e9f\u00e9rence: 1016  Diam\u00e8tre : 36mm  Ann\u00e9e: 1968  Serial : 173XXXX  Boite: Tr\u00e8s beau boitier quasiment pas polie tr\u00e8s \u00e9pais et avec des angles parfait et encore tr\u00e8s \u00e9pais. Lunette en tr\u00e8s bon \u00e9tat. Pas de chocs visible importants.  Cadran: Beau cadran frog coronet les premi\u00e8res s\u00e9ries de cadran mat apr\u00e8s les gilt. Pas de d\u00e9fauts et tr\u00e8s belle patine vanille citron homog\u00e8ne des indexes 3-6-9. Les aiguilles matchent bien la patine d\u2019origine. Tr\u00e8s bel ensemble g\u00e9n\u00e9ral.  Accessoires : Aucuns","robots":{"index":"index","follow":"follow","max-snippet":"max-snippet:-1","max-image-preview":"max-image-preview:large","max-video-preview":"max-video-preview:-1"},"canonical":"https:\/\/www.parisheure.com\/en\/buy-watch\/rolex-explorer-i-ref-1016-mat-frog-from-1968\/","og_locale":"en_US","og_type":"article","og_title":"ROLEX EXPLORER I REF 1016 MAT FROG from 1968 &#8226; PARIS HEURE","og_description":"Marque: Rolex  Mod\u00e8le: Explorer I  Mouvement : Auto cal 1570  R\u00e9f\u00e9rence: 1016  Diam\u00e8tre : 36mm  Ann\u00e9e: 1968  Serial : 173XXXX  Boite: Tr\u00e8s beau boitier quasiment pas polie tr\u00e8s \u00e9pais et avec des angles parfait et encore tr\u00e8s \u00e9pais. Lunette en tr\u00e8s bon \u00e9tat. Pas de chocs visible importants.  Cadran: Beau cadran frog coronet les premi\u00e8res s\u00e9ries de cadran mat apr\u00e8s les gilt. Pas de d\u00e9fauts et tr\u00e8s belle patine vanille citron homog\u00e8ne des indexes 3-6-9. Les aiguilles matchent bien la patine d\u2019origine. Tr\u00e8s bel ensemble g\u00e9n\u00e9ral.  Accessoires : Aucuns","og_url":"https:\/\/www.parisheure.com\/en\/buy-watch\/rolex-explorer-i-ref-1016-mat-frog-from-1968\/","og_site_name":"PARIS HEURE","article_publisher":"https:\/\/www.facebook.com\/ParisHeure","article_modified_time":"2024-10-23T08:32:21+00:00","og_image":[{"width":2560,"height":2560,"url":"https:\/\/www.parisheure.com\/wp-content\/uploads\/2021\/11\/EXPLORER-I-REF-1016-MAT-FROG-FROM-1968-N\u00b0173XXXX_0017_Calque-2-scaled.jpg","type":"image\/jpeg"}],"twitter_card":"summary_large_image","schema":{"@context":"https:\/\/schema.org","@graph":[{"@type":"WebPage","@id":"https:\/\/www.parisheure.com\/acheter-montre\/rolex-explorer-i-ref-1016-mat-frog-from-1968\/","url":"https:\/\/www.parisheure.com\/acheter-montre\/rolex-explorer-i-ref-1016-mat-frog-from-1968\/","name":"ROLEX EXPLORER I REF 1016 MAT FROG from 1968 \u2022 PARIS HEURE","isPartOf":{"@id":"https:\/\/www.parisheure.com\/#website"},"primaryImageOfPage":{"@id":"https:\/\/www.parisheure.com\/acheter-montre\/rolex-explorer-i-ref-1016-mat-frog-from-1968\/#primaryimage"},"image":{"@id":"https:\/\/www.parisheure.com\/acheter-montre\/rolex-explorer-i-ref-1016-mat-frog-from-1968\/#primaryimage"},"thumbnailUrl":"https:\/\/www.parisheure.com\/wp-content\/uploads\/2021\/11\/EXPLORER-I-REF-1016-MAT-FROG-FROM-1968-N\u00b0173XXXX_0017_Calque-2-scaled.jpg","datePublished":"2021-08-04T10:26:18+00:00","dateModified":"2024-10-23T08:32:21+00:00","description":"Marque: Rolex Mod\u00e8le: Explorer I Mouvement : Auto cal 1570 R\u00e9f\u00e9rence: 1016 Diam\u00e8tre : 36mm Ann\u00e9e: 1968 Serial : 173XXXX Boite: Tr\u00e8s beau boitier quasiment pas polie tr\u00e8s \u00e9pais et avec des angles parfait et encore tr\u00e8s \u00e9pais. Lunette en tr\u00e8s bon \u00e9tat. Pas de chocs visible importants. Cadran: Beau cadran frog coronet les premi\u00e8res s\u00e9ries de cadran mat apr\u00e8s les gilt. Pas de d\u00e9fauts et tr\u00e8s belle patine vanille citron homog\u00e8ne des indexes 3-6-9. Les aiguilles matchent bien la patine d\u2019origine. Tr\u00e8s bel ensemble g\u00e9n\u00e9ral. Accessoires : Aucuns","breadcrumb":{"@id":"https:\/\/www.parisheure.com\/acheter-montre\/rolex-explorer-i-ref-1016-mat-frog-from-1968\/#breadcrumb"},"inLanguage":"en-US","potentialAction":[{"@type":"ReadAction","target":["https:\/\/www.parisheure.com\/acheter-montre\/rolex-explorer-i-ref-1016-mat-frog-from-1968\/"]}]},{"@type":"ImageObject","inLanguage":"en-US","@id":"https:\/\/www.parisheure.com\/acheter-montre\/rolex-explorer-i-ref-1016-mat-frog-from-1968\/#primaryimage","url":"https:\/\/www.parisheure.com\/wp-content\/uploads\/2021\/11\/EXPLORER-I-REF-1016-MAT-FROG-FROM-1968-N\u00b0173XXXX_0017_Calque-2-scaled.jpg","contentUrl":"https:\/\/www.parisheure.com\/wp-content\/uploads\/2021\/11\/EXPLORER-I-REF-1016-MAT-FROG-FROM-1968-N\u00b0173XXXX_0017_Calque-2-scaled.jpg","width":2560,"height":2560},{"@type":"BreadcrumbList","@id":"https:\/\/www.parisheure.com\/acheter-montre\/rolex-explorer-i-ref-1016-mat-frog-from-1968\/#breadcrumb","itemListElement":[{"@type":"ListItem","position":1,"name":"Accueil","item":"https:\/\/www.parisheure.com\/"},{"@type":"ListItem","position":2,"name":"WATCHES","item":"https:\/\/www.parisheure.com\/"},{"@type":"ListItem","position":3,"name":"ROLEX EXPLORER I REF 1016 MAT FROG from 1968"}]},{"@type":"WebSite","@id":"https:\/\/www.parisheure.com\/#website","url":"https:\/\/www.parisheure.com\/","name":"PARIS HEURE","description":"Vintage watches Paris","publisher":{"@id":"https:\/\/www.parisheure.com\/#organization"},"potentialAction":[{"@type":"SearchAction","target":{"@type":"EntryPoint","urlTemplate":"https:\/\/www.parisheure.com\/?s={search_term_string}"},"query-input":{"@type":"PropertyValueSpecification","valueRequired":true,"valueName":"search_term_string"}}],"inLanguage":"en-US"},{"@type":"Organization","@id":"https:\/\/www.parisheure.com\/#organization","name":"PARIS HEURE","url":"https:\/\/www.parisheure.com\/","logo":{"@type":"ImageObject","inLanguage":"en-US","@id":"https:\/\/www.parisheure.com\/#\/schema\/logo\/image\/","url":"https:\/\/www.parisheure.com\/wp-content\/uploads\/2021\/07\/cropped-logo-paris-heure.png","contentUrl":"https:\/\/www.parisheure.com\/wp-content\/uploads\/2021\/07\/cropped-logo-paris-heure.png","width":512,"height":512,"caption":"PARIS HEURE"},"image":{"@id":"https:\/\/www.parisheure.com\/#\/schema\/logo\/image\/"},"sameAs":["https:\/\/www.facebook.com\/ParisHeure","https:\/\/www.instagram.com\/parisheure\/"]}]}},"jetpack_sharing_enabled":true,"brands":[{"id":432,"name":"Rolex","slug":"rolex"}],"_links":{"self":[{"href":"https:\/\/www.parisheure.com\/en\/wp-json\/wp\/v2\/product\/9892","targetHints":{"allow":["GET"]}}],"collection":[{"href":"https:\/\/www.parisheure.com\/en\/wp-json\/wp\/v2\/product"}],"about":[{"href":"https:\/\/www.parisheure.com\/en\/wp-json\/wp\/v2\/types\/product"}],"version-history":[{"count":1,"href":"https:\/\/www.parisheure.com\/en\/wp-json\/wp\/v2\/product\/9892\/revisions"}],"predecessor-version":[{"id":14186,"href":"https:\/\/www.parisheure.com\/en\/wp-json\/wp\/v2\/product\/9892\/revisions\/14186"}],"wp:featuredmedia":[{"embeddable":true,"href":"https:\/\/www.parisheure.com\/en\/wp-json\/wp\/v2\/media\/10093"}],"wp:attachment":[{"href":"https:\/\/www.parisheure.com\/en\/wp-json\/wp\/v2\/media?parent=9892"}],"wp:term":[{"taxonomy":"pwb-brand","embeddable":true,"href":"https:\/\/www.parisheure.com\/en\/wp-json\/wp\/v2\/pwb-brand?post=9892"},{"taxonomy":"product_brand","embeddable":true,"href":"https:\/\/www.parisheure.com\/en\/wp-json\/wp\/v2\/product_brand?post=9892"},{"taxonomy":"product_cat","embeddable":true,"href":"https:\/\/www.parisheure.com\/en\/wp-json\/wp\/v2\/product_cat?post=9892"},{"taxonomy":"product_tag","embeddable":true,"href":"https:\/\/www.parisheure.com\/en\/wp-json\/wp\/v2\/product_tag?post=9892"}],"curies":[{"name":"wp","href":"https:\/\/api.w.org\/{rel}","templated":true}]}}